{"id":311660,"date":"2025-12-31T04:17:00","date_gmt":"2025-12-31T03:17:00","guid":{"rendered":"http:\/\/theuncommonshop.ch\/produkt\/311660\/"},"modified":"2026-03-31T17:09:47","modified_gmt":"2026-03-31T15:09:47","slug":"gundam-card-game-dual-impact-gd02-booster-display-en-2","status":"publish","type":"product","link":"https:\/\/theuncommonshop.ch\/fr\/product\/gundam-card-game-dual-impact-gd02-booster-display-en-2\/","title":{"rendered":"Gundam Card Game &#8211; Dual Impact (GD02) &#8211; Booster Display"},"content":{"rendered":"<p>Pr\u00e9sente les personnages et les mobiles suits des s\u00e9ries qui font leurs d\u00e9buts sur GCG, notamment : Gundam X, Gundam AGE, Iron-Blooded Orphans et bien d&#8217;autres !\n<\/p>\n<p>Pour les collectionneurs et les joueurs\n<\/p>\n<p>Contient un grand choix de cartes avec des motifs alternatifs de diff\u00e9rents niveaux de raret\u00e9 &#8211; id\u00e9al pour les joueurs et les collectionneurs.\n<\/p>\n<p>1 Booster Packs = 12 cartes + 1 jeton\/ressource\n<\/p>\n<p>Raret\u00e9 des cartes\n<\/p>\n<li>  50 cartes ordinaires<\/li>\n<li>  36 cartes inhabituelles<\/li>\n<li>  32 cartes rares<\/li>\n<li>  12 cartes rares l\u00e9gendaires<\/li>\n<li>  3 pions<\/li>\n<li>  10 Ressources<\/li>\n<p>130+13 types de cartes (avec 47 cartes avec des motifs alternatifs parmi les types mentionn\u00e9s ci-dessus)<\/p>\n","protected":false},"excerpt":{"rendered":"<p>Pr\u00e9sente les personnages et les mobiles suits des s\u00e9ries qui font leurs d\u00e9buts sur GCG, notamment : Gundam X, Gundam<\/p>\n","protected":false},"featured_media":269969,"comment_status":"open","ping_status":"closed","template":"","meta":{"_acf_changed":false},"product_brand":[5100],"product_cat":[10287],"product_tag":[],"class_list":{"0":"post-311660","1":"product","2":"type-product","3":"status-publish","4":"has-post-thumbnail","6":"product_brand-bandai-tcg","7":"product_cat-gundam","9":"first","10":"instock","11":"taxable","12":"shipping-taxable","13":"purchasable","14":"product-type-variable"},"acf":[],"yoast_head":"<!-- This site is optimized with the Yoast SEO plugin v27.4 - https:\/\/yoast.com\/product\/yoast-seo-wordpress\/ -->\n<title>Ach\u00e8te Gundam Card Game - Dual Impact (GD02) - Booster Display<\/title>\n<meta name=\"description\" content=\"Ach\u00e8te Gundam Card Game - Dual Impact (GD02) - Booster Display en ligne maintenant \u00e0 petit prix! Ton #1 shop pour cartes TCG &amp; Pok\u00e9mon en Suisse \u2713 Livraison gratuite d\u00e8s CHF 29\" \/>\n<meta name=\"robots\" content=\"index, follow, max-snippet:-1, max-image-preview:large, max-video-preview:-1\" \/>\n<link rel=\"canonical\" href=\"https:\/\/theuncommonshop.ch\/fr\/product\/gundam-card-game-dual-impact-gd02-booster-display-en-2\/\" \/>\n<meta property=\"og:locale\" content=\"fr_FR\" \/>\n<meta property=\"og:type\" content=\"article\" \/>\n<meta property=\"og:title\" content=\"Ach\u00e8te Gundam Card Game - Dual Impact (GD02) - Booster Display\" \/>\n<meta property=\"og:description\" content=\"Ach\u00e8te Gundam Card Game - Dual Impact (GD02) - Booster Display en ligne maintenant \u00e0 petit prix! Ton #1 shop pour cartes TCG &amp; Pok\u00e9mon en Suisse \u2713 Livraison gratuite d\u00e8s CHF 29\" \/>\n<meta property=\"og:url\" content=\"https:\/\/theuncommonshop.ch\/fr\/product\/gundam-card-game-dual-impact-gd02-booster-display-en-2\/\" \/>\n<meta property=\"og:site_name\" content=\"Largest trading card shop in Switzerland\" \/>\n<meta property=\"article:modified_time\" content=\"2026-03-31T15:09:47+00:00\" \/>\n<meta property=\"og:image\" content=\"https:\/\/theuncommonshop.ch\/wp-content\/uploads\/2025\/12\/5311616998.jpg\" \/>\n\t<meta property=\"og:image:width\" content=\"387\" \/>\n\t<meta property=\"og:image:height\" content=\"387\" \/>\n\t<meta property=\"og:image:type\" content=\"image\/jpeg\" \/>\n<meta name=\"twitter:card\" content=\"summary_large_image\" \/>\n<meta name=\"twitter:label1\" content=\"Disponibilit\u00e9\" \/>\n\t<meta name=\"twitter:data1\" content=\"En stock\" \/>\n<script type=\"application\/ld+json\" class=\"yoast-schema-graph\">{\"@context\":\"https:\\\/\\\/schema.org\",\"@graph\":[{\"@type\":\"WebPage\",\"@id\":\"https:\\\/\\\/theuncommonshop.ch\\\/fr\\\/product\\\/gundam-card-game-dual-impact-gd02-booster-display-en-2\\\/\",\"url\":\"https:\\\/\\\/theuncommonshop.ch\\\/fr\\\/product\\\/gundam-card-game-dual-impact-gd02-booster-display-en-2\\\/\",\"name\":\"Ach\u00e8te Gundam Card Game - Dual Impact (GD02) - Booster Display\",\"isPartOf\":{\"@id\":\"https:\\\/\\\/theuncommonshop.ch\\\/#website\"},\"primaryImageOfPage\":{\"@id\":\"https:\\\/\\\/theuncommonshop.ch\\\/fr\\\/product\\\/gundam-card-game-dual-impact-gd02-booster-display-en-2\\\/#primaryimage\"},\"image\":{\"@id\":\"https:\\\/\\\/theuncommonshop.ch\\\/fr\\\/product\\\/gundam-card-game-dual-impact-gd02-booster-display-en-2\\\/#primaryimage\"},\"thumbnailUrl\":\"https:\\\/\\\/theuncommonshop.ch\\\/wp-content\\\/uploads\\\/2025\\\/12\\\/5311616998.jpg\",\"datePublished\":\"2025-12-31T03:17:00+00:00\",\"dateModified\":\"2026-03-31T15:09:47+00:00\",\"description\":\"Ach\u00e8te Gundam Card Game - Dual Impact (GD02) - Booster Display en ligne maintenant \u00e0 petit prix! Ton #1 shop pour cartes TCG & Pok\u00e9mon en Suisse \u2713 Livraison gratuite d\u00e8s CHF 29\",\"breadcrumb\":{\"@id\":\"https:\\\/\\\/theuncommonshop.ch\\\/fr\\\/product\\\/gundam-card-game-dual-impact-gd02-booster-display-en-2\\\/#breadcrumb\"},\"inLanguage\":\"fr-FR\",\"potentialAction\":[{\"@type\":\"ReadAction\",\"target\":[\"https:\\\/\\\/theuncommonshop.ch\\\/fr\\\/product\\\/gundam-card-game-dual-impact-gd02-booster-display-en-2\\\/\"]}]},{\"@type\":\"ImageObject\",\"inLanguage\":\"fr-FR\",\"@id\":\"https:\\\/\\\/theuncommonshop.ch\\\/fr\\\/product\\\/gundam-card-game-dual-impact-gd02-booster-display-en-2\\\/#primaryimage\",\"url\":\"https:\\\/\\\/theuncommonshop.ch\\\/wp-content\\\/uploads\\\/2025\\\/12\\\/5311616998.jpg\",\"contentUrl\":\"https:\\\/\\\/theuncommonshop.ch\\\/wp-content\\\/uploads\\\/2025\\\/12\\\/5311616998.jpg\",\"width\":387,\"height\":387},{\"@type\":\"BreadcrumbList\",\"@id\":\"https:\\\/\\\/theuncommonshop.ch\\\/fr\\\/product\\\/gundam-card-game-dual-impact-gd02-booster-display-en-2\\\/#breadcrumb\",\"itemListElement\":[{\"@type\":\"ListItem\",\"position\":1,\"name\":\"Accueil\",\"item\":\"https:\\\/\\\/theuncommonshop.ch\\\/fr\\\/accueil\\\/\"},{\"@type\":\"ListItem\",\"position\":2,\"name\":\"Boutique\",\"item\":\"https:\\\/\\\/theuncommonshop.ch\\\/fr\\\/boutique\\\/\"},{\"@type\":\"ListItem\",\"position\":3,\"name\":\"Autres cartes \u00e0 collectionner\",\"item\":\"https:\\\/\\\/theuncommonshop.ch\\\/fr\\\/categorie-produit\\\/autres-cartes-a-collectionner\\\/\"},{\"@type\":\"ListItem\",\"position\":4,\"name\":\"Gundam\",\"item\":\"https:\\\/\\\/theuncommonshop.ch\\\/fr\\\/categorie-produit\\\/autres-cartes-a-collectionner\\\/gundam\\\/\"},{\"@type\":\"ListItem\",\"position\":5,\"name\":\"Gundam Card Game &#8211; Dual Impact (GD02) &#8211; Booster Display\"}]},{\"@type\":\"WebSite\",\"@id\":\"https:\\\/\\\/theuncommonshop.ch\\\/#website\",\"url\":\"https:\\\/\\\/theuncommonshop.ch\\\/\",\"name\":\"Largest trading card shop in Switzerland\",\"description\":\"Magic, Pok\u00e9mon and Yu-gi-oh - The Uncommon Shop\",\"potentialAction\":[{\"@type\":\"SearchAction\",\"target\":{\"@type\":\"EntryPoint\",\"urlTemplate\":\"https:\\\/\\\/theuncommonshop.ch\\\/?s={search_term_string}\"},\"query-input\":{\"@type\":\"PropertyValueSpecification\",\"valueRequired\":true,\"valueName\":\"search_term_string\"}}],\"inLanguage\":\"fr-FR\"}]}<\/script>\n<meta property=\"og:availability\" content=\"instock\" \/>\n<meta property=\"product:availability\" content=\"instock\" \/>\n<meta property=\"product:retailer_item_id\" content=\"AL.SHOP.GundamGD02DisplayENG\" \/>\n<meta property=\"product:condition\" content=\"new\" \/>\n<!-- \/ Yoast SEO plugin. -->","yoast_head_json":{"title":"Ach\u00e8te Gundam Card Game - Dual Impact (GD02) - Booster Display","description":"Ach\u00e8te Gundam Card Game - Dual Impact (GD02) - Booster Display en ligne maintenant \u00e0 petit prix! Ton #1 shop pour cartes TCG & Pok\u00e9mon en Suisse \u2713 Livraison gratuite d\u00e8s CHF 29","robots":{"index":"index","follow":"follow","max-snippet":"max-snippet:-1","max-image-preview":"max-image-preview:large","max-video-preview":"max-video-preview:-1"},"canonical":"https:\/\/theuncommonshop.ch\/fr\/product\/gundam-card-game-dual-impact-gd02-booster-display-en-2\/","og_locale":"fr_FR","og_type":"article","og_title":"Ach\u00e8te Gundam Card Game - Dual Impact (GD02) - Booster Display","og_description":"Ach\u00e8te Gundam Card Game - Dual Impact (GD02) - Booster Display en ligne maintenant \u00e0 petit prix! Ton #1 shop pour cartes TCG & Pok\u00e9mon en Suisse \u2713 Livraison gratuite d\u00e8s CHF 29","og_url":"https:\/\/theuncommonshop.ch\/fr\/product\/gundam-card-game-dual-impact-gd02-booster-display-en-2\/","og_site_name":"Largest trading card shop in Switzerland","article_modified_time":"2026-03-31T15:09:47+00:00","og_image":[{"width":387,"height":387,"url":"https:\/\/theuncommonshop.ch\/wp-content\/uploads\/2025\/12\/5311616998.jpg","type":"image\/jpeg"}],"twitter_card":"summary_large_image","twitter_misc":{"Disponibilit\u00e9":"En stock"},"schema":{"@context":"https:\/\/schema.org","@graph":[{"@type":"WebPage","@id":"https:\/\/theuncommonshop.ch\/fr\/product\/gundam-card-game-dual-impact-gd02-booster-display-en-2\/","url":"https:\/\/theuncommonshop.ch\/fr\/product\/gundam-card-game-dual-impact-gd02-booster-display-en-2\/","name":"Ach\u00e8te Gundam Card Game - Dual Impact (GD02) - Booster Display","isPartOf":{"@id":"https:\/\/theuncommonshop.ch\/#website"},"primaryImageOfPage":{"@id":"https:\/\/theuncommonshop.ch\/fr\/product\/gundam-card-game-dual-impact-gd02-booster-display-en-2\/#primaryimage"},"image":{"@id":"https:\/\/theuncommonshop.ch\/fr\/product\/gundam-card-game-dual-impact-gd02-booster-display-en-2\/#primaryimage"},"thumbnailUrl":"https:\/\/theuncommonshop.ch\/wp-content\/uploads\/2025\/12\/5311616998.jpg","datePublished":"2025-12-31T03:17:00+00:00","dateModified":"2026-03-31T15:09:47+00:00","description":"Ach\u00e8te Gundam Card Game - Dual Impact (GD02) - Booster Display en ligne maintenant \u00e0 petit prix! Ton #1 shop pour cartes TCG & Pok\u00e9mon en Suisse \u2713 Livraison gratuite d\u00e8s CHF 29","breadcrumb":{"@id":"https:\/\/theuncommonshop.ch\/fr\/product\/gundam-card-game-dual-impact-gd02-booster-display-en-2\/#breadcrumb"},"inLanguage":"fr-FR","potentialAction":[{"@type":"ReadAction","target":["https:\/\/theuncommonshop.ch\/fr\/product\/gundam-card-game-dual-impact-gd02-booster-display-en-2\/"]}]},{"@type":"ImageObject","inLanguage":"fr-FR","@id":"https:\/\/theuncommonshop.ch\/fr\/product\/gundam-card-game-dual-impact-gd02-booster-display-en-2\/#primaryimage","url":"https:\/\/theuncommonshop.ch\/wp-content\/uploads\/2025\/12\/5311616998.jpg","contentUrl":"https:\/\/theuncommonshop.ch\/wp-content\/uploads\/2025\/12\/5311616998.jpg","width":387,"height":387},{"@type":"BreadcrumbList","@id":"https:\/\/theuncommonshop.ch\/fr\/product\/gundam-card-game-dual-impact-gd02-booster-display-en-2\/#breadcrumb","itemListElement":[{"@type":"ListItem","position":1,"name":"Accueil","item":"https:\/\/theuncommonshop.ch\/fr\/accueil\/"},{"@type":"ListItem","position":2,"name":"Boutique","item":"https:\/\/theuncommonshop.ch\/fr\/boutique\/"},{"@type":"ListItem","position":3,"name":"Autres cartes \u00e0 collectionner","item":"https:\/\/theuncommonshop.ch\/fr\/categorie-produit\/autres-cartes-a-collectionner\/"},{"@type":"ListItem","position":4,"name":"Gundam","item":"https:\/\/theuncommonshop.ch\/fr\/categorie-produit\/autres-cartes-a-collectionner\/gundam\/"},{"@type":"ListItem","position":5,"name":"Gundam Card Game &#8211; Dual Impact (GD02) &#8211; Booster Display"}]},{"@type":"WebSite","@id":"https:\/\/theuncommonshop.ch\/#website","url":"https:\/\/theuncommonshop.ch\/","name":"Largest trading card shop in Switzerland","description":"Magic, Pok\u00e9mon and Yu-gi-oh - The Uncommon Shop","potentialAction":[{"@type":"SearchAction","target":{"@type":"EntryPoint","urlTemplate":"https:\/\/theuncommonshop.ch\/?s={search_term_string}"},"query-input":{"@type":"PropertyValueSpecification","valueRequired":true,"valueName":"search_term_string"}}],"inLanguage":"fr-FR"}]},"og_availability":"instock","product_availability":"instock","product_retailer_item_id":"AL.SHOP.GundamGD02DisplayENG","product_condition":"new"},"_links":{"self":[{"href":"https:\/\/theuncommonshop.ch\/fr\/wp-json\/wp\/v2\/product\/311660","targetHints":{"allow":["GET"]}}],"collection":[{"href":"https:\/\/theuncommonshop.ch\/fr\/wp-json\/wp\/v2\/product"}],"about":[{"href":"https:\/\/theuncommonshop.ch\/fr\/wp-json\/wp\/v2\/types\/product"}],"replies":[{"embeddable":true,"href":"https:\/\/theuncommonshop.ch\/fr\/wp-json\/wp\/v2\/comments?post=311660"}],"version-history":[{"count":2,"href":"https:\/\/theuncommonshop.ch\/fr\/wp-json\/wp\/v2\/product\/311660\/revisions"}],"predecessor-version":[{"id":364307,"href":"https:\/\/theuncommonshop.ch\/fr\/wp-json\/wp\/v2\/product\/311660\/revisions\/364307"}],"wp:featuredmedia":[{"embeddable":true,"href":"https:\/\/theuncommonshop.ch\/fr\/wp-json\/wp\/v2\/media\/269969"}],"wp:attachment":[{"href":"https:\/\/theuncommonshop.ch\/fr\/wp-json\/wp\/v2\/media?parent=311660"}],"wp:term":[{"taxonomy":"product_brand","embeddable":true,"href":"https:\/\/theuncommonshop.ch\/fr\/wp-json\/wp\/v2\/product_brand?post=311660"},{"taxonomy":"product_cat","embeddable":true,"href":"https:\/\/theuncommonshop.ch\/fr\/wp-json\/wp\/v2\/product_cat?post=311660"},{"taxonomy":"product_tag","embeddable":true,"href":"https:\/\/theuncommonshop.ch\/fr\/wp-json\/wp\/v2\/product_tag?post=311660"}],"curies":[{"name":"wp","href":"https:\/\/api.w.org\/{rel}","templated":true}]}}