{"id":311611,"date":"2025-12-31T03:41:53","date_gmt":"2025-12-31T03:41:53","guid":{"rendered":"http:\/\/theuncommonshop.ch\/produkt\/311611\/"},"modified":"2026-03-29T21:48:43","modified_gmt":"2026-03-29T19:48:43","slug":"digimon-card-game-digimon-data-squad-st-24-starter-deck-en-2","status":"publish","type":"product","link":"https:\/\/theuncommonshop.ch\/fr\/product\/digimon-card-game-digimon-data-squad-st-24-starter-deck-en-2\/","title":{"rendered":"Card Game Digimon &#8211; Data Squad Digimon (ST-24) &#8211; Starter Deck &#8211; EN"},"content":{"rendered":"<p>Un deck de d\u00e9marrage bas\u00e9 sur l&#8217;Anime &#8220;DIGIMON DATA SQUAD&#8221;, qui f\u00eatera bient\u00f4t ses 20 ans ! Les membres de &#8220;DATS&#8221; se rassemblent ! <\/p>\n<p>De nombreux Digimon populaires de l&#8217;Anime &#8220;DIGIMON DATA SQUAD&#8221;, appr\u00e9ci\u00e9 depuis longtemps, sont inclus, \u00e0 commencer par ShineGreymon !<\/p>\n<p>Les membres du groupe &#8220;DATS&#8221;, qui joue un r\u00f4le actif dans l&#8217;Anime, sont rassembl\u00e9s dans ce deck de d\u00e9marrage pour qu&#8217;une nouvelle bataille puisse se d\u00e9rouler !<\/p>\n<p>Une nouvelle m\u00e9canique de jeu appel\u00e9e &#8220;Dual Cards&#8221; r\u00e9volutionne le jeu de cartes Digimon !<\/p>\n<p>Cela fait environ deux ans que la derni\u00e8re m\u00e9canique de jeu &#8220;ACE&#8221; a \u00e9t\u00e9 introduite. Maintenant que le jeu de cartes Digimon entre dans sa sixi\u00e8me ann\u00e9e, &#8220;Dual Cards&#8221; arrive et lance une r\u00e9volution ! <\/p>\n<p>Certaines cartes du deck peuvent avoir un design sp\u00e9cial !<\/p>\n<p>La chance est la m\u00eame que pour les cartes \u00e0 faible taux de tirage dans les Boosters, mais la carte &#8220;Agumon&#8221; de ST-24 a une version de conception alternative que vous pouvez obtenir avec un peu de chance.<\/p>\n<p>Chaque deck contient les 6 types de cartes polyvalentes &#8220;Memory Boost&#8221; !<\/p>\n<p>Chaque deck contient un ensemble de 6 types de cartes &#8220;Booster de m\u00e9moire&#8221; qui peuvent \u00eatre utiles dans presque tous les decks. Renforcez une grande vari\u00e9t\u00e9 de decks avec ces cartes bicolores &#8220;Memory Boost&#8221; !<\/p>\n<p>Raret\u00e9s<\/p>\n<p>Pont pr\u00e9construit x1<\/p>\n<p>(54 cartes)<\/p>\n<p>Fr\u00e9quent : 5<\/p>\n<p>Insolite : 5<\/p>\n<p>Rare : 3<\/p>\n<p>Super rare : 2<\/p>\n<p>Cartes promotionnelles : 6<\/p>\n<p>21 types de cartes<\/p>\n","protected":false},"excerpt":{"rendered":"<p>Un deck de d\u00e9marrage bas\u00e9 sur l&#8217;Anime &#8220;DIGIMON DATA SQUAD&#8221;, qui f\u00eatera bient\u00f4t ses 20 ans ! Les membres de<\/p>\n","protected":false},"featured_media":270720,"comment_status":"open","ping_status":"closed","template":"","meta":{"_acf_changed":false},"product_brand":[5100,5162],"product_cat":[9785,10017,9789,10013],"product_tag":[],"class_list":{"0":"post-311611","1":"product","2":"type-product","3":"status-publish","4":"has-post-thumbnail","6":"product_brand-bandai-tcg","7":"product_brand-digimon-card-game","8":"product_cat-autres-cartes-a-collectionner","9":"product_cat-decks-digimon","10":"product_cat-digimon-fr","11":"product_cat-precommande-digimon","13":"first","14":"instock","15":"taxable","16":"shipping-taxable","17":"purchasable","18":"product-type-variable"},"acf":[],"yoast_head":"<!-- This site is optimized with the Yoast SEO plugin v27.3 - https:\/\/yoast.com\/product\/yoast-seo-wordpress\/ -->\n<title>Ach\u00e8te Card Game Digimon - Data Squad Digimon (ST-24) - Starter Deck - EN<\/title>\n<meta name=\"description\" content=\"Ach\u00e8te Card Game Digimon - Data Squad Digimon (ST-24) - Starter Deck - EN en ligne maintenant \u00e0 petit prix! Ton #1 shop pour cartes TCG &amp; Pok\u00e9mon en Suisse \u2713 Livraison gratuite d\u00e8s CHF 29\" \/>\n<meta name=\"robots\" content=\"index, follow, max-snippet:-1, max-image-preview:large, max-video-preview:-1\" \/>\n<link rel=\"canonical\" href=\"https:\/\/theuncommonshop.ch\/fr\/product\/digimon-card-game-digimon-data-squad-st-24-starter-deck-en-2\/\" \/>\n<meta property=\"og:locale\" content=\"fr_FR\" \/>\n<meta property=\"og:type\" content=\"article\" \/>\n<meta property=\"og:title\" content=\"Ach\u00e8te Card Game Digimon - Data Squad Digimon (ST-24) - Starter Deck - EN\" \/>\n<meta property=\"og:description\" content=\"Ach\u00e8te Card Game Digimon - Data Squad Digimon (ST-24) - Starter Deck - EN en ligne maintenant \u00e0 petit prix! Ton #1 shop pour cartes TCG &amp; Pok\u00e9mon en Suisse \u2713 Livraison gratuite d\u00e8s CHF 29\" \/>\n<meta property=\"og:url\" content=\"https:\/\/theuncommonshop.ch\/fr\/product\/digimon-card-game-digimon-data-squad-st-24-starter-deck-en-2\/\" \/>\n<meta property=\"og:site_name\" content=\"Largest trading card shop in Switzerland\" \/>\n<meta property=\"article:modified_time\" content=\"2026-03-29T19:48:43+00:00\" \/>\n<meta property=\"og:image\" content=\"https:\/\/theuncommonshop.ch\/wp-content\/uploads\/2025\/12\/5346948826.jpg\" \/>\n\t<meta property=\"og:image:width\" content=\"400\" \/>\n\t<meta property=\"og:image:height\" content=\"400\" \/>\n\t<meta property=\"og:image:type\" content=\"image\/jpeg\" \/>\n<meta name=\"twitter:card\" content=\"summary_large_image\" \/>\n<meta name=\"twitter:label1\" content=\"Disponibilit\u00e9\" \/>\n\t<meta name=\"twitter:data1\" content=\"En stock\" \/>\n<script type=\"application\/ld+json\" class=\"yoast-schema-graph\">{\"@context\":\"https:\\\/\\\/schema.org\",\"@graph\":[{\"@type\":\"WebPage\",\"@id\":\"https:\\\/\\\/theuncommonshop.ch\\\/fr\\\/product\\\/digimon-card-game-digimon-data-squad-st-24-starter-deck-en-2\\\/\",\"url\":\"https:\\\/\\\/theuncommonshop.ch\\\/fr\\\/product\\\/digimon-card-game-digimon-data-squad-st-24-starter-deck-en-2\\\/\",\"name\":\"Ach\u00e8te Card Game Digimon - Data Squad Digimon (ST-24) - Starter Deck - EN\",\"isPartOf\":{\"@id\":\"https:\\\/\\\/theuncommonshop.ch\\\/fr\\\/#website\"},\"primaryImageOfPage\":{\"@id\":\"https:\\\/\\\/theuncommonshop.ch\\\/fr\\\/product\\\/digimon-card-game-digimon-data-squad-st-24-starter-deck-en-2\\\/#primaryimage\"},\"image\":{\"@id\":\"https:\\\/\\\/theuncommonshop.ch\\\/fr\\\/product\\\/digimon-card-game-digimon-data-squad-st-24-starter-deck-en-2\\\/#primaryimage\"},\"thumbnailUrl\":\"https:\\\/\\\/theuncommonshop.ch\\\/wp-content\\\/uploads\\\/2025\\\/12\\\/5346948826.jpg\",\"datePublished\":\"2025-12-31T03:41:53+00:00\",\"dateModified\":\"2026-03-29T19:48:43+00:00\",\"description\":\"Ach\u00e8te Card Game Digimon - Data Squad Digimon (ST-24) - Starter Deck - EN en ligne maintenant \u00e0 petit prix! Ton #1 shop pour cartes TCG & Pok\u00e9mon en Suisse \u2713 Livraison gratuite d\u00e8s CHF 29\",\"breadcrumb\":{\"@id\":\"https:\\\/\\\/theuncommonshop.ch\\\/fr\\\/product\\\/digimon-card-game-digimon-data-squad-st-24-starter-deck-en-2\\\/#breadcrumb\"},\"inLanguage\":\"fr-FR\",\"potentialAction\":[{\"@type\":\"ReadAction\",\"target\":[\"https:\\\/\\\/theuncommonshop.ch\\\/fr\\\/product\\\/digimon-card-game-digimon-data-squad-st-24-starter-deck-en-2\\\/\"]}]},{\"@type\":\"ImageObject\",\"inLanguage\":\"fr-FR\",\"@id\":\"https:\\\/\\\/theuncommonshop.ch\\\/fr\\\/product\\\/digimon-card-game-digimon-data-squad-st-24-starter-deck-en-2\\\/#primaryimage\",\"url\":\"https:\\\/\\\/theuncommonshop.ch\\\/wp-content\\\/uploads\\\/2025\\\/12\\\/5346948826.jpg\",\"contentUrl\":\"https:\\\/\\\/theuncommonshop.ch\\\/wp-content\\\/uploads\\\/2025\\\/12\\\/5346948826.jpg\",\"width\":400,\"height\":400},{\"@type\":\"BreadcrumbList\",\"@id\":\"https:\\\/\\\/theuncommonshop.ch\\\/fr\\\/product\\\/digimon-card-game-digimon-data-squad-st-24-starter-deck-en-2\\\/#breadcrumb\",\"itemListElement\":[{\"@type\":\"ListItem\",\"position\":1,\"name\":\"Accueil\",\"item\":\"https:\\\/\\\/theuncommonshop.ch\\\/fr\\\/accueil\\\/\"},{\"@type\":\"ListItem\",\"position\":2,\"name\":\"Boutique\",\"item\":\"https:\\\/\\\/theuncommonshop.ch\\\/fr\\\/boutique\\\/\"},{\"@type\":\"ListItem\",\"position\":3,\"name\":\"Autres cartes \u00e0 collectionner\",\"item\":\"https:\\\/\\\/theuncommonshop.ch\\\/fr\\\/categorie-produit\\\/autres-cartes-a-collectionner\\\/\"},{\"@type\":\"ListItem\",\"position\":4,\"name\":\"Digimon\",\"item\":\"https:\\\/\\\/theuncommonshop.ch\\\/fr\\\/categorie-produit\\\/autres-cartes-a-collectionner\\\/digimon-fr\\\/\"},{\"@type\":\"ListItem\",\"position\":5,\"name\":\"Decks\",\"item\":\"https:\\\/\\\/theuncommonshop.ch\\\/fr\\\/categorie-produit\\\/autres-cartes-a-collectionner\\\/digimon-fr\\\/decks-digimon\\\/\"},{\"@type\":\"ListItem\",\"position\":6,\"name\":\"Card Game Digimon &#8211; Data Squad Digimon (ST-24) &#8211; Starter Deck &#8211; EN\"}]},{\"@type\":\"WebSite\",\"@id\":\"https:\\\/\\\/theuncommonshop.ch\\\/fr\\\/#website\",\"url\":\"https:\\\/\\\/theuncommonshop.ch\\\/fr\\\/\",\"name\":\"Largest trading card shop in Switzerland\",\"description\":\"Magic, Pok\u00e9mon and Yu-gi-oh - The Uncommon Shop\",\"potentialAction\":[{\"@type\":\"SearchAction\",\"target\":{\"@type\":\"EntryPoint\",\"urlTemplate\":\"https:\\\/\\\/theuncommonshop.ch\\\/fr\\\/?s={search_term_string}\"},\"query-input\":{\"@type\":\"PropertyValueSpecification\",\"valueRequired\":true,\"valueName\":\"search_term_string\"}}],\"inLanguage\":\"fr-FR\"}]}<\/script>\n<meta property=\"og:availability\" content=\"instock\" \/>\n<meta property=\"product:availability\" content=\"instock\" \/>\n<meta property=\"product:retailer_item_id\" content=\"PRE.DigimonDataSquadDeckST24EN\" \/>\n<meta property=\"product:condition\" content=\"new\" \/>\n<!-- \/ Yoast SEO plugin. -->","yoast_head_json":{"title":"Ach\u00e8te Card Game Digimon - Data Squad Digimon (ST-24) - Starter Deck - EN","description":"Ach\u00e8te Card Game Digimon - Data Squad Digimon (ST-24) - Starter Deck - EN en ligne maintenant \u00e0 petit prix! Ton #1 shop pour cartes TCG & Pok\u00e9mon en Suisse \u2713 Livraison gratuite d\u00e8s CHF 29","robots":{"index":"index","follow":"follow","max-snippet":"max-snippet:-1","max-image-preview":"max-image-preview:large","max-video-preview":"max-video-preview:-1"},"canonical":"https:\/\/theuncommonshop.ch\/fr\/product\/digimon-card-game-digimon-data-squad-st-24-starter-deck-en-2\/","og_locale":"fr_FR","og_type":"article","og_title":"Ach\u00e8te Card Game Digimon - Data Squad Digimon (ST-24) - Starter Deck - EN","og_description":"Ach\u00e8te Card Game Digimon - Data Squad Digimon (ST-24) - Starter Deck - EN en ligne maintenant \u00e0 petit prix! Ton #1 shop pour cartes TCG & Pok\u00e9mon en Suisse \u2713 Livraison gratuite d\u00e8s CHF 29","og_url":"https:\/\/theuncommonshop.ch\/fr\/product\/digimon-card-game-digimon-data-squad-st-24-starter-deck-en-2\/","og_site_name":"Largest trading card shop in Switzerland","article_modified_time":"2026-03-29T19:48:43+00:00","og_image":[{"width":400,"height":400,"url":"https:\/\/theuncommonshop.ch\/wp-content\/uploads\/2025\/12\/5346948826.jpg","type":"image\/jpeg"}],"twitter_card":"summary_large_image","twitter_misc":{"Disponibilit\u00e9":"En stock"},"schema":{"@context":"https:\/\/schema.org","@graph":[{"@type":"WebPage","@id":"https:\/\/theuncommonshop.ch\/fr\/product\/digimon-card-game-digimon-data-squad-st-24-starter-deck-en-2\/","url":"https:\/\/theuncommonshop.ch\/fr\/product\/digimon-card-game-digimon-data-squad-st-24-starter-deck-en-2\/","name":"Ach\u00e8te Card Game Digimon - Data Squad Digimon (ST-24) - Starter Deck - EN","isPartOf":{"@id":"https:\/\/theuncommonshop.ch\/fr\/#website"},"primaryImageOfPage":{"@id":"https:\/\/theuncommonshop.ch\/fr\/product\/digimon-card-game-digimon-data-squad-st-24-starter-deck-en-2\/#primaryimage"},"image":{"@id":"https:\/\/theuncommonshop.ch\/fr\/product\/digimon-card-game-digimon-data-squad-st-24-starter-deck-en-2\/#primaryimage"},"thumbnailUrl":"https:\/\/theuncommonshop.ch\/wp-content\/uploads\/2025\/12\/5346948826.jpg","datePublished":"2025-12-31T03:41:53+00:00","dateModified":"2026-03-29T19:48:43+00:00","description":"Ach\u00e8te Card Game Digimon - Data Squad Digimon (ST-24) - Starter Deck - EN en ligne maintenant \u00e0 petit prix! Ton #1 shop pour cartes TCG & Pok\u00e9mon en Suisse \u2713 Livraison gratuite d\u00e8s CHF 29","breadcrumb":{"@id":"https:\/\/theuncommonshop.ch\/fr\/product\/digimon-card-game-digimon-data-squad-st-24-starter-deck-en-2\/#breadcrumb"},"inLanguage":"fr-FR","potentialAction":[{"@type":"ReadAction","target":["https:\/\/theuncommonshop.ch\/fr\/product\/digimon-card-game-digimon-data-squad-st-24-starter-deck-en-2\/"]}]},{"@type":"ImageObject","inLanguage":"fr-FR","@id":"https:\/\/theuncommonshop.ch\/fr\/product\/digimon-card-game-digimon-data-squad-st-24-starter-deck-en-2\/#primaryimage","url":"https:\/\/theuncommonshop.ch\/wp-content\/uploads\/2025\/12\/5346948826.jpg","contentUrl":"https:\/\/theuncommonshop.ch\/wp-content\/uploads\/2025\/12\/5346948826.jpg","width":400,"height":400},{"@type":"BreadcrumbList","@id":"https:\/\/theuncommonshop.ch\/fr\/product\/digimon-card-game-digimon-data-squad-st-24-starter-deck-en-2\/#breadcrumb","itemListElement":[{"@type":"ListItem","position":1,"name":"Accueil","item":"https:\/\/theuncommonshop.ch\/fr\/accueil\/"},{"@type":"ListItem","position":2,"name":"Boutique","item":"https:\/\/theuncommonshop.ch\/fr\/boutique\/"},{"@type":"ListItem","position":3,"name":"Autres cartes \u00e0 collectionner","item":"https:\/\/theuncommonshop.ch\/fr\/categorie-produit\/autres-cartes-a-collectionner\/"},{"@type":"ListItem","position":4,"name":"Digimon","item":"https:\/\/theuncommonshop.ch\/fr\/categorie-produit\/autres-cartes-a-collectionner\/digimon-fr\/"},{"@type":"ListItem","position":5,"name":"Decks","item":"https:\/\/theuncommonshop.ch\/fr\/categorie-produit\/autres-cartes-a-collectionner\/digimon-fr\/decks-digimon\/"},{"@type":"ListItem","position":6,"name":"Card Game Digimon &#8211; Data Squad Digimon (ST-24) &#8211; Starter Deck &#8211; EN"}]},{"@type":"WebSite","@id":"https:\/\/theuncommonshop.ch\/fr\/#website","url":"https:\/\/theuncommonshop.ch\/fr\/","name":"Largest trading card shop in Switzerland","description":"Magic, Pok\u00e9mon and Yu-gi-oh - The Uncommon Shop","potentialAction":[{"@type":"SearchAction","target":{"@type":"EntryPoint","urlTemplate":"https:\/\/theuncommonshop.ch\/fr\/?s={search_term_string}"},"query-input":{"@type":"PropertyValueSpecification","valueRequired":true,"valueName":"search_term_string"}}],"inLanguage":"fr-FR"}]},"og_availability":"instock","product_availability":"instock","product_retailer_item_id":"PRE.DigimonDataSquadDeckST24EN","product_condition":"new"},"_links":{"self":[{"href":"https:\/\/theuncommonshop.ch\/fr\/wp-json\/wp\/v2\/product\/311611","targetHints":{"allow":["GET"]}}],"collection":[{"href":"https:\/\/theuncommonshop.ch\/fr\/wp-json\/wp\/v2\/product"}],"about":[{"href":"https:\/\/theuncommonshop.ch\/fr\/wp-json\/wp\/v2\/types\/product"}],"replies":[{"embeddable":true,"href":"https:\/\/theuncommonshop.ch\/fr\/wp-json\/wp\/v2\/comments?post=311611"}],"version-history":[{"count":3,"href":"https:\/\/theuncommonshop.ch\/fr\/wp-json\/wp\/v2\/product\/311611\/revisions"}],"predecessor-version":[{"id":361498,"href":"https:\/\/theuncommonshop.ch\/fr\/wp-json\/wp\/v2\/product\/311611\/revisions\/361498"}],"wp:featuredmedia":[{"embeddable":true,"href":"https:\/\/theuncommonshop.ch\/fr\/wp-json\/wp\/v2\/media\/270720"}],"wp:attachment":[{"href":"https:\/\/theuncommonshop.ch\/fr\/wp-json\/wp\/v2\/media?parent=311611"}],"wp:term":[{"taxonomy":"product_brand","embeddable":true,"href":"https:\/\/theuncommonshop.ch\/fr\/wp-json\/wp\/v2\/product_brand?post=311611"},{"taxonomy":"product_cat","embeddable":true,"href":"https:\/\/theuncommonshop.ch\/fr\/wp-json\/wp\/v2\/product_cat?post=311611"},{"taxonomy":"product_tag","embeddable":true,"href":"https:\/\/theuncommonshop.ch\/fr\/wp-json\/wp\/v2\/product_tag?post=311611"}],"curies":[{"name":"wp","href":"https:\/\/api.w.org\/{rel}","templated":true}]}}