{"id":311610,"date":"2025-12-31T03:36:00","date_gmt":"2025-12-31T02:36:00","guid":{"rendered":"http:\/\/theuncommonshop.ch\/produkt\/311610\/"},"modified":"2026-03-08T20:08:37","modified_gmt":"2026-03-08T19:08:37","slug":"ultra-pro-12-pocket-elite-zippered-pro-binder-gengar-3","status":"publish","type":"product","link":"https:\/\/theuncommonshop.ch\/fr\/product\/ultra-pro-12-pocket-elite-zippered-pro-binder-gengar-3\/","title":{"rendered":"Ultra Pro &#8211; 12-Pocket Elite Zippered Pro Binder &#8211; Gengar"},"content":{"rendered":"<p>Les classeurs PRO \u00e0 12 compartiments et \u00e0 fermeture \u00e9clair pour Pok\u00e9mon repr\u00e9sentent Gengar et sont con\u00e7us pour collecter et classer vos jeux de cartes \u00e0 collectionner pr\u00e9f\u00e9r\u00e9s. Chaque classeur est dot\u00e9 d&#8217;une couverture en similicuir rembourr\u00e9e avec des d\u00e9corations en film plastique et d&#8217;une fermeture \u00e0 glissi\u00e8re. Une fois le classeur ouvert, vous trouverez vingt pages de 12 compartiments de la taille d&#8217;une carte \u00e0 collectionner standard dans des pochettes \u00e0 remplissage lat\u00e9ral qui vous permettront de ranger jusqu&#8217;\u00e0 480 cartes dans des pochettes Ultra PRO Deck Protector\u00ae. Les c\u00f4t\u00e9s ont un dos noir \u00e0 faible friction qui cr\u00e9e une s\u00e9paration entre les pochettes avant et arri\u00e8re et donne aux cartes un aspect encadr\u00e9 classique. Chaque classeur PRO est fabriqu\u00e9 \u00e0 partir de mat\u00e9riaux sans acide et sans PVC pour garantir la protection et la pr\u00e9servation de vos cartes.    <\/p>\n<p>Pok\u00e9mon Trading Card Game sous licence officielle 12-Pocket Zippered PRO-Binder avec Gengar<\/p>\n<p>Couverture en similicuir rembourr\u00e9e avec d\u00e9corations en feuille de spot et fermeture \u00e0 glissi\u00e8re<\/p>\n<p>Peut contenir jusqu&#8217;\u00e0 480 cartes dans des pochettes lat\u00e9rales.<\/p>\n<p>Patte de fermeture \u00e0 glissi\u00e8re avec le symbole de l&#8217;\u00e9nergie psychique<\/p>\n<p>Fabriqu\u00e9 \u00e0 partir de mat\u00e9riaux sans acide et sans PVC pour une protection de premier ordre<\/p>\n","protected":false},"excerpt":{"rendered":"<p>Les classeurs PRO \u00e0 12 compartiments et \u00e0 fermeture \u00e9clair pour Pok\u00e9mon repr\u00e9sentent Gengar et sont con\u00e7us pour collecter et<\/p>\n","protected":false},"featured_media":268626,"comment_status":"open","ping_status":"closed","template":"","meta":{"_acf_changed":false},"product_brand":[5114,5072,5098],"product_cat":[9833,9859,9863,9777,10317,10031],"product_tag":[],"class_list":{"0":"post-311610","1":"product","2":"type-product","3":"status-publish","4":"has-post-thumbnail","6":"product_brand-pokemon","7":"product_brand-the-pokemon-company","8":"product_brand-ultra-pro","9":"product_cat-accessoires-pour-cartes-pokemon","10":"product_cat-accessoires-tcg","11":"product_cat-binder-fr","12":"product_cat-pokemon-fr","13":"product_cat-pokemon-binder-fr","14":"product_cat-tous-les-binder","16":"first","17":"outofstock","18":"taxable","19":"shipping-taxable","20":"purchasable","21":"product-type-simple"},"acf":[],"yoast_head":"<!-- This site is optimized with the Yoast SEO plugin v27.5 - https:\/\/yoast.com\/product\/yoast-seo-wordpress\/ -->\n<title>Ach\u00e8te Ultra Pro - 12-Pocket Elite Zippered Pro Binder - Gengar<\/title>\n<meta name=\"description\" content=\"Ach\u00e8te Ultra Pro - 12-Pocket Elite Zippered Pro Binder - Gengar en ligne maintenant \u00e0 petit prix! Ton #1 shop pour cartes TCG &amp; Pok\u00e9mon en Suisse \u2713 Livraison gratuite d\u00e8s CHF 29\" \/>\n<meta name=\"robots\" content=\"index, follow, max-snippet:-1, max-image-preview:large, max-video-preview:-1\" \/>\n<link rel=\"canonical\" href=\"https:\/\/theuncommonshop.ch\/fr\/product\/ultra-pro-12-pocket-elite-zippered-pro-binder-gengar-3\/\" \/>\n<meta property=\"og:locale\" content=\"fr_FR\" \/>\n<meta property=\"og:type\" content=\"article\" \/>\n<meta property=\"og:title\" content=\"Ach\u00e8te Ultra Pro - 12-Pocket Elite Zippered Pro Binder - Gengar\" \/>\n<meta property=\"og:description\" content=\"Ach\u00e8te Ultra Pro - 12-Pocket Elite Zippered Pro Binder - Gengar en ligne maintenant \u00e0 petit prix! Ton #1 shop pour cartes TCG &amp; Pok\u00e9mon en Suisse \u2713 Livraison gratuite d\u00e8s CHF 29\" \/>\n<meta property=\"og:url\" content=\"https:\/\/theuncommonshop.ch\/fr\/product\/ultra-pro-12-pocket-elite-zippered-pro-binder-gengar-3\/\" \/>\n<meta property=\"og:site_name\" content=\"The Uncommon Shop\" \/>\n<meta property=\"article:modified_time\" content=\"2026-03-08T19:08:37+00:00\" \/>\n<meta property=\"og:image\" content=\"https:\/\/theuncommonshop.ch\/wp-content\/uploads\/2025\/12\/5291542697.webp\" \/>\n\t<meta property=\"og:image:width\" content=\"800\" \/>\n\t<meta property=\"og:image:height\" content=\"800\" \/>\n\t<meta property=\"og:image:type\" content=\"image\/webp\" \/>\n<meta name=\"twitter:card\" content=\"summary_large_image\" \/>\n<meta name=\"twitter:label1\" content=\"Prix\" \/>\n\t<meta name=\"twitter:data1\" content=\"&#067;&#072;&#070;&nbsp;44.95\" \/>\n\t<meta name=\"twitter:label2\" content=\"Disponibilit\u00e9\" \/>\n\t<meta name=\"twitter:data2\" content=\"Rupture de stock\" \/>\n<script type=\"application\/ld+json\" class=\"yoast-schema-graph\">{\"@context\":\"https:\\\/\\\/schema.org\",\"@graph\":[{\"@type\":\"WebPage\",\"@id\":\"https:\\\/\\\/theuncommonshop.ch\\\/fr\\\/product\\\/ultra-pro-12-pocket-elite-zippered-pro-binder-gengar-3\\\/\",\"url\":\"https:\\\/\\\/theuncommonshop.ch\\\/fr\\\/product\\\/ultra-pro-12-pocket-elite-zippered-pro-binder-gengar-3\\\/\",\"name\":\"Ach\u00e8te Ultra Pro - 12-Pocket Elite Zippered Pro Binder - Gengar\",\"isPartOf\":{\"@id\":\"https:\\\/\\\/theuncommonshop.ch\\\/fr\\\/#website\"},\"primaryImageOfPage\":{\"@id\":\"https:\\\/\\\/theuncommonshop.ch\\\/fr\\\/product\\\/ultra-pro-12-pocket-elite-zippered-pro-binder-gengar-3\\\/#primaryimage\"},\"image\":{\"@id\":\"https:\\\/\\\/theuncommonshop.ch\\\/fr\\\/product\\\/ultra-pro-12-pocket-elite-zippered-pro-binder-gengar-3\\\/#primaryimage\"},\"thumbnailUrl\":\"https:\\\/\\\/theuncommonshop.ch\\\/wp-content\\\/uploads\\\/2025\\\/12\\\/5291542697.webp\",\"datePublished\":\"2025-12-31T02:36:00+00:00\",\"dateModified\":\"2026-03-08T19:08:37+00:00\",\"description\":\"Ach\u00e8te Ultra Pro - 12-Pocket Elite Zippered Pro Binder - Gengar en ligne maintenant \u00e0 petit prix! Ton #1 shop pour cartes TCG & Pok\u00e9mon en Suisse \u2713 Livraison gratuite d\u00e8s CHF 29\",\"breadcrumb\":{\"@id\":\"https:\\\/\\\/theuncommonshop.ch\\\/fr\\\/product\\\/ultra-pro-12-pocket-elite-zippered-pro-binder-gengar-3\\\/#breadcrumb\"},\"inLanguage\":\"fr-FR\",\"potentialAction\":[{\"@type\":\"ReadAction\",\"target\":[\"https:\\\/\\\/theuncommonshop.ch\\\/fr\\\/product\\\/ultra-pro-12-pocket-elite-zippered-pro-binder-gengar-3\\\/\"]}]},{\"@type\":\"ImageObject\",\"inLanguage\":\"fr-FR\",\"@id\":\"https:\\\/\\\/theuncommonshop.ch\\\/fr\\\/product\\\/ultra-pro-12-pocket-elite-zippered-pro-binder-gengar-3\\\/#primaryimage\",\"url\":\"https:\\\/\\\/theuncommonshop.ch\\\/wp-content\\\/uploads\\\/2025\\\/12\\\/5291542697.webp\",\"contentUrl\":\"https:\\\/\\\/theuncommonshop.ch\\\/wp-content\\\/uploads\\\/2025\\\/12\\\/5291542697.webp\",\"width\":800,\"height\":800},{\"@type\":\"BreadcrumbList\",\"@id\":\"https:\\\/\\\/theuncommonshop.ch\\\/fr\\\/product\\\/ultra-pro-12-pocket-elite-zippered-pro-binder-gengar-3\\\/#breadcrumb\",\"itemListElement\":[{\"@type\":\"ListItem\",\"position\":1,\"name\":\"Accueil\",\"item\":\"https:\\\/\\\/theuncommonshop.ch\\\/fr\\\/accueil\\\/\"},{\"@type\":\"ListItem\",\"position\":2,\"name\":\"Boutique\",\"item\":\"https:\\\/\\\/theuncommonshop.ch\\\/fr\\\/boutique\\\/\"},{\"@type\":\"ListItem\",\"position\":3,\"name\":\"Accessoires TCG\",\"item\":\"https:\\\/\\\/theuncommonshop.ch\\\/fr\\\/categorie-produit\\\/accessoires-tcg\\\/\"},{\"@type\":\"ListItem\",\"position\":4,\"name\":\"Binder\",\"item\":\"https:\\\/\\\/theuncommonshop.ch\\\/fr\\\/categorie-produit\\\/accessoires-tcg\\\/binder-fr\\\/\"},{\"@type\":\"ListItem\",\"position\":5,\"name\":\"Tous les Binder\",\"item\":\"https:\\\/\\\/theuncommonshop.ch\\\/fr\\\/categorie-produit\\\/accessoires-tcg\\\/binder-fr\\\/tous-les-binder\\\/\"},{\"@type\":\"ListItem\",\"position\":6,\"name\":\"Ultra Pro &#8211; 12-Pocket Elite Zippered Pro Binder &#8211; Gengar\"}]},{\"@type\":\"WebSite\",\"@id\":\"https:\\\/\\\/theuncommonshop.ch\\\/fr\\\/#website\",\"url\":\"https:\\\/\\\/theuncommonshop.ch\\\/fr\\\/\",\"name\":\"The Uncommon Shop\",\"description\":\"Magic, Pok\u00e9mon and Yu-gi-oh - The Uncommon Shop\",\"potentialAction\":[{\"@type\":\"SearchAction\",\"target\":{\"@type\":\"EntryPoint\",\"urlTemplate\":\"https:\\\/\\\/theuncommonshop.ch\\\/fr\\\/?s={search_term_string}\"},\"query-input\":{\"@type\":\"PropertyValueSpecification\",\"valueRequired\":true,\"valueName\":\"search_term_string\"}}],\"inLanguage\":\"fr-FR\"}]}<\/script>\n<meta property=\"product:price:amount\" content=\"44.95\" \/>\n<meta property=\"product:price:currency\" content=\"CHF\" \/>\n<meta property=\"og:availability\" content=\"out of stock\" \/>\n<meta property=\"product:availability\" content=\"out of stock\" \/>\n<meta property=\"product:retailer_item_id\" content=\"XIX.D.UpGengarBinder12Pocket480\" \/>\n<meta property=\"product:condition\" content=\"new\" \/>\n<!-- \/ Yoast SEO plugin. -->","yoast_head_json":{"title":"Ach\u00e8te Ultra Pro - 12-Pocket Elite Zippered Pro Binder - Gengar","description":"Ach\u00e8te Ultra Pro - 12-Pocket Elite Zippered Pro Binder - Gengar en ligne maintenant \u00e0 petit prix! Ton #1 shop pour cartes TCG & Pok\u00e9mon en Suisse \u2713 Livraison gratuite d\u00e8s CHF 29","robots":{"index":"index","follow":"follow","max-snippet":"max-snippet:-1","max-image-preview":"max-image-preview:large","max-video-preview":"max-video-preview:-1"},"canonical":"https:\/\/theuncommonshop.ch\/fr\/product\/ultra-pro-12-pocket-elite-zippered-pro-binder-gengar-3\/","og_locale":"fr_FR","og_type":"article","og_title":"Ach\u00e8te Ultra Pro - 12-Pocket Elite Zippered Pro Binder - Gengar","og_description":"Ach\u00e8te Ultra Pro - 12-Pocket Elite Zippered Pro Binder - Gengar en ligne maintenant \u00e0 petit prix! Ton #1 shop pour cartes TCG & Pok\u00e9mon en Suisse \u2713 Livraison gratuite d\u00e8s CHF 29","og_url":"https:\/\/theuncommonshop.ch\/fr\/product\/ultra-pro-12-pocket-elite-zippered-pro-binder-gengar-3\/","og_site_name":"The Uncommon Shop","article_modified_time":"2026-03-08T19:08:37+00:00","og_image":[{"width":800,"height":800,"url":"https:\/\/theuncommonshop.ch\/wp-content\/uploads\/2025\/12\/5291542697.webp","type":"image\/webp"}],"twitter_card":"summary_large_image","twitter_misc":{"Prix":"&#67;&#72;&#70;&nbsp;44.95","Disponibilit\u00e9":"Rupture de stock"},"schema":{"@context":"https:\/\/schema.org","@graph":[{"@type":"WebPage","@id":"https:\/\/theuncommonshop.ch\/fr\/product\/ultra-pro-12-pocket-elite-zippered-pro-binder-gengar-3\/","url":"https:\/\/theuncommonshop.ch\/fr\/product\/ultra-pro-12-pocket-elite-zippered-pro-binder-gengar-3\/","name":"Ach\u00e8te Ultra Pro - 12-Pocket Elite Zippered Pro Binder - Gengar","isPartOf":{"@id":"https:\/\/theuncommonshop.ch\/fr\/#website"},"primaryImageOfPage":{"@id":"https:\/\/theuncommonshop.ch\/fr\/product\/ultra-pro-12-pocket-elite-zippered-pro-binder-gengar-3\/#primaryimage"},"image":{"@id":"https:\/\/theuncommonshop.ch\/fr\/product\/ultra-pro-12-pocket-elite-zippered-pro-binder-gengar-3\/#primaryimage"},"thumbnailUrl":"https:\/\/theuncommonshop.ch\/wp-content\/uploads\/2025\/12\/5291542697.webp","datePublished":"2025-12-31T02:36:00+00:00","dateModified":"2026-03-08T19:08:37+00:00","description":"Ach\u00e8te Ultra Pro - 12-Pocket Elite Zippered Pro Binder - Gengar en ligne maintenant \u00e0 petit prix! Ton #1 shop pour cartes TCG & Pok\u00e9mon en Suisse \u2713 Livraison gratuite d\u00e8s CHF 29","breadcrumb":{"@id":"https:\/\/theuncommonshop.ch\/fr\/product\/ultra-pro-12-pocket-elite-zippered-pro-binder-gengar-3\/#breadcrumb"},"inLanguage":"fr-FR","potentialAction":[{"@type":"ReadAction","target":["https:\/\/theuncommonshop.ch\/fr\/product\/ultra-pro-12-pocket-elite-zippered-pro-binder-gengar-3\/"]}]},{"@type":"ImageObject","inLanguage":"fr-FR","@id":"https:\/\/theuncommonshop.ch\/fr\/product\/ultra-pro-12-pocket-elite-zippered-pro-binder-gengar-3\/#primaryimage","url":"https:\/\/theuncommonshop.ch\/wp-content\/uploads\/2025\/12\/5291542697.webp","contentUrl":"https:\/\/theuncommonshop.ch\/wp-content\/uploads\/2025\/12\/5291542697.webp","width":800,"height":800},{"@type":"BreadcrumbList","@id":"https:\/\/theuncommonshop.ch\/fr\/product\/ultra-pro-12-pocket-elite-zippered-pro-binder-gengar-3\/#breadcrumb","itemListElement":[{"@type":"ListItem","position":1,"name":"Accueil","item":"https:\/\/theuncommonshop.ch\/fr\/accueil\/"},{"@type":"ListItem","position":2,"name":"Boutique","item":"https:\/\/theuncommonshop.ch\/fr\/boutique\/"},{"@type":"ListItem","position":3,"name":"Accessoires TCG","item":"https:\/\/theuncommonshop.ch\/fr\/categorie-produit\/accessoires-tcg\/"},{"@type":"ListItem","position":4,"name":"Binder","item":"https:\/\/theuncommonshop.ch\/fr\/categorie-produit\/accessoires-tcg\/binder-fr\/"},{"@type":"ListItem","position":5,"name":"Tous les Binder","item":"https:\/\/theuncommonshop.ch\/fr\/categorie-produit\/accessoires-tcg\/binder-fr\/tous-les-binder\/"},{"@type":"ListItem","position":6,"name":"Ultra Pro &#8211; 12-Pocket Elite Zippered Pro Binder &#8211; Gengar"}]},{"@type":"WebSite","@id":"https:\/\/theuncommonshop.ch\/fr\/#website","url":"https:\/\/theuncommonshop.ch\/fr\/","name":"The Uncommon Shop","description":"Magic, Pok\u00e9mon and Yu-gi-oh - The Uncommon Shop","potentialAction":[{"@type":"SearchAction","target":{"@type":"EntryPoint","urlTemplate":"https:\/\/theuncommonshop.ch\/fr\/?s={search_term_string}"},"query-input":{"@type":"PropertyValueSpecification","valueRequired":true,"valueName":"search_term_string"}}],"inLanguage":"fr-FR"}]},"product_price_amount":"44.95","product_price_currency":"CHF","og_availability":"out of stock","product_availability":"out of stock","product_retailer_item_id":"XIX.D.UpGengarBinder12Pocket480","product_condition":"new"},"_links":{"self":[{"href":"https:\/\/theuncommonshop.ch\/fr\/wp-json\/wp\/v2\/product\/311610","targetHints":{"allow":["GET"]}}],"collection":[{"href":"https:\/\/theuncommonshop.ch\/fr\/wp-json\/wp\/v2\/product"}],"about":[{"href":"https:\/\/theuncommonshop.ch\/fr\/wp-json\/wp\/v2\/types\/product"}],"replies":[{"embeddable":true,"href":"https:\/\/theuncommonshop.ch\/fr\/wp-json\/wp\/v2\/comments?post=311610"}],"version-history":[{"count":0,"href":"https:\/\/theuncommonshop.ch\/fr\/wp-json\/wp\/v2\/product\/311610\/revisions"}],"wp:featuredmedia":[{"embeddable":true,"href":"https:\/\/theuncommonshop.ch\/fr\/wp-json\/wp\/v2\/media\/268626"}],"wp:attachment":[{"href":"https:\/\/theuncommonshop.ch\/fr\/wp-json\/wp\/v2\/media?parent=311610"}],"wp:term":[{"taxonomy":"product_brand","embeddable":true,"href":"https:\/\/theuncommonshop.ch\/fr\/wp-json\/wp\/v2\/product_brand?post=311610"},{"taxonomy":"product_cat","embeddable":true,"href":"https:\/\/theuncommonshop.ch\/fr\/wp-json\/wp\/v2\/product_cat?post=311610"},{"taxonomy":"product_tag","embeddable":true,"href":"https:\/\/theuncommonshop.ch\/fr\/wp-json\/wp\/v2\/product_tag?post=311610"}],"curies":[{"name":"wp","href":"https:\/\/api.w.org\/{rel}","templated":true}]}}