{"id":311575,"date":"2025-12-31T03:34:00","date_gmt":"2025-12-31T02:34:00","guid":{"rendered":"http:\/\/theuncommonshop.ch\/produkt\/311575\/"},"modified":"2026-03-31T13:24:37","modified_gmt":"2026-03-31T11:24:37","slug":"ultra-pro-9-pocket-elite-zippered-pro-binder-gengar-2","status":"publish","type":"product","link":"https:\/\/theuncommonshop.ch\/fr\/product\/ultra-pro-9-pocket-elite-zippered-pro-binder-gengar-2\/","title":{"rendered":"Ultra Pro &#8211; 9-Pocket Elite Zippered Pro-Binder &#8211; Gengar"},"content":{"rendered":"<p>Le classeur 9 poches Zippered PRO-Binder pour Pok\u00e9mon est orn\u00e9 de l&#8217;artwork embl\u00e9matique de Gengar et a \u00e9t\u00e9 sp\u00e9cialement con\u00e7u pour collecter et classer vos cartes \u00e0 collectionner pr\u00e9f\u00e9r\u00e9es. Chaque classeur dispose d&#8217;une couverture en similicuir rembourr\u00e9e avec des d\u00e9corations en film plastique de haute qualit\u00e9 et une fermeture \u00e0 glissi\u00e8re. Une fois le classeur ouvert, vous trouverez vingt pages avec 9 compartiments de la taille d&#8217;une carte de collection standard dans des pochettes \u00e0 remplir sur le c\u00f4t\u00e9, dans lesquelles vous pouvez ranger jusqu&#8217;\u00e0 360 cartes dans des pochettes Ultra PRO Deck Protector\u00ae. Les c\u00f4t\u00e9s sont dot\u00e9s d&#8217;un dos noir \u00e0 faible friction qui cr\u00e9e une s\u00e9paration entre les pochettes avant et arri\u00e8re et donne aux cartes un aspect encadr\u00e9 classique. Chaque classeur PRO est fabriqu\u00e9 \u00e0 partir de mat\u00e9riaux sans acide et sans PVC afin de garantir la protection et la pr\u00e9servation de vos cartes.    <\/p>\n<p>Licence officielle Pok\u00e9mon Trading Card Game 9-Pocket Zippered PRO-Binder avec Gengar<\/p>\n<p>Couverture en similicuir rembourr\u00e9e avec d\u00e9corations en feuille de spot et fermeture \u00e0 glissi\u00e8re<\/p>\n<p>Peut contenir jusqu&#8217;\u00e0 360 cartes dans des pochettes lat\u00e9rales.<\/p>\n<p>Patte de fermeture \u00e0 glissi\u00e8re avec le symbole de l&#8217;\u00e9nergie psychique<\/p>\n<p>Fabriqu\u00e9 \u00e0 partir de mat\u00e9riaux sans acide et sans PVC pour une protection de premier ordre<\/p>\n","protected":false},"excerpt":{"rendered":"<p>Le classeur 9 poches Zippered PRO-Binder pour Pok\u00e9mon est orn\u00e9 de l&#8217;artwork embl\u00e9matique de Gengar et a \u00e9t\u00e9 sp\u00e9cialement con\u00e7u<\/p>\n","protected":false},"featured_media":268586,"comment_status":"open","ping_status":"closed","template":"","meta":{"_acf_changed":false},"product_brand":[5114,5072,5098],"product_cat":[9833,9859,9863,9777,10317,10031],"product_tag":[],"class_list":{"0":"post-311575","1":"product","2":"type-product","3":"status-publish","4":"has-post-thumbnail","6":"product_brand-pokemon","7":"product_brand-the-pokemon-company","8":"product_brand-ultra-pro","9":"product_cat-accessoires-pour-cartes-pokemon","10":"product_cat-accessoires-tcg","11":"product_cat-binder-fr","12":"product_cat-pokemon-fr","13":"product_cat-pokemon-binder-fr","14":"product_cat-tous-les-binder","16":"first","17":"instock","18":"taxable","19":"shipping-taxable","20":"purchasable","21":"product-type-simple"},"acf":[],"yoast_head":"<!-- This site is optimized with the Yoast SEO plugin v27.4 - https:\/\/yoast.com\/product\/yoast-seo-wordpress\/ -->\n<title>Ach\u00e8te Ultra Pro - 9-Pocket Elite Zippered Pro-Binder - Gengar<\/title>\n<meta name=\"description\" content=\"Ach\u00e8te Ultra Pro - 9-Pocket Elite Zippered Pro-Binder - Gengar en ligne maintenant \u00e0 petit prix! Ton #1 shop pour cartes TCG &amp; Pok\u00e9mon en Suisse \u2713 Livraison gratuite d\u00e8s CHF 29\" \/>\n<meta name=\"robots\" content=\"index, follow, max-snippet:-1, max-image-preview:large, max-video-preview:-1\" \/>\n<link rel=\"canonical\" href=\"https:\/\/theuncommonshop.ch\/fr\/product\/ultra-pro-9-pocket-elite-zippered-pro-binder-gengar-2\/\" \/>\n<meta property=\"og:locale\" content=\"fr_FR\" \/>\n<meta property=\"og:type\" content=\"article\" \/>\n<meta property=\"og:title\" content=\"Ach\u00e8te Ultra Pro - 9-Pocket Elite Zippered Pro-Binder - Gengar\" \/>\n<meta property=\"og:description\" content=\"Ach\u00e8te Ultra Pro - 9-Pocket Elite Zippered Pro-Binder - Gengar en ligne maintenant \u00e0 petit prix! Ton #1 shop pour cartes TCG &amp; Pok\u00e9mon en Suisse \u2713 Livraison gratuite d\u00e8s CHF 29\" \/>\n<meta property=\"og:url\" content=\"https:\/\/theuncommonshop.ch\/fr\/product\/ultra-pro-9-pocket-elite-zippered-pro-binder-gengar-2\/\" \/>\n<meta property=\"og:site_name\" content=\"Largest trading card shop in Switzerland\" \/>\n<meta property=\"article:modified_time\" content=\"2026-03-31T11:24:37+00:00\" \/>\n<meta property=\"og:image\" content=\"https:\/\/theuncommonshop.ch\/wp-content\/uploads\/2025\/12\/5291542513.jpg\" \/>\n\t<meta property=\"og:image:width\" content=\"1024\" \/>\n\t<meta property=\"og:image:height\" content=\"1024\" \/>\n\t<meta property=\"og:image:type\" content=\"image\/jpeg\" \/>\n<meta name=\"twitter:card\" content=\"summary_large_image\" \/>\n<meta name=\"twitter:label1\" content=\"Prix\" \/>\n\t<meta name=\"twitter:data1\" content=\"&#067;&#072;&#070;&nbsp;37.95\" \/>\n\t<meta name=\"twitter:label2\" content=\"Disponibilit\u00e9\" \/>\n\t<meta name=\"twitter:data2\" content=\"En stock\" \/>\n<script type=\"application\/ld+json\" class=\"yoast-schema-graph\">{\"@context\":\"https:\\\/\\\/schema.org\",\"@graph\":[{\"@type\":\"WebPage\",\"@id\":\"https:\\\/\\\/theuncommonshop.ch\\\/fr\\\/product\\\/ultra-pro-9-pocket-elite-zippered-pro-binder-gengar-2\\\/\",\"url\":\"https:\\\/\\\/theuncommonshop.ch\\\/fr\\\/product\\\/ultra-pro-9-pocket-elite-zippered-pro-binder-gengar-2\\\/\",\"name\":\"Ach\u00e8te Ultra Pro - 9-Pocket Elite Zippered Pro-Binder - Gengar\",\"isPartOf\":{\"@id\":\"https:\\\/\\\/theuncommonshop.ch\\\/#website\"},\"primaryImageOfPage\":{\"@id\":\"https:\\\/\\\/theuncommonshop.ch\\\/fr\\\/product\\\/ultra-pro-9-pocket-elite-zippered-pro-binder-gengar-2\\\/#primaryimage\"},\"image\":{\"@id\":\"https:\\\/\\\/theuncommonshop.ch\\\/fr\\\/product\\\/ultra-pro-9-pocket-elite-zippered-pro-binder-gengar-2\\\/#primaryimage\"},\"thumbnailUrl\":\"https:\\\/\\\/theuncommonshop.ch\\\/wp-content\\\/uploads\\\/2025\\\/12\\\/5291542513.jpg\",\"datePublished\":\"2025-12-31T02:34:00+00:00\",\"dateModified\":\"2026-03-31T11:24:37+00:00\",\"description\":\"Ach\u00e8te Ultra Pro - 9-Pocket Elite Zippered Pro-Binder - Gengar en ligne maintenant \u00e0 petit prix! Ton #1 shop pour cartes TCG & Pok\u00e9mon en Suisse \u2713 Livraison gratuite d\u00e8s CHF 29\",\"breadcrumb\":{\"@id\":\"https:\\\/\\\/theuncommonshop.ch\\\/fr\\\/product\\\/ultra-pro-9-pocket-elite-zippered-pro-binder-gengar-2\\\/#breadcrumb\"},\"inLanguage\":\"fr-FR\",\"potentialAction\":[{\"@type\":\"ReadAction\",\"target\":[\"https:\\\/\\\/theuncommonshop.ch\\\/fr\\\/product\\\/ultra-pro-9-pocket-elite-zippered-pro-binder-gengar-2\\\/\"]}]},{\"@type\":\"ImageObject\",\"inLanguage\":\"fr-FR\",\"@id\":\"https:\\\/\\\/theuncommonshop.ch\\\/fr\\\/product\\\/ultra-pro-9-pocket-elite-zippered-pro-binder-gengar-2\\\/#primaryimage\",\"url\":\"https:\\\/\\\/theuncommonshop.ch\\\/wp-content\\\/uploads\\\/2025\\\/12\\\/5291542513.jpg\",\"contentUrl\":\"https:\\\/\\\/theuncommonshop.ch\\\/wp-content\\\/uploads\\\/2025\\\/12\\\/5291542513.jpg\",\"width\":1024,\"height\":1024},{\"@type\":\"BreadcrumbList\",\"@id\":\"https:\\\/\\\/theuncommonshop.ch\\\/fr\\\/product\\\/ultra-pro-9-pocket-elite-zippered-pro-binder-gengar-2\\\/#breadcrumb\",\"itemListElement\":[{\"@type\":\"ListItem\",\"position\":1,\"name\":\"Accueil\",\"item\":\"https:\\\/\\\/theuncommonshop.ch\\\/fr\\\/accueil\\\/\"},{\"@type\":\"ListItem\",\"position\":2,\"name\":\"Boutique\",\"item\":\"https:\\\/\\\/theuncommonshop.ch\\\/fr\\\/boutique\\\/\"},{\"@type\":\"ListItem\",\"position\":3,\"name\":\"TCG Zubeh\u00f6r\",\"item\":\"https:\\\/\\\/theuncommonshop.ch\\\/produktkategorie\\\/tcg-zubehoer\\\/\"},{\"@type\":\"ListItem\",\"position\":4,\"name\":\"Binder\",\"item\":\"https:\\\/\\\/theuncommonshop.ch\\\/produktkategorie\\\/tcg-zubehoer\\\/binder\\\/\"},{\"@type\":\"ListItem\",\"position\":5,\"name\":\"Alle Binder\",\"item\":\"https:\\\/\\\/theuncommonshop.ch\\\/produktkategorie\\\/tcg-zubehoer\\\/binder\\\/binder-all\\\/\"},{\"@type\":\"ListItem\",\"position\":6,\"name\":\"Ultra Pro &#8211; 9-Pocket Elite Zippered Pro-Binder &#8211; Gengar\"}]},{\"@type\":\"WebSite\",\"@id\":\"https:\\\/\\\/theuncommonshop.ch\\\/#website\",\"url\":\"https:\\\/\\\/theuncommonshop.ch\\\/\",\"name\":\"Largest trading card shop in Switzerland\",\"description\":\"Magic, Pok\u00e9mon and Yu-gi-oh - The Uncommon Shop\",\"potentialAction\":[{\"@type\":\"SearchAction\",\"target\":{\"@type\":\"EntryPoint\",\"urlTemplate\":\"https:\\\/\\\/theuncommonshop.ch\\\/?s={search_term_string}\"},\"query-input\":{\"@type\":\"PropertyValueSpecification\",\"valueRequired\":true,\"valueName\":\"search_term_string\"}}],\"inLanguage\":\"fr-FR\"}]}<\/script>\n<meta property=\"product:price:amount\" content=\"37.95\" \/>\n<meta property=\"product:price:currency\" content=\"CHF\" \/>\n<meta property=\"og:availability\" content=\"instock\" \/>\n<meta property=\"product:availability\" content=\"instock\" \/>\n<meta property=\"product:retailer_item_id\" content=\"XIX.D.UpGengarBinder9Pocket360\" \/>\n<meta property=\"product:condition\" content=\"new\" \/>\n<!-- \/ Yoast SEO plugin. -->","yoast_head_json":{"title":"Ach\u00e8te Ultra Pro - 9-Pocket Elite Zippered Pro-Binder - Gengar","description":"Ach\u00e8te Ultra Pro - 9-Pocket Elite Zippered Pro-Binder - Gengar en ligne maintenant \u00e0 petit prix! Ton #1 shop pour cartes TCG & Pok\u00e9mon en Suisse \u2713 Livraison gratuite d\u00e8s CHF 29","robots":{"index":"index","follow":"follow","max-snippet":"max-snippet:-1","max-image-preview":"max-image-preview:large","max-video-preview":"max-video-preview:-1"},"canonical":"https:\/\/theuncommonshop.ch\/fr\/product\/ultra-pro-9-pocket-elite-zippered-pro-binder-gengar-2\/","og_locale":"fr_FR","og_type":"article","og_title":"Ach\u00e8te Ultra Pro - 9-Pocket Elite Zippered Pro-Binder - Gengar","og_description":"Ach\u00e8te Ultra Pro - 9-Pocket Elite Zippered Pro-Binder - Gengar en ligne maintenant \u00e0 petit prix! Ton #1 shop pour cartes TCG & Pok\u00e9mon en Suisse \u2713 Livraison gratuite d\u00e8s CHF 29","og_url":"https:\/\/theuncommonshop.ch\/fr\/product\/ultra-pro-9-pocket-elite-zippered-pro-binder-gengar-2\/","og_site_name":"Largest trading card shop in Switzerland","article_modified_time":"2026-03-31T11:24:37+00:00","og_image":[{"width":1024,"height":1024,"url":"https:\/\/theuncommonshop.ch\/wp-content\/uploads\/2025\/12\/5291542513.jpg","type":"image\/jpeg"}],"twitter_card":"summary_large_image","twitter_misc":{"Prix":"&#67;&#72;&#70;&nbsp;37.95","Disponibilit\u00e9":"En stock"},"schema":{"@context":"https:\/\/schema.org","@graph":[{"@type":"WebPage","@id":"https:\/\/theuncommonshop.ch\/fr\/product\/ultra-pro-9-pocket-elite-zippered-pro-binder-gengar-2\/","url":"https:\/\/theuncommonshop.ch\/fr\/product\/ultra-pro-9-pocket-elite-zippered-pro-binder-gengar-2\/","name":"Ach\u00e8te Ultra Pro - 9-Pocket Elite Zippered Pro-Binder - Gengar","isPartOf":{"@id":"https:\/\/theuncommonshop.ch\/#website"},"primaryImageOfPage":{"@id":"https:\/\/theuncommonshop.ch\/fr\/product\/ultra-pro-9-pocket-elite-zippered-pro-binder-gengar-2\/#primaryimage"},"image":{"@id":"https:\/\/theuncommonshop.ch\/fr\/product\/ultra-pro-9-pocket-elite-zippered-pro-binder-gengar-2\/#primaryimage"},"thumbnailUrl":"https:\/\/theuncommonshop.ch\/wp-content\/uploads\/2025\/12\/5291542513.jpg","datePublished":"2025-12-31T02:34:00+00:00","dateModified":"2026-03-31T11:24:37+00:00","description":"Ach\u00e8te Ultra Pro - 9-Pocket Elite Zippered Pro-Binder - Gengar en ligne maintenant \u00e0 petit prix! Ton #1 shop pour cartes TCG & Pok\u00e9mon en Suisse \u2713 Livraison gratuite d\u00e8s CHF 29","breadcrumb":{"@id":"https:\/\/theuncommonshop.ch\/fr\/product\/ultra-pro-9-pocket-elite-zippered-pro-binder-gengar-2\/#breadcrumb"},"inLanguage":"fr-FR","potentialAction":[{"@type":"ReadAction","target":["https:\/\/theuncommonshop.ch\/fr\/product\/ultra-pro-9-pocket-elite-zippered-pro-binder-gengar-2\/"]}]},{"@type":"ImageObject","inLanguage":"fr-FR","@id":"https:\/\/theuncommonshop.ch\/fr\/product\/ultra-pro-9-pocket-elite-zippered-pro-binder-gengar-2\/#primaryimage","url":"https:\/\/theuncommonshop.ch\/wp-content\/uploads\/2025\/12\/5291542513.jpg","contentUrl":"https:\/\/theuncommonshop.ch\/wp-content\/uploads\/2025\/12\/5291542513.jpg","width":1024,"height":1024},{"@type":"BreadcrumbList","@id":"https:\/\/theuncommonshop.ch\/fr\/product\/ultra-pro-9-pocket-elite-zippered-pro-binder-gengar-2\/#breadcrumb","itemListElement":[{"@type":"ListItem","position":1,"name":"Accueil","item":"https:\/\/theuncommonshop.ch\/fr\/accueil\/"},{"@type":"ListItem","position":2,"name":"Boutique","item":"https:\/\/theuncommonshop.ch\/fr\/boutique\/"},{"@type":"ListItem","position":3,"name":"TCG Zubeh\u00f6r","item":"https:\/\/theuncommonshop.ch\/produktkategorie\/tcg-zubehoer\/"},{"@type":"ListItem","position":4,"name":"Binder","item":"https:\/\/theuncommonshop.ch\/produktkategorie\/tcg-zubehoer\/binder\/"},{"@type":"ListItem","position":5,"name":"Alle Binder","item":"https:\/\/theuncommonshop.ch\/produktkategorie\/tcg-zubehoer\/binder\/binder-all\/"},{"@type":"ListItem","position":6,"name":"Ultra Pro &#8211; 9-Pocket Elite Zippered Pro-Binder &#8211; Gengar"}]},{"@type":"WebSite","@id":"https:\/\/theuncommonshop.ch\/#website","url":"https:\/\/theuncommonshop.ch\/","name":"Largest trading card shop in Switzerland","description":"Magic, Pok\u00e9mon and Yu-gi-oh - The Uncommon Shop","potentialAction":[{"@type":"SearchAction","target":{"@type":"EntryPoint","urlTemplate":"https:\/\/theuncommonshop.ch\/?s={search_term_string}"},"query-input":{"@type":"PropertyValueSpecification","valueRequired":true,"valueName":"search_term_string"}}],"inLanguage":"fr-FR"}]},"product_price_amount":"37.95","product_price_currency":"CHF","og_availability":"instock","product_availability":"instock","product_retailer_item_id":"XIX.D.UpGengarBinder9Pocket360","product_condition":"new"},"_links":{"self":[{"href":"https:\/\/theuncommonshop.ch\/fr\/wp-json\/wp\/v2\/product\/311575","targetHints":{"allow":["GET"]}}],"collection":[{"href":"https:\/\/theuncommonshop.ch\/fr\/wp-json\/wp\/v2\/product"}],"about":[{"href":"https:\/\/theuncommonshop.ch\/fr\/wp-json\/wp\/v2\/types\/product"}],"replies":[{"embeddable":true,"href":"https:\/\/theuncommonshop.ch\/fr\/wp-json\/wp\/v2\/comments?post=311575"}],"version-history":[{"count":2,"href":"https:\/\/theuncommonshop.ch\/fr\/wp-json\/wp\/v2\/product\/311575\/revisions"}],"predecessor-version":[{"id":363370,"href":"https:\/\/theuncommonshop.ch\/fr\/wp-json\/wp\/v2\/product\/311575\/revisions\/363370"}],"wp:featuredmedia":[{"embeddable":true,"href":"https:\/\/theuncommonshop.ch\/fr\/wp-json\/wp\/v2\/media\/268586"}],"wp:attachment":[{"href":"https:\/\/theuncommonshop.ch\/fr\/wp-json\/wp\/v2\/media?parent=311575"}],"wp:term":[{"taxonomy":"product_brand","embeddable":true,"href":"https:\/\/theuncommonshop.ch\/fr\/wp-json\/wp\/v2\/product_brand?post=311575"},{"taxonomy":"product_cat","embeddable":true,"href":"https:\/\/theuncommonshop.ch\/fr\/wp-json\/wp\/v2\/product_cat?post=311575"},{"taxonomy":"product_tag","embeddable":true,"href":"https:\/\/theuncommonshop.ch\/fr\/wp-json\/wp\/v2\/product_tag?post=311575"}],"curies":[{"name":"wp","href":"https:\/\/api.w.org\/{rel}","templated":true}]}}