{"id":311563,"date":"2025-12-31T03:33:52","date_gmt":"2025-12-31T03:33:52","guid":{"rendered":"http:\/\/theuncommonshop.ch\/produkt\/311563\/"},"modified":"2026-03-08T20:08:25","modified_gmt":"2026-03-08T19:08:25","slug":"magic-the-gathering-marvel-legends-actionfigur-battle-damaged-spider-man-en-2","status":"publish","type":"product","link":"https:\/\/theuncommonshop.ch\/fr\/product\/magic-the-gathering-marvel-legends-actionfigur-battle-damaged-spider-man-en-2\/","title":{"rendered":"Magic: The Gathering &#8211; Marvel Legends Actionfigur &#8211; Battle Damaged Spider-Man &#8211; EN"},"content":{"rendered":"<p>La figurine Magic : The Gathering Spider-Man de la s\u00e9rie Hasbro Marvel Legends permet d&#8217;exprimer l&#8217;excitation et l&#8217;\u00e9merveillement de l&#8217;univers Marvel dans sa collection et d&#8217;ajouter une carte jouable \u00e0 son deck Magic. Cette figurine \u00e0 collectionner Spider-Man \u00e0 l&#8217;\u00e9chelle 15 cm reprend le look du personnage des comics Marvel Spider-Man. Elle est enti\u00e8rement articul\u00e9e et dispose d&#8217;une t\u00eate flexible ainsi que de bras et de jambes mobiles. L&#8217;ensemble de figurines Marvel est livr\u00e9 avec 7 accessoires, dont une t\u00eate non masqu\u00e9e interchangeable, 2 mains Thwip, 2 mains de rampant mural, un fil de toile et un bouclier Web. Une carte Foil exclusive Magic : The Gathering | Marvel&#8217;s Spider-Man est \u00e9galement incluse pour vous permettre d&#8217;enrichir votre collection de Spider-Man. Les figurines Hasbro Marvel \u00e0 l&#8217;\u00e9chelle de 15 cm peuvent parfaitement \u00eatre pr\u00e9sent\u00e9es dans une collection de fans. Les figurines Marvel Legends permettent de recr\u00e9er chez soi les sc\u00e8nes des comics Spider-Man.      <\/p>\n","protected":false},"excerpt":{"rendered":"<p>La figurine Magic : The Gathering Spider-Man de la s\u00e9rie Hasbro Marvel Legends permet d&#8217;exprimer l&#8217;excitation et l&#8217;\u00e9merveillement de l&#8217;univers<\/p>\n","protected":false},"featured_media":270465,"comment_status":"open","ping_status":"closed","template":"","meta":{"_acf_changed":false},"product_brand":[5168,5158,5070],"product_cat":[9973,10163,9967,10167],"product_tag":[],"class_list":{"0":"post-311563","1":"product","2":"type-product","3":"status-publish","4":"has-post-thumbnail","6":"product_brand-magic-the-gathering","8":"product_brand-wizards-of-the-coast","9":"product_cat-autres","10":"product_cat-divers-mtg","11":"product_cat-magic-the-gathering-fr","12":"product_cat-marvels-spider-man","14":"first","15":"instock","16":"taxable","17":"shipping-taxable","18":"purchasable","19":"product-type-variable"},"acf":[],"yoast_head":"<!-- This site is optimized with the Yoast SEO plugin v27.4 - https:\/\/yoast.com\/product\/yoast-seo-wordpress\/ -->\n<title>Ach\u00e8te Magic: The Gathering - Marvel Legends Actionfigur - Battle Damaged Spider-Man - EN<\/title>\n<meta name=\"description\" content=\"Ach\u00e8te Magic: The Gathering - Marvel Legends Actionfigur - Battle Damaged Spider-Man - EN en ligne maintenant \u00e0 petit prix! Ton #1 shop pour cartes TCG &amp; Pok\u00e9mon en Suisse \u2713 Livraison gratuite d\u00e8s CHF 29\" \/>\n<meta name=\"robots\" content=\"index, follow, max-snippet:-1, max-image-preview:large, max-video-preview:-1\" \/>\n<link rel=\"canonical\" href=\"https:\/\/theuncommonshop.ch\/fr\/product\/magic-the-gathering-marvel-legends-actionfigur-battle-damaged-spider-man-en-2\/\" \/>\n<meta property=\"og:locale\" content=\"fr_FR\" \/>\n<meta property=\"og:type\" content=\"article\" \/>\n<meta property=\"og:title\" content=\"Ach\u00e8te Magic: The Gathering - Marvel Legends Actionfigur - Battle Damaged Spider-Man - EN\" \/>\n<meta property=\"og:description\" content=\"Ach\u00e8te Magic: The Gathering - Marvel Legends Actionfigur - Battle Damaged Spider-Man - EN en ligne maintenant \u00e0 petit prix! Ton #1 shop pour cartes TCG &amp; Pok\u00e9mon en Suisse \u2713 Livraison gratuite d\u00e8s CHF 29\" \/>\n<meta property=\"og:url\" content=\"https:\/\/theuncommonshop.ch\/fr\/product\/magic-the-gathering-marvel-legends-actionfigur-battle-damaged-spider-man-en-2\/\" \/>\n<meta property=\"og:site_name\" content=\"Largest trading card shop in Switzerland\" \/>\n<meta property=\"article:modified_time\" content=\"2026-03-08T19:08:25+00:00\" \/>\n<meta property=\"og:image\" content=\"https:\/\/theuncommonshop.ch\/wp-content\/uploads\/2025\/12\/5344465395.jpg\" \/>\n\t<meta property=\"og:image:width\" content=\"1000\" \/>\n\t<meta property=\"og:image:height\" content=\"1000\" \/>\n\t<meta property=\"og:image:type\" content=\"image\/jpeg\" \/>\n<meta name=\"twitter:card\" content=\"summary_large_image\" \/>\n<meta name=\"twitter:label1\" content=\"Disponibilit\u00e9\" \/>\n\t<meta name=\"twitter:data1\" content=\"En stock\" \/>\n<script type=\"application\/ld+json\" class=\"yoast-schema-graph\">{\"@context\":\"https:\\\/\\\/schema.org\",\"@graph\":[{\"@type\":\"WebPage\",\"@id\":\"https:\\\/\\\/theuncommonshop.ch\\\/fr\\\/product\\\/magic-the-gathering-marvel-legends-actionfigur-battle-damaged-spider-man-en-2\\\/\",\"url\":\"https:\\\/\\\/theuncommonshop.ch\\\/fr\\\/product\\\/magic-the-gathering-marvel-legends-actionfigur-battle-damaged-spider-man-en-2\\\/\",\"name\":\"Ach\u00e8te Magic: The Gathering - Marvel Legends Actionfigur - Battle Damaged Spider-Man - EN\",\"isPartOf\":{\"@id\":\"https:\\\/\\\/theuncommonshop.ch\\\/#website\"},\"primaryImageOfPage\":{\"@id\":\"https:\\\/\\\/theuncommonshop.ch\\\/fr\\\/product\\\/magic-the-gathering-marvel-legends-actionfigur-battle-damaged-spider-man-en-2\\\/#primaryimage\"},\"image\":{\"@id\":\"https:\\\/\\\/theuncommonshop.ch\\\/fr\\\/product\\\/magic-the-gathering-marvel-legends-actionfigur-battle-damaged-spider-man-en-2\\\/#primaryimage\"},\"thumbnailUrl\":\"https:\\\/\\\/theuncommonshop.ch\\\/wp-content\\\/uploads\\\/2025\\\/12\\\/5344465395.jpg\",\"datePublished\":\"2025-12-31T03:33:52+00:00\",\"dateModified\":\"2026-03-08T19:08:25+00:00\",\"description\":\"Ach\u00e8te Magic: The Gathering - Marvel Legends Actionfigur - Battle Damaged Spider-Man - EN en ligne maintenant \u00e0 petit prix! Ton #1 shop pour cartes TCG & Pok\u00e9mon en Suisse \u2713 Livraison gratuite d\u00e8s CHF 29\",\"breadcrumb\":{\"@id\":\"https:\\\/\\\/theuncommonshop.ch\\\/fr\\\/product\\\/magic-the-gathering-marvel-legends-actionfigur-battle-damaged-spider-man-en-2\\\/#breadcrumb\"},\"inLanguage\":\"fr-FR\",\"potentialAction\":[{\"@type\":\"ReadAction\",\"target\":[\"https:\\\/\\\/theuncommonshop.ch\\\/fr\\\/product\\\/magic-the-gathering-marvel-legends-actionfigur-battle-damaged-spider-man-en-2\\\/\"]}]},{\"@type\":\"ImageObject\",\"inLanguage\":\"fr-FR\",\"@id\":\"https:\\\/\\\/theuncommonshop.ch\\\/fr\\\/product\\\/magic-the-gathering-marvel-legends-actionfigur-battle-damaged-spider-man-en-2\\\/#primaryimage\",\"url\":\"https:\\\/\\\/theuncommonshop.ch\\\/wp-content\\\/uploads\\\/2025\\\/12\\\/5344465395.jpg\",\"contentUrl\":\"https:\\\/\\\/theuncommonshop.ch\\\/wp-content\\\/uploads\\\/2025\\\/12\\\/5344465395.jpg\",\"width\":1000,\"height\":1000},{\"@type\":\"BreadcrumbList\",\"@id\":\"https:\\\/\\\/theuncommonshop.ch\\\/fr\\\/product\\\/magic-the-gathering-marvel-legends-actionfigur-battle-damaged-spider-man-en-2\\\/#breadcrumb\",\"itemListElement\":[{\"@type\":\"ListItem\",\"position\":1,\"name\":\"Accueil\",\"item\":\"https:\\\/\\\/theuncommonshop.ch\\\/fr\\\/accueil\\\/\"},{\"@type\":\"ListItem\",\"position\":2,\"name\":\"Boutique\",\"item\":\"https:\\\/\\\/theuncommonshop.ch\\\/fr\\\/boutique\\\/\"},{\"@type\":\"ListItem\",\"position\":3,\"name\":\"Magic the Gathering\",\"item\":\"https:\\\/\\\/theuncommonshop.ch\\\/fr\\\/categorie-produit\\\/magic-the-gathering-fr\\\/\"},{\"@type\":\"ListItem\",\"position\":4,\"name\":\"Autres\",\"item\":\"https:\\\/\\\/theuncommonshop.ch\\\/fr\\\/categorie-produit\\\/magic-the-gathering-fr\\\/autres\\\/\"},{\"@type\":\"ListItem\",\"position\":5,\"name\":\"Divers\",\"item\":\"https:\\\/\\\/theuncommonshop.ch\\\/fr\\\/categorie-produit\\\/magic-the-gathering-fr\\\/autres\\\/divers-mtg\\\/\"},{\"@type\":\"ListItem\",\"position\":6,\"name\":\"Magic: The Gathering &#8211; Marvel Legends Actionfigur &#8211; Battle Damaged Spider-Man &#8211; EN\"}]},{\"@type\":\"WebSite\",\"@id\":\"https:\\\/\\\/theuncommonshop.ch\\\/#website\",\"url\":\"https:\\\/\\\/theuncommonshop.ch\\\/\",\"name\":\"Largest trading card shop in Switzerland\",\"description\":\"Magic, Pok\u00e9mon and Yu-gi-oh - The Uncommon Shop\",\"potentialAction\":[{\"@type\":\"SearchAction\",\"target\":{\"@type\":\"EntryPoint\",\"urlTemplate\":\"https:\\\/\\\/theuncommonshop.ch\\\/?s={search_term_string}\"},\"query-input\":{\"@type\":\"PropertyValueSpecification\",\"valueRequired\":true,\"valueName\":\"search_term_string\"}}],\"inLanguage\":\"fr-FR\"}]}<\/script>\n<meta property=\"og:availability\" content=\"instock\" \/>\n<meta property=\"product:availability\" content=\"instock\" \/>\n<meta property=\"product:retailer_item_id\" content=\"WR.F.MagicMarvSpidManActionFigur\" \/>\n<meta property=\"product:condition\" content=\"new\" \/>\n<!-- \/ Yoast SEO plugin. -->","yoast_head_json":{"title":"Ach\u00e8te Magic: The Gathering - Marvel Legends Actionfigur - Battle Damaged Spider-Man - EN","description":"Ach\u00e8te Magic: The Gathering - Marvel Legends Actionfigur - Battle Damaged Spider-Man - EN en ligne maintenant \u00e0 petit prix! Ton #1 shop pour cartes TCG & Pok\u00e9mon en Suisse \u2713 Livraison gratuite d\u00e8s CHF 29","robots":{"index":"index","follow":"follow","max-snippet":"max-snippet:-1","max-image-preview":"max-image-preview:large","max-video-preview":"max-video-preview:-1"},"canonical":"https:\/\/theuncommonshop.ch\/fr\/product\/magic-the-gathering-marvel-legends-actionfigur-battle-damaged-spider-man-en-2\/","og_locale":"fr_FR","og_type":"article","og_title":"Ach\u00e8te Magic: The Gathering - Marvel Legends Actionfigur - Battle Damaged Spider-Man - EN","og_description":"Ach\u00e8te Magic: The Gathering - Marvel Legends Actionfigur - Battle Damaged Spider-Man - EN en ligne maintenant \u00e0 petit prix! Ton #1 shop pour cartes TCG & Pok\u00e9mon en Suisse \u2713 Livraison gratuite d\u00e8s CHF 29","og_url":"https:\/\/theuncommonshop.ch\/fr\/product\/magic-the-gathering-marvel-legends-actionfigur-battle-damaged-spider-man-en-2\/","og_site_name":"Largest trading card shop in Switzerland","article_modified_time":"2026-03-08T19:08:25+00:00","og_image":[{"width":1000,"height":1000,"url":"https:\/\/theuncommonshop.ch\/wp-content\/uploads\/2025\/12\/5344465395.jpg","type":"image\/jpeg"}],"twitter_card":"summary_large_image","twitter_misc":{"Disponibilit\u00e9":"En stock"},"schema":{"@context":"https:\/\/schema.org","@graph":[{"@type":"WebPage","@id":"https:\/\/theuncommonshop.ch\/fr\/product\/magic-the-gathering-marvel-legends-actionfigur-battle-damaged-spider-man-en-2\/","url":"https:\/\/theuncommonshop.ch\/fr\/product\/magic-the-gathering-marvel-legends-actionfigur-battle-damaged-spider-man-en-2\/","name":"Ach\u00e8te Magic: The Gathering - Marvel Legends Actionfigur - Battle Damaged Spider-Man - EN","isPartOf":{"@id":"https:\/\/theuncommonshop.ch\/#website"},"primaryImageOfPage":{"@id":"https:\/\/theuncommonshop.ch\/fr\/product\/magic-the-gathering-marvel-legends-actionfigur-battle-damaged-spider-man-en-2\/#primaryimage"},"image":{"@id":"https:\/\/theuncommonshop.ch\/fr\/product\/magic-the-gathering-marvel-legends-actionfigur-battle-damaged-spider-man-en-2\/#primaryimage"},"thumbnailUrl":"https:\/\/theuncommonshop.ch\/wp-content\/uploads\/2025\/12\/5344465395.jpg","datePublished":"2025-12-31T03:33:52+00:00","dateModified":"2026-03-08T19:08:25+00:00","description":"Ach\u00e8te Magic: The Gathering - Marvel Legends Actionfigur - Battle Damaged Spider-Man - EN en ligne maintenant \u00e0 petit prix! Ton #1 shop pour cartes TCG & Pok\u00e9mon en Suisse \u2713 Livraison gratuite d\u00e8s CHF 29","breadcrumb":{"@id":"https:\/\/theuncommonshop.ch\/fr\/product\/magic-the-gathering-marvel-legends-actionfigur-battle-damaged-spider-man-en-2\/#breadcrumb"},"inLanguage":"fr-FR","potentialAction":[{"@type":"ReadAction","target":["https:\/\/theuncommonshop.ch\/fr\/product\/magic-the-gathering-marvel-legends-actionfigur-battle-damaged-spider-man-en-2\/"]}]},{"@type":"ImageObject","inLanguage":"fr-FR","@id":"https:\/\/theuncommonshop.ch\/fr\/product\/magic-the-gathering-marvel-legends-actionfigur-battle-damaged-spider-man-en-2\/#primaryimage","url":"https:\/\/theuncommonshop.ch\/wp-content\/uploads\/2025\/12\/5344465395.jpg","contentUrl":"https:\/\/theuncommonshop.ch\/wp-content\/uploads\/2025\/12\/5344465395.jpg","width":1000,"height":1000},{"@type":"BreadcrumbList","@id":"https:\/\/theuncommonshop.ch\/fr\/product\/magic-the-gathering-marvel-legends-actionfigur-battle-damaged-spider-man-en-2\/#breadcrumb","itemListElement":[{"@type":"ListItem","position":1,"name":"Accueil","item":"https:\/\/theuncommonshop.ch\/fr\/accueil\/"},{"@type":"ListItem","position":2,"name":"Boutique","item":"https:\/\/theuncommonshop.ch\/fr\/boutique\/"},{"@type":"ListItem","position":3,"name":"Magic the Gathering","item":"https:\/\/theuncommonshop.ch\/fr\/categorie-produit\/magic-the-gathering-fr\/"},{"@type":"ListItem","position":4,"name":"Autres","item":"https:\/\/theuncommonshop.ch\/fr\/categorie-produit\/magic-the-gathering-fr\/autres\/"},{"@type":"ListItem","position":5,"name":"Divers","item":"https:\/\/theuncommonshop.ch\/fr\/categorie-produit\/magic-the-gathering-fr\/autres\/divers-mtg\/"},{"@type":"ListItem","position":6,"name":"Magic: The Gathering &#8211; Marvel Legends Actionfigur &#8211; Battle Damaged Spider-Man &#8211; EN"}]},{"@type":"WebSite","@id":"https:\/\/theuncommonshop.ch\/#website","url":"https:\/\/theuncommonshop.ch\/","name":"Largest trading card shop in Switzerland","description":"Magic, Pok\u00e9mon and Yu-gi-oh - The Uncommon Shop","potentialAction":[{"@type":"SearchAction","target":{"@type":"EntryPoint","urlTemplate":"https:\/\/theuncommonshop.ch\/?s={search_term_string}"},"query-input":{"@type":"PropertyValueSpecification","valueRequired":true,"valueName":"search_term_string"}}],"inLanguage":"fr-FR"}]},"og_availability":"instock","product_availability":"instock","product_retailer_item_id":"WR.F.MagicMarvSpidManActionFigur","product_condition":"new"},"_links":{"self":[{"href":"https:\/\/theuncommonshop.ch\/fr\/wp-json\/wp\/v2\/product\/311563","targetHints":{"allow":["GET"]}}],"collection":[{"href":"https:\/\/theuncommonshop.ch\/fr\/wp-json\/wp\/v2\/product"}],"about":[{"href":"https:\/\/theuncommonshop.ch\/fr\/wp-json\/wp\/v2\/types\/product"}],"replies":[{"embeddable":true,"href":"https:\/\/theuncommonshop.ch\/fr\/wp-json\/wp\/v2\/comments?post=311563"}],"version-history":[{"count":1,"href":"https:\/\/theuncommonshop.ch\/fr\/wp-json\/wp\/v2\/product\/311563\/revisions"}],"predecessor-version":[{"id":311567,"href":"https:\/\/theuncommonshop.ch\/fr\/wp-json\/wp\/v2\/product\/311563\/revisions\/311567"}],"wp:featuredmedia":[{"embeddable":true,"href":"https:\/\/theuncommonshop.ch\/fr\/wp-json\/wp\/v2\/media\/270465"}],"wp:attachment":[{"href":"https:\/\/theuncommonshop.ch\/fr\/wp-json\/wp\/v2\/media?parent=311563"}],"wp:term":[{"taxonomy":"product_brand","embeddable":true,"href":"https:\/\/theuncommonshop.ch\/fr\/wp-json\/wp\/v2\/product_brand?post=311563"},{"taxonomy":"product_cat","embeddable":true,"href":"https:\/\/theuncommonshop.ch\/fr\/wp-json\/wp\/v2\/product_cat?post=311563"},{"taxonomy":"product_tag","embeddable":true,"href":"https:\/\/theuncommonshop.ch\/fr\/wp-json\/wp\/v2\/product_tag?post=311563"}],"curies":[{"name":"wp","href":"https:\/\/api.w.org\/{rel}","templated":true}]}}