{"id":311470,"date":"2025-12-31T03:16:39","date_gmt":"2025-12-31T03:16:39","guid":{"rendered":"http:\/\/theuncommonshop.ch\/produkt\/311470\/"},"modified":"2026-03-31T19:02:42","modified_gmt":"2026-03-31T17:02:42","slug":"topps-disney-wonder-2025-winter-mega-box-en-2","status":"publish","type":"product","link":"https:\/\/theuncommonshop.ch\/fr\/product\/topps-disney-wonder-2025-winter-mega-box-en-2\/","title":{"rendered":"Topps &#8211; Disney Wonder 2025 &#8211; Winter Mega Box"},"content":{"rendered":"<p>Plongez dans les merveilles et la magie de Disney avec la premi\u00e8re \u00e9dition de 2025 Topps Disney Wonder.<\/p>\n<p>Cette collection enchanteresse comprend un set de base de 190 cartes, divis\u00e9 en niveaux 1, niveau 2, m\u00e9chants et princesses sp\u00e9cialement con\u00e7us. Des h\u00e9ros et princesses populaires aux familles royales et aux m\u00e9chants notoires, Disney Wonder donne vie \u00e0 l&#8217;ensemble de l&#8217;univers Disney dans de nouveaux designs \u00e9poustouflants. <\/p>\n<p>Les collectionneurs peuvent \u00e9galement obtenir des autographes enchant\u00e9s en \u00e9dition limit\u00e9e, des cartes de croquis magnifiquement illustr\u00e9es et une s\u00e9rie de suppl\u00e9ments fascinants. Furry Friends (1:4 Packs) c\u00e9l\u00e8bre les adorables compagnons et Sidekicks de toutes les franchises Disney. Castles, Cottages, and Casas (1:9 Packs) pr\u00e9sente les maisons et habitations embl\u00e9matiques des personnages Disney les plus m\u00e9morables. Tapestries (1:9 Hobby Box Packs) pr\u00e9sente de magnifiques \u0153uvres d&#8217;art originales mettant en sc\u00e8ne les personnages pr\u00e9f\u00e9r\u00e9s des fans dans des designs de style tapisserie \u00e0 collectionner. &#8220;Greeting&#8217;s From&#8230;&#8221; (paquets 1:9) emm\u00e8ne les fans dans un voyage de style carte postale vers des lieux embl\u00e9matiques de Disney. La collection est compl\u00e9t\u00e9e par le suppl\u00e9ment du 75e anniversaire de Cendrillon (paquets 1:9), un ensemble sp\u00e9cial de storytelling qui raconte l&#8217;histoire intemporelle de l&#8217;une des princesses les plus embl\u00e9matiques de Disney.     <\/p>\n<p>Avec de la magie dans chaque paquet, 2025 Topps Disney Wonder est le moyen ultime de collectionner les personnages, les histoires et les \u0153uvres d&#8217;art qui font Disney.<\/p>\n<p>Trouvez 3 personnages exclusifs de Frozen par bo\u00eete<\/p>\n<p>4 cartes par paquet, 15 paquets par bo\u00eete<\/p>\n","protected":false},"excerpt":{"rendered":"<p>Plongez dans les merveilles et la magie de Disney avec la premi\u00e8re \u00e9dition de 2025 Topps Disney Wonder. Cette collection<\/p>\n","protected":false},"featured_media":269942,"comment_status":"open","ping_status":"closed","template":"","meta":{"_acf_changed":false},"product_brand":[5130],"product_cat":[9785,9797,10325],"product_tag":[],"class_list":{"0":"post-311470","1":"product","2":"type-product","3":"status-publish","4":"has-post-thumbnail","6":"product_brand-topps","7":"product_cat-autres-cartes-a-collectionner","8":"product_cat-cartes-topps","9":"product_cat-cartes-topps-fantasy","11":"first","12":"instock","13":"sale","14":"taxable","15":"shipping-taxable","16":"purchasable","17":"product-type-variable"},"acf":[],"yoast_head":"<!-- This site is optimized with the Yoast SEO plugin v27.4 - https:\/\/yoast.com\/product\/yoast-seo-wordpress\/ -->\n<title>Ach\u00e8te Topps - Disney Wonder 2025 - Winter Mega Box<\/title>\n<meta name=\"description\" content=\"Ach\u00e8te Topps - Disney Wonder 2025 - Winter Mega Box en ligne maintenant \u00e0 petit prix! Ton #1 shop pour cartes TCG &amp; Pok\u00e9mon en Suisse \u2713 Livraison gratuite d\u00e8s CHF 29\" \/>\n<meta name=\"robots\" content=\"index, follow, max-snippet:-1, max-image-preview:large, max-video-preview:-1\" \/>\n<link rel=\"canonical\" href=\"https:\/\/theuncommonshop.ch\/fr\/product\/topps-disney-wonder-2025-winter-mega-box-en-2\/\" \/>\n<meta property=\"og:locale\" content=\"fr_FR\" \/>\n<meta property=\"og:type\" content=\"article\" \/>\n<meta property=\"og:title\" content=\"Ach\u00e8te Topps - Disney Wonder 2025 - Winter Mega Box\" \/>\n<meta property=\"og:description\" content=\"Ach\u00e8te Topps - Disney Wonder 2025 - Winter Mega Box en ligne maintenant \u00e0 petit prix! Ton #1 shop pour cartes TCG &amp; Pok\u00e9mon en Suisse \u2713 Livraison gratuite d\u00e8s CHF 29\" \/>\n<meta property=\"og:url\" content=\"https:\/\/theuncommonshop.ch\/fr\/product\/topps-disney-wonder-2025-winter-mega-box-en-2\/\" \/>\n<meta property=\"og:site_name\" content=\"Largest trading card shop in Switzerland\" \/>\n<meta property=\"article:modified_time\" content=\"2026-03-31T17:02:42+00:00\" \/>\n<meta property=\"og:image\" content=\"https:\/\/theuncommonshop.ch\/wp-content\/uploads\/2025\/12\/5308884433.webp\" \/>\n\t<meta property=\"og:image:width\" content=\"750\" \/>\n\t<meta property=\"og:image:height\" content=\"1050\" \/>\n\t<meta property=\"og:image:type\" content=\"image\/webp\" \/>\n<meta name=\"twitter:card\" content=\"summary_large_image\" \/>\n<meta name=\"twitter:label1\" content=\"Disponibilit\u00e9\" \/>\n\t<meta name=\"twitter:data1\" content=\"En stock\" \/>\n<script type=\"application\/ld+json\" class=\"yoast-schema-graph\">{\"@context\":\"https:\\\/\\\/schema.org\",\"@graph\":[{\"@type\":\"WebPage\",\"@id\":\"https:\\\/\\\/theuncommonshop.ch\\\/fr\\\/product\\\/topps-disney-wonder-2025-winter-mega-box-en-2\\\/\",\"url\":\"https:\\\/\\\/theuncommonshop.ch\\\/fr\\\/product\\\/topps-disney-wonder-2025-winter-mega-box-en-2\\\/\",\"name\":\"Ach\u00e8te Topps - Disney Wonder 2025 - Winter Mega Box\",\"isPartOf\":{\"@id\":\"https:\\\/\\\/theuncommonshop.ch\\\/#website\"},\"primaryImageOfPage\":{\"@id\":\"https:\\\/\\\/theuncommonshop.ch\\\/fr\\\/product\\\/topps-disney-wonder-2025-winter-mega-box-en-2\\\/#primaryimage\"},\"image\":{\"@id\":\"https:\\\/\\\/theuncommonshop.ch\\\/fr\\\/product\\\/topps-disney-wonder-2025-winter-mega-box-en-2\\\/#primaryimage\"},\"thumbnailUrl\":\"https:\\\/\\\/theuncommonshop.ch\\\/wp-content\\\/uploads\\\/2025\\\/12\\\/5308884433.webp\",\"datePublished\":\"2025-12-31T03:16:39+00:00\",\"dateModified\":\"2026-03-31T17:02:42+00:00\",\"description\":\"Ach\u00e8te Topps - Disney Wonder 2025 - Winter Mega Box en ligne maintenant \u00e0 petit prix! Ton #1 shop pour cartes TCG & Pok\u00e9mon en Suisse \u2713 Livraison gratuite d\u00e8s CHF 29\",\"breadcrumb\":{\"@id\":\"https:\\\/\\\/theuncommonshop.ch\\\/fr\\\/product\\\/topps-disney-wonder-2025-winter-mega-box-en-2\\\/#breadcrumb\"},\"inLanguage\":\"fr-FR\",\"potentialAction\":[{\"@type\":\"ReadAction\",\"target\":[\"https:\\\/\\\/theuncommonshop.ch\\\/fr\\\/product\\\/topps-disney-wonder-2025-winter-mega-box-en-2\\\/\"]}]},{\"@type\":\"ImageObject\",\"inLanguage\":\"fr-FR\",\"@id\":\"https:\\\/\\\/theuncommonshop.ch\\\/fr\\\/product\\\/topps-disney-wonder-2025-winter-mega-box-en-2\\\/#primaryimage\",\"url\":\"https:\\\/\\\/theuncommonshop.ch\\\/wp-content\\\/uploads\\\/2025\\\/12\\\/5308884433.webp\",\"contentUrl\":\"https:\\\/\\\/theuncommonshop.ch\\\/wp-content\\\/uploads\\\/2025\\\/12\\\/5308884433.webp\",\"width\":750,\"height\":1050},{\"@type\":\"BreadcrumbList\",\"@id\":\"https:\\\/\\\/theuncommonshop.ch\\\/fr\\\/product\\\/topps-disney-wonder-2025-winter-mega-box-en-2\\\/#breadcrumb\",\"itemListElement\":[{\"@type\":\"ListItem\",\"position\":1,\"name\":\"Accueil\",\"item\":\"https:\\\/\\\/theuncommonshop.ch\\\/fr\\\/accueil\\\/\"},{\"@type\":\"ListItem\",\"position\":2,\"name\":\"Boutique\",\"item\":\"https:\\\/\\\/theuncommonshop.ch\\\/fr\\\/boutique\\\/\"},{\"@type\":\"ListItem\",\"position\":3,\"name\":\"Weitere Sammelkarten\",\"item\":\"https:\\\/\\\/theuncommonshop.ch\\\/produktkategorie\\\/weitere-sammelkarten\\\/\"},{\"@type\":\"ListItem\",\"position\":4,\"name\":\"Topps Karten\",\"item\":\"https:\\\/\\\/theuncommonshop.ch\\\/produktkategorie\\\/weitere-sammelkarten\\\/topps-karten\\\/\"},{\"@type\":\"ListItem\",\"position\":5,\"name\":\"Topps Fantasy Karten\",\"item\":\"https:\\\/\\\/theuncommonshop.ch\\\/produktkategorie\\\/weitere-sammelkarten\\\/topps-karten\\\/topps-fantasy-karten\\\/\"},{\"@type\":\"ListItem\",\"position\":6,\"name\":\"Topps &#8211; Disney Wonder 2025 &#8211; Winter Mega Box\"}]},{\"@type\":\"WebSite\",\"@id\":\"https:\\\/\\\/theuncommonshop.ch\\\/#website\",\"url\":\"https:\\\/\\\/theuncommonshop.ch\\\/\",\"name\":\"Largest trading card shop in Switzerland\",\"description\":\"Magic, Pok\u00e9mon and Yu-gi-oh - The Uncommon Shop\",\"potentialAction\":[{\"@type\":\"SearchAction\",\"target\":{\"@type\":\"EntryPoint\",\"urlTemplate\":\"https:\\\/\\\/theuncommonshop.ch\\\/?s={search_term_string}\"},\"query-input\":{\"@type\":\"PropertyValueSpecification\",\"valueRequired\":true,\"valueName\":\"search_term_string\"}}],\"inLanguage\":\"fr-FR\"}]}<\/script>\n<meta property=\"og:availability\" content=\"instock\" \/>\n<meta property=\"product:availability\" content=\"instock\" \/>\n<meta property=\"product:retailer_item_id\" content=\"ZU.XIX.D.ToppsDisneyWonder25WinterMegaBox\" \/>\n<meta property=\"product:condition\" content=\"new\" \/>\n<!-- \/ Yoast SEO plugin. -->","yoast_head_json":{"title":"Ach\u00e8te Topps - Disney Wonder 2025 - Winter Mega Box","description":"Ach\u00e8te Topps - Disney Wonder 2025 - Winter Mega Box en ligne maintenant \u00e0 petit prix! Ton #1 shop pour cartes TCG & Pok\u00e9mon en Suisse \u2713 Livraison gratuite d\u00e8s CHF 29","robots":{"index":"index","follow":"follow","max-snippet":"max-snippet:-1","max-image-preview":"max-image-preview:large","max-video-preview":"max-video-preview:-1"},"canonical":"https:\/\/theuncommonshop.ch\/fr\/product\/topps-disney-wonder-2025-winter-mega-box-en-2\/","og_locale":"fr_FR","og_type":"article","og_title":"Ach\u00e8te Topps - Disney Wonder 2025 - Winter Mega Box","og_description":"Ach\u00e8te Topps - Disney Wonder 2025 - Winter Mega Box en ligne maintenant \u00e0 petit prix! Ton #1 shop pour cartes TCG & Pok\u00e9mon en Suisse \u2713 Livraison gratuite d\u00e8s CHF 29","og_url":"https:\/\/theuncommonshop.ch\/fr\/product\/topps-disney-wonder-2025-winter-mega-box-en-2\/","og_site_name":"Largest trading card shop in Switzerland","article_modified_time":"2026-03-31T17:02:42+00:00","og_image":[{"width":750,"height":1050,"url":"https:\/\/theuncommonshop.ch\/wp-content\/uploads\/2025\/12\/5308884433.webp","type":"image\/webp"}],"twitter_card":"summary_large_image","twitter_misc":{"Disponibilit\u00e9":"En stock"},"schema":{"@context":"https:\/\/schema.org","@graph":[{"@type":"WebPage","@id":"https:\/\/theuncommonshop.ch\/fr\/product\/topps-disney-wonder-2025-winter-mega-box-en-2\/","url":"https:\/\/theuncommonshop.ch\/fr\/product\/topps-disney-wonder-2025-winter-mega-box-en-2\/","name":"Ach\u00e8te Topps - Disney Wonder 2025 - Winter Mega Box","isPartOf":{"@id":"https:\/\/theuncommonshop.ch\/#website"},"primaryImageOfPage":{"@id":"https:\/\/theuncommonshop.ch\/fr\/product\/topps-disney-wonder-2025-winter-mega-box-en-2\/#primaryimage"},"image":{"@id":"https:\/\/theuncommonshop.ch\/fr\/product\/topps-disney-wonder-2025-winter-mega-box-en-2\/#primaryimage"},"thumbnailUrl":"https:\/\/theuncommonshop.ch\/wp-content\/uploads\/2025\/12\/5308884433.webp","datePublished":"2025-12-31T03:16:39+00:00","dateModified":"2026-03-31T17:02:42+00:00","description":"Ach\u00e8te Topps - Disney Wonder 2025 - Winter Mega Box en ligne maintenant \u00e0 petit prix! Ton #1 shop pour cartes TCG & Pok\u00e9mon en Suisse \u2713 Livraison gratuite d\u00e8s CHF 29","breadcrumb":{"@id":"https:\/\/theuncommonshop.ch\/fr\/product\/topps-disney-wonder-2025-winter-mega-box-en-2\/#breadcrumb"},"inLanguage":"fr-FR","potentialAction":[{"@type":"ReadAction","target":["https:\/\/theuncommonshop.ch\/fr\/product\/topps-disney-wonder-2025-winter-mega-box-en-2\/"]}]},{"@type":"ImageObject","inLanguage":"fr-FR","@id":"https:\/\/theuncommonshop.ch\/fr\/product\/topps-disney-wonder-2025-winter-mega-box-en-2\/#primaryimage","url":"https:\/\/theuncommonshop.ch\/wp-content\/uploads\/2025\/12\/5308884433.webp","contentUrl":"https:\/\/theuncommonshop.ch\/wp-content\/uploads\/2025\/12\/5308884433.webp","width":750,"height":1050},{"@type":"BreadcrumbList","@id":"https:\/\/theuncommonshop.ch\/fr\/product\/topps-disney-wonder-2025-winter-mega-box-en-2\/#breadcrumb","itemListElement":[{"@type":"ListItem","position":1,"name":"Accueil","item":"https:\/\/theuncommonshop.ch\/fr\/accueil\/"},{"@type":"ListItem","position":2,"name":"Boutique","item":"https:\/\/theuncommonshop.ch\/fr\/boutique\/"},{"@type":"ListItem","position":3,"name":"Weitere Sammelkarten","item":"https:\/\/theuncommonshop.ch\/produktkategorie\/weitere-sammelkarten\/"},{"@type":"ListItem","position":4,"name":"Topps Karten","item":"https:\/\/theuncommonshop.ch\/produktkategorie\/weitere-sammelkarten\/topps-karten\/"},{"@type":"ListItem","position":5,"name":"Topps Fantasy Karten","item":"https:\/\/theuncommonshop.ch\/produktkategorie\/weitere-sammelkarten\/topps-karten\/topps-fantasy-karten\/"},{"@type":"ListItem","position":6,"name":"Topps &#8211; Disney Wonder 2025 &#8211; Winter Mega Box"}]},{"@type":"WebSite","@id":"https:\/\/theuncommonshop.ch\/#website","url":"https:\/\/theuncommonshop.ch\/","name":"Largest trading card shop in Switzerland","description":"Magic, Pok\u00e9mon and Yu-gi-oh - The Uncommon Shop","potentialAction":[{"@type":"SearchAction","target":{"@type":"EntryPoint","urlTemplate":"https:\/\/theuncommonshop.ch\/?s={search_term_string}"},"query-input":{"@type":"PropertyValueSpecification","valueRequired":true,"valueName":"search_term_string"}}],"inLanguage":"fr-FR"}]},"og_availability":"instock","product_availability":"instock","product_retailer_item_id":"ZU.XIX.D.ToppsDisneyWonder25WinterMegaBox","product_condition":"new"},"_links":{"self":[{"href":"https:\/\/theuncommonshop.ch\/fr\/wp-json\/wp\/v2\/product\/311470","targetHints":{"allow":["GET"]}}],"collection":[{"href":"https:\/\/theuncommonshop.ch\/fr\/wp-json\/wp\/v2\/product"}],"about":[{"href":"https:\/\/theuncommonshop.ch\/fr\/wp-json\/wp\/v2\/types\/product"}],"replies":[{"embeddable":true,"href":"https:\/\/theuncommonshop.ch\/fr\/wp-json\/wp\/v2\/comments?post=311470"}],"version-history":[{"count":2,"href":"https:\/\/theuncommonshop.ch\/fr\/wp-json\/wp\/v2\/product\/311470\/revisions"}],"predecessor-version":[{"id":365261,"href":"https:\/\/theuncommonshop.ch\/fr\/wp-json\/wp\/v2\/product\/311470\/revisions\/365261"}],"wp:featuredmedia":[{"embeddable":true,"href":"https:\/\/theuncommonshop.ch\/fr\/wp-json\/wp\/v2\/media\/269942"}],"wp:attachment":[{"href":"https:\/\/theuncommonshop.ch\/fr\/wp-json\/wp\/v2\/media?parent=311470"}],"wp:term":[{"taxonomy":"product_brand","embeddable":true,"href":"https:\/\/theuncommonshop.ch\/fr\/wp-json\/wp\/v2\/product_brand?post=311470"},{"taxonomy":"product_cat","embeddable":true,"href":"https:\/\/theuncommonshop.ch\/fr\/wp-json\/wp\/v2\/product_cat?post=311470"},{"taxonomy":"product_tag","embeddable":true,"href":"https:\/\/theuncommonshop.ch\/fr\/wp-json\/wp\/v2\/product_tag?post=311470"}],"curies":[{"name":"wp","href":"https:\/\/api.w.org\/{rel}","templated":true}]}}