{"id":311427,"date":"2025-12-31T03:22:00","date_gmt":"2025-12-31T02:22:00","guid":{"rendered":"http:\/\/theuncommonshop.ch\/produkt\/311427\/"},"modified":"2026-04-15T16:37:01","modified_gmt":"2026-04-15T14:37:01","slug":"magic-teenage-mutant-ninja-turtles-tmt-pizza-bundle-3","status":"publish","type":"product","link":"https:\/\/theuncommonshop.ch\/fr\/product\/magic-teenage-mutant-ninja-turtles-tmt-pizza-bundle-3\/","title":{"rendered":"Magic &#8211; Teenage Mutant Ninja Turtles (TMT) &#8211; Pizza Bundle"},"content":{"rendered":"<p><strong>Magic &#8211; Teenage Mutant Ninja Turtles (TMT) &#8211; Pizza Bundle<\/strong><\/p>\n<p>UTILISEZ LE POUVOIR DES TORTUES &#8211; Magic re\u00e7oit une quadruple dose de chaos mutag\u00e8ne lorsque les Teenage Mutant Ninja Turtles font leurs d\u00e9buts sur le champ de bataille !<\/p>\n<p>Prenez un grand morceau de magie avec tout le reste &#8211; Appel \u00e0 tous les fans de TMNT et de Magic : peu importe comment vous le tournez, ce bundle chaud et frais tient vraiment ses promesses ! Ouvrez le couvercle et vous serez accueilli par neuf Play Booster Packs Turtle-tastique, 25 pays standard et bien plus encore. <\/p>\n<p>REMPLI D&#8217;OBJETS EXCLUSIFS &#8211; Contient un Spindown surdimensionn\u00e9, des terrains standard avec des illustrations compl\u00e8tes et des cartes avec des motifs de pizza. N&#8217;oubliez pas la cerise (tomate) sur le g\u00e2teau &#8211; un Collector Booster plein de Rares et de Foils ! <\/p>\n<p>CONTIENT UN CHAUD BOOSTER COLLECTEUR &#8211; Contient un pack Collector Booster rempli de cartes rares et\/ou mythiques avec des motifs de tortues, des cartes Foil traditionnelles et un pays Full Art. Vous pourriez m\u00eame trouver des cartes Borderless aussi nostalgiques que le fromage sur une part de pizza. <\/p>\n<p>BIENVENUE DANS THE GATHERING &#8211; Magic : The Gathering est un jeu de cartes \u00e0 collectionner qui combine des strat\u00e9gies profondes, des \u0153uvres d&#8217;art magnifiques, des histoires fantastiques et une communaut\u00e9 de fans florissante pour cr\u00e9er une exp\u00e9rience de jeu de cartes in\u00e9gal\u00e9e.<\/p>\n<p>CONTENU &#8211; 9 Boosters de jeu, 1 Booster de collection, 2 cartes promotionnelles sur 6, 5 terrains de base traditionnels Foil plein \u00e9cran, 25 terrains de base r\u00e9guliers plein \u00e9cran, 1 compteur de points de vie sp\u00e9cial Spindown<\/p>\n","protected":false},"excerpt":{"rendered":"<p>Magic &#8211; Teenage Mutant Ninja Turtles (TMT) &#8211; Pizza Bundle UTILISEZ LE POUVOIR DES TORTUES &#8211; Magic re\u00e7oit une quadruple<\/p>\n","protected":false},"featured_media":268208,"comment_status":"open","ping_status":"closed","template":"","meta":{"_acf_changed":false},"product_brand":[5168],"product_cat":[9971,10283],"product_tag":[],"class_list":{"0":"post-311427","1":"product","2":"type-product","3":"status-publish","4":"has-post-thumbnail","6":"product_brand-magic-the-gathering","7":"product_cat-bundles-fr","8":"product_cat-teenage-mutant-ninja-turtles-fr","10":"first","11":"instock","12":"taxable","13":"shipping-taxable","14":"purchasable","15":"product-type-variable"},"acf":[],"yoast_head":"<!-- This site is optimized with the Yoast SEO plugin v27.4 - https:\/\/yoast.com\/product\/yoast-seo-wordpress\/ -->\n<title>Ach\u00e8te Magic - Teenage Mutant Ninja Turtles (TMT) - Pizza Bundle<\/title>\n<meta name=\"description\" content=\"Ach\u00e8te Magic - Teenage Mutant Ninja Turtles (TMT) - Pizza Bundle en ligne maintenant \u00e0 petit prix! Ton #1 shop pour cartes TCG &amp; Pok\u00e9mon en Suisse \u2713 Livraison gratuite d\u00e8s CHF 29\" \/>\n<meta name=\"robots\" content=\"index, follow, max-snippet:-1, max-image-preview:large, max-video-preview:-1\" \/>\n<link rel=\"canonical\" href=\"https:\/\/theuncommonshop.ch\/fr\/product\/magic-teenage-mutant-ninja-turtles-tmt-pizza-bundle-3\/\" \/>\n<meta property=\"og:locale\" content=\"fr_FR\" \/>\n<meta property=\"og:type\" content=\"article\" \/>\n<meta property=\"og:title\" content=\"Ach\u00e8te Magic - Teenage Mutant Ninja Turtles (TMT) - Pizza Bundle\" \/>\n<meta property=\"og:description\" content=\"Ach\u00e8te Magic - Teenage Mutant Ninja Turtles (TMT) - Pizza Bundle en ligne maintenant \u00e0 petit prix! Ton #1 shop pour cartes TCG &amp; Pok\u00e9mon en Suisse \u2713 Livraison gratuite d\u00e8s CHF 29\" \/>\n<meta property=\"og:url\" content=\"https:\/\/theuncommonshop.ch\/fr\/product\/magic-teenage-mutant-ninja-turtles-tmt-pizza-bundle-3\/\" \/>\n<meta property=\"og:site_name\" content=\"Largest trading card shop in Switzerland\" \/>\n<meta property=\"article:modified_time\" content=\"2026-04-15T14:37:01+00:00\" \/>\n<meta property=\"og:image\" content=\"https:\/\/theuncommonshop.ch\/wp-content\/uploads\/2025\/12\/5272308769.png\" \/>\n\t<meta property=\"og:image:width\" content=\"900\" \/>\n\t<meta property=\"og:image:height\" content=\"590\" \/>\n\t<meta property=\"og:image:type\" content=\"image\/png\" \/>\n<meta name=\"twitter:card\" content=\"summary_large_image\" \/>\n<meta name=\"twitter:label1\" content=\"Disponibilit\u00e9\" \/>\n\t<meta name=\"twitter:data1\" content=\"En stock\" \/>\n<script type=\"application\/ld+json\" class=\"yoast-schema-graph\">{\"@context\":\"https:\\\/\\\/schema.org\",\"@graph\":[{\"@type\":\"WebPage\",\"@id\":\"https:\\\/\\\/theuncommonshop.ch\\\/fr\\\/product\\\/magic-teenage-mutant-ninja-turtles-tmt-pizza-bundle-3\\\/\",\"url\":\"https:\\\/\\\/theuncommonshop.ch\\\/fr\\\/product\\\/magic-teenage-mutant-ninja-turtles-tmt-pizza-bundle-3\\\/\",\"name\":\"Ach\u00e8te Magic - Teenage Mutant Ninja Turtles (TMT) - Pizza Bundle\",\"isPartOf\":{\"@id\":\"https:\\\/\\\/theuncommonshop.ch\\\/#website\"},\"primaryImageOfPage\":{\"@id\":\"https:\\\/\\\/theuncommonshop.ch\\\/fr\\\/product\\\/magic-teenage-mutant-ninja-turtles-tmt-pizza-bundle-3\\\/#primaryimage\"},\"image\":{\"@id\":\"https:\\\/\\\/theuncommonshop.ch\\\/fr\\\/product\\\/magic-teenage-mutant-ninja-turtles-tmt-pizza-bundle-3\\\/#primaryimage\"},\"thumbnailUrl\":\"https:\\\/\\\/theuncommonshop.ch\\\/wp-content\\\/uploads\\\/2025\\\/12\\\/5272308769.png\",\"datePublished\":\"2025-12-31T02:22:00+00:00\",\"dateModified\":\"2026-04-15T14:37:01+00:00\",\"description\":\"Ach\u00e8te Magic - Teenage Mutant Ninja Turtles (TMT) - Pizza Bundle en ligne maintenant \u00e0 petit prix! Ton #1 shop pour cartes TCG & Pok\u00e9mon en Suisse \u2713 Livraison gratuite d\u00e8s CHF 29\",\"breadcrumb\":{\"@id\":\"https:\\\/\\\/theuncommonshop.ch\\\/fr\\\/product\\\/magic-teenage-mutant-ninja-turtles-tmt-pizza-bundle-3\\\/#breadcrumb\"},\"inLanguage\":\"fr-FR\",\"potentialAction\":[{\"@type\":\"ReadAction\",\"target\":[\"https:\\\/\\\/theuncommonshop.ch\\\/fr\\\/product\\\/magic-teenage-mutant-ninja-turtles-tmt-pizza-bundle-3\\\/\"]}]},{\"@type\":\"ImageObject\",\"inLanguage\":\"fr-FR\",\"@id\":\"https:\\\/\\\/theuncommonshop.ch\\\/fr\\\/product\\\/magic-teenage-mutant-ninja-turtles-tmt-pizza-bundle-3\\\/#primaryimage\",\"url\":\"https:\\\/\\\/theuncommonshop.ch\\\/wp-content\\\/uploads\\\/2025\\\/12\\\/5272308769.png\",\"contentUrl\":\"https:\\\/\\\/theuncommonshop.ch\\\/wp-content\\\/uploads\\\/2025\\\/12\\\/5272308769.png\",\"width\":900,\"height\":590},{\"@type\":\"BreadcrumbList\",\"@id\":\"https:\\\/\\\/theuncommonshop.ch\\\/fr\\\/product\\\/magic-teenage-mutant-ninja-turtles-tmt-pizza-bundle-3\\\/#breadcrumb\",\"itemListElement\":[{\"@type\":\"ListItem\",\"position\":1,\"name\":\"Accueil\",\"item\":\"https:\\\/\\\/theuncommonshop.ch\\\/fr\\\/accueil\\\/\"},{\"@type\":\"ListItem\",\"position\":2,\"name\":\"Boutique\",\"item\":\"https:\\\/\\\/theuncommonshop.ch\\\/fr\\\/boutique\\\/\"},{\"@type\":\"ListItem\",\"position\":3,\"name\":\"Magic the Gathering\",\"item\":\"https:\\\/\\\/theuncommonshop.ch\\\/fr\\\/categorie-produit\\\/magic-the-gathering-fr\\\/\"},{\"@type\":\"ListItem\",\"position\":4,\"name\":\"Produits par lots\",\"item\":\"https:\\\/\\\/theuncommonshop.ch\\\/fr\\\/categorie-produit\\\/magic-the-gathering-fr\\\/produits-par-lots-mtg\\\/\"},{\"@type\":\"ListItem\",\"position\":5,\"name\":\"Teenage Mutant Ninja Turtles\",\"item\":\"https:\\\/\\\/theuncommonshop.ch\\\/fr\\\/categorie-produit\\\/magic-the-gathering-fr\\\/produits-par-lots-mtg\\\/teenage-mutant-ninja-turtles-fr\\\/\"},{\"@type\":\"ListItem\",\"position\":6,\"name\":\"Magic &#8211; Teenage Mutant Ninja Turtles (TMT) &#8211; Pizza Bundle\"}]},{\"@type\":\"WebSite\",\"@id\":\"https:\\\/\\\/theuncommonshop.ch\\\/#website\",\"url\":\"https:\\\/\\\/theuncommonshop.ch\\\/\",\"name\":\"Largest trading card shop in Switzerland\",\"description\":\"Magic, Pok\u00e9mon and Yu-gi-oh - The Uncommon Shop\",\"potentialAction\":[{\"@type\":\"SearchAction\",\"target\":{\"@type\":\"EntryPoint\",\"urlTemplate\":\"https:\\\/\\\/theuncommonshop.ch\\\/?s={search_term_string}\"},\"query-input\":{\"@type\":\"PropertyValueSpecification\",\"valueRequired\":true,\"valueName\":\"search_term_string\"}}],\"inLanguage\":\"fr-FR\"}]}<\/script>\n<meta property=\"og:availability\" content=\"instock\" \/>\n<meta property=\"product:availability\" content=\"instock\" \/>\n<meta property=\"product:condition\" content=\"new\" \/>\n<!-- \/ Yoast SEO plugin. -->","yoast_head_json":{"title":"Ach\u00e8te Magic - Teenage Mutant Ninja Turtles (TMT) - Pizza Bundle","description":"Ach\u00e8te Magic - Teenage Mutant Ninja Turtles (TMT) - Pizza Bundle en ligne maintenant \u00e0 petit prix! Ton #1 shop pour cartes TCG & Pok\u00e9mon en Suisse \u2713 Livraison gratuite d\u00e8s CHF 29","robots":{"index":"index","follow":"follow","max-snippet":"max-snippet:-1","max-image-preview":"max-image-preview:large","max-video-preview":"max-video-preview:-1"},"canonical":"https:\/\/theuncommonshop.ch\/fr\/product\/magic-teenage-mutant-ninja-turtles-tmt-pizza-bundle-3\/","og_locale":"fr_FR","og_type":"article","og_title":"Ach\u00e8te Magic - Teenage Mutant Ninja Turtles (TMT) - Pizza Bundle","og_description":"Ach\u00e8te Magic - Teenage Mutant Ninja Turtles (TMT) - Pizza Bundle en ligne maintenant \u00e0 petit prix! Ton #1 shop pour cartes TCG & Pok\u00e9mon en Suisse \u2713 Livraison gratuite d\u00e8s CHF 29","og_url":"https:\/\/theuncommonshop.ch\/fr\/product\/magic-teenage-mutant-ninja-turtles-tmt-pizza-bundle-3\/","og_site_name":"Largest trading card shop in Switzerland","article_modified_time":"2026-04-15T14:37:01+00:00","og_image":[{"width":900,"height":590,"url":"https:\/\/theuncommonshop.ch\/wp-content\/uploads\/2025\/12\/5272308769.png","type":"image\/png"}],"twitter_card":"summary_large_image","twitter_misc":{"Disponibilit\u00e9":"En stock"},"schema":{"@context":"https:\/\/schema.org","@graph":[{"@type":"WebPage","@id":"https:\/\/theuncommonshop.ch\/fr\/product\/magic-teenage-mutant-ninja-turtles-tmt-pizza-bundle-3\/","url":"https:\/\/theuncommonshop.ch\/fr\/product\/magic-teenage-mutant-ninja-turtles-tmt-pizza-bundle-3\/","name":"Ach\u00e8te Magic - Teenage Mutant Ninja Turtles (TMT) - Pizza Bundle","isPartOf":{"@id":"https:\/\/theuncommonshop.ch\/#website"},"primaryImageOfPage":{"@id":"https:\/\/theuncommonshop.ch\/fr\/product\/magic-teenage-mutant-ninja-turtles-tmt-pizza-bundle-3\/#primaryimage"},"image":{"@id":"https:\/\/theuncommonshop.ch\/fr\/product\/magic-teenage-mutant-ninja-turtles-tmt-pizza-bundle-3\/#primaryimage"},"thumbnailUrl":"https:\/\/theuncommonshop.ch\/wp-content\/uploads\/2025\/12\/5272308769.png","datePublished":"2025-12-31T02:22:00+00:00","dateModified":"2026-04-15T14:37:01+00:00","description":"Ach\u00e8te Magic - Teenage Mutant Ninja Turtles (TMT) - Pizza Bundle en ligne maintenant \u00e0 petit prix! Ton #1 shop pour cartes TCG & Pok\u00e9mon en Suisse \u2713 Livraison gratuite d\u00e8s CHF 29","breadcrumb":{"@id":"https:\/\/theuncommonshop.ch\/fr\/product\/magic-teenage-mutant-ninja-turtles-tmt-pizza-bundle-3\/#breadcrumb"},"inLanguage":"fr-FR","potentialAction":[{"@type":"ReadAction","target":["https:\/\/theuncommonshop.ch\/fr\/product\/magic-teenage-mutant-ninja-turtles-tmt-pizza-bundle-3\/"]}]},{"@type":"ImageObject","inLanguage":"fr-FR","@id":"https:\/\/theuncommonshop.ch\/fr\/product\/magic-teenage-mutant-ninja-turtles-tmt-pizza-bundle-3\/#primaryimage","url":"https:\/\/theuncommonshop.ch\/wp-content\/uploads\/2025\/12\/5272308769.png","contentUrl":"https:\/\/theuncommonshop.ch\/wp-content\/uploads\/2025\/12\/5272308769.png","width":900,"height":590},{"@type":"BreadcrumbList","@id":"https:\/\/theuncommonshop.ch\/fr\/product\/magic-teenage-mutant-ninja-turtles-tmt-pizza-bundle-3\/#breadcrumb","itemListElement":[{"@type":"ListItem","position":1,"name":"Accueil","item":"https:\/\/theuncommonshop.ch\/fr\/accueil\/"},{"@type":"ListItem","position":2,"name":"Boutique","item":"https:\/\/theuncommonshop.ch\/fr\/boutique\/"},{"@type":"ListItem","position":3,"name":"Magic the Gathering","item":"https:\/\/theuncommonshop.ch\/fr\/categorie-produit\/magic-the-gathering-fr\/"},{"@type":"ListItem","position":4,"name":"Produits par lots","item":"https:\/\/theuncommonshop.ch\/fr\/categorie-produit\/magic-the-gathering-fr\/produits-par-lots-mtg\/"},{"@type":"ListItem","position":5,"name":"Teenage Mutant Ninja Turtles","item":"https:\/\/theuncommonshop.ch\/fr\/categorie-produit\/magic-the-gathering-fr\/produits-par-lots-mtg\/teenage-mutant-ninja-turtles-fr\/"},{"@type":"ListItem","position":6,"name":"Magic &#8211; Teenage Mutant Ninja Turtles (TMT) &#8211; Pizza Bundle"}]},{"@type":"WebSite","@id":"https:\/\/theuncommonshop.ch\/#website","url":"https:\/\/theuncommonshop.ch\/","name":"Largest trading card shop in Switzerland","description":"Magic, Pok\u00e9mon and Yu-gi-oh - The Uncommon Shop","potentialAction":[{"@type":"SearchAction","target":{"@type":"EntryPoint","urlTemplate":"https:\/\/theuncommonshop.ch\/?s={search_term_string}"},"query-input":{"@type":"PropertyValueSpecification","valueRequired":true,"valueName":"search_term_string"}}],"inLanguage":"fr-FR"}]},"og_availability":"instock","product_availability":"instock","product_condition":"new"},"_links":{"self":[{"href":"https:\/\/theuncommonshop.ch\/fr\/wp-json\/wp\/v2\/product\/311427","targetHints":{"allow":["GET"]}}],"collection":[{"href":"https:\/\/theuncommonshop.ch\/fr\/wp-json\/wp\/v2\/product"}],"about":[{"href":"https:\/\/theuncommonshop.ch\/fr\/wp-json\/wp\/v2\/types\/product"}],"replies":[{"embeddable":true,"href":"https:\/\/theuncommonshop.ch\/fr\/wp-json\/wp\/v2\/comments?post=311427"}],"version-history":[{"count":1,"href":"https:\/\/theuncommonshop.ch\/fr\/wp-json\/wp\/v2\/product\/311427\/revisions"}],"predecessor-version":[{"id":311431,"href":"https:\/\/theuncommonshop.ch\/fr\/wp-json\/wp\/v2\/product\/311427\/revisions\/311431"}],"wp:featuredmedia":[{"embeddable":true,"href":"https:\/\/theuncommonshop.ch\/fr\/wp-json\/wp\/v2\/media\/268208"}],"wp:attachment":[{"href":"https:\/\/theuncommonshop.ch\/fr\/wp-json\/wp\/v2\/media?parent=311427"}],"wp:term":[{"taxonomy":"product_brand","embeddable":true,"href":"https:\/\/theuncommonshop.ch\/fr\/wp-json\/wp\/v2\/product_brand?post=311427"},{"taxonomy":"product_cat","embeddable":true,"href":"https:\/\/theuncommonshop.ch\/fr\/wp-json\/wp\/v2\/product_cat?post=311427"},{"taxonomy":"product_tag","embeddable":true,"href":"https:\/\/theuncommonshop.ch\/fr\/wp-json\/wp\/v2\/product_tag?post=311427"}],"curies":[{"name":"wp","href":"https:\/\/api.w.org\/{rel}","templated":true}]}}