{"id":311374,"date":"2025-12-31T04:06:00","date_gmt":"2025-12-31T03:06:00","guid":{"rendered":"http:\/\/theuncommonshop.ch\/produkt\/311374\/"},"modified":"2026-03-31T18:28:43","modified_gmt":"2026-03-31T16:28:43","slug":"magic-secret-lair-city-styles-2-dressed-to-kill-3","status":"publish","type":"product","link":"https:\/\/theuncommonshop.ch\/fr\/product\/magic-secret-lair-city-styles-2-dressed-to-kill-3\/","title":{"rendered":"Magic &#8211; Secret Lair &#8211; City Styles 2 : Dressed to Kill"},"content":{"rendered":"<p data-start=\"57\" data-end=\"273\">Le drop <strong data-start=\"66\" data-end=\"122\">Magic &#8211; Secret Lair &#8211; City Styles 2 : Dressed to Kill<\/strong> fait partie de l&#8217;\u00e9dition limit\u00e9e <strong data-start=\"146\" data-end=\"187\"><span class=\"hover:entity-accent entity-underline inline cursor-pointer align-baseline\"><span class=\"whitespace-normal\">Secret Lair.<\/span><\/span><\/strong> et pr\u00e9sente des cartes Magic bien connues avec un design moderne et \u00e9l\u00e9gant.<\/p>\n<p data-start=\"275\" data-end=\"636\">Cette \u00e9dition met l&#8217;accent sur des repr\u00e9sentations \u00e9l\u00e9gantes de personnages dans un style d&#8217;inspiration urbaine. Les illustrations pr\u00e9sentent des personnages connus de l&#8217;univers de <em data-start=\"435\" data-end=\"457\">Magic : The Gathering<\/em> dans des tenues et des sc\u00e8nes r\u00e9interpr\u00e9t\u00e9es qui \u00e9voquent la mode, le style et la vie dans une grande ville fantastique. Cela donne aux cartes une toute nouvelle apparence.  <\/p>\n<p data-start=\"638\" data-end=\"848\">La combinaison de cartes populaires et d&#8217;artworks cr\u00e9atifs fait de cette chute de Secret Lair un ajout int\u00e9ressant pour les collectionneurs ainsi que pour les joueurs qui souhaitent utiliser des variantes de cartes sp\u00e9ciales dans leurs decks.<\/p>\n<h3 data-section-id=\"nbhvm8\" data-start=\"850\" data-end=\"860\">Contenu<\/h3>\n<p data-start=\"862\" data-end=\"1079\">&#8211; plusieurs <strong data-start=\"872\" data-end=\"945\">cartes Magic : The Gathering avec des illustrations exclusives de City Styles<\/strong><br data-start=\"945\" data-end=\"948\">&#8211; versions alternatives de cartes Magic connues<br data-start=\"998\" data-end=\"1001\">&#8211; <strong data-start=\"1014\" data-end=\"1042\">design de carte<\/strong> sp\u00e9cial <strong data-start=\"1014\" data-end=\"1042\">City Styles<\/strong><br data-start=\"1042\" data-end=\"1045\">&#8211; <strong data-start=\"1059\" data-end=\"1079\">Secret Lair Drop<\/strong> en \u00e9dition limit\u00e9e<\/p>\n<h3 data-section-id=\"15o9hpt\" data-start=\"1081\" data-end=\"1100\">Caract\u00e9ristiques du produit<\/h3>\n<p data-start=\"1102\" data-end=\"1316\">&#8211; <strong data-start=\"1104\" data-end=\"1116\">Produit :<\/strong> Magic &#8211; Secret Lair &#8211; City Styles 2 : Dressed to Kill<br data-start=\"1169\" data-end=\"1172\">&#8211; <strong data-start=\"1174\" data-end=\"1191\">Gamme de produits :<\/strong> Secret Lair<br data-start=\"1203\" data-end=\"1206\">&#8211; <strong data-start=\"1208\" data-end=\"1220\">Edition :<\/strong> City Styles Serie<br data-start=\"1238\" data-end=\"1241\">&#8211; Produit de collection limit\u00e9<br data-start=\"1269\" data-end=\"1272\">&#8211; Convient aux <strong data-start=\"1287\" data-end=\"1316\">collectionneurs et aux joueurs de Magic<\/strong><\/p>\n","protected":false},"excerpt":{"rendered":"<p>Le drop Magic &#8211; Secret Lair &#8211; City Styles 2 : Dressed to Kill fait partie de l&#8217;\u00e9dition limit\u00e9e Secret<\/p>\n","protected":false},"featured_media":269622,"comment_status":"open","ping_status":"closed","template":"","meta":{"_acf_changed":false},"product_brand":[5168,5158,5070],"product_cat":[9973,9967,10159],"product_tag":[],"class_list":{"0":"post-311374","1":"product","2":"type-product","3":"status-publish","4":"has-post-thumbnail","6":"product_brand-magic-the-gathering","8":"product_brand-wizards-of-the-coast","9":"product_cat-autres","10":"product_cat-magic-the-gathering-fr","11":"product_cat-secret-lair","13":"first","14":"instock","15":"taxable","16":"shipping-taxable","17":"purchasable","18":"product-type-variable"},"acf":[],"yoast_head":"<!-- This site is optimized with the Yoast SEO plugin v27.4 - https:\/\/yoast.com\/product\/yoast-seo-wordpress\/ -->\n<title>Ach\u00e8te Magic - Secret Lair - City Styles 2 : Dressed to Kill<\/title>\n<meta name=\"description\" content=\"Ach\u00e8te Magic - Secret Lair - City Styles 2 : Dressed to Kill en ligne maintenant \u00e0 petit prix! Ton #1 shop pour cartes TCG &amp; Pok\u00e9mon en Suisse \u2713 Livraison gratuite d\u00e8s CHF 29\" \/>\n<meta name=\"robots\" content=\"index, follow, max-snippet:-1, max-image-preview:large, max-video-preview:-1\" \/>\n<link rel=\"canonical\" href=\"https:\/\/theuncommonshop.ch\/fr\/product\/magic-secret-lair-city-styles-2-dressed-to-kill-3\/\" \/>\n<meta property=\"og:locale\" content=\"fr_FR\" \/>\n<meta property=\"og:type\" content=\"article\" \/>\n<meta property=\"og:title\" content=\"Ach\u00e8te Magic - Secret Lair - City Styles 2 : Dressed to Kill\" \/>\n<meta property=\"og:description\" content=\"Ach\u00e8te Magic - Secret Lair - City Styles 2 : Dressed to Kill en ligne maintenant \u00e0 petit prix! Ton #1 shop pour cartes TCG &amp; Pok\u00e9mon en Suisse \u2713 Livraison gratuite d\u00e8s CHF 29\" \/>\n<meta property=\"og:url\" content=\"https:\/\/theuncommonshop.ch\/fr\/product\/magic-secret-lair-city-styles-2-dressed-to-kill-3\/\" \/>\n<meta property=\"og:site_name\" content=\"Largest trading card shop in Switzerland\" \/>\n<meta property=\"article:modified_time\" content=\"2026-03-31T16:28:43+00:00\" \/>\n<meta property=\"og:image\" content=\"https:\/\/theuncommonshop.ch\/wp-content\/uploads\/2025\/12\/5303817356.webp\" \/>\n\t<meta property=\"og:image:width\" content=\"636\" \/>\n\t<meta property=\"og:image:height\" content=\"636\" \/>\n\t<meta property=\"og:image:type\" content=\"image\/webp\" \/>\n<meta name=\"twitter:card\" content=\"summary_large_image\" \/>\n<meta name=\"twitter:label1\" content=\"Disponibilit\u00e9\" \/>\n\t<meta name=\"twitter:data1\" content=\"En stock\" \/>\n<script type=\"application\/ld+json\" class=\"yoast-schema-graph\">{\"@context\":\"https:\\\/\\\/schema.org\",\"@graph\":[{\"@type\":\"WebPage\",\"@id\":\"https:\\\/\\\/theuncommonshop.ch\\\/fr\\\/product\\\/magic-secret-lair-city-styles-2-dressed-to-kill-3\\\/\",\"url\":\"https:\\\/\\\/theuncommonshop.ch\\\/fr\\\/product\\\/magic-secret-lair-city-styles-2-dressed-to-kill-3\\\/\",\"name\":\"Ach\u00e8te Magic - Secret Lair - City Styles 2 : Dressed to Kill\",\"isPartOf\":{\"@id\":\"https:\\\/\\\/theuncommonshop.ch\\\/#website\"},\"primaryImageOfPage\":{\"@id\":\"https:\\\/\\\/theuncommonshop.ch\\\/fr\\\/product\\\/magic-secret-lair-city-styles-2-dressed-to-kill-3\\\/#primaryimage\"},\"image\":{\"@id\":\"https:\\\/\\\/theuncommonshop.ch\\\/fr\\\/product\\\/magic-secret-lair-city-styles-2-dressed-to-kill-3\\\/#primaryimage\"},\"thumbnailUrl\":\"https:\\\/\\\/theuncommonshop.ch\\\/wp-content\\\/uploads\\\/2025\\\/12\\\/5303817356.webp\",\"datePublished\":\"2025-12-31T03:06:00+00:00\",\"dateModified\":\"2026-03-31T16:28:43+00:00\",\"description\":\"Ach\u00e8te Magic - Secret Lair - City Styles 2 : Dressed to Kill en ligne maintenant \u00e0 petit prix! Ton #1 shop pour cartes TCG & Pok\u00e9mon en Suisse \u2713 Livraison gratuite d\u00e8s CHF 29\",\"breadcrumb\":{\"@id\":\"https:\\\/\\\/theuncommonshop.ch\\\/fr\\\/product\\\/magic-secret-lair-city-styles-2-dressed-to-kill-3\\\/#breadcrumb\"},\"inLanguage\":\"fr-FR\",\"potentialAction\":[{\"@type\":\"ReadAction\",\"target\":[\"https:\\\/\\\/theuncommonshop.ch\\\/fr\\\/product\\\/magic-secret-lair-city-styles-2-dressed-to-kill-3\\\/\"]}]},{\"@type\":\"ImageObject\",\"inLanguage\":\"fr-FR\",\"@id\":\"https:\\\/\\\/theuncommonshop.ch\\\/fr\\\/product\\\/magic-secret-lair-city-styles-2-dressed-to-kill-3\\\/#primaryimage\",\"url\":\"https:\\\/\\\/theuncommonshop.ch\\\/wp-content\\\/uploads\\\/2025\\\/12\\\/5303817356.webp\",\"contentUrl\":\"https:\\\/\\\/theuncommonshop.ch\\\/wp-content\\\/uploads\\\/2025\\\/12\\\/5303817356.webp\",\"width\":636,\"height\":636},{\"@type\":\"BreadcrumbList\",\"@id\":\"https:\\\/\\\/theuncommonshop.ch\\\/fr\\\/product\\\/magic-secret-lair-city-styles-2-dressed-to-kill-3\\\/#breadcrumb\",\"itemListElement\":[{\"@type\":\"ListItem\",\"position\":1,\"name\":\"Accueil\",\"item\":\"https:\\\/\\\/theuncommonshop.ch\\\/fr\\\/accueil\\\/\"},{\"@type\":\"ListItem\",\"position\":2,\"name\":\"Boutique\",\"item\":\"https:\\\/\\\/theuncommonshop.ch\\\/fr\\\/boutique\\\/\"},{\"@type\":\"ListItem\",\"position\":3,\"name\":\"Magic the Gathering\",\"item\":\"https:\\\/\\\/theuncommonshop.ch\\\/produktkategorie\\\/magic-the-gathering\\\/\"},{\"@type\":\"ListItem\",\"position\":4,\"name\":\"Andere\",\"item\":\"https:\\\/\\\/theuncommonshop.ch\\\/produktkategorie\\\/magic-the-gathering\\\/andere\\\/\"},{\"@type\":\"ListItem\",\"position\":5,\"name\":\"Secret Lair\",\"item\":\"https:\\\/\\\/theuncommonshop.ch\\\/produktkategorie\\\/magic-the-gathering\\\/andere\\\/mtg-secret-lair\\\/\"},{\"@type\":\"ListItem\",\"position\":6,\"name\":\"Magic &#8211; Secret Lair &#8211; City Styles 2 : Dressed to Kill\"}]},{\"@type\":\"WebSite\",\"@id\":\"https:\\\/\\\/theuncommonshop.ch\\\/#website\",\"url\":\"https:\\\/\\\/theuncommonshop.ch\\\/\",\"name\":\"Largest trading card shop in Switzerland\",\"description\":\"Magic, Pok\u00e9mon and Yu-gi-oh - The Uncommon Shop\",\"potentialAction\":[{\"@type\":\"SearchAction\",\"target\":{\"@type\":\"EntryPoint\",\"urlTemplate\":\"https:\\\/\\\/theuncommonshop.ch\\\/?s={search_term_string}\"},\"query-input\":{\"@type\":\"PropertyValueSpecification\",\"valueRequired\":true,\"valueName\":\"search_term_string\"}}],\"inLanguage\":\"fr-FR\"}]}<\/script>\n<meta property=\"og:availability\" content=\"instock\" \/>\n<meta property=\"product:availability\" content=\"instock\" \/>\n<meta property=\"product:condition\" content=\"new\" \/>\n<!-- \/ Yoast SEO plugin. -->","yoast_head_json":{"title":"Ach\u00e8te Magic - Secret Lair - City Styles 2 : Dressed to Kill","description":"Ach\u00e8te Magic - Secret Lair - City Styles 2 : Dressed to Kill en ligne maintenant \u00e0 petit prix! Ton #1 shop pour cartes TCG & Pok\u00e9mon en Suisse \u2713 Livraison gratuite d\u00e8s CHF 29","robots":{"index":"index","follow":"follow","max-snippet":"max-snippet:-1","max-image-preview":"max-image-preview:large","max-video-preview":"max-video-preview:-1"},"canonical":"https:\/\/theuncommonshop.ch\/fr\/product\/magic-secret-lair-city-styles-2-dressed-to-kill-3\/","og_locale":"fr_FR","og_type":"article","og_title":"Ach\u00e8te Magic - Secret Lair - City Styles 2 : Dressed to Kill","og_description":"Ach\u00e8te Magic - Secret Lair - City Styles 2 : Dressed to Kill en ligne maintenant \u00e0 petit prix! Ton #1 shop pour cartes TCG & Pok\u00e9mon en Suisse \u2713 Livraison gratuite d\u00e8s CHF 29","og_url":"https:\/\/theuncommonshop.ch\/fr\/product\/magic-secret-lair-city-styles-2-dressed-to-kill-3\/","og_site_name":"Largest trading card shop in Switzerland","article_modified_time":"2026-03-31T16:28:43+00:00","og_image":[{"width":636,"height":636,"url":"https:\/\/theuncommonshop.ch\/wp-content\/uploads\/2025\/12\/5303817356.webp","type":"image\/webp"}],"twitter_card":"summary_large_image","twitter_misc":{"Disponibilit\u00e9":"En stock"},"schema":{"@context":"https:\/\/schema.org","@graph":[{"@type":"WebPage","@id":"https:\/\/theuncommonshop.ch\/fr\/product\/magic-secret-lair-city-styles-2-dressed-to-kill-3\/","url":"https:\/\/theuncommonshop.ch\/fr\/product\/magic-secret-lair-city-styles-2-dressed-to-kill-3\/","name":"Ach\u00e8te Magic - Secret Lair - City Styles 2 : Dressed to Kill","isPartOf":{"@id":"https:\/\/theuncommonshop.ch\/#website"},"primaryImageOfPage":{"@id":"https:\/\/theuncommonshop.ch\/fr\/product\/magic-secret-lair-city-styles-2-dressed-to-kill-3\/#primaryimage"},"image":{"@id":"https:\/\/theuncommonshop.ch\/fr\/product\/magic-secret-lair-city-styles-2-dressed-to-kill-3\/#primaryimage"},"thumbnailUrl":"https:\/\/theuncommonshop.ch\/wp-content\/uploads\/2025\/12\/5303817356.webp","datePublished":"2025-12-31T03:06:00+00:00","dateModified":"2026-03-31T16:28:43+00:00","description":"Ach\u00e8te Magic - Secret Lair - City Styles 2 : Dressed to Kill en ligne maintenant \u00e0 petit prix! Ton #1 shop pour cartes TCG & Pok\u00e9mon en Suisse \u2713 Livraison gratuite d\u00e8s CHF 29","breadcrumb":{"@id":"https:\/\/theuncommonshop.ch\/fr\/product\/magic-secret-lair-city-styles-2-dressed-to-kill-3\/#breadcrumb"},"inLanguage":"fr-FR","potentialAction":[{"@type":"ReadAction","target":["https:\/\/theuncommonshop.ch\/fr\/product\/magic-secret-lair-city-styles-2-dressed-to-kill-3\/"]}]},{"@type":"ImageObject","inLanguage":"fr-FR","@id":"https:\/\/theuncommonshop.ch\/fr\/product\/magic-secret-lair-city-styles-2-dressed-to-kill-3\/#primaryimage","url":"https:\/\/theuncommonshop.ch\/wp-content\/uploads\/2025\/12\/5303817356.webp","contentUrl":"https:\/\/theuncommonshop.ch\/wp-content\/uploads\/2025\/12\/5303817356.webp","width":636,"height":636},{"@type":"BreadcrumbList","@id":"https:\/\/theuncommonshop.ch\/fr\/product\/magic-secret-lair-city-styles-2-dressed-to-kill-3\/#breadcrumb","itemListElement":[{"@type":"ListItem","position":1,"name":"Accueil","item":"https:\/\/theuncommonshop.ch\/fr\/accueil\/"},{"@type":"ListItem","position":2,"name":"Boutique","item":"https:\/\/theuncommonshop.ch\/fr\/boutique\/"},{"@type":"ListItem","position":3,"name":"Magic the Gathering","item":"https:\/\/theuncommonshop.ch\/produktkategorie\/magic-the-gathering\/"},{"@type":"ListItem","position":4,"name":"Andere","item":"https:\/\/theuncommonshop.ch\/produktkategorie\/magic-the-gathering\/andere\/"},{"@type":"ListItem","position":5,"name":"Secret Lair","item":"https:\/\/theuncommonshop.ch\/produktkategorie\/magic-the-gathering\/andere\/mtg-secret-lair\/"},{"@type":"ListItem","position":6,"name":"Magic &#8211; Secret Lair &#8211; City Styles 2 : Dressed to Kill"}]},{"@type":"WebSite","@id":"https:\/\/theuncommonshop.ch\/#website","url":"https:\/\/theuncommonshop.ch\/","name":"Largest trading card shop in Switzerland","description":"Magic, Pok\u00e9mon and Yu-gi-oh - The Uncommon Shop","potentialAction":[{"@type":"SearchAction","target":{"@type":"EntryPoint","urlTemplate":"https:\/\/theuncommonshop.ch\/?s={search_term_string}"},"query-input":{"@type":"PropertyValueSpecification","valueRequired":true,"valueName":"search_term_string"}}],"inLanguage":"fr-FR"}]},"og_availability":"instock","product_availability":"instock","product_condition":"new"},"_links":{"self":[{"href":"https:\/\/theuncommonshop.ch\/fr\/wp-json\/wp\/v2\/product\/311374","targetHints":{"allow":["GET"]}}],"collection":[{"href":"https:\/\/theuncommonshop.ch\/fr\/wp-json\/wp\/v2\/product"}],"about":[{"href":"https:\/\/theuncommonshop.ch\/fr\/wp-json\/wp\/v2\/types\/product"}],"replies":[{"embeddable":true,"href":"https:\/\/theuncommonshop.ch\/fr\/wp-json\/wp\/v2\/comments?post=311374"}],"version-history":[{"count":2,"href":"https:\/\/theuncommonshop.ch\/fr\/wp-json\/wp\/v2\/product\/311374\/revisions"}],"predecessor-version":[{"id":364709,"href":"https:\/\/theuncommonshop.ch\/fr\/wp-json\/wp\/v2\/product\/311374\/revisions\/364709"}],"wp:featuredmedia":[{"embeddable":true,"href":"https:\/\/theuncommonshop.ch\/fr\/wp-json\/wp\/v2\/media\/269622"}],"wp:attachment":[{"href":"https:\/\/theuncommonshop.ch\/fr\/wp-json\/wp\/v2\/media?parent=311374"}],"wp:term":[{"taxonomy":"product_brand","embeddable":true,"href":"https:\/\/theuncommonshop.ch\/fr\/wp-json\/wp\/v2\/product_brand?post=311374"},{"taxonomy":"product_cat","embeddable":true,"href":"https:\/\/theuncommonshop.ch\/fr\/wp-json\/wp\/v2\/product_cat?post=311374"},{"taxonomy":"product_tag","embeddable":true,"href":"https:\/\/theuncommonshop.ch\/fr\/wp-json\/wp\/v2\/product_tag?post=311374"}],"curies":[{"name":"wp","href":"https:\/\/api.w.org\/{rel}","templated":true}]}}