{"id":311318,"date":"2025-12-31T03:55:16","date_gmt":"2025-12-31T03:55:16","guid":{"rendered":"http:\/\/theuncommonshop.ch\/produkt\/311318\/"},"modified":"2026-03-08T18:51:37","modified_gmt":"2026-03-08T17:51:37","slug":"ultra-pro-universal-dice-scroll-premium-printed-for-warhammer-40000-2","status":"publish","type":"product","link":"https:\/\/theuncommonshop.ch\/fr\/product\/ultra-pro-universal-dice-scroll-premium-printed-for-warhammer-40000-2\/","title":{"rendered":"Ultra Pro &#8211; Universal Dice Scroll Premium &#8211; Printed for Warhammer 40,000"},"content":{"rendered":"<p>&#8220;Dans les sombres t\u00e9n\u00e8bres d&#8217;un futur lointain, il n&#8217;y a que la guerre&#8221;, alors pr\u00e9parez-vous \u00e0 la bataille avec des accessoires Tabletop pour Warhammer 40.000 ! Ce rouleau de d\u00e9s universel offre un espace de rangement de premier ordre pour les d\u00e9s et un tapis de d\u00e9s int\u00e9gr\u00e9 pratique, vous permettant de ranger et de lancer tous les d\u00e9s dont vous avez besoin pour commander vos arm\u00e9es avec style. Avec une surface en similicuir textur\u00e9 et une doublure int\u00e9rieure en microfibre douce, vous pouvez ranger en toute s\u00e9curit\u00e9 plus de 20 de vos d\u00e9s RPG pr\u00e9f\u00e9r\u00e9s dans le compartiment zipp\u00e9, d\u00e9cor\u00e9 avec des embl\u00e8mes en m\u00e9tal. D\u00e9pliez le tapis de d\u00e9s et d\u00e9couvrez une surface protectrice parfaite pour lancer les d\u00e9s tout en prot\u00e9geant votre table des rayures. Il est orn\u00e9 de la citation de guerre embl\u00e9matique de Grimdark. Lorsque vous avez termin\u00e9, il vous suffit de l&#8217;enrouler \u00e0 nouveau autour de la poche zipp\u00e9e et de le fermer \u00e0 l&#8217;aide de la sangle et du bouton-pression pour obtenir l&#8217;aspect d&#8217;un parchemin de l&#8217;\u00c2ge des t\u00e9n\u00e8bres de la technologie.     <\/p>\n<p>Combinaison sous licence officielle de rangement de d\u00e9s et de tapis roulant pour Warhammer 40.000.<\/p>\n<p>Surface en similicuir textur\u00e9 avec des accents d&#8217;embl\u00e8mes m\u00e9talliques et la citation embl\u00e9matique de la guerre Grimdark sur le tapis roulant.<\/p>\n<p>Poche zipp\u00e9e pour plus de 20 cubes RPG.<\/p>\n<p>Sangle s\u00e9curis\u00e9e avec fermeture par bouton-pression.<\/p>\n<p>Rangez et d\u00e9roulez avec style tous les cubes dont vous avez besoin pour commander vos arm\u00e9es.<\/p>\n","protected":false},"excerpt":{"rendered":"<p>&#8220;Dans les sombres t\u00e9n\u00e8bres d&#8217;un futur lointain, il n&#8217;y a que la guerre&#8221;, alors pr\u00e9parez-vous \u00e0 la bataille avec des<\/p>\n","protected":false},"featured_media":271102,"comment_status":"open","ping_status":"closed","template":"","meta":{"_acf_changed":false},"product_brand":[5098,5154],"product_cat":[9935,9925],"product_tag":[],"class_list":{"0":"post-311318","1":"product","2":"type-product","3":"status-publish","4":"has-post-thumbnail","6":"product_brand-ultra-pro","7":"product_brand-warhammer","8":"product_cat-accessoires-de-tabletop","9":"product_cat-tabletop-fr","11":"first","12":"instock","13":"taxable","14":"shipping-taxable","15":"purchasable","16":"product-type-simple"},"acf":[],"yoast_head":"<!-- This site is optimized with the Yoast SEO plugin v27.4 - https:\/\/yoast.com\/product\/yoast-seo-wordpress\/ -->\n<title>Ach\u00e8te Ultra Pro - Universal Dice Scroll Premium - Printed for Warhammer 40,000<\/title>\n<meta name=\"description\" content=\"Ach\u00e8te Ultra Pro - Universal Dice Scroll Premium - Printed for Warhammer 40,000 en ligne maintenant \u00e0 petit prix! Ton #1 shop pour cartes TCG &amp; Pok\u00e9mon en Suisse \u2713 Livraison gratuite d\u00e8s CHF 29\" \/>\n<meta name=\"robots\" content=\"index, follow, max-snippet:-1, max-image-preview:large, max-video-preview:-1\" \/>\n<link rel=\"canonical\" href=\"https:\/\/theuncommonshop.ch\/fr\/product\/ultra-pro-universal-dice-scroll-premium-printed-for-warhammer-40000-2\/\" \/>\n<meta property=\"og:locale\" content=\"fr_FR\" \/>\n<meta property=\"og:type\" content=\"article\" \/>\n<meta property=\"og:title\" content=\"Ach\u00e8te Ultra Pro - Universal Dice Scroll Premium - Printed for Warhammer 40,000\" \/>\n<meta property=\"og:description\" content=\"Ach\u00e8te Ultra Pro - Universal Dice Scroll Premium - Printed for Warhammer 40,000 en ligne maintenant \u00e0 petit prix! Ton #1 shop pour cartes TCG &amp; Pok\u00e9mon en Suisse \u2713 Livraison gratuite d\u00e8s CHF 29\" \/>\n<meta property=\"og:url\" content=\"https:\/\/theuncommonshop.ch\/fr\/product\/ultra-pro-universal-dice-scroll-premium-printed-for-warhammer-40000-2\/\" \/>\n<meta property=\"og:site_name\" content=\"Largest trading card shop in Switzerland\" \/>\n<meta property=\"article:modified_time\" content=\"2026-03-08T17:51:37+00:00\" \/>\n<meta property=\"og:image\" content=\"https:\/\/theuncommonshop.ch\/wp-content\/uploads\/2025\/12\/5356626473.jpg\" \/>\n\t<meta property=\"og:image:width\" content=\"1024\" \/>\n\t<meta property=\"og:image:height\" content=\"1024\" \/>\n\t<meta property=\"og:image:type\" content=\"image\/jpeg\" \/>\n<meta name=\"twitter:card\" content=\"summary_large_image\" \/>\n<meta name=\"twitter:label1\" content=\"Prix\" \/>\n\t<meta name=\"twitter:data1\" content=\"&#067;&#072;&#070;&nbsp;29.95\" \/>\n\t<meta name=\"twitter:label2\" content=\"Disponibilit\u00e9\" \/>\n\t<meta name=\"twitter:data2\" content=\"En stock\" \/>\n<script type=\"application\/ld+json\" class=\"yoast-schema-graph\">{\"@context\":\"https:\\\/\\\/schema.org\",\"@graph\":[{\"@type\":\"WebPage\",\"@id\":\"https:\\\/\\\/theuncommonshop.ch\\\/fr\\\/product\\\/ultra-pro-universal-dice-scroll-premium-printed-for-warhammer-40000-2\\\/\",\"url\":\"https:\\\/\\\/theuncommonshop.ch\\\/fr\\\/product\\\/ultra-pro-universal-dice-scroll-premium-printed-for-warhammer-40000-2\\\/\",\"name\":\"Ach\u00e8te Ultra Pro - Universal Dice Scroll Premium - Printed for Warhammer 40,000\",\"isPartOf\":{\"@id\":\"https:\\\/\\\/theuncommonshop.ch\\\/fr\\\/#website\"},\"primaryImageOfPage\":{\"@id\":\"https:\\\/\\\/theuncommonshop.ch\\\/fr\\\/product\\\/ultra-pro-universal-dice-scroll-premium-printed-for-warhammer-40000-2\\\/#primaryimage\"},\"image\":{\"@id\":\"https:\\\/\\\/theuncommonshop.ch\\\/fr\\\/product\\\/ultra-pro-universal-dice-scroll-premium-printed-for-warhammer-40000-2\\\/#primaryimage\"},\"thumbnailUrl\":\"https:\\\/\\\/theuncommonshop.ch\\\/wp-content\\\/uploads\\\/2025\\\/12\\\/5356626473.jpg\",\"datePublished\":\"2025-12-31T03:55:16+00:00\",\"dateModified\":\"2026-03-08T17:51:37+00:00\",\"description\":\"Ach\u00e8te Ultra Pro - Universal Dice Scroll Premium - Printed for Warhammer 40,000 en ligne maintenant \u00e0 petit prix! Ton #1 shop pour cartes TCG & Pok\u00e9mon en Suisse \u2713 Livraison gratuite d\u00e8s CHF 29\",\"breadcrumb\":{\"@id\":\"https:\\\/\\\/theuncommonshop.ch\\\/fr\\\/product\\\/ultra-pro-universal-dice-scroll-premium-printed-for-warhammer-40000-2\\\/#breadcrumb\"},\"inLanguage\":\"fr-FR\",\"potentialAction\":[{\"@type\":\"ReadAction\",\"target\":[\"https:\\\/\\\/theuncommonshop.ch\\\/fr\\\/product\\\/ultra-pro-universal-dice-scroll-premium-printed-for-warhammer-40000-2\\\/\"]}]},{\"@type\":\"ImageObject\",\"inLanguage\":\"fr-FR\",\"@id\":\"https:\\\/\\\/theuncommonshop.ch\\\/fr\\\/product\\\/ultra-pro-universal-dice-scroll-premium-printed-for-warhammer-40000-2\\\/#primaryimage\",\"url\":\"https:\\\/\\\/theuncommonshop.ch\\\/wp-content\\\/uploads\\\/2025\\\/12\\\/5356626473.jpg\",\"contentUrl\":\"https:\\\/\\\/theuncommonshop.ch\\\/wp-content\\\/uploads\\\/2025\\\/12\\\/5356626473.jpg\",\"width\":1024,\"height\":1024},{\"@type\":\"BreadcrumbList\",\"@id\":\"https:\\\/\\\/theuncommonshop.ch\\\/fr\\\/product\\\/ultra-pro-universal-dice-scroll-premium-printed-for-warhammer-40000-2\\\/#breadcrumb\",\"itemListElement\":[{\"@type\":\"ListItem\",\"position\":1,\"name\":\"Accueil\",\"item\":\"https:\\\/\\\/theuncommonshop.ch\\\/fr\\\/accueil\\\/\"},{\"@type\":\"ListItem\",\"position\":2,\"name\":\"Boutique\",\"item\":\"https:\\\/\\\/theuncommonshop.ch\\\/fr\\\/boutique\\\/\"},{\"@type\":\"ListItem\",\"position\":3,\"name\":\"Tabletop\",\"item\":\"https:\\\/\\\/theuncommonshop.ch\\\/fr\\\/categorie-produit\\\/tabletop-fr\\\/\"},{\"@type\":\"ListItem\",\"position\":4,\"name\":\"Accessoires de Tabletop\",\"item\":\"https:\\\/\\\/theuncommonshop.ch\\\/fr\\\/categorie-produit\\\/tabletop-fr\\\/accessoires-de-tabletop\\\/\"},{\"@type\":\"ListItem\",\"position\":5,\"name\":\"Ultra Pro &#8211; Universal Dice Scroll Premium &#8211; Printed for Warhammer 40,000\"}]},{\"@type\":\"WebSite\",\"@id\":\"https:\\\/\\\/theuncommonshop.ch\\\/fr\\\/#website\",\"url\":\"https:\\\/\\\/theuncommonshop.ch\\\/fr\\\/\",\"name\":\"Largest trading card shop in Switzerland\",\"description\":\"Magic, Pok\u00e9mon and Yu-gi-oh - The Uncommon Shop\",\"potentialAction\":[{\"@type\":\"SearchAction\",\"target\":{\"@type\":\"EntryPoint\",\"urlTemplate\":\"https:\\\/\\\/theuncommonshop.ch\\\/fr\\\/?s={search_term_string}\"},\"query-input\":{\"@type\":\"PropertyValueSpecification\",\"valueRequired\":true,\"valueName\":\"search_term_string\"}}],\"inLanguage\":\"fr-FR\"}]}<\/script>\n<meta property=\"product:price:amount\" content=\"29.95\" \/>\n<meta property=\"product:price:currency\" content=\"CHF\" \/>\n<meta property=\"og:availability\" content=\"instock\" \/>\n<meta property=\"product:availability\" content=\"instock\" \/>\n<meta property=\"product:retailer_item_id\" content=\"WR.II.C.WarhammerDiceScroll\" \/>\n<meta property=\"product:condition\" content=\"new\" \/>\n<!-- \/ Yoast SEO plugin. -->","yoast_head_json":{"title":"Ach\u00e8te Ultra Pro - Universal Dice Scroll Premium - Printed for Warhammer 40,000","description":"Ach\u00e8te Ultra Pro - Universal Dice Scroll Premium - Printed for Warhammer 40,000 en ligne maintenant \u00e0 petit prix! Ton #1 shop pour cartes TCG & Pok\u00e9mon en Suisse \u2713 Livraison gratuite d\u00e8s CHF 29","robots":{"index":"index","follow":"follow","max-snippet":"max-snippet:-1","max-image-preview":"max-image-preview:large","max-video-preview":"max-video-preview:-1"},"canonical":"https:\/\/theuncommonshop.ch\/fr\/product\/ultra-pro-universal-dice-scroll-premium-printed-for-warhammer-40000-2\/","og_locale":"fr_FR","og_type":"article","og_title":"Ach\u00e8te Ultra Pro - Universal Dice Scroll Premium - Printed for Warhammer 40,000","og_description":"Ach\u00e8te Ultra Pro - Universal Dice Scroll Premium - Printed for Warhammer 40,000 en ligne maintenant \u00e0 petit prix! Ton #1 shop pour cartes TCG & Pok\u00e9mon en Suisse \u2713 Livraison gratuite d\u00e8s CHF 29","og_url":"https:\/\/theuncommonshop.ch\/fr\/product\/ultra-pro-universal-dice-scroll-premium-printed-for-warhammer-40000-2\/","og_site_name":"Largest trading card shop in Switzerland","article_modified_time":"2026-03-08T17:51:37+00:00","og_image":[{"width":1024,"height":1024,"url":"https:\/\/theuncommonshop.ch\/wp-content\/uploads\/2025\/12\/5356626473.jpg","type":"image\/jpeg"}],"twitter_card":"summary_large_image","twitter_misc":{"Prix":"&#67;&#72;&#70;&nbsp;29.95","Disponibilit\u00e9":"En stock"},"schema":{"@context":"https:\/\/schema.org","@graph":[{"@type":"WebPage","@id":"https:\/\/theuncommonshop.ch\/fr\/product\/ultra-pro-universal-dice-scroll-premium-printed-for-warhammer-40000-2\/","url":"https:\/\/theuncommonshop.ch\/fr\/product\/ultra-pro-universal-dice-scroll-premium-printed-for-warhammer-40000-2\/","name":"Ach\u00e8te Ultra Pro - Universal Dice Scroll Premium - Printed for Warhammer 40,000","isPartOf":{"@id":"https:\/\/theuncommonshop.ch\/fr\/#website"},"primaryImageOfPage":{"@id":"https:\/\/theuncommonshop.ch\/fr\/product\/ultra-pro-universal-dice-scroll-premium-printed-for-warhammer-40000-2\/#primaryimage"},"image":{"@id":"https:\/\/theuncommonshop.ch\/fr\/product\/ultra-pro-universal-dice-scroll-premium-printed-for-warhammer-40000-2\/#primaryimage"},"thumbnailUrl":"https:\/\/theuncommonshop.ch\/wp-content\/uploads\/2025\/12\/5356626473.jpg","datePublished":"2025-12-31T03:55:16+00:00","dateModified":"2026-03-08T17:51:37+00:00","description":"Ach\u00e8te Ultra Pro - Universal Dice Scroll Premium - Printed for Warhammer 40,000 en ligne maintenant \u00e0 petit prix! Ton #1 shop pour cartes TCG & Pok\u00e9mon en Suisse \u2713 Livraison gratuite d\u00e8s CHF 29","breadcrumb":{"@id":"https:\/\/theuncommonshop.ch\/fr\/product\/ultra-pro-universal-dice-scroll-premium-printed-for-warhammer-40000-2\/#breadcrumb"},"inLanguage":"fr-FR","potentialAction":[{"@type":"ReadAction","target":["https:\/\/theuncommonshop.ch\/fr\/product\/ultra-pro-universal-dice-scroll-premium-printed-for-warhammer-40000-2\/"]}]},{"@type":"ImageObject","inLanguage":"fr-FR","@id":"https:\/\/theuncommonshop.ch\/fr\/product\/ultra-pro-universal-dice-scroll-premium-printed-for-warhammer-40000-2\/#primaryimage","url":"https:\/\/theuncommonshop.ch\/wp-content\/uploads\/2025\/12\/5356626473.jpg","contentUrl":"https:\/\/theuncommonshop.ch\/wp-content\/uploads\/2025\/12\/5356626473.jpg","width":1024,"height":1024},{"@type":"BreadcrumbList","@id":"https:\/\/theuncommonshop.ch\/fr\/product\/ultra-pro-universal-dice-scroll-premium-printed-for-warhammer-40000-2\/#breadcrumb","itemListElement":[{"@type":"ListItem","position":1,"name":"Accueil","item":"https:\/\/theuncommonshop.ch\/fr\/accueil\/"},{"@type":"ListItem","position":2,"name":"Boutique","item":"https:\/\/theuncommonshop.ch\/fr\/boutique\/"},{"@type":"ListItem","position":3,"name":"Tabletop","item":"https:\/\/theuncommonshop.ch\/fr\/categorie-produit\/tabletop-fr\/"},{"@type":"ListItem","position":4,"name":"Accessoires de Tabletop","item":"https:\/\/theuncommonshop.ch\/fr\/categorie-produit\/tabletop-fr\/accessoires-de-tabletop\/"},{"@type":"ListItem","position":5,"name":"Ultra Pro &#8211; Universal Dice Scroll Premium &#8211; Printed for Warhammer 40,000"}]},{"@type":"WebSite","@id":"https:\/\/theuncommonshop.ch\/fr\/#website","url":"https:\/\/theuncommonshop.ch\/fr\/","name":"Largest trading card shop in Switzerland","description":"Magic, Pok\u00e9mon and Yu-gi-oh - The Uncommon Shop","potentialAction":[{"@type":"SearchAction","target":{"@type":"EntryPoint","urlTemplate":"https:\/\/theuncommonshop.ch\/fr\/?s={search_term_string}"},"query-input":{"@type":"PropertyValueSpecification","valueRequired":true,"valueName":"search_term_string"}}],"inLanguage":"fr-FR"}]},"product_price_amount":"29.95","product_price_currency":"CHF","og_availability":"instock","product_availability":"instock","product_retailer_item_id":"WR.II.C.WarhammerDiceScroll","product_condition":"new"},"_links":{"self":[{"href":"https:\/\/theuncommonshop.ch\/fr\/wp-json\/wp\/v2\/product\/311318","targetHints":{"allow":["GET"]}}],"collection":[{"href":"https:\/\/theuncommonshop.ch\/fr\/wp-json\/wp\/v2\/product"}],"about":[{"href":"https:\/\/theuncommonshop.ch\/fr\/wp-json\/wp\/v2\/types\/product"}],"replies":[{"embeddable":true,"href":"https:\/\/theuncommonshop.ch\/fr\/wp-json\/wp\/v2\/comments?post=311318"}],"version-history":[{"count":1,"href":"https:\/\/theuncommonshop.ch\/fr\/wp-json\/wp\/v2\/product\/311318\/revisions"}],"predecessor-version":[{"id":311320,"href":"https:\/\/theuncommonshop.ch\/fr\/wp-json\/wp\/v2\/product\/311318\/revisions\/311320"}],"wp:featuredmedia":[{"embeddable":true,"href":"https:\/\/theuncommonshop.ch\/fr\/wp-json\/wp\/v2\/media\/271102"}],"wp:attachment":[{"href":"https:\/\/theuncommonshop.ch\/fr\/wp-json\/wp\/v2\/media?parent=311318"}],"wp:term":[{"taxonomy":"product_brand","embeddable":true,"href":"https:\/\/theuncommonshop.ch\/fr\/wp-json\/wp\/v2\/product_brand?post=311318"},{"taxonomy":"product_cat","embeddable":true,"href":"https:\/\/theuncommonshop.ch\/fr\/wp-json\/wp\/v2\/product_cat?post=311318"},{"taxonomy":"product_tag","embeddable":true,"href":"https:\/\/theuncommonshop.ch\/fr\/wp-json\/wp\/v2\/product_tag?post=311318"}],"curies":[{"name":"wp","href":"https:\/\/api.w.org\/{rel}","templated":true}]}}