{"id":311269,"date":"2026-01-21T09:05:07","date_gmt":"2026-01-21T09:05:07","guid":{"rendered":"http:\/\/theuncommonshop.ch\/produkt\/311269\/"},"modified":"2026-03-31T12:21:46","modified_gmt":"2026-03-31T10:21:46","slug":"protecc-the-uncommon-shop-master-set-binder-9-pocket-2","status":"publish","type":"product","link":"https:\/\/theuncommonshop.ch\/fr\/product\/protecc-the-uncommon-shop-master-set-binder-9-pocket-2\/","title":{"rendered":"Protecc &#8211; The Uncommon Shop &#8211; Master Set Binder Set &#8211; 9-Pocket"},"content":{"rendered":"<div><strong>Master Set Binder &#8211; The Uncommon Shop Limited Edition (9-Pocket)<\/strong><\/div>\n<div>Le Master Set Binder est le choix id\u00e9al pour les collectionneurs qui souhaitent pr\u00e9senter et prot\u00e9ger l&#8217;int\u00e9gralit\u00e9 de leur collection. D\u00e9velopp\u00e9 en \u00e9troite collaboration avec Protecc, ce Binder associe des mat\u00e9riaux de qualit\u00e9 \u00e0 un design \u00e9l\u00e9gant. <\/div>\n<div>Avec 432 poches \u00e0 chargement lat\u00e9ral, il offre suffisamment de place pour un Master Set complet. Chaque carte reste bien rang\u00e9e, bien visible et parfaitement prot\u00e9g\u00e9e. Le mat\u00e9riau robuste Meshguard assure une qualit\u00e9 durable et prot\u00e8ge votre collection de la poussi\u00e8re, des rayures et autres agressions.  <\/div>\n<div><strong>Aper\u00e7u des fonctionnalit\u00e9s<\/strong><\/div>\n<div>&#8211; Limited Edition en coop\u00e9ration avec Protecc<\/div>\n<p>&#8211; Disponible en 3 variations de couleurs raffin\u00e9es : Desert Dune, Iron Dust, Phnatom Black<\/p>\n<div>&#8211; Espace pour un Master Set complet de 432 cartes<\/div>\n<div>&#8211; C\u00f4t\u00e9s 9 poches avec ouverture lat\u00e9rale pour un maintien s\u00fbr<\/div>\n<div>&#8211; Fabriqu\u00e9 \u00e0 partir de mat\u00e9riaux Meshguard\u2122\ufe0f pour une durabilit\u00e9 maximale<\/div>\n<p>&#8211; Sans acide et sans PVC pour une conservation \u00e0 long terme<\/p>\n","protected":false},"excerpt":{"rendered":"<p>Master Set Binder &#8211; The Uncommon Shop Limited Edition (9-Pocket) Le Master Set Binder est le choix id\u00e9al pour les<\/p>\n","protected":false},"featured_media":279628,"comment_status":"open","ping_status":"closed","template":"","meta":{"_acf_changed":false},"product_brand":[5120,5180],"product_cat":[9859,9863,10265,9937,10031,9939,10261],"product_tag":[],"class_list":{"0":"post-311269","1":"product","2":"type-product","3":"status-publish","4":"has-post-thumbnail","6":"product_brand-protecc","7":"product_brand-the-uncommon-shop","8":"product_cat-accessoires-tcg","9":"product_cat-binder-fr","10":"product_cat-binder-special","11":"product_cat-merch-fr","12":"product_cat-tous-les-binder","13":"product_cat-uncommon-shop-merch-fr","14":"product_cat-unicolore","16":"first","17":"instock","18":"taxable","19":"shipping-taxable","20":"purchasable","21":"product-type-variable"},"acf":[],"yoast_head":"<!-- This site is optimized with the Yoast SEO plugin v27.4 - https:\/\/yoast.com\/product\/yoast-seo-wordpress\/ -->\n<title>Ach\u00e8te Protecc - The Uncommon Shop - Master Set Binder Set - 9-Pocket<\/title>\n<meta name=\"description\" content=\"Ach\u00e8te Protecc - The Uncommon Shop - Master Set Binder Set - 9-Pocket en ligne maintenant \u00e0 petit prix! Ton #1 shop pour cartes TCG &amp; Pok\u00e9mon en Suisse \u2713 Livraison gratuite d\u00e8s CHF 29\" \/>\n<meta name=\"robots\" content=\"index, follow, max-snippet:-1, max-image-preview:large, max-video-preview:-1\" \/>\n<link rel=\"canonical\" href=\"https:\/\/theuncommonshop.ch\/fr\/product\/protecc-the-uncommon-shop-master-set-binder-9-pocket-2\/\" \/>\n<meta property=\"og:locale\" content=\"fr_FR\" \/>\n<meta property=\"og:type\" content=\"article\" \/>\n<meta property=\"og:title\" content=\"Ach\u00e8te Protecc - The Uncommon Shop - Master Set Binder Set - 9-Pocket\" \/>\n<meta property=\"og:description\" content=\"Ach\u00e8te Protecc - The Uncommon Shop - Master Set Binder Set - 9-Pocket en ligne maintenant \u00e0 petit prix! Ton #1 shop pour cartes TCG &amp; Pok\u00e9mon en Suisse \u2713 Livraison gratuite d\u00e8s CHF 29\" \/>\n<meta property=\"og:url\" content=\"https:\/\/theuncommonshop.ch\/fr\/product\/protecc-the-uncommon-shop-master-set-binder-9-pocket-2\/\" \/>\n<meta property=\"og:site_name\" content=\"Largest trading card shop in Switzerland\" \/>\n<meta property=\"article:modified_time\" content=\"2026-03-31T10:21:46+00:00\" \/>\n<meta property=\"og:image\" content=\"https:\/\/theuncommonshop.ch\/wp-content\/uploads\/2025\/12\/5248151219.jpg\" \/>\n\t<meta property=\"og:image:width\" content=\"1500\" \/>\n\t<meta property=\"og:image:height\" content=\"1500\" \/>\n\t<meta property=\"og:image:type\" content=\"image\/jpeg\" \/>\n<meta name=\"twitter:card\" content=\"summary_large_image\" \/>\n<meta name=\"twitter:label1\" content=\"Disponibilit\u00e9\" \/>\n\t<meta name=\"twitter:data1\" content=\"En stock\" \/>\n<script type=\"application\/ld+json\" class=\"yoast-schema-graph\">{\"@context\":\"https:\\\/\\\/schema.org\",\"@graph\":[{\"@type\":\"WebPage\",\"@id\":\"https:\\\/\\\/theuncommonshop.ch\\\/fr\\\/product\\\/protecc-the-uncommon-shop-master-set-binder-9-pocket-2\\\/\",\"url\":\"https:\\\/\\\/theuncommonshop.ch\\\/fr\\\/product\\\/protecc-the-uncommon-shop-master-set-binder-9-pocket-2\\\/\",\"name\":\"Ach\u00e8te Protecc - The Uncommon Shop - Master Set Binder Set - 9-Pocket\",\"isPartOf\":{\"@id\":\"https:\\\/\\\/theuncommonshop.ch\\\/#website\"},\"primaryImageOfPage\":{\"@id\":\"https:\\\/\\\/theuncommonshop.ch\\\/fr\\\/product\\\/protecc-the-uncommon-shop-master-set-binder-9-pocket-2\\\/#primaryimage\"},\"image\":{\"@id\":\"https:\\\/\\\/theuncommonshop.ch\\\/fr\\\/product\\\/protecc-the-uncommon-shop-master-set-binder-9-pocket-2\\\/#primaryimage\"},\"thumbnailUrl\":\"https:\\\/\\\/theuncommonshop.ch\\\/wp-content\\\/uploads\\\/2025\\\/12\\\/5248151219.jpg\",\"datePublished\":\"2026-01-21T09:05:07+00:00\",\"dateModified\":\"2026-03-31T10:21:46+00:00\",\"description\":\"Ach\u00e8te Protecc - The Uncommon Shop - Master Set Binder Set - 9-Pocket en ligne maintenant \u00e0 petit prix! Ton #1 shop pour cartes TCG & Pok\u00e9mon en Suisse \u2713 Livraison gratuite d\u00e8s CHF 29\",\"breadcrumb\":{\"@id\":\"https:\\\/\\\/theuncommonshop.ch\\\/fr\\\/product\\\/protecc-the-uncommon-shop-master-set-binder-9-pocket-2\\\/#breadcrumb\"},\"inLanguage\":\"fr-FR\",\"potentialAction\":[{\"@type\":\"ReadAction\",\"target\":[\"https:\\\/\\\/theuncommonshop.ch\\\/fr\\\/product\\\/protecc-the-uncommon-shop-master-set-binder-9-pocket-2\\\/\"]}]},{\"@type\":\"ImageObject\",\"inLanguage\":\"fr-FR\",\"@id\":\"https:\\\/\\\/theuncommonshop.ch\\\/fr\\\/product\\\/protecc-the-uncommon-shop-master-set-binder-9-pocket-2\\\/#primaryimage\",\"url\":\"https:\\\/\\\/theuncommonshop.ch\\\/wp-content\\\/uploads\\\/2025\\\/12\\\/5248151219.jpg\",\"contentUrl\":\"https:\\\/\\\/theuncommonshop.ch\\\/wp-content\\\/uploads\\\/2025\\\/12\\\/5248151219.jpg\",\"width\":1500,\"height\":1500},{\"@type\":\"BreadcrumbList\",\"@id\":\"https:\\\/\\\/theuncommonshop.ch\\\/fr\\\/product\\\/protecc-the-uncommon-shop-master-set-binder-9-pocket-2\\\/#breadcrumb\",\"itemListElement\":[{\"@type\":\"ListItem\",\"position\":1,\"name\":\"Accueil\",\"item\":\"https:\\\/\\\/theuncommonshop.ch\\\/fr\\\/accueil\\\/\"},{\"@type\":\"ListItem\",\"position\":2,\"name\":\"Boutique\",\"item\":\"https:\\\/\\\/theuncommonshop.ch\\\/fr\\\/boutique\\\/\"},{\"@type\":\"ListItem\",\"position\":3,\"name\":\"TCG Zubeh\u00f6r\",\"item\":\"https:\\\/\\\/theuncommonshop.ch\\\/produktkategorie\\\/tcg-zubehoer\\\/\"},{\"@type\":\"ListItem\",\"position\":4,\"name\":\"Binder\",\"item\":\"https:\\\/\\\/theuncommonshop.ch\\\/produktkategorie\\\/tcg-zubehoer\\\/binder\\\/\"},{\"@type\":\"ListItem\",\"position\":5,\"name\":\"Alle Binder\",\"item\":\"https:\\\/\\\/theuncommonshop.ch\\\/produktkategorie\\\/tcg-zubehoer\\\/binder\\\/binder-all\\\/\"},{\"@type\":\"ListItem\",\"position\":6,\"name\":\"Protecc &#8211; The Uncommon Shop &#8211; Master Set Binder Set &#8211; 9-Pocket\"}]},{\"@type\":\"WebSite\",\"@id\":\"https:\\\/\\\/theuncommonshop.ch\\\/#website\",\"url\":\"https:\\\/\\\/theuncommonshop.ch\\\/\",\"name\":\"Largest trading card shop in Switzerland\",\"description\":\"Magic, Pok\u00e9mon and Yu-gi-oh - The Uncommon Shop\",\"potentialAction\":[{\"@type\":\"SearchAction\",\"target\":{\"@type\":\"EntryPoint\",\"urlTemplate\":\"https:\\\/\\\/theuncommonshop.ch\\\/?s={search_term_string}\"},\"query-input\":{\"@type\":\"PropertyValueSpecification\",\"valueRequired\":true,\"valueName\":\"search_term_string\"}}],\"inLanguage\":\"fr-FR\"}]}<\/script>\n<meta property=\"og:availability\" content=\"instock\" \/>\n<meta property=\"product:availability\" content=\"instock\" \/>\n<meta property=\"product:retailer_item_id\" content=\"AL.II.D.ProteccUCSMasterSetBinder\" \/>\n<meta property=\"product:condition\" content=\"new\" \/>\n<!-- \/ Yoast SEO plugin. -->","yoast_head_json":{"title":"Ach\u00e8te Protecc - The Uncommon Shop - Master Set Binder Set - 9-Pocket","description":"Ach\u00e8te Protecc - The Uncommon Shop - Master Set Binder Set - 9-Pocket en ligne maintenant \u00e0 petit prix! Ton #1 shop pour cartes TCG & Pok\u00e9mon en Suisse \u2713 Livraison gratuite d\u00e8s CHF 29","robots":{"index":"index","follow":"follow","max-snippet":"max-snippet:-1","max-image-preview":"max-image-preview:large","max-video-preview":"max-video-preview:-1"},"canonical":"https:\/\/theuncommonshop.ch\/fr\/product\/protecc-the-uncommon-shop-master-set-binder-9-pocket-2\/","og_locale":"fr_FR","og_type":"article","og_title":"Ach\u00e8te Protecc - The Uncommon Shop - Master Set Binder Set - 9-Pocket","og_description":"Ach\u00e8te Protecc - The Uncommon Shop - Master Set Binder Set - 9-Pocket en ligne maintenant \u00e0 petit prix! Ton #1 shop pour cartes TCG & Pok\u00e9mon en Suisse \u2713 Livraison gratuite d\u00e8s CHF 29","og_url":"https:\/\/theuncommonshop.ch\/fr\/product\/protecc-the-uncommon-shop-master-set-binder-9-pocket-2\/","og_site_name":"Largest trading card shop in Switzerland","article_modified_time":"2026-03-31T10:21:46+00:00","og_image":[{"width":1500,"height":1500,"url":"https:\/\/theuncommonshop.ch\/wp-content\/uploads\/2025\/12\/5248151219.jpg","type":"image\/jpeg"}],"twitter_card":"summary_large_image","twitter_misc":{"Disponibilit\u00e9":"En stock"},"schema":{"@context":"https:\/\/schema.org","@graph":[{"@type":"WebPage","@id":"https:\/\/theuncommonshop.ch\/fr\/product\/protecc-the-uncommon-shop-master-set-binder-9-pocket-2\/","url":"https:\/\/theuncommonshop.ch\/fr\/product\/protecc-the-uncommon-shop-master-set-binder-9-pocket-2\/","name":"Ach\u00e8te Protecc - The Uncommon Shop - Master Set Binder Set - 9-Pocket","isPartOf":{"@id":"https:\/\/theuncommonshop.ch\/#website"},"primaryImageOfPage":{"@id":"https:\/\/theuncommonshop.ch\/fr\/product\/protecc-the-uncommon-shop-master-set-binder-9-pocket-2\/#primaryimage"},"image":{"@id":"https:\/\/theuncommonshop.ch\/fr\/product\/protecc-the-uncommon-shop-master-set-binder-9-pocket-2\/#primaryimage"},"thumbnailUrl":"https:\/\/theuncommonshop.ch\/wp-content\/uploads\/2025\/12\/5248151219.jpg","datePublished":"2026-01-21T09:05:07+00:00","dateModified":"2026-03-31T10:21:46+00:00","description":"Ach\u00e8te Protecc - The Uncommon Shop - Master Set Binder Set - 9-Pocket en ligne maintenant \u00e0 petit prix! Ton #1 shop pour cartes TCG & Pok\u00e9mon en Suisse \u2713 Livraison gratuite d\u00e8s CHF 29","breadcrumb":{"@id":"https:\/\/theuncommonshop.ch\/fr\/product\/protecc-the-uncommon-shop-master-set-binder-9-pocket-2\/#breadcrumb"},"inLanguage":"fr-FR","potentialAction":[{"@type":"ReadAction","target":["https:\/\/theuncommonshop.ch\/fr\/product\/protecc-the-uncommon-shop-master-set-binder-9-pocket-2\/"]}]},{"@type":"ImageObject","inLanguage":"fr-FR","@id":"https:\/\/theuncommonshop.ch\/fr\/product\/protecc-the-uncommon-shop-master-set-binder-9-pocket-2\/#primaryimage","url":"https:\/\/theuncommonshop.ch\/wp-content\/uploads\/2025\/12\/5248151219.jpg","contentUrl":"https:\/\/theuncommonshop.ch\/wp-content\/uploads\/2025\/12\/5248151219.jpg","width":1500,"height":1500},{"@type":"BreadcrumbList","@id":"https:\/\/theuncommonshop.ch\/fr\/product\/protecc-the-uncommon-shop-master-set-binder-9-pocket-2\/#breadcrumb","itemListElement":[{"@type":"ListItem","position":1,"name":"Accueil","item":"https:\/\/theuncommonshop.ch\/fr\/accueil\/"},{"@type":"ListItem","position":2,"name":"Boutique","item":"https:\/\/theuncommonshop.ch\/fr\/boutique\/"},{"@type":"ListItem","position":3,"name":"TCG Zubeh\u00f6r","item":"https:\/\/theuncommonshop.ch\/produktkategorie\/tcg-zubehoer\/"},{"@type":"ListItem","position":4,"name":"Binder","item":"https:\/\/theuncommonshop.ch\/produktkategorie\/tcg-zubehoer\/binder\/"},{"@type":"ListItem","position":5,"name":"Alle Binder","item":"https:\/\/theuncommonshop.ch\/produktkategorie\/tcg-zubehoer\/binder\/binder-all\/"},{"@type":"ListItem","position":6,"name":"Protecc &#8211; The Uncommon Shop &#8211; Master Set Binder Set &#8211; 9-Pocket"}]},{"@type":"WebSite","@id":"https:\/\/theuncommonshop.ch\/#website","url":"https:\/\/theuncommonshop.ch\/","name":"Largest trading card shop in Switzerland","description":"Magic, Pok\u00e9mon and Yu-gi-oh - The Uncommon Shop","potentialAction":[{"@type":"SearchAction","target":{"@type":"EntryPoint","urlTemplate":"https:\/\/theuncommonshop.ch\/?s={search_term_string}"},"query-input":{"@type":"PropertyValueSpecification","valueRequired":true,"valueName":"search_term_string"}}],"inLanguage":"fr-FR"}]},"og_availability":"instock","product_availability":"instock","product_retailer_item_id":"AL.II.D.ProteccUCSMasterSetBinder","product_condition":"new"},"_links":{"self":[{"href":"https:\/\/theuncommonshop.ch\/fr\/wp-json\/wp\/v2\/product\/311269","targetHints":{"allow":["GET"]}}],"collection":[{"href":"https:\/\/theuncommonshop.ch\/fr\/wp-json\/wp\/v2\/product"}],"about":[{"href":"https:\/\/theuncommonshop.ch\/fr\/wp-json\/wp\/v2\/types\/product"}],"replies":[{"embeddable":true,"href":"https:\/\/theuncommonshop.ch\/fr\/wp-json\/wp\/v2\/comments?post=311269"}],"version-history":[{"count":2,"href":"https:\/\/theuncommonshop.ch\/fr\/wp-json\/wp\/v2\/product\/311269\/revisions"}],"predecessor-version":[{"id":363211,"href":"https:\/\/theuncommonshop.ch\/fr\/wp-json\/wp\/v2\/product\/311269\/revisions\/363211"}],"wp:featuredmedia":[{"embeddable":true,"href":"https:\/\/theuncommonshop.ch\/fr\/wp-json\/wp\/v2\/media\/279628"}],"wp:attachment":[{"href":"https:\/\/theuncommonshop.ch\/fr\/wp-json\/wp\/v2\/media?parent=311269"}],"wp:term":[{"taxonomy":"product_brand","embeddable":true,"href":"https:\/\/theuncommonshop.ch\/fr\/wp-json\/wp\/v2\/product_brand?post=311269"},{"taxonomy":"product_cat","embeddable":true,"href":"https:\/\/theuncommonshop.ch\/fr\/wp-json\/wp\/v2\/product_cat?post=311269"},{"taxonomy":"product_tag","embeddable":true,"href":"https:\/\/theuncommonshop.ch\/fr\/wp-json\/wp\/v2\/product_tag?post=311269"}],"curies":[{"name":"wp","href":"https:\/\/api.w.org\/{rel}","templated":true}]}}