{"id":311254,"date":"2026-01-21T09:04:05","date_gmt":"2026-01-21T09:04:05","guid":{"rendered":"http:\/\/theuncommonshop.ch\/produkt\/311254\/"},"modified":"2026-04-25T15:34:22","modified_gmt":"2026-04-25T13:34:22","slug":"protecc-the-uncommon-shop-core-360-binder-9-pocket-2","status":"publish","type":"product","link":"https:\/\/theuncommonshop.ch\/fr\/product\/protecc-the-uncommon-shop-core-360-binder-9-pocket-2\/","title":{"rendered":"Protecc &#8211; The Uncommon Shop &#8211; Core 360 Binder &#8211; 9-Pocket"},"content":{"rendered":"<p><strong>Core 360 Binder &#8211; The Uncommon Shop Limited Edition (9-Pocket)<\/strong><\/p>\n<div>Le Core 360 Binder de The Uncommon Shop est une Limited Edition exclusive, d\u00e9velopp\u00e9e en \u00e9troite collaboration avec Protecc. Le r\u00e9sultat est un Binder qui allie design et fonctionnalit\u00e9 au plus haut niveau.  Le mat\u00e9riau Meshguard robuste prot\u00e8ge de mani\u00e8re fiable contre les influences ext\u00e9rieures et assure une longue dur\u00e9e de vie.<\/div>\n<div>A l&#8217;int\u00e9rieur, le Binder peut contenir jusqu&#8217;\u00e0 360 cartes. Les c\u00f4t\u00e9s 9 poches sont dot\u00e9s d&#8217;ouvertures lat\u00e9rales pour garder vos cartes en s\u00e9curit\u00e9 tout en les rendant rapidement accessibles. Tous les mat\u00e9riaux sont bien entendu exempts d&#8217;acide et de PVC, ce qui garantit une protection optimale de votre collection.  <\/div>\n<div><strong>Aper\u00e7u des fonctionnalit\u00e9s<\/strong><\/div>\n<div>&#8211; Limited Edition en coop\u00e9ration avec Protecc<\/div>\n<div>&#8211; Disponible en 3 variations de couleurs raffin\u00e9es : Desert Dune, Iron Dust, Phnatom Black<\/div>\n<div>&#8211; Mat\u00e9riau Meshguard de haute qualit\u00e9 pour une protection fiable<\/div>\n<div>&#8211; Pages 9 poches pouvant contenir jusqu&#8217;\u00e0 360 cartes<\/div>\n<div>&#8211; Ouvertures lat\u00e9rales pour une prise en main s\u00fbre et une manipulation facile<\/div>\n<div>&#8211; Sans acide et sans PVC pour une s\u00e9curit\u00e9 \u00e0 long terme<\/div>\n","protected":false},"excerpt":{"rendered":"<p>Core 360 Binder &#8211; The Uncommon Shop Limited Edition (9-Pocket) Le Core 360 Binder de The Uncommon Shop est une<\/p>\n","protected":false},"featured_media":285604,"comment_status":"open","ping_status":"closed","template":"","meta":{"_acf_changed":false},"product_brand":[5120,5180],"product_cat":[9859,9863,9937,10031,9939,10261],"product_tag":[],"class_list":{"0":"post-311254","1":"product","2":"type-product","3":"status-publish","4":"has-post-thumbnail","6":"product_brand-protecc","7":"product_brand-the-uncommon-shop","8":"product_cat-accessoires-tcg","9":"product_cat-binder-fr","10":"product_cat-merch-fr","11":"product_cat-tous-les-binder","12":"product_cat-uncommon-shop-merch-fr","13":"product_cat-unicolore","15":"first","16":"instock","17":"taxable","18":"shipping-taxable","19":"purchasable","20":"product-type-variable"},"acf":[],"yoast_head":"<!-- This site is optimized with the Yoast SEO plugin v27.5 - https:\/\/yoast.com\/product\/yoast-seo-wordpress\/ -->\n<title>Ach\u00e8te Protecc - The Uncommon Shop - Core 360 Binder - 9-Pocket<\/title>\n<meta name=\"description\" content=\"Ach\u00e8te Protecc - The Uncommon Shop - Core 360 Binder - 9-Pocket en ligne maintenant \u00e0 petit prix! Ton #1 shop pour cartes TCG &amp; Pok\u00e9mon en Suisse \u2713 Livraison gratuite d\u00e8s CHF 29\" \/>\n<meta name=\"robots\" content=\"index, follow, max-snippet:-1, max-image-preview:large, max-video-preview:-1\" \/>\n<link rel=\"canonical\" href=\"https:\/\/theuncommonshop.ch\/fr\/product\/protecc-the-uncommon-shop-core-360-binder-9-pocket-2\/\" \/>\n<meta property=\"og:locale\" content=\"fr_FR\" \/>\n<meta property=\"og:type\" content=\"article\" \/>\n<meta property=\"og:title\" content=\"Ach\u00e8te Protecc - The Uncommon Shop - Core 360 Binder - 9-Pocket\" \/>\n<meta property=\"og:description\" content=\"Ach\u00e8te Protecc - The Uncommon Shop - Core 360 Binder - 9-Pocket en ligne maintenant \u00e0 petit prix! Ton #1 shop pour cartes TCG &amp; Pok\u00e9mon en Suisse \u2713 Livraison gratuite d\u00e8s CHF 29\" \/>\n<meta property=\"og:url\" content=\"https:\/\/theuncommonshop.ch\/fr\/product\/protecc-the-uncommon-shop-core-360-binder-9-pocket-2\/\" \/>\n<meta property=\"og:site_name\" content=\"The Uncommon Shop\" \/>\n<meta property=\"article:modified_time\" content=\"2026-04-25T13:34:22+00:00\" \/>\n<meta property=\"og:image\" content=\"https:\/\/theuncommonshop.ch\/wp-content\/uploads\/2026\/01\/5248217202.jpg\" \/>\n\t<meta property=\"og:image:width\" content=\"1500\" \/>\n\t<meta property=\"og:image:height\" content=\"1500\" \/>\n\t<meta property=\"og:image:type\" content=\"image\/jpeg\" \/>\n<meta name=\"twitter:card\" content=\"summary_large_image\" \/>\n<meta name=\"twitter:label1\" content=\"Disponibilit\u00e9\" \/>\n\t<meta name=\"twitter:data1\" content=\"En stock\" \/>\n<script type=\"application\/ld+json\" class=\"yoast-schema-graph\">{\"@context\":\"https:\\\/\\\/schema.org\",\"@graph\":[{\"@type\":\"WebPage\",\"@id\":\"https:\\\/\\\/theuncommonshop.ch\\\/fr\\\/product\\\/protecc-the-uncommon-shop-core-360-binder-9-pocket-2\\\/\",\"url\":\"https:\\\/\\\/theuncommonshop.ch\\\/fr\\\/product\\\/protecc-the-uncommon-shop-core-360-binder-9-pocket-2\\\/\",\"name\":\"Ach\u00e8te Protecc - The Uncommon Shop - Core 360 Binder - 9-Pocket\",\"isPartOf\":{\"@id\":\"https:\\\/\\\/theuncommonshop.ch\\\/fr\\\/#website\"},\"primaryImageOfPage\":{\"@id\":\"https:\\\/\\\/theuncommonshop.ch\\\/fr\\\/product\\\/protecc-the-uncommon-shop-core-360-binder-9-pocket-2\\\/#primaryimage\"},\"image\":{\"@id\":\"https:\\\/\\\/theuncommonshop.ch\\\/fr\\\/product\\\/protecc-the-uncommon-shop-core-360-binder-9-pocket-2\\\/#primaryimage\"},\"thumbnailUrl\":\"https:\\\/\\\/theuncommonshop.ch\\\/wp-content\\\/uploads\\\/2026\\\/01\\\/5248217202.jpg\",\"datePublished\":\"2026-01-21T09:04:05+00:00\",\"dateModified\":\"2026-04-25T13:34:22+00:00\",\"description\":\"Ach\u00e8te Protecc - The Uncommon Shop - Core 360 Binder - 9-Pocket en ligne maintenant \u00e0 petit prix! Ton #1 shop pour cartes TCG & Pok\u00e9mon en Suisse \u2713 Livraison gratuite d\u00e8s CHF 29\",\"breadcrumb\":{\"@id\":\"https:\\\/\\\/theuncommonshop.ch\\\/fr\\\/product\\\/protecc-the-uncommon-shop-core-360-binder-9-pocket-2\\\/#breadcrumb\"},\"inLanguage\":\"fr-FR\",\"potentialAction\":[{\"@type\":\"ReadAction\",\"target\":[\"https:\\\/\\\/theuncommonshop.ch\\\/fr\\\/product\\\/protecc-the-uncommon-shop-core-360-binder-9-pocket-2\\\/\"]}]},{\"@type\":\"ImageObject\",\"inLanguage\":\"fr-FR\",\"@id\":\"https:\\\/\\\/theuncommonshop.ch\\\/fr\\\/product\\\/protecc-the-uncommon-shop-core-360-binder-9-pocket-2\\\/#primaryimage\",\"url\":\"https:\\\/\\\/theuncommonshop.ch\\\/wp-content\\\/uploads\\\/2026\\\/01\\\/5248217202.jpg\",\"contentUrl\":\"https:\\\/\\\/theuncommonshop.ch\\\/wp-content\\\/uploads\\\/2026\\\/01\\\/5248217202.jpg\",\"width\":1500,\"height\":1500},{\"@type\":\"BreadcrumbList\",\"@id\":\"https:\\\/\\\/theuncommonshop.ch\\\/fr\\\/product\\\/protecc-the-uncommon-shop-core-360-binder-9-pocket-2\\\/#breadcrumb\",\"itemListElement\":[{\"@type\":\"ListItem\",\"position\":1,\"name\":\"Accueil\",\"item\":\"https:\\\/\\\/theuncommonshop.ch\\\/fr\\\/accueil\\\/\"},{\"@type\":\"ListItem\",\"position\":2,\"name\":\"Boutique\",\"item\":\"https:\\\/\\\/theuncommonshop.ch\\\/fr\\\/boutique\\\/\"},{\"@type\":\"ListItem\",\"position\":3,\"name\":\"Accessoires TCG\",\"item\":\"https:\\\/\\\/theuncommonshop.ch\\\/fr\\\/categorie-produit\\\/accessoires-tcg\\\/\"},{\"@type\":\"ListItem\",\"position\":4,\"name\":\"Binder\",\"item\":\"https:\\\/\\\/theuncommonshop.ch\\\/fr\\\/categorie-produit\\\/accessoires-tcg\\\/binder-fr\\\/\"},{\"@type\":\"ListItem\",\"position\":5,\"name\":\"Tous les Binder\",\"item\":\"https:\\\/\\\/theuncommonshop.ch\\\/fr\\\/categorie-produit\\\/accessoires-tcg\\\/binder-fr\\\/tous-les-binder\\\/\"},{\"@type\":\"ListItem\",\"position\":6,\"name\":\"Protecc &#8211; The Uncommon Shop &#8211; Core 360 Binder &#8211; 9-Pocket\"}]},{\"@type\":\"WebSite\",\"@id\":\"https:\\\/\\\/theuncommonshop.ch\\\/fr\\\/#website\",\"url\":\"https:\\\/\\\/theuncommonshop.ch\\\/fr\\\/\",\"name\":\"The Uncommon Shop\",\"description\":\"Magic, Pok\u00e9mon and Yu-gi-oh - The Uncommon Shop\",\"potentialAction\":[{\"@type\":\"SearchAction\",\"target\":{\"@type\":\"EntryPoint\",\"urlTemplate\":\"https:\\\/\\\/theuncommonshop.ch\\\/fr\\\/?s={search_term_string}\"},\"query-input\":{\"@type\":\"PropertyValueSpecification\",\"valueRequired\":true,\"valueName\":\"search_term_string\"}}],\"inLanguage\":\"fr-FR\"}]}<\/script>\n<meta property=\"og:availability\" content=\"instock\" \/>\n<meta property=\"product:availability\" content=\"instock\" \/>\n<meta property=\"product:retailer_item_id\" content=\"AL.II.B.ProteccUCSBinder360\" \/>\n<meta property=\"product:condition\" content=\"new\" \/>\n<!-- \/ Yoast SEO plugin. -->","yoast_head_json":{"title":"Ach\u00e8te Protecc - The Uncommon Shop - Core 360 Binder - 9-Pocket","description":"Ach\u00e8te Protecc - The Uncommon Shop - Core 360 Binder - 9-Pocket en ligne maintenant \u00e0 petit prix! Ton #1 shop pour cartes TCG & Pok\u00e9mon en Suisse \u2713 Livraison gratuite d\u00e8s CHF 29","robots":{"index":"index","follow":"follow","max-snippet":"max-snippet:-1","max-image-preview":"max-image-preview:large","max-video-preview":"max-video-preview:-1"},"canonical":"https:\/\/theuncommonshop.ch\/fr\/product\/protecc-the-uncommon-shop-core-360-binder-9-pocket-2\/","og_locale":"fr_FR","og_type":"article","og_title":"Ach\u00e8te Protecc - The Uncommon Shop - Core 360 Binder - 9-Pocket","og_description":"Ach\u00e8te Protecc - The Uncommon Shop - Core 360 Binder - 9-Pocket en ligne maintenant \u00e0 petit prix! Ton #1 shop pour cartes TCG & Pok\u00e9mon en Suisse \u2713 Livraison gratuite d\u00e8s CHF 29","og_url":"https:\/\/theuncommonshop.ch\/fr\/product\/protecc-the-uncommon-shop-core-360-binder-9-pocket-2\/","og_site_name":"The Uncommon Shop","article_modified_time":"2026-04-25T13:34:22+00:00","og_image":[{"width":1500,"height":1500,"url":"https:\/\/theuncommonshop.ch\/wp-content\/uploads\/2026\/01\/5248217202.jpg","type":"image\/jpeg"}],"twitter_card":"summary_large_image","twitter_misc":{"Disponibilit\u00e9":"En stock"},"schema":{"@context":"https:\/\/schema.org","@graph":[{"@type":"WebPage","@id":"https:\/\/theuncommonshop.ch\/fr\/product\/protecc-the-uncommon-shop-core-360-binder-9-pocket-2\/","url":"https:\/\/theuncommonshop.ch\/fr\/product\/protecc-the-uncommon-shop-core-360-binder-9-pocket-2\/","name":"Ach\u00e8te Protecc - The Uncommon Shop - Core 360 Binder - 9-Pocket","isPartOf":{"@id":"https:\/\/theuncommonshop.ch\/fr\/#website"},"primaryImageOfPage":{"@id":"https:\/\/theuncommonshop.ch\/fr\/product\/protecc-the-uncommon-shop-core-360-binder-9-pocket-2\/#primaryimage"},"image":{"@id":"https:\/\/theuncommonshop.ch\/fr\/product\/protecc-the-uncommon-shop-core-360-binder-9-pocket-2\/#primaryimage"},"thumbnailUrl":"https:\/\/theuncommonshop.ch\/wp-content\/uploads\/2026\/01\/5248217202.jpg","datePublished":"2026-01-21T09:04:05+00:00","dateModified":"2026-04-25T13:34:22+00:00","description":"Ach\u00e8te Protecc - The Uncommon Shop - Core 360 Binder - 9-Pocket en ligne maintenant \u00e0 petit prix! Ton #1 shop pour cartes TCG & Pok\u00e9mon en Suisse \u2713 Livraison gratuite d\u00e8s CHF 29","breadcrumb":{"@id":"https:\/\/theuncommonshop.ch\/fr\/product\/protecc-the-uncommon-shop-core-360-binder-9-pocket-2\/#breadcrumb"},"inLanguage":"fr-FR","potentialAction":[{"@type":"ReadAction","target":["https:\/\/theuncommonshop.ch\/fr\/product\/protecc-the-uncommon-shop-core-360-binder-9-pocket-2\/"]}]},{"@type":"ImageObject","inLanguage":"fr-FR","@id":"https:\/\/theuncommonshop.ch\/fr\/product\/protecc-the-uncommon-shop-core-360-binder-9-pocket-2\/#primaryimage","url":"https:\/\/theuncommonshop.ch\/wp-content\/uploads\/2026\/01\/5248217202.jpg","contentUrl":"https:\/\/theuncommonshop.ch\/wp-content\/uploads\/2026\/01\/5248217202.jpg","width":1500,"height":1500},{"@type":"BreadcrumbList","@id":"https:\/\/theuncommonshop.ch\/fr\/product\/protecc-the-uncommon-shop-core-360-binder-9-pocket-2\/#breadcrumb","itemListElement":[{"@type":"ListItem","position":1,"name":"Accueil","item":"https:\/\/theuncommonshop.ch\/fr\/accueil\/"},{"@type":"ListItem","position":2,"name":"Boutique","item":"https:\/\/theuncommonshop.ch\/fr\/boutique\/"},{"@type":"ListItem","position":3,"name":"Accessoires TCG","item":"https:\/\/theuncommonshop.ch\/fr\/categorie-produit\/accessoires-tcg\/"},{"@type":"ListItem","position":4,"name":"Binder","item":"https:\/\/theuncommonshop.ch\/fr\/categorie-produit\/accessoires-tcg\/binder-fr\/"},{"@type":"ListItem","position":5,"name":"Tous les Binder","item":"https:\/\/theuncommonshop.ch\/fr\/categorie-produit\/accessoires-tcg\/binder-fr\/tous-les-binder\/"},{"@type":"ListItem","position":6,"name":"Protecc &#8211; The Uncommon Shop &#8211; Core 360 Binder &#8211; 9-Pocket"}]},{"@type":"WebSite","@id":"https:\/\/theuncommonshop.ch\/fr\/#website","url":"https:\/\/theuncommonshop.ch\/fr\/","name":"The Uncommon Shop","description":"Magic, Pok\u00e9mon and Yu-gi-oh - The Uncommon Shop","potentialAction":[{"@type":"SearchAction","target":{"@type":"EntryPoint","urlTemplate":"https:\/\/theuncommonshop.ch\/fr\/?s={search_term_string}"},"query-input":{"@type":"PropertyValueSpecification","valueRequired":true,"valueName":"search_term_string"}}],"inLanguage":"fr-FR"}]},"og_availability":"instock","product_availability":"instock","product_retailer_item_id":"AL.II.B.ProteccUCSBinder360","product_condition":"new"},"_links":{"self":[{"href":"https:\/\/theuncommonshop.ch\/fr\/wp-json\/wp\/v2\/product\/311254","targetHints":{"allow":["GET"]}}],"collection":[{"href":"https:\/\/theuncommonshop.ch\/fr\/wp-json\/wp\/v2\/product"}],"about":[{"href":"https:\/\/theuncommonshop.ch\/fr\/wp-json\/wp\/v2\/types\/product"}],"replies":[{"embeddable":true,"href":"https:\/\/theuncommonshop.ch\/fr\/wp-json\/wp\/v2\/comments?post=311254"}],"version-history":[{"count":0,"href":"https:\/\/theuncommonshop.ch\/fr\/wp-json\/wp\/v2\/product\/311254\/revisions"}],"wp:featuredmedia":[{"embeddable":true,"href":"https:\/\/theuncommonshop.ch\/fr\/wp-json\/wp\/v2\/media\/285604"}],"wp:attachment":[{"href":"https:\/\/theuncommonshop.ch\/fr\/wp-json\/wp\/v2\/media?parent=311254"}],"wp:term":[{"taxonomy":"product_brand","embeddable":true,"href":"https:\/\/theuncommonshop.ch\/fr\/wp-json\/wp\/v2\/product_brand?post=311254"},{"taxonomy":"product_cat","embeddable":true,"href":"https:\/\/theuncommonshop.ch\/fr\/wp-json\/wp\/v2\/product_cat?post=311254"},{"taxonomy":"product_tag","embeddable":true,"href":"https:\/\/theuncommonshop.ch\/fr\/wp-json\/wp\/v2\/product_tag?post=311254"}],"curies":[{"name":"wp","href":"https:\/\/api.w.org\/{rel}","templated":true}]}}