{"id":311250,"date":"2026-01-21T08:56:52","date_gmt":"2026-01-21T08:56:52","guid":{"rendered":"http:\/\/theuncommonshop.ch\/produkt\/311250\/"},"modified":"2026-03-08T18:20:36","modified_gmt":"2026-03-08T17:20:36","slug":"ultra-pro-9-pocket-pro-binder-strassen-von-neu-capenna-2","status":"publish","type":"product","link":"https:\/\/theuncommonshop.ch\/fr\/product\/ultra-pro-9-pocket-pro-binder-strassen-von-neu-capenna-2\/","title":{"rendered":"Ultra Pro &#8211; 9-Pocket PRO Binder &#8211; Strassen von Neu-Capenna"},"content":{"rendered":"<div>Le Binder PRO pour Magic : the Gathering se caract\u00e9rise par une couverture color\u00e9e et une fermeture \u00e0 sangle \u00e9lastique. Des poches lat\u00e9rales et un mat\u00e9riau \u00e0 faible friction permettent de maintenir les cartes en place. Jusqu&#8217;\u00e0 360 cartes peuvent \u00eatre conserv\u00e9es en toute s\u00e9curit\u00e9 dans des pages sans acide et sans PVC qui ne craignent pas l&#8217;archivage.  <\/div>\n<div><\/div>\n<div>Licence officielle pour Magic : the Gathering<\/div>\n<div>Peut contenir jusqu&#8217;\u00e0 360 cartes au format standard<\/div>\n<div>Le mat\u00e9riau \u00e0 faible frottement et les poches lat\u00e9rales permettent aux cartes de rester en place.<\/div>\n<div>Fermeture par sangle \u00e9lastique<\/div>\n<div><\/div>\n","protected":false},"excerpt":{"rendered":"<p>Le Binder PRO pour Magic : the Gathering se caract\u00e9rise par une couverture color\u00e9e et une fermeture \u00e0 sangle \u00e9lastique.<\/p>\n","protected":false},"featured_media":76259,"comment_status":"open","ping_status":"closed","template":"","meta":{"_acf_changed":false},"product_brand":[5072,5098],"product_cat":[9833,9859,9863,10263,9777,10031],"product_tag":[],"class_list":{"0":"post-311250","1":"product","2":"type-product","3":"status-publish","4":"has-post-thumbnail","6":"product_brand-the-pokemon-company","7":"product_brand-ultra-pro","8":"product_cat-accessoires-pour-cartes-pokemon","9":"product_cat-accessoires-tcg","10":"product_cat-binder-fr","11":"product_cat-magic-binder","12":"product_cat-pokemon-fr","13":"product_cat-tous-les-binder","15":"first","16":"instock","17":"taxable","18":"shipping-taxable","19":"purchasable","20":"product-type-simple"},"acf":[],"yoast_head":"<!-- This site is optimized with the Yoast SEO plugin v27.4 - https:\/\/yoast.com\/product\/yoast-seo-wordpress\/ -->\n<title>Ach\u00e8te Ultra Pro - 9-Pocket PRO Binder - Strassen von Neu-Capenna<\/title>\n<meta name=\"description\" content=\"Ach\u00e8te Ultra Pro - 9-Pocket PRO Binder - Strassen von Neu-Capenna en ligne maintenant \u00e0 petit prix! Ton #1 shop pour cartes TCG &amp; Pok\u00e9mon en Suisse \u2713 Livraison gratuite d\u00e8s CHF 29\" \/>\n<meta name=\"robots\" content=\"index, follow, max-snippet:-1, max-image-preview:large, max-video-preview:-1\" \/>\n<link rel=\"canonical\" href=\"https:\/\/theuncommonshop.ch\/fr\/product\/ultra-pro-9-pocket-pro-binder-strassen-von-neu-capenna-2\/\" \/>\n<meta property=\"og:locale\" content=\"fr_FR\" \/>\n<meta property=\"og:type\" content=\"article\" \/>\n<meta property=\"og:title\" content=\"Ach\u00e8te Ultra Pro - 9-Pocket PRO Binder - Strassen von Neu-Capenna\" \/>\n<meta property=\"og:description\" content=\"Ach\u00e8te Ultra Pro - 9-Pocket PRO Binder - Strassen von Neu-Capenna en ligne maintenant \u00e0 petit prix! Ton #1 shop pour cartes TCG &amp; Pok\u00e9mon en Suisse \u2713 Livraison gratuite d\u00e8s CHF 29\" \/>\n<meta property=\"og:url\" content=\"https:\/\/theuncommonshop.ch\/fr\/product\/ultra-pro-9-pocket-pro-binder-strassen-von-neu-capenna-2\/\" \/>\n<meta property=\"og:site_name\" content=\"The Uncommon Shop\" \/>\n<meta property=\"article:modified_time\" content=\"2026-03-08T17:20:36+00:00\" \/>\n<meta property=\"og:image\" content=\"https:\/\/theuncommonshop.ch\/wp-content\/uploads\/2025\/06\/3061045912.jpg\" \/>\n\t<meta property=\"og:image:width\" content=\"800\" \/>\n\t<meta property=\"og:image:height\" content=\"800\" \/>\n\t<meta property=\"og:image:type\" content=\"image\/jpeg\" \/>\n<meta name=\"twitter:card\" content=\"summary_large_image\" \/>\n<meta name=\"twitter:label1\" content=\"Prix\" \/>\n\t<meta name=\"twitter:data1\" content=\"&#067;&#072;&#070;&nbsp;25.96\" \/>\n\t<meta name=\"twitter:label2\" content=\"Disponibilit\u00e9\" \/>\n\t<meta name=\"twitter:data2\" content=\"En stock\" \/>\n<script type=\"application\/ld+json\" class=\"yoast-schema-graph\">{\"@context\":\"https:\\\/\\\/schema.org\",\"@graph\":[{\"@type\":\"WebPage\",\"@id\":\"https:\\\/\\\/theuncommonshop.ch\\\/fr\\\/product\\\/ultra-pro-9-pocket-pro-binder-strassen-von-neu-capenna-2\\\/\",\"url\":\"https:\\\/\\\/theuncommonshop.ch\\\/fr\\\/product\\\/ultra-pro-9-pocket-pro-binder-strassen-von-neu-capenna-2\\\/\",\"name\":\"Ach\u00e8te Ultra Pro - 9-Pocket PRO Binder - Strassen von Neu-Capenna\",\"isPartOf\":{\"@id\":\"https:\\\/\\\/theuncommonshop.ch\\\/fr\\\/#website\"},\"primaryImageOfPage\":{\"@id\":\"https:\\\/\\\/theuncommonshop.ch\\\/fr\\\/product\\\/ultra-pro-9-pocket-pro-binder-strassen-von-neu-capenna-2\\\/#primaryimage\"},\"image\":{\"@id\":\"https:\\\/\\\/theuncommonshop.ch\\\/fr\\\/product\\\/ultra-pro-9-pocket-pro-binder-strassen-von-neu-capenna-2\\\/#primaryimage\"},\"thumbnailUrl\":\"https:\\\/\\\/theuncommonshop.ch\\\/wp-content\\\/uploads\\\/2025\\\/06\\\/3061045912.jpg\",\"datePublished\":\"2026-01-21T08:56:52+00:00\",\"dateModified\":\"2026-03-08T17:20:36+00:00\",\"description\":\"Ach\u00e8te Ultra Pro - 9-Pocket PRO Binder - Strassen von Neu-Capenna en ligne maintenant \u00e0 petit prix! Ton #1 shop pour cartes TCG & Pok\u00e9mon en Suisse \u2713 Livraison gratuite d\u00e8s CHF 29\",\"breadcrumb\":{\"@id\":\"https:\\\/\\\/theuncommonshop.ch\\\/fr\\\/product\\\/ultra-pro-9-pocket-pro-binder-strassen-von-neu-capenna-2\\\/#breadcrumb\"},\"inLanguage\":\"fr-FR\",\"potentialAction\":[{\"@type\":\"ReadAction\",\"target\":[\"https:\\\/\\\/theuncommonshop.ch\\\/fr\\\/product\\\/ultra-pro-9-pocket-pro-binder-strassen-von-neu-capenna-2\\\/\"]}]},{\"@type\":\"ImageObject\",\"inLanguage\":\"fr-FR\",\"@id\":\"https:\\\/\\\/theuncommonshop.ch\\\/fr\\\/product\\\/ultra-pro-9-pocket-pro-binder-strassen-von-neu-capenna-2\\\/#primaryimage\",\"url\":\"https:\\\/\\\/theuncommonshop.ch\\\/wp-content\\\/uploads\\\/2025\\\/06\\\/3061045912.jpg\",\"contentUrl\":\"https:\\\/\\\/theuncommonshop.ch\\\/wp-content\\\/uploads\\\/2025\\\/06\\\/3061045912.jpg\",\"width\":800,\"height\":800},{\"@type\":\"BreadcrumbList\",\"@id\":\"https:\\\/\\\/theuncommonshop.ch\\\/fr\\\/product\\\/ultra-pro-9-pocket-pro-binder-strassen-von-neu-capenna-2\\\/#breadcrumb\",\"itemListElement\":[{\"@type\":\"ListItem\",\"position\":1,\"name\":\"Accueil\",\"item\":\"https:\\\/\\\/theuncommonshop.ch\\\/fr\\\/accueil\\\/\"},{\"@type\":\"ListItem\",\"position\":2,\"name\":\"Boutique\",\"item\":\"https:\\\/\\\/theuncommonshop.ch\\\/fr\\\/boutique\\\/\"},{\"@type\":\"ListItem\",\"position\":3,\"name\":\"Accessoires TCG\",\"item\":\"https:\\\/\\\/theuncommonshop.ch\\\/fr\\\/categorie-produit\\\/accessoires-tcg\\\/\"},{\"@type\":\"ListItem\",\"position\":4,\"name\":\"Binder\",\"item\":\"https:\\\/\\\/theuncommonshop.ch\\\/fr\\\/categorie-produit\\\/accessoires-tcg\\\/binder-fr\\\/\"},{\"@type\":\"ListItem\",\"position\":5,\"name\":\"Tous les Binder\",\"item\":\"https:\\\/\\\/theuncommonshop.ch\\\/fr\\\/categorie-produit\\\/accessoires-tcg\\\/binder-fr\\\/tous-les-binder\\\/\"},{\"@type\":\"ListItem\",\"position\":6,\"name\":\"Ultra Pro &#8211; 9-Pocket PRO Binder &#8211; Strassen von Neu-Capenna\"}]},{\"@type\":\"WebSite\",\"@id\":\"https:\\\/\\\/theuncommonshop.ch\\\/fr\\\/#website\",\"url\":\"https:\\\/\\\/theuncommonshop.ch\\\/fr\\\/\",\"name\":\"The Uncommon Shop\",\"description\":\"Magic, Pok\u00e9mon and Yu-gi-oh - The Uncommon Shop\",\"potentialAction\":[{\"@type\":\"SearchAction\",\"target\":{\"@type\":\"EntryPoint\",\"urlTemplate\":\"https:\\\/\\\/theuncommonshop.ch\\\/fr\\\/?s={search_term_string}\"},\"query-input\":{\"@type\":\"PropertyValueSpecification\",\"valueRequired\":true,\"valueName\":\"search_term_string\"}}],\"inLanguage\":\"fr-FR\"}]}<\/script>\n<meta property=\"product:price:amount\" content=\"25.96\" \/>\n<meta property=\"product:price:currency\" content=\"CHF\" \/>\n<meta property=\"og:availability\" content=\"instock\" \/>\n<meta property=\"product:availability\" content=\"instock\" \/>\n<meta property=\"product:retailer_item_id\" content=\"ZU.VII.E.NeuCapennaIXBinder\" \/>\n<meta property=\"product:condition\" content=\"new\" \/>\n<!-- \/ Yoast SEO plugin. -->","yoast_head_json":{"title":"Ach\u00e8te Ultra Pro - 9-Pocket PRO Binder - Strassen von Neu-Capenna","description":"Ach\u00e8te Ultra Pro - 9-Pocket PRO Binder - Strassen von Neu-Capenna en ligne maintenant \u00e0 petit prix! Ton #1 shop pour cartes TCG & Pok\u00e9mon en Suisse \u2713 Livraison gratuite d\u00e8s CHF 29","robots":{"index":"index","follow":"follow","max-snippet":"max-snippet:-1","max-image-preview":"max-image-preview:large","max-video-preview":"max-video-preview:-1"},"canonical":"https:\/\/theuncommonshop.ch\/fr\/product\/ultra-pro-9-pocket-pro-binder-strassen-von-neu-capenna-2\/","og_locale":"fr_FR","og_type":"article","og_title":"Ach\u00e8te Ultra Pro - 9-Pocket PRO Binder - Strassen von Neu-Capenna","og_description":"Ach\u00e8te Ultra Pro - 9-Pocket PRO Binder - Strassen von Neu-Capenna en ligne maintenant \u00e0 petit prix! Ton #1 shop pour cartes TCG & Pok\u00e9mon en Suisse \u2713 Livraison gratuite d\u00e8s CHF 29","og_url":"https:\/\/theuncommonshop.ch\/fr\/product\/ultra-pro-9-pocket-pro-binder-strassen-von-neu-capenna-2\/","og_site_name":"The Uncommon Shop","article_modified_time":"2026-03-08T17:20:36+00:00","og_image":[{"width":800,"height":800,"url":"https:\/\/theuncommonshop.ch\/wp-content\/uploads\/2025\/06\/3061045912.jpg","type":"image\/jpeg"}],"twitter_card":"summary_large_image","twitter_misc":{"Prix":"&#67;&#72;&#70;&nbsp;25.96","Disponibilit\u00e9":"En stock"},"schema":{"@context":"https:\/\/schema.org","@graph":[{"@type":"WebPage","@id":"https:\/\/theuncommonshop.ch\/fr\/product\/ultra-pro-9-pocket-pro-binder-strassen-von-neu-capenna-2\/","url":"https:\/\/theuncommonshop.ch\/fr\/product\/ultra-pro-9-pocket-pro-binder-strassen-von-neu-capenna-2\/","name":"Ach\u00e8te Ultra Pro - 9-Pocket PRO Binder - Strassen von Neu-Capenna","isPartOf":{"@id":"https:\/\/theuncommonshop.ch\/fr\/#website"},"primaryImageOfPage":{"@id":"https:\/\/theuncommonshop.ch\/fr\/product\/ultra-pro-9-pocket-pro-binder-strassen-von-neu-capenna-2\/#primaryimage"},"image":{"@id":"https:\/\/theuncommonshop.ch\/fr\/product\/ultra-pro-9-pocket-pro-binder-strassen-von-neu-capenna-2\/#primaryimage"},"thumbnailUrl":"https:\/\/theuncommonshop.ch\/wp-content\/uploads\/2025\/06\/3061045912.jpg","datePublished":"2026-01-21T08:56:52+00:00","dateModified":"2026-03-08T17:20:36+00:00","description":"Ach\u00e8te Ultra Pro - 9-Pocket PRO Binder - Strassen von Neu-Capenna en ligne maintenant \u00e0 petit prix! Ton #1 shop pour cartes TCG & Pok\u00e9mon en Suisse \u2713 Livraison gratuite d\u00e8s CHF 29","breadcrumb":{"@id":"https:\/\/theuncommonshop.ch\/fr\/product\/ultra-pro-9-pocket-pro-binder-strassen-von-neu-capenna-2\/#breadcrumb"},"inLanguage":"fr-FR","potentialAction":[{"@type":"ReadAction","target":["https:\/\/theuncommonshop.ch\/fr\/product\/ultra-pro-9-pocket-pro-binder-strassen-von-neu-capenna-2\/"]}]},{"@type":"ImageObject","inLanguage":"fr-FR","@id":"https:\/\/theuncommonshop.ch\/fr\/product\/ultra-pro-9-pocket-pro-binder-strassen-von-neu-capenna-2\/#primaryimage","url":"https:\/\/theuncommonshop.ch\/wp-content\/uploads\/2025\/06\/3061045912.jpg","contentUrl":"https:\/\/theuncommonshop.ch\/wp-content\/uploads\/2025\/06\/3061045912.jpg","width":800,"height":800},{"@type":"BreadcrumbList","@id":"https:\/\/theuncommonshop.ch\/fr\/product\/ultra-pro-9-pocket-pro-binder-strassen-von-neu-capenna-2\/#breadcrumb","itemListElement":[{"@type":"ListItem","position":1,"name":"Accueil","item":"https:\/\/theuncommonshop.ch\/fr\/accueil\/"},{"@type":"ListItem","position":2,"name":"Boutique","item":"https:\/\/theuncommonshop.ch\/fr\/boutique\/"},{"@type":"ListItem","position":3,"name":"Accessoires TCG","item":"https:\/\/theuncommonshop.ch\/fr\/categorie-produit\/accessoires-tcg\/"},{"@type":"ListItem","position":4,"name":"Binder","item":"https:\/\/theuncommonshop.ch\/fr\/categorie-produit\/accessoires-tcg\/binder-fr\/"},{"@type":"ListItem","position":5,"name":"Tous les Binder","item":"https:\/\/theuncommonshop.ch\/fr\/categorie-produit\/accessoires-tcg\/binder-fr\/tous-les-binder\/"},{"@type":"ListItem","position":6,"name":"Ultra Pro &#8211; 9-Pocket PRO Binder &#8211; Strassen von Neu-Capenna"}]},{"@type":"WebSite","@id":"https:\/\/theuncommonshop.ch\/fr\/#website","url":"https:\/\/theuncommonshop.ch\/fr\/","name":"The Uncommon Shop","description":"Magic, Pok\u00e9mon and Yu-gi-oh - The Uncommon Shop","potentialAction":[{"@type":"SearchAction","target":{"@type":"EntryPoint","urlTemplate":"https:\/\/theuncommonshop.ch\/fr\/?s={search_term_string}"},"query-input":{"@type":"PropertyValueSpecification","valueRequired":true,"valueName":"search_term_string"}}],"inLanguage":"fr-FR"}]},"product_price_amount":"25.96","product_price_currency":"CHF","og_availability":"instock","product_availability":"instock","product_retailer_item_id":"ZU.VII.E.NeuCapennaIXBinder","product_condition":"new"},"_links":{"self":[{"href":"https:\/\/theuncommonshop.ch\/fr\/wp-json\/wp\/v2\/product\/311250","targetHints":{"allow":["GET"]}}],"collection":[{"href":"https:\/\/theuncommonshop.ch\/fr\/wp-json\/wp\/v2\/product"}],"about":[{"href":"https:\/\/theuncommonshop.ch\/fr\/wp-json\/wp\/v2\/types\/product"}],"replies":[{"embeddable":true,"href":"https:\/\/theuncommonshop.ch\/fr\/wp-json\/wp\/v2\/comments?post=311250"}],"version-history":[{"count":0,"href":"https:\/\/theuncommonshop.ch\/fr\/wp-json\/wp\/v2\/product\/311250\/revisions"}],"wp:featuredmedia":[{"embeddable":true,"href":"https:\/\/theuncommonshop.ch\/fr\/wp-json\/wp\/v2\/media\/76259"}],"wp:attachment":[{"href":"https:\/\/theuncommonshop.ch\/fr\/wp-json\/wp\/v2\/media?parent=311250"}],"wp:term":[{"taxonomy":"product_brand","embeddable":true,"href":"https:\/\/theuncommonshop.ch\/fr\/wp-json\/wp\/v2\/product_brand?post=311250"},{"taxonomy":"product_cat","embeddable":true,"href":"https:\/\/theuncommonshop.ch\/fr\/wp-json\/wp\/v2\/product_cat?post=311250"},{"taxonomy":"product_tag","embeddable":true,"href":"https:\/\/theuncommonshop.ch\/fr\/wp-json\/wp\/v2\/product_tag?post=311250"}],"curies":[{"name":"wp","href":"https:\/\/api.w.org\/{rel}","templated":true}]}}