{"id":311211,"date":"2026-01-21T08:44:00","date_gmt":"2026-01-21T07:44:00","guid":{"rendered":"http:\/\/theuncommonshop.ch\/produkt\/311211\/"},"modified":"2026-03-31T17:55:36","modified_gmt":"2026-03-31T15:55:36","slug":"riftbound-league-of-legends-tcg-origins-volibear-playmat-2","status":"publish","type":"product","link":"https:\/\/theuncommonshop.ch\/fr\/product\/riftbound-league-of-legends-tcg-origins-volibear-playmat-2\/","title":{"rendered":"Riftbound : League of Legends TCG &#8211; Origins Volibear &#8211; Playmat"},"content":{"rendered":"<p>Frayez-vous un chemin \u00e0 travers le gouffre avec ce tapis de jeu Volibear qui offre protection, style et une pr\u00e9sence impressionnante \u00e0 la table.\n<\/p>\n<p>  Le tapis de jeu avec bordure cousue, dans un emballage pr\u00eat \u00e0 la vente, permet aux joueurs de prot\u00e9ger leurs cartes avec style !\n<\/p>\n<p>Pr\u00eat \u00e0 la vente &#8211; Chaque tapis de jeu est emball\u00e9 dans une bo\u00eete solide qui peut \u00eatre suspendue ou pr\u00e9sent\u00e9e sur une \u00e9tag\u00e8re.\n<\/p>\n<p>Haute qualit\u00e9 &#8211; Le tapis de jeu en n\u00e9opr\u00e8ne de 24 x 14 pouces avec bordure cousue et dos en caoutchouc offre une surface de jeu lisse pour prot\u00e9ger vos cartes.\n<\/p>\n<p>  Repr\u00e9sentez votre champion &#8211; Tapis de jeu Riftbound : Origins avec Volibear !\n<\/p>\n<p>Collectez-les tous ! &#8211; Un des 4 tapis de jeu diff\u00e9rents cr\u00e9\u00e9s \u00e0 l&#8217;occasion de la sortie du Booster Set &#8220;Riftbound : Origins&#8221; !<\/p>\n","protected":false},"excerpt":{"rendered":"<p>Frayez-vous un chemin \u00e0 travers le gouffre avec ce tapis de jeu Volibear qui offre protection, style et une pr\u00e9sence<\/p>\n","protected":false},"featured_media":285175,"comment_status":"open","ping_status":"closed","template":"","meta":{"_acf_changed":false},"product_brand":[5152],"product_cat":[9981],"product_tag":[],"class_list":{"0":"post-311211","1":"product","2":"type-product","3":"status-publish","4":"has-post-thumbnail","6":"product_brand-league-of-legends-riftbound","7":"product_cat-league-of-legends-riftbound","9":"first","10":"outofstock","11":"taxable","12":"shipping-taxable","13":"purchasable","14":"product-type-simple"},"acf":[],"yoast_head":"<!-- This site is optimized with the Yoast SEO plugin v27.4 - https:\/\/yoast.com\/product\/yoast-seo-wordpress\/ -->\n<title>Ach\u00e8te Riftbound : League of Legends TCG - Origins Volibear - Playmat<\/title>\n<meta name=\"description\" content=\"Ach\u00e8te Riftbound : League of Legends TCG - Origins Volibear - Playmat en ligne maintenant \u00e0 petit prix! Ton #1 shop pour cartes TCG &amp; Pok\u00e9mon en Suisse \u2713 Livraison gratuite d\u00e8s CHF 29\" \/>\n<meta name=\"robots\" content=\"index, follow, max-snippet:-1, max-image-preview:large, max-video-preview:-1\" \/>\n<link rel=\"canonical\" href=\"https:\/\/theuncommonshop.ch\/fr\/product\/riftbound-league-of-legends-tcg-origins-volibear-playmat-2\/\" \/>\n<meta property=\"og:locale\" content=\"fr_FR\" \/>\n<meta property=\"og:type\" content=\"article\" \/>\n<meta property=\"og:title\" content=\"Ach\u00e8te Riftbound : League of Legends TCG - Origins Volibear - Playmat\" \/>\n<meta property=\"og:description\" content=\"Ach\u00e8te Riftbound : League of Legends TCG - Origins Volibear - Playmat en ligne maintenant \u00e0 petit prix! Ton #1 shop pour cartes TCG &amp; Pok\u00e9mon en Suisse \u2713 Livraison gratuite d\u00e8s CHF 29\" \/>\n<meta property=\"og:url\" content=\"https:\/\/theuncommonshop.ch\/fr\/product\/riftbound-league-of-legends-tcg-origins-volibear-playmat-2\/\" \/>\n<meta property=\"og:site_name\" content=\"The Uncommon Shop\" \/>\n<meta property=\"article:modified_time\" content=\"2026-03-31T15:55:36+00:00\" \/>\n<meta property=\"og:image\" content=\"https:\/\/theuncommonshop.ch\/wp-content\/uploads\/2026\/01\/5327676478.png\" \/>\n\t<meta property=\"og:image:width\" content=\"1024\" \/>\n\t<meta property=\"og:image:height\" content=\"768\" \/>\n\t<meta property=\"og:image:type\" content=\"image\/png\" \/>\n<meta name=\"twitter:card\" content=\"summary_large_image\" \/>\n<meta name=\"twitter:label1\" content=\"Prix\" \/>\n\t<meta name=\"twitter:data1\" content=\"&#067;&#072;&#070;&nbsp;23.95\" \/>\n\t<meta name=\"twitter:label2\" content=\"Disponibilit\u00e9\" \/>\n\t<meta name=\"twitter:data2\" content=\"Rupture de stock\" \/>\n<script type=\"application\/ld+json\" class=\"yoast-schema-graph\">{\"@context\":\"https:\\\/\\\/schema.org\",\"@graph\":[{\"@type\":\"WebPage\",\"@id\":\"https:\\\/\\\/theuncommonshop.ch\\\/fr\\\/product\\\/riftbound-league-of-legends-tcg-origins-volibear-playmat-2\\\/\",\"url\":\"https:\\\/\\\/theuncommonshop.ch\\\/fr\\\/product\\\/riftbound-league-of-legends-tcg-origins-volibear-playmat-2\\\/\",\"name\":\"Ach\u00e8te Riftbound : League of Legends TCG - Origins Volibear - Playmat\",\"isPartOf\":{\"@id\":\"https:\\\/\\\/theuncommonshop.ch\\\/fr\\\/#website\"},\"primaryImageOfPage\":{\"@id\":\"https:\\\/\\\/theuncommonshop.ch\\\/fr\\\/product\\\/riftbound-league-of-legends-tcg-origins-volibear-playmat-2\\\/#primaryimage\"},\"image\":{\"@id\":\"https:\\\/\\\/theuncommonshop.ch\\\/fr\\\/product\\\/riftbound-league-of-legends-tcg-origins-volibear-playmat-2\\\/#primaryimage\"},\"thumbnailUrl\":\"https:\\\/\\\/theuncommonshop.ch\\\/wp-content\\\/uploads\\\/2026\\\/01\\\/5327676478.png\",\"datePublished\":\"2026-01-21T07:44:00+00:00\",\"dateModified\":\"2026-03-31T15:55:36+00:00\",\"description\":\"Ach\u00e8te Riftbound : League of Legends TCG - Origins Volibear - Playmat en ligne maintenant \u00e0 petit prix! Ton #1 shop pour cartes TCG & Pok\u00e9mon en Suisse \u2713 Livraison gratuite d\u00e8s CHF 29\",\"breadcrumb\":{\"@id\":\"https:\\\/\\\/theuncommonshop.ch\\\/fr\\\/product\\\/riftbound-league-of-legends-tcg-origins-volibear-playmat-2\\\/#breadcrumb\"},\"inLanguage\":\"fr-FR\",\"potentialAction\":[{\"@type\":\"ReadAction\",\"target\":[\"https:\\\/\\\/theuncommonshop.ch\\\/fr\\\/product\\\/riftbound-league-of-legends-tcg-origins-volibear-playmat-2\\\/\"]}]},{\"@type\":\"ImageObject\",\"inLanguage\":\"fr-FR\",\"@id\":\"https:\\\/\\\/theuncommonshop.ch\\\/fr\\\/product\\\/riftbound-league-of-legends-tcg-origins-volibear-playmat-2\\\/#primaryimage\",\"url\":\"https:\\\/\\\/theuncommonshop.ch\\\/wp-content\\\/uploads\\\/2026\\\/01\\\/5327676478.png\",\"contentUrl\":\"https:\\\/\\\/theuncommonshop.ch\\\/wp-content\\\/uploads\\\/2026\\\/01\\\/5327676478.png\",\"width\":1024,\"height\":768},{\"@type\":\"BreadcrumbList\",\"@id\":\"https:\\\/\\\/theuncommonshop.ch\\\/fr\\\/product\\\/riftbound-league-of-legends-tcg-origins-volibear-playmat-2\\\/#breadcrumb\",\"itemListElement\":[{\"@type\":\"ListItem\",\"position\":1,\"name\":\"Accueil\",\"item\":\"https:\\\/\\\/theuncommonshop.ch\\\/fr\\\/accueil\\\/\"},{\"@type\":\"ListItem\",\"position\":2,\"name\":\"Boutique\",\"item\":\"https:\\\/\\\/theuncommonshop.ch\\\/fr\\\/boutique\\\/\"},{\"@type\":\"ListItem\",\"position\":3,\"name\":\"Autres cartes \u00e0 collectionner\",\"item\":\"https:\\\/\\\/theuncommonshop.ch\\\/fr\\\/categorie-produit\\\/autres-cartes-a-collectionner\\\/\"},{\"@type\":\"ListItem\",\"position\":4,\"name\":\"League of Legends: Riftbound\",\"item\":\"https:\\\/\\\/theuncommonshop.ch\\\/fr\\\/categorie-produit\\\/autres-cartes-a-collectionner\\\/league-of-legends-riftbound\\\/\"},{\"@type\":\"ListItem\",\"position\":5,\"name\":\"Riftbound : League of Legends TCG &#8211; Origins Volibear &#8211; Playmat\"}]},{\"@type\":\"WebSite\",\"@id\":\"https:\\\/\\\/theuncommonshop.ch\\\/fr\\\/#website\",\"url\":\"https:\\\/\\\/theuncommonshop.ch\\\/fr\\\/\",\"name\":\"The Uncommon Shop\",\"description\":\"Magic, Pok\u00e9mon and Yu-gi-oh - The Uncommon Shop\",\"potentialAction\":[{\"@type\":\"SearchAction\",\"target\":{\"@type\":\"EntryPoint\",\"urlTemplate\":\"https:\\\/\\\/theuncommonshop.ch\\\/fr\\\/?s={search_term_string}\"},\"query-input\":{\"@type\":\"PropertyValueSpecification\",\"valueRequired\":true,\"valueName\":\"search_term_string\"}}],\"inLanguage\":\"fr-FR\"}]}<\/script>\n<meta property=\"product:price:amount\" content=\"23.95\" \/>\n<meta property=\"product:price:currency\" content=\"CHF\" \/>\n<meta property=\"og:availability\" content=\"out of stock\" \/>\n<meta property=\"product:availability\" content=\"out of stock\" \/>\n<meta property=\"product:retailer_item_id\" content=\"RB.I.C.RiftboundVolibearPlaymat\" \/>\n<meta property=\"product:condition\" content=\"new\" \/>\n<!-- \/ Yoast SEO plugin. -->","yoast_head_json":{"title":"Ach\u00e8te Riftbound : League of Legends TCG - Origins Volibear - Playmat","description":"Ach\u00e8te Riftbound : League of Legends TCG - Origins Volibear - Playmat en ligne maintenant \u00e0 petit prix! Ton #1 shop pour cartes TCG & Pok\u00e9mon en Suisse \u2713 Livraison gratuite d\u00e8s CHF 29","robots":{"index":"index","follow":"follow","max-snippet":"max-snippet:-1","max-image-preview":"max-image-preview:large","max-video-preview":"max-video-preview:-1"},"canonical":"https:\/\/theuncommonshop.ch\/fr\/product\/riftbound-league-of-legends-tcg-origins-volibear-playmat-2\/","og_locale":"fr_FR","og_type":"article","og_title":"Ach\u00e8te Riftbound : League of Legends TCG - Origins Volibear - Playmat","og_description":"Ach\u00e8te Riftbound : League of Legends TCG - Origins Volibear - Playmat en ligne maintenant \u00e0 petit prix! Ton #1 shop pour cartes TCG & Pok\u00e9mon en Suisse \u2713 Livraison gratuite d\u00e8s CHF 29","og_url":"https:\/\/theuncommonshop.ch\/fr\/product\/riftbound-league-of-legends-tcg-origins-volibear-playmat-2\/","og_site_name":"The Uncommon Shop","article_modified_time":"2026-03-31T15:55:36+00:00","og_image":[{"width":1024,"height":768,"url":"https:\/\/theuncommonshop.ch\/wp-content\/uploads\/2026\/01\/5327676478.png","type":"image\/png"}],"twitter_card":"summary_large_image","twitter_misc":{"Prix":"&#67;&#72;&#70;&nbsp;23.95","Disponibilit\u00e9":"Rupture de stock"},"schema":{"@context":"https:\/\/schema.org","@graph":[{"@type":"WebPage","@id":"https:\/\/theuncommonshop.ch\/fr\/product\/riftbound-league-of-legends-tcg-origins-volibear-playmat-2\/","url":"https:\/\/theuncommonshop.ch\/fr\/product\/riftbound-league-of-legends-tcg-origins-volibear-playmat-2\/","name":"Ach\u00e8te Riftbound : League of Legends TCG - Origins Volibear - Playmat","isPartOf":{"@id":"https:\/\/theuncommonshop.ch\/fr\/#website"},"primaryImageOfPage":{"@id":"https:\/\/theuncommonshop.ch\/fr\/product\/riftbound-league-of-legends-tcg-origins-volibear-playmat-2\/#primaryimage"},"image":{"@id":"https:\/\/theuncommonshop.ch\/fr\/product\/riftbound-league-of-legends-tcg-origins-volibear-playmat-2\/#primaryimage"},"thumbnailUrl":"https:\/\/theuncommonshop.ch\/wp-content\/uploads\/2026\/01\/5327676478.png","datePublished":"2026-01-21T07:44:00+00:00","dateModified":"2026-03-31T15:55:36+00:00","description":"Ach\u00e8te Riftbound : League of Legends TCG - Origins Volibear - Playmat en ligne maintenant \u00e0 petit prix! Ton #1 shop pour cartes TCG & Pok\u00e9mon en Suisse \u2713 Livraison gratuite d\u00e8s CHF 29","breadcrumb":{"@id":"https:\/\/theuncommonshop.ch\/fr\/product\/riftbound-league-of-legends-tcg-origins-volibear-playmat-2\/#breadcrumb"},"inLanguage":"fr-FR","potentialAction":[{"@type":"ReadAction","target":["https:\/\/theuncommonshop.ch\/fr\/product\/riftbound-league-of-legends-tcg-origins-volibear-playmat-2\/"]}]},{"@type":"ImageObject","inLanguage":"fr-FR","@id":"https:\/\/theuncommonshop.ch\/fr\/product\/riftbound-league-of-legends-tcg-origins-volibear-playmat-2\/#primaryimage","url":"https:\/\/theuncommonshop.ch\/wp-content\/uploads\/2026\/01\/5327676478.png","contentUrl":"https:\/\/theuncommonshop.ch\/wp-content\/uploads\/2026\/01\/5327676478.png","width":1024,"height":768},{"@type":"BreadcrumbList","@id":"https:\/\/theuncommonshop.ch\/fr\/product\/riftbound-league-of-legends-tcg-origins-volibear-playmat-2\/#breadcrumb","itemListElement":[{"@type":"ListItem","position":1,"name":"Accueil","item":"https:\/\/theuncommonshop.ch\/fr\/accueil\/"},{"@type":"ListItem","position":2,"name":"Boutique","item":"https:\/\/theuncommonshop.ch\/fr\/boutique\/"},{"@type":"ListItem","position":3,"name":"Autres cartes \u00e0 collectionner","item":"https:\/\/theuncommonshop.ch\/fr\/categorie-produit\/autres-cartes-a-collectionner\/"},{"@type":"ListItem","position":4,"name":"League of Legends: Riftbound","item":"https:\/\/theuncommonshop.ch\/fr\/categorie-produit\/autres-cartes-a-collectionner\/league-of-legends-riftbound\/"},{"@type":"ListItem","position":5,"name":"Riftbound : League of Legends TCG &#8211; Origins Volibear &#8211; Playmat"}]},{"@type":"WebSite","@id":"https:\/\/theuncommonshop.ch\/fr\/#website","url":"https:\/\/theuncommonshop.ch\/fr\/","name":"The Uncommon Shop","description":"Magic, Pok\u00e9mon and Yu-gi-oh - The Uncommon Shop","potentialAction":[{"@type":"SearchAction","target":{"@type":"EntryPoint","urlTemplate":"https:\/\/theuncommonshop.ch\/fr\/?s={search_term_string}"},"query-input":{"@type":"PropertyValueSpecification","valueRequired":true,"valueName":"search_term_string"}}],"inLanguage":"fr-FR"}]},"product_price_amount":"23.95","product_price_currency":"CHF","og_availability":"out of stock","product_availability":"out of stock","product_retailer_item_id":"RB.I.C.RiftboundVolibearPlaymat","product_condition":"new"},"_links":{"self":[{"href":"https:\/\/theuncommonshop.ch\/fr\/wp-json\/wp\/v2\/product\/311211","targetHints":{"allow":["GET"]}}],"collection":[{"href":"https:\/\/theuncommonshop.ch\/fr\/wp-json\/wp\/v2\/product"}],"about":[{"href":"https:\/\/theuncommonshop.ch\/fr\/wp-json\/wp\/v2\/types\/product"}],"replies":[{"embeddable":true,"href":"https:\/\/theuncommonshop.ch\/fr\/wp-json\/wp\/v2\/comments?post=311211"}],"version-history":[{"count":0,"href":"https:\/\/theuncommonshop.ch\/fr\/wp-json\/wp\/v2\/product\/311211\/revisions"}],"wp:featuredmedia":[{"embeddable":true,"href":"https:\/\/theuncommonshop.ch\/fr\/wp-json\/wp\/v2\/media\/285175"}],"wp:attachment":[{"href":"https:\/\/theuncommonshop.ch\/fr\/wp-json\/wp\/v2\/media?parent=311211"}],"wp:term":[{"taxonomy":"product_brand","embeddable":true,"href":"https:\/\/theuncommonshop.ch\/fr\/wp-json\/wp\/v2\/product_brand?post=311211"},{"taxonomy":"product_cat","embeddable":true,"href":"https:\/\/theuncommonshop.ch\/fr\/wp-json\/wp\/v2\/product_cat?post=311211"},{"taxonomy":"product_tag","embeddable":true,"href":"https:\/\/theuncommonshop.ch\/fr\/wp-json\/wp\/v2\/product_tag?post=311211"}],"curies":[{"name":"wp","href":"https:\/\/api.w.org\/{rel}","templated":true}]}}