{"id":311113,"date":"2026-01-21T06:39:07","date_gmt":"2026-01-21T06:39:07","guid":{"rendered":"http:\/\/theuncommonshop.ch\/produkt\/311113\/"},"modified":"2026-03-31T12:32:47","modified_gmt":"2026-03-31T10:32:47","slug":"ultimate-guard-zipfolio-360-18-pocket-xenoskin-edge-of-eternities-5","status":"publish","type":"product","link":"https:\/\/theuncommonshop.ch\/fr\/product\/ultimate-guard-zipfolio-360-18-pocket-xenoskin-edge-of-eternities-5\/","title":{"rendered":"Ultimate Guard &#8211; Zipfolio 360 &#8211; 18-Pocket Xenoskin &#8211; Edge of Eternities"},"content":{"rendered":"<div>Le Zipfolio 360 Xenoskin est un classeur TCG Ultimate Guard de haute qualit\u00e9 avec des illustrations sous licence officielle de l&#8217;ensemble &#8220;Edge of Eternities&#8221; de Magic : The Gathering. Fabriqu\u00e9 dans un mat\u00e9riau Xenoskin de haute qualit\u00e9, l&#8217;album de cartes \u00e0 collectionner offre un total de 360 compartiments r\u00e9partis sur 20 pages noires, avec une pochette lat\u00e9rale pratique pour les cartes. Une fermeture \u00e0 glissi\u00e8re, qui permet de fermer compl\u00e8tement le Zipfolio 360 Xenoskin, fait de ce classeur TCG un lieu de stockage particuli\u00e8rement s\u00fbr pour les cartes \u00e0 collectionner de valeur.  <\/div>\n<div><\/div>\n<div>Poches sans acide ni PVC<\/div>\n<div>Illustration sous licence officielle de Magic : The Gathering<\/div>\n<div>Con\u00e7u pour les cartes dans deux pochettes<\/div>\n<div>  Avec fermeture \u00e0 glissi\u00e8re  <\/div>\n<div>Mat\u00e9riau r\u00e9sistant Xenoskin<\/div>\n<div>  Fente lat\u00e9rale pour carte  <\/div>\n","protected":false},"excerpt":{"rendered":"<p>Le Zipfolio 360 Xenoskin est un classeur TCG Ultimate Guard de haute qualit\u00e9 avec des illustrations sous licence officielle de<\/p>\n","protected":false},"featured_media":278929,"comment_status":"open","ping_status":"closed","template":"","meta":{"_acf_changed":false},"product_brand":[5158,5088,5070],"product_cat":[9975,9859,9863,10263,9989,10031],"product_tag":[],"class_list":{"0":"post-311113","1":"product","2":"type-product","3":"status-publish","4":"has-post-thumbnail","6":"product_brand-magic-the-gathering","7":"product_brand-ultimate-guard","8":"product_brand-wizards-of-the-coast","9":"product_cat-accessoires-pour-cartes-magic","10":"product_cat-accessoires-tcg","11":"product_cat-binder-fr","12":"product_cat-magic-binder","13":"product_cat-super-sale-mtg-fr","14":"product_cat-tous-les-binder","16":"first","17":"instock","18":"sale","19":"taxable","20":"shipping-taxable","21":"purchasable","22":"product-type-variable"},"acf":[],"yoast_head":"<!-- This site is optimized with the Yoast SEO plugin v27.4 - https:\/\/yoast.com\/product\/yoast-seo-wordpress\/ -->\n<title>Ach\u00e8te Ultimate Guard - Zipfolio 360 - 18-Pocket Xenoskin - Edge of Eternities<\/title>\n<meta name=\"description\" content=\"Ach\u00e8te Ultimate Guard - Zipfolio 360 - 18-Pocket Xenoskin - Edge of Eternities en ligne maintenant \u00e0 petit prix! Ton #1 shop pour cartes TCG &amp; Pok\u00e9mon en Suisse \u2713 Livraison gratuite d\u00e8s CHF 29\" \/>\n<meta name=\"robots\" content=\"index, follow, max-snippet:-1, max-image-preview:large, max-video-preview:-1\" \/>\n<link rel=\"canonical\" href=\"https:\/\/theuncommonshop.ch\/fr\/product\/ultimate-guard-zipfolio-360-18-pocket-xenoskin-edge-of-eternities-5\/\" \/>\n<meta property=\"og:locale\" content=\"fr_FR\" \/>\n<meta property=\"og:type\" content=\"article\" \/>\n<meta property=\"og:title\" content=\"Ach\u00e8te Ultimate Guard - Zipfolio 360 - 18-Pocket Xenoskin - Edge of Eternities\" \/>\n<meta property=\"og:description\" content=\"Ach\u00e8te Ultimate Guard - Zipfolio 360 - 18-Pocket Xenoskin - Edge of Eternities en ligne maintenant \u00e0 petit prix! Ton #1 shop pour cartes TCG &amp; Pok\u00e9mon en Suisse \u2713 Livraison gratuite d\u00e8s CHF 29\" \/>\n<meta property=\"og:url\" content=\"https:\/\/theuncommonshop.ch\/fr\/product\/ultimate-guard-zipfolio-360-18-pocket-xenoskin-edge-of-eternities-5\/\" \/>\n<meta property=\"og:site_name\" content=\"Largest trading card shop in Switzerland\" \/>\n<meta property=\"article:modified_time\" content=\"2026-03-31T10:32:47+00:00\" \/>\n<meta property=\"og:image\" content=\"https:\/\/theuncommonshop.ch\/wp-content\/uploads\/2025\/12\/5143354508.jpg\" \/>\n\t<meta property=\"og:image:width\" content=\"1000\" \/>\n\t<meta property=\"og:image:height\" content=\"1000\" \/>\n\t<meta property=\"og:image:type\" content=\"image\/jpeg\" \/>\n<meta name=\"twitter:card\" content=\"summary_large_image\" \/>\n<meta name=\"twitter:label1\" content=\"Disponibilit\u00e9\" \/>\n\t<meta name=\"twitter:data1\" content=\"En stock\" \/>\n<script type=\"application\/ld+json\" class=\"yoast-schema-graph\">{\"@context\":\"https:\\\/\\\/schema.org\",\"@graph\":[{\"@type\":\"WebPage\",\"@id\":\"https:\\\/\\\/theuncommonshop.ch\\\/fr\\\/product\\\/ultimate-guard-zipfolio-360-18-pocket-xenoskin-edge-of-eternities-5\\\/\",\"url\":\"https:\\\/\\\/theuncommonshop.ch\\\/fr\\\/product\\\/ultimate-guard-zipfolio-360-18-pocket-xenoskin-edge-of-eternities-5\\\/\",\"name\":\"Ach\u00e8te Ultimate Guard - Zipfolio 360 - 18-Pocket Xenoskin - Edge of Eternities\",\"isPartOf\":{\"@id\":\"https:\\\/\\\/theuncommonshop.ch\\\/#website\"},\"primaryImageOfPage\":{\"@id\":\"https:\\\/\\\/theuncommonshop.ch\\\/fr\\\/product\\\/ultimate-guard-zipfolio-360-18-pocket-xenoskin-edge-of-eternities-5\\\/#primaryimage\"},\"image\":{\"@id\":\"https:\\\/\\\/theuncommonshop.ch\\\/fr\\\/product\\\/ultimate-guard-zipfolio-360-18-pocket-xenoskin-edge-of-eternities-5\\\/#primaryimage\"},\"thumbnailUrl\":\"https:\\\/\\\/theuncommonshop.ch\\\/wp-content\\\/uploads\\\/2025\\\/12\\\/5143354508.jpg\",\"datePublished\":\"2026-01-21T06:39:07+00:00\",\"dateModified\":\"2026-03-31T10:32:47+00:00\",\"description\":\"Ach\u00e8te Ultimate Guard - Zipfolio 360 - 18-Pocket Xenoskin - Edge of Eternities en ligne maintenant \u00e0 petit prix! Ton #1 shop pour cartes TCG & Pok\u00e9mon en Suisse \u2713 Livraison gratuite d\u00e8s CHF 29\",\"breadcrumb\":{\"@id\":\"https:\\\/\\\/theuncommonshop.ch\\\/fr\\\/product\\\/ultimate-guard-zipfolio-360-18-pocket-xenoskin-edge-of-eternities-5\\\/#breadcrumb\"},\"inLanguage\":\"fr-FR\",\"potentialAction\":[{\"@type\":\"ReadAction\",\"target\":[\"https:\\\/\\\/theuncommonshop.ch\\\/fr\\\/product\\\/ultimate-guard-zipfolio-360-18-pocket-xenoskin-edge-of-eternities-5\\\/\"]}]},{\"@type\":\"ImageObject\",\"inLanguage\":\"fr-FR\",\"@id\":\"https:\\\/\\\/theuncommonshop.ch\\\/fr\\\/product\\\/ultimate-guard-zipfolio-360-18-pocket-xenoskin-edge-of-eternities-5\\\/#primaryimage\",\"url\":\"https:\\\/\\\/theuncommonshop.ch\\\/wp-content\\\/uploads\\\/2025\\\/12\\\/5143354508.jpg\",\"contentUrl\":\"https:\\\/\\\/theuncommonshop.ch\\\/wp-content\\\/uploads\\\/2025\\\/12\\\/5143354508.jpg\",\"width\":1000,\"height\":1000},{\"@type\":\"BreadcrumbList\",\"@id\":\"https:\\\/\\\/theuncommonshop.ch\\\/fr\\\/product\\\/ultimate-guard-zipfolio-360-18-pocket-xenoskin-edge-of-eternities-5\\\/#breadcrumb\",\"itemListElement\":[{\"@type\":\"ListItem\",\"position\":1,\"name\":\"Accueil\",\"item\":\"https:\\\/\\\/theuncommonshop.ch\\\/fr\\\/accueil\\\/\"},{\"@type\":\"ListItem\",\"position\":2,\"name\":\"Boutique\",\"item\":\"https:\\\/\\\/theuncommonshop.ch\\\/fr\\\/boutique\\\/\"},{\"@type\":\"ListItem\",\"position\":3,\"name\":\"TCG Zubeh\u00f6r\",\"item\":\"https:\\\/\\\/theuncommonshop.ch\\\/produktkategorie\\\/tcg-zubehoer\\\/\"},{\"@type\":\"ListItem\",\"position\":4,\"name\":\"Binder\",\"item\":\"https:\\\/\\\/theuncommonshop.ch\\\/produktkategorie\\\/tcg-zubehoer\\\/binder\\\/\"},{\"@type\":\"ListItem\",\"position\":5,\"name\":\"Alle Binder\",\"item\":\"https:\\\/\\\/theuncommonshop.ch\\\/produktkategorie\\\/tcg-zubehoer\\\/binder\\\/binder-all\\\/\"},{\"@type\":\"ListItem\",\"position\":6,\"name\":\"Ultimate Guard &#8211; Zipfolio 360 &#8211; 18-Pocket Xenoskin &#8211; Edge of Eternities\"}]},{\"@type\":\"WebSite\",\"@id\":\"https:\\\/\\\/theuncommonshop.ch\\\/#website\",\"url\":\"https:\\\/\\\/theuncommonshop.ch\\\/\",\"name\":\"Largest trading card shop in Switzerland\",\"description\":\"Magic, Pok\u00e9mon and Yu-gi-oh - The Uncommon Shop\",\"potentialAction\":[{\"@type\":\"SearchAction\",\"target\":{\"@type\":\"EntryPoint\",\"urlTemplate\":\"https:\\\/\\\/theuncommonshop.ch\\\/?s={search_term_string}\"},\"query-input\":{\"@type\":\"PropertyValueSpecification\",\"valueRequired\":true,\"valueName\":\"search_term_string\"}}],\"inLanguage\":\"fr-FR\"}]}<\/script>\n<meta property=\"og:availability\" content=\"instock\" \/>\n<meta property=\"product:availability\" content=\"instock\" \/>\n<meta property=\"product:condition\" content=\"new\" \/>\n<!-- \/ Yoast SEO plugin. -->","yoast_head_json":{"title":"Ach\u00e8te Ultimate Guard - Zipfolio 360 - 18-Pocket Xenoskin - Edge of Eternities","description":"Ach\u00e8te Ultimate Guard - Zipfolio 360 - 18-Pocket Xenoskin - Edge of Eternities en ligne maintenant \u00e0 petit prix! Ton #1 shop pour cartes TCG & Pok\u00e9mon en Suisse \u2713 Livraison gratuite d\u00e8s CHF 29","robots":{"index":"index","follow":"follow","max-snippet":"max-snippet:-1","max-image-preview":"max-image-preview:large","max-video-preview":"max-video-preview:-1"},"canonical":"https:\/\/theuncommonshop.ch\/fr\/product\/ultimate-guard-zipfolio-360-18-pocket-xenoskin-edge-of-eternities-5\/","og_locale":"fr_FR","og_type":"article","og_title":"Ach\u00e8te Ultimate Guard - Zipfolio 360 - 18-Pocket Xenoskin - Edge of Eternities","og_description":"Ach\u00e8te Ultimate Guard - Zipfolio 360 - 18-Pocket Xenoskin - Edge of Eternities en ligne maintenant \u00e0 petit prix! Ton #1 shop pour cartes TCG & Pok\u00e9mon en Suisse \u2713 Livraison gratuite d\u00e8s CHF 29","og_url":"https:\/\/theuncommonshop.ch\/fr\/product\/ultimate-guard-zipfolio-360-18-pocket-xenoskin-edge-of-eternities-5\/","og_site_name":"Largest trading card shop in Switzerland","article_modified_time":"2026-03-31T10:32:47+00:00","og_image":[{"width":1000,"height":1000,"url":"https:\/\/theuncommonshop.ch\/wp-content\/uploads\/2025\/12\/5143354508.jpg","type":"image\/jpeg"}],"twitter_card":"summary_large_image","twitter_misc":{"Disponibilit\u00e9":"En stock"},"schema":{"@context":"https:\/\/schema.org","@graph":[{"@type":"WebPage","@id":"https:\/\/theuncommonshop.ch\/fr\/product\/ultimate-guard-zipfolio-360-18-pocket-xenoskin-edge-of-eternities-5\/","url":"https:\/\/theuncommonshop.ch\/fr\/product\/ultimate-guard-zipfolio-360-18-pocket-xenoskin-edge-of-eternities-5\/","name":"Ach\u00e8te Ultimate Guard - Zipfolio 360 - 18-Pocket Xenoskin - Edge of Eternities","isPartOf":{"@id":"https:\/\/theuncommonshop.ch\/#website"},"primaryImageOfPage":{"@id":"https:\/\/theuncommonshop.ch\/fr\/product\/ultimate-guard-zipfolio-360-18-pocket-xenoskin-edge-of-eternities-5\/#primaryimage"},"image":{"@id":"https:\/\/theuncommonshop.ch\/fr\/product\/ultimate-guard-zipfolio-360-18-pocket-xenoskin-edge-of-eternities-5\/#primaryimage"},"thumbnailUrl":"https:\/\/theuncommonshop.ch\/wp-content\/uploads\/2025\/12\/5143354508.jpg","datePublished":"2026-01-21T06:39:07+00:00","dateModified":"2026-03-31T10:32:47+00:00","description":"Ach\u00e8te Ultimate Guard - Zipfolio 360 - 18-Pocket Xenoskin - Edge of Eternities en ligne maintenant \u00e0 petit prix! Ton #1 shop pour cartes TCG & Pok\u00e9mon en Suisse \u2713 Livraison gratuite d\u00e8s CHF 29","breadcrumb":{"@id":"https:\/\/theuncommonshop.ch\/fr\/product\/ultimate-guard-zipfolio-360-18-pocket-xenoskin-edge-of-eternities-5\/#breadcrumb"},"inLanguage":"fr-FR","potentialAction":[{"@type":"ReadAction","target":["https:\/\/theuncommonshop.ch\/fr\/product\/ultimate-guard-zipfolio-360-18-pocket-xenoskin-edge-of-eternities-5\/"]}]},{"@type":"ImageObject","inLanguage":"fr-FR","@id":"https:\/\/theuncommonshop.ch\/fr\/product\/ultimate-guard-zipfolio-360-18-pocket-xenoskin-edge-of-eternities-5\/#primaryimage","url":"https:\/\/theuncommonshop.ch\/wp-content\/uploads\/2025\/12\/5143354508.jpg","contentUrl":"https:\/\/theuncommonshop.ch\/wp-content\/uploads\/2025\/12\/5143354508.jpg","width":1000,"height":1000},{"@type":"BreadcrumbList","@id":"https:\/\/theuncommonshop.ch\/fr\/product\/ultimate-guard-zipfolio-360-18-pocket-xenoskin-edge-of-eternities-5\/#breadcrumb","itemListElement":[{"@type":"ListItem","position":1,"name":"Accueil","item":"https:\/\/theuncommonshop.ch\/fr\/accueil\/"},{"@type":"ListItem","position":2,"name":"Boutique","item":"https:\/\/theuncommonshop.ch\/fr\/boutique\/"},{"@type":"ListItem","position":3,"name":"TCG Zubeh\u00f6r","item":"https:\/\/theuncommonshop.ch\/produktkategorie\/tcg-zubehoer\/"},{"@type":"ListItem","position":4,"name":"Binder","item":"https:\/\/theuncommonshop.ch\/produktkategorie\/tcg-zubehoer\/binder\/"},{"@type":"ListItem","position":5,"name":"Alle Binder","item":"https:\/\/theuncommonshop.ch\/produktkategorie\/tcg-zubehoer\/binder\/binder-all\/"},{"@type":"ListItem","position":6,"name":"Ultimate Guard &#8211; Zipfolio 360 &#8211; 18-Pocket Xenoskin &#8211; Edge of Eternities"}]},{"@type":"WebSite","@id":"https:\/\/theuncommonshop.ch\/#website","url":"https:\/\/theuncommonshop.ch\/","name":"Largest trading card shop in Switzerland","description":"Magic, Pok\u00e9mon and Yu-gi-oh - The Uncommon Shop","potentialAction":[{"@type":"SearchAction","target":{"@type":"EntryPoint","urlTemplate":"https:\/\/theuncommonshop.ch\/?s={search_term_string}"},"query-input":{"@type":"PropertyValueSpecification","valueRequired":true,"valueName":"search_term_string"}}],"inLanguage":"fr-FR"}]},"og_availability":"instock","product_availability":"instock","product_condition":"new"},"_links":{"self":[{"href":"https:\/\/theuncommonshop.ch\/fr\/wp-json\/wp\/v2\/product\/311113","targetHints":{"allow":["GET"]}}],"collection":[{"href":"https:\/\/theuncommonshop.ch\/fr\/wp-json\/wp\/v2\/product"}],"about":[{"href":"https:\/\/theuncommonshop.ch\/fr\/wp-json\/wp\/v2\/types\/product"}],"replies":[{"embeddable":true,"href":"https:\/\/theuncommonshop.ch\/fr\/wp-json\/wp\/v2\/comments?post=311113"}],"version-history":[{"count":1,"href":"https:\/\/theuncommonshop.ch\/fr\/wp-json\/wp\/v2\/product\/311113\/revisions"}],"predecessor-version":[{"id":311125,"href":"https:\/\/theuncommonshop.ch\/fr\/wp-json\/wp\/v2\/product\/311113\/revisions\/311125"}],"wp:featuredmedia":[{"embeddable":true,"href":"https:\/\/theuncommonshop.ch\/fr\/wp-json\/wp\/v2\/media\/278929"}],"wp:attachment":[{"href":"https:\/\/theuncommonshop.ch\/fr\/wp-json\/wp\/v2\/media?parent=311113"}],"wp:term":[{"taxonomy":"product_brand","embeddable":true,"href":"https:\/\/theuncommonshop.ch\/fr\/wp-json\/wp\/v2\/product_brand?post=311113"},{"taxonomy":"product_cat","embeddable":true,"href":"https:\/\/theuncommonshop.ch\/fr\/wp-json\/wp\/v2\/product_cat?post=311113"},{"taxonomy":"product_tag","embeddable":true,"href":"https:\/\/theuncommonshop.ch\/fr\/wp-json\/wp\/v2\/product_tag?post=311113"}],"curies":[{"name":"wp","href":"https:\/\/api.w.org\/{rel}","templated":true}]}}