{"id":311052,"date":"2026-01-21T06:28:35","date_gmt":"2026-01-21T06:28:35","guid":{"rendered":"http:\/\/theuncommonshop.ch\/?post_type=product&#038;p=311052"},"modified":"2026-03-31T13:17:11","modified_gmt":"2026-03-31T11:17:11","slug":"ultimate-guard-zipfolio-360-18-pocket-xenoskin-duskmourn-house-of-horror-2","status":"publish","type":"product","link":"https:\/\/theuncommonshop.ch\/fr\/product\/ultimate-guard-zipfolio-360-18-pocket-xenoskin-duskmourn-house-of-horror-2\/","title":{"rendered":"Ultimate Guard &#8211; Zipfolio 360 &#8211; 18-Pocket Xenoskin &#8211; Duskmourn House of Horror"},"content":{"rendered":"<p>Jetez un coup d&#8217;\u0153il dans les pi\u00e8ces les plus effrayantes de Duskmourn Manor &#8211; mais faites attention \u00e0 ne pas vous perdre dans la boutique du fabricant de poup\u00e9es ou dans la cave oubli\u00e9e ! Ultimate Guard pr\u00e9sente pour Magic : The Gatherings Set Duskmourn : House of Horror six nouveaux Zipfolios 360 Xenoskin avec les artworks sous licence officielle de Chris Cold, Mikl\u00f3s Ligeti, Cacho Rubione, Bastien Grivet et Scott Buoncristiano. Fabriqu\u00e9s en Xenoskin, un mat\u00e9riau r\u00e9sistant \u00e0 l&#8217;impression de haute qualit\u00e9, et \u00e9quip\u00e9s d&#8217;une fermeture \u00e0 glissi\u00e8re pour fermer compl\u00e8tement le classeur de cartes \u00e0 collectionner, les albums Zipfolio ont un total de 360 compartiments (20 pages de 18 compartiments) avec une insertion lat\u00e9rale pratique. Pour que vos cartes \u00e0 collectionner ne se perdent pas &#8211; contrairement \u00e0 certaines personnes dans l&#8217;infinie maison hant\u00e9e de Duskmourn !   <\/p>\n<ul>\n<li>Pocket pages sans acide ni PVC<\/li>\n<li>Con\u00e7ue pour les cartes \u00e0 double volet<\/li>\n<li>Fermeture \u00e0 glissi\u00e8re<\/li>\n<li>Mat\u00e9riau Xenoskin r\u00e9sistant<\/li>\n<li>Conception du chargement en aval sans risque d&#8217;usure<\/li>\n<li>Illustration sous licence officielle de Magic : The Gathering<\/li>\n<li>Dimensions : 260 \u00d7 25 \u00d7 354 mm<\/li>\n<\/ul>\n","protected":false},"excerpt":{"rendered":"<p>Jetez un coup d&#8217;\u0153il dans les pi\u00e8ces les plus effrayantes de Duskmourn Manor &#8211; mais faites attention \u00e0 ne pas<\/p>\n","protected":false},"featured_media":136905,"comment_status":"open","ping_status":"closed","template":"","meta":{"_acf_changed":false},"product_brand":[5158,5088,5070],"product_cat":[9975,9859,9863,10263,10031],"product_tag":[],"class_list":{"0":"post-311052","1":"product","2":"type-product","3":"status-publish","4":"has-post-thumbnail","6":"product_brand-magic-the-gathering","7":"product_brand-ultimate-guard","8":"product_brand-wizards-of-the-coast","9":"product_cat-accessoires-pour-cartes-magic","10":"product_cat-accessoires-tcg","11":"product_cat-binder-fr","12":"product_cat-magic-binder","13":"product_cat-tous-les-binder","15":"first","16":"instock","17":"taxable","18":"shipping-taxable","19":"purchasable","20":"product-type-variable"},"acf":[],"yoast_head":"<!-- This site is optimized with the Yoast SEO plugin v27.4 - https:\/\/yoast.com\/product\/yoast-seo-wordpress\/ -->\n<title>Ach\u00e8te Ultimate Guard - Zipfolio 360 - 18-Pocket Xenoskin - Duskmourn House of Horror<\/title>\n<meta name=\"description\" content=\"Ach\u00e8te Ultimate Guard - Zipfolio 360 - 18-Pocket Xenoskin - Duskmourn House of Horror en ligne maintenant \u00e0 petit prix! Ton #1 shop pour cartes TCG &amp; Pok\u00e9mon en Suisse \u2713 Livraison gratuite d\u00e8s CHF 29\" \/>\n<meta name=\"robots\" content=\"index, follow, max-snippet:-1, max-image-preview:large, max-video-preview:-1\" \/>\n<link rel=\"canonical\" href=\"https:\/\/theuncommonshop.ch\/fr\/product\/ultimate-guard-zipfolio-360-18-pocket-xenoskin-duskmourn-house-of-horror-2\/\" \/>\n<meta property=\"og:locale\" content=\"fr_FR\" \/>\n<meta property=\"og:type\" content=\"article\" \/>\n<meta property=\"og:title\" content=\"Ach\u00e8te Ultimate Guard - Zipfolio 360 - 18-Pocket Xenoskin - Duskmourn House of Horror\" \/>\n<meta property=\"og:description\" content=\"Ach\u00e8te Ultimate Guard - Zipfolio 360 - 18-Pocket Xenoskin - Duskmourn House of Horror en ligne maintenant \u00e0 petit prix! Ton #1 shop pour cartes TCG &amp; Pok\u00e9mon en Suisse \u2713 Livraison gratuite d\u00e8s CHF 29\" \/>\n<meta property=\"og:url\" content=\"https:\/\/theuncommonshop.ch\/fr\/product\/ultimate-guard-zipfolio-360-18-pocket-xenoskin-duskmourn-house-of-horror-2\/\" \/>\n<meta property=\"og:site_name\" content=\"Largest trading card shop in Switzerland\" \/>\n<meta property=\"article:modified_time\" content=\"2026-03-31T11:17:11+00:00\" \/>\n<meta property=\"og:image\" content=\"https:\/\/theuncommonshop.ch\/wp-content\/uploads\/2025\/06\/4546950901.jpg\" \/>\n\t<meta property=\"og:image:width\" content=\"1000\" \/>\n\t<meta property=\"og:image:height\" content=\"1000\" \/>\n\t<meta property=\"og:image:type\" content=\"image\/jpeg\" \/>\n<meta name=\"twitter:card\" content=\"summary_large_image\" \/>\n<meta name=\"twitter:label1\" content=\"Disponibilit\u00e9\" \/>\n\t<meta name=\"twitter:data1\" content=\"En stock\" \/>\n<script type=\"application\/ld+json\" class=\"yoast-schema-graph\">{\"@context\":\"https:\\\/\\\/schema.org\",\"@graph\":[{\"@type\":\"WebPage\",\"@id\":\"https:\\\/\\\/theuncommonshop.ch\\\/fr\\\/product\\\/ultimate-guard-zipfolio-360-18-pocket-xenoskin-duskmourn-house-of-horror-2\\\/\",\"url\":\"https:\\\/\\\/theuncommonshop.ch\\\/fr\\\/product\\\/ultimate-guard-zipfolio-360-18-pocket-xenoskin-duskmourn-house-of-horror-2\\\/\",\"name\":\"Ach\u00e8te Ultimate Guard - Zipfolio 360 - 18-Pocket Xenoskin - Duskmourn House of Horror\",\"isPartOf\":{\"@id\":\"https:\\\/\\\/theuncommonshop.ch\\\/#website\"},\"primaryImageOfPage\":{\"@id\":\"https:\\\/\\\/theuncommonshop.ch\\\/fr\\\/product\\\/ultimate-guard-zipfolio-360-18-pocket-xenoskin-duskmourn-house-of-horror-2\\\/#primaryimage\"},\"image\":{\"@id\":\"https:\\\/\\\/theuncommonshop.ch\\\/fr\\\/product\\\/ultimate-guard-zipfolio-360-18-pocket-xenoskin-duskmourn-house-of-horror-2\\\/#primaryimage\"},\"thumbnailUrl\":\"https:\\\/\\\/theuncommonshop.ch\\\/wp-content\\\/uploads\\\/2025\\\/06\\\/4546950901.jpg\",\"datePublished\":\"2026-01-21T06:28:35+00:00\",\"dateModified\":\"2026-03-31T11:17:11+00:00\",\"description\":\"Ach\u00e8te Ultimate Guard - Zipfolio 360 - 18-Pocket Xenoskin - Duskmourn House of Horror en ligne maintenant \u00e0 petit prix! Ton #1 shop pour cartes TCG & Pok\u00e9mon en Suisse \u2713 Livraison gratuite d\u00e8s CHF 29\",\"breadcrumb\":{\"@id\":\"https:\\\/\\\/theuncommonshop.ch\\\/fr\\\/product\\\/ultimate-guard-zipfolio-360-18-pocket-xenoskin-duskmourn-house-of-horror-2\\\/#breadcrumb\"},\"inLanguage\":\"fr-FR\",\"potentialAction\":[{\"@type\":\"ReadAction\",\"target\":[\"https:\\\/\\\/theuncommonshop.ch\\\/fr\\\/product\\\/ultimate-guard-zipfolio-360-18-pocket-xenoskin-duskmourn-house-of-horror-2\\\/\"]}]},{\"@type\":\"ImageObject\",\"inLanguage\":\"fr-FR\",\"@id\":\"https:\\\/\\\/theuncommonshop.ch\\\/fr\\\/product\\\/ultimate-guard-zipfolio-360-18-pocket-xenoskin-duskmourn-house-of-horror-2\\\/#primaryimage\",\"url\":\"https:\\\/\\\/theuncommonshop.ch\\\/wp-content\\\/uploads\\\/2025\\\/06\\\/4546950901.jpg\",\"contentUrl\":\"https:\\\/\\\/theuncommonshop.ch\\\/wp-content\\\/uploads\\\/2025\\\/06\\\/4546950901.jpg\",\"width\":1000,\"height\":1000},{\"@type\":\"BreadcrumbList\",\"@id\":\"https:\\\/\\\/theuncommonshop.ch\\\/fr\\\/product\\\/ultimate-guard-zipfolio-360-18-pocket-xenoskin-duskmourn-house-of-horror-2\\\/#breadcrumb\",\"itemListElement\":[{\"@type\":\"ListItem\",\"position\":1,\"name\":\"Accueil\",\"item\":\"https:\\\/\\\/theuncommonshop.ch\\\/fr\\\/accueil\\\/\"},{\"@type\":\"ListItem\",\"position\":2,\"name\":\"Boutique\",\"item\":\"https:\\\/\\\/theuncommonshop.ch\\\/fr\\\/boutique\\\/\"},{\"@type\":\"ListItem\",\"position\":3,\"name\":\"TCG Zubeh\u00f6r\",\"item\":\"https:\\\/\\\/theuncommonshop.ch\\\/produktkategorie\\\/tcg-zubehoer\\\/\"},{\"@type\":\"ListItem\",\"position\":4,\"name\":\"Binder\",\"item\":\"https:\\\/\\\/theuncommonshop.ch\\\/produktkategorie\\\/tcg-zubehoer\\\/binder\\\/\"},{\"@type\":\"ListItem\",\"position\":5,\"name\":\"Alle Binder\",\"item\":\"https:\\\/\\\/theuncommonshop.ch\\\/produktkategorie\\\/tcg-zubehoer\\\/binder\\\/binder-all\\\/\"},{\"@type\":\"ListItem\",\"position\":6,\"name\":\"Ultimate Guard &#8211; Zipfolio 360 &#8211; 18-Pocket Xenoskin &#8211; Duskmourn House of Horror\"}]},{\"@type\":\"WebSite\",\"@id\":\"https:\\\/\\\/theuncommonshop.ch\\\/#website\",\"url\":\"https:\\\/\\\/theuncommonshop.ch\\\/\",\"name\":\"Largest trading card shop in Switzerland\",\"description\":\"Magic, Pok\u00e9mon and Yu-gi-oh - The Uncommon Shop\",\"potentialAction\":[{\"@type\":\"SearchAction\",\"target\":{\"@type\":\"EntryPoint\",\"urlTemplate\":\"https:\\\/\\\/theuncommonshop.ch\\\/?s={search_term_string}\"},\"query-input\":{\"@type\":\"PropertyValueSpecification\",\"valueRequired\":true,\"valueName\":\"search_term_string\"}}],\"inLanguage\":\"fr-FR\"}]}<\/script>\n<meta property=\"og:availability\" content=\"instock\" \/>\n<meta property=\"product:availability\" content=\"instock\" \/>\n<meta property=\"product:condition\" content=\"new\" \/>\n<!-- \/ Yoast SEO plugin. -->","yoast_head_json":{"title":"Ach\u00e8te Ultimate Guard - Zipfolio 360 - 18-Pocket Xenoskin - Duskmourn House of Horror","description":"Ach\u00e8te Ultimate Guard - Zipfolio 360 - 18-Pocket Xenoskin - Duskmourn House of Horror en ligne maintenant \u00e0 petit prix! Ton #1 shop pour cartes TCG & Pok\u00e9mon en Suisse \u2713 Livraison gratuite d\u00e8s CHF 29","robots":{"index":"index","follow":"follow","max-snippet":"max-snippet:-1","max-image-preview":"max-image-preview:large","max-video-preview":"max-video-preview:-1"},"canonical":"https:\/\/theuncommonshop.ch\/fr\/product\/ultimate-guard-zipfolio-360-18-pocket-xenoskin-duskmourn-house-of-horror-2\/","og_locale":"fr_FR","og_type":"article","og_title":"Ach\u00e8te Ultimate Guard - Zipfolio 360 - 18-Pocket Xenoskin - Duskmourn House of Horror","og_description":"Ach\u00e8te Ultimate Guard - Zipfolio 360 - 18-Pocket Xenoskin - Duskmourn House of Horror en ligne maintenant \u00e0 petit prix! Ton #1 shop pour cartes TCG & Pok\u00e9mon en Suisse \u2713 Livraison gratuite d\u00e8s CHF 29","og_url":"https:\/\/theuncommonshop.ch\/fr\/product\/ultimate-guard-zipfolio-360-18-pocket-xenoskin-duskmourn-house-of-horror-2\/","og_site_name":"Largest trading card shop in Switzerland","article_modified_time":"2026-03-31T11:17:11+00:00","og_image":[{"width":1000,"height":1000,"url":"https:\/\/theuncommonshop.ch\/wp-content\/uploads\/2025\/06\/4546950901.jpg","type":"image\/jpeg"}],"twitter_card":"summary_large_image","twitter_misc":{"Disponibilit\u00e9":"En stock"},"schema":{"@context":"https:\/\/schema.org","@graph":[{"@type":"WebPage","@id":"https:\/\/theuncommonshop.ch\/fr\/product\/ultimate-guard-zipfolio-360-18-pocket-xenoskin-duskmourn-house-of-horror-2\/","url":"https:\/\/theuncommonshop.ch\/fr\/product\/ultimate-guard-zipfolio-360-18-pocket-xenoskin-duskmourn-house-of-horror-2\/","name":"Ach\u00e8te Ultimate Guard - Zipfolio 360 - 18-Pocket Xenoskin - Duskmourn House of Horror","isPartOf":{"@id":"https:\/\/theuncommonshop.ch\/#website"},"primaryImageOfPage":{"@id":"https:\/\/theuncommonshop.ch\/fr\/product\/ultimate-guard-zipfolio-360-18-pocket-xenoskin-duskmourn-house-of-horror-2\/#primaryimage"},"image":{"@id":"https:\/\/theuncommonshop.ch\/fr\/product\/ultimate-guard-zipfolio-360-18-pocket-xenoskin-duskmourn-house-of-horror-2\/#primaryimage"},"thumbnailUrl":"https:\/\/theuncommonshop.ch\/wp-content\/uploads\/2025\/06\/4546950901.jpg","datePublished":"2026-01-21T06:28:35+00:00","dateModified":"2026-03-31T11:17:11+00:00","description":"Ach\u00e8te Ultimate Guard - Zipfolio 360 - 18-Pocket Xenoskin - Duskmourn House of Horror en ligne maintenant \u00e0 petit prix! Ton #1 shop pour cartes TCG & Pok\u00e9mon en Suisse \u2713 Livraison gratuite d\u00e8s CHF 29","breadcrumb":{"@id":"https:\/\/theuncommonshop.ch\/fr\/product\/ultimate-guard-zipfolio-360-18-pocket-xenoskin-duskmourn-house-of-horror-2\/#breadcrumb"},"inLanguage":"fr-FR","potentialAction":[{"@type":"ReadAction","target":["https:\/\/theuncommonshop.ch\/fr\/product\/ultimate-guard-zipfolio-360-18-pocket-xenoskin-duskmourn-house-of-horror-2\/"]}]},{"@type":"ImageObject","inLanguage":"fr-FR","@id":"https:\/\/theuncommonshop.ch\/fr\/product\/ultimate-guard-zipfolio-360-18-pocket-xenoskin-duskmourn-house-of-horror-2\/#primaryimage","url":"https:\/\/theuncommonshop.ch\/wp-content\/uploads\/2025\/06\/4546950901.jpg","contentUrl":"https:\/\/theuncommonshop.ch\/wp-content\/uploads\/2025\/06\/4546950901.jpg","width":1000,"height":1000},{"@type":"BreadcrumbList","@id":"https:\/\/theuncommonshop.ch\/fr\/product\/ultimate-guard-zipfolio-360-18-pocket-xenoskin-duskmourn-house-of-horror-2\/#breadcrumb","itemListElement":[{"@type":"ListItem","position":1,"name":"Accueil","item":"https:\/\/theuncommonshop.ch\/fr\/accueil\/"},{"@type":"ListItem","position":2,"name":"Boutique","item":"https:\/\/theuncommonshop.ch\/fr\/boutique\/"},{"@type":"ListItem","position":3,"name":"TCG Zubeh\u00f6r","item":"https:\/\/theuncommonshop.ch\/produktkategorie\/tcg-zubehoer\/"},{"@type":"ListItem","position":4,"name":"Binder","item":"https:\/\/theuncommonshop.ch\/produktkategorie\/tcg-zubehoer\/binder\/"},{"@type":"ListItem","position":5,"name":"Alle Binder","item":"https:\/\/theuncommonshop.ch\/produktkategorie\/tcg-zubehoer\/binder\/binder-all\/"},{"@type":"ListItem","position":6,"name":"Ultimate Guard &#8211; Zipfolio 360 &#8211; 18-Pocket Xenoskin &#8211; Duskmourn House of Horror"}]},{"@type":"WebSite","@id":"https:\/\/theuncommonshop.ch\/#website","url":"https:\/\/theuncommonshop.ch\/","name":"Largest trading card shop in Switzerland","description":"Magic, Pok\u00e9mon and Yu-gi-oh - The Uncommon Shop","potentialAction":[{"@type":"SearchAction","target":{"@type":"EntryPoint","urlTemplate":"https:\/\/theuncommonshop.ch\/?s={search_term_string}"},"query-input":{"@type":"PropertyValueSpecification","valueRequired":true,"valueName":"search_term_string"}}],"inLanguage":"fr-FR"}]},"og_availability":"instock","product_availability":"instock","product_condition":"new"},"_links":{"self":[{"href":"https:\/\/theuncommonshop.ch\/fr\/wp-json\/wp\/v2\/product\/311052","targetHints":{"allow":["GET"]}}],"collection":[{"href":"https:\/\/theuncommonshop.ch\/fr\/wp-json\/wp\/v2\/product"}],"about":[{"href":"https:\/\/theuncommonshop.ch\/fr\/wp-json\/wp\/v2\/types\/product"}],"replies":[{"embeddable":true,"href":"https:\/\/theuncommonshop.ch\/fr\/wp-json\/wp\/v2\/comments?post=311052"}],"version-history":[{"count":2,"href":"https:\/\/theuncommonshop.ch\/fr\/wp-json\/wp\/v2\/product\/311052\/revisions"}],"predecessor-version":[{"id":363346,"href":"https:\/\/theuncommonshop.ch\/fr\/wp-json\/wp\/v2\/product\/311052\/revisions\/363346"}],"wp:featuredmedia":[{"embeddable":true,"href":"https:\/\/theuncommonshop.ch\/fr\/wp-json\/wp\/v2\/media\/136905"}],"wp:attachment":[{"href":"https:\/\/theuncommonshop.ch\/fr\/wp-json\/wp\/v2\/media?parent=311052"}],"wp:term":[{"taxonomy":"product_brand","embeddable":true,"href":"https:\/\/theuncommonshop.ch\/fr\/wp-json\/wp\/v2\/product_brand?post=311052"},{"taxonomy":"product_cat","embeddable":true,"href":"https:\/\/theuncommonshop.ch\/fr\/wp-json\/wp\/v2\/product_cat?post=311052"},{"taxonomy":"product_tag","embeddable":true,"href":"https:\/\/theuncommonshop.ch\/fr\/wp-json\/wp\/v2\/product_tag?post=311052"}],"curies":[{"name":"wp","href":"https:\/\/api.w.org\/{rel}","templated":true}]}}