{"id":310481,"date":"2026-01-15T14:30:59","date_gmt":"2026-01-15T13:30:59","guid":{"rendered":"http:\/\/theuncommonshop.ch\/produkt\/310481\/"},"modified":"2026-03-31T17:27:58","modified_gmt":"2026-03-31T15:27:58","slug":"dragon-shield-matte-japanese-sleeves-2","status":"publish","type":"product","link":"https:\/\/theuncommonshop.ch\/fr\/product\/dragon-shield-matte-japanese-sleeves-2\/","title":{"rendered":"Dragon Shield &#8211; MATTE Japanese Sleeves"},"content":{"rendered":"<div>\n<div>\n<div>\n<div>\n<div>\n<div>\n<div>\n<div>\n<div>\n<div>\n<div>\n<div>\n<p><strong>Avant clair et arri\u00e8re blanc. Crisp and pure as the driven snow. <\/strong><\/p>\n<div><\/div>\n<\/div>\n<div>\n<p>Japanese Size Matte est notre gamme populaire de manches textur\u00e9s offrant une maniabilit\u00e9 sup\u00e9rieure. Un m\u00e9lange parfait de toucher et de durabilit\u00e9. <\/p>\n<div><\/div>\n<\/div>\n<div>\n<div>\n<ul>\n<li>60 Sleeves par bo\u00eete.<\/li>\n<li>Pour les cartes mesurant jusqu&#8217;\u00e0 59\u00d786 mm (2 5\/16\u2033x3 3\/8\u2033).<\/li>\n<li>Sleeves en polypropyl\u00e8ne sans PVC, sans acide. Sans danger pour l&#8217;archivage. <\/li>\n<li>120 \u03bcm d&#8217;\u00e9paisseur de qualit\u00e9.<\/li>\n<li>Bo\u00eete en carton robuste pouvant contenir 40+ cartes \u00e0 manches.<\/li>\n<li>Chaque bo\u00eete a une \u00e9tiquette pour votre usage personnel.<\/li>\n<\/ul>\n<p>Con\u00e7u pour \u00eatre utilis\u00e9 avec Yu-Gi-Oh!\u2122, Naruto\u2122 et d&#8217;autres jeux de cartes.<\/p>\n<\/div>\n<\/div>\n<\/div>\n<div>\n<div><\/div>\n<\/div>\n<\/div>\n<div>\n<div><\/div>\n<\/div>\n<\/div>\n<div>\n<div>\n<div><\/div>\n<\/div>\n<\/div>\n<\/div>\n<div>\n<div><\/div>\n<\/div>\n<\/div>\n<div>\n<div><\/div>\n<\/div>\n<\/div>\n<div>\n<div><\/div>\n<\/div>\n<\/div>\n<div>\n<div><\/div>\n<\/div>\n<\/div>\n<div>\n<div><\/div>\n<\/div>\n<\/div>\n<div>\n<div><\/div>\n<\/div>\n<\/div>\n<div>\n<div><\/div>\n<\/div>\n<\/div>\n<div>\n<div><\/div>\n<\/div>\n<div>\n<div><\/div>\n<\/div>\n","protected":false},"excerpt":{"rendered":"<p>Avant clair et arri\u00e8re blanc. Crisp and pure as the driven snow. Japanese Size Matte est notre gamme populaire de<\/p>\n","protected":false},"featured_media":53997,"comment_status":"open","ping_status":"closed","template":"","meta":{"_acf_changed":false},"product_brand":[5094],"product_cat":[9859,9861,10155],"product_tag":[],"class_list":{"0":"post-310481","1":"product","2":"type-product","3":"status-publish","4":"has-post-thumbnail","6":"product_brand-dragon-shield","7":"product_cat-accessoires-tcg","8":"product_cat-sleeves-fr","9":"product_cat-taille-standard","11":"first","12":"instock","13":"taxable","14":"shipping-taxable","15":"purchasable","16":"product-type-variable"},"acf":[],"yoast_head":"<!-- This site is optimized with the Yoast SEO plugin v27.4 - https:\/\/yoast.com\/product\/yoast-seo-wordpress\/ -->\n<title>Ach\u00e8te Dragon Shield - MATTE Japanese Sleeves<\/title>\n<meta name=\"description\" content=\"Ach\u00e8te Dragon Shield - MATTE Japanese Sleeves en ligne maintenant \u00e0 petit prix! Ton #1 shop pour cartes TCG &amp; Pok\u00e9mon en Suisse \u2713 Livraison gratuite d\u00e8s CHF 29\" \/>\n<meta name=\"robots\" content=\"index, follow, max-snippet:-1, max-image-preview:large, max-video-preview:-1\" \/>\n<link rel=\"canonical\" href=\"https:\/\/theuncommonshop.ch\/fr\/product\/dragon-shield-matte-japanese-sleeves-2\/\" \/>\n<meta property=\"og:locale\" content=\"fr_FR\" \/>\n<meta property=\"og:type\" content=\"article\" \/>\n<meta property=\"og:title\" content=\"Ach\u00e8te Dragon Shield - MATTE Japanese Sleeves\" \/>\n<meta property=\"og:description\" content=\"Ach\u00e8te Dragon Shield - MATTE Japanese Sleeves en ligne maintenant \u00e0 petit prix! Ton #1 shop pour cartes TCG &amp; Pok\u00e9mon en Suisse \u2713 Livraison gratuite d\u00e8s CHF 29\" \/>\n<meta property=\"og:url\" content=\"https:\/\/theuncommonshop.ch\/fr\/product\/dragon-shield-matte-japanese-sleeves-2\/\" \/>\n<meta property=\"og:site_name\" content=\"The Uncommon Shop\" \/>\n<meta property=\"article:modified_time\" content=\"2026-03-31T15:27:58+00:00\" \/>\n<meta property=\"og:image\" content=\"https:\/\/theuncommonshop.ch\/wp-content\/uploads\/2025\/06\/2065735681.jpg\" \/>\n\t<meta property=\"og:image:width\" content=\"814\" \/>\n\t<meta property=\"og:image:height\" content=\"1000\" \/>\n\t<meta property=\"og:image:type\" content=\"image\/jpeg\" \/>\n<meta name=\"twitter:card\" content=\"summary_large_image\" \/>\n<meta name=\"twitter:label1\" content=\"Disponibilit\u00e9\" \/>\n\t<meta name=\"twitter:data1\" content=\"En stock\" \/>\n<script type=\"application\/ld+json\" class=\"yoast-schema-graph\">{\"@context\":\"https:\\\/\\\/schema.org\",\"@graph\":[{\"@type\":\"WebPage\",\"@id\":\"https:\\\/\\\/theuncommonshop.ch\\\/fr\\\/product\\\/dragon-shield-matte-japanese-sleeves-2\\\/\",\"url\":\"https:\\\/\\\/theuncommonshop.ch\\\/fr\\\/product\\\/dragon-shield-matte-japanese-sleeves-2\\\/\",\"name\":\"Ach\u00e8te Dragon Shield - MATTE Japanese Sleeves\",\"isPartOf\":{\"@id\":\"https:\\\/\\\/theuncommonshop.ch\\\/fr\\\/#website\"},\"primaryImageOfPage\":{\"@id\":\"https:\\\/\\\/theuncommonshop.ch\\\/fr\\\/product\\\/dragon-shield-matte-japanese-sleeves-2\\\/#primaryimage\"},\"image\":{\"@id\":\"https:\\\/\\\/theuncommonshop.ch\\\/fr\\\/product\\\/dragon-shield-matte-japanese-sleeves-2\\\/#primaryimage\"},\"thumbnailUrl\":\"https:\\\/\\\/theuncommonshop.ch\\\/wp-content\\\/uploads\\\/2025\\\/06\\\/2065735681.jpg\",\"datePublished\":\"2026-01-15T13:30:59+00:00\",\"dateModified\":\"2026-03-31T15:27:58+00:00\",\"description\":\"Ach\u00e8te Dragon Shield - MATTE Japanese Sleeves en ligne maintenant \u00e0 petit prix! Ton #1 shop pour cartes TCG & Pok\u00e9mon en Suisse \u2713 Livraison gratuite d\u00e8s CHF 29\",\"breadcrumb\":{\"@id\":\"https:\\\/\\\/theuncommonshop.ch\\\/fr\\\/product\\\/dragon-shield-matte-japanese-sleeves-2\\\/#breadcrumb\"},\"inLanguage\":\"fr-FR\",\"potentialAction\":[{\"@type\":\"ReadAction\",\"target\":[\"https:\\\/\\\/theuncommonshop.ch\\\/fr\\\/product\\\/dragon-shield-matte-japanese-sleeves-2\\\/\"]}]},{\"@type\":\"ImageObject\",\"inLanguage\":\"fr-FR\",\"@id\":\"https:\\\/\\\/theuncommonshop.ch\\\/fr\\\/product\\\/dragon-shield-matte-japanese-sleeves-2\\\/#primaryimage\",\"url\":\"https:\\\/\\\/theuncommonshop.ch\\\/wp-content\\\/uploads\\\/2025\\\/06\\\/2065735681.jpg\",\"contentUrl\":\"https:\\\/\\\/theuncommonshop.ch\\\/wp-content\\\/uploads\\\/2025\\\/06\\\/2065735681.jpg\",\"width\":814,\"height\":1000},{\"@type\":\"BreadcrumbList\",\"@id\":\"https:\\\/\\\/theuncommonshop.ch\\\/fr\\\/product\\\/dragon-shield-matte-japanese-sleeves-2\\\/#breadcrumb\",\"itemListElement\":[{\"@type\":\"ListItem\",\"position\":1,\"name\":\"Accueil\",\"item\":\"https:\\\/\\\/theuncommonshop.ch\\\/fr\\\/accueil\\\/\"},{\"@type\":\"ListItem\",\"position\":2,\"name\":\"Boutique\",\"item\":\"https:\\\/\\\/theuncommonshop.ch\\\/fr\\\/boutique\\\/\"},{\"@type\":\"ListItem\",\"position\":3,\"name\":\"Accessoires TCG\",\"item\":\"https:\\\/\\\/theuncommonshop.ch\\\/fr\\\/categorie-produit\\\/accessoires-tcg\\\/\"},{\"@type\":\"ListItem\",\"position\":4,\"name\":\"Sleeves\",\"item\":\"https:\\\/\\\/theuncommonshop.ch\\\/fr\\\/categorie-produit\\\/accessoires-tcg\\\/sleeves-fr\\\/\"},{\"@type\":\"ListItem\",\"position\":5,\"name\":\"Taille standard\",\"item\":\"https:\\\/\\\/theuncommonshop.ch\\\/fr\\\/categorie-produit\\\/accessoires-tcg\\\/sleeves-fr\\\/taille-standard\\\/\"},{\"@type\":\"ListItem\",\"position\":6,\"name\":\"Dragon Shield &#8211; MATTE Japanese Sleeves\"}]},{\"@type\":\"WebSite\",\"@id\":\"https:\\\/\\\/theuncommonshop.ch\\\/fr\\\/#website\",\"url\":\"https:\\\/\\\/theuncommonshop.ch\\\/fr\\\/\",\"name\":\"The Uncommon Shop\",\"description\":\"Magic, Pok\u00e9mon and Yu-gi-oh - The Uncommon Shop\",\"potentialAction\":[{\"@type\":\"SearchAction\",\"target\":{\"@type\":\"EntryPoint\",\"urlTemplate\":\"https:\\\/\\\/theuncommonshop.ch\\\/fr\\\/?s={search_term_string}\"},\"query-input\":{\"@type\":\"PropertyValueSpecification\",\"valueRequired\":true,\"valueName\":\"search_term_string\"}}],\"inLanguage\":\"fr-FR\"}]}<\/script>\n<meta property=\"og:availability\" content=\"instock\" \/>\n<meta property=\"product:availability\" content=\"instock\" \/>\n<meta property=\"product:condition\" content=\"new\" \/>\n<!-- \/ Yoast SEO plugin. -->","yoast_head_json":{"title":"Ach\u00e8te Dragon Shield - MATTE Japanese Sleeves","description":"Ach\u00e8te Dragon Shield - MATTE Japanese Sleeves en ligne maintenant \u00e0 petit prix! Ton #1 shop pour cartes TCG & Pok\u00e9mon en Suisse \u2713 Livraison gratuite d\u00e8s CHF 29","robots":{"index":"index","follow":"follow","max-snippet":"max-snippet:-1","max-image-preview":"max-image-preview:large","max-video-preview":"max-video-preview:-1"},"canonical":"https:\/\/theuncommonshop.ch\/fr\/product\/dragon-shield-matte-japanese-sleeves-2\/","og_locale":"fr_FR","og_type":"article","og_title":"Ach\u00e8te Dragon Shield - MATTE Japanese Sleeves","og_description":"Ach\u00e8te Dragon Shield - MATTE Japanese Sleeves en ligne maintenant \u00e0 petit prix! Ton #1 shop pour cartes TCG & Pok\u00e9mon en Suisse \u2713 Livraison gratuite d\u00e8s CHF 29","og_url":"https:\/\/theuncommonshop.ch\/fr\/product\/dragon-shield-matte-japanese-sleeves-2\/","og_site_name":"The Uncommon Shop","article_modified_time":"2026-03-31T15:27:58+00:00","og_image":[{"width":814,"height":1000,"url":"https:\/\/theuncommonshop.ch\/wp-content\/uploads\/2025\/06\/2065735681.jpg","type":"image\/jpeg"}],"twitter_card":"summary_large_image","twitter_misc":{"Disponibilit\u00e9":"En stock"},"schema":{"@context":"https:\/\/schema.org","@graph":[{"@type":"WebPage","@id":"https:\/\/theuncommonshop.ch\/fr\/product\/dragon-shield-matte-japanese-sleeves-2\/","url":"https:\/\/theuncommonshop.ch\/fr\/product\/dragon-shield-matte-japanese-sleeves-2\/","name":"Ach\u00e8te Dragon Shield - MATTE Japanese Sleeves","isPartOf":{"@id":"https:\/\/theuncommonshop.ch\/fr\/#website"},"primaryImageOfPage":{"@id":"https:\/\/theuncommonshop.ch\/fr\/product\/dragon-shield-matte-japanese-sleeves-2\/#primaryimage"},"image":{"@id":"https:\/\/theuncommonshop.ch\/fr\/product\/dragon-shield-matte-japanese-sleeves-2\/#primaryimage"},"thumbnailUrl":"https:\/\/theuncommonshop.ch\/wp-content\/uploads\/2025\/06\/2065735681.jpg","datePublished":"2026-01-15T13:30:59+00:00","dateModified":"2026-03-31T15:27:58+00:00","description":"Ach\u00e8te Dragon Shield - MATTE Japanese Sleeves en ligne maintenant \u00e0 petit prix! Ton #1 shop pour cartes TCG & Pok\u00e9mon en Suisse \u2713 Livraison gratuite d\u00e8s CHF 29","breadcrumb":{"@id":"https:\/\/theuncommonshop.ch\/fr\/product\/dragon-shield-matte-japanese-sleeves-2\/#breadcrumb"},"inLanguage":"fr-FR","potentialAction":[{"@type":"ReadAction","target":["https:\/\/theuncommonshop.ch\/fr\/product\/dragon-shield-matte-japanese-sleeves-2\/"]}]},{"@type":"ImageObject","inLanguage":"fr-FR","@id":"https:\/\/theuncommonshop.ch\/fr\/product\/dragon-shield-matte-japanese-sleeves-2\/#primaryimage","url":"https:\/\/theuncommonshop.ch\/wp-content\/uploads\/2025\/06\/2065735681.jpg","contentUrl":"https:\/\/theuncommonshop.ch\/wp-content\/uploads\/2025\/06\/2065735681.jpg","width":814,"height":1000},{"@type":"BreadcrumbList","@id":"https:\/\/theuncommonshop.ch\/fr\/product\/dragon-shield-matte-japanese-sleeves-2\/#breadcrumb","itemListElement":[{"@type":"ListItem","position":1,"name":"Accueil","item":"https:\/\/theuncommonshop.ch\/fr\/accueil\/"},{"@type":"ListItem","position":2,"name":"Boutique","item":"https:\/\/theuncommonshop.ch\/fr\/boutique\/"},{"@type":"ListItem","position":3,"name":"Accessoires TCG","item":"https:\/\/theuncommonshop.ch\/fr\/categorie-produit\/accessoires-tcg\/"},{"@type":"ListItem","position":4,"name":"Sleeves","item":"https:\/\/theuncommonshop.ch\/fr\/categorie-produit\/accessoires-tcg\/sleeves-fr\/"},{"@type":"ListItem","position":5,"name":"Taille standard","item":"https:\/\/theuncommonshop.ch\/fr\/categorie-produit\/accessoires-tcg\/sleeves-fr\/taille-standard\/"},{"@type":"ListItem","position":6,"name":"Dragon Shield &#8211; MATTE Japanese Sleeves"}]},{"@type":"WebSite","@id":"https:\/\/theuncommonshop.ch\/fr\/#website","url":"https:\/\/theuncommonshop.ch\/fr\/","name":"The Uncommon Shop","description":"Magic, Pok\u00e9mon and Yu-gi-oh - The Uncommon Shop","potentialAction":[{"@type":"SearchAction","target":{"@type":"EntryPoint","urlTemplate":"https:\/\/theuncommonshop.ch\/fr\/?s={search_term_string}"},"query-input":{"@type":"PropertyValueSpecification","valueRequired":true,"valueName":"search_term_string"}}],"inLanguage":"fr-FR"}]},"og_availability":"instock","product_availability":"instock","product_condition":"new"},"_links":{"self":[{"href":"https:\/\/theuncommonshop.ch\/fr\/wp-json\/wp\/v2\/product\/310481","targetHints":{"allow":["GET"]}}],"collection":[{"href":"https:\/\/theuncommonshop.ch\/fr\/wp-json\/wp\/v2\/product"}],"about":[{"href":"https:\/\/theuncommonshop.ch\/fr\/wp-json\/wp\/v2\/types\/product"}],"replies":[{"embeddable":true,"href":"https:\/\/theuncommonshop.ch\/fr\/wp-json\/wp\/v2\/comments?post=310481"}],"version-history":[{"count":0,"href":"https:\/\/theuncommonshop.ch\/fr\/wp-json\/wp\/v2\/product\/310481\/revisions"}],"wp:featuredmedia":[{"embeddable":true,"href":"https:\/\/theuncommonshop.ch\/fr\/wp-json\/wp\/v2\/media\/53997"}],"wp:attachment":[{"href":"https:\/\/theuncommonshop.ch\/fr\/wp-json\/wp\/v2\/media?parent=310481"}],"wp:term":[{"taxonomy":"product_brand","embeddable":true,"href":"https:\/\/theuncommonshop.ch\/fr\/wp-json\/wp\/v2\/product_brand?post=310481"},{"taxonomy":"product_cat","embeddable":true,"href":"https:\/\/theuncommonshop.ch\/fr\/wp-json\/wp\/v2\/product_cat?post=310481"},{"taxonomy":"product_tag","embeddable":true,"href":"https:\/\/theuncommonshop.ch\/fr\/wp-json\/wp\/v2\/product_tag?post=310481"}],"curies":[{"name":"wp","href":"https:\/\/api.w.org\/{rel}","templated":true}]}}