{"id":310182,"date":"2025-12-31T17:27:54","date_gmt":"2025-12-31T16:27:54","guid":{"rendered":"http:\/\/theuncommonshop.ch\/produkt\/310182\/"},"modified":"2026-03-31T20:12:31","modified_gmt":"2026-03-31T18:12:31","slug":"ultimate-guard-sidewinder-100-xenoskin-summer-edition-2025-8","status":"publish","type":"product","link":"https:\/\/theuncommonshop.ch\/fr\/product\/ultimate-guard-sidewinder-100-xenoskin-summer-edition-2025-8\/","title":{"rendered":"Ultimate Guard &#8211; Sidewinder 100+ Xenoskin &#8211; Summer Edition 2025"},"content":{"rendered":"<p>La Sidewinder 100+ Xenoskin de l&#8217;\u00e9dition limit\u00e9e &#8220;Summer Edition 2025&#8221; apporte un vent d&#8217;\u00e9t\u00e9 dans votre collection de cartes. La bo\u00eete de rangement associe un mat\u00e9riau Xenoskin r\u00e9sistant \u00e0 une doublure en microfibre de haute qualit\u00e9 pour offrir une protection optimale \u00e0 vos cartes. <\/p>\n<p>Gr\u00e2ce \u00e0 la fermeture magn\u00e9tique puissante, vos cartes restent bien rang\u00e9es, tandis que la conception modulaire permet de les associer facilement \u00e0 d&#8217;autres produits Ultimate Guard. La bo\u00eete peut contenir jusqu&#8217;\u00e0 100 cartes \u00e0 double sleeve ou 120 cartes \u00e0 simple sleeve de taille standard. <\/p>\n<p>Que ce soit pour Magic : The Gathering, Pok\u00e9mon, Lorcana, One Piece ou Yu-Gi-Oh !, la Sidewinder 100+ Xenoskin est le choix id\u00e9al pour tout fan de jeux de cartes \u00e0 collectionner. <\/p>\n<p>Caract\u00e9ristiques :<\/p>\n<p>Peut contenir jusqu&#8217;\u00e0 100 cartes \u00e0 double talon ou 120 cartes \u00e0 simple talon de taille standard.<\/p>\n<p>Mat\u00e9riau Xenoskin robuste avec int\u00e9rieur en microfibre.<\/p>\n<p>Fermeture magn\u00e9tique puissante pour un rangement s\u00fbr.<\/p>\n<p>Conception modulaire, compatible avec d&#8217;autres produits Ultimate Guard.<\/p>\n<p>Remarque : cette bo\u00eete de deck fait partie de l&#8217;\u00e9dition limit\u00e9e &#8220;Summer Edition 2025&#8221; d&#8217;Ultimate Guard.<\/p>\n","protected":false},"excerpt":{"rendered":"<p>La Sidewinder 100+ Xenoskin de l&#8217;\u00e9dition limit\u00e9e &#8220;Summer Edition 2025&#8221; apporte un vent d&#8217;\u00e9t\u00e9 dans votre collection de cartes. La<\/p>\n","protected":false},"featured_media":351760,"comment_status":"open","ping_status":"closed","template":"","meta":{"_acf_changed":false},"product_brand":[5088],"product_cat":[9859,9979,9867,10259,9877],"product_tag":[],"class_list":{"0":"post-310182","1":"product","2":"type-product","3":"status-publish","4":"has-post-thumbnail","6":"product_brand-ultimate-guard","7":"product_cat-accessoires-tcg","8":"product_cat-petites-boites-de-rangement","9":"product_cat-rangement","10":"product_cat-tout","11":"product_cat-ultimate-guard-fr","13":"first","14":"instock","15":"taxable","16":"shipping-taxable","17":"purchasable","18":"product-type-variable"},"acf":[],"yoast_head":"<!-- This site is optimized with the Yoast SEO plugin v27.5 - https:\/\/yoast.com\/product\/yoast-seo-wordpress\/ -->\n<title>Ach\u00e8te Ultimate Guard - Sidewinder 100+ Xenoskin - Summer Edition 2025<\/title>\n<meta name=\"description\" content=\"Ach\u00e8te Ultimate Guard - Sidewinder 100+ Xenoskin - Summer Edition 2025 en ligne maintenant \u00e0 petit prix! Ton #1 shop pour cartes TCG &amp; Pok\u00e9mon en Suisse \u2713 Livraison gratuite d\u00e8s CHF 29\" \/>\n<meta name=\"robots\" content=\"index, follow, max-snippet:-1, max-image-preview:large, max-video-preview:-1\" \/>\n<link rel=\"canonical\" href=\"https:\/\/theuncommonshop.ch\/fr\/product\/ultimate-guard-sidewinder-100-xenoskin-summer-edition-2025-8\/\" \/>\n<meta property=\"og:locale\" content=\"fr_FR\" \/>\n<meta property=\"og:type\" content=\"article\" \/>\n<meta property=\"og:title\" content=\"Ach\u00e8te Ultimate Guard - Sidewinder 100+ Xenoskin - Summer Edition 2025\" \/>\n<meta property=\"og:description\" content=\"Ach\u00e8te Ultimate Guard - Sidewinder 100+ Xenoskin - Summer Edition 2025 en ligne maintenant \u00e0 petit prix! Ton #1 shop pour cartes TCG &amp; Pok\u00e9mon en Suisse \u2713 Livraison gratuite d\u00e8s CHF 29\" \/>\n<meta property=\"og:url\" content=\"https:\/\/theuncommonshop.ch\/fr\/product\/ultimate-guard-sidewinder-100-xenoskin-summer-edition-2025-8\/\" \/>\n<meta property=\"og:site_name\" content=\"The Uncommon Shop\" \/>\n<meta property=\"article:modified_time\" content=\"2026-03-31T18:12:31+00:00\" \/>\n<meta property=\"og:image\" content=\"https:\/\/theuncommonshop.ch\/wp-content\/uploads\/2025\/12\/Kopie-von-Vorlage-diverse-Produktfarben-26.jpg\" \/>\n\t<meta property=\"og:image:width\" content=\"1181\" \/>\n\t<meta property=\"og:image:height\" content=\"1181\" \/>\n\t<meta property=\"og:image:type\" content=\"image\/jpeg\" \/>\n<meta name=\"twitter:card\" content=\"summary_large_image\" \/>\n<meta name=\"twitter:label1\" content=\"Disponibilit\u00e9\" \/>\n\t<meta name=\"twitter:data1\" content=\"En stock\" \/>\n<script type=\"application\/ld+json\" class=\"yoast-schema-graph\">{\"@context\":\"https:\\\/\\\/schema.org\",\"@graph\":[{\"@type\":\"WebPage\",\"@id\":\"https:\\\/\\\/theuncommonshop.ch\\\/fr\\\/product\\\/ultimate-guard-sidewinder-100-xenoskin-summer-edition-2025-8\\\/\",\"url\":\"https:\\\/\\\/theuncommonshop.ch\\\/fr\\\/product\\\/ultimate-guard-sidewinder-100-xenoskin-summer-edition-2025-8\\\/\",\"name\":\"Ach\u00e8te Ultimate Guard - Sidewinder 100+ Xenoskin - Summer Edition 2025\",\"isPartOf\":{\"@id\":\"https:\\\/\\\/theuncommonshop.ch\\\/fr\\\/#website\"},\"primaryImageOfPage\":{\"@id\":\"https:\\\/\\\/theuncommonshop.ch\\\/fr\\\/product\\\/ultimate-guard-sidewinder-100-xenoskin-summer-edition-2025-8\\\/#primaryimage\"},\"image\":{\"@id\":\"https:\\\/\\\/theuncommonshop.ch\\\/fr\\\/product\\\/ultimate-guard-sidewinder-100-xenoskin-summer-edition-2025-8\\\/#primaryimage\"},\"thumbnailUrl\":\"https:\\\/\\\/theuncommonshop.ch\\\/wp-content\\\/uploads\\\/2025\\\/12\\\/Kopie-von-Vorlage-diverse-Produktfarben-26.jpg\",\"datePublished\":\"2025-12-31T16:27:54+00:00\",\"dateModified\":\"2026-03-31T18:12:31+00:00\",\"description\":\"Ach\u00e8te Ultimate Guard - Sidewinder 100+ Xenoskin - Summer Edition 2025 en ligne maintenant \u00e0 petit prix! Ton #1 shop pour cartes TCG & Pok\u00e9mon en Suisse \u2713 Livraison gratuite d\u00e8s CHF 29\",\"breadcrumb\":{\"@id\":\"https:\\\/\\\/theuncommonshop.ch\\\/fr\\\/product\\\/ultimate-guard-sidewinder-100-xenoskin-summer-edition-2025-8\\\/#breadcrumb\"},\"inLanguage\":\"fr-FR\",\"potentialAction\":[{\"@type\":\"ReadAction\",\"target\":[\"https:\\\/\\\/theuncommonshop.ch\\\/fr\\\/product\\\/ultimate-guard-sidewinder-100-xenoskin-summer-edition-2025-8\\\/\"]}]},{\"@type\":\"ImageObject\",\"inLanguage\":\"fr-FR\",\"@id\":\"https:\\\/\\\/theuncommonshop.ch\\\/fr\\\/product\\\/ultimate-guard-sidewinder-100-xenoskin-summer-edition-2025-8\\\/#primaryimage\",\"url\":\"https:\\\/\\\/theuncommonshop.ch\\\/wp-content\\\/uploads\\\/2025\\\/12\\\/Kopie-von-Vorlage-diverse-Produktfarben-26.jpg\",\"contentUrl\":\"https:\\\/\\\/theuncommonshop.ch\\\/wp-content\\\/uploads\\\/2025\\\/12\\\/Kopie-von-Vorlage-diverse-Produktfarben-26.jpg\",\"width\":1181,\"height\":1181},{\"@type\":\"BreadcrumbList\",\"@id\":\"https:\\\/\\\/theuncommonshop.ch\\\/fr\\\/product\\\/ultimate-guard-sidewinder-100-xenoskin-summer-edition-2025-8\\\/#breadcrumb\",\"itemListElement\":[{\"@type\":\"ListItem\",\"position\":1,\"name\":\"Accueil\",\"item\":\"https:\\\/\\\/theuncommonshop.ch\\\/fr\\\/accueil\\\/\"},{\"@type\":\"ListItem\",\"position\":2,\"name\":\"Boutique\",\"item\":\"https:\\\/\\\/theuncommonshop.ch\\\/fr\\\/boutique\\\/\"},{\"@type\":\"ListItem\",\"position\":3,\"name\":\"Accessoires TCG\",\"item\":\"https:\\\/\\\/theuncommonshop.ch\\\/fr\\\/categorie-produit\\\/accessoires-tcg\\\/\"},{\"@type\":\"ListItem\",\"position\":4,\"name\":\"Rangement\",\"item\":\"https:\\\/\\\/theuncommonshop.ch\\\/fr\\\/categorie-produit\\\/accessoires-tcg\\\/rangement\\\/\"},{\"@type\":\"ListItem\",\"position\":5,\"name\":\"Tout\",\"item\":\"https:\\\/\\\/theuncommonshop.ch\\\/fr\\\/categorie-produit\\\/accessoires-tcg\\\/rangement\\\/tout\\\/\"},{\"@type\":\"ListItem\",\"position\":6,\"name\":\"Ultimate Guard &#8211; Sidewinder 100+ Xenoskin &#8211; Summer Edition 2025\"}]},{\"@type\":\"WebSite\",\"@id\":\"https:\\\/\\\/theuncommonshop.ch\\\/fr\\\/#website\",\"url\":\"https:\\\/\\\/theuncommonshop.ch\\\/fr\\\/\",\"name\":\"The Uncommon Shop\",\"description\":\"Magic, Pok\u00e9mon and Yu-gi-oh - The Uncommon Shop\",\"potentialAction\":[{\"@type\":\"SearchAction\",\"target\":{\"@type\":\"EntryPoint\",\"urlTemplate\":\"https:\\\/\\\/theuncommonshop.ch\\\/fr\\\/?s={search_term_string}\"},\"query-input\":{\"@type\":\"PropertyValueSpecification\",\"valueRequired\":true,\"valueName\":\"search_term_string\"}}],\"inLanguage\":\"fr-FR\"}]}<\/script>\n<meta property=\"og:availability\" content=\"instock\" \/>\n<meta property=\"product:availability\" content=\"instock\" \/>\n<meta property=\"product:condition\" content=\"new\" \/>\n<!-- \/ Yoast SEO plugin. -->","yoast_head_json":{"title":"Ach\u00e8te Ultimate Guard - Sidewinder 100+ Xenoskin - Summer Edition 2025","description":"Ach\u00e8te Ultimate Guard - Sidewinder 100+ Xenoskin - Summer Edition 2025 en ligne maintenant \u00e0 petit prix! Ton #1 shop pour cartes TCG & Pok\u00e9mon en Suisse \u2713 Livraison gratuite d\u00e8s CHF 29","robots":{"index":"index","follow":"follow","max-snippet":"max-snippet:-1","max-image-preview":"max-image-preview:large","max-video-preview":"max-video-preview:-1"},"canonical":"https:\/\/theuncommonshop.ch\/fr\/product\/ultimate-guard-sidewinder-100-xenoskin-summer-edition-2025-8\/","og_locale":"fr_FR","og_type":"article","og_title":"Ach\u00e8te Ultimate Guard - Sidewinder 100+ Xenoskin - Summer Edition 2025","og_description":"Ach\u00e8te Ultimate Guard - Sidewinder 100+ Xenoskin - Summer Edition 2025 en ligne maintenant \u00e0 petit prix! Ton #1 shop pour cartes TCG & Pok\u00e9mon en Suisse \u2713 Livraison gratuite d\u00e8s CHF 29","og_url":"https:\/\/theuncommonshop.ch\/fr\/product\/ultimate-guard-sidewinder-100-xenoskin-summer-edition-2025-8\/","og_site_name":"The Uncommon Shop","article_modified_time":"2026-03-31T18:12:31+00:00","og_image":[{"width":1181,"height":1181,"url":"https:\/\/theuncommonshop.ch\/wp-content\/uploads\/2025\/12\/Kopie-von-Vorlage-diverse-Produktfarben-26.jpg","type":"image\/jpeg"}],"twitter_card":"summary_large_image","twitter_misc":{"Disponibilit\u00e9":"En stock"},"schema":{"@context":"https:\/\/schema.org","@graph":[{"@type":"WebPage","@id":"https:\/\/theuncommonshop.ch\/fr\/product\/ultimate-guard-sidewinder-100-xenoskin-summer-edition-2025-8\/","url":"https:\/\/theuncommonshop.ch\/fr\/product\/ultimate-guard-sidewinder-100-xenoskin-summer-edition-2025-8\/","name":"Ach\u00e8te Ultimate Guard - Sidewinder 100+ Xenoskin - Summer Edition 2025","isPartOf":{"@id":"https:\/\/theuncommonshop.ch\/fr\/#website"},"primaryImageOfPage":{"@id":"https:\/\/theuncommonshop.ch\/fr\/product\/ultimate-guard-sidewinder-100-xenoskin-summer-edition-2025-8\/#primaryimage"},"image":{"@id":"https:\/\/theuncommonshop.ch\/fr\/product\/ultimate-guard-sidewinder-100-xenoskin-summer-edition-2025-8\/#primaryimage"},"thumbnailUrl":"https:\/\/theuncommonshop.ch\/wp-content\/uploads\/2025\/12\/Kopie-von-Vorlage-diverse-Produktfarben-26.jpg","datePublished":"2025-12-31T16:27:54+00:00","dateModified":"2026-03-31T18:12:31+00:00","description":"Ach\u00e8te Ultimate Guard - Sidewinder 100+ Xenoskin - Summer Edition 2025 en ligne maintenant \u00e0 petit prix! Ton #1 shop pour cartes TCG & Pok\u00e9mon en Suisse \u2713 Livraison gratuite d\u00e8s CHF 29","breadcrumb":{"@id":"https:\/\/theuncommonshop.ch\/fr\/product\/ultimate-guard-sidewinder-100-xenoskin-summer-edition-2025-8\/#breadcrumb"},"inLanguage":"fr-FR","potentialAction":[{"@type":"ReadAction","target":["https:\/\/theuncommonshop.ch\/fr\/product\/ultimate-guard-sidewinder-100-xenoskin-summer-edition-2025-8\/"]}]},{"@type":"ImageObject","inLanguage":"fr-FR","@id":"https:\/\/theuncommonshop.ch\/fr\/product\/ultimate-guard-sidewinder-100-xenoskin-summer-edition-2025-8\/#primaryimage","url":"https:\/\/theuncommonshop.ch\/wp-content\/uploads\/2025\/12\/Kopie-von-Vorlage-diverse-Produktfarben-26.jpg","contentUrl":"https:\/\/theuncommonshop.ch\/wp-content\/uploads\/2025\/12\/Kopie-von-Vorlage-diverse-Produktfarben-26.jpg","width":1181,"height":1181},{"@type":"BreadcrumbList","@id":"https:\/\/theuncommonshop.ch\/fr\/product\/ultimate-guard-sidewinder-100-xenoskin-summer-edition-2025-8\/#breadcrumb","itemListElement":[{"@type":"ListItem","position":1,"name":"Accueil","item":"https:\/\/theuncommonshop.ch\/fr\/accueil\/"},{"@type":"ListItem","position":2,"name":"Boutique","item":"https:\/\/theuncommonshop.ch\/fr\/boutique\/"},{"@type":"ListItem","position":3,"name":"Accessoires TCG","item":"https:\/\/theuncommonshop.ch\/fr\/categorie-produit\/accessoires-tcg\/"},{"@type":"ListItem","position":4,"name":"Rangement","item":"https:\/\/theuncommonshop.ch\/fr\/categorie-produit\/accessoires-tcg\/rangement\/"},{"@type":"ListItem","position":5,"name":"Tout","item":"https:\/\/theuncommonshop.ch\/fr\/categorie-produit\/accessoires-tcg\/rangement\/tout\/"},{"@type":"ListItem","position":6,"name":"Ultimate Guard &#8211; Sidewinder 100+ Xenoskin &#8211; Summer Edition 2025"}]},{"@type":"WebSite","@id":"https:\/\/theuncommonshop.ch\/fr\/#website","url":"https:\/\/theuncommonshop.ch\/fr\/","name":"The Uncommon Shop","description":"Magic, Pok\u00e9mon and Yu-gi-oh - The Uncommon Shop","potentialAction":[{"@type":"SearchAction","target":{"@type":"EntryPoint","urlTemplate":"https:\/\/theuncommonshop.ch\/fr\/?s={search_term_string}"},"query-input":{"@type":"PropertyValueSpecification","valueRequired":true,"valueName":"search_term_string"}}],"inLanguage":"fr-FR"}]},"og_availability":"instock","product_availability":"instock","product_condition":"new"},"_links":{"self":[{"href":"https:\/\/theuncommonshop.ch\/fr\/wp-json\/wp\/v2\/product\/310182","targetHints":{"allow":["GET"]}}],"collection":[{"href":"https:\/\/theuncommonshop.ch\/fr\/wp-json\/wp\/v2\/product"}],"about":[{"href":"https:\/\/theuncommonshop.ch\/fr\/wp-json\/wp\/v2\/types\/product"}],"replies":[{"embeddable":true,"href":"https:\/\/theuncommonshop.ch\/fr\/wp-json\/wp\/v2\/comments?post=310182"}],"version-history":[{"count":0,"href":"https:\/\/theuncommonshop.ch\/fr\/wp-json\/wp\/v2\/product\/310182\/revisions"}],"wp:featuredmedia":[{"embeddable":true,"href":"https:\/\/theuncommonshop.ch\/fr\/wp-json\/wp\/v2\/media\/351760"}],"wp:attachment":[{"href":"https:\/\/theuncommonshop.ch\/fr\/wp-json\/wp\/v2\/media?parent=310182"}],"wp:term":[{"taxonomy":"product_brand","embeddable":true,"href":"https:\/\/theuncommonshop.ch\/fr\/wp-json\/wp\/v2\/product_brand?post=310182"},{"taxonomy":"product_cat","embeddable":true,"href":"https:\/\/theuncommonshop.ch\/fr\/wp-json\/wp\/v2\/product_cat?post=310182"},{"taxonomy":"product_tag","embeddable":true,"href":"https:\/\/theuncommonshop.ch\/fr\/wp-json\/wp\/v2\/product_tag?post=310182"}],"curies":[{"name":"wp","href":"https:\/\/api.w.org\/{rel}","templated":true}]}}