{"id":310148,"date":"2025-12-31T17:23:40","date_gmt":"2025-12-31T17:23:40","guid":{"rendered":"http:\/\/theuncommonshop.ch\/produkt\/310148\/"},"modified":"2026-03-08T18:17:29","modified_gmt":"2026-03-08T17:17:29","slug":"ultimate-guard-sidewinder-100-xenoskin-edge-of-eternities-8","status":"publish","type":"product","link":"https:\/\/theuncommonshop.ch\/fr\/product\/ultimate-guard-sidewinder-100-xenoskin-edge-of-eternities-8\/","title":{"rendered":"Ultimate Guard &#8211; Sidewinder 100+ XenoSkin &#8211; Edge of Eternities"},"content":{"rendered":"<p>Fabriqu\u00e9 en Xenoskin r\u00e9sistant, le Sidewinder 100+ peut contenir jusqu&#8217;\u00e0 100 cartes \u00e0 double sleeve dans des bo\u00eetiers Ultimate Guard et constitue la bo\u00eete de deck parfaite pour les decks Commander\/EDH. Imprim\u00e9es en couleur avec des artworks sous licence officielle de l&#8217;ensemble Edge of Eternities de Magic : The Gathering, les bo\u00eetes de deck Sidewinder d&#8217;Ultimate Guard sont un lieu de stockage s\u00fbr et fiable pour les decks MTG et les cartes \u00e0 collectionner gr\u00e2ce \u00e0 leur solide fermeture magn\u00e9tique et \u00e0 leur int\u00e9rieur en microfibre de haute qualit\u00e9. <\/p>\n<ul>\n<li>Con\u00e7u pour contenir jusqu&#8217;\u00e0 100 (double-sleeved) ou 120 (single-sleeved) cartes de taille standard dans des Sleeves Ultimate Guard<\/li>\n<li>Illustration sous licence officielle de Magic : The Gathering<\/li>\n<li>Mat\u00e9riau Xenoskin r\u00e9sistant et int\u00e9rieur en microfibre de haute qualit\u00e9<\/li>\n<li>Fermeture magn\u00e9tique forte<\/li>\n<li>Impression pleine couleur<\/li>\n<\/ul>\n<div style=\"display: inline !important;\"><\/div>\n","protected":false},"excerpt":{"rendered":"<p>Fabriqu\u00e9 en Xenoskin r\u00e9sistant, le Sidewinder 100+ peut contenir jusqu&#8217;\u00e0 100 cartes \u00e0 double sleeve dans des bo\u00eetiers Ultimate Guard<\/p>\n","protected":false},"featured_media":279153,"comment_status":"open","ping_status":"closed","template":"","meta":{"_acf_changed":false},"product_brand":[5158,5088,5070],"product_cat":[9975,9859,10257,9967,9979,9867,10259,9877],"product_tag":[],"class_list":{"0":"post-310148","1":"product","2":"type-product","3":"status-publish","4":"has-post-thumbnail","6":"product_brand-magic-the-gathering","7":"product_brand-ultimate-guard","8":"product_brand-wizards-of-the-coast","9":"product_cat-accessoires-pour-cartes-magic","10":"product_cat-accessoires-tcg","11":"product_cat-boites-de-rangement-magic","12":"product_cat-magic-the-gathering-fr","13":"product_cat-petites-boites-de-rangement","14":"product_cat-rangement","15":"product_cat-tout","16":"product_cat-ultimate-guard-fr","18":"first","19":"instock","20":"taxable","21":"shipping-taxable","22":"purchasable","23":"product-type-variable"},"acf":[],"yoast_head":"<!-- This site is optimized with the Yoast SEO plugin v27.4 - https:\/\/yoast.com\/product\/yoast-seo-wordpress\/ -->\n<title>Ach\u00e8te Ultimate Guard - Sidewinder 100+ XenoSkin - Edge of Eternities<\/title>\n<meta name=\"description\" content=\"Ach\u00e8te Ultimate Guard - Sidewinder 100+ XenoSkin - Edge of Eternities en ligne maintenant \u00e0 petit prix! Ton #1 shop pour cartes TCG &amp; Pok\u00e9mon en Suisse \u2713 Livraison gratuite d\u00e8s CHF 29\" \/>\n<meta name=\"robots\" content=\"index, follow, max-snippet:-1, max-image-preview:large, max-video-preview:-1\" \/>\n<link rel=\"canonical\" href=\"https:\/\/theuncommonshop.ch\/fr\/product\/ultimate-guard-sidewinder-100-xenoskin-edge-of-eternities-8\/\" \/>\n<meta property=\"og:locale\" content=\"fr_FR\" \/>\n<meta property=\"og:type\" content=\"article\" \/>\n<meta property=\"og:title\" content=\"Ach\u00e8te Ultimate Guard - Sidewinder 100+ XenoSkin - Edge of Eternities\" \/>\n<meta property=\"og:description\" content=\"Ach\u00e8te Ultimate Guard - Sidewinder 100+ XenoSkin - Edge of Eternities en ligne maintenant \u00e0 petit prix! Ton #1 shop pour cartes TCG &amp; Pok\u00e9mon en Suisse \u2713 Livraison gratuite d\u00e8s CHF 29\" \/>\n<meta property=\"og:url\" content=\"https:\/\/theuncommonshop.ch\/fr\/product\/ultimate-guard-sidewinder-100-xenoskin-edge-of-eternities-8\/\" \/>\n<meta property=\"og:site_name\" content=\"Largest trading card shop in Switzerland\" \/>\n<meta property=\"article:modified_time\" content=\"2026-03-08T17:17:29+00:00\" \/>\n<meta property=\"og:image\" content=\"https:\/\/theuncommonshop.ch\/wp-content\/uploads\/2025\/12\/5146251897.jpg\" \/>\n\t<meta property=\"og:image:width\" content=\"360\" \/>\n\t<meta property=\"og:image:height\" content=\"540\" \/>\n\t<meta property=\"og:image:type\" content=\"image\/jpeg\" \/>\n<meta name=\"twitter:card\" content=\"summary_large_image\" \/>\n<meta name=\"twitter:label1\" content=\"Disponibilit\u00e9\" \/>\n\t<meta name=\"twitter:data1\" content=\"En stock\" \/>\n<script type=\"application\/ld+json\" class=\"yoast-schema-graph\">{\"@context\":\"https:\\\/\\\/schema.org\",\"@graph\":[{\"@type\":\"WebPage\",\"@id\":\"https:\\\/\\\/theuncommonshop.ch\\\/fr\\\/product\\\/ultimate-guard-sidewinder-100-xenoskin-edge-of-eternities-8\\\/\",\"url\":\"https:\\\/\\\/theuncommonshop.ch\\\/fr\\\/product\\\/ultimate-guard-sidewinder-100-xenoskin-edge-of-eternities-8\\\/\",\"name\":\"Ach\u00e8te Ultimate Guard - Sidewinder 100+ XenoSkin - Edge of Eternities\",\"isPartOf\":{\"@id\":\"https:\\\/\\\/theuncommonshop.ch\\\/#website\"},\"primaryImageOfPage\":{\"@id\":\"https:\\\/\\\/theuncommonshop.ch\\\/fr\\\/product\\\/ultimate-guard-sidewinder-100-xenoskin-edge-of-eternities-8\\\/#primaryimage\"},\"image\":{\"@id\":\"https:\\\/\\\/theuncommonshop.ch\\\/fr\\\/product\\\/ultimate-guard-sidewinder-100-xenoskin-edge-of-eternities-8\\\/#primaryimage\"},\"thumbnailUrl\":\"https:\\\/\\\/theuncommonshop.ch\\\/wp-content\\\/uploads\\\/2025\\\/12\\\/5146251897.jpg\",\"datePublished\":\"2025-12-31T17:23:40+00:00\",\"dateModified\":\"2026-03-08T17:17:29+00:00\",\"description\":\"Ach\u00e8te Ultimate Guard - Sidewinder 100+ XenoSkin - Edge of Eternities en ligne maintenant \u00e0 petit prix! Ton #1 shop pour cartes TCG & Pok\u00e9mon en Suisse \u2713 Livraison gratuite d\u00e8s CHF 29\",\"breadcrumb\":{\"@id\":\"https:\\\/\\\/theuncommonshop.ch\\\/fr\\\/product\\\/ultimate-guard-sidewinder-100-xenoskin-edge-of-eternities-8\\\/#breadcrumb\"},\"inLanguage\":\"fr-FR\",\"potentialAction\":[{\"@type\":\"ReadAction\",\"target\":[\"https:\\\/\\\/theuncommonshop.ch\\\/fr\\\/product\\\/ultimate-guard-sidewinder-100-xenoskin-edge-of-eternities-8\\\/\"]}]},{\"@type\":\"ImageObject\",\"inLanguage\":\"fr-FR\",\"@id\":\"https:\\\/\\\/theuncommonshop.ch\\\/fr\\\/product\\\/ultimate-guard-sidewinder-100-xenoskin-edge-of-eternities-8\\\/#primaryimage\",\"url\":\"https:\\\/\\\/theuncommonshop.ch\\\/wp-content\\\/uploads\\\/2025\\\/12\\\/5146251897.jpg\",\"contentUrl\":\"https:\\\/\\\/theuncommonshop.ch\\\/wp-content\\\/uploads\\\/2025\\\/12\\\/5146251897.jpg\",\"width\":360,\"height\":540},{\"@type\":\"BreadcrumbList\",\"@id\":\"https:\\\/\\\/theuncommonshop.ch\\\/fr\\\/product\\\/ultimate-guard-sidewinder-100-xenoskin-edge-of-eternities-8\\\/#breadcrumb\",\"itemListElement\":[{\"@type\":\"ListItem\",\"position\":1,\"name\":\"Accueil\",\"item\":\"https:\\\/\\\/theuncommonshop.ch\\\/fr\\\/accueil\\\/\"},{\"@type\":\"ListItem\",\"position\":2,\"name\":\"Boutique\",\"item\":\"https:\\\/\\\/theuncommonshop.ch\\\/fr\\\/boutique\\\/\"},{\"@type\":\"ListItem\",\"position\":3,\"name\":\"TCG Zubeh\u00f6r\",\"item\":\"https:\\\/\\\/theuncommonshop.ch\\\/produktkategorie\\\/tcg-zubehoer\\\/\"},{\"@type\":\"ListItem\",\"position\":4,\"name\":\"Aufbewahrung\",\"item\":\"https:\\\/\\\/theuncommonshop.ch\\\/produktkategorie\\\/tcg-zubehoer\\\/aufbewahrung\\\/\"},{\"@type\":\"ListItem\",\"position\":5,\"name\":\"Alles\",\"item\":\"https:\\\/\\\/theuncommonshop.ch\\\/produktkategorie\\\/tcg-zubehoer\\\/aufbewahrung\\\/alle-deckboxen\\\/\"},{\"@type\":\"ListItem\",\"position\":6,\"name\":\"Ultimate Guard &#8211; Sidewinder 100+ XenoSkin &#8211; Edge of Eternities\"}]},{\"@type\":\"WebSite\",\"@id\":\"https:\\\/\\\/theuncommonshop.ch\\\/#website\",\"url\":\"https:\\\/\\\/theuncommonshop.ch\\\/\",\"name\":\"Largest trading card shop in Switzerland\",\"description\":\"Magic, Pok\u00e9mon and Yu-gi-oh - The Uncommon Shop\",\"potentialAction\":[{\"@type\":\"SearchAction\",\"target\":{\"@type\":\"EntryPoint\",\"urlTemplate\":\"https:\\\/\\\/theuncommonshop.ch\\\/?s={search_term_string}\"},\"query-input\":{\"@type\":\"PropertyValueSpecification\",\"valueRequired\":true,\"valueName\":\"search_term_string\"}}],\"inLanguage\":\"fr-FR\"}]}<\/script>\n<meta property=\"og:availability\" content=\"instock\" \/>\n<meta property=\"product:availability\" content=\"instock\" \/>\n<meta property=\"product:condition\" content=\"new\" \/>\n<!-- \/ Yoast SEO plugin. -->","yoast_head_json":{"title":"Ach\u00e8te Ultimate Guard - Sidewinder 100+ XenoSkin - Edge of Eternities","description":"Ach\u00e8te Ultimate Guard - Sidewinder 100+ XenoSkin - Edge of Eternities en ligne maintenant \u00e0 petit prix! Ton #1 shop pour cartes TCG & Pok\u00e9mon en Suisse \u2713 Livraison gratuite d\u00e8s CHF 29","robots":{"index":"index","follow":"follow","max-snippet":"max-snippet:-1","max-image-preview":"max-image-preview:large","max-video-preview":"max-video-preview:-1"},"canonical":"https:\/\/theuncommonshop.ch\/fr\/product\/ultimate-guard-sidewinder-100-xenoskin-edge-of-eternities-8\/","og_locale":"fr_FR","og_type":"article","og_title":"Ach\u00e8te Ultimate Guard - Sidewinder 100+ XenoSkin - Edge of Eternities","og_description":"Ach\u00e8te Ultimate Guard - Sidewinder 100+ XenoSkin - Edge of Eternities en ligne maintenant \u00e0 petit prix! Ton #1 shop pour cartes TCG & Pok\u00e9mon en Suisse \u2713 Livraison gratuite d\u00e8s CHF 29","og_url":"https:\/\/theuncommonshop.ch\/fr\/product\/ultimate-guard-sidewinder-100-xenoskin-edge-of-eternities-8\/","og_site_name":"Largest trading card shop in Switzerland","article_modified_time":"2026-03-08T17:17:29+00:00","og_image":[{"width":360,"height":540,"url":"https:\/\/theuncommonshop.ch\/wp-content\/uploads\/2025\/12\/5146251897.jpg","type":"image\/jpeg"}],"twitter_card":"summary_large_image","twitter_misc":{"Disponibilit\u00e9":"En stock"},"schema":{"@context":"https:\/\/schema.org","@graph":[{"@type":"WebPage","@id":"https:\/\/theuncommonshop.ch\/fr\/product\/ultimate-guard-sidewinder-100-xenoskin-edge-of-eternities-8\/","url":"https:\/\/theuncommonshop.ch\/fr\/product\/ultimate-guard-sidewinder-100-xenoskin-edge-of-eternities-8\/","name":"Ach\u00e8te Ultimate Guard - Sidewinder 100+ XenoSkin - Edge of Eternities","isPartOf":{"@id":"https:\/\/theuncommonshop.ch\/#website"},"primaryImageOfPage":{"@id":"https:\/\/theuncommonshop.ch\/fr\/product\/ultimate-guard-sidewinder-100-xenoskin-edge-of-eternities-8\/#primaryimage"},"image":{"@id":"https:\/\/theuncommonshop.ch\/fr\/product\/ultimate-guard-sidewinder-100-xenoskin-edge-of-eternities-8\/#primaryimage"},"thumbnailUrl":"https:\/\/theuncommonshop.ch\/wp-content\/uploads\/2025\/12\/5146251897.jpg","datePublished":"2025-12-31T17:23:40+00:00","dateModified":"2026-03-08T17:17:29+00:00","description":"Ach\u00e8te Ultimate Guard - Sidewinder 100+ XenoSkin - Edge of Eternities en ligne maintenant \u00e0 petit prix! Ton #1 shop pour cartes TCG & Pok\u00e9mon en Suisse \u2713 Livraison gratuite d\u00e8s CHF 29","breadcrumb":{"@id":"https:\/\/theuncommonshop.ch\/fr\/product\/ultimate-guard-sidewinder-100-xenoskin-edge-of-eternities-8\/#breadcrumb"},"inLanguage":"fr-FR","potentialAction":[{"@type":"ReadAction","target":["https:\/\/theuncommonshop.ch\/fr\/product\/ultimate-guard-sidewinder-100-xenoskin-edge-of-eternities-8\/"]}]},{"@type":"ImageObject","inLanguage":"fr-FR","@id":"https:\/\/theuncommonshop.ch\/fr\/product\/ultimate-guard-sidewinder-100-xenoskin-edge-of-eternities-8\/#primaryimage","url":"https:\/\/theuncommonshop.ch\/wp-content\/uploads\/2025\/12\/5146251897.jpg","contentUrl":"https:\/\/theuncommonshop.ch\/wp-content\/uploads\/2025\/12\/5146251897.jpg","width":360,"height":540},{"@type":"BreadcrumbList","@id":"https:\/\/theuncommonshop.ch\/fr\/product\/ultimate-guard-sidewinder-100-xenoskin-edge-of-eternities-8\/#breadcrumb","itemListElement":[{"@type":"ListItem","position":1,"name":"Accueil","item":"https:\/\/theuncommonshop.ch\/fr\/accueil\/"},{"@type":"ListItem","position":2,"name":"Boutique","item":"https:\/\/theuncommonshop.ch\/fr\/boutique\/"},{"@type":"ListItem","position":3,"name":"TCG Zubeh\u00f6r","item":"https:\/\/theuncommonshop.ch\/produktkategorie\/tcg-zubehoer\/"},{"@type":"ListItem","position":4,"name":"Aufbewahrung","item":"https:\/\/theuncommonshop.ch\/produktkategorie\/tcg-zubehoer\/aufbewahrung\/"},{"@type":"ListItem","position":5,"name":"Alles","item":"https:\/\/theuncommonshop.ch\/produktkategorie\/tcg-zubehoer\/aufbewahrung\/alle-deckboxen\/"},{"@type":"ListItem","position":6,"name":"Ultimate Guard &#8211; Sidewinder 100+ XenoSkin &#8211; Edge of Eternities"}]},{"@type":"WebSite","@id":"https:\/\/theuncommonshop.ch\/#website","url":"https:\/\/theuncommonshop.ch\/","name":"Largest trading card shop in Switzerland","description":"Magic, Pok\u00e9mon and Yu-gi-oh - The Uncommon Shop","potentialAction":[{"@type":"SearchAction","target":{"@type":"EntryPoint","urlTemplate":"https:\/\/theuncommonshop.ch\/?s={search_term_string}"},"query-input":{"@type":"PropertyValueSpecification","valueRequired":true,"valueName":"search_term_string"}}],"inLanguage":"fr-FR"}]},"og_availability":"instock","product_availability":"instock","product_condition":"new"},"_links":{"self":[{"href":"https:\/\/theuncommonshop.ch\/fr\/wp-json\/wp\/v2\/product\/310148","targetHints":{"allow":["GET"]}}],"collection":[{"href":"https:\/\/theuncommonshop.ch\/fr\/wp-json\/wp\/v2\/product"}],"about":[{"href":"https:\/\/theuncommonshop.ch\/fr\/wp-json\/wp\/v2\/types\/product"}],"replies":[{"embeddable":true,"href":"https:\/\/theuncommonshop.ch\/fr\/wp-json\/wp\/v2\/comments?post=310148"}],"version-history":[{"count":1,"href":"https:\/\/theuncommonshop.ch\/fr\/wp-json\/wp\/v2\/product\/310148\/revisions"}],"predecessor-version":[{"id":310163,"href":"https:\/\/theuncommonshop.ch\/fr\/wp-json\/wp\/v2\/product\/310148\/revisions\/310163"}],"wp:featuredmedia":[{"embeddable":true,"href":"https:\/\/theuncommonshop.ch\/fr\/wp-json\/wp\/v2\/media\/279153"}],"wp:attachment":[{"href":"https:\/\/theuncommonshop.ch\/fr\/wp-json\/wp\/v2\/media?parent=310148"}],"wp:term":[{"taxonomy":"product_brand","embeddable":true,"href":"https:\/\/theuncommonshop.ch\/fr\/wp-json\/wp\/v2\/product_brand?post=310148"},{"taxonomy":"product_cat","embeddable":true,"href":"https:\/\/theuncommonshop.ch\/fr\/wp-json\/wp\/v2\/product_cat?post=310148"},{"taxonomy":"product_tag","embeddable":true,"href":"https:\/\/theuncommonshop.ch\/fr\/wp-json\/wp\/v2\/product_tag?post=310148"}],"curies":[{"name":"wp","href":"https:\/\/api.w.org\/{rel}","templated":true}]}}