{"id":309682,"date":"2026-01-20T12:53:34","date_gmt":"2026-01-20T12:53:34","guid":{"rendered":"http:\/\/theuncommonshop.ch\/produkt\/309682\/"},"modified":"2026-04-10T09:05:55","modified_gmt":"2026-04-10T07:05:55","slug":"ultimate-guard-sidewinder-100-xenoskin-magic-the-gathering-avatar-the-last-airbender-5","status":"publish","type":"product","link":"https:\/\/theuncommonshop.ch\/fr\/product\/ultimate-guard-sidewinder-100-xenoskin-magic-the-gathering-avatar-the-last-airbender-5\/","title":{"rendered":"Ultimate Guard &#8211; Sidewinder 100+ Xenoskin &#8211; Magic : The Gathering Avatar : The Last Airbender"},"content":{"rendered":"<p>Le Sidewinder 100+, fabriqu\u00e9 en Xenoskin r\u00e9sistant, peut contenir jusqu&#8217;\u00e0 100 cartes \u00e0 double sleeve, qui sont conserv\u00e9es en toute s\u00e9curit\u00e9 dans la bo\u00eete de deck gr\u00e2ce \u00e0 une fermeture magn\u00e9tique puissante et \u00e0 l&#8217;int\u00e9rieur en microfibre respectueux. La surface en Xenoskin de haute qualit\u00e9 du Sidewinder est enti\u00e8rement imprim\u00e9e en couleur avec des artworks sous licence officielle de l&#8217;ensemble Magic : The Gathering | Avatar : The Last Airbender. <\/p>\n<ul>\n<li>Peut contenir jusqu&#8217;\u00e0 100 cartes \u00e0 double \u00e9paisseur ou 120+ cartes \u00e0 simple \u00e9paisseur, taille standard<\/li>\n<li>Mat\u00e9riau innovant XenoSkin avec texture antid\u00e9rapante<\/li>\n<li>Doublure int\u00e9rieure en microfibre de qualit\u00e9 sup\u00e9rieure<\/li>\n<li>Les propri\u00e9t\u00e9s antid\u00e9rapantes de la doublure en microfibre permettent d&#8217;ouvrir compl\u00e8tement la pile de cartes.<\/li>\n<li>Lorsqu&#8217;elle est enti\u00e8rement ouverte, la bo\u00eete \u00e0 3 volets reste ouverte des deux c\u00f4t\u00e9s pour faciliter l&#8217;extraction de la couverture<\/li>\n<li>4 aimants pour une fermeture pr\u00e9cise et robuste<\/li>\n<li>Taille : env. 79 x 104 x 88 mm <\/li>\n<\/ul>\n","protected":false},"excerpt":{"rendered":"<p>Le Sidewinder 100+, fabriqu\u00e9 en Xenoskin r\u00e9sistant, peut contenir jusqu&#8217;\u00e0 100 cartes \u00e0 double sleeve, qui sont conserv\u00e9es en toute<\/p>\n","protected":false},"featured_media":280725,"comment_status":"open","ping_status":"closed","template":"","meta":{"_acf_changed":false},"product_brand":[5158,5088,5070],"product_cat":[9975,9859,10257,9967,9979,9867,10259,9877],"product_tag":[],"class_list":{"0":"post-309682","1":"product","2":"type-product","3":"status-publish","4":"has-post-thumbnail","6":"product_brand-magic-the-gathering","7":"product_brand-ultimate-guard","8":"product_brand-wizards-of-the-coast","9":"product_cat-accessoires-pour-cartes-magic","10":"product_cat-accessoires-tcg","11":"product_cat-boites-de-rangement-magic","12":"product_cat-magic-the-gathering-fr","13":"product_cat-petites-boites-de-rangement","14":"product_cat-rangement","15":"product_cat-tout","16":"product_cat-ultimate-guard-fr","18":"first","19":"instock","20":"taxable","21":"shipping-taxable","22":"purchasable","23":"product-type-variable"},"acf":[],"yoast_head":"<!-- This site is optimized with the Yoast SEO plugin v27.5 - https:\/\/yoast.com\/product\/yoast-seo-wordpress\/ -->\n<title>Ach\u00e8te Ultimate Guard - Sidewinder 100+ Xenoskin - Magic : The Gathering Avatar : The Last Airbender<\/title>\n<meta name=\"description\" content=\"Ach\u00e8te Ultimate Guard - Sidewinder 100+ Xenoskin - Magic : The Gathering Avatar : The Last Airbender en ligne maintenant \u00e0 petit prix! Ton #1 shop pour cartes TCG &amp; Pok\u00e9mon en Suisse \u2713 Livraison gratuite d\u00e8s CHF 29\" \/>\n<meta name=\"robots\" content=\"index, follow, max-snippet:-1, max-image-preview:large, max-video-preview:-1\" \/>\n<link rel=\"canonical\" href=\"https:\/\/theuncommonshop.ch\/fr\/product\/ultimate-guard-sidewinder-100-xenoskin-magic-the-gathering-avatar-the-last-airbender-5\/\" \/>\n<meta property=\"og:locale\" content=\"fr_FR\" \/>\n<meta property=\"og:type\" content=\"article\" \/>\n<meta property=\"og:title\" content=\"Ach\u00e8te Ultimate Guard - Sidewinder 100+ Xenoskin - Magic : The Gathering Avatar : The Last Airbender\" \/>\n<meta property=\"og:description\" content=\"Ach\u00e8te Ultimate Guard - Sidewinder 100+ Xenoskin - Magic : The Gathering Avatar : The Last Airbender en ligne maintenant \u00e0 petit prix! Ton #1 shop pour cartes TCG &amp; Pok\u00e9mon en Suisse \u2713 Livraison gratuite d\u00e8s CHF 29\" \/>\n<meta property=\"og:url\" content=\"https:\/\/theuncommonshop.ch\/fr\/product\/ultimate-guard-sidewinder-100-xenoskin-magic-the-gathering-avatar-the-last-airbender-5\/\" \/>\n<meta property=\"og:site_name\" content=\"The Uncommon Shop\" \/>\n<meta property=\"article:modified_time\" content=\"2026-04-10T07:05:55+00:00\" \/>\n<meta property=\"og:image\" content=\"https:\/\/theuncommonshop.ch\/wp-content\/uploads\/2025\/12\/5423101890.jpg\" \/>\n\t<meta property=\"og:image:width\" content=\"1000\" \/>\n\t<meta property=\"og:image:height\" content=\"1000\" \/>\n\t<meta property=\"og:image:type\" content=\"image\/jpeg\" \/>\n<meta name=\"twitter:card\" content=\"summary_large_image\" \/>\n<meta name=\"twitter:label1\" content=\"Disponibilit\u00e9\" \/>\n\t<meta name=\"twitter:data1\" content=\"En stock\" \/>\n<script type=\"application\/ld+json\" class=\"yoast-schema-graph\">{\"@context\":\"https:\\\/\\\/schema.org\",\"@graph\":[{\"@type\":\"WebPage\",\"@id\":\"https:\\\/\\\/theuncommonshop.ch\\\/fr\\\/product\\\/ultimate-guard-sidewinder-100-xenoskin-magic-the-gathering-avatar-the-last-airbender-5\\\/\",\"url\":\"https:\\\/\\\/theuncommonshop.ch\\\/fr\\\/product\\\/ultimate-guard-sidewinder-100-xenoskin-magic-the-gathering-avatar-the-last-airbender-5\\\/\",\"name\":\"Ach\u00e8te Ultimate Guard - Sidewinder 100+ Xenoskin - Magic : The Gathering Avatar : The Last Airbender\",\"isPartOf\":{\"@id\":\"https:\\\/\\\/theuncommonshop.ch\\\/fr\\\/#website\"},\"primaryImageOfPage\":{\"@id\":\"https:\\\/\\\/theuncommonshop.ch\\\/fr\\\/product\\\/ultimate-guard-sidewinder-100-xenoskin-magic-the-gathering-avatar-the-last-airbender-5\\\/#primaryimage\"},\"image\":{\"@id\":\"https:\\\/\\\/theuncommonshop.ch\\\/fr\\\/product\\\/ultimate-guard-sidewinder-100-xenoskin-magic-the-gathering-avatar-the-last-airbender-5\\\/#primaryimage\"},\"thumbnailUrl\":\"https:\\\/\\\/theuncommonshop.ch\\\/wp-content\\\/uploads\\\/2025\\\/12\\\/5423101890.jpg\",\"datePublished\":\"2026-01-20T12:53:34+00:00\",\"dateModified\":\"2026-04-10T07:05:55+00:00\",\"description\":\"Ach\u00e8te Ultimate Guard - Sidewinder 100+ Xenoskin - Magic : The Gathering Avatar : The Last Airbender en ligne maintenant \u00e0 petit prix! Ton #1 shop pour cartes TCG & Pok\u00e9mon en Suisse \u2713 Livraison gratuite d\u00e8s CHF 29\",\"breadcrumb\":{\"@id\":\"https:\\\/\\\/theuncommonshop.ch\\\/fr\\\/product\\\/ultimate-guard-sidewinder-100-xenoskin-magic-the-gathering-avatar-the-last-airbender-5\\\/#breadcrumb\"},\"inLanguage\":\"fr-FR\",\"potentialAction\":[{\"@type\":\"ReadAction\",\"target\":[\"https:\\\/\\\/theuncommonshop.ch\\\/fr\\\/product\\\/ultimate-guard-sidewinder-100-xenoskin-magic-the-gathering-avatar-the-last-airbender-5\\\/\"]}]},{\"@type\":\"ImageObject\",\"inLanguage\":\"fr-FR\",\"@id\":\"https:\\\/\\\/theuncommonshop.ch\\\/fr\\\/product\\\/ultimate-guard-sidewinder-100-xenoskin-magic-the-gathering-avatar-the-last-airbender-5\\\/#primaryimage\",\"url\":\"https:\\\/\\\/theuncommonshop.ch\\\/wp-content\\\/uploads\\\/2025\\\/12\\\/5423101890.jpg\",\"contentUrl\":\"https:\\\/\\\/theuncommonshop.ch\\\/wp-content\\\/uploads\\\/2025\\\/12\\\/5423101890.jpg\",\"width\":1000,\"height\":1000},{\"@type\":\"BreadcrumbList\",\"@id\":\"https:\\\/\\\/theuncommonshop.ch\\\/fr\\\/product\\\/ultimate-guard-sidewinder-100-xenoskin-magic-the-gathering-avatar-the-last-airbender-5\\\/#breadcrumb\",\"itemListElement\":[{\"@type\":\"ListItem\",\"position\":1,\"name\":\"Accueil\",\"item\":\"https:\\\/\\\/theuncommonshop.ch\\\/fr\\\/accueil\\\/\"},{\"@type\":\"ListItem\",\"position\":2,\"name\":\"Boutique\",\"item\":\"https:\\\/\\\/theuncommonshop.ch\\\/fr\\\/boutique\\\/\"},{\"@type\":\"ListItem\",\"position\":3,\"name\":\"Accessoires TCG\",\"item\":\"https:\\\/\\\/theuncommonshop.ch\\\/fr\\\/categorie-produit\\\/accessoires-tcg\\\/\"},{\"@type\":\"ListItem\",\"position\":4,\"name\":\"Rangement\",\"item\":\"https:\\\/\\\/theuncommonshop.ch\\\/fr\\\/categorie-produit\\\/accessoires-tcg\\\/rangement\\\/\"},{\"@type\":\"ListItem\",\"position\":5,\"name\":\"Tout\",\"item\":\"https:\\\/\\\/theuncommonshop.ch\\\/fr\\\/categorie-produit\\\/accessoires-tcg\\\/rangement\\\/tout\\\/\"},{\"@type\":\"ListItem\",\"position\":6,\"name\":\"Ultimate Guard &#8211; Sidewinder 100+ Xenoskin &#8211; Magic : The Gathering Avatar : The Last Airbender\"}]},{\"@type\":\"WebSite\",\"@id\":\"https:\\\/\\\/theuncommonshop.ch\\\/fr\\\/#website\",\"url\":\"https:\\\/\\\/theuncommonshop.ch\\\/fr\\\/\",\"name\":\"The Uncommon Shop\",\"description\":\"Magic, Pok\u00e9mon and Yu-gi-oh - The Uncommon Shop\",\"potentialAction\":[{\"@type\":\"SearchAction\",\"target\":{\"@type\":\"EntryPoint\",\"urlTemplate\":\"https:\\\/\\\/theuncommonshop.ch\\\/fr\\\/?s={search_term_string}\"},\"query-input\":{\"@type\":\"PropertyValueSpecification\",\"valueRequired\":true,\"valueName\":\"search_term_string\"}}],\"inLanguage\":\"fr-FR\"}]}<\/script>\n<meta property=\"og:availability\" content=\"instock\" \/>\n<meta property=\"product:availability\" content=\"instock\" \/>\n<meta property=\"product:condition\" content=\"new\" \/>\n<!-- \/ Yoast SEO plugin. -->","yoast_head_json":{"title":"Ach\u00e8te Ultimate Guard - Sidewinder 100+ Xenoskin - Magic : The Gathering Avatar : The Last Airbender","description":"Ach\u00e8te Ultimate Guard - Sidewinder 100+ Xenoskin - Magic : The Gathering Avatar : The Last Airbender en ligne maintenant \u00e0 petit prix! Ton #1 shop pour cartes TCG & Pok\u00e9mon en Suisse \u2713 Livraison gratuite d\u00e8s CHF 29","robots":{"index":"index","follow":"follow","max-snippet":"max-snippet:-1","max-image-preview":"max-image-preview:large","max-video-preview":"max-video-preview:-1"},"canonical":"https:\/\/theuncommonshop.ch\/fr\/product\/ultimate-guard-sidewinder-100-xenoskin-magic-the-gathering-avatar-the-last-airbender-5\/","og_locale":"fr_FR","og_type":"article","og_title":"Ach\u00e8te Ultimate Guard - Sidewinder 100+ Xenoskin - Magic : The Gathering Avatar : The Last Airbender","og_description":"Ach\u00e8te Ultimate Guard - Sidewinder 100+ Xenoskin - Magic : The Gathering Avatar : The Last Airbender en ligne maintenant \u00e0 petit prix! Ton #1 shop pour cartes TCG & Pok\u00e9mon en Suisse \u2713 Livraison gratuite d\u00e8s CHF 29","og_url":"https:\/\/theuncommonshop.ch\/fr\/product\/ultimate-guard-sidewinder-100-xenoskin-magic-the-gathering-avatar-the-last-airbender-5\/","og_site_name":"The Uncommon Shop","article_modified_time":"2026-04-10T07:05:55+00:00","og_image":[{"width":1000,"height":1000,"url":"https:\/\/theuncommonshop.ch\/wp-content\/uploads\/2025\/12\/5423101890.jpg","type":"image\/jpeg"}],"twitter_card":"summary_large_image","twitter_misc":{"Disponibilit\u00e9":"En stock"},"schema":{"@context":"https:\/\/schema.org","@graph":[{"@type":"WebPage","@id":"https:\/\/theuncommonshop.ch\/fr\/product\/ultimate-guard-sidewinder-100-xenoskin-magic-the-gathering-avatar-the-last-airbender-5\/","url":"https:\/\/theuncommonshop.ch\/fr\/product\/ultimate-guard-sidewinder-100-xenoskin-magic-the-gathering-avatar-the-last-airbender-5\/","name":"Ach\u00e8te Ultimate Guard - Sidewinder 100+ Xenoskin - Magic : The Gathering Avatar : The Last Airbender","isPartOf":{"@id":"https:\/\/theuncommonshop.ch\/fr\/#website"},"primaryImageOfPage":{"@id":"https:\/\/theuncommonshop.ch\/fr\/product\/ultimate-guard-sidewinder-100-xenoskin-magic-the-gathering-avatar-the-last-airbender-5\/#primaryimage"},"image":{"@id":"https:\/\/theuncommonshop.ch\/fr\/product\/ultimate-guard-sidewinder-100-xenoskin-magic-the-gathering-avatar-the-last-airbender-5\/#primaryimage"},"thumbnailUrl":"https:\/\/theuncommonshop.ch\/wp-content\/uploads\/2025\/12\/5423101890.jpg","datePublished":"2026-01-20T12:53:34+00:00","dateModified":"2026-04-10T07:05:55+00:00","description":"Ach\u00e8te Ultimate Guard - Sidewinder 100+ Xenoskin - Magic : The Gathering Avatar : The Last Airbender en ligne maintenant \u00e0 petit prix! Ton #1 shop pour cartes TCG & Pok\u00e9mon en Suisse \u2713 Livraison gratuite d\u00e8s CHF 29","breadcrumb":{"@id":"https:\/\/theuncommonshop.ch\/fr\/product\/ultimate-guard-sidewinder-100-xenoskin-magic-the-gathering-avatar-the-last-airbender-5\/#breadcrumb"},"inLanguage":"fr-FR","potentialAction":[{"@type":"ReadAction","target":["https:\/\/theuncommonshop.ch\/fr\/product\/ultimate-guard-sidewinder-100-xenoskin-magic-the-gathering-avatar-the-last-airbender-5\/"]}]},{"@type":"ImageObject","inLanguage":"fr-FR","@id":"https:\/\/theuncommonshop.ch\/fr\/product\/ultimate-guard-sidewinder-100-xenoskin-magic-the-gathering-avatar-the-last-airbender-5\/#primaryimage","url":"https:\/\/theuncommonshop.ch\/wp-content\/uploads\/2025\/12\/5423101890.jpg","contentUrl":"https:\/\/theuncommonshop.ch\/wp-content\/uploads\/2025\/12\/5423101890.jpg","width":1000,"height":1000},{"@type":"BreadcrumbList","@id":"https:\/\/theuncommonshop.ch\/fr\/product\/ultimate-guard-sidewinder-100-xenoskin-magic-the-gathering-avatar-the-last-airbender-5\/#breadcrumb","itemListElement":[{"@type":"ListItem","position":1,"name":"Accueil","item":"https:\/\/theuncommonshop.ch\/fr\/accueil\/"},{"@type":"ListItem","position":2,"name":"Boutique","item":"https:\/\/theuncommonshop.ch\/fr\/boutique\/"},{"@type":"ListItem","position":3,"name":"Accessoires TCG","item":"https:\/\/theuncommonshop.ch\/fr\/categorie-produit\/accessoires-tcg\/"},{"@type":"ListItem","position":4,"name":"Rangement","item":"https:\/\/theuncommonshop.ch\/fr\/categorie-produit\/accessoires-tcg\/rangement\/"},{"@type":"ListItem","position":5,"name":"Tout","item":"https:\/\/theuncommonshop.ch\/fr\/categorie-produit\/accessoires-tcg\/rangement\/tout\/"},{"@type":"ListItem","position":6,"name":"Ultimate Guard &#8211; Sidewinder 100+ Xenoskin &#8211; Magic : The Gathering Avatar : The Last Airbender"}]},{"@type":"WebSite","@id":"https:\/\/theuncommonshop.ch\/fr\/#website","url":"https:\/\/theuncommonshop.ch\/fr\/","name":"The Uncommon Shop","description":"Magic, Pok\u00e9mon and Yu-gi-oh - The Uncommon Shop","potentialAction":[{"@type":"SearchAction","target":{"@type":"EntryPoint","urlTemplate":"https:\/\/theuncommonshop.ch\/fr\/?s={search_term_string}"},"query-input":{"@type":"PropertyValueSpecification","valueRequired":true,"valueName":"search_term_string"}}],"inLanguage":"fr-FR"}]},"og_availability":"instock","product_availability":"instock","product_condition":"new"},"_links":{"self":[{"href":"https:\/\/theuncommonshop.ch\/fr\/wp-json\/wp\/v2\/product\/309682","targetHints":{"allow":["GET"]}}],"collection":[{"href":"https:\/\/theuncommonshop.ch\/fr\/wp-json\/wp\/v2\/product"}],"about":[{"href":"https:\/\/theuncommonshop.ch\/fr\/wp-json\/wp\/v2\/types\/product"}],"replies":[{"embeddable":true,"href":"https:\/\/theuncommonshop.ch\/fr\/wp-json\/wp\/v2\/comments?post=309682"}],"version-history":[{"count":0,"href":"https:\/\/theuncommonshop.ch\/fr\/wp-json\/wp\/v2\/product\/309682\/revisions"}],"wp:featuredmedia":[{"embeddable":true,"href":"https:\/\/theuncommonshop.ch\/fr\/wp-json\/wp\/v2\/media\/280725"}],"wp:attachment":[{"href":"https:\/\/theuncommonshop.ch\/fr\/wp-json\/wp\/v2\/media?parent=309682"}],"wp:term":[{"taxonomy":"product_brand","embeddable":true,"href":"https:\/\/theuncommonshop.ch\/fr\/wp-json\/wp\/v2\/product_brand?post=309682"},{"taxonomy":"product_cat","embeddable":true,"href":"https:\/\/theuncommonshop.ch\/fr\/wp-json\/wp\/v2\/product_cat?post=309682"},{"taxonomy":"product_tag","embeddable":true,"href":"https:\/\/theuncommonshop.ch\/fr\/wp-json\/wp\/v2\/product_tag?post=309682"}],"curies":[{"name":"wp","href":"https:\/\/api.w.org\/{rel}","templated":true}]}}