{"id":309588,"date":"2026-01-20T12:43:54","date_gmt":"2026-01-20T12:43:54","guid":{"rendered":"http:\/\/theuncommonshop.ch\/produkt\/309588\/"},"modified":"2026-04-15T17:38:40","modified_gmt":"2026-04-15T15:38:40","slug":"ultimate-guard-squaroes-collectors-case-1000-xenoskin-dc-batman-gotham-city-batmobile-2","status":"publish","type":"product","link":"https:\/\/theuncommonshop.ch\/fr\/product\/ultimate-guard-squaroes-collectors-case-1000-xenoskin-dc-batman-gotham-city-batmobile-2\/","title":{"rendered":"Ultimate Guard &#8211; Squaroes Collectors Case 1000+ Xenoskin &#8211; DC Batman: Gotham City &#8211; Batmobile"},"content":{"rendered":"<div>Squaroes &#8211; Collectors Case DC Batman : Gotham City &#8211; Batmobile<\/div>\n<div>Bo\u00eetes de cartes DC Comics<\/div>\n<p>La bo\u00eete de rangement parfaite pour plusieurs decks TCG, cartes \u00e0 collectionner &#8211; et bien s\u00fbr votre collection de Squaroes ! La Collectors Case &#8220;Batmobile&#8221; de l&#8217;\u00e9dition Batman : Gotham City est la maison parfaite pour jusqu&#8217;\u00e0 huit bo\u00eetes de Squaroes, des cartes \u00e0 jouer individuelles (jusqu&#8217;\u00e0 1000 dans la double protection) ou des accessoires de jeu de toutes sortes. Le mat\u00e9riau Xenoskin r\u00e9sistant et imprim\u00e9 en couleur et la fermeture magn\u00e9tique robuste avec m\u00e9canisme ZnapClaw garantissent la s\u00e9curit\u00e9 de tous les contenus. <\/p>\n","protected":false},"excerpt":{"rendered":"<p>Squaroes &#8211; Collectors Case DC Batman : Gotham City &#8211; Batmobile Bo\u00eetes de cartes DC Comics La bo\u00eete de rangement<\/p>\n","protected":false},"featured_media":258479,"comment_status":"open","ping_status":"closed","template":"","meta":{"_acf_changed":false},"product_brand":[5088],"product_cat":[9859,10257,9875,9867,9877],"product_tag":[],"class_list":{"0":"post-309588","1":"product","2":"type-product","3":"status-publish","4":"has-post-thumbnail","6":"product_brand-ultimate-guard","7":"product_cat-accessoires-tcg","8":"product_cat-boites-de-rangement-magic","9":"product_cat-grandes-boites-de-rangement","10":"product_cat-rangement","11":"product_cat-ultimate-guard-fr","13":"first","14":"instock","15":"taxable","16":"shipping-taxable","17":"purchasable","18":"product-type-simple"},"acf":[],"yoast_head":"<!-- This site is optimized with the Yoast SEO plugin v27.4 - https:\/\/yoast.com\/product\/yoast-seo-wordpress\/ -->\n<title>Ach\u00e8te Ultimate Guard - Squaroes Collectors Case 1000+ Xenoskin - DC Batman: Gotham City - Batmobile<\/title>\n<meta name=\"description\" content=\"Ach\u00e8te Ultimate Guard - Squaroes Collectors Case 1000+ Xenoskin - DC Batman: Gotham City - Batmobile en ligne maintenant \u00e0 petit prix! Ton #1 shop pour cartes TCG &amp; Pok\u00e9mon en Suisse \u2713 Livraison gratuite d\u00e8s CHF 29\" \/>\n<meta name=\"robots\" content=\"index, follow, max-snippet:-1, max-image-preview:large, max-video-preview:-1\" \/>\n<link rel=\"canonical\" href=\"https:\/\/theuncommonshop.ch\/fr\/product\/ultimate-guard-squaroes-collectors-case-1000-xenoskin-dc-batman-gotham-city-batmobile-2\/\" \/>\n<meta property=\"og:locale\" content=\"fr_FR\" \/>\n<meta property=\"og:type\" content=\"article\" \/>\n<meta property=\"og:title\" content=\"Ach\u00e8te Ultimate Guard - Squaroes Collectors Case 1000+ Xenoskin - DC Batman: Gotham City - Batmobile\" \/>\n<meta property=\"og:description\" content=\"Ach\u00e8te Ultimate Guard - Squaroes Collectors Case 1000+ Xenoskin - DC Batman: Gotham City - Batmobile en ligne maintenant \u00e0 petit prix! Ton #1 shop pour cartes TCG &amp; Pok\u00e9mon en Suisse \u2713 Livraison gratuite d\u00e8s CHF 29\" \/>\n<meta property=\"og:url\" content=\"https:\/\/theuncommonshop.ch\/fr\/product\/ultimate-guard-squaroes-collectors-case-1000-xenoskin-dc-batman-gotham-city-batmobile-2\/\" \/>\n<meta property=\"og:site_name\" content=\"Largest trading card shop in Switzerland\" \/>\n<meta property=\"article:modified_time\" content=\"2026-04-15T15:38:40+00:00\" \/>\n<meta property=\"og:image\" content=\"https:\/\/theuncommonshop.ch\/wp-content\/uploads\/2025\/12\/5033296382.jpg\" \/>\n\t<meta property=\"og:image:width\" content=\"1000\" \/>\n\t<meta property=\"og:image:height\" content=\"1000\" \/>\n\t<meta property=\"og:image:type\" content=\"image\/jpeg\" \/>\n<meta name=\"twitter:card\" content=\"summary_large_image\" \/>\n<meta name=\"twitter:label1\" content=\"Prix\" \/>\n\t<meta name=\"twitter:data1\" content=\"&#067;&#072;&#070;&nbsp;69.95\" \/>\n\t<meta name=\"twitter:label2\" content=\"Disponibilit\u00e9\" \/>\n\t<meta name=\"twitter:data2\" content=\"En stock\" \/>\n<script type=\"application\/ld+json\" class=\"yoast-schema-graph\">{\"@context\":\"https:\\\/\\\/schema.org\",\"@graph\":[{\"@type\":\"WebPage\",\"@id\":\"https:\\\/\\\/theuncommonshop.ch\\\/fr\\\/product\\\/ultimate-guard-squaroes-collectors-case-1000-xenoskin-dc-batman-gotham-city-batmobile-2\\\/\",\"url\":\"https:\\\/\\\/theuncommonshop.ch\\\/fr\\\/product\\\/ultimate-guard-squaroes-collectors-case-1000-xenoskin-dc-batman-gotham-city-batmobile-2\\\/\",\"name\":\"Ach\u00e8te Ultimate Guard - Squaroes Collectors Case 1000+ Xenoskin - DC Batman: Gotham City - Batmobile\",\"isPartOf\":{\"@id\":\"https:\\\/\\\/theuncommonshop.ch\\\/#website\"},\"primaryImageOfPage\":{\"@id\":\"https:\\\/\\\/theuncommonshop.ch\\\/fr\\\/product\\\/ultimate-guard-squaroes-collectors-case-1000-xenoskin-dc-batman-gotham-city-batmobile-2\\\/#primaryimage\"},\"image\":{\"@id\":\"https:\\\/\\\/theuncommonshop.ch\\\/fr\\\/product\\\/ultimate-guard-squaroes-collectors-case-1000-xenoskin-dc-batman-gotham-city-batmobile-2\\\/#primaryimage\"},\"thumbnailUrl\":\"https:\\\/\\\/theuncommonshop.ch\\\/wp-content\\\/uploads\\\/2025\\\/12\\\/5033296382.jpg\",\"datePublished\":\"2026-01-20T12:43:54+00:00\",\"dateModified\":\"2026-04-15T15:38:40+00:00\",\"description\":\"Ach\u00e8te Ultimate Guard - Squaroes Collectors Case 1000+ Xenoskin - DC Batman: Gotham City - Batmobile en ligne maintenant \u00e0 petit prix! Ton #1 shop pour cartes TCG & Pok\u00e9mon en Suisse \u2713 Livraison gratuite d\u00e8s CHF 29\",\"breadcrumb\":{\"@id\":\"https:\\\/\\\/theuncommonshop.ch\\\/fr\\\/product\\\/ultimate-guard-squaroes-collectors-case-1000-xenoskin-dc-batman-gotham-city-batmobile-2\\\/#breadcrumb\"},\"inLanguage\":\"fr-FR\",\"potentialAction\":[{\"@type\":\"ReadAction\",\"target\":[\"https:\\\/\\\/theuncommonshop.ch\\\/fr\\\/product\\\/ultimate-guard-squaroes-collectors-case-1000-xenoskin-dc-batman-gotham-city-batmobile-2\\\/\"]}]},{\"@type\":\"ImageObject\",\"inLanguage\":\"fr-FR\",\"@id\":\"https:\\\/\\\/theuncommonshop.ch\\\/fr\\\/product\\\/ultimate-guard-squaroes-collectors-case-1000-xenoskin-dc-batman-gotham-city-batmobile-2\\\/#primaryimage\",\"url\":\"https:\\\/\\\/theuncommonshop.ch\\\/wp-content\\\/uploads\\\/2025\\\/12\\\/5033296382.jpg\",\"contentUrl\":\"https:\\\/\\\/theuncommonshop.ch\\\/wp-content\\\/uploads\\\/2025\\\/12\\\/5033296382.jpg\",\"width\":1000,\"height\":1000},{\"@type\":\"BreadcrumbList\",\"@id\":\"https:\\\/\\\/theuncommonshop.ch\\\/fr\\\/product\\\/ultimate-guard-squaroes-collectors-case-1000-xenoskin-dc-batman-gotham-city-batmobile-2\\\/#breadcrumb\",\"itemListElement\":[{\"@type\":\"ListItem\",\"position\":1,\"name\":\"Accueil\",\"item\":\"https:\\\/\\\/theuncommonshop.ch\\\/fr\\\/accueil\\\/\"},{\"@type\":\"ListItem\",\"position\":2,\"name\":\"Boutique\",\"item\":\"https:\\\/\\\/theuncommonshop.ch\\\/fr\\\/boutique\\\/\"},{\"@type\":\"ListItem\",\"position\":3,\"name\":\"TCG Zubeh\u00f6r\",\"item\":\"https:\\\/\\\/theuncommonshop.ch\\\/produktkategorie\\\/tcg-zubehoer\\\/\"},{\"@type\":\"ListItem\",\"position\":4,\"name\":\"Aufbewahrung\",\"item\":\"https:\\\/\\\/theuncommonshop.ch\\\/produktkategorie\\\/tcg-zubehoer\\\/aufbewahrung\\\/\"},{\"@type\":\"ListItem\",\"position\":5,\"name\":\"Deckboxen Gross\",\"item\":\"https:\\\/\\\/theuncommonshop.ch\\\/produktkategorie\\\/tcg-zubehoer\\\/aufbewahrung\\\/deckboxen\\\/\"},{\"@type\":\"ListItem\",\"position\":6,\"name\":\"Ultimate Guard &#8211; Squaroes Collectors Case 1000+ Xenoskin &#8211; DC Batman: Gotham City &#8211; Batmobile\"}]},{\"@type\":\"WebSite\",\"@id\":\"https:\\\/\\\/theuncommonshop.ch\\\/#website\",\"url\":\"https:\\\/\\\/theuncommonshop.ch\\\/\",\"name\":\"Largest trading card shop in Switzerland\",\"description\":\"Magic, Pok\u00e9mon and Yu-gi-oh - The Uncommon Shop\",\"potentialAction\":[{\"@type\":\"SearchAction\",\"target\":{\"@type\":\"EntryPoint\",\"urlTemplate\":\"https:\\\/\\\/theuncommonshop.ch\\\/?s={search_term_string}\"},\"query-input\":{\"@type\":\"PropertyValueSpecification\",\"valueRequired\":true,\"valueName\":\"search_term_string\"}}],\"inLanguage\":\"fr-FR\"}]}<\/script>\n<meta property=\"product:price:amount\" content=\"69.95\" \/>\n<meta property=\"product:price:currency\" content=\"CHF\" \/>\n<meta property=\"og:availability\" content=\"instock\" \/>\n<meta property=\"product:availability\" content=\"instock\" \/>\n<meta property=\"product:retailer_item_id\" content=\"ZU.XIII.E.1000XenoskinBatmobile\" \/>\n<meta property=\"product:condition\" content=\"new\" \/>\n<!-- \/ Yoast SEO plugin. -->","yoast_head_json":{"title":"Ach\u00e8te Ultimate Guard - Squaroes Collectors Case 1000+ Xenoskin - DC Batman: Gotham City - Batmobile","description":"Ach\u00e8te Ultimate Guard - Squaroes Collectors Case 1000+ Xenoskin - DC Batman: Gotham City - Batmobile en ligne maintenant \u00e0 petit prix! Ton #1 shop pour cartes TCG & Pok\u00e9mon en Suisse \u2713 Livraison gratuite d\u00e8s CHF 29","robots":{"index":"index","follow":"follow","max-snippet":"max-snippet:-1","max-image-preview":"max-image-preview:large","max-video-preview":"max-video-preview:-1"},"canonical":"https:\/\/theuncommonshop.ch\/fr\/product\/ultimate-guard-squaroes-collectors-case-1000-xenoskin-dc-batman-gotham-city-batmobile-2\/","og_locale":"fr_FR","og_type":"article","og_title":"Ach\u00e8te Ultimate Guard - Squaroes Collectors Case 1000+ Xenoskin - DC Batman: Gotham City - Batmobile","og_description":"Ach\u00e8te Ultimate Guard - Squaroes Collectors Case 1000+ Xenoskin - DC Batman: Gotham City - Batmobile en ligne maintenant \u00e0 petit prix! Ton #1 shop pour cartes TCG & Pok\u00e9mon en Suisse \u2713 Livraison gratuite d\u00e8s CHF 29","og_url":"https:\/\/theuncommonshop.ch\/fr\/product\/ultimate-guard-squaroes-collectors-case-1000-xenoskin-dc-batman-gotham-city-batmobile-2\/","og_site_name":"Largest trading card shop in Switzerland","article_modified_time":"2026-04-15T15:38:40+00:00","og_image":[{"width":1000,"height":1000,"url":"https:\/\/theuncommonshop.ch\/wp-content\/uploads\/2025\/12\/5033296382.jpg","type":"image\/jpeg"}],"twitter_card":"summary_large_image","twitter_misc":{"Prix":"&#67;&#72;&#70;&nbsp;69.95","Disponibilit\u00e9":"En stock"},"schema":{"@context":"https:\/\/schema.org","@graph":[{"@type":"WebPage","@id":"https:\/\/theuncommonshop.ch\/fr\/product\/ultimate-guard-squaroes-collectors-case-1000-xenoskin-dc-batman-gotham-city-batmobile-2\/","url":"https:\/\/theuncommonshop.ch\/fr\/product\/ultimate-guard-squaroes-collectors-case-1000-xenoskin-dc-batman-gotham-city-batmobile-2\/","name":"Ach\u00e8te Ultimate Guard - Squaroes Collectors Case 1000+ Xenoskin - DC Batman: Gotham City - Batmobile","isPartOf":{"@id":"https:\/\/theuncommonshop.ch\/#website"},"primaryImageOfPage":{"@id":"https:\/\/theuncommonshop.ch\/fr\/product\/ultimate-guard-squaroes-collectors-case-1000-xenoskin-dc-batman-gotham-city-batmobile-2\/#primaryimage"},"image":{"@id":"https:\/\/theuncommonshop.ch\/fr\/product\/ultimate-guard-squaroes-collectors-case-1000-xenoskin-dc-batman-gotham-city-batmobile-2\/#primaryimage"},"thumbnailUrl":"https:\/\/theuncommonshop.ch\/wp-content\/uploads\/2025\/12\/5033296382.jpg","datePublished":"2026-01-20T12:43:54+00:00","dateModified":"2026-04-15T15:38:40+00:00","description":"Ach\u00e8te Ultimate Guard - Squaroes Collectors Case 1000+ Xenoskin - DC Batman: Gotham City - Batmobile en ligne maintenant \u00e0 petit prix! Ton #1 shop pour cartes TCG & Pok\u00e9mon en Suisse \u2713 Livraison gratuite d\u00e8s CHF 29","breadcrumb":{"@id":"https:\/\/theuncommonshop.ch\/fr\/product\/ultimate-guard-squaroes-collectors-case-1000-xenoskin-dc-batman-gotham-city-batmobile-2\/#breadcrumb"},"inLanguage":"fr-FR","potentialAction":[{"@type":"ReadAction","target":["https:\/\/theuncommonshop.ch\/fr\/product\/ultimate-guard-squaroes-collectors-case-1000-xenoskin-dc-batman-gotham-city-batmobile-2\/"]}]},{"@type":"ImageObject","inLanguage":"fr-FR","@id":"https:\/\/theuncommonshop.ch\/fr\/product\/ultimate-guard-squaroes-collectors-case-1000-xenoskin-dc-batman-gotham-city-batmobile-2\/#primaryimage","url":"https:\/\/theuncommonshop.ch\/wp-content\/uploads\/2025\/12\/5033296382.jpg","contentUrl":"https:\/\/theuncommonshop.ch\/wp-content\/uploads\/2025\/12\/5033296382.jpg","width":1000,"height":1000},{"@type":"BreadcrumbList","@id":"https:\/\/theuncommonshop.ch\/fr\/product\/ultimate-guard-squaroes-collectors-case-1000-xenoskin-dc-batman-gotham-city-batmobile-2\/#breadcrumb","itemListElement":[{"@type":"ListItem","position":1,"name":"Accueil","item":"https:\/\/theuncommonshop.ch\/fr\/accueil\/"},{"@type":"ListItem","position":2,"name":"Boutique","item":"https:\/\/theuncommonshop.ch\/fr\/boutique\/"},{"@type":"ListItem","position":3,"name":"TCG Zubeh\u00f6r","item":"https:\/\/theuncommonshop.ch\/produktkategorie\/tcg-zubehoer\/"},{"@type":"ListItem","position":4,"name":"Aufbewahrung","item":"https:\/\/theuncommonshop.ch\/produktkategorie\/tcg-zubehoer\/aufbewahrung\/"},{"@type":"ListItem","position":5,"name":"Deckboxen Gross","item":"https:\/\/theuncommonshop.ch\/produktkategorie\/tcg-zubehoer\/aufbewahrung\/deckboxen\/"},{"@type":"ListItem","position":6,"name":"Ultimate Guard &#8211; Squaroes Collectors Case 1000+ Xenoskin &#8211; DC Batman: Gotham City &#8211; Batmobile"}]},{"@type":"WebSite","@id":"https:\/\/theuncommonshop.ch\/#website","url":"https:\/\/theuncommonshop.ch\/","name":"Largest trading card shop in Switzerland","description":"Magic, Pok\u00e9mon and Yu-gi-oh - The Uncommon Shop","potentialAction":[{"@type":"SearchAction","target":{"@type":"EntryPoint","urlTemplate":"https:\/\/theuncommonshop.ch\/?s={search_term_string}"},"query-input":{"@type":"PropertyValueSpecification","valueRequired":true,"valueName":"search_term_string"}}],"inLanguage":"fr-FR"}]},"product_price_amount":"69.95","product_price_currency":"CHF","og_availability":"instock","product_availability":"instock","product_retailer_item_id":"ZU.XIII.E.1000XenoskinBatmobile","product_condition":"new"},"_links":{"self":[{"href":"https:\/\/theuncommonshop.ch\/fr\/wp-json\/wp\/v2\/product\/309588","targetHints":{"allow":["GET"]}}],"collection":[{"href":"https:\/\/theuncommonshop.ch\/fr\/wp-json\/wp\/v2\/product"}],"about":[{"href":"https:\/\/theuncommonshop.ch\/fr\/wp-json\/wp\/v2\/types\/product"}],"replies":[{"embeddable":true,"href":"https:\/\/theuncommonshop.ch\/fr\/wp-json\/wp\/v2\/comments?post=309588"}],"version-history":[{"count":1,"href":"https:\/\/theuncommonshop.ch\/fr\/wp-json\/wp\/v2\/product\/309588\/revisions"}],"predecessor-version":[{"id":309590,"href":"https:\/\/theuncommonshop.ch\/fr\/wp-json\/wp\/v2\/product\/309588\/revisions\/309590"}],"wp:featuredmedia":[{"embeddable":true,"href":"https:\/\/theuncommonshop.ch\/fr\/wp-json\/wp\/v2\/media\/258479"}],"wp:attachment":[{"href":"https:\/\/theuncommonshop.ch\/fr\/wp-json\/wp\/v2\/media?parent=309588"}],"wp:term":[{"taxonomy":"product_brand","embeddable":true,"href":"https:\/\/theuncommonshop.ch\/fr\/wp-json\/wp\/v2\/product_brand?post=309588"},{"taxonomy":"product_cat","embeddable":true,"href":"https:\/\/theuncommonshop.ch\/fr\/wp-json\/wp\/v2\/product_cat?post=309588"},{"taxonomy":"product_tag","embeddable":true,"href":"https:\/\/theuncommonshop.ch\/fr\/wp-json\/wp\/v2\/product_tag?post=309588"}],"curies":[{"name":"wp","href":"https:\/\/api.w.org\/{rel}","templated":true}]}}