{"id":309571,"date":"2026-01-20T12:42:33","date_gmt":"2026-01-20T12:42:33","guid":{"rendered":"http:\/\/theuncommonshop.ch\/produkt\/309571\/"},"modified":"2026-03-08T17:25:52","modified_gmt":"2026-03-08T16:25:52","slug":"ultimate-guard-omnihive-1000-xenoskin-tarkir-call-the-spirit-dragons-2","status":"publish","type":"product","link":"https:\/\/theuncommonshop.ch\/fr\/product\/ultimate-guard-omnihive-1000-xenoskin-tarkir-call-the-spirit-dragons-2\/","title":{"rendered":"Ultimate Guard &#8211; Omnihive 1000+ Xenoskin &#8211; Tarkir &#8211; Call the Spirit Dragons"},"content":{"rendered":"<div>\n<p>L&#8217;Omnihive 1000+ Xenoskin rassemble les puissants dragons fant\u00f4mes de Tarkir dans une seule bo\u00eete de deck ! Avec ses deux grands compartiments principaux et ses deux compartiments magn\u00e9tiques \u00e0 positionnement flexible, l&#8217;Omnihive a \u00e9t\u00e9 con\u00e7ue pour stocker simultan\u00e9ment jusqu&#8217;\u00e0 1000 cartes individuelles (double-sleeved), plusieurs deck-boxes, des accessoires tels que des d\u00e9s et\/ou des play-mats. La surface r\u00e9sistante en Xenoskin arbore l&#8217;artwork Call the Spirit Dragons de Liiga Smilshkalne, tir\u00e9 du set Tarkir Dragonstorm de Magic : The Gatherings. Le couvercle de l&#8217;Omnihive est s\u00e9curis\u00e9 par de puissants aimants et notre m\u00e9canisme ZnapClaw, tandis que la housse en microfibre \u00e0 l&#8217;int\u00e9rieur offre une protection suppl\u00e9mentaire pour les cartes, les bo\u00eetes de deck et les accessoires.   <\/p>\n<ul>\n<li>Con\u00e7u pour contenir jusqu&#8217;\u00e0 1000 (double-sleeved) ou 1250 (single-sleeved) cartes de taille standard dans des sleeves Ultimate Guard<\/li>\n<li>Pratique pour transporter plusieurs decks, cubes et\/ou tapis de jeu<\/li>\n<li>Deux compartiments magn\u00e9tiques pour un positionnement et un rangement flexibles des accessoires et des cartes (double-sleeved)<\/li>\n<li>Mat\u00e9riau Xenoskin r\u00e9sistant et int\u00e9rieur en microfibre de haute qualit\u00e9<\/li>\n<li>Fermeture magn\u00e9tique puissante avec m\u00e9canisme suppl\u00e9mentaire ZnapClaw<\/li>\n<li>Illustration sous licence officielle de Magic : The Gathering<\/li>\n<li>Dimensions : 407 \u00d7 238 \u00d7 92 mm<\/li>\n<\/ul>\n<\/div>\n<div><\/div>\n","protected":false},"excerpt":{"rendered":"<p>L&#8217;Omnihive 1000+ Xenoskin rassemble les puissants dragons fant\u00f4mes de Tarkir dans une seule bo\u00eete de deck ! Avec ses deux<\/p>\n","protected":false},"featured_media":283885,"comment_status":"open","ping_status":"closed","template":"","meta":{"_acf_changed":false},"product_brand":[5088,5092],"product_cat":[9859,10257,9875,9867,9877],"product_tag":[],"class_list":{"0":"post-309571","1":"product","2":"type-product","3":"status-publish","4":"has-post-thumbnail","6":"product_brand-ultimate-guard","7":"product_brand-ultimate-gurard","8":"product_cat-accessoires-tcg","9":"product_cat-boites-de-rangement-magic","10":"product_cat-grandes-boites-de-rangement","11":"product_cat-rangement","12":"product_cat-ultimate-guard-fr","14":"first","15":"outofstock","16":"taxable","17":"shipping-taxable","18":"purchasable","19":"product-type-simple"},"acf":[],"yoast_head":"<!-- This site is optimized with the Yoast SEO plugin v27.4 - https:\/\/yoast.com\/product\/yoast-seo-wordpress\/ -->\n<title>Ach\u00e8te Ultimate Guard - Omnihive 1000+ Xenoskin - Tarkir - Call the Spirit Dragons<\/title>\n<meta name=\"description\" content=\"Ach\u00e8te Ultimate Guard - Omnihive 1000+ Xenoskin - Tarkir - Call the Spirit Dragons en ligne maintenant \u00e0 petit prix! Ton #1 shop pour cartes TCG &amp; Pok\u00e9mon en Suisse \u2713 Livraison gratuite d\u00e8s CHF 29\" \/>\n<meta name=\"robots\" content=\"index, follow, max-snippet:-1, max-image-preview:large, max-video-preview:-1\" \/>\n<link rel=\"canonical\" href=\"https:\/\/theuncommonshop.ch\/fr\/product\/ultimate-guard-omnihive-1000-xenoskin-tarkir-call-the-spirit-dragons-2\/\" \/>\n<meta property=\"og:locale\" content=\"fr_FR\" \/>\n<meta property=\"og:type\" content=\"article\" \/>\n<meta property=\"og:title\" content=\"Ach\u00e8te Ultimate Guard - Omnihive 1000+ Xenoskin - Tarkir - Call the Spirit Dragons\" \/>\n<meta property=\"og:description\" content=\"Ach\u00e8te Ultimate Guard - Omnihive 1000+ Xenoskin - Tarkir - Call the Spirit Dragons en ligne maintenant \u00e0 petit prix! Ton #1 shop pour cartes TCG &amp; Pok\u00e9mon en Suisse \u2713 Livraison gratuite d\u00e8s CHF 29\" \/>\n<meta property=\"og:url\" content=\"https:\/\/theuncommonshop.ch\/fr\/product\/ultimate-guard-omnihive-1000-xenoskin-tarkir-call-the-spirit-dragons-2\/\" \/>\n<meta property=\"og:site_name\" content=\"Largest trading card shop in Switzerland\" \/>\n<meta property=\"article:modified_time\" content=\"2026-03-08T16:25:52+00:00\" \/>\n<meta property=\"og:image\" content=\"https:\/\/theuncommonshop.ch\/wp-content\/uploads\/2026\/01\/4862993029.jpg\" \/>\n\t<meta property=\"og:image:width\" content=\"748\" \/>\n\t<meta property=\"og:image:height\" content=\"570\" \/>\n\t<meta property=\"og:image:type\" content=\"image\/jpeg\" \/>\n<meta name=\"twitter:card\" content=\"summary_large_image\" \/>\n<meta name=\"twitter:label1\" content=\"Prix\" \/>\n\t<meta name=\"twitter:data1\" content=\"&#067;&#072;&#070;&nbsp;89.95\" \/>\n\t<meta name=\"twitter:label2\" content=\"Disponibilit\u00e9\" \/>\n\t<meta name=\"twitter:data2\" content=\"Rupture de stock\" \/>\n<script type=\"application\/ld+json\" class=\"yoast-schema-graph\">{\"@context\":\"https:\\\/\\\/schema.org\",\"@graph\":[{\"@type\":\"WebPage\",\"@id\":\"https:\\\/\\\/theuncommonshop.ch\\\/fr\\\/product\\\/ultimate-guard-omnihive-1000-xenoskin-tarkir-call-the-spirit-dragons-2\\\/\",\"url\":\"https:\\\/\\\/theuncommonshop.ch\\\/fr\\\/product\\\/ultimate-guard-omnihive-1000-xenoskin-tarkir-call-the-spirit-dragons-2\\\/\",\"name\":\"Ach\u00e8te Ultimate Guard - Omnihive 1000+ Xenoskin - Tarkir - Call the Spirit Dragons\",\"isPartOf\":{\"@id\":\"https:\\\/\\\/theuncommonshop.ch\\\/#website\"},\"primaryImageOfPage\":{\"@id\":\"https:\\\/\\\/theuncommonshop.ch\\\/fr\\\/product\\\/ultimate-guard-omnihive-1000-xenoskin-tarkir-call-the-spirit-dragons-2\\\/#primaryimage\"},\"image\":{\"@id\":\"https:\\\/\\\/theuncommonshop.ch\\\/fr\\\/product\\\/ultimate-guard-omnihive-1000-xenoskin-tarkir-call-the-spirit-dragons-2\\\/#primaryimage\"},\"thumbnailUrl\":\"https:\\\/\\\/theuncommonshop.ch\\\/wp-content\\\/uploads\\\/2026\\\/01\\\/4862993029.jpg\",\"datePublished\":\"2026-01-20T12:42:33+00:00\",\"dateModified\":\"2026-03-08T16:25:52+00:00\",\"description\":\"Ach\u00e8te Ultimate Guard - Omnihive 1000+ Xenoskin - Tarkir - Call the Spirit Dragons en ligne maintenant \u00e0 petit prix! Ton #1 shop pour cartes TCG & Pok\u00e9mon en Suisse \u2713 Livraison gratuite d\u00e8s CHF 29\",\"breadcrumb\":{\"@id\":\"https:\\\/\\\/theuncommonshop.ch\\\/fr\\\/product\\\/ultimate-guard-omnihive-1000-xenoskin-tarkir-call-the-spirit-dragons-2\\\/#breadcrumb\"},\"inLanguage\":\"fr-FR\",\"potentialAction\":[{\"@type\":\"ReadAction\",\"target\":[\"https:\\\/\\\/theuncommonshop.ch\\\/fr\\\/product\\\/ultimate-guard-omnihive-1000-xenoskin-tarkir-call-the-spirit-dragons-2\\\/\"]}]},{\"@type\":\"ImageObject\",\"inLanguage\":\"fr-FR\",\"@id\":\"https:\\\/\\\/theuncommonshop.ch\\\/fr\\\/product\\\/ultimate-guard-omnihive-1000-xenoskin-tarkir-call-the-spirit-dragons-2\\\/#primaryimage\",\"url\":\"https:\\\/\\\/theuncommonshop.ch\\\/wp-content\\\/uploads\\\/2026\\\/01\\\/4862993029.jpg\",\"contentUrl\":\"https:\\\/\\\/theuncommonshop.ch\\\/wp-content\\\/uploads\\\/2026\\\/01\\\/4862993029.jpg\",\"width\":748,\"height\":570},{\"@type\":\"BreadcrumbList\",\"@id\":\"https:\\\/\\\/theuncommonshop.ch\\\/fr\\\/product\\\/ultimate-guard-omnihive-1000-xenoskin-tarkir-call-the-spirit-dragons-2\\\/#breadcrumb\",\"itemListElement\":[{\"@type\":\"ListItem\",\"position\":1,\"name\":\"Accueil\",\"item\":\"https:\\\/\\\/theuncommonshop.ch\\\/fr\\\/accueil\\\/\"},{\"@type\":\"ListItem\",\"position\":2,\"name\":\"Boutique\",\"item\":\"https:\\\/\\\/theuncommonshop.ch\\\/fr\\\/boutique\\\/\"},{\"@type\":\"ListItem\",\"position\":3,\"name\":\"TCG Zubeh\u00f6r\",\"item\":\"https:\\\/\\\/theuncommonshop.ch\\\/produktkategorie\\\/tcg-zubehoer\\\/\"},{\"@type\":\"ListItem\",\"position\":4,\"name\":\"Aufbewahrung\",\"item\":\"https:\\\/\\\/theuncommonshop.ch\\\/produktkategorie\\\/tcg-zubehoer\\\/aufbewahrung\\\/\"},{\"@type\":\"ListItem\",\"position\":5,\"name\":\"Deckboxen Gross\",\"item\":\"https:\\\/\\\/theuncommonshop.ch\\\/produktkategorie\\\/tcg-zubehoer\\\/aufbewahrung\\\/deckboxen\\\/\"},{\"@type\":\"ListItem\",\"position\":6,\"name\":\"Ultimate Guard &#8211; Omnihive 1000+ Xenoskin &#8211; Tarkir &#8211; Call the Spirit Dragons\"}]},{\"@type\":\"WebSite\",\"@id\":\"https:\\\/\\\/theuncommonshop.ch\\\/#website\",\"url\":\"https:\\\/\\\/theuncommonshop.ch\\\/\",\"name\":\"Largest trading card shop in Switzerland\",\"description\":\"Magic, Pok\u00e9mon and Yu-gi-oh - The Uncommon Shop\",\"potentialAction\":[{\"@type\":\"SearchAction\",\"target\":{\"@type\":\"EntryPoint\",\"urlTemplate\":\"https:\\\/\\\/theuncommonshop.ch\\\/?s={search_term_string}\"},\"query-input\":{\"@type\":\"PropertyValueSpecification\",\"valueRequired\":true,\"valueName\":\"search_term_string\"}}],\"inLanguage\":\"fr-FR\"}]}<\/script>\n<meta property=\"product:price:amount\" content=\"89.95\" \/>\n<meta property=\"product:price:currency\" content=\"CHF\" \/>\n<meta property=\"og:availability\" content=\"out of stock\" \/>\n<meta property=\"product:availability\" content=\"out of stock\" \/>\n<meta property=\"product:retailer_item_id\" content=\"ZU.XII.E.OmnihiveTarkirCallOfTheSpiritDragons\" \/>\n<meta property=\"product:condition\" content=\"new\" \/>\n<!-- \/ Yoast SEO plugin. -->","yoast_head_json":{"title":"Ach\u00e8te Ultimate Guard - Omnihive 1000+ Xenoskin - Tarkir - Call the Spirit Dragons","description":"Ach\u00e8te Ultimate Guard - Omnihive 1000+ Xenoskin - Tarkir - Call the Spirit Dragons en ligne maintenant \u00e0 petit prix! Ton #1 shop pour cartes TCG & Pok\u00e9mon en Suisse \u2713 Livraison gratuite d\u00e8s CHF 29","robots":{"index":"index","follow":"follow","max-snippet":"max-snippet:-1","max-image-preview":"max-image-preview:large","max-video-preview":"max-video-preview:-1"},"canonical":"https:\/\/theuncommonshop.ch\/fr\/product\/ultimate-guard-omnihive-1000-xenoskin-tarkir-call-the-spirit-dragons-2\/","og_locale":"fr_FR","og_type":"article","og_title":"Ach\u00e8te Ultimate Guard - Omnihive 1000+ Xenoskin - Tarkir - Call the Spirit Dragons","og_description":"Ach\u00e8te Ultimate Guard - Omnihive 1000+ Xenoskin - Tarkir - Call the Spirit Dragons en ligne maintenant \u00e0 petit prix! Ton #1 shop pour cartes TCG & Pok\u00e9mon en Suisse \u2713 Livraison gratuite d\u00e8s CHF 29","og_url":"https:\/\/theuncommonshop.ch\/fr\/product\/ultimate-guard-omnihive-1000-xenoskin-tarkir-call-the-spirit-dragons-2\/","og_site_name":"Largest trading card shop in Switzerland","article_modified_time":"2026-03-08T16:25:52+00:00","og_image":[{"width":748,"height":570,"url":"https:\/\/theuncommonshop.ch\/wp-content\/uploads\/2026\/01\/4862993029.jpg","type":"image\/jpeg"}],"twitter_card":"summary_large_image","twitter_misc":{"Prix":"&#67;&#72;&#70;&nbsp;89.95","Disponibilit\u00e9":"Rupture de stock"},"schema":{"@context":"https:\/\/schema.org","@graph":[{"@type":"WebPage","@id":"https:\/\/theuncommonshop.ch\/fr\/product\/ultimate-guard-omnihive-1000-xenoskin-tarkir-call-the-spirit-dragons-2\/","url":"https:\/\/theuncommonshop.ch\/fr\/product\/ultimate-guard-omnihive-1000-xenoskin-tarkir-call-the-spirit-dragons-2\/","name":"Ach\u00e8te Ultimate Guard - Omnihive 1000+ Xenoskin - Tarkir - Call the Spirit Dragons","isPartOf":{"@id":"https:\/\/theuncommonshop.ch\/#website"},"primaryImageOfPage":{"@id":"https:\/\/theuncommonshop.ch\/fr\/product\/ultimate-guard-omnihive-1000-xenoskin-tarkir-call-the-spirit-dragons-2\/#primaryimage"},"image":{"@id":"https:\/\/theuncommonshop.ch\/fr\/product\/ultimate-guard-omnihive-1000-xenoskin-tarkir-call-the-spirit-dragons-2\/#primaryimage"},"thumbnailUrl":"https:\/\/theuncommonshop.ch\/wp-content\/uploads\/2026\/01\/4862993029.jpg","datePublished":"2026-01-20T12:42:33+00:00","dateModified":"2026-03-08T16:25:52+00:00","description":"Ach\u00e8te Ultimate Guard - Omnihive 1000+ Xenoskin - Tarkir - Call the Spirit Dragons en ligne maintenant \u00e0 petit prix! Ton #1 shop pour cartes TCG & Pok\u00e9mon en Suisse \u2713 Livraison gratuite d\u00e8s CHF 29","breadcrumb":{"@id":"https:\/\/theuncommonshop.ch\/fr\/product\/ultimate-guard-omnihive-1000-xenoskin-tarkir-call-the-spirit-dragons-2\/#breadcrumb"},"inLanguage":"fr-FR","potentialAction":[{"@type":"ReadAction","target":["https:\/\/theuncommonshop.ch\/fr\/product\/ultimate-guard-omnihive-1000-xenoskin-tarkir-call-the-spirit-dragons-2\/"]}]},{"@type":"ImageObject","inLanguage":"fr-FR","@id":"https:\/\/theuncommonshop.ch\/fr\/product\/ultimate-guard-omnihive-1000-xenoskin-tarkir-call-the-spirit-dragons-2\/#primaryimage","url":"https:\/\/theuncommonshop.ch\/wp-content\/uploads\/2026\/01\/4862993029.jpg","contentUrl":"https:\/\/theuncommonshop.ch\/wp-content\/uploads\/2026\/01\/4862993029.jpg","width":748,"height":570},{"@type":"BreadcrumbList","@id":"https:\/\/theuncommonshop.ch\/fr\/product\/ultimate-guard-omnihive-1000-xenoskin-tarkir-call-the-spirit-dragons-2\/#breadcrumb","itemListElement":[{"@type":"ListItem","position":1,"name":"Accueil","item":"https:\/\/theuncommonshop.ch\/fr\/accueil\/"},{"@type":"ListItem","position":2,"name":"Boutique","item":"https:\/\/theuncommonshop.ch\/fr\/boutique\/"},{"@type":"ListItem","position":3,"name":"TCG Zubeh\u00f6r","item":"https:\/\/theuncommonshop.ch\/produktkategorie\/tcg-zubehoer\/"},{"@type":"ListItem","position":4,"name":"Aufbewahrung","item":"https:\/\/theuncommonshop.ch\/produktkategorie\/tcg-zubehoer\/aufbewahrung\/"},{"@type":"ListItem","position":5,"name":"Deckboxen Gross","item":"https:\/\/theuncommonshop.ch\/produktkategorie\/tcg-zubehoer\/aufbewahrung\/deckboxen\/"},{"@type":"ListItem","position":6,"name":"Ultimate Guard &#8211; Omnihive 1000+ Xenoskin &#8211; Tarkir &#8211; Call the Spirit Dragons"}]},{"@type":"WebSite","@id":"https:\/\/theuncommonshop.ch\/#website","url":"https:\/\/theuncommonshop.ch\/","name":"Largest trading card shop in Switzerland","description":"Magic, Pok\u00e9mon and Yu-gi-oh - The Uncommon Shop","potentialAction":[{"@type":"SearchAction","target":{"@type":"EntryPoint","urlTemplate":"https:\/\/theuncommonshop.ch\/?s={search_term_string}"},"query-input":{"@type":"PropertyValueSpecification","valueRequired":true,"valueName":"search_term_string"}}],"inLanguage":"fr-FR"}]},"product_price_amount":"89.95","product_price_currency":"CHF","og_availability":"out of stock","product_availability":"out of stock","product_retailer_item_id":"ZU.XII.E.OmnihiveTarkirCallOfTheSpiritDragons","product_condition":"new"},"_links":{"self":[{"href":"https:\/\/theuncommonshop.ch\/fr\/wp-json\/wp\/v2\/product\/309571","targetHints":{"allow":["GET"]}}],"collection":[{"href":"https:\/\/theuncommonshop.ch\/fr\/wp-json\/wp\/v2\/product"}],"about":[{"href":"https:\/\/theuncommonshop.ch\/fr\/wp-json\/wp\/v2\/types\/product"}],"replies":[{"embeddable":true,"href":"https:\/\/theuncommonshop.ch\/fr\/wp-json\/wp\/v2\/comments?post=309571"}],"version-history":[{"count":1,"href":"https:\/\/theuncommonshop.ch\/fr\/wp-json\/wp\/v2\/product\/309571\/revisions"}],"predecessor-version":[{"id":309573,"href":"https:\/\/theuncommonshop.ch\/fr\/wp-json\/wp\/v2\/product\/309571\/revisions\/309573"}],"wp:featuredmedia":[{"embeddable":true,"href":"https:\/\/theuncommonshop.ch\/fr\/wp-json\/wp\/v2\/media\/283885"}],"wp:attachment":[{"href":"https:\/\/theuncommonshop.ch\/fr\/wp-json\/wp\/v2\/media?parent=309571"}],"wp:term":[{"taxonomy":"product_brand","embeddable":true,"href":"https:\/\/theuncommonshop.ch\/fr\/wp-json\/wp\/v2\/product_brand?post=309571"},{"taxonomy":"product_cat","embeddable":true,"href":"https:\/\/theuncommonshop.ch\/fr\/wp-json\/wp\/v2\/product_cat?post=309571"},{"taxonomy":"product_tag","embeddable":true,"href":"https:\/\/theuncommonshop.ch\/fr\/wp-json\/wp\/v2\/product_tag?post=309571"}],"curies":[{"name":"wp","href":"https:\/\/api.w.org\/{rel}","templated":true}]}}