{"id":309042,"date":"2025-12-31T17:41:34","date_gmt":"2025-12-31T17:41:34","guid":{"rendered":"http:\/\/theuncommonshop.ch\/produkt\/309042\/"},"modified":"2026-03-08T17:24:26","modified_gmt":"2026-03-08T16:24:26","slug":"pokemon-plueschfigur-greninja-3","status":"publish","type":"product","link":"https:\/\/theuncommonshop.ch\/fr\/product\/pokemon-plueschfigur-greninja-3\/","title":{"rendered":"Pok\u00e9mon &#8211; Pl\u00fcschfigur &#8211; Greninja"},"content":{"rendered":"<p>Les Pok\u00e9mon en peluche les plus doux, les plus c\u00e2lins et les plus mignons que vous puissiez imaginer ! Avec leurs d\u00e9tails r\u00e9alistes et leur rembourrage moelleux, ces Pok\u00e9mon en peluche sont parfaits pour se blottir et tra\u00eener. Pr\u00e9parez-vous \u00e0 recr\u00e9er avec vos amis vos sc\u00e8nes pr\u00e9f\u00e9r\u00e9es des films et de la s\u00e9rie Pok\u00e9mon.  <\/p>\n<div>Attrapez-les tous !<\/div>\n","protected":false},"excerpt":{"rendered":"<p>Les Pok\u00e9mon en peluche les plus doux, les plus c\u00e2lins et les plus mignons que vous puissiez imaginer ! Avec<\/p>\n","protected":false},"featured_media":279373,"comment_status":"open","ping_status":"closed","template":"","meta":{"_acf_changed":false},"product_brand":[5176],"product_cat":[9901,10151,9903,9825,9777],"product_tag":[],"class_list":{"0":"post-309042","1":"product","2":"type-product","3":"status-publish","4":"has-post-thumbnail","6":"product_brand-sanei-boeki","7":"product_cat-jouets","8":"product_cat-peluches-pokemon","9":"product_cat-peluches","10":"product_cat-peluches-et-figurines","11":"product_cat-pokemon-fr","13":"first","14":"outofstock","15":"taxable","16":"shipping-taxable","17":"purchasable","18":"product-type-variable"},"acf":[],"yoast_head":"<!-- This site is optimized with the Yoast SEO plugin v27.4 - https:\/\/yoast.com\/product\/yoast-seo-wordpress\/ -->\n<title>Ach\u00e8te Pok\u00e9mon - Pl\u00fcschfigur - Greninja<\/title>\n<meta name=\"description\" content=\"Ach\u00e8te Pok\u00e9mon - Pl\u00fcschfigur - Greninja en ligne maintenant \u00e0 petit prix! Ton #1 shop pour cartes TCG &amp; Pok\u00e9mon en Suisse \u2713 Livraison gratuite d\u00e8s CHF 29\" \/>\n<meta name=\"robots\" content=\"index, follow, max-snippet:-1, max-image-preview:large, max-video-preview:-1\" \/>\n<link rel=\"canonical\" href=\"https:\/\/theuncommonshop.ch\/fr\/product\/pokemon-plueschfigur-greninja-3\/\" \/>\n<meta property=\"og:locale\" content=\"fr_FR\" \/>\n<meta property=\"og:type\" content=\"article\" \/>\n<meta property=\"og:title\" content=\"Ach\u00e8te Pok\u00e9mon - Pl\u00fcschfigur - Greninja\" \/>\n<meta property=\"og:description\" content=\"Ach\u00e8te Pok\u00e9mon - Pl\u00fcschfigur - Greninja en ligne maintenant \u00e0 petit prix! Ton #1 shop pour cartes TCG &amp; Pok\u00e9mon en Suisse \u2713 Livraison gratuite d\u00e8s CHF 29\" \/>\n<meta property=\"og:url\" content=\"https:\/\/theuncommonshop.ch\/fr\/product\/pokemon-plueschfigur-greninja-3\/\" \/>\n<meta property=\"og:site_name\" content=\"Largest trading card shop in Switzerland\" \/>\n<meta property=\"article:modified_time\" content=\"2026-03-08T16:24:26+00:00\" \/>\n<meta property=\"og:image\" content=\"https:\/\/theuncommonshop.ch\/wp-content\/uploads\/2025\/12\/5160732851.webp\" \/>\n\t<meta property=\"og:image:width\" content=\"1176\" \/>\n\t<meta property=\"og:image:height\" content=\"1482\" \/>\n\t<meta property=\"og:image:type\" content=\"image\/webp\" \/>\n<meta name=\"twitter:card\" content=\"summary_large_image\" \/>\n<meta name=\"twitter:label1\" content=\"Disponibilit\u00e9\" \/>\n\t<meta name=\"twitter:data1\" content=\"Rupture de stock\" \/>\n<script type=\"application\/ld+json\" class=\"yoast-schema-graph\">{\"@context\":\"https:\\\/\\\/schema.org\",\"@graph\":[{\"@type\":\"WebPage\",\"@id\":\"https:\\\/\\\/theuncommonshop.ch\\\/fr\\\/product\\\/pokemon-plueschfigur-greninja-3\\\/\",\"url\":\"https:\\\/\\\/theuncommonshop.ch\\\/fr\\\/product\\\/pokemon-plueschfigur-greninja-3\\\/\",\"name\":\"Ach\u00e8te Pok\u00e9mon - Pl\u00fcschfigur - Greninja\",\"isPartOf\":{\"@id\":\"https:\\\/\\\/theuncommonshop.ch\\\/#website\"},\"primaryImageOfPage\":{\"@id\":\"https:\\\/\\\/theuncommonshop.ch\\\/fr\\\/product\\\/pokemon-plueschfigur-greninja-3\\\/#primaryimage\"},\"image\":{\"@id\":\"https:\\\/\\\/theuncommonshop.ch\\\/fr\\\/product\\\/pokemon-plueschfigur-greninja-3\\\/#primaryimage\"},\"thumbnailUrl\":\"https:\\\/\\\/theuncommonshop.ch\\\/wp-content\\\/uploads\\\/2025\\\/12\\\/5160732851.webp\",\"datePublished\":\"2025-12-31T17:41:34+00:00\",\"dateModified\":\"2026-03-08T16:24:26+00:00\",\"description\":\"Ach\u00e8te Pok\u00e9mon - Pl\u00fcschfigur - Greninja en ligne maintenant \u00e0 petit prix! Ton #1 shop pour cartes TCG & Pok\u00e9mon en Suisse \u2713 Livraison gratuite d\u00e8s CHF 29\",\"breadcrumb\":{\"@id\":\"https:\\\/\\\/theuncommonshop.ch\\\/fr\\\/product\\\/pokemon-plueschfigur-greninja-3\\\/#breadcrumb\"},\"inLanguage\":\"fr-FR\",\"potentialAction\":[{\"@type\":\"ReadAction\",\"target\":[\"https:\\\/\\\/theuncommonshop.ch\\\/fr\\\/product\\\/pokemon-plueschfigur-greninja-3\\\/\"]}]},{\"@type\":\"ImageObject\",\"inLanguage\":\"fr-FR\",\"@id\":\"https:\\\/\\\/theuncommonshop.ch\\\/fr\\\/product\\\/pokemon-plueschfigur-greninja-3\\\/#primaryimage\",\"url\":\"https:\\\/\\\/theuncommonshop.ch\\\/wp-content\\\/uploads\\\/2025\\\/12\\\/5160732851.webp\",\"contentUrl\":\"https:\\\/\\\/theuncommonshop.ch\\\/wp-content\\\/uploads\\\/2025\\\/12\\\/5160732851.webp\",\"width\":1176,\"height\":1482},{\"@type\":\"BreadcrumbList\",\"@id\":\"https:\\\/\\\/theuncommonshop.ch\\\/fr\\\/product\\\/pokemon-plueschfigur-greninja-3\\\/#breadcrumb\",\"itemListElement\":[{\"@type\":\"ListItem\",\"position\":1,\"name\":\"Accueil\",\"item\":\"https:\\\/\\\/theuncommonshop.ch\\\/fr\\\/accueil\\\/\"},{\"@type\":\"ListItem\",\"position\":2,\"name\":\"Boutique\",\"item\":\"https:\\\/\\\/theuncommonshop.ch\\\/fr\\\/boutique\\\/\"},{\"@type\":\"ListItem\",\"position\":3,\"name\":\"Pok\u00e9mon\",\"item\":\"https:\\\/\\\/theuncommonshop.ch\\\/produktkategorie\\\/pokemon\\\/\"},{\"@type\":\"ListItem\",\"position\":4,\"name\":\"Pl\u00fcschtiere und Figuren\",\"item\":\"https:\\\/\\\/theuncommonshop.ch\\\/produktkategorie\\\/pokemon\\\/plueschtiere-und-figuren\\\/\"},{\"@type\":\"ListItem\",\"position\":5,\"name\":\"Pl\u00fcschtiere\",\"item\":\"https:\\\/\\\/theuncommonshop.ch\\\/produktkategorie\\\/pokemon\\\/plueschtiere-und-figuren\\\/pkm-plueschtiere\\\/\"},{\"@type\":\"ListItem\",\"position\":6,\"name\":\"Pok\u00e9mon &#8211; Pl\u00fcschfigur &#8211; Greninja\"}]},{\"@type\":\"WebSite\",\"@id\":\"https:\\\/\\\/theuncommonshop.ch\\\/#website\",\"url\":\"https:\\\/\\\/theuncommonshop.ch\\\/\",\"name\":\"Largest trading card shop in Switzerland\",\"description\":\"Magic, Pok\u00e9mon and Yu-gi-oh - The Uncommon Shop\",\"potentialAction\":[{\"@type\":\"SearchAction\",\"target\":{\"@type\":\"EntryPoint\",\"urlTemplate\":\"https:\\\/\\\/theuncommonshop.ch\\\/?s={search_term_string}\"},\"query-input\":{\"@type\":\"PropertyValueSpecification\",\"valueRequired\":true,\"valueName\":\"search_term_string\"}}],\"inLanguage\":\"fr-FR\"}]}<\/script>\n<meta property=\"og:availability\" content=\"out of stock\" \/>\n<meta property=\"product:availability\" content=\"out of stock\" \/>\n<meta property=\"product:condition\" content=\"new\" \/>\n<!-- \/ Yoast SEO plugin. -->","yoast_head_json":{"title":"Ach\u00e8te Pok\u00e9mon - Pl\u00fcschfigur - Greninja","description":"Ach\u00e8te Pok\u00e9mon - Pl\u00fcschfigur - Greninja en ligne maintenant \u00e0 petit prix! Ton #1 shop pour cartes TCG & Pok\u00e9mon en Suisse \u2713 Livraison gratuite d\u00e8s CHF 29","robots":{"index":"index","follow":"follow","max-snippet":"max-snippet:-1","max-image-preview":"max-image-preview:large","max-video-preview":"max-video-preview:-1"},"canonical":"https:\/\/theuncommonshop.ch\/fr\/product\/pokemon-plueschfigur-greninja-3\/","og_locale":"fr_FR","og_type":"article","og_title":"Ach\u00e8te Pok\u00e9mon - Pl\u00fcschfigur - Greninja","og_description":"Ach\u00e8te Pok\u00e9mon - Pl\u00fcschfigur - Greninja en ligne maintenant \u00e0 petit prix! Ton #1 shop pour cartes TCG & Pok\u00e9mon en Suisse \u2713 Livraison gratuite d\u00e8s CHF 29","og_url":"https:\/\/theuncommonshop.ch\/fr\/product\/pokemon-plueschfigur-greninja-3\/","og_site_name":"Largest trading card shop in Switzerland","article_modified_time":"2026-03-08T16:24:26+00:00","og_image":[{"width":1176,"height":1482,"url":"https:\/\/theuncommonshop.ch\/wp-content\/uploads\/2025\/12\/5160732851.webp","type":"image\/webp"}],"twitter_card":"summary_large_image","twitter_misc":{"Disponibilit\u00e9":"Rupture de stock"},"schema":{"@context":"https:\/\/schema.org","@graph":[{"@type":"WebPage","@id":"https:\/\/theuncommonshop.ch\/fr\/product\/pokemon-plueschfigur-greninja-3\/","url":"https:\/\/theuncommonshop.ch\/fr\/product\/pokemon-plueschfigur-greninja-3\/","name":"Ach\u00e8te Pok\u00e9mon - Pl\u00fcschfigur - Greninja","isPartOf":{"@id":"https:\/\/theuncommonshop.ch\/#website"},"primaryImageOfPage":{"@id":"https:\/\/theuncommonshop.ch\/fr\/product\/pokemon-plueschfigur-greninja-3\/#primaryimage"},"image":{"@id":"https:\/\/theuncommonshop.ch\/fr\/product\/pokemon-plueschfigur-greninja-3\/#primaryimage"},"thumbnailUrl":"https:\/\/theuncommonshop.ch\/wp-content\/uploads\/2025\/12\/5160732851.webp","datePublished":"2025-12-31T17:41:34+00:00","dateModified":"2026-03-08T16:24:26+00:00","description":"Ach\u00e8te Pok\u00e9mon - Pl\u00fcschfigur - Greninja en ligne maintenant \u00e0 petit prix! Ton #1 shop pour cartes TCG & Pok\u00e9mon en Suisse \u2713 Livraison gratuite d\u00e8s CHF 29","breadcrumb":{"@id":"https:\/\/theuncommonshop.ch\/fr\/product\/pokemon-plueschfigur-greninja-3\/#breadcrumb"},"inLanguage":"fr-FR","potentialAction":[{"@type":"ReadAction","target":["https:\/\/theuncommonshop.ch\/fr\/product\/pokemon-plueschfigur-greninja-3\/"]}]},{"@type":"ImageObject","inLanguage":"fr-FR","@id":"https:\/\/theuncommonshop.ch\/fr\/product\/pokemon-plueschfigur-greninja-3\/#primaryimage","url":"https:\/\/theuncommonshop.ch\/wp-content\/uploads\/2025\/12\/5160732851.webp","contentUrl":"https:\/\/theuncommonshop.ch\/wp-content\/uploads\/2025\/12\/5160732851.webp","width":1176,"height":1482},{"@type":"BreadcrumbList","@id":"https:\/\/theuncommonshop.ch\/fr\/product\/pokemon-plueschfigur-greninja-3\/#breadcrumb","itemListElement":[{"@type":"ListItem","position":1,"name":"Accueil","item":"https:\/\/theuncommonshop.ch\/fr\/accueil\/"},{"@type":"ListItem","position":2,"name":"Boutique","item":"https:\/\/theuncommonshop.ch\/fr\/boutique\/"},{"@type":"ListItem","position":3,"name":"Pok\u00e9mon","item":"https:\/\/theuncommonshop.ch\/produktkategorie\/pokemon\/"},{"@type":"ListItem","position":4,"name":"Pl\u00fcschtiere und Figuren","item":"https:\/\/theuncommonshop.ch\/produktkategorie\/pokemon\/plueschtiere-und-figuren\/"},{"@type":"ListItem","position":5,"name":"Pl\u00fcschtiere","item":"https:\/\/theuncommonshop.ch\/produktkategorie\/pokemon\/plueschtiere-und-figuren\/pkm-plueschtiere\/"},{"@type":"ListItem","position":6,"name":"Pok\u00e9mon &#8211; Pl\u00fcschfigur &#8211; Greninja"}]},{"@type":"WebSite","@id":"https:\/\/theuncommonshop.ch\/#website","url":"https:\/\/theuncommonshop.ch\/","name":"Largest trading card shop in Switzerland","description":"Magic, Pok\u00e9mon and Yu-gi-oh - The Uncommon Shop","potentialAction":[{"@type":"SearchAction","target":{"@type":"EntryPoint","urlTemplate":"https:\/\/theuncommonshop.ch\/?s={search_term_string}"},"query-input":{"@type":"PropertyValueSpecification","valueRequired":true,"valueName":"search_term_string"}}],"inLanguage":"fr-FR"}]},"og_availability":"out of stock","product_availability":"out of stock","product_condition":"new"},"_links":{"self":[{"href":"https:\/\/theuncommonshop.ch\/fr\/wp-json\/wp\/v2\/product\/309042","targetHints":{"allow":["GET"]}}],"collection":[{"href":"https:\/\/theuncommonshop.ch\/fr\/wp-json\/wp\/v2\/product"}],"about":[{"href":"https:\/\/theuncommonshop.ch\/fr\/wp-json\/wp\/v2\/types\/product"}],"replies":[{"embeddable":true,"href":"https:\/\/theuncommonshop.ch\/fr\/wp-json\/wp\/v2\/comments?post=309042"}],"version-history":[{"count":1,"href":"https:\/\/theuncommonshop.ch\/fr\/wp-json\/wp\/v2\/product\/309042\/revisions"}],"predecessor-version":[{"id":309067,"href":"https:\/\/theuncommonshop.ch\/fr\/wp-json\/wp\/v2\/product\/309042\/revisions\/309067"}],"wp:featuredmedia":[{"embeddable":true,"href":"https:\/\/theuncommonshop.ch\/fr\/wp-json\/wp\/v2\/media\/279373"}],"wp:attachment":[{"href":"https:\/\/theuncommonshop.ch\/fr\/wp-json\/wp\/v2\/media?parent=309042"}],"wp:term":[{"taxonomy":"product_brand","embeddable":true,"href":"https:\/\/theuncommonshop.ch\/fr\/wp-json\/wp\/v2\/product_brand?post=309042"},{"taxonomy":"product_cat","embeddable":true,"href":"https:\/\/theuncommonshop.ch\/fr\/wp-json\/wp\/v2\/product_cat?post=309042"},{"taxonomy":"product_tag","embeddable":true,"href":"https:\/\/theuncommonshop.ch\/fr\/wp-json\/wp\/v2\/product_tag?post=309042"}],"curies":[{"name":"wp","href":"https:\/\/api.w.org\/{rel}","templated":true}]}}