{"id":308938,"date":"2026-02-09T14:26:25","date_gmt":"2026-02-09T13:26:25","guid":{"rendered":"http:\/\/theuncommonshop.ch\/produkt\/308938\/"},"modified":"2026-03-08T16:49:29","modified_gmt":"2026-03-08T15:49:29","slug":"ultimate-guard-lorwyn-eclipsed-xenoskin-arkhive-1000-3","status":"publish","type":"product","link":"https:\/\/theuncommonshop.ch\/fr\/product\/ultimate-guard-lorwyn-eclipsed-xenoskin-arkhive-1000-3\/","title":{"rendered":"Ultimate Guard &#8211; Lorwyn Eclipsed &#8211; XenoSkin Arkhive 1000+"},"content":{"rendered":"<p>L&#8217;Arkhive 1000+ Xenoskin d&#8217;Ultimate Guard, dont l&#8217;artwork sous licence officielle provient du set &#8220;Lorwyn Eclipsed&#8221; de Magic : The Gathering, est la bo\u00eete id\u00e9ale pour stocker et transporter plusieurs bo\u00eetes de deck MTG et\/ou un grand nombre de cartes individuelles. Le couvercle de l&#8217;Arkhive 1000+ est enti\u00e8rement amovible et s\u00e9curis\u00e9 des deux c\u00f4t\u00e9s par une fermeture magn\u00e9tique puissante et le m\u00e9canisme ZnapClaw \u00e9prouv\u00e9 d&#8217;Ultimate Guard. De plus, le mat\u00e9riau r\u00e9sistant Xenoskin et l&#8217;int\u00e9rieur en microfibre de haute qualit\u00e9 assurent une excellente protection pour jusqu&#8217;\u00e0 1125 cartes \u00e0 double sleeve (dans des pochettes Ultimate Guard*), dix Boulder 100+ ou six Boulder 133+. Gr\u00e2ce \u00e0 sa taille, l&#8217;Arkhive 1000+ Xenoskin est \u00e9galement id\u00e9ale pour ranger un cube.   <\/p>\n<ul>\n<li>Con\u00e7u pour 1125+ cartes \u00e0 double sleeve dans des bo\u00eetiers Ultimate Guard<\/li>\n<li>Illustration sous licence officielle de Magic : The Gathering<\/li>\n<li>Couvercle amovible<\/li>\n<li>Fermeture magn\u00e9tique puissante avec m\u00e9canisme ZnapClaw des deux c\u00f4t\u00e9s<\/li>\n<li>Mat\u00e9riau Xenoskin r\u00e9sistant et int\u00e9rieur en microfibre de haute qualit\u00e9<\/li>\n<\/ul>\n","protected":false},"excerpt":{"rendered":"<p>L&#8217;Arkhive 1000+ Xenoskin d&#8217;Ultimate Guard, dont l&#8217;artwork sous licence officielle provient du set &#8220;Lorwyn Eclipsed&#8221; de Magic : The Gathering,<\/p>\n","protected":false},"featured_media":299531,"comment_status":"open","ping_status":"closed","template":"","meta":{"_acf_changed":false},"product_brand":[5158,5088,5070],"product_cat":[9859,10257,9875,9867,10259,9877],"product_tag":[],"class_list":{"0":"post-308938","1":"product","2":"type-product","3":"status-publish","4":"has-post-thumbnail","6":"product_brand-magic-the-gathering","7":"product_brand-ultimate-guard","8":"product_brand-wizards-of-the-coast","9":"product_cat-accessoires-tcg","10":"product_cat-boites-de-rangement-magic","11":"product_cat-grandes-boites-de-rangement","12":"product_cat-rangement","13":"product_cat-tout","14":"product_cat-ultimate-guard-fr","16":"first","17":"instock","18":"sale","19":"taxable","20":"shipping-taxable","21":"purchasable","22":"product-type-simple"},"acf":[],"yoast_head":"<!-- This site is optimized with the Yoast SEO plugin v27.4 - https:\/\/yoast.com\/product\/yoast-seo-wordpress\/ -->\n<title>Ach\u00e8te Ultimate Guard - Lorwyn Eclipsed - XenoSkin Arkhive 1000+<\/title>\n<meta name=\"description\" content=\"Ach\u00e8te Ultimate Guard - Lorwyn Eclipsed - XenoSkin Arkhive 1000+ en ligne maintenant \u00e0 petit prix! Ton #1 shop pour cartes TCG &amp; Pok\u00e9mon en Suisse \u2713 Livraison gratuite d\u00e8s CHF 29\" \/>\n<meta name=\"robots\" content=\"index, follow, max-snippet:-1, max-image-preview:large, max-video-preview:-1\" \/>\n<link rel=\"canonical\" href=\"https:\/\/theuncommonshop.ch\/fr\/product\/ultimate-guard-lorwyn-eclipsed-xenoskin-arkhive-1000-3\/\" \/>\n<meta property=\"og:locale\" content=\"fr_FR\" \/>\n<meta property=\"og:type\" content=\"article\" \/>\n<meta property=\"og:title\" content=\"Ach\u00e8te Ultimate Guard - Lorwyn Eclipsed - XenoSkin Arkhive 1000+\" \/>\n<meta property=\"og:description\" content=\"Ach\u00e8te Ultimate Guard - Lorwyn Eclipsed - XenoSkin Arkhive 1000+ en ligne maintenant \u00e0 petit prix! Ton #1 shop pour cartes TCG &amp; Pok\u00e9mon en Suisse \u2713 Livraison gratuite d\u00e8s CHF 29\" \/>\n<meta property=\"og:url\" content=\"https:\/\/theuncommonshop.ch\/fr\/product\/ultimate-guard-lorwyn-eclipsed-xenoskin-arkhive-1000-3\/\" \/>\n<meta property=\"og:site_name\" content=\"Largest trading card shop in Switzerland\" \/>\n<meta property=\"article:modified_time\" content=\"2026-03-08T15:49:29+00:00\" \/>\n<meta property=\"og:image\" content=\"https:\/\/theuncommonshop.ch\/wp-content\/uploads\/2026\/02\/LOR1.jpg\" \/>\n\t<meta property=\"og:image:width\" content=\"1000\" \/>\n\t<meta property=\"og:image:height\" content=\"644\" \/>\n\t<meta property=\"og:image:type\" content=\"image\/jpeg\" \/>\n<meta name=\"twitter:card\" content=\"summary_large_image\" \/>\n<meta name=\"twitter:label1\" content=\"Prix\" \/>\n\t<meta name=\"twitter:data1\" content=\"&#067;&#072;&#070;&nbsp;79.95\" \/>\n\t<meta name=\"twitter:label2\" content=\"Disponibilit\u00e9\" \/>\n\t<meta name=\"twitter:data2\" content=\"En stock\" \/>\n<script type=\"application\/ld+json\" class=\"yoast-schema-graph\">{\"@context\":\"https:\\\/\\\/schema.org\",\"@graph\":[{\"@type\":\"WebPage\",\"@id\":\"https:\\\/\\\/theuncommonshop.ch\\\/fr\\\/product\\\/ultimate-guard-lorwyn-eclipsed-xenoskin-arkhive-1000-3\\\/\",\"url\":\"https:\\\/\\\/theuncommonshop.ch\\\/fr\\\/product\\\/ultimate-guard-lorwyn-eclipsed-xenoskin-arkhive-1000-3\\\/\",\"name\":\"Ach\u00e8te Ultimate Guard - Lorwyn Eclipsed - XenoSkin Arkhive 1000+\",\"isPartOf\":{\"@id\":\"https:\\\/\\\/theuncommonshop.ch\\\/#website\"},\"primaryImageOfPage\":{\"@id\":\"https:\\\/\\\/theuncommonshop.ch\\\/fr\\\/product\\\/ultimate-guard-lorwyn-eclipsed-xenoskin-arkhive-1000-3\\\/#primaryimage\"},\"image\":{\"@id\":\"https:\\\/\\\/theuncommonshop.ch\\\/fr\\\/product\\\/ultimate-guard-lorwyn-eclipsed-xenoskin-arkhive-1000-3\\\/#primaryimage\"},\"thumbnailUrl\":\"https:\\\/\\\/theuncommonshop.ch\\\/wp-content\\\/uploads\\\/2026\\\/02\\\/LOR1.jpg\",\"datePublished\":\"2026-02-09T13:26:25+00:00\",\"dateModified\":\"2026-03-08T15:49:29+00:00\",\"description\":\"Ach\u00e8te Ultimate Guard - Lorwyn Eclipsed - XenoSkin Arkhive 1000+ en ligne maintenant \u00e0 petit prix! Ton #1 shop pour cartes TCG & Pok\u00e9mon en Suisse \u2713 Livraison gratuite d\u00e8s CHF 29\",\"breadcrumb\":{\"@id\":\"https:\\\/\\\/theuncommonshop.ch\\\/fr\\\/product\\\/ultimate-guard-lorwyn-eclipsed-xenoskin-arkhive-1000-3\\\/#breadcrumb\"},\"inLanguage\":\"fr-FR\",\"potentialAction\":[{\"@type\":\"ReadAction\",\"target\":[\"https:\\\/\\\/theuncommonshop.ch\\\/fr\\\/product\\\/ultimate-guard-lorwyn-eclipsed-xenoskin-arkhive-1000-3\\\/\"]}]},{\"@type\":\"ImageObject\",\"inLanguage\":\"fr-FR\",\"@id\":\"https:\\\/\\\/theuncommonshop.ch\\\/fr\\\/product\\\/ultimate-guard-lorwyn-eclipsed-xenoskin-arkhive-1000-3\\\/#primaryimage\",\"url\":\"https:\\\/\\\/theuncommonshop.ch\\\/wp-content\\\/uploads\\\/2026\\\/02\\\/LOR1.jpg\",\"contentUrl\":\"https:\\\/\\\/theuncommonshop.ch\\\/wp-content\\\/uploads\\\/2026\\\/02\\\/LOR1.jpg\",\"width\":1000,\"height\":644},{\"@type\":\"BreadcrumbList\",\"@id\":\"https:\\\/\\\/theuncommonshop.ch\\\/fr\\\/product\\\/ultimate-guard-lorwyn-eclipsed-xenoskin-arkhive-1000-3\\\/#breadcrumb\",\"itemListElement\":[{\"@type\":\"ListItem\",\"position\":1,\"name\":\"Accueil\",\"item\":\"https:\\\/\\\/theuncommonshop.ch\\\/fr\\\/accueil\\\/\"},{\"@type\":\"ListItem\",\"position\":2,\"name\":\"Boutique\",\"item\":\"https:\\\/\\\/theuncommonshop.ch\\\/fr\\\/boutique\\\/\"},{\"@type\":\"ListItem\",\"position\":3,\"name\":\"Accessoires TCG\",\"item\":\"https:\\\/\\\/theuncommonshop.ch\\\/fr\\\/categorie-produit\\\/accessoires-tcg\\\/\"},{\"@type\":\"ListItem\",\"position\":4,\"name\":\"Rangement\",\"item\":\"https:\\\/\\\/theuncommonshop.ch\\\/fr\\\/categorie-produit\\\/accessoires-tcg\\\/rangement\\\/\"},{\"@type\":\"ListItem\",\"position\":5,\"name\":\"Tout\",\"item\":\"https:\\\/\\\/theuncommonshop.ch\\\/fr\\\/categorie-produit\\\/accessoires-tcg\\\/rangement\\\/tout\\\/\"},{\"@type\":\"ListItem\",\"position\":6,\"name\":\"Ultimate Guard &#8211; Lorwyn Eclipsed &#8211; XenoSkin Arkhive 1000+\"}]},{\"@type\":\"WebSite\",\"@id\":\"https:\\\/\\\/theuncommonshop.ch\\\/#website\",\"url\":\"https:\\\/\\\/theuncommonshop.ch\\\/\",\"name\":\"Largest trading card shop in Switzerland\",\"description\":\"Magic, Pok\u00e9mon and Yu-gi-oh - The Uncommon Shop\",\"potentialAction\":[{\"@type\":\"SearchAction\",\"target\":{\"@type\":\"EntryPoint\",\"urlTemplate\":\"https:\\\/\\\/theuncommonshop.ch\\\/?s={search_term_string}\"},\"query-input\":{\"@type\":\"PropertyValueSpecification\",\"valueRequired\":true,\"valueName\":\"search_term_string\"}}],\"inLanguage\":\"fr-FR\"}]}<\/script>\n<meta property=\"product:price:amount\" content=\"79.95\" \/>\n<meta property=\"product:price:currency\" content=\"CHF\" \/>\n<meta property=\"og:availability\" content=\"instock\" \/>\n<meta property=\"product:availability\" content=\"instock\" \/>\n<meta property=\"product:retailer_item_id\" content=\"66684\" \/>\n<meta property=\"product:condition\" content=\"new\" \/>\n<!-- \/ Yoast SEO plugin. -->","yoast_head_json":{"title":"Ach\u00e8te Ultimate Guard - Lorwyn Eclipsed - XenoSkin Arkhive 1000+","description":"Ach\u00e8te Ultimate Guard - Lorwyn Eclipsed - XenoSkin Arkhive 1000+ en ligne maintenant \u00e0 petit prix! Ton #1 shop pour cartes TCG & Pok\u00e9mon en Suisse \u2713 Livraison gratuite d\u00e8s CHF 29","robots":{"index":"index","follow":"follow","max-snippet":"max-snippet:-1","max-image-preview":"max-image-preview:large","max-video-preview":"max-video-preview:-1"},"canonical":"https:\/\/theuncommonshop.ch\/fr\/product\/ultimate-guard-lorwyn-eclipsed-xenoskin-arkhive-1000-3\/","og_locale":"fr_FR","og_type":"article","og_title":"Ach\u00e8te Ultimate Guard - Lorwyn Eclipsed - XenoSkin Arkhive 1000+","og_description":"Ach\u00e8te Ultimate Guard - Lorwyn Eclipsed - XenoSkin Arkhive 1000+ en ligne maintenant \u00e0 petit prix! Ton #1 shop pour cartes TCG & Pok\u00e9mon en Suisse \u2713 Livraison gratuite d\u00e8s CHF 29","og_url":"https:\/\/theuncommonshop.ch\/fr\/product\/ultimate-guard-lorwyn-eclipsed-xenoskin-arkhive-1000-3\/","og_site_name":"Largest trading card shop in Switzerland","article_modified_time":"2026-03-08T15:49:29+00:00","og_image":[{"width":1000,"height":644,"url":"https:\/\/theuncommonshop.ch\/wp-content\/uploads\/2026\/02\/LOR1.jpg","type":"image\/jpeg"}],"twitter_card":"summary_large_image","twitter_misc":{"Prix":"&#67;&#72;&#70;&nbsp;79.95","Disponibilit\u00e9":"En stock"},"schema":{"@context":"https:\/\/schema.org","@graph":[{"@type":"WebPage","@id":"https:\/\/theuncommonshop.ch\/fr\/product\/ultimate-guard-lorwyn-eclipsed-xenoskin-arkhive-1000-3\/","url":"https:\/\/theuncommonshop.ch\/fr\/product\/ultimate-guard-lorwyn-eclipsed-xenoskin-arkhive-1000-3\/","name":"Ach\u00e8te Ultimate Guard - Lorwyn Eclipsed - XenoSkin Arkhive 1000+","isPartOf":{"@id":"https:\/\/theuncommonshop.ch\/#website"},"primaryImageOfPage":{"@id":"https:\/\/theuncommonshop.ch\/fr\/product\/ultimate-guard-lorwyn-eclipsed-xenoskin-arkhive-1000-3\/#primaryimage"},"image":{"@id":"https:\/\/theuncommonshop.ch\/fr\/product\/ultimate-guard-lorwyn-eclipsed-xenoskin-arkhive-1000-3\/#primaryimage"},"thumbnailUrl":"https:\/\/theuncommonshop.ch\/wp-content\/uploads\/2026\/02\/LOR1.jpg","datePublished":"2026-02-09T13:26:25+00:00","dateModified":"2026-03-08T15:49:29+00:00","description":"Ach\u00e8te Ultimate Guard - Lorwyn Eclipsed - XenoSkin Arkhive 1000+ en ligne maintenant \u00e0 petit prix! Ton #1 shop pour cartes TCG & Pok\u00e9mon en Suisse \u2713 Livraison gratuite d\u00e8s CHF 29","breadcrumb":{"@id":"https:\/\/theuncommonshop.ch\/fr\/product\/ultimate-guard-lorwyn-eclipsed-xenoskin-arkhive-1000-3\/#breadcrumb"},"inLanguage":"fr-FR","potentialAction":[{"@type":"ReadAction","target":["https:\/\/theuncommonshop.ch\/fr\/product\/ultimate-guard-lorwyn-eclipsed-xenoskin-arkhive-1000-3\/"]}]},{"@type":"ImageObject","inLanguage":"fr-FR","@id":"https:\/\/theuncommonshop.ch\/fr\/product\/ultimate-guard-lorwyn-eclipsed-xenoskin-arkhive-1000-3\/#primaryimage","url":"https:\/\/theuncommonshop.ch\/wp-content\/uploads\/2026\/02\/LOR1.jpg","contentUrl":"https:\/\/theuncommonshop.ch\/wp-content\/uploads\/2026\/02\/LOR1.jpg","width":1000,"height":644},{"@type":"BreadcrumbList","@id":"https:\/\/theuncommonshop.ch\/fr\/product\/ultimate-guard-lorwyn-eclipsed-xenoskin-arkhive-1000-3\/#breadcrumb","itemListElement":[{"@type":"ListItem","position":1,"name":"Accueil","item":"https:\/\/theuncommonshop.ch\/fr\/accueil\/"},{"@type":"ListItem","position":2,"name":"Boutique","item":"https:\/\/theuncommonshop.ch\/fr\/boutique\/"},{"@type":"ListItem","position":3,"name":"Accessoires TCG","item":"https:\/\/theuncommonshop.ch\/fr\/categorie-produit\/accessoires-tcg\/"},{"@type":"ListItem","position":4,"name":"Rangement","item":"https:\/\/theuncommonshop.ch\/fr\/categorie-produit\/accessoires-tcg\/rangement\/"},{"@type":"ListItem","position":5,"name":"Tout","item":"https:\/\/theuncommonshop.ch\/fr\/categorie-produit\/accessoires-tcg\/rangement\/tout\/"},{"@type":"ListItem","position":6,"name":"Ultimate Guard &#8211; Lorwyn Eclipsed &#8211; XenoSkin Arkhive 1000+"}]},{"@type":"WebSite","@id":"https:\/\/theuncommonshop.ch\/#website","url":"https:\/\/theuncommonshop.ch\/","name":"Largest trading card shop in Switzerland","description":"Magic, Pok\u00e9mon and Yu-gi-oh - The Uncommon Shop","potentialAction":[{"@type":"SearchAction","target":{"@type":"EntryPoint","urlTemplate":"https:\/\/theuncommonshop.ch\/?s={search_term_string}"},"query-input":{"@type":"PropertyValueSpecification","valueRequired":true,"valueName":"search_term_string"}}],"inLanguage":"fr-FR"}]},"product_price_amount":"79.95","product_price_currency":"CHF","og_availability":"instock","product_availability":"instock","product_retailer_item_id":"66684","product_condition":"new"},"_links":{"self":[{"href":"https:\/\/theuncommonshop.ch\/fr\/wp-json\/wp\/v2\/product\/308938","targetHints":{"allow":["GET"]}}],"collection":[{"href":"https:\/\/theuncommonshop.ch\/fr\/wp-json\/wp\/v2\/product"}],"about":[{"href":"https:\/\/theuncommonshop.ch\/fr\/wp-json\/wp\/v2\/types\/product"}],"replies":[{"embeddable":true,"href":"https:\/\/theuncommonshop.ch\/fr\/wp-json\/wp\/v2\/comments?post=308938"}],"version-history":[{"count":1,"href":"https:\/\/theuncommonshop.ch\/fr\/wp-json\/wp\/v2\/product\/308938\/revisions"}],"predecessor-version":[{"id":308948,"href":"https:\/\/theuncommonshop.ch\/fr\/wp-json\/wp\/v2\/product\/308938\/revisions\/308948"}],"wp:featuredmedia":[{"embeddable":true,"href":"https:\/\/theuncommonshop.ch\/fr\/wp-json\/wp\/v2\/media\/299531"}],"wp:attachment":[{"href":"https:\/\/theuncommonshop.ch\/fr\/wp-json\/wp\/v2\/media?parent=308938"}],"wp:term":[{"taxonomy":"product_brand","embeddable":true,"href":"https:\/\/theuncommonshop.ch\/fr\/wp-json\/wp\/v2\/product_brand?post=308938"},{"taxonomy":"product_cat","embeddable":true,"href":"https:\/\/theuncommonshop.ch\/fr\/wp-json\/wp\/v2\/product_cat?post=308938"},{"taxonomy":"product_tag","embeddable":true,"href":"https:\/\/theuncommonshop.ch\/fr\/wp-json\/wp\/v2\/product_tag?post=308938"}],"curies":[{"name":"wp","href":"https:\/\/api.w.org\/{rel}","templated":true}]}}