{"id":308767,"date":"2026-02-08T19:00:33","date_gmt":"2026-02-08T18:00:33","guid":{"rendered":"http:\/\/theuncommonshop.ch\/produkt\/308767\/"},"modified":"2026-03-29T18:03:14","modified_gmt":"2026-03-29T16:03:14","slug":"magic-marvel-super-heroes-msh-gift-bundle-2","status":"publish","type":"product","link":"https:\/\/theuncommonshop.ch\/fr\/product\/magic-marvel-super-heroes-msh-gift-bundle-2\/","title":{"rendered":"Magic &#8211; Marvel Super Heroes (MSH) &#8211; Gift Bundle"},"content":{"rendered":"<p><strong>Magic &#8211; Marvel Super Heroes (MSH) &#8211; Gift Bundle<\/strong><\/p>\n<p>Magic : The Gathering | Marvel Super Heroes Gift Bundle est le cadeau id\u00e9al pour les fans de Magic et de Marvel ! Cette Booster Box est remplie \u00e0 ras bord d&#8217;extras passionnants, dont des Play Boosters, des pays full-art et une carte promotionnelle avec un artwork exclusif, ainsi qu&#8217;un Collector Booster rempli de raret\u00e9s, de Foils et d&#8217;extras sympas. De quoi donner le sourire \u00e0 tous les fans, surtout si vous l&#8217;\u00eates vous-m\u00eame.  <\/p>\n<p><strong>En savoir plus sur Magic : The Gathering | Marvel Super Heroes<\/strong><\/p>\n<p>L&#8217;univers Marvel est arriv\u00e9 en force ! Un casting all-star de poids lourds passe des comics au champ de bataille, et le destin du monde est en jeu. Cr\u00e9ez la super-\u00e9quipe de h\u00e9ros et de m\u00e9chants de vos r\u00eaves, \u00e9quipez-les d&#8217;un mat\u00e9riel embl\u00e9matique et lib\u00e9rez leurs capacit\u00e9s qui feront date.   Volez, frappez et battez-vous pour gagner dans Magic : The Gathering | Marvel Super Heroes !<\/p>\n<p>2026 MARVEL | TM &amp; \u00a9 2026 Wizards of the Coast LLC<\/p>\n<p><strong>Contenu :<\/strong><\/p>\n<ul>\n<li>9 Magic : The Gathering | Marvel Super Heroes Play Booster<\/li>\n<li>Chaque Booster de jeu contient 14 cartes Magic : The Gathering :<\/li>\n<li>Peut contenir les cartes suivantes : MSH 1-384 ; MAR 41-100<\/li>\n<li>1-4 cartes de raret\u00e9 &#8220;rare&#8221; ou sup\u00e9rieure (2 : 27 % ; 3 : 2 % ; 4 : &lt;1 %)<\/li>\n<li>3-5 cartes inhabituelles<\/li>\n<li>6-9 cartes ordinaires<\/li>\n<li>1 Pays<\/li>\n<li>1 carte de n&#8217;importe quelle raret\u00e9 est une carte folio traditionnelle<\/li>\n<li>Foil-borderless mythic rare in &lt;1 % des Boosters<\/li>\n<li>La carte diapositive traditionnelle remplace un pays dans 20 % des Boosters<\/li>\n<li>1 Magic : The Gathering | Collector Booster Marvel Super Heroes<\/li>\n<li>Chaque Collector Booster contient 15 cartes Magic : The Gathering :<\/li>\n<li>1 carte d&#8217;art ou jeton Foil traditionnel double face<\/li>\n<li>Carte de t\u00eate de s\u00e9rie rare mythique dans &lt;1 % des Boosters<\/li>\n<li>La raret\u00e9 et la distribution des cartes peuvent varier<\/li>\n<li>15 pays de base traditionnels Foil (dont 5 en plein \u00e9cran)<\/li>\n<li>15 pays de base non-Foil (dont 5 avec plein \u00e9cran)<\/li>\n<li>Compteur de points de vie Spindown\u2122 surdimensionn\u00e9<\/li>\n<li>Bo\u00eete \u00e0 cartes de paquet cadeau Foil<\/li>\n<li>Carte promotionnelle traditionnelle avec un artwork alternatif<\/li>\n<\/ul>\n","protected":false},"excerpt":{"rendered":"<p>Magic &#8211; Marvel Super Heroes (MSH) &#8211; Gift Bundle Magic : The Gathering | Marvel Super Heroes Gift Bundle est<\/p>\n","protected":false},"featured_media":299285,"comment_status":"open","ping_status":"closed","template":"","meta":{"_acf_changed":false},"product_brand":[5158,5070],"product_cat":[9971,9967,10315,9993,9991],"product_tag":[],"class_list":{"0":"post-308767","1":"product","2":"type-product","3":"status-publish","4":"has-post-thumbnail","6":"product_brand-magic-the-gathering","7":"product_brand-wizards-of-the-coast","8":"product_cat-bundles-fr","9":"product_cat-magic-the-gathering-fr","10":"product_cat-marvel-super-heroes-fr","11":"product_cat-precommande-mtg","12":"product_cat-produits-par-lots-mtg","14":"first","15":"outofstock","16":"taxable","17":"shipping-taxable","18":"purchasable","19":"product-type-simple"},"acf":[],"yoast_head":"<!-- This site is optimized with the Yoast SEO plugin v27.4 - https:\/\/yoast.com\/product\/yoast-seo-wordpress\/ -->\n<title>Ach\u00e8te Magic - Marvel Super Heroes (MSH) - Gift Bundle<\/title>\n<meta name=\"description\" content=\"Ach\u00e8te Magic - Marvel Super Heroes (MSH) - Gift Bundle en ligne maintenant \u00e0 petit prix! Ton #1 shop pour cartes TCG &amp; Pok\u00e9mon en Suisse \u2713 Livraison gratuite d\u00e8s CHF 29\" \/>\n<meta name=\"robots\" content=\"index, follow, max-snippet:-1, max-image-preview:large, max-video-preview:-1\" \/>\n<link rel=\"canonical\" href=\"https:\/\/theuncommonshop.ch\/fr\/product\/magic-marvel-super-heroes-msh-gift-bundle-2\/\" \/>\n<meta property=\"og:locale\" content=\"fr_FR\" \/>\n<meta property=\"og:type\" content=\"article\" \/>\n<meta property=\"og:title\" content=\"Ach\u00e8te Magic - Marvel Super Heroes (MSH) - Gift Bundle\" \/>\n<meta property=\"og:description\" content=\"Ach\u00e8te Magic - Marvel Super Heroes (MSH) - Gift Bundle en ligne maintenant \u00e0 petit prix! Ton #1 shop pour cartes TCG &amp; Pok\u00e9mon en Suisse \u2713 Livraison gratuite d\u00e8s CHF 29\" \/>\n<meta property=\"og:url\" content=\"https:\/\/theuncommonshop.ch\/fr\/product\/magic-marvel-super-heroes-msh-gift-bundle-2\/\" \/>\n<meta property=\"og:site_name\" content=\"Largest trading card shop in Switzerland\" \/>\n<meta property=\"article:modified_time\" content=\"2026-03-29T16:03:14+00:00\" \/>\n<meta property=\"og:image\" content=\"https:\/\/theuncommonshop.ch\/wp-content\/uploads\/2026\/02\/GIFT1.png\" \/>\n\t<meta property=\"og:image:width\" content=\"900\" \/>\n\t<meta property=\"og:image:height\" content=\"1087\" \/>\n\t<meta property=\"og:image:type\" content=\"image\/png\" \/>\n<meta name=\"twitter:card\" content=\"summary_large_image\" \/>\n<meta name=\"twitter:label1\" content=\"Prix\" \/>\n\t<meta name=\"twitter:data1\" content=\"&#067;&#072;&#070;&nbsp;99.95\" \/>\n\t<meta name=\"twitter:label2\" content=\"Disponibilit\u00e9\" \/>\n\t<meta name=\"twitter:data2\" content=\"Rupture de stock\" \/>\n<script type=\"application\/ld+json\" class=\"yoast-schema-graph\">{\"@context\":\"https:\\\/\\\/schema.org\",\"@graph\":[{\"@type\":\"WebPage\",\"@id\":\"https:\\\/\\\/theuncommonshop.ch\\\/fr\\\/product\\\/magic-marvel-super-heroes-msh-gift-bundle-2\\\/\",\"url\":\"https:\\\/\\\/theuncommonshop.ch\\\/fr\\\/product\\\/magic-marvel-super-heroes-msh-gift-bundle-2\\\/\",\"name\":\"Ach\u00e8te Magic - Marvel Super Heroes (MSH) - Gift Bundle\",\"isPartOf\":{\"@id\":\"https:\\\/\\\/theuncommonshop.ch\\\/#website\"},\"primaryImageOfPage\":{\"@id\":\"https:\\\/\\\/theuncommonshop.ch\\\/fr\\\/product\\\/magic-marvel-super-heroes-msh-gift-bundle-2\\\/#primaryimage\"},\"image\":{\"@id\":\"https:\\\/\\\/theuncommonshop.ch\\\/fr\\\/product\\\/magic-marvel-super-heroes-msh-gift-bundle-2\\\/#primaryimage\"},\"thumbnailUrl\":\"https:\\\/\\\/theuncommonshop.ch\\\/wp-content\\\/uploads\\\/2026\\\/02\\\/GIFT1.png\",\"datePublished\":\"2026-02-08T18:00:33+00:00\",\"dateModified\":\"2026-03-29T16:03:14+00:00\",\"description\":\"Ach\u00e8te Magic - Marvel Super Heroes (MSH) - Gift Bundle en ligne maintenant \u00e0 petit prix! Ton #1 shop pour cartes TCG & Pok\u00e9mon en Suisse \u2713 Livraison gratuite d\u00e8s CHF 29\",\"breadcrumb\":{\"@id\":\"https:\\\/\\\/theuncommonshop.ch\\\/fr\\\/product\\\/magic-marvel-super-heroes-msh-gift-bundle-2\\\/#breadcrumb\"},\"inLanguage\":\"fr-FR\",\"potentialAction\":[{\"@type\":\"ReadAction\",\"target\":[\"https:\\\/\\\/theuncommonshop.ch\\\/fr\\\/product\\\/magic-marvel-super-heroes-msh-gift-bundle-2\\\/\"]}]},{\"@type\":\"ImageObject\",\"inLanguage\":\"fr-FR\",\"@id\":\"https:\\\/\\\/theuncommonshop.ch\\\/fr\\\/product\\\/magic-marvel-super-heroes-msh-gift-bundle-2\\\/#primaryimage\",\"url\":\"https:\\\/\\\/theuncommonshop.ch\\\/wp-content\\\/uploads\\\/2026\\\/02\\\/GIFT1.png\",\"contentUrl\":\"https:\\\/\\\/theuncommonshop.ch\\\/wp-content\\\/uploads\\\/2026\\\/02\\\/GIFT1.png\",\"width\":900,\"height\":1087},{\"@type\":\"BreadcrumbList\",\"@id\":\"https:\\\/\\\/theuncommonshop.ch\\\/fr\\\/product\\\/magic-marvel-super-heroes-msh-gift-bundle-2\\\/#breadcrumb\",\"itemListElement\":[{\"@type\":\"ListItem\",\"position\":1,\"name\":\"Accueil\",\"item\":\"https:\\\/\\\/theuncommonshop.ch\\\/fr\\\/accueil\\\/\"},{\"@type\":\"ListItem\",\"position\":2,\"name\":\"Boutique\",\"item\":\"https:\\\/\\\/theuncommonshop.ch\\\/fr\\\/boutique\\\/\"},{\"@type\":\"ListItem\",\"position\":3,\"name\":\"Magic the Gathering\",\"item\":\"https:\\\/\\\/theuncommonshop.ch\\\/fr\\\/categorie-produit\\\/magic-the-gathering-fr\\\/\"},{\"@type\":\"ListItem\",\"position\":4,\"name\":\"Produits par lots\",\"item\":\"https:\\\/\\\/theuncommonshop.ch\\\/fr\\\/categorie-produit\\\/magic-the-gathering-fr\\\/produits-par-lots-mtg\\\/\"},{\"@type\":\"ListItem\",\"position\":5,\"name\":\"Marvel Super Heroes\",\"item\":\"https:\\\/\\\/theuncommonshop.ch\\\/fr\\\/categorie-produit\\\/magic-the-gathering-fr\\\/produits-par-lots-mtg\\\/marvel-super-heroes-fr\\\/\"},{\"@type\":\"ListItem\",\"position\":6,\"name\":\"Magic &#8211; Marvel Super Heroes (MSH) &#8211; Gift Bundle\"}]},{\"@type\":\"WebSite\",\"@id\":\"https:\\\/\\\/theuncommonshop.ch\\\/#website\",\"url\":\"https:\\\/\\\/theuncommonshop.ch\\\/\",\"name\":\"Largest trading card shop in Switzerland\",\"description\":\"Magic, Pok\u00e9mon and Yu-gi-oh - The Uncommon Shop\",\"potentialAction\":[{\"@type\":\"SearchAction\",\"target\":{\"@type\":\"EntryPoint\",\"urlTemplate\":\"https:\\\/\\\/theuncommonshop.ch\\\/?s={search_term_string}\"},\"query-input\":{\"@type\":\"PropertyValueSpecification\",\"valueRequired\":true,\"valueName\":\"search_term_string\"}}],\"inLanguage\":\"fr-FR\"}]}<\/script>\n<meta property=\"product:price:amount\" content=\"99.95\" \/>\n<meta property=\"product:price:currency\" content=\"CHF\" \/>\n<meta property=\"og:availability\" content=\"out of stock\" \/>\n<meta property=\"product:availability\" content=\"out of stock\" \/>\n<meta property=\"product:retailer_item_id\" content=\"PRE.MagicMarvelSupHeroGiftBundle.EN\" \/>\n<meta property=\"product:condition\" content=\"new\" \/>\n<!-- \/ Yoast SEO plugin. -->","yoast_head_json":{"title":"Ach\u00e8te Magic - Marvel Super Heroes (MSH) - Gift Bundle","description":"Ach\u00e8te Magic - Marvel Super Heroes (MSH) - Gift Bundle en ligne maintenant \u00e0 petit prix! Ton #1 shop pour cartes TCG & Pok\u00e9mon en Suisse \u2713 Livraison gratuite d\u00e8s CHF 29","robots":{"index":"index","follow":"follow","max-snippet":"max-snippet:-1","max-image-preview":"max-image-preview:large","max-video-preview":"max-video-preview:-1"},"canonical":"https:\/\/theuncommonshop.ch\/fr\/product\/magic-marvel-super-heroes-msh-gift-bundle-2\/","og_locale":"fr_FR","og_type":"article","og_title":"Ach\u00e8te Magic - Marvel Super Heroes (MSH) - Gift Bundle","og_description":"Ach\u00e8te Magic - Marvel Super Heroes (MSH) - Gift Bundle en ligne maintenant \u00e0 petit prix! Ton #1 shop pour cartes TCG & Pok\u00e9mon en Suisse \u2713 Livraison gratuite d\u00e8s CHF 29","og_url":"https:\/\/theuncommonshop.ch\/fr\/product\/magic-marvel-super-heroes-msh-gift-bundle-2\/","og_site_name":"Largest trading card shop in Switzerland","article_modified_time":"2026-03-29T16:03:14+00:00","og_image":[{"width":900,"height":1087,"url":"https:\/\/theuncommonshop.ch\/wp-content\/uploads\/2026\/02\/GIFT1.png","type":"image\/png"}],"twitter_card":"summary_large_image","twitter_misc":{"Prix":"&#67;&#72;&#70;&nbsp;99.95","Disponibilit\u00e9":"Rupture de stock"},"schema":{"@context":"https:\/\/schema.org","@graph":[{"@type":"WebPage","@id":"https:\/\/theuncommonshop.ch\/fr\/product\/magic-marvel-super-heroes-msh-gift-bundle-2\/","url":"https:\/\/theuncommonshop.ch\/fr\/product\/magic-marvel-super-heroes-msh-gift-bundle-2\/","name":"Ach\u00e8te Magic - Marvel Super Heroes (MSH) - Gift Bundle","isPartOf":{"@id":"https:\/\/theuncommonshop.ch\/#website"},"primaryImageOfPage":{"@id":"https:\/\/theuncommonshop.ch\/fr\/product\/magic-marvel-super-heroes-msh-gift-bundle-2\/#primaryimage"},"image":{"@id":"https:\/\/theuncommonshop.ch\/fr\/product\/magic-marvel-super-heroes-msh-gift-bundle-2\/#primaryimage"},"thumbnailUrl":"https:\/\/theuncommonshop.ch\/wp-content\/uploads\/2026\/02\/GIFT1.png","datePublished":"2026-02-08T18:00:33+00:00","dateModified":"2026-03-29T16:03:14+00:00","description":"Ach\u00e8te Magic - Marvel Super Heroes (MSH) - Gift Bundle en ligne maintenant \u00e0 petit prix! Ton #1 shop pour cartes TCG & Pok\u00e9mon en Suisse \u2713 Livraison gratuite d\u00e8s CHF 29","breadcrumb":{"@id":"https:\/\/theuncommonshop.ch\/fr\/product\/magic-marvel-super-heroes-msh-gift-bundle-2\/#breadcrumb"},"inLanguage":"fr-FR","potentialAction":[{"@type":"ReadAction","target":["https:\/\/theuncommonshop.ch\/fr\/product\/magic-marvel-super-heroes-msh-gift-bundle-2\/"]}]},{"@type":"ImageObject","inLanguage":"fr-FR","@id":"https:\/\/theuncommonshop.ch\/fr\/product\/magic-marvel-super-heroes-msh-gift-bundle-2\/#primaryimage","url":"https:\/\/theuncommonshop.ch\/wp-content\/uploads\/2026\/02\/GIFT1.png","contentUrl":"https:\/\/theuncommonshop.ch\/wp-content\/uploads\/2026\/02\/GIFT1.png","width":900,"height":1087},{"@type":"BreadcrumbList","@id":"https:\/\/theuncommonshop.ch\/fr\/product\/magic-marvel-super-heroes-msh-gift-bundle-2\/#breadcrumb","itemListElement":[{"@type":"ListItem","position":1,"name":"Accueil","item":"https:\/\/theuncommonshop.ch\/fr\/accueil\/"},{"@type":"ListItem","position":2,"name":"Boutique","item":"https:\/\/theuncommonshop.ch\/fr\/boutique\/"},{"@type":"ListItem","position":3,"name":"Magic the Gathering","item":"https:\/\/theuncommonshop.ch\/fr\/categorie-produit\/magic-the-gathering-fr\/"},{"@type":"ListItem","position":4,"name":"Produits par lots","item":"https:\/\/theuncommonshop.ch\/fr\/categorie-produit\/magic-the-gathering-fr\/produits-par-lots-mtg\/"},{"@type":"ListItem","position":5,"name":"Marvel Super Heroes","item":"https:\/\/theuncommonshop.ch\/fr\/categorie-produit\/magic-the-gathering-fr\/produits-par-lots-mtg\/marvel-super-heroes-fr\/"},{"@type":"ListItem","position":6,"name":"Magic &#8211; Marvel Super Heroes (MSH) &#8211; Gift Bundle"}]},{"@type":"WebSite","@id":"https:\/\/theuncommonshop.ch\/#website","url":"https:\/\/theuncommonshop.ch\/","name":"Largest trading card shop in Switzerland","description":"Magic, Pok\u00e9mon and Yu-gi-oh - The Uncommon Shop","potentialAction":[{"@type":"SearchAction","target":{"@type":"EntryPoint","urlTemplate":"https:\/\/theuncommonshop.ch\/?s={search_term_string}"},"query-input":{"@type":"PropertyValueSpecification","valueRequired":true,"valueName":"search_term_string"}}],"inLanguage":"fr-FR"}]},"product_price_amount":"99.95","product_price_currency":"CHF","og_availability":"out of stock","product_availability":"out of stock","product_retailer_item_id":"PRE.MagicMarvelSupHeroGiftBundle.EN","product_condition":"new"},"_links":{"self":[{"href":"https:\/\/theuncommonshop.ch\/fr\/wp-json\/wp\/v2\/product\/308767","targetHints":{"allow":["GET"]}}],"collection":[{"href":"https:\/\/theuncommonshop.ch\/fr\/wp-json\/wp\/v2\/product"}],"about":[{"href":"https:\/\/theuncommonshop.ch\/fr\/wp-json\/wp\/v2\/types\/product"}],"replies":[{"embeddable":true,"href":"https:\/\/theuncommonshop.ch\/fr\/wp-json\/wp\/v2\/comments?post=308767"}],"version-history":[{"count":2,"href":"https:\/\/theuncommonshop.ch\/fr\/wp-json\/wp\/v2\/product\/308767\/revisions"}],"predecessor-version":[{"id":360751,"href":"https:\/\/theuncommonshop.ch\/fr\/wp-json\/wp\/v2\/product\/308767\/revisions\/360751"}],"wp:featuredmedia":[{"embeddable":true,"href":"https:\/\/theuncommonshop.ch\/fr\/wp-json\/wp\/v2\/media\/299285"}],"wp:attachment":[{"href":"https:\/\/theuncommonshop.ch\/fr\/wp-json\/wp\/v2\/media?parent=308767"}],"wp:term":[{"taxonomy":"product_brand","embeddable":true,"href":"https:\/\/theuncommonshop.ch\/fr\/wp-json\/wp\/v2\/product_brand?post=308767"},{"taxonomy":"product_cat","embeddable":true,"href":"https:\/\/theuncommonshop.ch\/fr\/wp-json\/wp\/v2\/product_cat?post=308767"},{"taxonomy":"product_tag","embeddable":true,"href":"https:\/\/theuncommonshop.ch\/fr\/wp-json\/wp\/v2\/product_tag?post=308767"}],"curies":[{"name":"wp","href":"https:\/\/api.w.org\/{rel}","templated":true}]}}