{"id":308694,"date":"2026-02-07T21:09:40","date_gmt":"2026-02-07T20:09:40","guid":{"rendered":"http:\/\/theuncommonshop.ch\/produkt\/308694\/"},"modified":"2026-05-04T16:25:43","modified_gmt":"2026-05-04T14:25:43","slug":"magic-secrets-of-strixhaven-sos-codex-bundle-2","status":"publish","type":"product","link":"https:\/\/theuncommonshop.ch\/fr\/product\/magic-secrets-of-strixhaven-sos-codex-bundle-2\/","title":{"rendered":"Magic &#8211; Secrets of Strixhaven (SOS) &#8211; Codex Bundle"},"content":{"rendered":"<p><strong>Magic &#8211; Secrets of Strixhaven (SOS) &#8211; Codex Bundle<\/strong><\/p>\n<p>Appel \u00e0 tous les rats de biblioth\u00e8que ! Ce paquet magique est soigneusement rempli de tous les extras qu&#8217;un \u00e9l\u00e8ve mod\u00e8le peut souhaiter. Cach\u00e9s dans ses pages, vous trouverez des Collector Booster, des Play Booster, des cartes promotionnelles Foil, un compteur de points de vie sp\u00e9cial Spindown\u2122 et bien plus encore !  <\/p>\n<p><strong data-redactor-tag=\"strong\">Contenu :<\/strong><\/p>\n<ul>\n<li>Inclut 2 Collector Boosters de &#8220;Secrets of Strixhaven&#8221;.<\/li>\n<li>Chaque Collector Booster contient 15 cartes Magic : The Gathering.<\/li>\n<li>Peut contenir les cartes suivantes : SOS 1-271, 282-362 ; SOC 1-10, 61-108 ; SOA 1-195 ; SPG 149-158<\/li>\n<li>Contient 5 cartes de raret\u00e9 &#8220;Rare&#8221; ou sup\u00e9rieure.<\/li>\n<li>5 cartes inhabituelles.<\/li>\n<li>4 cartes ordinaires.<\/li>\n<li>1 pays.<\/li>\n<li>Headliner Mythic dans &lt;1 % des Boosters.<\/li>\n<li>Contient 6 boosters de jeu &#8220;Secrets of Strixhaven&#8221;.<\/li>\n<li>Chaque booster de jeu contient 14 cartes Magic : The Gathering.<\/li>\n<li>Peut contenir les cartes suivantes : SOS 1-305 ; SOA 1-65 ; SPG 149-158<\/li>\n<li>1-5 cartes de raret\u00e9 &#8220;Rare&#8221; ou plus (2 : 33 % ; 3 : 6 % ; 4-5 : &lt;1 %)<\/li>\n<li>3-6 cartes inhabituelles<\/li>\n<li>5-8 cartes ordinaires<\/li>\n<li>1 carte g\u00e9ographique<\/li>\n<li>1 carte de n&#8217;importe quelle raret\u00e9 est une carte folio traditionnelle<\/li>\n<li>Foil Borderless Mythic dans &lt;1 % des Boosters<\/li>\n<li>La carte \u00e0 diapositives traditionnelle remplace une carte g\u00e9ographique dans 20 % des Boosters<\/li>\n<li>20 cartes transparentes traditionnelles, dont 4 de chaque carte de mana<\/li>\n<li>1 Booster Codex, dont 2 cartes promotionnelles traditionnelles \u00e0 film sans marge<\/li>\n<li>Compteur de points de vie Spindown surdimensionn\u00e9<\/li>\n<\/ul>\n","protected":false},"excerpt":{"rendered":"<p>Magic &#8211; Secrets of Strixhaven (SOS) &#8211; Codex Bundle Appel \u00e0 tous les rats de biblioth\u00e8que ! Ce paquet magique<\/p>\n","protected":false},"featured_media":308695,"comment_status":"open","ping_status":"closed","template":"","meta":{"_acf_changed":false},"product_brand":[5158,5070],"product_cat":[9971,10313,9967,9993,9991],"product_tag":[],"class_list":{"0":"post-308694","1":"product","2":"type-product","3":"status-publish","4":"has-post-thumbnail","6":"product_brand-magic-the-gathering","7":"product_brand-wizards-of-the-coast","8":"product_cat-bundles-fr","9":"product_cat-les-secrets-de-strixhaven","10":"product_cat-magic-the-gathering-fr","11":"product_cat-precommande-mtg","12":"product_cat-produits-par-lots-mtg","14":"first","15":"outofstock","16":"sold-individually","17":"taxable","18":"shipping-taxable","19":"purchasable","20":"product-type-simple"},"acf":[],"yoast_head":"<!-- This site is optimized with the Yoast SEO plugin v27.5 - https:\/\/yoast.com\/product\/yoast-seo-wordpress\/ -->\n<title>Ach\u00e8te Magic - Secrets of Strixhaven (SOS) - Codex Bundle<\/title>\n<meta name=\"description\" content=\"Ach\u00e8te Magic - Secrets of Strixhaven (SOS) - Codex Bundle en ligne maintenant \u00e0 petit prix! Ton #1 shop pour cartes TCG &amp; Pok\u00e9mon en Suisse \u2713 Livraison gratuite d\u00e8s CHF 29\" \/>\n<meta name=\"robots\" content=\"index, follow, max-snippet:-1, max-image-preview:large, max-video-preview:-1\" \/>\n<link rel=\"canonical\" href=\"https:\/\/theuncommonshop.ch\/fr\/product\/magic-secrets-of-strixhaven-sos-codex-bundle-2\/\" \/>\n<meta property=\"og:locale\" content=\"fr_FR\" \/>\n<meta property=\"og:type\" content=\"article\" \/>\n<meta property=\"og:title\" content=\"Ach\u00e8te Magic - Secrets of Strixhaven (SOS) - Codex Bundle\" \/>\n<meta property=\"og:description\" content=\"Ach\u00e8te Magic - Secrets of Strixhaven (SOS) - Codex Bundle en ligne maintenant \u00e0 petit prix! Ton #1 shop pour cartes TCG &amp; Pok\u00e9mon en Suisse \u2713 Livraison gratuite d\u00e8s CHF 29\" \/>\n<meta property=\"og:url\" content=\"https:\/\/theuncommonshop.ch\/fr\/product\/magic-secrets-of-strixhaven-sos-codex-bundle-2\/\" \/>\n<meta property=\"og:site_name\" content=\"The Uncommon Shop\" \/>\n<meta property=\"article:modified_time\" content=\"2026-05-04T14:25:43+00:00\" \/>\n<meta property=\"og:image\" content=\"https:\/\/theuncommonshop.ch\/wp-content\/uploads\/2026\/02\/BOOK1.png\" \/>\n\t<meta property=\"og:image:width\" content=\"900\" \/>\n\t<meta property=\"og:image:height\" content=\"1382\" \/>\n\t<meta property=\"og:image:type\" content=\"image\/png\" \/>\n<meta name=\"twitter:card\" content=\"summary_large_image\" \/>\n<meta name=\"twitter:label1\" content=\"Prix\" \/>\n\t<meta name=\"twitter:data1\" content=\"&#067;&#072;&#070;&nbsp;159.95\" \/>\n\t<meta name=\"twitter:label2\" content=\"Disponibilit\u00e9\" \/>\n\t<meta name=\"twitter:data2\" content=\"Rupture de stock\" \/>\n<script type=\"application\/ld+json\" class=\"yoast-schema-graph\">{\"@context\":\"https:\\\/\\\/schema.org\",\"@graph\":[{\"@type\":\"WebPage\",\"@id\":\"https:\\\/\\\/theuncommonshop.ch\\\/fr\\\/product\\\/magic-secrets-of-strixhaven-sos-codex-bundle-2\\\/\",\"url\":\"https:\\\/\\\/theuncommonshop.ch\\\/fr\\\/product\\\/magic-secrets-of-strixhaven-sos-codex-bundle-2\\\/\",\"name\":\"Ach\u00e8te Magic - Secrets of Strixhaven (SOS) - Codex Bundle\",\"isPartOf\":{\"@id\":\"https:\\\/\\\/theuncommonshop.ch\\\/fr\\\/#website\"},\"primaryImageOfPage\":{\"@id\":\"https:\\\/\\\/theuncommonshop.ch\\\/fr\\\/product\\\/magic-secrets-of-strixhaven-sos-codex-bundle-2\\\/#primaryimage\"},\"image\":{\"@id\":\"https:\\\/\\\/theuncommonshop.ch\\\/fr\\\/product\\\/magic-secrets-of-strixhaven-sos-codex-bundle-2\\\/#primaryimage\"},\"thumbnailUrl\":\"https:\\\/\\\/theuncommonshop.ch\\\/wp-content\\\/uploads\\\/2026\\\/02\\\/BOOK1.png\",\"datePublished\":\"2026-02-07T20:09:40+00:00\",\"dateModified\":\"2026-05-04T14:25:43+00:00\",\"description\":\"Ach\u00e8te Magic - Secrets of Strixhaven (SOS) - Codex Bundle en ligne maintenant \u00e0 petit prix! Ton #1 shop pour cartes TCG & Pok\u00e9mon en Suisse \u2713 Livraison gratuite d\u00e8s CHF 29\",\"breadcrumb\":{\"@id\":\"https:\\\/\\\/theuncommonshop.ch\\\/fr\\\/product\\\/magic-secrets-of-strixhaven-sos-codex-bundle-2\\\/#breadcrumb\"},\"inLanguage\":\"fr-FR\",\"potentialAction\":[{\"@type\":\"ReadAction\",\"target\":[\"https:\\\/\\\/theuncommonshop.ch\\\/fr\\\/product\\\/magic-secrets-of-strixhaven-sos-codex-bundle-2\\\/\"]}]},{\"@type\":\"ImageObject\",\"inLanguage\":\"fr-FR\",\"@id\":\"https:\\\/\\\/theuncommonshop.ch\\\/fr\\\/product\\\/magic-secrets-of-strixhaven-sos-codex-bundle-2\\\/#primaryimage\",\"url\":\"https:\\\/\\\/theuncommonshop.ch\\\/wp-content\\\/uploads\\\/2026\\\/02\\\/BOOK1.png\",\"contentUrl\":\"https:\\\/\\\/theuncommonshop.ch\\\/wp-content\\\/uploads\\\/2026\\\/02\\\/BOOK1.png\",\"width\":900,\"height\":1382},{\"@type\":\"BreadcrumbList\",\"@id\":\"https:\\\/\\\/theuncommonshop.ch\\\/fr\\\/product\\\/magic-secrets-of-strixhaven-sos-codex-bundle-2\\\/#breadcrumb\",\"itemListElement\":[{\"@type\":\"ListItem\",\"position\":1,\"name\":\"Accueil\",\"item\":\"https:\\\/\\\/theuncommonshop.ch\\\/fr\\\/accueil\\\/\"},{\"@type\":\"ListItem\",\"position\":2,\"name\":\"Boutique\",\"item\":\"https:\\\/\\\/theuncommonshop.ch\\\/fr\\\/boutique\\\/\"},{\"@type\":\"ListItem\",\"position\":3,\"name\":\"Magic the Gathering\",\"item\":\"https:\\\/\\\/theuncommonshop.ch\\\/fr\\\/categorie-produit\\\/magic-the-gathering-fr\\\/\"},{\"@type\":\"ListItem\",\"position\":4,\"name\":\"Produits par lots\",\"item\":\"https:\\\/\\\/theuncommonshop.ch\\\/fr\\\/categorie-produit\\\/magic-the-gathering-fr\\\/produits-par-lots-mtg\\\/\"},{\"@type\":\"ListItem\",\"position\":5,\"name\":\"Les secrets de Strixhaven\",\"item\":\"https:\\\/\\\/theuncommonshop.ch\\\/fr\\\/categorie-produit\\\/magic-the-gathering-fr\\\/produits-par-lots-mtg\\\/les-secrets-de-strixhaven\\\/\"},{\"@type\":\"ListItem\",\"position\":6,\"name\":\"Magic &#8211; Secrets of Strixhaven (SOS) &#8211; Codex Bundle\"}]},{\"@type\":\"WebSite\",\"@id\":\"https:\\\/\\\/theuncommonshop.ch\\\/fr\\\/#website\",\"url\":\"https:\\\/\\\/theuncommonshop.ch\\\/fr\\\/\",\"name\":\"The Uncommon Shop\",\"description\":\"Magic, Pok\u00e9mon and Yu-gi-oh - The Uncommon Shop\",\"potentialAction\":[{\"@type\":\"SearchAction\",\"target\":{\"@type\":\"EntryPoint\",\"urlTemplate\":\"https:\\\/\\\/theuncommonshop.ch\\\/fr\\\/?s={search_term_string}\"},\"query-input\":{\"@type\":\"PropertyValueSpecification\",\"valueRequired\":true,\"valueName\":\"search_term_string\"}}],\"inLanguage\":\"fr-FR\"}]}<\/script>\n<meta property=\"product:price:amount\" content=\"159.95\" \/>\n<meta property=\"product:price:currency\" content=\"CHF\" \/>\n<meta property=\"og:availability\" content=\"out of stock\" \/>\n<meta property=\"product:availability\" content=\"out of stock\" \/>\n<meta property=\"product:retailer_item_id\" content=\"PRE.MagicSecOfStrixhavenCodexBundle.EN\" \/>\n<meta property=\"product:condition\" content=\"new\" \/>\n<!-- \/ Yoast SEO plugin. -->","yoast_head_json":{"title":"Ach\u00e8te Magic - Secrets of Strixhaven (SOS) - Codex Bundle","description":"Ach\u00e8te Magic - Secrets of Strixhaven (SOS) - Codex Bundle en ligne maintenant \u00e0 petit prix! Ton #1 shop pour cartes TCG & Pok\u00e9mon en Suisse \u2713 Livraison gratuite d\u00e8s CHF 29","robots":{"index":"index","follow":"follow","max-snippet":"max-snippet:-1","max-image-preview":"max-image-preview:large","max-video-preview":"max-video-preview:-1"},"canonical":"https:\/\/theuncommonshop.ch\/fr\/product\/magic-secrets-of-strixhaven-sos-codex-bundle-2\/","og_locale":"fr_FR","og_type":"article","og_title":"Ach\u00e8te Magic - Secrets of Strixhaven (SOS) - Codex Bundle","og_description":"Ach\u00e8te Magic - Secrets of Strixhaven (SOS) - Codex Bundle en ligne maintenant \u00e0 petit prix! Ton #1 shop pour cartes TCG & Pok\u00e9mon en Suisse \u2713 Livraison gratuite d\u00e8s CHF 29","og_url":"https:\/\/theuncommonshop.ch\/fr\/product\/magic-secrets-of-strixhaven-sos-codex-bundle-2\/","og_site_name":"The Uncommon Shop","article_modified_time":"2026-05-04T14:25:43+00:00","og_image":[{"width":900,"height":1382,"url":"https:\/\/theuncommonshop.ch\/wp-content\/uploads\/2026\/02\/BOOK1.png","type":"image\/png"}],"twitter_card":"summary_large_image","twitter_misc":{"Prix":"&#67;&#72;&#70;&nbsp;159.95","Disponibilit\u00e9":"Rupture de stock"},"schema":{"@context":"https:\/\/schema.org","@graph":[{"@type":"WebPage","@id":"https:\/\/theuncommonshop.ch\/fr\/product\/magic-secrets-of-strixhaven-sos-codex-bundle-2\/","url":"https:\/\/theuncommonshop.ch\/fr\/product\/magic-secrets-of-strixhaven-sos-codex-bundle-2\/","name":"Ach\u00e8te Magic - Secrets of Strixhaven (SOS) - Codex Bundle","isPartOf":{"@id":"https:\/\/theuncommonshop.ch\/fr\/#website"},"primaryImageOfPage":{"@id":"https:\/\/theuncommonshop.ch\/fr\/product\/magic-secrets-of-strixhaven-sos-codex-bundle-2\/#primaryimage"},"image":{"@id":"https:\/\/theuncommonshop.ch\/fr\/product\/magic-secrets-of-strixhaven-sos-codex-bundle-2\/#primaryimage"},"thumbnailUrl":"https:\/\/theuncommonshop.ch\/wp-content\/uploads\/2026\/02\/BOOK1.png","datePublished":"2026-02-07T20:09:40+00:00","dateModified":"2026-05-04T14:25:43+00:00","description":"Ach\u00e8te Magic - Secrets of Strixhaven (SOS) - Codex Bundle en ligne maintenant \u00e0 petit prix! Ton #1 shop pour cartes TCG & Pok\u00e9mon en Suisse \u2713 Livraison gratuite d\u00e8s CHF 29","breadcrumb":{"@id":"https:\/\/theuncommonshop.ch\/fr\/product\/magic-secrets-of-strixhaven-sos-codex-bundle-2\/#breadcrumb"},"inLanguage":"fr-FR","potentialAction":[{"@type":"ReadAction","target":["https:\/\/theuncommonshop.ch\/fr\/product\/magic-secrets-of-strixhaven-sos-codex-bundle-2\/"]}]},{"@type":"ImageObject","inLanguage":"fr-FR","@id":"https:\/\/theuncommonshop.ch\/fr\/product\/magic-secrets-of-strixhaven-sos-codex-bundle-2\/#primaryimage","url":"https:\/\/theuncommonshop.ch\/wp-content\/uploads\/2026\/02\/BOOK1.png","contentUrl":"https:\/\/theuncommonshop.ch\/wp-content\/uploads\/2026\/02\/BOOK1.png","width":900,"height":1382},{"@type":"BreadcrumbList","@id":"https:\/\/theuncommonshop.ch\/fr\/product\/magic-secrets-of-strixhaven-sos-codex-bundle-2\/#breadcrumb","itemListElement":[{"@type":"ListItem","position":1,"name":"Accueil","item":"https:\/\/theuncommonshop.ch\/fr\/accueil\/"},{"@type":"ListItem","position":2,"name":"Boutique","item":"https:\/\/theuncommonshop.ch\/fr\/boutique\/"},{"@type":"ListItem","position":3,"name":"Magic the Gathering","item":"https:\/\/theuncommonshop.ch\/fr\/categorie-produit\/magic-the-gathering-fr\/"},{"@type":"ListItem","position":4,"name":"Produits par lots","item":"https:\/\/theuncommonshop.ch\/fr\/categorie-produit\/magic-the-gathering-fr\/produits-par-lots-mtg\/"},{"@type":"ListItem","position":5,"name":"Les secrets de Strixhaven","item":"https:\/\/theuncommonshop.ch\/fr\/categorie-produit\/magic-the-gathering-fr\/produits-par-lots-mtg\/les-secrets-de-strixhaven\/"},{"@type":"ListItem","position":6,"name":"Magic &#8211; Secrets of Strixhaven (SOS) &#8211; Codex Bundle"}]},{"@type":"WebSite","@id":"https:\/\/theuncommonshop.ch\/fr\/#website","url":"https:\/\/theuncommonshop.ch\/fr\/","name":"The Uncommon Shop","description":"Magic, Pok\u00e9mon and Yu-gi-oh - The Uncommon Shop","potentialAction":[{"@type":"SearchAction","target":{"@type":"EntryPoint","urlTemplate":"https:\/\/theuncommonshop.ch\/fr\/?s={search_term_string}"},"query-input":{"@type":"PropertyValueSpecification","valueRequired":true,"valueName":"search_term_string"}}],"inLanguage":"fr-FR"}]},"product_price_amount":"159.95","product_price_currency":"CHF","og_availability":"out of stock","product_availability":"out of stock","product_retailer_item_id":"PRE.MagicSecOfStrixhavenCodexBundle.EN","product_condition":"new"},"_links":{"self":[{"href":"https:\/\/theuncommonshop.ch\/fr\/wp-json\/wp\/v2\/product\/308694","targetHints":{"allow":["GET"]}}],"collection":[{"href":"https:\/\/theuncommonshop.ch\/fr\/wp-json\/wp\/v2\/product"}],"about":[{"href":"https:\/\/theuncommonshop.ch\/fr\/wp-json\/wp\/v2\/types\/product"}],"replies":[{"embeddable":true,"href":"https:\/\/theuncommonshop.ch\/fr\/wp-json\/wp\/v2\/comments?post=308694"}],"version-history":[{"count":0,"href":"https:\/\/theuncommonshop.ch\/fr\/wp-json\/wp\/v2\/product\/308694\/revisions"}],"wp:featuredmedia":[{"embeddable":true,"href":"https:\/\/theuncommonshop.ch\/fr\/wp-json\/wp\/v2\/media\/308695"}],"wp:attachment":[{"href":"https:\/\/theuncommonshop.ch\/fr\/wp-json\/wp\/v2\/media?parent=308694"}],"wp:term":[{"taxonomy":"product_brand","embeddable":true,"href":"https:\/\/theuncommonshop.ch\/fr\/wp-json\/wp\/v2\/product_brand?post=308694"},{"taxonomy":"product_cat","embeddable":true,"href":"https:\/\/theuncommonshop.ch\/fr\/wp-json\/wp\/v2\/product_cat?post=308694"},{"taxonomy":"product_tag","embeddable":true,"href":"https:\/\/theuncommonshop.ch\/fr\/wp-json\/wp\/v2\/product_tag?post=308694"}],"curies":[{"name":"wp","href":"https:\/\/api.w.org\/{rel}","templated":true}]}}