{"id":308448,"date":"2026-01-31T23:21:19","date_gmt":"2026-01-31T22:21:19","guid":{"rendered":"http:\/\/theuncommonshop.ch\/produkt\/308448\/"},"modified":"2026-03-08T16:48:21","modified_gmt":"2026-03-08T15:48:21","slug":"mould-king-koenig-one-2","status":"publish","type":"product","link":"https:\/\/theuncommonshop.ch\/fr\/product\/mould-king-koenig-one-2\/","title":{"rendered":"Mould King &#8211; Koenig One"},"content":{"rendered":"<p>Avec plus de 3000 briques, le Mould King 13120 Koenig One est un objet de convoitise pour les amateurs de briques \u00e0 pinces qui ont un faible pour les supercars. Le mod\u00e8le r\u00e9duit \u00e0 l&#8217;\u00e9chelle 1\/10e convainc par son aspect d\u00e9taill\u00e9. Le nouveau mod\u00e8le avec des couleurs modifi\u00e9es.  <\/p>\n<p>Version statique &#8211; sans Power Functions<\/p>\n<ul>\n<li><span class=\"price-unit-label\">Contenu : <\/span><span class=\"price-unit-content\">3063 pi\u00e8ces<\/span><\/li>\n<li class=\"twt-product-detail-length-container twt-product-specifications-container\"><span class=\"twt-product-detail-length-label twt-product-specifications-label\">longueur : <\/span><span class=\"twt-product-detail-length\">470 mm<\/span><\/li>\n<li class=\"twt-product-detail-width-container twt-product-specifications-container\"><span class=\"twt-product-detail-width-label twt-product-specifications-label\">largeur : <\/span><span class=\"twt-product-detail-width\">225 mm<\/span><\/li>\n<li class=\"twt-product-detail-height-container twt-product-specifications-container\"><span class=\"twt-product-detail-height-label twt-product-specifications-label\">hauteur : <\/span><span class=\"twt-product-detail-height\">135 mm<\/span><\/li>\n<li class=\"twt-product-detail-weight-container twt-product-specifications-container\"><span class=\"twt-product-detail-weight-label twt-product-specifications-label\">Poids de l&#8217;appareil : <\/span><span class=\"twt-product-detail-weight\">2,9 kg<\/span><\/li>\n<\/ul>\n<table class=\"table table-striped product-detail-properties-table\">\n<tbody>\n<tr class=\"properties-row\">\n<th class=\"properties-label\">Attention :<\/th>\n<td class=\"properties-value\">Ne convient pas aux enfants de moins de 3 ans, car de petites pi\u00e8ces peuvent \u00eatre aval\u00e9es. Risque d&#8217;\u00e9touffement ! <\/td>\n<\/tr>\n<tr class=\"properties-row\">\n<th class=\"properties-label\">\u00c2ge recommand\u00e9 :<\/th>\n<td class=\"properties-value\">14+<\/td>\n<\/tr>\n<tr class=\"properties-row\">\n<th class=\"properties-label\">Instructions de montage :<\/th>\n<td class=\"properties-value\">Instructions de construction bien compr\u00e9hensibles incluses.<\/td>\n<\/tr>\n<tr class=\"properties-row\">\n<th class=\"properties-label\">Compatible :<\/th>\n<td class=\"properties-value\">Standard &#8211; 100% compatible avec les briques de serrage d&#8217;autres grands fabricants.<\/td>\n<\/tr>\n<tr class=\"properties-row\">\n<th class=\"properties-label\">Groupe de mat\u00e9riaux :<\/th>\n<td class=\"properties-value\">Plastique : ABS<\/td>\n<\/tr>\n<tr class=\"properties-row\">\n<th class=\"properties-label\">\u00c9chelle :<\/th>\n<td class=\"properties-value\">1:10<\/td>\n<\/tr>\n<tr class=\"properties-row\">\n<th class=\"properties-label\">la motorisation :<\/th>\n<td class=\"properties-value\">en option<\/td>\n<\/tr>\n<tr class=\"properties-row\">\n<th class=\"properties-label\">Qualit\u00e9 :<\/th>\n<td class=\"properties-value\">Tr\u00e8s bonne qualit\u00e9 et force de serrage des briques.<\/td>\n<\/tr>\n<tr class=\"properties-row\">\n<th class=\"properties-label\">Emballage :<\/th>\n<td class=\"properties-value\">Original<\/td>\n<\/tr>\n<\/tbody>\n<\/table>\n","protected":false},"excerpt":{"rendered":"<p>Avec plus de 3000 briques, le Mould King 13120 Koenig One est un objet de convoitise pour les amateurs de<\/p>\n","protected":false},"featured_media":298373,"comment_status":"open","ping_status":"closed","template":"","meta":{"_acf_changed":false},"product_brand":[5196],"product_cat":[9905,9901,10303],"product_tag":[],"class_list":{"0":"post-308448","1":"product","2":"type-product","3":"status-publish","4":"has-post-thumbnail","6":"product_brand-mould-king","7":"product_cat-briques-de-construction","8":"product_cat-jouets","9":"product_cat-mould-king-fr","11":"first","12":"instock","13":"taxable","14":"shipping-taxable","15":"purchasable","16":"product-type-simple"},"acf":[],"yoast_head":"<!-- This site is optimized with the Yoast SEO plugin v27.4 - https:\/\/yoast.com\/product\/yoast-seo-wordpress\/ -->\n<title>Ach\u00e8te Mould King - Koenig One<\/title>\n<meta name=\"description\" content=\"Ach\u00e8te Mould King - Koenig One en ligne maintenant \u00e0 petit prix! Ton #1 shop pour cartes TCG &amp; Pok\u00e9mon en Suisse \u2713 Livraison gratuite d\u00e8s CHF 29\" \/>\n<meta name=\"robots\" content=\"index, follow, max-snippet:-1, max-image-preview:large, max-video-preview:-1\" \/>\n<link rel=\"canonical\" href=\"https:\/\/theuncommonshop.ch\/fr\/product\/mould-king-koenig-one-2\/\" \/>\n<meta property=\"og:locale\" content=\"fr_FR\" \/>\n<meta property=\"og:type\" content=\"article\" \/>\n<meta property=\"og:title\" content=\"Ach\u00e8te Mould King - Koenig One\" \/>\n<meta property=\"og:description\" content=\"Ach\u00e8te Mould King - Koenig One en ligne maintenant \u00e0 petit prix! Ton #1 shop pour cartes TCG &amp; Pok\u00e9mon en Suisse \u2713 Livraison gratuite d\u00e8s CHF 29\" \/>\n<meta property=\"og:url\" content=\"https:\/\/theuncommonshop.ch\/fr\/product\/mould-king-koenig-one-2\/\" \/>\n<meta property=\"og:site_name\" content=\"The Uncommon Shop\" \/>\n<meta property=\"article:modified_time\" content=\"2026-03-08T15:48:21+00:00\" \/>\n<meta property=\"og:image\" content=\"https:\/\/theuncommonshop.ch\/wp-content\/uploads\/2026\/01\/RED1.jpg\" \/>\n\t<meta property=\"og:image:width\" content=\"1920\" \/>\n\t<meta property=\"og:image:height\" content=\"898\" \/>\n\t<meta property=\"og:image:type\" content=\"image\/jpeg\" \/>\n<meta name=\"twitter:card\" content=\"summary_large_image\" \/>\n<meta name=\"twitter:label1\" content=\"Prix\" \/>\n\t<meta name=\"twitter:data1\" content=\"&#067;&#072;&#070;&nbsp;139.95\" \/>\n\t<meta name=\"twitter:label2\" content=\"Disponibilit\u00e9\" \/>\n\t<meta name=\"twitter:data2\" content=\"En stock\" \/>\n<script type=\"application\/ld+json\" class=\"yoast-schema-graph\">{\"@context\":\"https:\\\/\\\/schema.org\",\"@graph\":[{\"@type\":\"WebPage\",\"@id\":\"https:\\\/\\\/theuncommonshop.ch\\\/fr\\\/product\\\/mould-king-koenig-one-2\\\/\",\"url\":\"https:\\\/\\\/theuncommonshop.ch\\\/fr\\\/product\\\/mould-king-koenig-one-2\\\/\",\"name\":\"Ach\u00e8te Mould King - Koenig One\",\"isPartOf\":{\"@id\":\"https:\\\/\\\/theuncommonshop.ch\\\/fr\\\/#website\"},\"primaryImageOfPage\":{\"@id\":\"https:\\\/\\\/theuncommonshop.ch\\\/fr\\\/product\\\/mould-king-koenig-one-2\\\/#primaryimage\"},\"image\":{\"@id\":\"https:\\\/\\\/theuncommonshop.ch\\\/fr\\\/product\\\/mould-king-koenig-one-2\\\/#primaryimage\"},\"thumbnailUrl\":\"https:\\\/\\\/theuncommonshop.ch\\\/wp-content\\\/uploads\\\/2026\\\/01\\\/RED1.jpg\",\"datePublished\":\"2026-01-31T22:21:19+00:00\",\"dateModified\":\"2026-03-08T15:48:21+00:00\",\"description\":\"Ach\u00e8te Mould King - Koenig One en ligne maintenant \u00e0 petit prix! Ton #1 shop pour cartes TCG & Pok\u00e9mon en Suisse \u2713 Livraison gratuite d\u00e8s CHF 29\",\"breadcrumb\":{\"@id\":\"https:\\\/\\\/theuncommonshop.ch\\\/fr\\\/product\\\/mould-king-koenig-one-2\\\/#breadcrumb\"},\"inLanguage\":\"fr-FR\",\"potentialAction\":[{\"@type\":\"ReadAction\",\"target\":[\"https:\\\/\\\/theuncommonshop.ch\\\/fr\\\/product\\\/mould-king-koenig-one-2\\\/\"]}]},{\"@type\":\"ImageObject\",\"inLanguage\":\"fr-FR\",\"@id\":\"https:\\\/\\\/theuncommonshop.ch\\\/fr\\\/product\\\/mould-king-koenig-one-2\\\/#primaryimage\",\"url\":\"https:\\\/\\\/theuncommonshop.ch\\\/wp-content\\\/uploads\\\/2026\\\/01\\\/RED1.jpg\",\"contentUrl\":\"https:\\\/\\\/theuncommonshop.ch\\\/wp-content\\\/uploads\\\/2026\\\/01\\\/RED1.jpg\",\"width\":1920,\"height\":898},{\"@type\":\"BreadcrumbList\",\"@id\":\"https:\\\/\\\/theuncommonshop.ch\\\/fr\\\/product\\\/mould-king-koenig-one-2\\\/#breadcrumb\",\"itemListElement\":[{\"@type\":\"ListItem\",\"position\":1,\"name\":\"Accueil\",\"item\":\"https:\\\/\\\/theuncommonshop.ch\\\/fr\\\/accueil\\\/\"},{\"@type\":\"ListItem\",\"position\":2,\"name\":\"Boutique\",\"item\":\"https:\\\/\\\/theuncommonshop.ch\\\/fr\\\/boutique\\\/\"},{\"@type\":\"ListItem\",\"position\":3,\"name\":\"Jouets\",\"item\":\"https:\\\/\\\/theuncommonshop.ch\\\/fr\\\/categorie-produit\\\/jouets\\\/\"},{\"@type\":\"ListItem\",\"position\":4,\"name\":\"Briques de construction\",\"item\":\"https:\\\/\\\/theuncommonshop.ch\\\/fr\\\/categorie-produit\\\/jouets\\\/briques-de-construction\\\/\"},{\"@type\":\"ListItem\",\"position\":5,\"name\":\"Mould King\",\"item\":\"https:\\\/\\\/theuncommonshop.ch\\\/fr\\\/categorie-produit\\\/jouets\\\/briques-de-construction\\\/mould-king-fr\\\/\"},{\"@type\":\"ListItem\",\"position\":6,\"name\":\"Mould King &#8211; Koenig One\"}]},{\"@type\":\"WebSite\",\"@id\":\"https:\\\/\\\/theuncommonshop.ch\\\/fr\\\/#website\",\"url\":\"https:\\\/\\\/theuncommonshop.ch\\\/fr\\\/\",\"name\":\"The Uncommon Shop\",\"description\":\"Magic, Pok\u00e9mon and Yu-gi-oh - The Uncommon Shop\",\"potentialAction\":[{\"@type\":\"SearchAction\",\"target\":{\"@type\":\"EntryPoint\",\"urlTemplate\":\"https:\\\/\\\/theuncommonshop.ch\\\/fr\\\/?s={search_term_string}\"},\"query-input\":{\"@type\":\"PropertyValueSpecification\",\"valueRequired\":true,\"valueName\":\"search_term_string\"}}],\"inLanguage\":\"fr-FR\"}]}<\/script>\n<meta property=\"product:price:amount\" content=\"139.95\" \/>\n<meta property=\"product:price:currency\" content=\"CHF\" \/>\n<meta property=\"og:availability\" content=\"instock\" \/>\n<meta property=\"product:availability\" content=\"instock\" \/>\n<meta property=\"product:retailer_item_id\" content=\"SHOP.MouldKingK\u00f6nigOneRed\" \/>\n<meta property=\"product:condition\" content=\"new\" \/>\n<!-- \/ Yoast SEO plugin. -->","yoast_head_json":{"title":"Ach\u00e8te Mould King - Koenig One","description":"Ach\u00e8te Mould King - Koenig One en ligne maintenant \u00e0 petit prix! Ton #1 shop pour cartes TCG & Pok\u00e9mon en Suisse \u2713 Livraison gratuite d\u00e8s CHF 29","robots":{"index":"index","follow":"follow","max-snippet":"max-snippet:-1","max-image-preview":"max-image-preview:large","max-video-preview":"max-video-preview:-1"},"canonical":"https:\/\/theuncommonshop.ch\/fr\/product\/mould-king-koenig-one-2\/","og_locale":"fr_FR","og_type":"article","og_title":"Ach\u00e8te Mould King - Koenig One","og_description":"Ach\u00e8te Mould King - Koenig One en ligne maintenant \u00e0 petit prix! Ton #1 shop pour cartes TCG & Pok\u00e9mon en Suisse \u2713 Livraison gratuite d\u00e8s CHF 29","og_url":"https:\/\/theuncommonshop.ch\/fr\/product\/mould-king-koenig-one-2\/","og_site_name":"The Uncommon Shop","article_modified_time":"2026-03-08T15:48:21+00:00","og_image":[{"width":1920,"height":898,"url":"https:\/\/theuncommonshop.ch\/wp-content\/uploads\/2026\/01\/RED1.jpg","type":"image\/jpeg"}],"twitter_card":"summary_large_image","twitter_misc":{"Prix":"&#67;&#72;&#70;&nbsp;139.95","Disponibilit\u00e9":"En stock"},"schema":{"@context":"https:\/\/schema.org","@graph":[{"@type":"WebPage","@id":"https:\/\/theuncommonshop.ch\/fr\/product\/mould-king-koenig-one-2\/","url":"https:\/\/theuncommonshop.ch\/fr\/product\/mould-king-koenig-one-2\/","name":"Ach\u00e8te Mould King - Koenig One","isPartOf":{"@id":"https:\/\/theuncommonshop.ch\/fr\/#website"},"primaryImageOfPage":{"@id":"https:\/\/theuncommonshop.ch\/fr\/product\/mould-king-koenig-one-2\/#primaryimage"},"image":{"@id":"https:\/\/theuncommonshop.ch\/fr\/product\/mould-king-koenig-one-2\/#primaryimage"},"thumbnailUrl":"https:\/\/theuncommonshop.ch\/wp-content\/uploads\/2026\/01\/RED1.jpg","datePublished":"2026-01-31T22:21:19+00:00","dateModified":"2026-03-08T15:48:21+00:00","description":"Ach\u00e8te Mould King - Koenig One en ligne maintenant \u00e0 petit prix! Ton #1 shop pour cartes TCG & Pok\u00e9mon en Suisse \u2713 Livraison gratuite d\u00e8s CHF 29","breadcrumb":{"@id":"https:\/\/theuncommonshop.ch\/fr\/product\/mould-king-koenig-one-2\/#breadcrumb"},"inLanguage":"fr-FR","potentialAction":[{"@type":"ReadAction","target":["https:\/\/theuncommonshop.ch\/fr\/product\/mould-king-koenig-one-2\/"]}]},{"@type":"ImageObject","inLanguage":"fr-FR","@id":"https:\/\/theuncommonshop.ch\/fr\/product\/mould-king-koenig-one-2\/#primaryimage","url":"https:\/\/theuncommonshop.ch\/wp-content\/uploads\/2026\/01\/RED1.jpg","contentUrl":"https:\/\/theuncommonshop.ch\/wp-content\/uploads\/2026\/01\/RED1.jpg","width":1920,"height":898},{"@type":"BreadcrumbList","@id":"https:\/\/theuncommonshop.ch\/fr\/product\/mould-king-koenig-one-2\/#breadcrumb","itemListElement":[{"@type":"ListItem","position":1,"name":"Accueil","item":"https:\/\/theuncommonshop.ch\/fr\/accueil\/"},{"@type":"ListItem","position":2,"name":"Boutique","item":"https:\/\/theuncommonshop.ch\/fr\/boutique\/"},{"@type":"ListItem","position":3,"name":"Jouets","item":"https:\/\/theuncommonshop.ch\/fr\/categorie-produit\/jouets\/"},{"@type":"ListItem","position":4,"name":"Briques de construction","item":"https:\/\/theuncommonshop.ch\/fr\/categorie-produit\/jouets\/briques-de-construction\/"},{"@type":"ListItem","position":5,"name":"Mould King","item":"https:\/\/theuncommonshop.ch\/fr\/categorie-produit\/jouets\/briques-de-construction\/mould-king-fr\/"},{"@type":"ListItem","position":6,"name":"Mould King &#8211; Koenig One"}]},{"@type":"WebSite","@id":"https:\/\/theuncommonshop.ch\/fr\/#website","url":"https:\/\/theuncommonshop.ch\/fr\/","name":"The Uncommon Shop","description":"Magic, Pok\u00e9mon and Yu-gi-oh - The Uncommon Shop","potentialAction":[{"@type":"SearchAction","target":{"@type":"EntryPoint","urlTemplate":"https:\/\/theuncommonshop.ch\/fr\/?s={search_term_string}"},"query-input":{"@type":"PropertyValueSpecification","valueRequired":true,"valueName":"search_term_string"}}],"inLanguage":"fr-FR"}]},"product_price_amount":"139.95","product_price_currency":"CHF","og_availability":"instock","product_availability":"instock","product_retailer_item_id":"SHOP.MouldKingK\u00f6nigOneRed","product_condition":"new"},"_links":{"self":[{"href":"https:\/\/theuncommonshop.ch\/fr\/wp-json\/wp\/v2\/product\/308448","targetHints":{"allow":["GET"]}}],"collection":[{"href":"https:\/\/theuncommonshop.ch\/fr\/wp-json\/wp\/v2\/product"}],"about":[{"href":"https:\/\/theuncommonshop.ch\/fr\/wp-json\/wp\/v2\/types\/product"}],"replies":[{"embeddable":true,"href":"https:\/\/theuncommonshop.ch\/fr\/wp-json\/wp\/v2\/comments?post=308448"}],"version-history":[{"count":0,"href":"https:\/\/theuncommonshop.ch\/fr\/wp-json\/wp\/v2\/product\/308448\/revisions"}],"wp:featuredmedia":[{"embeddable":true,"href":"https:\/\/theuncommonshop.ch\/fr\/wp-json\/wp\/v2\/media\/298373"}],"wp:attachment":[{"href":"https:\/\/theuncommonshop.ch\/fr\/wp-json\/wp\/v2\/media?parent=308448"}],"wp:term":[{"taxonomy":"product_brand","embeddable":true,"href":"https:\/\/theuncommonshop.ch\/fr\/wp-json\/wp\/v2\/product_brand?post=308448"},{"taxonomy":"product_cat","embeddable":true,"href":"https:\/\/theuncommonshop.ch\/fr\/wp-json\/wp\/v2\/product_cat?post=308448"},{"taxonomy":"product_tag","embeddable":true,"href":"https:\/\/theuncommonshop.ch\/fr\/wp-json\/wp\/v2\/product_tag?post=308448"}],"curies":[{"name":"wp","href":"https:\/\/api.w.org\/{rel}","templated":true}]}}