{"id":308397,"date":"2026-01-31T22:52:18","date_gmt":"2026-01-31T21:52:18","guid":{"rendered":"http:\/\/theuncommonshop.ch\/produkt\/308397\/"},"modified":"2026-03-08T16:48:18","modified_gmt":"2026-03-08T15:48:18","slug":"sembo-hippie-kaefer-mit-anhaenger-und-tankstelle-2","status":"publish","type":"product","link":"https:\/\/theuncommonshop.ch\/fr\/product\/sembo-hippie-kaefer-mit-anhaenger-und-tankstelle-2\/","title":{"rendered":"Sembo &#8211; Hippie K\u00e4fer mit Anh\u00e4nger und Tankstelle"},"content":{"rendered":"<p>Une coccinelle hippie avec une remorque pour le scooter &#8211; tout est l\u00e0 pour le grand voyage. Et si vous \u00eates \u00e0 court d&#8217;essence, le chien sympathique de la station-service vous aidera certainement. Les pi\u00e8ces sont pr\u00e9-tri\u00e9es par \u00e9tapes de construction dans des sachets, les instructions sont faciles \u00e0 comprendre et imprim\u00e9es avec une grande qualit\u00e9. SEMBO utilise en grande partie la tr\u00e8s bonne qualit\u00e9 de briques de GoBricks pour ses kits. En plus de nombreux autocollants, il y a aussi des pi\u00e8ces imprim\u00e9es, de plus un moteur Pullback assure la propulsion. Tr\u00e8s bonne qualit\u00e9 des briques. 100% compatibles avec les briques de serrage du leader du march\u00e9. Instructions de montage tr\u00e8s claires incluses.       <\/p>\n<p>1409 pi\u00e8ces<\/p>\n","protected":false},"excerpt":{"rendered":"<p>Une coccinelle hippie avec une remorque pour le scooter &#8211; tout est l\u00e0 pour le grand voyage. Et si vous<\/p>\n","protected":false},"featured_media":308405,"comment_status":"open","ping_status":"closed","template":"","meta":{"_acf_changed":false},"product_brand":[5214],"product_cat":[9905,10309,9901],"product_tag":[],"class_list":{"0":"post-308397","1":"product","2":"type-product","3":"status-publish","4":"has-post-thumbnail","6":"product_brand-sembo","7":"product_cat-briques-de-construction","8":"product_cat-divers-fabricants","9":"product_cat-jouets","11":"first","12":"outofstock","13":"taxable","14":"shipping-taxable","15":"purchasable","16":"product-type-simple"},"acf":[],"yoast_head":"<!-- This site is optimized with the Yoast SEO plugin v27.5 - https:\/\/yoast.com\/product\/yoast-seo-wordpress\/ -->\n<title>Ach\u00e8te Sembo - Hippie K\u00e4fer mit Anh\u00e4nger und Tankstelle<\/title>\n<meta name=\"description\" content=\"Ach\u00e8te Sembo - Hippie K\u00e4fer mit Anh\u00e4nger und Tankstelle en ligne maintenant \u00e0 petit prix! Ton #1 shop pour cartes TCG &amp; Pok\u00e9mon en Suisse \u2713 Livraison gratuite d\u00e8s CHF 29\" \/>\n<meta name=\"robots\" content=\"index, follow, max-snippet:-1, max-image-preview:large, max-video-preview:-1\" \/>\n<link rel=\"canonical\" href=\"https:\/\/theuncommonshop.ch\/fr\/product\/sembo-hippie-kaefer-mit-anhaenger-und-tankstelle-2\/\" \/>\n<meta property=\"og:locale\" content=\"fr_FR\" \/>\n<meta property=\"og:type\" content=\"article\" \/>\n<meta property=\"og:title\" content=\"Ach\u00e8te Sembo - Hippie K\u00e4fer mit Anh\u00e4nger und Tankstelle\" \/>\n<meta property=\"og:description\" content=\"Ach\u00e8te Sembo - Hippie K\u00e4fer mit Anh\u00e4nger und Tankstelle en ligne maintenant \u00e0 petit prix! Ton #1 shop pour cartes TCG &amp; Pok\u00e9mon en Suisse \u2713 Livraison gratuite d\u00e8s CHF 29\" \/>\n<meta property=\"og:url\" content=\"https:\/\/theuncommonshop.ch\/fr\/product\/sembo-hippie-kaefer-mit-anhaenger-und-tankstelle-2\/\" \/>\n<meta property=\"og:site_name\" content=\"The Uncommon Shop\" \/>\n<meta property=\"article:modified_time\" content=\"2026-03-08T15:48:18+00:00\" \/>\n<meta name=\"twitter:card\" content=\"summary_large_image\" \/>\n<meta name=\"twitter:label1\" content=\"Prix\" \/>\n\t<meta name=\"twitter:data1\" content=\"&#067;&#072;&#070;&nbsp;84.95\" \/>\n\t<meta name=\"twitter:label2\" content=\"Disponibilit\u00e9\" \/>\n\t<meta name=\"twitter:data2\" content=\"Rupture de stock\" \/>\n<script type=\"application\/ld+json\" class=\"yoast-schema-graph\">{\"@context\":\"https:\\\/\\\/schema.org\",\"@graph\":[{\"@type\":\"WebPage\",\"@id\":\"https:\\\/\\\/theuncommonshop.ch\\\/fr\\\/product\\\/sembo-hippie-kaefer-mit-anhaenger-und-tankstelle-2\\\/\",\"url\":\"https:\\\/\\\/theuncommonshop.ch\\\/fr\\\/product\\\/sembo-hippie-kaefer-mit-anhaenger-und-tankstelle-2\\\/\",\"name\":\"Ach\u00e8te Sembo - Hippie K\u00e4fer mit Anh\u00e4nger und Tankstelle\",\"isPartOf\":{\"@id\":\"https:\\\/\\\/theuncommonshop.ch\\\/fr\\\/#website\"},\"primaryImageOfPage\":{\"@id\":\"https:\\\/\\\/theuncommonshop.ch\\\/fr\\\/product\\\/sembo-hippie-kaefer-mit-anhaenger-und-tankstelle-2\\\/#primaryimage\"},\"image\":{\"@id\":\"https:\\\/\\\/theuncommonshop.ch\\\/fr\\\/product\\\/sembo-hippie-kaefer-mit-anhaenger-und-tankstelle-2\\\/#primaryimage\"},\"thumbnailUrl\":\"https:\\\/\\\/theuncommonshop.ch\\\/wp-content\\\/uploads\\\/2026\\\/01\\\/K1.avif\",\"datePublished\":\"2026-01-31T21:52:18+00:00\",\"dateModified\":\"2026-03-08T15:48:18+00:00\",\"description\":\"Ach\u00e8te Sembo - Hippie K\u00e4fer mit Anh\u00e4nger und Tankstelle en ligne maintenant \u00e0 petit prix! Ton #1 shop pour cartes TCG & Pok\u00e9mon en Suisse \u2713 Livraison gratuite d\u00e8s CHF 29\",\"breadcrumb\":{\"@id\":\"https:\\\/\\\/theuncommonshop.ch\\\/fr\\\/product\\\/sembo-hippie-kaefer-mit-anhaenger-und-tankstelle-2\\\/#breadcrumb\"},\"inLanguage\":\"fr-FR\",\"potentialAction\":[{\"@type\":\"ReadAction\",\"target\":[\"https:\\\/\\\/theuncommonshop.ch\\\/fr\\\/product\\\/sembo-hippie-kaefer-mit-anhaenger-und-tankstelle-2\\\/\"]}]},{\"@type\":\"ImageObject\",\"inLanguage\":\"fr-FR\",\"@id\":\"https:\\\/\\\/theuncommonshop.ch\\\/fr\\\/product\\\/sembo-hippie-kaefer-mit-anhaenger-und-tankstelle-2\\\/#primaryimage\",\"url\":\"https:\\\/\\\/theuncommonshop.ch\\\/wp-content\\\/uploads\\\/2026\\\/01\\\/K1.avif\",\"contentUrl\":\"https:\\\/\\\/theuncommonshop.ch\\\/wp-content\\\/uploads\\\/2026\\\/01\\\/K1.avif\",\"width\":712,\"height\":647},{\"@type\":\"BreadcrumbList\",\"@id\":\"https:\\\/\\\/theuncommonshop.ch\\\/fr\\\/product\\\/sembo-hippie-kaefer-mit-anhaenger-und-tankstelle-2\\\/#breadcrumb\",\"itemListElement\":[{\"@type\":\"ListItem\",\"position\":1,\"name\":\"Accueil\",\"item\":\"https:\\\/\\\/theuncommonshop.ch\\\/fr\\\/accueil\\\/\"},{\"@type\":\"ListItem\",\"position\":2,\"name\":\"Boutique\",\"item\":\"https:\\\/\\\/theuncommonshop.ch\\\/fr\\\/boutique\\\/\"},{\"@type\":\"ListItem\",\"position\":3,\"name\":\"Jouets\",\"item\":\"https:\\\/\\\/theuncommonshop.ch\\\/fr\\\/categorie-produit\\\/jouets\\\/\"},{\"@type\":\"ListItem\",\"position\":4,\"name\":\"Briques de construction\",\"item\":\"https:\\\/\\\/theuncommonshop.ch\\\/fr\\\/categorie-produit\\\/jouets\\\/briques-de-construction\\\/\"},{\"@type\":\"ListItem\",\"position\":5,\"name\":\"Divers fabricants\",\"item\":\"https:\\\/\\\/theuncommonshop.ch\\\/fr\\\/categorie-produit\\\/jouets\\\/briques-de-construction\\\/divers-fabricants\\\/\"},{\"@type\":\"ListItem\",\"position\":6,\"name\":\"Sembo &#8211; Hippie K\u00e4fer mit Anh\u00e4nger und Tankstelle\"}]},{\"@type\":\"WebSite\",\"@id\":\"https:\\\/\\\/theuncommonshop.ch\\\/fr\\\/#website\",\"url\":\"https:\\\/\\\/theuncommonshop.ch\\\/fr\\\/\",\"name\":\"The Uncommon Shop\",\"description\":\"Magic, Pok\u00e9mon and Yu-gi-oh - The Uncommon Shop\",\"potentialAction\":[{\"@type\":\"SearchAction\",\"target\":{\"@type\":\"EntryPoint\",\"urlTemplate\":\"https:\\\/\\\/theuncommonshop.ch\\\/fr\\\/?s={search_term_string}\"},\"query-input\":{\"@type\":\"PropertyValueSpecification\",\"valueRequired\":true,\"valueName\":\"search_term_string\"}}],\"inLanguage\":\"fr-FR\"}]}<\/script>\n<meta property=\"product:price:amount\" content=\"84.95\" \/>\n<meta property=\"product:price:currency\" content=\"CHF\" \/>\n<meta property=\"og:availability\" content=\"out of stock\" \/>\n<meta property=\"product:availability\" content=\"out of stock\" \/>\n<meta property=\"product:retailer_item_id\" content=\"SHOP.SemboHippieK\u00e4ferTankstelle\" \/>\n<meta property=\"product:condition\" content=\"new\" \/>\n<!-- \/ Yoast SEO plugin. -->","yoast_head_json":{"title":"Ach\u00e8te Sembo - Hippie K\u00e4fer mit Anh\u00e4nger und Tankstelle","description":"Ach\u00e8te Sembo - Hippie K\u00e4fer mit Anh\u00e4nger und Tankstelle en ligne maintenant \u00e0 petit prix! Ton #1 shop pour cartes TCG & Pok\u00e9mon en Suisse \u2713 Livraison gratuite d\u00e8s CHF 29","robots":{"index":"index","follow":"follow","max-snippet":"max-snippet:-1","max-image-preview":"max-image-preview:large","max-video-preview":"max-video-preview:-1"},"canonical":"https:\/\/theuncommonshop.ch\/fr\/product\/sembo-hippie-kaefer-mit-anhaenger-und-tankstelle-2\/","og_locale":"fr_FR","og_type":"article","og_title":"Ach\u00e8te Sembo - Hippie K\u00e4fer mit Anh\u00e4nger und Tankstelle","og_description":"Ach\u00e8te Sembo - Hippie K\u00e4fer mit Anh\u00e4nger und Tankstelle en ligne maintenant \u00e0 petit prix! Ton #1 shop pour cartes TCG & Pok\u00e9mon en Suisse \u2713 Livraison gratuite d\u00e8s CHF 29","og_url":"https:\/\/theuncommonshop.ch\/fr\/product\/sembo-hippie-kaefer-mit-anhaenger-und-tankstelle-2\/","og_site_name":"The Uncommon Shop","article_modified_time":"2026-03-08T15:48:18+00:00","twitter_card":"summary_large_image","twitter_misc":{"Prix":"&#67;&#72;&#70;&nbsp;84.95","Disponibilit\u00e9":"Rupture de stock"},"schema":{"@context":"https:\/\/schema.org","@graph":[{"@type":"WebPage","@id":"https:\/\/theuncommonshop.ch\/fr\/product\/sembo-hippie-kaefer-mit-anhaenger-und-tankstelle-2\/","url":"https:\/\/theuncommonshop.ch\/fr\/product\/sembo-hippie-kaefer-mit-anhaenger-und-tankstelle-2\/","name":"Ach\u00e8te Sembo - Hippie K\u00e4fer mit Anh\u00e4nger und Tankstelle","isPartOf":{"@id":"https:\/\/theuncommonshop.ch\/fr\/#website"},"primaryImageOfPage":{"@id":"https:\/\/theuncommonshop.ch\/fr\/product\/sembo-hippie-kaefer-mit-anhaenger-und-tankstelle-2\/#primaryimage"},"image":{"@id":"https:\/\/theuncommonshop.ch\/fr\/product\/sembo-hippie-kaefer-mit-anhaenger-und-tankstelle-2\/#primaryimage"},"thumbnailUrl":"https:\/\/theuncommonshop.ch\/wp-content\/uploads\/2026\/01\/K1.avif","datePublished":"2026-01-31T21:52:18+00:00","dateModified":"2026-03-08T15:48:18+00:00","description":"Ach\u00e8te Sembo - Hippie K\u00e4fer mit Anh\u00e4nger und Tankstelle en ligne maintenant \u00e0 petit prix! Ton #1 shop pour cartes TCG & Pok\u00e9mon en Suisse \u2713 Livraison gratuite d\u00e8s CHF 29","breadcrumb":{"@id":"https:\/\/theuncommonshop.ch\/fr\/product\/sembo-hippie-kaefer-mit-anhaenger-und-tankstelle-2\/#breadcrumb"},"inLanguage":"fr-FR","potentialAction":[{"@type":"ReadAction","target":["https:\/\/theuncommonshop.ch\/fr\/product\/sembo-hippie-kaefer-mit-anhaenger-und-tankstelle-2\/"]}]},{"@type":"ImageObject","inLanguage":"fr-FR","@id":"https:\/\/theuncommonshop.ch\/fr\/product\/sembo-hippie-kaefer-mit-anhaenger-und-tankstelle-2\/#primaryimage","url":"https:\/\/theuncommonshop.ch\/wp-content\/uploads\/2026\/01\/K1.avif","contentUrl":"https:\/\/theuncommonshop.ch\/wp-content\/uploads\/2026\/01\/K1.avif","width":712,"height":647},{"@type":"BreadcrumbList","@id":"https:\/\/theuncommonshop.ch\/fr\/product\/sembo-hippie-kaefer-mit-anhaenger-und-tankstelle-2\/#breadcrumb","itemListElement":[{"@type":"ListItem","position":1,"name":"Accueil","item":"https:\/\/theuncommonshop.ch\/fr\/accueil\/"},{"@type":"ListItem","position":2,"name":"Boutique","item":"https:\/\/theuncommonshop.ch\/fr\/boutique\/"},{"@type":"ListItem","position":3,"name":"Jouets","item":"https:\/\/theuncommonshop.ch\/fr\/categorie-produit\/jouets\/"},{"@type":"ListItem","position":4,"name":"Briques de construction","item":"https:\/\/theuncommonshop.ch\/fr\/categorie-produit\/jouets\/briques-de-construction\/"},{"@type":"ListItem","position":5,"name":"Divers fabricants","item":"https:\/\/theuncommonshop.ch\/fr\/categorie-produit\/jouets\/briques-de-construction\/divers-fabricants\/"},{"@type":"ListItem","position":6,"name":"Sembo &#8211; Hippie K\u00e4fer mit Anh\u00e4nger und Tankstelle"}]},{"@type":"WebSite","@id":"https:\/\/theuncommonshop.ch\/fr\/#website","url":"https:\/\/theuncommonshop.ch\/fr\/","name":"The Uncommon Shop","description":"Magic, Pok\u00e9mon and Yu-gi-oh - The Uncommon Shop","potentialAction":[{"@type":"SearchAction","target":{"@type":"EntryPoint","urlTemplate":"https:\/\/theuncommonshop.ch\/fr\/?s={search_term_string}"},"query-input":{"@type":"PropertyValueSpecification","valueRequired":true,"valueName":"search_term_string"}}],"inLanguage":"fr-FR"}]},"product_price_amount":"84.95","product_price_currency":"CHF","og_availability":"out of stock","product_availability":"out of stock","product_retailer_item_id":"SHOP.SemboHippieK\u00e4ferTankstelle","product_condition":"new"},"_links":{"self":[{"href":"https:\/\/theuncommonshop.ch\/fr\/wp-json\/wp\/v2\/product\/308397","targetHints":{"allow":["GET"]}}],"collection":[{"href":"https:\/\/theuncommonshop.ch\/fr\/wp-json\/wp\/v2\/product"}],"about":[{"href":"https:\/\/theuncommonshop.ch\/fr\/wp-json\/wp\/v2\/types\/product"}],"replies":[{"embeddable":true,"href":"https:\/\/theuncommonshop.ch\/fr\/wp-json\/wp\/v2\/comments?post=308397"}],"version-history":[{"count":0,"href":"https:\/\/theuncommonshop.ch\/fr\/wp-json\/wp\/v2\/product\/308397\/revisions"}],"wp:featuredmedia":[{"embeddable":true,"href":"https:\/\/theuncommonshop.ch\/fr\/wp-json\/wp\/v2\/media\/308405"}],"wp:attachment":[{"href":"https:\/\/theuncommonshop.ch\/fr\/wp-json\/wp\/v2\/media?parent=308397"}],"wp:term":[{"taxonomy":"product_brand","embeddable":true,"href":"https:\/\/theuncommonshop.ch\/fr\/wp-json\/wp\/v2\/product_brand?post=308397"},{"taxonomy":"product_cat","embeddable":true,"href":"https:\/\/theuncommonshop.ch\/fr\/wp-json\/wp\/v2\/product_cat?post=308397"},{"taxonomy":"product_tag","embeddable":true,"href":"https:\/\/theuncommonshop.ch\/fr\/wp-json\/wp\/v2\/product_tag?post=308397"}],"curies":[{"name":"wp","href":"https:\/\/api.w.org\/{rel}","templated":true}]}}