{"id":308372,"date":"2026-01-31T22:27:12","date_gmt":"2026-01-31T21:27:12","guid":{"rendered":"http:\/\/theuncommonshop.ch\/produkt\/308372\/"},"modified":"2026-03-08T16:48:14","modified_gmt":"2026-03-08T15:48:14","slug":"pantasy-craft-brewery-3","status":"publish","type":"product","link":"https:\/\/theuncommonshop.ch\/fr\/product\/pantasy-craft-brewery-3\/","title":{"rendered":"Pantasy &#8211; Craft Brewery"},"content":{"rendered":"<p>o&#8217;Zapft is. Quelque chose de formidable se pr\u00e9pare. <\/p>\n<p>Bienvenue dans votre propre petite brasserie ! Ce jeu de briques \u00e0 pincer aux d\u00e9tails soign\u00e9s vous plonge dans le monde du brassage de la bi\u00e8re. De l&#8217;ext\u00e9rieur d\u00e9j\u00e0, la brasserie artisanale d\u00e9gage un charme nostalgique : des engrenages et des tuyaux ornent la fa\u00e7ade en briques, un grand panneau portant l&#8217;inscription &#8220;Craft Beer&#8221; invite les clients assoiff\u00e9s et, sur le toit, tr\u00f4ne un vieux r\u00e9servoir d&#8217;eau \u00e0 c\u00f4t\u00e9 d&#8217;un d\u00f4me de cuves de brassage couleur cuivre. On a l&#8217;impression d&#8217;\u00eatre devant une vraie brasserie dans une vieille ville pittoresque, mais en miniature.   <\/p>\n<p>La brasserie Craft ne s\u00e9duit pas seulement par ses nombreux d\u00e9tails, mais aussi par sa structure modulaire bien pens\u00e9e. Le mur arri\u00e8re du b\u00e2timent s&#8217;ouvre et chaque \u00e9tage est amovible, ce qui vous permet de regarder et de jouer dans toutes les pi\u00e8ces sans effort. Avec une surface au sol d&#8217;environ 25 x 25 cm, la brasserie s&#8217;adapte parfaitement aux autres ensembles de rues modulaires et ajoute un lieu de rencontre unique \u00e0 votre ville. Trois figurines incluses &#8211; le ma\u00eetre brasseur, le propri\u00e9taire de la brasserie et un client amateur de bi\u00e8re &#8211; donnent vie au sc\u00e9nario.   <\/p>\n<p>Le mat\u00e9riel est de premi\u00e8re qualit\u00e9, avec de tr\u00e8s bonnes pi\u00e8ces GoBricks, un proc\u00e9d\u00e9 de tampographie (18 pi\u00e8ces imprim\u00e9es) et un emballage attrayant, 3252 pi\u00e8ces, 3 minifigures<\/p>\n<ul>\n<li><span class=\"price-unit-label\">Contenu : <\/span><span class=\"price-unit-content\">3266 pi\u00e8ces<\/span><\/li>\n<li class=\"twt-product-detail-labelling-section twt-product-specifications-section labelling\">\n<div class=\"twt-product-detail-ean-container twt-product-specifications-container\"><span class=\"twt-product-detail-ean-label twt-product-specifications-label\">EAN : <\/span><span class=\"twt-product-detail-ean\">6973817323270<\/span><\/div>\n<\/li>\n<li class=\"twt-product-detail-measures-section twt-product-specifications-section measures\">\n<div class=\"twt-product-detail-length-container twt-product-specifications-container\"><span class=\"twt-product-detail-length-label twt-product-specifications-label\">Longueur : <\/span><span class=\"twt-product-detail-length\">257 mm<\/span><\/div>\n<\/li>\n<li class=\"twt-product-detail-measures-section twt-product-specifications-section measures\">\n<div class=\"twt-product-detail-length-container twt-product-specifications-container\"><\/div>\n<div class=\"twt-product-detail-width-container twt-product-specifications-container\"><span class=\"twt-product-detail-width-label twt-product-specifications-label\">largeur : <\/span><span class=\"twt-product-detail-width\">257 mm<\/span><\/div>\n<\/li>\n<li class=\"twt-product-detail-measures-section twt-product-specifications-section measures\">\n<div class=\"twt-product-detail-width-container twt-product-specifications-container\"><\/div>\n<div class=\"twt-product-detail-height-container twt-product-specifications-container\"><span class=\"twt-product-detail-height-label twt-product-specifications-label\">hauteur : <\/span><span class=\"twt-product-detail-height\">349 mm<\/span><\/div>\n<\/li>\n<li class=\"twt-product-detail-measures-section twt-product-specifications-section measures\">\n<div class=\"twt-product-detail-height-container twt-product-specifications-container\"><\/div>\n<div class=\"twt-product-detail-weight-container twt-product-specifications-container\"><span class=\"twt-product-detail-weight-label twt-product-specifications-label\">Poids de l&#8217;appareil : <\/span><span class=\"twt-product-detail-weight\">3 kg<\/span><\/div>\n<\/li>\n<\/ul>\n<table class=\"table table-striped product-detail-properties-table\">\n<tbody>\n<tr class=\"properties-row\">\n<th class=\"properties-label\">Attention :<\/th>\n<td class=\"properties-value\">Ne convient pas aux enfants de moins de 3 ans, car de petites pi\u00e8ces peuvent \u00eatre aval\u00e9es. Risque d&#8217;\u00e9touffement ! <\/td>\n<\/tr>\n<tr class=\"properties-row\">\n<th class=\"properties-label\">\u00c2ge recommand\u00e9 :<\/th>\n<td class=\"properties-value\">8+<\/td>\n<\/tr>\n<tr class=\"properties-row\">\n<th class=\"properties-label\">Instructions de montage :<\/th>\n<td class=\"properties-value\">Instructions de construction bien compr\u00e9hensibles incluses.<\/td>\n<\/tr>\n<tr class=\"properties-row\">\n<th class=\"properties-label\">Compatible :<\/th>\n<td class=\"properties-value\">Standard &#8211; 100% compatible avec les briques de serrage d&#8217;autres grands fabricants.<\/td>\n<\/tr>\n<tr class=\"properties-row\">\n<th class=\"properties-label\">Groupe de mat\u00e9riaux :<\/th>\n<td class=\"properties-value\">Plastique : ABS<\/td>\n<\/tr>\n<tr class=\"properties-row\">\n<th class=\"properties-label\">Qualit\u00e9 :<\/th>\n<td class=\"properties-value\">Tr\u00e8s bonne qualit\u00e9 et force de serrage des briques.<\/td>\n<\/tr>\n<tr class=\"properties-row\">\n<th class=\"properties-label\">Emballage :<\/th>\n<td class=\"properties-value\">Original<\/td>\n<\/tr>\n<\/tbody>\n<\/table>\n","protected":false},"excerpt":{"rendered":"<p>o&#8217;Zapft is. Quelque chose de formidable se pr\u00e9pare. Bienvenue dans votre propre petite brasserie ! Ce jeu de briques \u00e0<\/p>\n","protected":false},"featured_media":308393,"comment_status":"open","ping_status":"closed","template":"","meta":{"_acf_changed":false},"product_brand":[5200],"product_cat":[9905,10309,9901],"product_tag":[],"class_list":{"0":"post-308372","1":"product","2":"type-product","3":"status-publish","4":"has-post-thumbnail","6":"product_brand-pantasy","7":"product_cat-briques-de-construction","8":"product_cat-divers-fabricants","9":"product_cat-jouets","11":"first","12":"outofstock","13":"taxable","14":"shipping-taxable","15":"purchasable","16":"product-type-simple"},"acf":[],"yoast_head":"<!-- This site is optimized with the Yoast SEO plugin v27.5 - https:\/\/yoast.com\/product\/yoast-seo-wordpress\/ -->\n<title>Ach\u00e8te Pantasy - Craft Brewery<\/title>\n<meta name=\"description\" content=\"Ach\u00e8te Pantasy - Craft Brewery en ligne maintenant \u00e0 petit prix! Ton #1 shop pour cartes TCG &amp; Pok\u00e9mon en Suisse \u2713 Livraison gratuite d\u00e8s CHF 29\" \/>\n<meta name=\"robots\" content=\"index, follow, max-snippet:-1, max-image-preview:large, max-video-preview:-1\" \/>\n<link rel=\"canonical\" href=\"https:\/\/theuncommonshop.ch\/fr\/product\/pantasy-craft-brewery-3\/\" \/>\n<meta property=\"og:locale\" content=\"fr_FR\" \/>\n<meta property=\"og:type\" content=\"article\" \/>\n<meta property=\"og:title\" content=\"Ach\u00e8te Pantasy - Craft Brewery\" \/>\n<meta property=\"og:description\" content=\"Ach\u00e8te Pantasy - Craft Brewery en ligne maintenant \u00e0 petit prix! Ton #1 shop pour cartes TCG &amp; Pok\u00e9mon en Suisse \u2713 Livraison gratuite d\u00e8s CHF 29\" \/>\n<meta property=\"og:url\" content=\"https:\/\/theuncommonshop.ch\/fr\/product\/pantasy-craft-brewery-3\/\" \/>\n<meta property=\"og:site_name\" content=\"The Uncommon Shop\" \/>\n<meta property=\"article:modified_time\" content=\"2026-03-08T15:48:14+00:00\" \/>\n<meta property=\"og:image\" content=\"https:\/\/theuncommonshop.ch\/wp-content\/uploads\/2026\/01\/Beer2.jpg\" \/>\n\t<meta property=\"og:image:width\" content=\"1920\" \/>\n\t<meta property=\"og:image:height\" content=\"1772\" \/>\n\t<meta property=\"og:image:type\" content=\"image\/jpeg\" \/>\n<meta name=\"twitter:card\" content=\"summary_large_image\" \/>\n<meta name=\"twitter:label1\" content=\"Prix\" \/>\n\t<meta name=\"twitter:data1\" content=\"&#067;&#072;&#070;&nbsp;144.95\" \/>\n\t<meta name=\"twitter:label2\" content=\"Disponibilit\u00e9\" \/>\n\t<meta name=\"twitter:data2\" content=\"Rupture de stock\" \/>\n<script type=\"application\/ld+json\" class=\"yoast-schema-graph\">{\"@context\":\"https:\\\/\\\/schema.org\",\"@graph\":[{\"@type\":\"WebPage\",\"@id\":\"https:\\\/\\\/theuncommonshop.ch\\\/fr\\\/product\\\/pantasy-craft-brewery-3\\\/\",\"url\":\"https:\\\/\\\/theuncommonshop.ch\\\/fr\\\/product\\\/pantasy-craft-brewery-3\\\/\",\"name\":\"Ach\u00e8te Pantasy - Craft Brewery\",\"isPartOf\":{\"@id\":\"https:\\\/\\\/theuncommonshop.ch\\\/fr\\\/#website\"},\"primaryImageOfPage\":{\"@id\":\"https:\\\/\\\/theuncommonshop.ch\\\/fr\\\/product\\\/pantasy-craft-brewery-3\\\/#primaryimage\"},\"image\":{\"@id\":\"https:\\\/\\\/theuncommonshop.ch\\\/fr\\\/product\\\/pantasy-craft-brewery-3\\\/#primaryimage\"},\"thumbnailUrl\":\"https:\\\/\\\/theuncommonshop.ch\\\/wp-content\\\/uploads\\\/2026\\\/01\\\/Beer2.jpg\",\"datePublished\":\"2026-01-31T21:27:12+00:00\",\"dateModified\":\"2026-03-08T15:48:14+00:00\",\"description\":\"Ach\u00e8te Pantasy - Craft Brewery en ligne maintenant \u00e0 petit prix! Ton #1 shop pour cartes TCG & Pok\u00e9mon en Suisse \u2713 Livraison gratuite d\u00e8s CHF 29\",\"breadcrumb\":{\"@id\":\"https:\\\/\\\/theuncommonshop.ch\\\/fr\\\/product\\\/pantasy-craft-brewery-3\\\/#breadcrumb\"},\"inLanguage\":\"fr-FR\",\"potentialAction\":[{\"@type\":\"ReadAction\",\"target\":[\"https:\\\/\\\/theuncommonshop.ch\\\/fr\\\/product\\\/pantasy-craft-brewery-3\\\/\"]}]},{\"@type\":\"ImageObject\",\"inLanguage\":\"fr-FR\",\"@id\":\"https:\\\/\\\/theuncommonshop.ch\\\/fr\\\/product\\\/pantasy-craft-brewery-3\\\/#primaryimage\",\"url\":\"https:\\\/\\\/theuncommonshop.ch\\\/wp-content\\\/uploads\\\/2026\\\/01\\\/Beer2.jpg\",\"contentUrl\":\"https:\\\/\\\/theuncommonshop.ch\\\/wp-content\\\/uploads\\\/2026\\\/01\\\/Beer2.jpg\",\"width\":1920,\"height\":1772},{\"@type\":\"BreadcrumbList\",\"@id\":\"https:\\\/\\\/theuncommonshop.ch\\\/fr\\\/product\\\/pantasy-craft-brewery-3\\\/#breadcrumb\",\"itemListElement\":[{\"@type\":\"ListItem\",\"position\":1,\"name\":\"Accueil\",\"item\":\"https:\\\/\\\/theuncommonshop.ch\\\/fr\\\/accueil\\\/\"},{\"@type\":\"ListItem\",\"position\":2,\"name\":\"Boutique\",\"item\":\"https:\\\/\\\/theuncommonshop.ch\\\/fr\\\/boutique\\\/\"},{\"@type\":\"ListItem\",\"position\":3,\"name\":\"Jouets\",\"item\":\"https:\\\/\\\/theuncommonshop.ch\\\/fr\\\/categorie-produit\\\/jouets\\\/\"},{\"@type\":\"ListItem\",\"position\":4,\"name\":\"Briques de construction\",\"item\":\"https:\\\/\\\/theuncommonshop.ch\\\/fr\\\/categorie-produit\\\/jouets\\\/briques-de-construction\\\/\"},{\"@type\":\"ListItem\",\"position\":5,\"name\":\"Divers fabricants\",\"item\":\"https:\\\/\\\/theuncommonshop.ch\\\/fr\\\/categorie-produit\\\/jouets\\\/briques-de-construction\\\/divers-fabricants\\\/\"},{\"@type\":\"ListItem\",\"position\":6,\"name\":\"Pantasy &#8211; Craft Brewery\"}]},{\"@type\":\"WebSite\",\"@id\":\"https:\\\/\\\/theuncommonshop.ch\\\/fr\\\/#website\",\"url\":\"https:\\\/\\\/theuncommonshop.ch\\\/fr\\\/\",\"name\":\"The Uncommon Shop\",\"description\":\"Magic, Pok\u00e9mon and Yu-gi-oh - The Uncommon Shop\",\"potentialAction\":[{\"@type\":\"SearchAction\",\"target\":{\"@type\":\"EntryPoint\",\"urlTemplate\":\"https:\\\/\\\/theuncommonshop.ch\\\/fr\\\/?s={search_term_string}\"},\"query-input\":{\"@type\":\"PropertyValueSpecification\",\"valueRequired\":true,\"valueName\":\"search_term_string\"}}],\"inLanguage\":\"fr-FR\"}]}<\/script>\n<meta property=\"product:price:amount\" content=\"144.95\" \/>\n<meta property=\"product:price:currency\" content=\"CHF\" \/>\n<meta property=\"og:availability\" content=\"out of stock\" \/>\n<meta property=\"product:availability\" content=\"out of stock\" \/>\n<meta property=\"product:retailer_item_id\" content=\"SHOP.PantasyCraftBrewery\" \/>\n<meta property=\"product:condition\" content=\"new\" \/>\n<!-- \/ Yoast SEO plugin. -->","yoast_head_json":{"title":"Ach\u00e8te Pantasy - Craft Brewery","description":"Ach\u00e8te Pantasy - Craft Brewery en ligne maintenant \u00e0 petit prix! Ton #1 shop pour cartes TCG & Pok\u00e9mon en Suisse \u2713 Livraison gratuite d\u00e8s CHF 29","robots":{"index":"index","follow":"follow","max-snippet":"max-snippet:-1","max-image-preview":"max-image-preview:large","max-video-preview":"max-video-preview:-1"},"canonical":"https:\/\/theuncommonshop.ch\/fr\/product\/pantasy-craft-brewery-3\/","og_locale":"fr_FR","og_type":"article","og_title":"Ach\u00e8te Pantasy - Craft Brewery","og_description":"Ach\u00e8te Pantasy - Craft Brewery en ligne maintenant \u00e0 petit prix! Ton #1 shop pour cartes TCG & Pok\u00e9mon en Suisse \u2713 Livraison gratuite d\u00e8s CHF 29","og_url":"https:\/\/theuncommonshop.ch\/fr\/product\/pantasy-craft-brewery-3\/","og_site_name":"The Uncommon Shop","article_modified_time":"2026-03-08T15:48:14+00:00","og_image":[{"width":1920,"height":1772,"url":"https:\/\/theuncommonshop.ch\/wp-content\/uploads\/2026\/01\/Beer2.jpg","type":"image\/jpeg"}],"twitter_card":"summary_large_image","twitter_misc":{"Prix":"&#67;&#72;&#70;&nbsp;144.95","Disponibilit\u00e9":"Rupture de stock"},"schema":{"@context":"https:\/\/schema.org","@graph":[{"@type":"WebPage","@id":"https:\/\/theuncommonshop.ch\/fr\/product\/pantasy-craft-brewery-3\/","url":"https:\/\/theuncommonshop.ch\/fr\/product\/pantasy-craft-brewery-3\/","name":"Ach\u00e8te Pantasy - Craft Brewery","isPartOf":{"@id":"https:\/\/theuncommonshop.ch\/fr\/#website"},"primaryImageOfPage":{"@id":"https:\/\/theuncommonshop.ch\/fr\/product\/pantasy-craft-brewery-3\/#primaryimage"},"image":{"@id":"https:\/\/theuncommonshop.ch\/fr\/product\/pantasy-craft-brewery-3\/#primaryimage"},"thumbnailUrl":"https:\/\/theuncommonshop.ch\/wp-content\/uploads\/2026\/01\/Beer2.jpg","datePublished":"2026-01-31T21:27:12+00:00","dateModified":"2026-03-08T15:48:14+00:00","description":"Ach\u00e8te Pantasy - Craft Brewery en ligne maintenant \u00e0 petit prix! Ton #1 shop pour cartes TCG & Pok\u00e9mon en Suisse \u2713 Livraison gratuite d\u00e8s CHF 29","breadcrumb":{"@id":"https:\/\/theuncommonshop.ch\/fr\/product\/pantasy-craft-brewery-3\/#breadcrumb"},"inLanguage":"fr-FR","potentialAction":[{"@type":"ReadAction","target":["https:\/\/theuncommonshop.ch\/fr\/product\/pantasy-craft-brewery-3\/"]}]},{"@type":"ImageObject","inLanguage":"fr-FR","@id":"https:\/\/theuncommonshop.ch\/fr\/product\/pantasy-craft-brewery-3\/#primaryimage","url":"https:\/\/theuncommonshop.ch\/wp-content\/uploads\/2026\/01\/Beer2.jpg","contentUrl":"https:\/\/theuncommonshop.ch\/wp-content\/uploads\/2026\/01\/Beer2.jpg","width":1920,"height":1772},{"@type":"BreadcrumbList","@id":"https:\/\/theuncommonshop.ch\/fr\/product\/pantasy-craft-brewery-3\/#breadcrumb","itemListElement":[{"@type":"ListItem","position":1,"name":"Accueil","item":"https:\/\/theuncommonshop.ch\/fr\/accueil\/"},{"@type":"ListItem","position":2,"name":"Boutique","item":"https:\/\/theuncommonshop.ch\/fr\/boutique\/"},{"@type":"ListItem","position":3,"name":"Jouets","item":"https:\/\/theuncommonshop.ch\/fr\/categorie-produit\/jouets\/"},{"@type":"ListItem","position":4,"name":"Briques de construction","item":"https:\/\/theuncommonshop.ch\/fr\/categorie-produit\/jouets\/briques-de-construction\/"},{"@type":"ListItem","position":5,"name":"Divers fabricants","item":"https:\/\/theuncommonshop.ch\/fr\/categorie-produit\/jouets\/briques-de-construction\/divers-fabricants\/"},{"@type":"ListItem","position":6,"name":"Pantasy &#8211; Craft Brewery"}]},{"@type":"WebSite","@id":"https:\/\/theuncommonshop.ch\/fr\/#website","url":"https:\/\/theuncommonshop.ch\/fr\/","name":"The Uncommon Shop","description":"Magic, Pok\u00e9mon and Yu-gi-oh - The Uncommon Shop","potentialAction":[{"@type":"SearchAction","target":{"@type":"EntryPoint","urlTemplate":"https:\/\/theuncommonshop.ch\/fr\/?s={search_term_string}"},"query-input":{"@type":"PropertyValueSpecification","valueRequired":true,"valueName":"search_term_string"}}],"inLanguage":"fr-FR"}]},"product_price_amount":"144.95","product_price_currency":"CHF","og_availability":"out of stock","product_availability":"out of stock","product_retailer_item_id":"SHOP.PantasyCraftBrewery","product_condition":"new"},"_links":{"self":[{"href":"https:\/\/theuncommonshop.ch\/fr\/wp-json\/wp\/v2\/product\/308372","targetHints":{"allow":["GET"]}}],"collection":[{"href":"https:\/\/theuncommonshop.ch\/fr\/wp-json\/wp\/v2\/product"}],"about":[{"href":"https:\/\/theuncommonshop.ch\/fr\/wp-json\/wp\/v2\/types\/product"}],"replies":[{"embeddable":true,"href":"https:\/\/theuncommonshop.ch\/fr\/wp-json\/wp\/v2\/comments?post=308372"}],"version-history":[{"count":0,"href":"https:\/\/theuncommonshop.ch\/fr\/wp-json\/wp\/v2\/product\/308372\/revisions"}],"wp:featuredmedia":[{"embeddable":true,"href":"https:\/\/theuncommonshop.ch\/fr\/wp-json\/wp\/v2\/media\/308393"}],"wp:attachment":[{"href":"https:\/\/theuncommonshop.ch\/fr\/wp-json\/wp\/v2\/media?parent=308372"}],"wp:term":[{"taxonomy":"product_brand","embeddable":true,"href":"https:\/\/theuncommonshop.ch\/fr\/wp-json\/wp\/v2\/product_brand?post=308372"},{"taxonomy":"product_cat","embeddable":true,"href":"https:\/\/theuncommonshop.ch\/fr\/wp-json\/wp\/v2\/product_cat?post=308372"},{"taxonomy":"product_tag","embeddable":true,"href":"https:\/\/theuncommonshop.ch\/fr\/wp-json\/wp\/v2\/product_tag?post=308372"}],"curies":[{"name":"wp","href":"https:\/\/api.w.org\/{rel}","templated":true}]}}