{"id":308184,"date":"2026-01-28T18:02:43","date_gmt":"2026-01-28T17:02:43","guid":{"rendered":"http:\/\/theuncommonshop.ch\/produkt\/308184\/"},"modified":"2026-03-08T16:47:47","modified_gmt":"2026-03-08T15:47:47","slug":"warhammer-age-of-sigmar-spearhead-seraphon-2","status":"publish","type":"product","link":"https:\/\/theuncommonshop.ch\/fr\/product\/warhammer-age-of-sigmar-spearhead-seraphon-2\/","title":{"rendered":"Warhammer Age of Sigmar &#8211; Spearhead: Seraphon"},"content":{"rendered":"<p>Les S\u00e9raphins reptiliens s&#8217;efforcent sans rel\u00e2che de faire progresser le Grand Plan des Anciens et de ramener l&#8217;ordre et l&#8217;\u00e9quilibre v\u00e9ritables dans les royaumes pervertis par les Dieux Noirs. Dans leurs arm\u00e9es, les dinosaures \u00e0 sang froid et les b\u00eates sauvages \u00e0 \u00e9cailles combattent ensemble comme une seule force puissante &#8211; une fusion de violence pr\u00e9datrice et de pouvoir cosmique \u00e9sot\u00e9rique \u00e0 laquelle peu de gens peuvent r\u00e9sister. <\/p>\n<p>Si vous souhaitez purifier les royaumes des mortels de la souillure du chaos, cette bo\u00eete est le point de d\u00e9part id\u00e9al pour cr\u00e9er une nouvelle arm\u00e9e ou \u00e9tendre votre force de frappe Seraphon existante, tout en \u00e9conomisant de l&#8217;argent par rapport \u00e0 l&#8217;achat de kits individuels. Elle contient une s\u00e9lection \u00e9quilibr\u00e9e d&#8217;unit\u00e9s, ce qui vous permet de mettre sur la table une arm\u00e9e de Seraphons reptiliens avec ces miniatures. <\/p>\n<p>Ce kit contient les mod\u00e8les en plastique \u00e0 plusieurs pi\u00e8ces suivants :<\/p>\n<p>&#8211; 1x Saurus Oldblood sur Carnosaur (qui peut \u00eatre construit alternativement comme Saurus Scar-Veteran sur Carnosaur ou comme Skink Oracle sur Troglodon avec un Saurus Oldblood \u00e0 pied)<\/p>\n<p>&#8211; 3x Kroxigor (qui peuvent \u00eatre construits alternativement comme Kroxigor Warspawned)<\/p>\n<p>&#8211; 10x Saurus Warriors<\/p>\n<p>Tous les mod\u00e8les sont livr\u00e9s avec les bases correspondantes.<\/p>\n<p>Ces miniatures sont livr\u00e9es non peintes et doivent \u00eatre assembl\u00e9es &#8211; nous recommandons l&#8217;utilisation de la colle Plastic Glue de Citadel et des peintures Citadel Colour.<\/p>\n","protected":false},"excerpt":{"rendered":"<p>Les S\u00e9raphins reptiliens s&#8217;efforcent sans rel\u00e2che de faire progresser le Grand Plan des Anciens et de ramener l&#8217;ordre et l&#8217;\u00e9quilibre<\/p>\n","protected":false},"featured_media":297366,"comment_status":"open","ping_status":"closed","template":"","meta":{"_acf_changed":false},"product_brand":[5078,5154],"product_cat":[9925,9929],"product_tag":[],"class_list":{"0":"post-308184","1":"product","2":"type-product","3":"status-publish","4":"has-post-thumbnail","6":"product_brand-games-workshop","7":"product_brand-warhammer","8":"product_cat-tabletop-fr","9":"product_cat-warhammer-age-of-sigmar-fr","11":"first","12":"instock","13":"sale","14":"taxable","15":"shipping-taxable","16":"purchasable","17":"product-type-simple"},"acf":[],"yoast_head":"<!-- This site is optimized with the Yoast SEO plugin v27.4 - https:\/\/yoast.com\/product\/yoast-seo-wordpress\/ -->\n<title>Ach\u00e8te Warhammer Age of Sigmar - Spearhead: Seraphon<\/title>\n<meta name=\"description\" content=\"Ach\u00e8te Warhammer Age of Sigmar - Spearhead: Seraphon en ligne maintenant \u00e0 petit prix! Ton #1 shop pour cartes TCG &amp; Pok\u00e9mon en Suisse \u2713 Livraison gratuite d\u00e8s CHF 29\" \/>\n<meta name=\"robots\" content=\"index, follow, max-snippet:-1, max-image-preview:large, max-video-preview:-1\" \/>\n<link rel=\"canonical\" href=\"https:\/\/theuncommonshop.ch\/fr\/product\/warhammer-age-of-sigmar-spearhead-seraphon-2\/\" \/>\n<meta property=\"og:locale\" content=\"fr_FR\" \/>\n<meta property=\"og:type\" content=\"article\" \/>\n<meta property=\"og:title\" content=\"Ach\u00e8te Warhammer Age of Sigmar - Spearhead: Seraphon\" \/>\n<meta property=\"og:description\" content=\"Ach\u00e8te Warhammer Age of Sigmar - Spearhead: Seraphon en ligne maintenant \u00e0 petit prix! Ton #1 shop pour cartes TCG &amp; Pok\u00e9mon en Suisse \u2713 Livraison gratuite d\u00e8s CHF 29\" \/>\n<meta property=\"og:url\" content=\"https:\/\/theuncommonshop.ch\/fr\/product\/warhammer-age-of-sigmar-spearhead-seraphon-2\/\" \/>\n<meta property=\"og:site_name\" content=\"The Uncommon Shop\" \/>\n<meta property=\"article:modified_time\" content=\"2026-03-08T15:47:47+00:00\" \/>\n<meta property=\"og:image\" content=\"https:\/\/theuncommonshop.ch\/wp-content\/uploads\/2026\/01\/W1.jpg\" \/>\n\t<meta property=\"og:image:width\" content=\"918\" \/>\n\t<meta property=\"og:image:height\" content=\"948\" \/>\n\t<meta property=\"og:image:type\" content=\"image\/jpeg\" \/>\n<meta name=\"twitter:card\" content=\"summary_large_image\" \/>\n<meta name=\"twitter:label1\" content=\"Prix\" \/>\n\t<meta name=\"twitter:data1\" content=\"&#067;&#072;&#070;&nbsp;99.95\" \/>\n\t<meta name=\"twitter:label2\" content=\"Disponibilit\u00e9\" \/>\n\t<meta name=\"twitter:data2\" content=\"En stock\" \/>\n<script type=\"application\/ld+json\" class=\"yoast-schema-graph\">{\"@context\":\"https:\\\/\\\/schema.org\",\"@graph\":[{\"@type\":\"WebPage\",\"@id\":\"https:\\\/\\\/theuncommonshop.ch\\\/fr\\\/product\\\/warhammer-age-of-sigmar-spearhead-seraphon-2\\\/\",\"url\":\"https:\\\/\\\/theuncommonshop.ch\\\/fr\\\/product\\\/warhammer-age-of-sigmar-spearhead-seraphon-2\\\/\",\"name\":\"Ach\u00e8te Warhammer Age of Sigmar - Spearhead: Seraphon\",\"isPartOf\":{\"@id\":\"https:\\\/\\\/theuncommonshop.ch\\\/fr\\\/#website\"},\"primaryImageOfPage\":{\"@id\":\"https:\\\/\\\/theuncommonshop.ch\\\/fr\\\/product\\\/warhammer-age-of-sigmar-spearhead-seraphon-2\\\/#primaryimage\"},\"image\":{\"@id\":\"https:\\\/\\\/theuncommonshop.ch\\\/fr\\\/product\\\/warhammer-age-of-sigmar-spearhead-seraphon-2\\\/#primaryimage\"},\"thumbnailUrl\":\"https:\\\/\\\/theuncommonshop.ch\\\/wp-content\\\/uploads\\\/2026\\\/01\\\/W1.jpg\",\"datePublished\":\"2026-01-28T17:02:43+00:00\",\"dateModified\":\"2026-03-08T15:47:47+00:00\",\"description\":\"Ach\u00e8te Warhammer Age of Sigmar - Spearhead: Seraphon en ligne maintenant \u00e0 petit prix! Ton #1 shop pour cartes TCG & Pok\u00e9mon en Suisse \u2713 Livraison gratuite d\u00e8s CHF 29\",\"breadcrumb\":{\"@id\":\"https:\\\/\\\/theuncommonshop.ch\\\/fr\\\/product\\\/warhammer-age-of-sigmar-spearhead-seraphon-2\\\/#breadcrumb\"},\"inLanguage\":\"fr-FR\",\"potentialAction\":[{\"@type\":\"ReadAction\",\"target\":[\"https:\\\/\\\/theuncommonshop.ch\\\/fr\\\/product\\\/warhammer-age-of-sigmar-spearhead-seraphon-2\\\/\"]}]},{\"@type\":\"ImageObject\",\"inLanguage\":\"fr-FR\",\"@id\":\"https:\\\/\\\/theuncommonshop.ch\\\/fr\\\/product\\\/warhammer-age-of-sigmar-spearhead-seraphon-2\\\/#primaryimage\",\"url\":\"https:\\\/\\\/theuncommonshop.ch\\\/wp-content\\\/uploads\\\/2026\\\/01\\\/W1.jpg\",\"contentUrl\":\"https:\\\/\\\/theuncommonshop.ch\\\/wp-content\\\/uploads\\\/2026\\\/01\\\/W1.jpg\",\"width\":918,\"height\":948},{\"@type\":\"BreadcrumbList\",\"@id\":\"https:\\\/\\\/theuncommonshop.ch\\\/fr\\\/product\\\/warhammer-age-of-sigmar-spearhead-seraphon-2\\\/#breadcrumb\",\"itemListElement\":[{\"@type\":\"ListItem\",\"position\":1,\"name\":\"Accueil\",\"item\":\"https:\\\/\\\/theuncommonshop.ch\\\/fr\\\/accueil\\\/\"},{\"@type\":\"ListItem\",\"position\":2,\"name\":\"Boutique\",\"item\":\"https:\\\/\\\/theuncommonshop.ch\\\/fr\\\/boutique\\\/\"},{\"@type\":\"ListItem\",\"position\":3,\"name\":\"Tabletop\",\"item\":\"https:\\\/\\\/theuncommonshop.ch\\\/fr\\\/categorie-produit\\\/tabletop-fr\\\/\"},{\"@type\":\"ListItem\",\"position\":4,\"name\":\"Warhammer Age of Sigmar\",\"item\":\"https:\\\/\\\/theuncommonshop.ch\\\/fr\\\/categorie-produit\\\/tabletop-fr\\\/warhammer-age-of-sigmar-fr\\\/\"},{\"@type\":\"ListItem\",\"position\":5,\"name\":\"Warhammer Age of Sigmar &#8211; Spearhead: Seraphon\"}]},{\"@type\":\"WebSite\",\"@id\":\"https:\\\/\\\/theuncommonshop.ch\\\/fr\\\/#website\",\"url\":\"https:\\\/\\\/theuncommonshop.ch\\\/fr\\\/\",\"name\":\"The Uncommon Shop\",\"description\":\"Magic, Pok\u00e9mon and Yu-gi-oh - The Uncommon Shop\",\"potentialAction\":[{\"@type\":\"SearchAction\",\"target\":{\"@type\":\"EntryPoint\",\"urlTemplate\":\"https:\\\/\\\/theuncommonshop.ch\\\/fr\\\/?s={search_term_string}\"},\"query-input\":{\"@type\":\"PropertyValueSpecification\",\"valueRequired\":true,\"valueName\":\"search_term_string\"}}],\"inLanguage\":\"fr-FR\"}]}<\/script>\n<meta property=\"product:price:amount\" content=\"99.95\" \/>\n<meta property=\"product:price:currency\" content=\"CHF\" \/>\n<meta property=\"og:availability\" content=\"instock\" \/>\n<meta property=\"product:availability\" content=\"instock\" \/>\n<meta property=\"product:retailer_item_id\" content=\"WH.WarHamAgeOfSigSpearSera\" \/>\n<meta property=\"product:condition\" content=\"new\" \/>\n<!-- \/ Yoast SEO plugin. -->","yoast_head_json":{"title":"Ach\u00e8te Warhammer Age of Sigmar - Spearhead: Seraphon","description":"Ach\u00e8te Warhammer Age of Sigmar - Spearhead: Seraphon en ligne maintenant \u00e0 petit prix! Ton #1 shop pour cartes TCG & Pok\u00e9mon en Suisse \u2713 Livraison gratuite d\u00e8s CHF 29","robots":{"index":"index","follow":"follow","max-snippet":"max-snippet:-1","max-image-preview":"max-image-preview:large","max-video-preview":"max-video-preview:-1"},"canonical":"https:\/\/theuncommonshop.ch\/fr\/product\/warhammer-age-of-sigmar-spearhead-seraphon-2\/","og_locale":"fr_FR","og_type":"article","og_title":"Ach\u00e8te Warhammer Age of Sigmar - Spearhead: Seraphon","og_description":"Ach\u00e8te Warhammer Age of Sigmar - Spearhead: Seraphon en ligne maintenant \u00e0 petit prix! Ton #1 shop pour cartes TCG & Pok\u00e9mon en Suisse \u2713 Livraison gratuite d\u00e8s CHF 29","og_url":"https:\/\/theuncommonshop.ch\/fr\/product\/warhammer-age-of-sigmar-spearhead-seraphon-2\/","og_site_name":"The Uncommon Shop","article_modified_time":"2026-03-08T15:47:47+00:00","og_image":[{"width":918,"height":948,"url":"https:\/\/theuncommonshop.ch\/wp-content\/uploads\/2026\/01\/W1.jpg","type":"image\/jpeg"}],"twitter_card":"summary_large_image","twitter_misc":{"Prix":"&#67;&#72;&#70;&nbsp;99.95","Disponibilit\u00e9":"En stock"},"schema":{"@context":"https:\/\/schema.org","@graph":[{"@type":"WebPage","@id":"https:\/\/theuncommonshop.ch\/fr\/product\/warhammer-age-of-sigmar-spearhead-seraphon-2\/","url":"https:\/\/theuncommonshop.ch\/fr\/product\/warhammer-age-of-sigmar-spearhead-seraphon-2\/","name":"Ach\u00e8te Warhammer Age of Sigmar - Spearhead: Seraphon","isPartOf":{"@id":"https:\/\/theuncommonshop.ch\/fr\/#website"},"primaryImageOfPage":{"@id":"https:\/\/theuncommonshop.ch\/fr\/product\/warhammer-age-of-sigmar-spearhead-seraphon-2\/#primaryimage"},"image":{"@id":"https:\/\/theuncommonshop.ch\/fr\/product\/warhammer-age-of-sigmar-spearhead-seraphon-2\/#primaryimage"},"thumbnailUrl":"https:\/\/theuncommonshop.ch\/wp-content\/uploads\/2026\/01\/W1.jpg","datePublished":"2026-01-28T17:02:43+00:00","dateModified":"2026-03-08T15:47:47+00:00","description":"Ach\u00e8te Warhammer Age of Sigmar - Spearhead: Seraphon en ligne maintenant \u00e0 petit prix! Ton #1 shop pour cartes TCG & Pok\u00e9mon en Suisse \u2713 Livraison gratuite d\u00e8s CHF 29","breadcrumb":{"@id":"https:\/\/theuncommonshop.ch\/fr\/product\/warhammer-age-of-sigmar-spearhead-seraphon-2\/#breadcrumb"},"inLanguage":"fr-FR","potentialAction":[{"@type":"ReadAction","target":["https:\/\/theuncommonshop.ch\/fr\/product\/warhammer-age-of-sigmar-spearhead-seraphon-2\/"]}]},{"@type":"ImageObject","inLanguage":"fr-FR","@id":"https:\/\/theuncommonshop.ch\/fr\/product\/warhammer-age-of-sigmar-spearhead-seraphon-2\/#primaryimage","url":"https:\/\/theuncommonshop.ch\/wp-content\/uploads\/2026\/01\/W1.jpg","contentUrl":"https:\/\/theuncommonshop.ch\/wp-content\/uploads\/2026\/01\/W1.jpg","width":918,"height":948},{"@type":"BreadcrumbList","@id":"https:\/\/theuncommonshop.ch\/fr\/product\/warhammer-age-of-sigmar-spearhead-seraphon-2\/#breadcrumb","itemListElement":[{"@type":"ListItem","position":1,"name":"Accueil","item":"https:\/\/theuncommonshop.ch\/fr\/accueil\/"},{"@type":"ListItem","position":2,"name":"Boutique","item":"https:\/\/theuncommonshop.ch\/fr\/boutique\/"},{"@type":"ListItem","position":3,"name":"Tabletop","item":"https:\/\/theuncommonshop.ch\/fr\/categorie-produit\/tabletop-fr\/"},{"@type":"ListItem","position":4,"name":"Warhammer Age of Sigmar","item":"https:\/\/theuncommonshop.ch\/fr\/categorie-produit\/tabletop-fr\/warhammer-age-of-sigmar-fr\/"},{"@type":"ListItem","position":5,"name":"Warhammer Age of Sigmar &#8211; Spearhead: Seraphon"}]},{"@type":"WebSite","@id":"https:\/\/theuncommonshop.ch\/fr\/#website","url":"https:\/\/theuncommonshop.ch\/fr\/","name":"The Uncommon Shop","description":"Magic, Pok\u00e9mon and Yu-gi-oh - The Uncommon Shop","potentialAction":[{"@type":"SearchAction","target":{"@type":"EntryPoint","urlTemplate":"https:\/\/theuncommonshop.ch\/fr\/?s={search_term_string}"},"query-input":{"@type":"PropertyValueSpecification","valueRequired":true,"valueName":"search_term_string"}}],"inLanguage":"fr-FR"}]},"product_price_amount":"99.95","product_price_currency":"CHF","og_availability":"instock","product_availability":"instock","product_retailer_item_id":"WH.WarHamAgeOfSigSpearSera","product_condition":"new"},"_links":{"self":[{"href":"https:\/\/theuncommonshop.ch\/fr\/wp-json\/wp\/v2\/product\/308184","targetHints":{"allow":["GET"]}}],"collection":[{"href":"https:\/\/theuncommonshop.ch\/fr\/wp-json\/wp\/v2\/product"}],"about":[{"href":"https:\/\/theuncommonshop.ch\/fr\/wp-json\/wp\/v2\/types\/product"}],"replies":[{"embeddable":true,"href":"https:\/\/theuncommonshop.ch\/fr\/wp-json\/wp\/v2\/comments?post=308184"}],"version-history":[{"count":0,"href":"https:\/\/theuncommonshop.ch\/fr\/wp-json\/wp\/v2\/product\/308184\/revisions"}],"wp:featuredmedia":[{"embeddable":true,"href":"https:\/\/theuncommonshop.ch\/fr\/wp-json\/wp\/v2\/media\/297366"}],"wp:attachment":[{"href":"https:\/\/theuncommonshop.ch\/fr\/wp-json\/wp\/v2\/media?parent=308184"}],"wp:term":[{"taxonomy":"product_brand","embeddable":true,"href":"https:\/\/theuncommonshop.ch\/fr\/wp-json\/wp\/v2\/product_brand?post=308184"},{"taxonomy":"product_cat","embeddable":true,"href":"https:\/\/theuncommonshop.ch\/fr\/wp-json\/wp\/v2\/product_cat?post=308184"},{"taxonomy":"product_tag","embeddable":true,"href":"https:\/\/theuncommonshop.ch\/fr\/wp-json\/wp\/v2\/product_tag?post=308184"}],"curies":[{"name":"wp","href":"https:\/\/api.w.org\/{rel}","templated":true}]}}