{"id":308030,"date":"2026-01-27T23:12:31","date_gmt":"2026-01-27T22:12:31","guid":{"rendered":"http:\/\/theuncommonshop.ch\/produkt\/308030\/"},"modified":"2026-04-07T19:12:03","modified_gmt":"2026-04-07T17:12:03","slug":"pokemon-scarlet-violet-prismatic-evolutions-sv8-5-costco-2-pack-bundle-3","status":"publish","type":"product","link":"https:\/\/theuncommonshop.ch\/fr\/product\/pokemon-scarlet-violet-prismatic-evolutions-sv8-5-costco-2-pack-bundle-3\/","title":{"rendered":"Pok\u00e9mon &#8211; Scarlet &amp; Violet &#8211; Prismatic Evolutions (SV8.5) &#8211; Costco 2-Pack Bundle"},"content":{"rendered":"<p><strong>Pok\u00e9mon &#8211; Scarlet &amp; Violet &#8211; Prismatic Evolutions (SV8.5) &#8211; Costco 2-Pack Bundle<\/strong><\/p>\n<p>Cette exclusivit\u00e9 Costco unique comprend 1 Elite Trainer Box et 1 Booster Bundle !<\/p>\n<p>Eevee et ses amis brillent de mille feux ! Du moelleux et de la fougue \u00e0 la glace et \u00e0 la fantaisie, Eevee et ses nombreuses \u00e9volutions occupent une place particuli\u00e8re dans le c\u0153ur des dresseurs de Pok\u00e9mon de tout le pays ! D\u00e9couvrez ses nouveaux pouvoirs uniques en tant que Pok\u00e9mon ex Stellar Tera et cherchez votre tr\u00e9sor personnel dans une superbe collection de Pok\u00e9mon ex de Paldea et d&#8217;ailleurs. Des gemmes \u00e9tincelantes et des motifs cach\u00e9s vous attendent au bout de l&#8217;arc-en-ciel dans l&#8217;extension Pok\u00e9mon TCG : Scarlet &amp; Violet &#8211; Prismatic Evolutions !   <\/p>\n<p>Le Booster Bundle contient : Six Booster Packs de l&#8217;extension Pok\u00e9mon TCG : Scarlet &amp; Violet &#8211; Prismatic Evolutions. Chaque Booster Pack contient 10 cartes et 1 \u00e9nergie de base.  Les cartes varient en fonction du paquet.<\/p>\n<p>Chaque Elite Trainer Box contient :<\/p>\n<ul>\n<li>9 Jeu de cartes \u00e0 collectionner Pok\u00e9mon : Scarlet &amp; Violet &#8211; Prismatic Evolutions Booster Packs<\/li>\n<li>Chaque boosterpack contient 10 cartes et 1 \u00e9nergie de base. Les cartes varient en fonction du paquet.<\/li>\n<\/ul>\n<p>1 carte promotionnelle Full Art Foil avec Eevee<\/p>\n<ul>\n<li>65 pochettes de cartes<\/li>\n<li>45 cartes d&#8217;\u00e9nergie Pok\u00e9mon TCG<\/li>\n<li>Un manuel du joueur pour l&#8217;extension &#8220;Scarlet &amp; Violet &#8211; Prismatic Evolutions&#8221; 6 cubes de marqueurs de d\u00e9g\u00e2ts<\/li>\n<li>1 d\u00e9 \u00e0 pile ou face adapt\u00e9 \u00e0 la comp\u00e9tition<\/li>\n<li>2 marqueurs d&#8217;\u00e9tat en plastique<\/li>\n<li>Une bo\u00eete pour ranger toutes les pi\u00e8ces avec 4 s\u00e9parateurs pour une organisation claire<\/li>\n<li>Une carte de code pour le Pok\u00e9mon Trading Card Game Live<\/li>\n<\/ul>\n","protected":false},"excerpt":{"rendered":"<p>Pok\u00e9mon &#8211; Scarlet &amp; Violet &#8211; Prismatic Evolutions (SV8.5) &#8211; Costco 2-Pack Bundle Cette exclusivit\u00e9 Costco unique comprend 1 Elite<\/p>\n","protected":false},"featured_media":308034,"comment_status":"open","ping_status":"closed","template":"","meta":{"_acf_changed":false},"product_brand":[5114,5072],"product_cat":[9809,9811,9823,9777,10103],"product_tag":[],"class_list":{"0":"post-308030","1":"product","2":"type-product","3":"status-publish","4":"has-post-thumbnail","6":"product_brand-pokemon","7":"product_brand-the-pokemon-company","8":"product_cat-coffret-dresseur-delite","9":"product_cat-coffrets-et-collections-pokemon","10":"product_cat-investissements","11":"product_cat-pokemon-fr","12":"product_cat-sv85-evolutions-prismatiques","14":"first","15":"outofstock","16":"taxable","17":"shipping-taxable","18":"purchasable","19":"product-type-simple"},"acf":[],"yoast_head":"<!-- This site is optimized with the Yoast SEO plugin v27.4 - https:\/\/yoast.com\/product\/yoast-seo-wordpress\/ -->\n<title>Ach\u00e8te Pok\u00e9mon - Scarlet &amp; Violet - Prismatic Evolutions (SV8.5) - Costco 2-Pack Bundle<\/title>\n<meta name=\"description\" content=\"Ach\u00e8te Pok\u00e9mon - Scarlet &amp; Violet - Prismatic Evolutions (SV8.5) - Costco 2-Pack Bundle en ligne maintenant \u00e0 petit prix! Ton #1 shop pour cartes TCG &amp; Pok\u00e9mon en Suisse \u2713 Livraison gratuite d\u00e8s CHF 29\" \/>\n<meta name=\"robots\" content=\"index, follow, max-snippet:-1, max-image-preview:large, max-video-preview:-1\" \/>\n<link rel=\"canonical\" href=\"https:\/\/theuncommonshop.ch\/fr\/product\/pokemon-scarlet-violet-prismatic-evolutions-sv8-5-costco-2-pack-bundle-3\/\" \/>\n<meta property=\"og:locale\" content=\"fr_FR\" \/>\n<meta property=\"og:type\" content=\"article\" \/>\n<meta property=\"og:title\" content=\"Ach\u00e8te Pok\u00e9mon - Scarlet &amp; Violet - Prismatic Evolutions (SV8.5) - Costco 2-Pack Bundle\" \/>\n<meta property=\"og:description\" content=\"Ach\u00e8te Pok\u00e9mon - Scarlet &amp; Violet - Prismatic Evolutions (SV8.5) - Costco 2-Pack Bundle en ligne maintenant \u00e0 petit prix! Ton #1 shop pour cartes TCG &amp; Pok\u00e9mon en Suisse \u2713 Livraison gratuite d\u00e8s CHF 29\" \/>\n<meta property=\"og:url\" content=\"https:\/\/theuncommonshop.ch\/fr\/product\/pokemon-scarlet-violet-prismatic-evolutions-sv8-5-costco-2-pack-bundle-3\/\" \/>\n<meta property=\"og:site_name\" content=\"Largest trading card shop in Switzerland\" \/>\n<meta property=\"article:modified_time\" content=\"2026-04-07T17:12:03+00:00\" \/>\n<meta property=\"og:image\" content=\"https:\/\/theuncommonshop.ch\/wp-content\/uploads\/2026\/01\/COSTCO1.jpg\" \/>\n\t<meta property=\"og:image:width\" content=\"1000\" \/>\n\t<meta property=\"og:image:height\" content=\"648\" \/>\n\t<meta property=\"og:image:type\" content=\"image\/jpeg\" \/>\n<meta name=\"twitter:card\" content=\"summary_large_image\" \/>\n<meta name=\"twitter:label1\" content=\"Prix\" \/>\n\t<meta name=\"twitter:data1\" content=\"&#067;&#072;&#070;&nbsp;249.95\" \/>\n\t<meta name=\"twitter:label2\" content=\"Disponibilit\u00e9\" \/>\n\t<meta name=\"twitter:data2\" content=\"Rupture de stock\" \/>\n<script type=\"application\/ld+json\" class=\"yoast-schema-graph\">{\"@context\":\"https:\\\/\\\/schema.org\",\"@graph\":[{\"@type\":\"WebPage\",\"@id\":\"https:\\\/\\\/theuncommonshop.ch\\\/fr\\\/product\\\/pokemon-scarlet-violet-prismatic-evolutions-sv8-5-costco-2-pack-bundle-3\\\/\",\"url\":\"https:\\\/\\\/theuncommonshop.ch\\\/fr\\\/product\\\/pokemon-scarlet-violet-prismatic-evolutions-sv8-5-costco-2-pack-bundle-3\\\/\",\"name\":\"Ach\u00e8te Pok\u00e9mon - Scarlet &amp; Violet - Prismatic Evolutions (SV8.5) - Costco 2-Pack Bundle\",\"isPartOf\":{\"@id\":\"https:\\\/\\\/theuncommonshop.ch\\\/#website\"},\"primaryImageOfPage\":{\"@id\":\"https:\\\/\\\/theuncommonshop.ch\\\/fr\\\/product\\\/pokemon-scarlet-violet-prismatic-evolutions-sv8-5-costco-2-pack-bundle-3\\\/#primaryimage\"},\"image\":{\"@id\":\"https:\\\/\\\/theuncommonshop.ch\\\/fr\\\/product\\\/pokemon-scarlet-violet-prismatic-evolutions-sv8-5-costco-2-pack-bundle-3\\\/#primaryimage\"},\"thumbnailUrl\":\"https:\\\/\\\/theuncommonshop.ch\\\/wp-content\\\/uploads\\\/2026\\\/01\\\/COSTCO1.jpg\",\"datePublished\":\"2026-01-27T22:12:31+00:00\",\"dateModified\":\"2026-04-07T17:12:03+00:00\",\"description\":\"Ach\u00e8te Pok\u00e9mon - Scarlet &amp; Violet - Prismatic Evolutions (SV8.5) - Costco 2-Pack Bundle en ligne maintenant \u00e0 petit prix! Ton #1 shop pour cartes TCG & Pok\u00e9mon en Suisse \u2713 Livraison gratuite d\u00e8s CHF 29\",\"breadcrumb\":{\"@id\":\"https:\\\/\\\/theuncommonshop.ch\\\/fr\\\/product\\\/pokemon-scarlet-violet-prismatic-evolutions-sv8-5-costco-2-pack-bundle-3\\\/#breadcrumb\"},\"inLanguage\":\"fr-FR\",\"potentialAction\":[{\"@type\":\"ReadAction\",\"target\":[\"https:\\\/\\\/theuncommonshop.ch\\\/fr\\\/product\\\/pokemon-scarlet-violet-prismatic-evolutions-sv8-5-costco-2-pack-bundle-3\\\/\"]}]},{\"@type\":\"ImageObject\",\"inLanguage\":\"fr-FR\",\"@id\":\"https:\\\/\\\/theuncommonshop.ch\\\/fr\\\/product\\\/pokemon-scarlet-violet-prismatic-evolutions-sv8-5-costco-2-pack-bundle-3\\\/#primaryimage\",\"url\":\"https:\\\/\\\/theuncommonshop.ch\\\/wp-content\\\/uploads\\\/2026\\\/01\\\/COSTCO1.jpg\",\"contentUrl\":\"https:\\\/\\\/theuncommonshop.ch\\\/wp-content\\\/uploads\\\/2026\\\/01\\\/COSTCO1.jpg\",\"width\":1000,\"height\":648},{\"@type\":\"BreadcrumbList\",\"@id\":\"https:\\\/\\\/theuncommonshop.ch\\\/fr\\\/product\\\/pokemon-scarlet-violet-prismatic-evolutions-sv8-5-costco-2-pack-bundle-3\\\/#breadcrumb\",\"itemListElement\":[{\"@type\":\"ListItem\",\"position\":1,\"name\":\"Accueil\",\"item\":\"https:\\\/\\\/theuncommonshop.ch\\\/fr\\\/accueil\\\/\"},{\"@type\":\"ListItem\",\"position\":2,\"name\":\"Boutique\",\"item\":\"https:\\\/\\\/theuncommonshop.ch\\\/fr\\\/boutique\\\/\"},{\"@type\":\"ListItem\",\"position\":3,\"name\":\"Pok\u00e9mon\",\"item\":\"https:\\\/\\\/theuncommonshop.ch\\\/fr\\\/categorie-produit\\\/pokemon-fr\\\/\"},{\"@type\":\"ListItem\",\"position\":4,\"name\":\"Produits par lots\",\"item\":\"https:\\\/\\\/theuncommonshop.ch\\\/fr\\\/categorie-produit\\\/pokemon-fr\\\/produits-par-lots\\\/\"},{\"@type\":\"ListItem\",\"position\":5,\"name\":\"\u00c9carlate & Violet\",\"item\":\"https:\\\/\\\/theuncommonshop.ch\\\/fr\\\/categorie-produit\\\/pokemon-fr\\\/produits-par-lots\\\/ecarlate-et-violet\\\/\"},{\"@type\":\"ListItem\",\"position\":6,\"name\":\"SV8.5 \u00c9volutions Prismatiques\",\"item\":\"https:\\\/\\\/theuncommonshop.ch\\\/fr\\\/categorie-produit\\\/pokemon-fr\\\/produits-par-lots\\\/ecarlate-et-violet\\\/sv85-evolutions-prismatiques\\\/\"},{\"@type\":\"ListItem\",\"position\":7,\"name\":\"Pok\u00e9mon &#8211; Scarlet &amp; Violet &#8211; Prismatic Evolutions (SV8.5) &#8211; Costco 2-Pack Bundle\"}]},{\"@type\":\"WebSite\",\"@id\":\"https:\\\/\\\/theuncommonshop.ch\\\/#website\",\"url\":\"https:\\\/\\\/theuncommonshop.ch\\\/\",\"name\":\"Largest trading card shop in Switzerland\",\"description\":\"Magic, Pok\u00e9mon and Yu-gi-oh - The Uncommon Shop\",\"potentialAction\":[{\"@type\":\"SearchAction\",\"target\":{\"@type\":\"EntryPoint\",\"urlTemplate\":\"https:\\\/\\\/theuncommonshop.ch\\\/?s={search_term_string}\"},\"query-input\":{\"@type\":\"PropertyValueSpecification\",\"valueRequired\":true,\"valueName\":\"search_term_string\"}}],\"inLanguage\":\"fr-FR\"}]}<\/script>\n<meta property=\"product:price:amount\" content=\"249.95\" \/>\n<meta property=\"product:price:currency\" content=\"CHF\" \/>\n<meta property=\"og:availability\" content=\"out of stock\" \/>\n<meta property=\"product:availability\" content=\"out of stock\" \/>\n<meta property=\"product:condition\" content=\"new\" \/>\n<!-- \/ Yoast SEO plugin. -->","yoast_head_json":{"title":"Ach\u00e8te Pok\u00e9mon - Scarlet &amp; Violet - Prismatic Evolutions (SV8.5) - Costco 2-Pack Bundle","description":"Ach\u00e8te Pok\u00e9mon - Scarlet &amp; Violet - Prismatic Evolutions (SV8.5) - Costco 2-Pack Bundle en ligne maintenant \u00e0 petit prix! Ton #1 shop pour cartes TCG & Pok\u00e9mon en Suisse \u2713 Livraison gratuite d\u00e8s CHF 29","robots":{"index":"index","follow":"follow","max-snippet":"max-snippet:-1","max-image-preview":"max-image-preview:large","max-video-preview":"max-video-preview:-1"},"canonical":"https:\/\/theuncommonshop.ch\/fr\/product\/pokemon-scarlet-violet-prismatic-evolutions-sv8-5-costco-2-pack-bundle-3\/","og_locale":"fr_FR","og_type":"article","og_title":"Ach\u00e8te Pok\u00e9mon - Scarlet &amp; Violet - Prismatic Evolutions (SV8.5) - Costco 2-Pack Bundle","og_description":"Ach\u00e8te Pok\u00e9mon - Scarlet &amp; Violet - Prismatic Evolutions (SV8.5) - Costco 2-Pack Bundle en ligne maintenant \u00e0 petit prix! Ton #1 shop pour cartes TCG & Pok\u00e9mon en Suisse \u2713 Livraison gratuite d\u00e8s CHF 29","og_url":"https:\/\/theuncommonshop.ch\/fr\/product\/pokemon-scarlet-violet-prismatic-evolutions-sv8-5-costco-2-pack-bundle-3\/","og_site_name":"Largest trading card shop in Switzerland","article_modified_time":"2026-04-07T17:12:03+00:00","og_image":[{"width":1000,"height":648,"url":"https:\/\/theuncommonshop.ch\/wp-content\/uploads\/2026\/01\/COSTCO1.jpg","type":"image\/jpeg"}],"twitter_card":"summary_large_image","twitter_misc":{"Prix":"&#67;&#72;&#70;&nbsp;249.95","Disponibilit\u00e9":"Rupture de stock"},"schema":{"@context":"https:\/\/schema.org","@graph":[{"@type":"WebPage","@id":"https:\/\/theuncommonshop.ch\/fr\/product\/pokemon-scarlet-violet-prismatic-evolutions-sv8-5-costco-2-pack-bundle-3\/","url":"https:\/\/theuncommonshop.ch\/fr\/product\/pokemon-scarlet-violet-prismatic-evolutions-sv8-5-costco-2-pack-bundle-3\/","name":"Ach\u00e8te Pok\u00e9mon - Scarlet &amp; Violet - Prismatic Evolutions (SV8.5) - Costco 2-Pack Bundle","isPartOf":{"@id":"https:\/\/theuncommonshop.ch\/#website"},"primaryImageOfPage":{"@id":"https:\/\/theuncommonshop.ch\/fr\/product\/pokemon-scarlet-violet-prismatic-evolutions-sv8-5-costco-2-pack-bundle-3\/#primaryimage"},"image":{"@id":"https:\/\/theuncommonshop.ch\/fr\/product\/pokemon-scarlet-violet-prismatic-evolutions-sv8-5-costco-2-pack-bundle-3\/#primaryimage"},"thumbnailUrl":"https:\/\/theuncommonshop.ch\/wp-content\/uploads\/2026\/01\/COSTCO1.jpg","datePublished":"2026-01-27T22:12:31+00:00","dateModified":"2026-04-07T17:12:03+00:00","description":"Ach\u00e8te Pok\u00e9mon - Scarlet &amp; Violet - Prismatic Evolutions (SV8.5) - Costco 2-Pack Bundle en ligne maintenant \u00e0 petit prix! Ton #1 shop pour cartes TCG & Pok\u00e9mon en Suisse \u2713 Livraison gratuite d\u00e8s CHF 29","breadcrumb":{"@id":"https:\/\/theuncommonshop.ch\/fr\/product\/pokemon-scarlet-violet-prismatic-evolutions-sv8-5-costco-2-pack-bundle-3\/#breadcrumb"},"inLanguage":"fr-FR","potentialAction":[{"@type":"ReadAction","target":["https:\/\/theuncommonshop.ch\/fr\/product\/pokemon-scarlet-violet-prismatic-evolutions-sv8-5-costco-2-pack-bundle-3\/"]}]},{"@type":"ImageObject","inLanguage":"fr-FR","@id":"https:\/\/theuncommonshop.ch\/fr\/product\/pokemon-scarlet-violet-prismatic-evolutions-sv8-5-costco-2-pack-bundle-3\/#primaryimage","url":"https:\/\/theuncommonshop.ch\/wp-content\/uploads\/2026\/01\/COSTCO1.jpg","contentUrl":"https:\/\/theuncommonshop.ch\/wp-content\/uploads\/2026\/01\/COSTCO1.jpg","width":1000,"height":648},{"@type":"BreadcrumbList","@id":"https:\/\/theuncommonshop.ch\/fr\/product\/pokemon-scarlet-violet-prismatic-evolutions-sv8-5-costco-2-pack-bundle-3\/#breadcrumb","itemListElement":[{"@type":"ListItem","position":1,"name":"Accueil","item":"https:\/\/theuncommonshop.ch\/fr\/accueil\/"},{"@type":"ListItem","position":2,"name":"Boutique","item":"https:\/\/theuncommonshop.ch\/fr\/boutique\/"},{"@type":"ListItem","position":3,"name":"Pok\u00e9mon","item":"https:\/\/theuncommonshop.ch\/fr\/categorie-produit\/pokemon-fr\/"},{"@type":"ListItem","position":4,"name":"Produits par lots","item":"https:\/\/theuncommonshop.ch\/fr\/categorie-produit\/pokemon-fr\/produits-par-lots\/"},{"@type":"ListItem","position":5,"name":"\u00c9carlate & Violet","item":"https:\/\/theuncommonshop.ch\/fr\/categorie-produit\/pokemon-fr\/produits-par-lots\/ecarlate-et-violet\/"},{"@type":"ListItem","position":6,"name":"SV8.5 \u00c9volutions Prismatiques","item":"https:\/\/theuncommonshop.ch\/fr\/categorie-produit\/pokemon-fr\/produits-par-lots\/ecarlate-et-violet\/sv85-evolutions-prismatiques\/"},{"@type":"ListItem","position":7,"name":"Pok\u00e9mon &#8211; Scarlet &amp; Violet &#8211; Prismatic Evolutions (SV8.5) &#8211; Costco 2-Pack Bundle"}]},{"@type":"WebSite","@id":"https:\/\/theuncommonshop.ch\/#website","url":"https:\/\/theuncommonshop.ch\/","name":"Largest trading card shop in Switzerland","description":"Magic, Pok\u00e9mon and Yu-gi-oh - The Uncommon Shop","potentialAction":[{"@type":"SearchAction","target":{"@type":"EntryPoint","urlTemplate":"https:\/\/theuncommonshop.ch\/?s={search_term_string}"},"query-input":{"@type":"PropertyValueSpecification","valueRequired":true,"valueName":"search_term_string"}}],"inLanguage":"fr-FR"}]},"product_price_amount":"249.95","product_price_currency":"CHF","og_availability":"out of stock","product_availability":"out of stock","product_condition":"new"},"_links":{"self":[{"href":"https:\/\/theuncommonshop.ch\/fr\/wp-json\/wp\/v2\/product\/308030","targetHints":{"allow":["GET"]}}],"collection":[{"href":"https:\/\/theuncommonshop.ch\/fr\/wp-json\/wp\/v2\/product"}],"about":[{"href":"https:\/\/theuncommonshop.ch\/fr\/wp-json\/wp\/v2\/types\/product"}],"replies":[{"embeddable":true,"href":"https:\/\/theuncommonshop.ch\/fr\/wp-json\/wp\/v2\/comments?post=308030"}],"version-history":[{"count":2,"href":"https:\/\/theuncommonshop.ch\/fr\/wp-json\/wp\/v2\/product\/308030\/revisions"}],"predecessor-version":[{"id":353640,"href":"https:\/\/theuncommonshop.ch\/fr\/wp-json\/wp\/v2\/product\/308030\/revisions\/353640"}],"wp:featuredmedia":[{"embeddable":true,"href":"https:\/\/theuncommonshop.ch\/fr\/wp-json\/wp\/v2\/media\/308034"}],"wp:attachment":[{"href":"https:\/\/theuncommonshop.ch\/fr\/wp-json\/wp\/v2\/media?parent=308030"}],"wp:term":[{"taxonomy":"product_brand","embeddable":true,"href":"https:\/\/theuncommonshop.ch\/fr\/wp-json\/wp\/v2\/product_brand?post=308030"},{"taxonomy":"product_cat","embeddable":true,"href":"https:\/\/theuncommonshop.ch\/fr\/wp-json\/wp\/v2\/product_cat?post=308030"},{"taxonomy":"product_tag","embeddable":true,"href":"https:\/\/theuncommonshop.ch\/fr\/wp-json\/wp\/v2\/product_tag?post=308030"}],"curies":[{"name":"wp","href":"https:\/\/api.w.org\/{rel}","templated":true}]}}