{"id":308015,"date":"2026-01-27T23:16:00","date_gmt":"2026-01-27T22:16:00","guid":{"rendered":"http:\/\/theuncommonshop.ch\/produkt\/308015\/"},"modified":"2026-03-08T16:47:13","modified_gmt":"2026-03-08T15:47:13","slug":"pokemon-karmesin-und-purpur-sv8-5-prismatic-evolution-sams-club-2-pack-bundle-2","status":"publish","type":"product","link":"https:\/\/theuncommonshop.ch\/fr\/product\/pokemon-karmesin-und-purpur-sv8-5-prismatic-evolution-sams-club-2-pack-bundle-2\/","title":{"rendered":"Pok\u00e9mon &#8211; Karmesin und Purpur &#8211; SV8.5 Prismatic Evolution &#8211;  Sam&#8217;s Club 2-Pack Bundle"},"content":{"rendered":"<p><strong data-redactor-tag=\"strong\">Info : Tous les ETB sont livr\u00e9s avec Superball.<\/strong><\/p>\n<p>Cette exclusivit\u00e9 Sam&#8217;s Club unique contient 1 Elite Trainer Box et 1 Pok\u00e9ball !<\/p>\n<p>Du moelleux et de la fougue \u00e0 la glace et \u00e0 la fantaisie, Eevee et ses nombreuses \u00e9volutions occupent une place particuli\u00e8re dans le c\u0153ur des dresseurs de Pok\u00e9mon de tout le pays ! D\u00e9couvrez ses nouveaux pouvoirs uniques en tant que Pok\u00e9mon ex Stellar Tera et cherchez votre tr\u00e9sor personnel dans une superbe collection de Pok\u00e9mon ex de Paldea et d&#8217;ailleurs. Des gemmes \u00e9tincelantes et des motifs cach\u00e9s vous attendent au bout de l&#8217;arc-en-ciel dans l&#8217;extension Pok\u00e9mon TCG : Scarlet &amp; Violet &#8211; Prismatic Evolutions ! Qu&#8217;y a-t-il dans une Pok\u00e9ball ou une Moonball ? La r\u00e9ponse est bien s\u00fbr : des cartes Pok\u00e9mon !    <\/p>\n<p>La Pok\u00e9mon TCG : Scarlet &amp; Violet &#8211; Prismatic Evolutions Pok\u00e9mon Center Elite Trainer Box contient :<\/p>\n<ul>\n<li>9 Pok\u00e9mon TCG : Scarlet &amp; Violet &#8211; Booster Packs Prismatic Evolutions<\/li>\n<li>Chaque booster pack contient 10 cartes et 1 \u00e9nergie de base. Les cartes varient selon le paquet. <\/li>\n<\/ul>\n<p>1 carte promotionnelle Full Art Foil avec Eevee<\/p>\n<ul>\n<li>65 pochettes de cartes<\/li>\n<li>45 cartes d&#8217;\u00e9nergie Pok\u00e9mon TCG<\/li>\n<li>Un guide du joueur pour l&#8217;extension Scarlet &amp; Violet &#8211; Prismatic Evolutions 6 cubes de marqueurs de d\u00e9g\u00e2ts<\/li>\n<li>1 d\u00e9 \u00e0 pile ou face adapt\u00e9 \u00e0 la comp\u00e9tition<\/li>\n<li>2 marqueurs d&#8217;\u00e9tat en plastique<\/li>\n<li>Une bo\u00eete pour ranger toutes les pi\u00e8ces avec 4 s\u00e9parateurs pour une organisation claire<\/li>\n<li>Une carte de code pour le Pok\u00e9mon Trading Card Game Live<\/li>\n<\/ul>\n<p>Chaque Pok\u00e9ball contient :<\/p>\n<ul>\n<li>3 packs de boosters Pok\u00e9mon<\/li>\n<\/ul>\n","protected":false},"excerpt":{"rendered":"<p>Info : Tous les ETB sont livr\u00e9s avec Superball. Cette exclusivit\u00e9 Sam&#8217;s Club unique contient 1 Elite Trainer Box et<\/p>\n","protected":false},"featured_media":297101,"comment_status":"open","ping_status":"closed","template":"","meta":{"_acf_changed":false},"product_brand":[5114,5072],"product_cat":[9811,9777,10103],"product_tag":[],"class_list":{"0":"post-308015","1":"product","2":"type-product","3":"status-publish","4":"has-post-thumbnail","6":"product_brand-pokemon","7":"product_brand-the-pokemon-company","8":"product_cat-coffrets-et-collections-pokemon","9":"product_cat-pokemon-fr","10":"product_cat-sv85-evolutions-prismatiques","12":"first","13":"outofstock","14":"taxable","15":"shipping-taxable","16":"purchasable","17":"product-type-simple"},"acf":[],"yoast_head":"<!-- This site is optimized with the Yoast SEO plugin v27.5 - https:\/\/yoast.com\/product\/yoast-seo-wordpress\/ -->\n<title>Ach\u00e8te Pok\u00e9mon - Karmesin und Purpur - SV8.5 Prismatic Evolution - Sam&#039;s Club 2-Pack Bundle<\/title>\n<meta name=\"description\" content=\"Ach\u00e8te Pok\u00e9mon - Karmesin und Purpur - SV8.5 Prismatic Evolution - Sam&#039;s Club 2-Pack Bundle en ligne maintenant \u00e0 petit prix! Ton #1 shop pour cartes TCG &amp; Pok\u00e9mon en Suisse \u2713 Livraison gratuite d\u00e8s CHF 29\" \/>\n<meta name=\"robots\" content=\"index, follow, max-snippet:-1, max-image-preview:large, max-video-preview:-1\" \/>\n<link rel=\"canonical\" href=\"https:\/\/theuncommonshop.ch\/fr\/product\/pokemon-karmesin-und-purpur-sv8-5-prismatic-evolution-sams-club-2-pack-bundle-2\/\" \/>\n<meta property=\"og:locale\" content=\"fr_FR\" \/>\n<meta property=\"og:type\" content=\"article\" \/>\n<meta property=\"og:title\" content=\"Ach\u00e8te Pok\u00e9mon - Karmesin und Purpur - SV8.5 Prismatic Evolution - Sam&#039;s Club 2-Pack Bundle\" \/>\n<meta property=\"og:description\" content=\"Ach\u00e8te Pok\u00e9mon - Karmesin und Purpur - SV8.5 Prismatic Evolution - Sam&#039;s Club 2-Pack Bundle en ligne maintenant \u00e0 petit prix! Ton #1 shop pour cartes TCG &amp; Pok\u00e9mon en Suisse \u2713 Livraison gratuite d\u00e8s CHF 29\" \/>\n<meta property=\"og:url\" content=\"https:\/\/theuncommonshop.ch\/fr\/product\/pokemon-karmesin-und-purpur-sv8-5-prismatic-evolution-sams-club-2-pack-bundle-2\/\" \/>\n<meta property=\"og:site_name\" content=\"The Uncommon Shop\" \/>\n<meta property=\"article:modified_time\" content=\"2026-03-08T15:47:13+00:00\" \/>\n<meta property=\"og:image\" content=\"https:\/\/theuncommonshop.ch\/wp-content\/uploads\/2026\/01\/SAM2.jpg\" \/>\n\t<meta property=\"og:image:width\" content=\"1500\" \/>\n\t<meta property=\"og:image:height\" content=\"844\" \/>\n\t<meta property=\"og:image:type\" content=\"image\/jpeg\" \/>\n<meta name=\"twitter:card\" content=\"summary_large_image\" \/>\n<meta name=\"twitter:label1\" content=\"Prix\" \/>\n\t<meta name=\"twitter:data1\" content=\"&#067;&#072;&#070;&nbsp;179.95\" \/>\n\t<meta name=\"twitter:label2\" content=\"Disponibilit\u00e9\" \/>\n\t<meta name=\"twitter:data2\" content=\"Rupture de stock\" \/>\n<script type=\"application\/ld+json\" class=\"yoast-schema-graph\">{\"@context\":\"https:\\\/\\\/schema.org\",\"@graph\":[{\"@type\":\"WebPage\",\"@id\":\"https:\\\/\\\/theuncommonshop.ch\\\/fr\\\/product\\\/pokemon-karmesin-und-purpur-sv8-5-prismatic-evolution-sams-club-2-pack-bundle-2\\\/\",\"url\":\"https:\\\/\\\/theuncommonshop.ch\\\/fr\\\/product\\\/pokemon-karmesin-und-purpur-sv8-5-prismatic-evolution-sams-club-2-pack-bundle-2\\\/\",\"name\":\"Ach\u00e8te Pok\u00e9mon - Karmesin und Purpur - SV8.5 Prismatic Evolution - Sam's Club 2-Pack Bundle\",\"isPartOf\":{\"@id\":\"https:\\\/\\\/theuncommonshop.ch\\\/fr\\\/#website\"},\"primaryImageOfPage\":{\"@id\":\"https:\\\/\\\/theuncommonshop.ch\\\/fr\\\/product\\\/pokemon-karmesin-und-purpur-sv8-5-prismatic-evolution-sams-club-2-pack-bundle-2\\\/#primaryimage\"},\"image\":{\"@id\":\"https:\\\/\\\/theuncommonshop.ch\\\/fr\\\/product\\\/pokemon-karmesin-und-purpur-sv8-5-prismatic-evolution-sams-club-2-pack-bundle-2\\\/#primaryimage\"},\"thumbnailUrl\":\"https:\\\/\\\/theuncommonshop.ch\\\/wp-content\\\/uploads\\\/2026\\\/01\\\/SAM2.jpg\",\"datePublished\":\"2026-01-27T22:16:00+00:00\",\"dateModified\":\"2026-03-08T15:47:13+00:00\",\"description\":\"Ach\u00e8te Pok\u00e9mon - Karmesin und Purpur - SV8.5 Prismatic Evolution - Sam's Club 2-Pack Bundle en ligne maintenant \u00e0 petit prix! Ton #1 shop pour cartes TCG & Pok\u00e9mon en Suisse \u2713 Livraison gratuite d\u00e8s CHF 29\",\"breadcrumb\":{\"@id\":\"https:\\\/\\\/theuncommonshop.ch\\\/fr\\\/product\\\/pokemon-karmesin-und-purpur-sv8-5-prismatic-evolution-sams-club-2-pack-bundle-2\\\/#breadcrumb\"},\"inLanguage\":\"fr-FR\",\"potentialAction\":[{\"@type\":\"ReadAction\",\"target\":[\"https:\\\/\\\/theuncommonshop.ch\\\/fr\\\/product\\\/pokemon-karmesin-und-purpur-sv8-5-prismatic-evolution-sams-club-2-pack-bundle-2\\\/\"]}]},{\"@type\":\"ImageObject\",\"inLanguage\":\"fr-FR\",\"@id\":\"https:\\\/\\\/theuncommonshop.ch\\\/fr\\\/product\\\/pokemon-karmesin-und-purpur-sv8-5-prismatic-evolution-sams-club-2-pack-bundle-2\\\/#primaryimage\",\"url\":\"https:\\\/\\\/theuncommonshop.ch\\\/wp-content\\\/uploads\\\/2026\\\/01\\\/SAM2.jpg\",\"contentUrl\":\"https:\\\/\\\/theuncommonshop.ch\\\/wp-content\\\/uploads\\\/2026\\\/01\\\/SAM2.jpg\",\"width\":1500,\"height\":844},{\"@type\":\"BreadcrumbList\",\"@id\":\"https:\\\/\\\/theuncommonshop.ch\\\/fr\\\/product\\\/pokemon-karmesin-und-purpur-sv8-5-prismatic-evolution-sams-club-2-pack-bundle-2\\\/#breadcrumb\",\"itemListElement\":[{\"@type\":\"ListItem\",\"position\":1,\"name\":\"Accueil\",\"item\":\"https:\\\/\\\/theuncommonshop.ch\\\/fr\\\/accueil\\\/\"},{\"@type\":\"ListItem\",\"position\":2,\"name\":\"Boutique\",\"item\":\"https:\\\/\\\/theuncommonshop.ch\\\/fr\\\/boutique\\\/\"},{\"@type\":\"ListItem\",\"position\":3,\"name\":\"Pok\u00e9mon\",\"item\":\"https:\\\/\\\/theuncommonshop.ch\\\/fr\\\/categorie-produit\\\/pokemon-fr\\\/\"},{\"@type\":\"ListItem\",\"position\":4,\"name\":\"Produits par lots\",\"item\":\"https:\\\/\\\/theuncommonshop.ch\\\/fr\\\/categorie-produit\\\/pokemon-fr\\\/produits-par-lots\\\/\"},{\"@type\":\"ListItem\",\"position\":5,\"name\":\"\u00c9carlate & Violet\",\"item\":\"https:\\\/\\\/theuncommonshop.ch\\\/fr\\\/categorie-produit\\\/pokemon-fr\\\/produits-par-lots\\\/ecarlate-et-violet\\\/\"},{\"@type\":\"ListItem\",\"position\":6,\"name\":\"SV8.5 \u00c9volutions Prismatiques\",\"item\":\"https:\\\/\\\/theuncommonshop.ch\\\/fr\\\/categorie-produit\\\/pokemon-fr\\\/produits-par-lots\\\/ecarlate-et-violet\\\/sv85-evolutions-prismatiques\\\/\"},{\"@type\":\"ListItem\",\"position\":7,\"name\":\"Pok\u00e9mon &#8211; Karmesin und Purpur &#8211; SV8.5 Prismatic Evolution &#8211; Sam&#8217;s Club 2-Pack Bundle\"}]},{\"@type\":\"WebSite\",\"@id\":\"https:\\\/\\\/theuncommonshop.ch\\\/fr\\\/#website\",\"url\":\"https:\\\/\\\/theuncommonshop.ch\\\/fr\\\/\",\"name\":\"The Uncommon Shop\",\"description\":\"Magic, Pok\u00e9mon and Yu-gi-oh - The Uncommon Shop\",\"potentialAction\":[{\"@type\":\"SearchAction\",\"target\":{\"@type\":\"EntryPoint\",\"urlTemplate\":\"https:\\\/\\\/theuncommonshop.ch\\\/fr\\\/?s={search_term_string}\"},\"query-input\":{\"@type\":\"PropertyValueSpecification\",\"valueRequired\":true,\"valueName\":\"search_term_string\"}}],\"inLanguage\":\"fr-FR\"}]}<\/script>\n<meta property=\"product:price:amount\" content=\"179.95\" \/>\n<meta property=\"product:price:currency\" content=\"CHF\" \/>\n<meta property=\"og:availability\" content=\"out of stock\" \/>\n<meta property=\"product:availability\" content=\"out of stock\" \/>\n<meta property=\"product:retailer_item_id\" content=\"PO.IX.E.PrisEvoETBBunPoke.EN\" \/>\n<meta property=\"product:condition\" content=\"new\" \/>\n<!-- \/ Yoast SEO plugin. -->","yoast_head_json":{"title":"Ach\u00e8te Pok\u00e9mon - Karmesin und Purpur - SV8.5 Prismatic Evolution - Sam's Club 2-Pack Bundle","description":"Ach\u00e8te Pok\u00e9mon - Karmesin und Purpur - SV8.5 Prismatic Evolution - Sam's Club 2-Pack Bundle en ligne maintenant \u00e0 petit prix! Ton #1 shop pour cartes TCG & Pok\u00e9mon en Suisse \u2713 Livraison gratuite d\u00e8s CHF 29","robots":{"index":"index","follow":"follow","max-snippet":"max-snippet:-1","max-image-preview":"max-image-preview:large","max-video-preview":"max-video-preview:-1"},"canonical":"https:\/\/theuncommonshop.ch\/fr\/product\/pokemon-karmesin-und-purpur-sv8-5-prismatic-evolution-sams-club-2-pack-bundle-2\/","og_locale":"fr_FR","og_type":"article","og_title":"Ach\u00e8te Pok\u00e9mon - Karmesin und Purpur - SV8.5 Prismatic Evolution - Sam's Club 2-Pack Bundle","og_description":"Ach\u00e8te Pok\u00e9mon - Karmesin und Purpur - SV8.5 Prismatic Evolution - Sam's Club 2-Pack Bundle en ligne maintenant \u00e0 petit prix! Ton #1 shop pour cartes TCG & Pok\u00e9mon en Suisse \u2713 Livraison gratuite d\u00e8s CHF 29","og_url":"https:\/\/theuncommonshop.ch\/fr\/product\/pokemon-karmesin-und-purpur-sv8-5-prismatic-evolution-sams-club-2-pack-bundle-2\/","og_site_name":"The Uncommon Shop","article_modified_time":"2026-03-08T15:47:13+00:00","og_image":[{"width":1500,"height":844,"url":"https:\/\/theuncommonshop.ch\/wp-content\/uploads\/2026\/01\/SAM2.jpg","type":"image\/jpeg"}],"twitter_card":"summary_large_image","twitter_misc":{"Prix":"&#67;&#72;&#70;&nbsp;179.95","Disponibilit\u00e9":"Rupture de stock"},"schema":{"@context":"https:\/\/schema.org","@graph":[{"@type":"WebPage","@id":"https:\/\/theuncommonshop.ch\/fr\/product\/pokemon-karmesin-und-purpur-sv8-5-prismatic-evolution-sams-club-2-pack-bundle-2\/","url":"https:\/\/theuncommonshop.ch\/fr\/product\/pokemon-karmesin-und-purpur-sv8-5-prismatic-evolution-sams-club-2-pack-bundle-2\/","name":"Ach\u00e8te Pok\u00e9mon - Karmesin und Purpur - SV8.5 Prismatic Evolution - Sam's Club 2-Pack Bundle","isPartOf":{"@id":"https:\/\/theuncommonshop.ch\/fr\/#website"},"primaryImageOfPage":{"@id":"https:\/\/theuncommonshop.ch\/fr\/product\/pokemon-karmesin-und-purpur-sv8-5-prismatic-evolution-sams-club-2-pack-bundle-2\/#primaryimage"},"image":{"@id":"https:\/\/theuncommonshop.ch\/fr\/product\/pokemon-karmesin-und-purpur-sv8-5-prismatic-evolution-sams-club-2-pack-bundle-2\/#primaryimage"},"thumbnailUrl":"https:\/\/theuncommonshop.ch\/wp-content\/uploads\/2026\/01\/SAM2.jpg","datePublished":"2026-01-27T22:16:00+00:00","dateModified":"2026-03-08T15:47:13+00:00","description":"Ach\u00e8te Pok\u00e9mon - Karmesin und Purpur - SV8.5 Prismatic Evolution - Sam's Club 2-Pack Bundle en ligne maintenant \u00e0 petit prix! Ton #1 shop pour cartes TCG & Pok\u00e9mon en Suisse \u2713 Livraison gratuite d\u00e8s CHF 29","breadcrumb":{"@id":"https:\/\/theuncommonshop.ch\/fr\/product\/pokemon-karmesin-und-purpur-sv8-5-prismatic-evolution-sams-club-2-pack-bundle-2\/#breadcrumb"},"inLanguage":"fr-FR","potentialAction":[{"@type":"ReadAction","target":["https:\/\/theuncommonshop.ch\/fr\/product\/pokemon-karmesin-und-purpur-sv8-5-prismatic-evolution-sams-club-2-pack-bundle-2\/"]}]},{"@type":"ImageObject","inLanguage":"fr-FR","@id":"https:\/\/theuncommonshop.ch\/fr\/product\/pokemon-karmesin-und-purpur-sv8-5-prismatic-evolution-sams-club-2-pack-bundle-2\/#primaryimage","url":"https:\/\/theuncommonshop.ch\/wp-content\/uploads\/2026\/01\/SAM2.jpg","contentUrl":"https:\/\/theuncommonshop.ch\/wp-content\/uploads\/2026\/01\/SAM2.jpg","width":1500,"height":844},{"@type":"BreadcrumbList","@id":"https:\/\/theuncommonshop.ch\/fr\/product\/pokemon-karmesin-und-purpur-sv8-5-prismatic-evolution-sams-club-2-pack-bundle-2\/#breadcrumb","itemListElement":[{"@type":"ListItem","position":1,"name":"Accueil","item":"https:\/\/theuncommonshop.ch\/fr\/accueil\/"},{"@type":"ListItem","position":2,"name":"Boutique","item":"https:\/\/theuncommonshop.ch\/fr\/boutique\/"},{"@type":"ListItem","position":3,"name":"Pok\u00e9mon","item":"https:\/\/theuncommonshop.ch\/fr\/categorie-produit\/pokemon-fr\/"},{"@type":"ListItem","position":4,"name":"Produits par lots","item":"https:\/\/theuncommonshop.ch\/fr\/categorie-produit\/pokemon-fr\/produits-par-lots\/"},{"@type":"ListItem","position":5,"name":"\u00c9carlate & Violet","item":"https:\/\/theuncommonshop.ch\/fr\/categorie-produit\/pokemon-fr\/produits-par-lots\/ecarlate-et-violet\/"},{"@type":"ListItem","position":6,"name":"SV8.5 \u00c9volutions Prismatiques","item":"https:\/\/theuncommonshop.ch\/fr\/categorie-produit\/pokemon-fr\/produits-par-lots\/ecarlate-et-violet\/sv85-evolutions-prismatiques\/"},{"@type":"ListItem","position":7,"name":"Pok\u00e9mon &#8211; Karmesin und Purpur &#8211; SV8.5 Prismatic Evolution &#8211; Sam&#8217;s Club 2-Pack Bundle"}]},{"@type":"WebSite","@id":"https:\/\/theuncommonshop.ch\/fr\/#website","url":"https:\/\/theuncommonshop.ch\/fr\/","name":"The Uncommon Shop","description":"Magic, Pok\u00e9mon and Yu-gi-oh - The Uncommon Shop","potentialAction":[{"@type":"SearchAction","target":{"@type":"EntryPoint","urlTemplate":"https:\/\/theuncommonshop.ch\/fr\/?s={search_term_string}"},"query-input":{"@type":"PropertyValueSpecification","valueRequired":true,"valueName":"search_term_string"}}],"inLanguage":"fr-FR"}]},"product_price_amount":"179.95","product_price_currency":"CHF","og_availability":"out of stock","product_availability":"out of stock","product_retailer_item_id":"PO.IX.E.PrisEvoETBBunPoke.EN","product_condition":"new"},"_links":{"self":[{"href":"https:\/\/theuncommonshop.ch\/fr\/wp-json\/wp\/v2\/product\/308015","targetHints":{"allow":["GET"]}}],"collection":[{"href":"https:\/\/theuncommonshop.ch\/fr\/wp-json\/wp\/v2\/product"}],"about":[{"href":"https:\/\/theuncommonshop.ch\/fr\/wp-json\/wp\/v2\/types\/product"}],"replies":[{"embeddable":true,"href":"https:\/\/theuncommonshop.ch\/fr\/wp-json\/wp\/v2\/comments?post=308015"}],"version-history":[{"count":0,"href":"https:\/\/theuncommonshop.ch\/fr\/wp-json\/wp\/v2\/product\/308015\/revisions"}],"wp:featuredmedia":[{"embeddable":true,"href":"https:\/\/theuncommonshop.ch\/fr\/wp-json\/wp\/v2\/media\/297101"}],"wp:attachment":[{"href":"https:\/\/theuncommonshop.ch\/fr\/wp-json\/wp\/v2\/media?parent=308015"}],"wp:term":[{"taxonomy":"product_brand","embeddable":true,"href":"https:\/\/theuncommonshop.ch\/fr\/wp-json\/wp\/v2\/product_brand?post=308015"},{"taxonomy":"product_cat","embeddable":true,"href":"https:\/\/theuncommonshop.ch\/fr\/wp-json\/wp\/v2\/product_cat?post=308015"},{"taxonomy":"product_tag","embeddable":true,"href":"https:\/\/theuncommonshop.ch\/fr\/wp-json\/wp\/v2\/product_tag?post=308015"}],"curies":[{"name":"wp","href":"https:\/\/api.w.org\/{rel}","templated":true}]}}