{"id":308001,"date":"2026-01-27T22:45:38","date_gmt":"2026-01-27T21:45:38","guid":{"rendered":"http:\/\/theuncommonshop.ch\/produkt\/308001\/"},"modified":"2026-03-31T19:02:30","modified_gmt":"2026-03-31T17:02:30","slug":"topps-chrome-marvel-hobby-box-2025-2","status":"publish","type":"product","link":"https:\/\/theuncommonshop.ch\/fr\/product\/topps-chrome-marvel-hobby-box-2025-2\/","title":{"rendered":"Topps Chrome &#8211; Marvel &#8211; Hobby Box 2025"},"content":{"rendered":"<p><strong data-redactor-tag=\"strong\">Nous vous pr\u00e9sentons Marvel Chrome 2025, l&#8217;objet de collection ultime pour la marque l\u00e9gendaire Marvel Comics.<\/strong><\/p>\n<p>Le jeu de base de 200 cartes contient tous vos personnages pr\u00e9f\u00e9r\u00e9s, de Spider-Man et Hulk \u00e0 Iron Man et Captain America, ainsi que les premi\u00e8res cartes des nouvelles ic\u00f4nes Marvel comme Kid Juggernaut et Amaranth. <em data-redactor-tag=\"em\">Des variantes<\/em> sp\u00e9ciales <em data-redactor-tag=\"em\">&#8220;Clawed Chrome&#8221;<\/em> sont \u00e9galement incluses, avec les empreintes de griffes de Wolverine qui pars\u00e8ment les designs des cartes. <\/p>\n<p>Parmi les suppl\u00e9ments (inserts), on trouve &#8220;X-Men Giant-Size 50th Anniversary&#8221;, qui c\u00e9l\u00e8bre les 50 ans de la publication du comic qui a ressuscit\u00e9 les X-Men. Chaque Hobby Box contient \u00e9galement &#8220;Future Stars&#8221;, &#8220;Marvel Icons&#8221;, &#8220;Marvel Anniversaries&#8221; et &#8220;The New Avengers 20th Anniversary&#8221;. <\/p>\n<p>Le Case Hit garanti alterne entre une multitude d&#8217;inserts exceptionnels &#8211; dont des fac-simil\u00e9s simples, doubles, triples et quadruples, &#8220;Topps Patrimony&#8221;, &#8220;Indestructible&#8221; et bien d&#8217;autres. Les cartes Shadowbox, tr\u00e8s appr\u00e9ci\u00e9es des fans, font leur retour dans Marvel Chrome 2025 avec quatre th\u00e8mes uniques, dont &#8220;50 ans de Nightcrawler&#8221; et &#8220;Air Marvel&#8221;. Faisant \u00e9galement partie de la rotation des cas \u00e0 succ\u00e8s, &#8220;Marvel Reflections&#8221; pr\u00e9sente cinq \u0153uvres d&#8217;art originales exclusives sur une technologie chrom\u00e9e \u00e9poustouflante.  <\/p>\n<p>&#8220;The One And Only&#8221; fait ses d\u00e9buts dans Marvel Chrome et est la seule fa\u00e7on de trouver des cartes Chrome de Loki, Elektra, Spider-Punk, Doctor Strange et The Punisher dans toute la collection.<\/p>\n<p>Une carte en diamant pour le 60e anniversaire de mariage de Reed et Sue est \u00e9galement incluse, avec un r\u00e9flecteur sp\u00e9cial pour les confettis. A cela s&#8217;ajoute une carte-reliquat d&#8217;autographes pour le 20e anniversaire des New Avengers, avec des extraits du comic original et des autographes de Steve McNiven. Cherchez \u00e9galement des cartes reliques pour le 20e anniversaire des Zombies Marvel, le 50e anniversaire de X-Men Giant-Size, ainsi que des cartes d&#8217;esquisses rares d&#8217;artistes exceptionnels.  <\/p>\n<p><strong data-redactor-tag=\"strong\">Contenu :<\/strong><\/p>\n<ul>\n<li>12 Boosters par Booster Box<\/li>\n<li>6 cartes par Booster<\/li>\n<\/ul>\n","protected":false},"excerpt":{"rendered":"<p>Nous vous pr\u00e9sentons Marvel Chrome 2025, l&#8217;objet de collection ultime pour la marque l\u00e9gendaire Marvel Comics. Le jeu de base<\/p>\n","protected":false},"featured_media":297086,"comment_status":"open","ping_status":"closed","template":"","meta":{"_acf_changed":false},"product_brand":[5130,5178],"product_cat":[9785,9797,10325],"product_tag":[],"class_list":{"0":"post-308001","1":"product","2":"type-product","3":"status-publish","4":"has-post-thumbnail","6":"product_brand-topps","7":"product_brand-topps-chrome","8":"product_cat-autres-cartes-a-collectionner","9":"product_cat-cartes-topps","10":"product_cat-cartes-topps-fantasy","12":"first","13":"instock","14":"taxable","15":"shipping-taxable","16":"purchasable","17":"product-type-simple"},"acf":[],"yoast_head":"<!-- This site is optimized with the Yoast SEO plugin v27.5 - https:\/\/yoast.com\/product\/yoast-seo-wordpress\/ -->\n<title>Ach\u00e8te Topps Chrome - Marvel - Hobby Box 2025<\/title>\n<meta name=\"description\" content=\"Ach\u00e8te Topps Chrome - Marvel - Hobby Box 2025 en ligne maintenant \u00e0 petit prix! Ton #1 shop pour cartes TCG &amp; Pok\u00e9mon en Suisse \u2713 Livraison gratuite d\u00e8s CHF 29\" \/>\n<meta name=\"robots\" content=\"index, follow, max-snippet:-1, max-image-preview:large, max-video-preview:-1\" \/>\n<link rel=\"canonical\" href=\"https:\/\/theuncommonshop.ch\/fr\/product\/topps-chrome-marvel-hobby-box-2025-2\/\" \/>\n<meta property=\"og:locale\" content=\"fr_FR\" \/>\n<meta property=\"og:type\" content=\"article\" \/>\n<meta property=\"og:title\" content=\"Ach\u00e8te Topps Chrome - Marvel - Hobby Box 2025\" \/>\n<meta property=\"og:description\" content=\"Ach\u00e8te Topps Chrome - Marvel - Hobby Box 2025 en ligne maintenant \u00e0 petit prix! Ton #1 shop pour cartes TCG &amp; Pok\u00e9mon en Suisse \u2713 Livraison gratuite d\u00e8s CHF 29\" \/>\n<meta property=\"og:url\" content=\"https:\/\/theuncommonshop.ch\/fr\/product\/topps-chrome-marvel-hobby-box-2025-2\/\" \/>\n<meta property=\"og:site_name\" content=\"The Uncommon Shop\" \/>\n<meta property=\"article:modified_time\" content=\"2026-03-31T17:02:30+00:00\" \/>\n<meta property=\"og:image\" content=\"https:\/\/theuncommonshop.ch\/wp-content\/uploads\/2026\/01\/MARVEL1.jpg\" \/>\n\t<meta property=\"og:image:width\" content=\"1181\" \/>\n\t<meta property=\"og:image:height\" content=\"1181\" \/>\n\t<meta property=\"og:image:type\" content=\"image\/jpeg\" \/>\n<meta name=\"twitter:card\" content=\"summary_large_image\" \/>\n<meta name=\"twitter:label1\" content=\"Prix\" \/>\n\t<meta name=\"twitter:data1\" content=\"&#067;&#072;&#070;&nbsp;499.95\" \/>\n\t<meta name=\"twitter:label2\" content=\"Disponibilit\u00e9\" \/>\n\t<meta name=\"twitter:data2\" content=\"En stock\" \/>\n<script type=\"application\/ld+json\" class=\"yoast-schema-graph\">{\"@context\":\"https:\\\/\\\/schema.org\",\"@graph\":[{\"@type\":\"WebPage\",\"@id\":\"https:\\\/\\\/theuncommonshop.ch\\\/fr\\\/product\\\/topps-chrome-marvel-hobby-box-2025-2\\\/\",\"url\":\"https:\\\/\\\/theuncommonshop.ch\\\/fr\\\/product\\\/topps-chrome-marvel-hobby-box-2025-2\\\/\",\"name\":\"Ach\u00e8te Topps Chrome - Marvel - Hobby Box 2025\",\"isPartOf\":{\"@id\":\"https:\\\/\\\/theuncommonshop.ch\\\/fr\\\/#website\"},\"primaryImageOfPage\":{\"@id\":\"https:\\\/\\\/theuncommonshop.ch\\\/fr\\\/product\\\/topps-chrome-marvel-hobby-box-2025-2\\\/#primaryimage\"},\"image\":{\"@id\":\"https:\\\/\\\/theuncommonshop.ch\\\/fr\\\/product\\\/topps-chrome-marvel-hobby-box-2025-2\\\/#primaryimage\"},\"thumbnailUrl\":\"https:\\\/\\\/theuncommonshop.ch\\\/wp-content\\\/uploads\\\/2026\\\/01\\\/MARVEL1.jpg\",\"datePublished\":\"2026-01-27T21:45:38+00:00\",\"dateModified\":\"2026-03-31T17:02:30+00:00\",\"description\":\"Ach\u00e8te Topps Chrome - Marvel - Hobby Box 2025 en ligne maintenant \u00e0 petit prix! Ton #1 shop pour cartes TCG & Pok\u00e9mon en Suisse \u2713 Livraison gratuite d\u00e8s CHF 29\",\"breadcrumb\":{\"@id\":\"https:\\\/\\\/theuncommonshop.ch\\\/fr\\\/product\\\/topps-chrome-marvel-hobby-box-2025-2\\\/#breadcrumb\"},\"inLanguage\":\"fr-FR\",\"potentialAction\":[{\"@type\":\"ReadAction\",\"target\":[\"https:\\\/\\\/theuncommonshop.ch\\\/fr\\\/product\\\/topps-chrome-marvel-hobby-box-2025-2\\\/\"]}]},{\"@type\":\"ImageObject\",\"inLanguage\":\"fr-FR\",\"@id\":\"https:\\\/\\\/theuncommonshop.ch\\\/fr\\\/product\\\/topps-chrome-marvel-hobby-box-2025-2\\\/#primaryimage\",\"url\":\"https:\\\/\\\/theuncommonshop.ch\\\/wp-content\\\/uploads\\\/2026\\\/01\\\/MARVEL1.jpg\",\"contentUrl\":\"https:\\\/\\\/theuncommonshop.ch\\\/wp-content\\\/uploads\\\/2026\\\/01\\\/MARVEL1.jpg\",\"width\":1181,\"height\":1181},{\"@type\":\"BreadcrumbList\",\"@id\":\"https:\\\/\\\/theuncommonshop.ch\\\/fr\\\/product\\\/topps-chrome-marvel-hobby-box-2025-2\\\/#breadcrumb\",\"itemListElement\":[{\"@type\":\"ListItem\",\"position\":1,\"name\":\"Accueil\",\"item\":\"https:\\\/\\\/theuncommonshop.ch\\\/fr\\\/accueil\\\/\"},{\"@type\":\"ListItem\",\"position\":2,\"name\":\"Boutique\",\"item\":\"https:\\\/\\\/theuncommonshop.ch\\\/fr\\\/boutique\\\/\"},{\"@type\":\"ListItem\",\"position\":3,\"name\":\"Autres cartes \u00e0 collectionner\",\"item\":\"https:\\\/\\\/theuncommonshop.ch\\\/fr\\\/categorie-produit\\\/autres-cartes-a-collectionner\\\/\"},{\"@type\":\"ListItem\",\"position\":4,\"name\":\"Cartes Topps\",\"item\":\"https:\\\/\\\/theuncommonshop.ch\\\/fr\\\/categorie-produit\\\/autres-cartes-a-collectionner\\\/cartes-topps\\\/\"},{\"@type\":\"ListItem\",\"position\":5,\"name\":\"Cartes Topps Fantasy\",\"item\":\"https:\\\/\\\/theuncommonshop.ch\\\/fr\\\/categorie-produit\\\/autres-cartes-a-collectionner\\\/cartes-topps\\\/cartes-topps-fantasy\\\/\"},{\"@type\":\"ListItem\",\"position\":6,\"name\":\"Topps Chrome &#8211; Marvel &#8211; Hobby Box 2025\"}]},{\"@type\":\"WebSite\",\"@id\":\"https:\\\/\\\/theuncommonshop.ch\\\/fr\\\/#website\",\"url\":\"https:\\\/\\\/theuncommonshop.ch\\\/fr\\\/\",\"name\":\"The Uncommon Shop\",\"description\":\"Magic, Pok\u00e9mon and Yu-gi-oh - The Uncommon Shop\",\"potentialAction\":[{\"@type\":\"SearchAction\",\"target\":{\"@type\":\"EntryPoint\",\"urlTemplate\":\"https:\\\/\\\/theuncommonshop.ch\\\/fr\\\/?s={search_term_string}\"},\"query-input\":{\"@type\":\"PropertyValueSpecification\",\"valueRequired\":true,\"valueName\":\"search_term_string\"}}],\"inLanguage\":\"fr-FR\"}]}<\/script>\n<meta property=\"product:price:amount\" content=\"499.95\" \/>\n<meta property=\"product:price:currency\" content=\"CHF\" \/>\n<meta property=\"og:availability\" content=\"instock\" \/>\n<meta property=\"product:availability\" content=\"instock\" \/>\n<meta property=\"product:retailer_item_id\" content=\"AL.I.E.MarvelChroHobbBox2025\" \/>\n<meta property=\"product:condition\" content=\"new\" \/>\n<!-- \/ Yoast SEO plugin. -->","yoast_head_json":{"title":"Ach\u00e8te Topps Chrome - Marvel - Hobby Box 2025","description":"Ach\u00e8te Topps Chrome - Marvel - Hobby Box 2025 en ligne maintenant \u00e0 petit prix! Ton #1 shop pour cartes TCG & Pok\u00e9mon en Suisse \u2713 Livraison gratuite d\u00e8s CHF 29","robots":{"index":"index","follow":"follow","max-snippet":"max-snippet:-1","max-image-preview":"max-image-preview:large","max-video-preview":"max-video-preview:-1"},"canonical":"https:\/\/theuncommonshop.ch\/fr\/product\/topps-chrome-marvel-hobby-box-2025-2\/","og_locale":"fr_FR","og_type":"article","og_title":"Ach\u00e8te Topps Chrome - Marvel - Hobby Box 2025","og_description":"Ach\u00e8te Topps Chrome - Marvel - Hobby Box 2025 en ligne maintenant \u00e0 petit prix! Ton #1 shop pour cartes TCG & Pok\u00e9mon en Suisse \u2713 Livraison gratuite d\u00e8s CHF 29","og_url":"https:\/\/theuncommonshop.ch\/fr\/product\/topps-chrome-marvel-hobby-box-2025-2\/","og_site_name":"The Uncommon Shop","article_modified_time":"2026-03-31T17:02:30+00:00","og_image":[{"width":1181,"height":1181,"url":"https:\/\/theuncommonshop.ch\/wp-content\/uploads\/2026\/01\/MARVEL1.jpg","type":"image\/jpeg"}],"twitter_card":"summary_large_image","twitter_misc":{"Prix":"&#67;&#72;&#70;&nbsp;499.95","Disponibilit\u00e9":"En stock"},"schema":{"@context":"https:\/\/schema.org","@graph":[{"@type":"WebPage","@id":"https:\/\/theuncommonshop.ch\/fr\/product\/topps-chrome-marvel-hobby-box-2025-2\/","url":"https:\/\/theuncommonshop.ch\/fr\/product\/topps-chrome-marvel-hobby-box-2025-2\/","name":"Ach\u00e8te Topps Chrome - Marvel - Hobby Box 2025","isPartOf":{"@id":"https:\/\/theuncommonshop.ch\/fr\/#website"},"primaryImageOfPage":{"@id":"https:\/\/theuncommonshop.ch\/fr\/product\/topps-chrome-marvel-hobby-box-2025-2\/#primaryimage"},"image":{"@id":"https:\/\/theuncommonshop.ch\/fr\/product\/topps-chrome-marvel-hobby-box-2025-2\/#primaryimage"},"thumbnailUrl":"https:\/\/theuncommonshop.ch\/wp-content\/uploads\/2026\/01\/MARVEL1.jpg","datePublished":"2026-01-27T21:45:38+00:00","dateModified":"2026-03-31T17:02:30+00:00","description":"Ach\u00e8te Topps Chrome - Marvel - Hobby Box 2025 en ligne maintenant \u00e0 petit prix! Ton #1 shop pour cartes TCG & Pok\u00e9mon en Suisse \u2713 Livraison gratuite d\u00e8s CHF 29","breadcrumb":{"@id":"https:\/\/theuncommonshop.ch\/fr\/product\/topps-chrome-marvel-hobby-box-2025-2\/#breadcrumb"},"inLanguage":"fr-FR","potentialAction":[{"@type":"ReadAction","target":["https:\/\/theuncommonshop.ch\/fr\/product\/topps-chrome-marvel-hobby-box-2025-2\/"]}]},{"@type":"ImageObject","inLanguage":"fr-FR","@id":"https:\/\/theuncommonshop.ch\/fr\/product\/topps-chrome-marvel-hobby-box-2025-2\/#primaryimage","url":"https:\/\/theuncommonshop.ch\/wp-content\/uploads\/2026\/01\/MARVEL1.jpg","contentUrl":"https:\/\/theuncommonshop.ch\/wp-content\/uploads\/2026\/01\/MARVEL1.jpg","width":1181,"height":1181},{"@type":"BreadcrumbList","@id":"https:\/\/theuncommonshop.ch\/fr\/product\/topps-chrome-marvel-hobby-box-2025-2\/#breadcrumb","itemListElement":[{"@type":"ListItem","position":1,"name":"Accueil","item":"https:\/\/theuncommonshop.ch\/fr\/accueil\/"},{"@type":"ListItem","position":2,"name":"Boutique","item":"https:\/\/theuncommonshop.ch\/fr\/boutique\/"},{"@type":"ListItem","position":3,"name":"Autres cartes \u00e0 collectionner","item":"https:\/\/theuncommonshop.ch\/fr\/categorie-produit\/autres-cartes-a-collectionner\/"},{"@type":"ListItem","position":4,"name":"Cartes Topps","item":"https:\/\/theuncommonshop.ch\/fr\/categorie-produit\/autres-cartes-a-collectionner\/cartes-topps\/"},{"@type":"ListItem","position":5,"name":"Cartes Topps Fantasy","item":"https:\/\/theuncommonshop.ch\/fr\/categorie-produit\/autres-cartes-a-collectionner\/cartes-topps\/cartes-topps-fantasy\/"},{"@type":"ListItem","position":6,"name":"Topps Chrome &#8211; Marvel &#8211; Hobby Box 2025"}]},{"@type":"WebSite","@id":"https:\/\/theuncommonshop.ch\/fr\/#website","url":"https:\/\/theuncommonshop.ch\/fr\/","name":"The Uncommon Shop","description":"Magic, Pok\u00e9mon and Yu-gi-oh - The Uncommon Shop","potentialAction":[{"@type":"SearchAction","target":{"@type":"EntryPoint","urlTemplate":"https:\/\/theuncommonshop.ch\/fr\/?s={search_term_string}"},"query-input":{"@type":"PropertyValueSpecification","valueRequired":true,"valueName":"search_term_string"}}],"inLanguage":"fr-FR"}]},"product_price_amount":"499.95","product_price_currency":"CHF","og_availability":"instock","product_availability":"instock","product_retailer_item_id":"AL.I.E.MarvelChroHobbBox2025","product_condition":"new"},"_links":{"self":[{"href":"https:\/\/theuncommonshop.ch\/fr\/wp-json\/wp\/v2\/product\/308001","targetHints":{"allow":["GET"]}}],"collection":[{"href":"https:\/\/theuncommonshop.ch\/fr\/wp-json\/wp\/v2\/product"}],"about":[{"href":"https:\/\/theuncommonshop.ch\/fr\/wp-json\/wp\/v2\/types\/product"}],"replies":[{"embeddable":true,"href":"https:\/\/theuncommonshop.ch\/fr\/wp-json\/wp\/v2\/comments?post=308001"}],"version-history":[{"count":0,"href":"https:\/\/theuncommonshop.ch\/fr\/wp-json\/wp\/v2\/product\/308001\/revisions"}],"wp:featuredmedia":[{"embeddable":true,"href":"https:\/\/theuncommonshop.ch\/fr\/wp-json\/wp\/v2\/media\/297086"}],"wp:attachment":[{"href":"https:\/\/theuncommonshop.ch\/fr\/wp-json\/wp\/v2\/media?parent=308001"}],"wp:term":[{"taxonomy":"product_brand","embeddable":true,"href":"https:\/\/theuncommonshop.ch\/fr\/wp-json\/wp\/v2\/product_brand?post=308001"},{"taxonomy":"product_cat","embeddable":true,"href":"https:\/\/theuncommonshop.ch\/fr\/wp-json\/wp\/v2\/product_cat?post=308001"},{"taxonomy":"product_tag","embeddable":true,"href":"https:\/\/theuncommonshop.ch\/fr\/wp-json\/wp\/v2\/product_tag?post=308001"}],"curies":[{"name":"wp","href":"https:\/\/api.w.org\/{rel}","templated":true}]}}