{"id":307994,"date":"2026-01-27T19:21:22","date_gmt":"2026-01-27T18:21:22","guid":{"rendered":"http:\/\/theuncommonshop.ch\/produkt\/307994\/"},"modified":"2026-03-31T18:24:14","modified_gmt":"2026-03-31T16:24:14","slug":"topps-chelsea-fc-fan-set-2023-24-3","status":"publish","type":"product","link":"https:\/\/theuncommonshop.ch\/fr\/product\/topps-chelsea-fc-fan-set-2023-24-3\/","title":{"rendered":"Topps &#8211; Chelsea FC &#8211; Fan Set 2023\/24"},"content":{"rendered":"<p>2023-24 Topps Chelsea FC Fan Set Officiel &#8211; Un r\u00eave pour les collectionneurs !<\/p>\n<p>Contenu et caract\u00e9ristiques :<\/p>\n<p>&#8211; 28 cartes par bo\u00eete, dont :<\/p>\n<p>&#8211; 20 cartes de base : avec des stars actuelles et futures comme Enzo Fern\u00e1ndez, Mykhailo Mudryk et Christopher Nkunku.<\/p>\n<p>4 cartes d&#8217;annonce :<\/p>\n<p>&#8211; Heroes : cartes de style bande dessin\u00e9e avec des joueurs l\u00e9gendaires.<\/p>\n<p>&#8211; Super Electric : images dynamiques montrant les joueurs dans des poses \u00e9nergiques.<\/p>\n<p>&#8211; Golden Future : une nouvelle s\u00e9rie d&#8217;inserts pr\u00e9sentant de jeunes talents.<\/p>\n<p>&#8211; Golden Treasure : extr\u00eamement rare, 1\/1.<\/p>\n<p>2 cartes parall\u00e8les :<\/p>\n<p>&#8211; Electro Parall\u00e8le : non num\u00e9rot\u00e9.<\/p>\n<p>&#8211; Parall\u00e8le num\u00e9rot\u00e9 : num\u00e9rot\u00e9 jusqu&#8217;\u00e0 \/299 ou moins.<\/p>\n<p>Autographes : chance de trouver une carte d\u00e9dicac\u00e9e par bo\u00eete. Les autographes peuvent inclure des stars actuelles ou pass\u00e9es comme Reece James, Trevor Chalobah, Wesley Fofana, Ben Chilwell, Mykhailo Mudryk, Noni Madueke, Christopher Nkunku, Jimmy Floyd Hasselbaink, Ricardo Carvalho et Eidur Gudjohnsen. <\/p>\n","protected":false},"excerpt":{"rendered":"<p>2023-24 Topps Chelsea FC Fan Set Officiel &#8211; Un r\u00eave pour les collectionneurs ! Contenu et caract\u00e9ristiques : &#8211; 28<\/p>\n","protected":false},"featured_media":297067,"comment_status":"open","ping_status":"closed","template":"","meta":{"_acf_changed":false},"product_brand":[5130],"product_cat":[9785,10323,9797,10327],"product_tag":[],"class_list":{"0":"post-307994","1":"product","2":"type-product","3":"status-publish","4":"has-post-thumbnail","6":"product_brand-topps","7":"product_cat-autres-cartes-a-collectionner","8":"product_cat-cartes-sportives-topps","9":"product_cat-cartes-topps","10":"product_cat-topps-football","12":"first","13":"outofstock","14":"taxable","15":"shipping-taxable","16":"purchasable","17":"product-type-simple"},"acf":[],"yoast_head":"<!-- This site is optimized with the Yoast SEO plugin v27.4 - https:\/\/yoast.com\/product\/yoast-seo-wordpress\/ -->\n<title>Ach\u00e8te Topps - Chelsea FC - Fan Set 2023\/24<\/title>\n<meta name=\"description\" content=\"Ach\u00e8te Topps - Chelsea FC - Fan Set 2023\/24 en ligne maintenant \u00e0 petit prix! Ton #1 shop pour cartes TCG &amp; Pok\u00e9mon en Suisse \u2713 Livraison gratuite d\u00e8s CHF 29\" \/>\n<meta name=\"robots\" content=\"index, follow, max-snippet:-1, max-image-preview:large, max-video-preview:-1\" \/>\n<link rel=\"canonical\" href=\"https:\/\/theuncommonshop.ch\/fr\/product\/topps-chelsea-fc-fan-set-2023-24-3\/\" \/>\n<meta property=\"og:locale\" content=\"fr_FR\" \/>\n<meta property=\"og:type\" content=\"article\" \/>\n<meta property=\"og:title\" content=\"Ach\u00e8te Topps - Chelsea FC - Fan Set 2023\/24\" \/>\n<meta property=\"og:description\" content=\"Ach\u00e8te Topps - Chelsea FC - Fan Set 2023\/24 en ligne maintenant \u00e0 petit prix! Ton #1 shop pour cartes TCG &amp; Pok\u00e9mon en Suisse \u2713 Livraison gratuite d\u00e8s CHF 29\" \/>\n<meta property=\"og:url\" content=\"https:\/\/theuncommonshop.ch\/fr\/product\/topps-chelsea-fc-fan-set-2023-24-3\/\" \/>\n<meta property=\"og:site_name\" content=\"Largest trading card shop in Switzerland\" \/>\n<meta property=\"article:modified_time\" content=\"2026-03-31T16:24:14+00:00\" \/>\n<meta property=\"og:image\" content=\"https:\/\/theuncommonshop.ch\/wp-content\/uploads\/2026\/01\/CHEL1.webp\" \/>\n\t<meta property=\"og:image:width\" content=\"644\" \/>\n\t<meta property=\"og:image:height\" content=\"644\" \/>\n\t<meta property=\"og:image:type\" content=\"image\/webp\" \/>\n<meta name=\"twitter:card\" content=\"summary_large_image\" \/>\n<meta name=\"twitter:label1\" content=\"Prix\" \/>\n\t<meta name=\"twitter:data1\" content=\"&#067;&#072;&#070;&nbsp;25.95\" \/>\n\t<meta name=\"twitter:label2\" content=\"Disponibilit\u00e9\" \/>\n\t<meta name=\"twitter:data2\" content=\"Rupture de stock\" \/>\n<script type=\"application\/ld+json\" class=\"yoast-schema-graph\">{\"@context\":\"https:\\\/\\\/schema.org\",\"@graph\":[{\"@type\":\"WebPage\",\"@id\":\"https:\\\/\\\/theuncommonshop.ch\\\/fr\\\/product\\\/topps-chelsea-fc-fan-set-2023-24-3\\\/\",\"url\":\"https:\\\/\\\/theuncommonshop.ch\\\/fr\\\/product\\\/topps-chelsea-fc-fan-set-2023-24-3\\\/\",\"name\":\"Ach\u00e8te Topps - Chelsea FC - Fan Set 2023\\\/24\",\"isPartOf\":{\"@id\":\"https:\\\/\\\/theuncommonshop.ch\\\/#website\"},\"primaryImageOfPage\":{\"@id\":\"https:\\\/\\\/theuncommonshop.ch\\\/fr\\\/product\\\/topps-chelsea-fc-fan-set-2023-24-3\\\/#primaryimage\"},\"image\":{\"@id\":\"https:\\\/\\\/theuncommonshop.ch\\\/fr\\\/product\\\/topps-chelsea-fc-fan-set-2023-24-3\\\/#primaryimage\"},\"thumbnailUrl\":\"https:\\\/\\\/theuncommonshop.ch\\\/wp-content\\\/uploads\\\/2026\\\/01\\\/CHEL1.webp\",\"datePublished\":\"2026-01-27T18:21:22+00:00\",\"dateModified\":\"2026-03-31T16:24:14+00:00\",\"description\":\"Ach\u00e8te Topps - Chelsea FC - Fan Set 2023\\\/24 en ligne maintenant \u00e0 petit prix! Ton #1 shop pour cartes TCG & Pok\u00e9mon en Suisse \u2713 Livraison gratuite d\u00e8s CHF 29\",\"breadcrumb\":{\"@id\":\"https:\\\/\\\/theuncommonshop.ch\\\/fr\\\/product\\\/topps-chelsea-fc-fan-set-2023-24-3\\\/#breadcrumb\"},\"inLanguage\":\"fr-FR\",\"potentialAction\":[{\"@type\":\"ReadAction\",\"target\":[\"https:\\\/\\\/theuncommonshop.ch\\\/fr\\\/product\\\/topps-chelsea-fc-fan-set-2023-24-3\\\/\"]}]},{\"@type\":\"ImageObject\",\"inLanguage\":\"fr-FR\",\"@id\":\"https:\\\/\\\/theuncommonshop.ch\\\/fr\\\/product\\\/topps-chelsea-fc-fan-set-2023-24-3\\\/#primaryimage\",\"url\":\"https:\\\/\\\/theuncommonshop.ch\\\/wp-content\\\/uploads\\\/2026\\\/01\\\/CHEL1.webp\",\"contentUrl\":\"https:\\\/\\\/theuncommonshop.ch\\\/wp-content\\\/uploads\\\/2026\\\/01\\\/CHEL1.webp\",\"width\":644,\"height\":644},{\"@type\":\"BreadcrumbList\",\"@id\":\"https:\\\/\\\/theuncommonshop.ch\\\/fr\\\/product\\\/topps-chelsea-fc-fan-set-2023-24-3\\\/#breadcrumb\",\"itemListElement\":[{\"@type\":\"ListItem\",\"position\":1,\"name\":\"Accueil\",\"item\":\"https:\\\/\\\/theuncommonshop.ch\\\/fr\\\/accueil\\\/\"},{\"@type\":\"ListItem\",\"position\":2,\"name\":\"Boutique\",\"item\":\"https:\\\/\\\/theuncommonshop.ch\\\/fr\\\/boutique\\\/\"},{\"@type\":\"ListItem\",\"position\":3,\"name\":\"Autres cartes \u00e0 collectionner\",\"item\":\"https:\\\/\\\/theuncommonshop.ch\\\/fr\\\/categorie-produit\\\/autres-cartes-a-collectionner\\\/\"},{\"@type\":\"ListItem\",\"position\":4,\"name\":\"Cartes Topps\",\"item\":\"https:\\\/\\\/theuncommonshop.ch\\\/fr\\\/categorie-produit\\\/autres-cartes-a-collectionner\\\/cartes-topps\\\/\"},{\"@type\":\"ListItem\",\"position\":5,\"name\":\"Cartes sportives Topps\",\"item\":\"https:\\\/\\\/theuncommonshop.ch\\\/fr\\\/categorie-produit\\\/autres-cartes-a-collectionner\\\/cartes-topps\\\/cartes-sportives-topps\\\/\"},{\"@type\":\"ListItem\",\"position\":6,\"name\":\"Topps Football\",\"item\":\"https:\\\/\\\/theuncommonshop.ch\\\/fr\\\/categorie-produit\\\/autres-cartes-a-collectionner\\\/cartes-topps\\\/cartes-sportives-topps\\\/topps-football\\\/\"},{\"@type\":\"ListItem\",\"position\":7,\"name\":\"Topps &#8211; Chelsea FC &#8211; Fan Set 2023\\\/24\"}]},{\"@type\":\"WebSite\",\"@id\":\"https:\\\/\\\/theuncommonshop.ch\\\/#website\",\"url\":\"https:\\\/\\\/theuncommonshop.ch\\\/\",\"name\":\"Largest trading card shop in Switzerland\",\"description\":\"Magic, Pok\u00e9mon and Yu-gi-oh - The Uncommon Shop\",\"potentialAction\":[{\"@type\":\"SearchAction\",\"target\":{\"@type\":\"EntryPoint\",\"urlTemplate\":\"https:\\\/\\\/theuncommonshop.ch\\\/?s={search_term_string}\"},\"query-input\":{\"@type\":\"PropertyValueSpecification\",\"valueRequired\":true,\"valueName\":\"search_term_string\"}}],\"inLanguage\":\"fr-FR\"}]}<\/script>\n<meta property=\"product:price:amount\" content=\"25.95\" \/>\n<meta property=\"product:price:currency\" content=\"CHF\" \/>\n<meta property=\"og:availability\" content=\"out of stock\" \/>\n<meta property=\"product:availability\" content=\"out of stock\" \/>\n<meta property=\"product:retailer_item_id\" content=\"AL.SHOPFCChealsea\" \/>\n<meta property=\"product:condition\" content=\"new\" \/>\n<!-- \/ Yoast SEO plugin. -->","yoast_head_json":{"title":"Ach\u00e8te Topps - Chelsea FC - Fan Set 2023\/24","description":"Ach\u00e8te Topps - Chelsea FC - Fan Set 2023\/24 en ligne maintenant \u00e0 petit prix! Ton #1 shop pour cartes TCG & Pok\u00e9mon en Suisse \u2713 Livraison gratuite d\u00e8s CHF 29","robots":{"index":"index","follow":"follow","max-snippet":"max-snippet:-1","max-image-preview":"max-image-preview:large","max-video-preview":"max-video-preview:-1"},"canonical":"https:\/\/theuncommonshop.ch\/fr\/product\/topps-chelsea-fc-fan-set-2023-24-3\/","og_locale":"fr_FR","og_type":"article","og_title":"Ach\u00e8te Topps - Chelsea FC - Fan Set 2023\/24","og_description":"Ach\u00e8te Topps - Chelsea FC - Fan Set 2023\/24 en ligne maintenant \u00e0 petit prix! Ton #1 shop pour cartes TCG & Pok\u00e9mon en Suisse \u2713 Livraison gratuite d\u00e8s CHF 29","og_url":"https:\/\/theuncommonshop.ch\/fr\/product\/topps-chelsea-fc-fan-set-2023-24-3\/","og_site_name":"Largest trading card shop in Switzerland","article_modified_time":"2026-03-31T16:24:14+00:00","og_image":[{"width":644,"height":644,"url":"https:\/\/theuncommonshop.ch\/wp-content\/uploads\/2026\/01\/CHEL1.webp","type":"image\/webp"}],"twitter_card":"summary_large_image","twitter_misc":{"Prix":"&#67;&#72;&#70;&nbsp;25.95","Disponibilit\u00e9":"Rupture de stock"},"schema":{"@context":"https:\/\/schema.org","@graph":[{"@type":"WebPage","@id":"https:\/\/theuncommonshop.ch\/fr\/product\/topps-chelsea-fc-fan-set-2023-24-3\/","url":"https:\/\/theuncommonshop.ch\/fr\/product\/topps-chelsea-fc-fan-set-2023-24-3\/","name":"Ach\u00e8te Topps - Chelsea FC - Fan Set 2023\/24","isPartOf":{"@id":"https:\/\/theuncommonshop.ch\/#website"},"primaryImageOfPage":{"@id":"https:\/\/theuncommonshop.ch\/fr\/product\/topps-chelsea-fc-fan-set-2023-24-3\/#primaryimage"},"image":{"@id":"https:\/\/theuncommonshop.ch\/fr\/product\/topps-chelsea-fc-fan-set-2023-24-3\/#primaryimage"},"thumbnailUrl":"https:\/\/theuncommonshop.ch\/wp-content\/uploads\/2026\/01\/CHEL1.webp","datePublished":"2026-01-27T18:21:22+00:00","dateModified":"2026-03-31T16:24:14+00:00","description":"Ach\u00e8te Topps - Chelsea FC - Fan Set 2023\/24 en ligne maintenant \u00e0 petit prix! Ton #1 shop pour cartes TCG & Pok\u00e9mon en Suisse \u2713 Livraison gratuite d\u00e8s CHF 29","breadcrumb":{"@id":"https:\/\/theuncommonshop.ch\/fr\/product\/topps-chelsea-fc-fan-set-2023-24-3\/#breadcrumb"},"inLanguage":"fr-FR","potentialAction":[{"@type":"ReadAction","target":["https:\/\/theuncommonshop.ch\/fr\/product\/topps-chelsea-fc-fan-set-2023-24-3\/"]}]},{"@type":"ImageObject","inLanguage":"fr-FR","@id":"https:\/\/theuncommonshop.ch\/fr\/product\/topps-chelsea-fc-fan-set-2023-24-3\/#primaryimage","url":"https:\/\/theuncommonshop.ch\/wp-content\/uploads\/2026\/01\/CHEL1.webp","contentUrl":"https:\/\/theuncommonshop.ch\/wp-content\/uploads\/2026\/01\/CHEL1.webp","width":644,"height":644},{"@type":"BreadcrumbList","@id":"https:\/\/theuncommonshop.ch\/fr\/product\/topps-chelsea-fc-fan-set-2023-24-3\/#breadcrumb","itemListElement":[{"@type":"ListItem","position":1,"name":"Accueil","item":"https:\/\/theuncommonshop.ch\/fr\/accueil\/"},{"@type":"ListItem","position":2,"name":"Boutique","item":"https:\/\/theuncommonshop.ch\/fr\/boutique\/"},{"@type":"ListItem","position":3,"name":"Autres cartes \u00e0 collectionner","item":"https:\/\/theuncommonshop.ch\/fr\/categorie-produit\/autres-cartes-a-collectionner\/"},{"@type":"ListItem","position":4,"name":"Cartes Topps","item":"https:\/\/theuncommonshop.ch\/fr\/categorie-produit\/autres-cartes-a-collectionner\/cartes-topps\/"},{"@type":"ListItem","position":5,"name":"Cartes sportives Topps","item":"https:\/\/theuncommonshop.ch\/fr\/categorie-produit\/autres-cartes-a-collectionner\/cartes-topps\/cartes-sportives-topps\/"},{"@type":"ListItem","position":6,"name":"Topps Football","item":"https:\/\/theuncommonshop.ch\/fr\/categorie-produit\/autres-cartes-a-collectionner\/cartes-topps\/cartes-sportives-topps\/topps-football\/"},{"@type":"ListItem","position":7,"name":"Topps &#8211; Chelsea FC &#8211; Fan Set 2023\/24"}]},{"@type":"WebSite","@id":"https:\/\/theuncommonshop.ch\/#website","url":"https:\/\/theuncommonshop.ch\/","name":"Largest trading card shop in Switzerland","description":"Magic, Pok\u00e9mon and Yu-gi-oh - The Uncommon Shop","potentialAction":[{"@type":"SearchAction","target":{"@type":"EntryPoint","urlTemplate":"https:\/\/theuncommonshop.ch\/?s={search_term_string}"},"query-input":{"@type":"PropertyValueSpecification","valueRequired":true,"valueName":"search_term_string"}}],"inLanguage":"fr-FR"}]},"product_price_amount":"25.95","product_price_currency":"CHF","og_availability":"out of stock","product_availability":"out of stock","product_retailer_item_id":"AL.SHOPFCChealsea","product_condition":"new"},"_links":{"self":[{"href":"https:\/\/theuncommonshop.ch\/fr\/wp-json\/wp\/v2\/product\/307994","targetHints":{"allow":["GET"]}}],"collection":[{"href":"https:\/\/theuncommonshop.ch\/fr\/wp-json\/wp\/v2\/product"}],"about":[{"href":"https:\/\/theuncommonshop.ch\/fr\/wp-json\/wp\/v2\/types\/product"}],"replies":[{"embeddable":true,"href":"https:\/\/theuncommonshop.ch\/fr\/wp-json\/wp\/v2\/comments?post=307994"}],"version-history":[{"count":1,"href":"https:\/\/theuncommonshop.ch\/fr\/wp-json\/wp\/v2\/product\/307994\/revisions"}],"predecessor-version":[{"id":308000,"href":"https:\/\/theuncommonshop.ch\/fr\/wp-json\/wp\/v2\/product\/307994\/revisions\/308000"}],"wp:featuredmedia":[{"embeddable":true,"href":"https:\/\/theuncommonshop.ch\/fr\/wp-json\/wp\/v2\/media\/297067"}],"wp:attachment":[{"href":"https:\/\/theuncommonshop.ch\/fr\/wp-json\/wp\/v2\/media?parent=307994"}],"wp:term":[{"taxonomy":"product_brand","embeddable":true,"href":"https:\/\/theuncommonshop.ch\/fr\/wp-json\/wp\/v2\/product_brand?post=307994"},{"taxonomy":"product_cat","embeddable":true,"href":"https:\/\/theuncommonshop.ch\/fr\/wp-json\/wp\/v2\/product_cat?post=307994"},{"taxonomy":"product_tag","embeddable":true,"href":"https:\/\/theuncommonshop.ch\/fr\/wp-json\/wp\/v2\/product_tag?post=307994"}],"curies":[{"name":"wp","href":"https:\/\/api.w.org\/{rel}","templated":true}]}}