{"id":307985,"date":"2026-01-27T19:50:15","date_gmt":"2026-01-27T18:50:15","guid":{"rendered":"http:\/\/theuncommonshop.ch\/produkt\/307985\/"},"modified":"2026-03-08T16:47:07","modified_gmt":"2026-03-08T15:47:07","slug":"topps-bundesliga-midnight-2024-2025-2","status":"publish","type":"product","link":"https:\/\/theuncommonshop.ch\/fr\/product\/topps-bundesliga-midnight-2024-2025-2\/","title":{"rendered":"Topps &#8211; Bundesliga Midnight 2024\/2025"},"content":{"rendered":"<p><strong data-redactor-tag=\"strong\">2024-25 Topps\u00ae Midnight Bundesliga<\/strong><\/p>\n<p>La suite des nuits magiques. Nous sommes heureux de vous annoncer que 2024-25 Topps Midnight &#8211; Bundesliga arrive ! Avec une s\u00e9lection unique d&#8217;inserts et un arc-en-ciel de parall\u00e8les, ce set est rempli de stars qui illuminent le ciel nocturne.  <\/p>\n<p>Collectionnez le Base Set, qui pr\u00e9sente une s\u00e9lection de classe mondiale de rookies et de stars. D\u00e9couvrez une s\u00e9rie de parall\u00e8les repr\u00e9sentant les diff\u00e9rentes phases de la nuit. <\/p>\n<p>Jetez un \u0153il \u00e0 une s\u00e9lection impressionnante de cartes avec de nombreux nouveaux designs. Observez les stars se montrer avec Nightfall et d\u00e9couvrez les l\u00e9gendes de l&#8217;histoire de la Bundesliga avec Lunar Legends. C\u00e9l\u00e9brez la beaut\u00e9 de l&#8217;obscurit\u00e9 &#8211; du ciel nocturne scintillant au minuit silencieux &#8211; avec Darkness Delights et explorez l&#8217;influence de la lune sur les eaux de la Terre, y compris le myst\u00e8re des mar\u00e9es et les l\u00e9gendes de la mer nocturne, avec Timeless Tides. Traquez les plus grands rookies et les jeunes talents avec Dream Chasers et collectionnez les joueurs les plus importants de la Bundesliga avec Nebular Nights. Plongez dans l&#8217;obscurit\u00e9 avec Twilight et d\u00e9couvrez le spectacle d&#8217;After Hours.    <\/p>\n<p>D\u00e9couvrez une vari\u00e9t\u00e9 de cartes d&#8217;autographes \u00e9poustouflantes repr\u00e9sentant des rookies et des stars dans deux sous-ensembles impressionnants. Les Celestial Symphony Autographs sont des cartes d&#8217;autographes de haute qualit\u00e9 qui mettent en valeur les meilleurs joueurs de la ligue. D\u00e9couvrez \u00e9galement la beaut\u00e9 stup\u00e9fiante des Signatures Horizon :. Les incroyables Reliques autographes sont le clou du spectacle ! R\u00e9jouissez-vous de la combinaison \u00e9pique de morceaux de maillots et d&#8217;autographes authentiques dans la l\u00e9gendaire chasse aux Autographes Jersey Relic.    <\/p>\n<p>Attendez-vous \u00e0 une exp\u00e9rience de rip passionnante avec 3 autographes, au moins 1 insert et au moins 1 parall\u00e8le par bo\u00eete.<\/p>\n<p><strong data-redactor-tag=\"strong\">Contenu :<\/strong><\/p>\n<ul>\n<li>1 Booster par Booster Box<\/li>\n<li>7 cartes par Booster<\/li>\n<\/ul>\n","protected":false},"excerpt":{"rendered":"<p>2024-25 Topps\u00ae Midnight Bundesliga La suite des nuits magiques. Nous sommes heureux de vous annoncer que 2024-25 Topps Midnight &#8211;<\/p>\n","protected":false},"featured_media":297074,"comment_status":"open","ping_status":"closed","template":"","meta":{"_acf_changed":false},"product_brand":[5130],"product_cat":[9785,10323,9797,10327],"product_tag":[],"class_list":{"0":"post-307985","1":"product","2":"type-product","3":"status-publish","4":"has-post-thumbnail","6":"product_brand-topps","7":"product_cat-autres-cartes-a-collectionner","8":"product_cat-cartes-sportives-topps","9":"product_cat-cartes-topps","10":"product_cat-topps-football","12":"first","13":"outofstock","14":"taxable","15":"shipping-taxable","16":"purchasable","17":"product-type-simple"},"acf":[],"yoast_head":"<!-- This site is optimized with the Yoast SEO plugin v27.5 - https:\/\/yoast.com\/product\/yoast-seo-wordpress\/ -->\n<title>Ach\u00e8te Topps - Bundesliga Midnight 2024\/2025<\/title>\n<meta name=\"description\" content=\"Ach\u00e8te Topps - Bundesliga Midnight 2024\/2025 en ligne maintenant \u00e0 petit prix! Ton #1 shop pour cartes TCG &amp; Pok\u00e9mon en Suisse \u2713 Livraison gratuite d\u00e8s CHF 29\" \/>\n<meta name=\"robots\" content=\"index, follow, max-snippet:-1, max-image-preview:large, max-video-preview:-1\" \/>\n<link rel=\"canonical\" href=\"https:\/\/theuncommonshop.ch\/fr\/product\/topps-bundesliga-midnight-2024-2025-2\/\" \/>\n<meta property=\"og:locale\" content=\"fr_FR\" \/>\n<meta property=\"og:type\" content=\"article\" \/>\n<meta property=\"og:title\" content=\"Ach\u00e8te Topps - Bundesliga Midnight 2024\/2025\" \/>\n<meta property=\"og:description\" content=\"Ach\u00e8te Topps - Bundesliga Midnight 2024\/2025 en ligne maintenant \u00e0 petit prix! Ton #1 shop pour cartes TCG &amp; Pok\u00e9mon en Suisse \u2713 Livraison gratuite d\u00e8s CHF 29\" \/>\n<meta property=\"og:url\" content=\"https:\/\/theuncommonshop.ch\/fr\/product\/topps-bundesliga-midnight-2024-2025-2\/\" \/>\n<meta property=\"og:site_name\" content=\"The Uncommon Shop\" \/>\n<meta property=\"article:modified_time\" content=\"2026-03-08T15:47:07+00:00\" \/>\n<meta property=\"og:image\" content=\"https:\/\/theuncommonshop.ch\/wp-content\/uploads\/2026\/01\/MID1.jpg\" \/>\n\t<meta property=\"og:image:width\" content=\"443\" \/>\n\t<meta property=\"og:image:height\" content=\"360\" \/>\n\t<meta property=\"og:image:type\" content=\"image\/jpeg\" \/>\n<meta name=\"twitter:card\" content=\"summary_large_image\" \/>\n<meta name=\"twitter:label1\" content=\"Prix\" \/>\n\t<meta name=\"twitter:data1\" content=\"&#067;&#072;&#070;&nbsp;199.95\" \/>\n\t<meta name=\"twitter:label2\" content=\"Disponibilit\u00e9\" \/>\n\t<meta name=\"twitter:data2\" content=\"Rupture de stock\" \/>\n<script type=\"application\/ld+json\" class=\"yoast-schema-graph\">{\"@context\":\"https:\\\/\\\/schema.org\",\"@graph\":[{\"@type\":\"WebPage\",\"@id\":\"https:\\\/\\\/theuncommonshop.ch\\\/fr\\\/product\\\/topps-bundesliga-midnight-2024-2025-2\\\/\",\"url\":\"https:\\\/\\\/theuncommonshop.ch\\\/fr\\\/product\\\/topps-bundesliga-midnight-2024-2025-2\\\/\",\"name\":\"Ach\u00e8te Topps - Bundesliga Midnight 2024\\\/2025\",\"isPartOf\":{\"@id\":\"https:\\\/\\\/theuncommonshop.ch\\\/fr\\\/#website\"},\"primaryImageOfPage\":{\"@id\":\"https:\\\/\\\/theuncommonshop.ch\\\/fr\\\/product\\\/topps-bundesliga-midnight-2024-2025-2\\\/#primaryimage\"},\"image\":{\"@id\":\"https:\\\/\\\/theuncommonshop.ch\\\/fr\\\/product\\\/topps-bundesliga-midnight-2024-2025-2\\\/#primaryimage\"},\"thumbnailUrl\":\"https:\\\/\\\/theuncommonshop.ch\\\/wp-content\\\/uploads\\\/2026\\\/01\\\/MID1.jpg\",\"datePublished\":\"2026-01-27T18:50:15+00:00\",\"dateModified\":\"2026-03-08T15:47:07+00:00\",\"description\":\"Ach\u00e8te Topps - Bundesliga Midnight 2024\\\/2025 en ligne maintenant \u00e0 petit prix! Ton #1 shop pour cartes TCG & Pok\u00e9mon en Suisse \u2713 Livraison gratuite d\u00e8s CHF 29\",\"breadcrumb\":{\"@id\":\"https:\\\/\\\/theuncommonshop.ch\\\/fr\\\/product\\\/topps-bundesliga-midnight-2024-2025-2\\\/#breadcrumb\"},\"inLanguage\":\"fr-FR\",\"potentialAction\":[{\"@type\":\"ReadAction\",\"target\":[\"https:\\\/\\\/theuncommonshop.ch\\\/fr\\\/product\\\/topps-bundesliga-midnight-2024-2025-2\\\/\"]}]},{\"@type\":\"ImageObject\",\"inLanguage\":\"fr-FR\",\"@id\":\"https:\\\/\\\/theuncommonshop.ch\\\/fr\\\/product\\\/topps-bundesliga-midnight-2024-2025-2\\\/#primaryimage\",\"url\":\"https:\\\/\\\/theuncommonshop.ch\\\/wp-content\\\/uploads\\\/2026\\\/01\\\/MID1.jpg\",\"contentUrl\":\"https:\\\/\\\/theuncommonshop.ch\\\/wp-content\\\/uploads\\\/2026\\\/01\\\/MID1.jpg\",\"width\":443,\"height\":360},{\"@type\":\"BreadcrumbList\",\"@id\":\"https:\\\/\\\/theuncommonshop.ch\\\/fr\\\/product\\\/topps-bundesliga-midnight-2024-2025-2\\\/#breadcrumb\",\"itemListElement\":[{\"@type\":\"ListItem\",\"position\":1,\"name\":\"Accueil\",\"item\":\"https:\\\/\\\/theuncommonshop.ch\\\/fr\\\/accueil\\\/\"},{\"@type\":\"ListItem\",\"position\":2,\"name\":\"Boutique\",\"item\":\"https:\\\/\\\/theuncommonshop.ch\\\/fr\\\/boutique\\\/\"},{\"@type\":\"ListItem\",\"position\":3,\"name\":\"Autres cartes \u00e0 collectionner\",\"item\":\"https:\\\/\\\/theuncommonshop.ch\\\/fr\\\/categorie-produit\\\/autres-cartes-a-collectionner\\\/\"},{\"@type\":\"ListItem\",\"position\":4,\"name\":\"Cartes Topps\",\"item\":\"https:\\\/\\\/theuncommonshop.ch\\\/fr\\\/categorie-produit\\\/autres-cartes-a-collectionner\\\/cartes-topps\\\/\"},{\"@type\":\"ListItem\",\"position\":5,\"name\":\"Cartes sportives Topps\",\"item\":\"https:\\\/\\\/theuncommonshop.ch\\\/fr\\\/categorie-produit\\\/autres-cartes-a-collectionner\\\/cartes-topps\\\/cartes-sportives-topps\\\/\"},{\"@type\":\"ListItem\",\"position\":6,\"name\":\"Topps Football\",\"item\":\"https:\\\/\\\/theuncommonshop.ch\\\/fr\\\/categorie-produit\\\/autres-cartes-a-collectionner\\\/cartes-topps\\\/cartes-sportives-topps\\\/topps-football\\\/\"},{\"@type\":\"ListItem\",\"position\":7,\"name\":\"Topps &#8211; Bundesliga Midnight 2024\\\/2025\"}]},{\"@type\":\"WebSite\",\"@id\":\"https:\\\/\\\/theuncommonshop.ch\\\/fr\\\/#website\",\"url\":\"https:\\\/\\\/theuncommonshop.ch\\\/fr\\\/\",\"name\":\"The Uncommon Shop\",\"description\":\"Magic, Pok\u00e9mon and Yu-gi-oh - The Uncommon Shop\",\"potentialAction\":[{\"@type\":\"SearchAction\",\"target\":{\"@type\":\"EntryPoint\",\"urlTemplate\":\"https:\\\/\\\/theuncommonshop.ch\\\/fr\\\/?s={search_term_string}\"},\"query-input\":{\"@type\":\"PropertyValueSpecification\",\"valueRequired\":true,\"valueName\":\"search_term_string\"}}],\"inLanguage\":\"fr-FR\"}]}<\/script>\n<meta property=\"product:price:amount\" content=\"199.95\" \/>\n<meta property=\"product:price:currency\" content=\"CHF\" \/>\n<meta property=\"og:availability\" content=\"out of stock\" \/>\n<meta property=\"product:availability\" content=\"out of stock\" \/>\n<meta property=\"product:retailer_item_id\" content=\"AL.SHOP.Midnight\" \/>\n<meta property=\"product:condition\" content=\"new\" \/>\n<!-- \/ Yoast SEO plugin. -->","yoast_head_json":{"title":"Ach\u00e8te Topps - Bundesliga Midnight 2024\/2025","description":"Ach\u00e8te Topps - Bundesliga Midnight 2024\/2025 en ligne maintenant \u00e0 petit prix! Ton #1 shop pour cartes TCG & Pok\u00e9mon en Suisse \u2713 Livraison gratuite d\u00e8s CHF 29","robots":{"index":"index","follow":"follow","max-snippet":"max-snippet:-1","max-image-preview":"max-image-preview:large","max-video-preview":"max-video-preview:-1"},"canonical":"https:\/\/theuncommonshop.ch\/fr\/product\/topps-bundesliga-midnight-2024-2025-2\/","og_locale":"fr_FR","og_type":"article","og_title":"Ach\u00e8te Topps - Bundesliga Midnight 2024\/2025","og_description":"Ach\u00e8te Topps - Bundesliga Midnight 2024\/2025 en ligne maintenant \u00e0 petit prix! Ton #1 shop pour cartes TCG & Pok\u00e9mon en Suisse \u2713 Livraison gratuite d\u00e8s CHF 29","og_url":"https:\/\/theuncommonshop.ch\/fr\/product\/topps-bundesliga-midnight-2024-2025-2\/","og_site_name":"The Uncommon Shop","article_modified_time":"2026-03-08T15:47:07+00:00","og_image":[{"width":443,"height":360,"url":"https:\/\/theuncommonshop.ch\/wp-content\/uploads\/2026\/01\/MID1.jpg","type":"image\/jpeg"}],"twitter_card":"summary_large_image","twitter_misc":{"Prix":"&#67;&#72;&#70;&nbsp;199.95","Disponibilit\u00e9":"Rupture de stock"},"schema":{"@context":"https:\/\/schema.org","@graph":[{"@type":"WebPage","@id":"https:\/\/theuncommonshop.ch\/fr\/product\/topps-bundesliga-midnight-2024-2025-2\/","url":"https:\/\/theuncommonshop.ch\/fr\/product\/topps-bundesliga-midnight-2024-2025-2\/","name":"Ach\u00e8te Topps - Bundesliga Midnight 2024\/2025","isPartOf":{"@id":"https:\/\/theuncommonshop.ch\/fr\/#website"},"primaryImageOfPage":{"@id":"https:\/\/theuncommonshop.ch\/fr\/product\/topps-bundesliga-midnight-2024-2025-2\/#primaryimage"},"image":{"@id":"https:\/\/theuncommonshop.ch\/fr\/product\/topps-bundesliga-midnight-2024-2025-2\/#primaryimage"},"thumbnailUrl":"https:\/\/theuncommonshop.ch\/wp-content\/uploads\/2026\/01\/MID1.jpg","datePublished":"2026-01-27T18:50:15+00:00","dateModified":"2026-03-08T15:47:07+00:00","description":"Ach\u00e8te Topps - Bundesliga Midnight 2024\/2025 en ligne maintenant \u00e0 petit prix! Ton #1 shop pour cartes TCG & Pok\u00e9mon en Suisse \u2713 Livraison gratuite d\u00e8s CHF 29","breadcrumb":{"@id":"https:\/\/theuncommonshop.ch\/fr\/product\/topps-bundesliga-midnight-2024-2025-2\/#breadcrumb"},"inLanguage":"fr-FR","potentialAction":[{"@type":"ReadAction","target":["https:\/\/theuncommonshop.ch\/fr\/product\/topps-bundesliga-midnight-2024-2025-2\/"]}]},{"@type":"ImageObject","inLanguage":"fr-FR","@id":"https:\/\/theuncommonshop.ch\/fr\/product\/topps-bundesliga-midnight-2024-2025-2\/#primaryimage","url":"https:\/\/theuncommonshop.ch\/wp-content\/uploads\/2026\/01\/MID1.jpg","contentUrl":"https:\/\/theuncommonshop.ch\/wp-content\/uploads\/2026\/01\/MID1.jpg","width":443,"height":360},{"@type":"BreadcrumbList","@id":"https:\/\/theuncommonshop.ch\/fr\/product\/topps-bundesliga-midnight-2024-2025-2\/#breadcrumb","itemListElement":[{"@type":"ListItem","position":1,"name":"Accueil","item":"https:\/\/theuncommonshop.ch\/fr\/accueil\/"},{"@type":"ListItem","position":2,"name":"Boutique","item":"https:\/\/theuncommonshop.ch\/fr\/boutique\/"},{"@type":"ListItem","position":3,"name":"Autres cartes \u00e0 collectionner","item":"https:\/\/theuncommonshop.ch\/fr\/categorie-produit\/autres-cartes-a-collectionner\/"},{"@type":"ListItem","position":4,"name":"Cartes Topps","item":"https:\/\/theuncommonshop.ch\/fr\/categorie-produit\/autres-cartes-a-collectionner\/cartes-topps\/"},{"@type":"ListItem","position":5,"name":"Cartes sportives Topps","item":"https:\/\/theuncommonshop.ch\/fr\/categorie-produit\/autres-cartes-a-collectionner\/cartes-topps\/cartes-sportives-topps\/"},{"@type":"ListItem","position":6,"name":"Topps Football","item":"https:\/\/theuncommonshop.ch\/fr\/categorie-produit\/autres-cartes-a-collectionner\/cartes-topps\/cartes-sportives-topps\/topps-football\/"},{"@type":"ListItem","position":7,"name":"Topps &#8211; Bundesliga Midnight 2024\/2025"}]},{"@type":"WebSite","@id":"https:\/\/theuncommonshop.ch\/fr\/#website","url":"https:\/\/theuncommonshop.ch\/fr\/","name":"The Uncommon Shop","description":"Magic, Pok\u00e9mon and Yu-gi-oh - The Uncommon Shop","potentialAction":[{"@type":"SearchAction","target":{"@type":"EntryPoint","urlTemplate":"https:\/\/theuncommonshop.ch\/fr\/?s={search_term_string}"},"query-input":{"@type":"PropertyValueSpecification","valueRequired":true,"valueName":"search_term_string"}}],"inLanguage":"fr-FR"}]},"product_price_amount":"199.95","product_price_currency":"CHF","og_availability":"out of stock","product_availability":"out of stock","product_retailer_item_id":"AL.SHOP.Midnight","product_condition":"new"},"_links":{"self":[{"href":"https:\/\/theuncommonshop.ch\/fr\/wp-json\/wp\/v2\/product\/307985","targetHints":{"allow":["GET"]}}],"collection":[{"href":"https:\/\/theuncommonshop.ch\/fr\/wp-json\/wp\/v2\/product"}],"about":[{"href":"https:\/\/theuncommonshop.ch\/fr\/wp-json\/wp\/v2\/types\/product"}],"replies":[{"embeddable":true,"href":"https:\/\/theuncommonshop.ch\/fr\/wp-json\/wp\/v2\/comments?post=307985"}],"version-history":[{"count":0,"href":"https:\/\/theuncommonshop.ch\/fr\/wp-json\/wp\/v2\/product\/307985\/revisions"}],"wp:featuredmedia":[{"embeddable":true,"href":"https:\/\/theuncommonshop.ch\/fr\/wp-json\/wp\/v2\/media\/297074"}],"wp:attachment":[{"href":"https:\/\/theuncommonshop.ch\/fr\/wp-json\/wp\/v2\/media?parent=307985"}],"wp:term":[{"taxonomy":"product_brand","embeddable":true,"href":"https:\/\/theuncommonshop.ch\/fr\/wp-json\/wp\/v2\/product_brand?post=307985"},{"taxonomy":"product_cat","embeddable":true,"href":"https:\/\/theuncommonshop.ch\/fr\/wp-json\/wp\/v2\/product_cat?post=307985"},{"taxonomy":"product_tag","embeddable":true,"href":"https:\/\/theuncommonshop.ch\/fr\/wp-json\/wp\/v2\/product_tag?post=307985"}],"curies":[{"name":"wp","href":"https:\/\/api.w.org\/{rel}","templated":true}]}}