{"id":307981,"date":"2026-01-27T19:06:09","date_gmt":"2026-01-27T18:06:09","guid":{"rendered":"http:\/\/theuncommonshop.ch\/produkt\/307981\/"},"modified":"2026-03-08T16:47:06","modified_gmt":"2026-03-08T15:47:06","slug":"topps-finest-season-2024-25-uefa-club-competitions-soccer-hobby-box-2","status":"publish","type":"product","link":"https:\/\/theuncommonshop.ch\/fr\/product\/topps-finest-season-2024-25-uefa-club-competitions-soccer-hobby-box-2\/","title":{"rendered":"Topps &#8211; Finest Season 2024\/25 &#8211; UEFA Club Competitions Soccer &#8211; Hobby Box"},"content":{"rendered":"<p>Peu apr\u00e8s la grande finale de l&#8217;UEFA Champions League et la cl\u00f4ture des comp\u00e9titions europ\u00e9ennes de clubs de la saison 2024\/25, Topps pr\u00e9sente, avec les <span class=\"s2\" data-verified=\"redactor\" data-redactor-tag=\"span\" data-redactor-class=\"s2\"><strong data-redactor-tag=\"strong\">2024-25 Topps Finest UEFA Club Competitions Soccer Cards<\/strong><\/span> un autre produit de collection haut de gamme pour la saison en cours.<\/p>\n<p>un ensemble complet de cartes et de <span class=\"s2\" data-verified=\"redactor\" data-redactor-tag=\"span\" data-redactor-class=\"s2\"><strong data-redactor-tag=\"strong\">Base Set de 150 cartes.<\/strong><\/span>qui comprend les plus grands talents et les stars les plus exp\u00e9riment\u00e9es de la Ligue des Champions. <span class=\"s2\" data-verified=\"redactor\" data-redactor-tag=\"span\" data-redactor-class=\"s2\"><strong data-redactor-tag=\"strong\">Ligue des Champions de l&#8217;UEFA<\/strong><\/span>, la <span class=\"s2\" data-verified=\"redactor\" data-redactor-tag=\"span\" data-redactor-class=\"s2\"><strong data-redactor-tag=\"strong\">UEFA Europa League<\/strong><\/span> et de la <span class=\"s2\" data-verified=\"redactor\" data-redactor-tag=\"span\" data-redactor-class=\"s2\"><strong data-redactor-tag=\"strong\">UEFA Conference League<\/strong><\/span> sont r\u00e9unies. La s\u00e9lection offre un m\u00e9lange passionnant de l\u00e9gendes \u00e9tablies et de stars montantes du shooting. <\/p>\n<p>Les collectionneurs peuvent \u00e9galement se r\u00e9jouir d&#8217;un total de <span class=\"s2\" data-verified=\"redactor\" data-redactor-tag=\"span\" data-redactor-class=\"s2\"><strong data-redactor-tag=\"strong\">huit cat\u00e9gories d&#8217;annonces de qualit\u00e9<\/strong><\/span> de la liste :<\/p>\n<ul>\n<li><i data-redactor-tag=\"i\">Finest Idols<\/i><i data-redactor-tag=\"i\"><\/i><\/li>\n<li><i data-redactor-tag=\"i\">Finest Skillset<\/i><i data-redactor-tag=\"i\"><\/i><\/li>\n<li><i data-redactor-tag=\"i\">Finest Symphony<\/i><i data-redactor-tag=\"i\"><\/i><\/li>\n<li><i data-redactor-tag=\"i\">Prized Footballers<\/i><i data-redactor-tag=\"i\"><\/i><\/li>\n<li><i data-redactor-tag=\"i\">Fusion Prized Footballers<\/i><i data-redactor-tag=\"i\"><\/i><\/li>\n<li><i data-redactor-tag=\"i\">L&#8217;homme<\/i><i data-redactor-tag=\"i\"><\/i><\/li>\n<li><i data-redactor-tag=\"i\">Haut du monde<\/i><i data-redactor-tag=\"i\"><\/i><\/li>\n<li><i data-redactor-tag=\"i\">Total Football Finest<\/i><\/li>\n<\/ul>\n<p>L&#8217;ensemble est compl\u00e9t\u00e9 par la tr\u00e8s convoit\u00e9e cat\u00e9gorie <span class=\"s2\" data-verified=\"redactor\" data-redactor-tag=\"span\" data-redactor-class=\"s2\"><strong data-redactor-tag=\"strong\">la cat\u00e9gorie d&#8217;annonces inters\u00e9rie &#8220;The Grail&#8221;.<\/strong><\/span>qui comprend une carte exclusive suppl\u00e9mentaire de <span class=\"s2\" data-verified=\"redactor\" data-redactor-tag=\"span\" data-redactor-class=\"s2\"><strong data-redactor-tag=\"strong\">Lionel Messi<\/strong><\/span> qui brille.<\/p>\n<p><strong data-redactor-tag=\"strong\">Contenu de la Hobby Box :<\/strong><\/p>\n<p>Chaque Hobby Box contient <span class=\"s2\" data-verified=\"redactor\" data-redactor-tag=\"span\" data-redactor-class=\"s2\"><strong data-redactor-tag=\"strong\">60 cartes<\/strong><\/span>r\u00e9parties sur <span class=\"s2\" data-verified=\"redactor\" data-redactor-tag=\"span\" data-redactor-class=\"s2\"><strong data-redactor-tag=\"strong\">6 Packs de 10 cartes chacun<\/strong><\/span>. Chaque bo\u00eete contient <span class=\"s2\" data-verified=\"redactor\" data-redactor-tag=\"span\" data-redactor-class=\"s2\"><strong data-redactor-tag=\"strong\">deux cartes autographes<\/strong><\/span>dont des autographes classiques de la Base et des autographes des cat\u00e9gories <i data-redactor-tag=\"i\">Arrivals<\/i>, <i data-redactor-tag=\"i\">Finest First Class Rookies<\/i> ou <i data-redactor-tag=\"i\">Prized Footballers<\/i>. <\/p>\n<p>Pour des moments forts particuliers, les <span class=\"s2\" data-verified=\"redactor\" data-redactor-tag=\"span\" data-redactor-class=\"s2\"><strong data-redactor-tag=\"strong\">Finest Dual Autographs<\/strong><\/span> et <span class=\"s2\" data-verified=\"redactor\" data-redactor-tag=\"span\" data-redactor-class=\"s2\"><strong data-redactor-tag=\"strong\">Finest Rival Dual Autographs<\/strong><\/span>Les cartes Rival Rivals sont des cartes sign\u00e9es par deux grands noms du football.<\/p>\n<p>Un bijou de collection absolu : les somptueuses <span class=\"s2\" data-verified=\"redactor\" data-redactor-tag=\"span\" data-redactor-class=\"s2\"><strong data-redactor-tag=\"strong\">Bound by Origin Autograph Book Cards<\/strong><\/span> ainsi que les <span class=\"s2\" data-verified=\"redactor\" data-redactor-tag=\"span\" data-redactor-class=\"s2\"><strong data-redactor-tag=\"strong\">Marks of Excellence On-Card Autographs<\/strong><\/span>qui sont \u00e9galement inclus dans cette \u00e9dition.<\/p>\n","protected":false},"excerpt":{"rendered":"<p>Peu apr\u00e8s la grande finale de l&#8217;UEFA Champions League et la cl\u00f4ture des comp\u00e9titions europ\u00e9ennes de clubs de la saison<\/p>\n","protected":false},"featured_media":297064,"comment_status":"open","ping_status":"closed","template":"","meta":{"_acf_changed":false},"product_brand":[5130],"product_cat":[9785,10323,9797,10327],"product_tag":[],"class_list":{"0":"post-307981","1":"product","2":"type-product","3":"status-publish","4":"has-post-thumbnail","6":"product_brand-topps","7":"product_cat-autres-cartes-a-collectionner","8":"product_cat-cartes-sportives-topps","9":"product_cat-cartes-topps","10":"product_cat-topps-football","12":"first","13":"outofstock","14":"taxable","15":"shipping-taxable","16":"purchasable","17":"product-type-simple"},"acf":[],"yoast_head":"<!-- This site is optimized with the Yoast SEO plugin v27.5 - https:\/\/yoast.com\/product\/yoast-seo-wordpress\/ -->\n<title>Ach\u00e8te Topps - Finest Season 2024\/25 - UEFA Club Competitions Soccer - Hobby Box<\/title>\n<meta name=\"description\" content=\"Ach\u00e8te Topps - Finest Season 2024\/25 - UEFA Club Competitions Soccer - Hobby Box en ligne maintenant \u00e0 petit prix! Ton #1 shop pour cartes TCG &amp; Pok\u00e9mon en Suisse \u2713 Livraison gratuite d\u00e8s CHF 29\" \/>\n<meta name=\"robots\" content=\"index, follow, max-snippet:-1, max-image-preview:large, max-video-preview:-1\" \/>\n<link rel=\"canonical\" href=\"https:\/\/theuncommonshop.ch\/fr\/product\/topps-finest-season-2024-25-uefa-club-competitions-soccer-hobby-box-2\/\" \/>\n<meta property=\"og:locale\" content=\"fr_FR\" \/>\n<meta property=\"og:type\" content=\"article\" \/>\n<meta property=\"og:title\" content=\"Ach\u00e8te Topps - Finest Season 2024\/25 - UEFA Club Competitions Soccer - Hobby Box\" \/>\n<meta property=\"og:description\" content=\"Ach\u00e8te Topps - Finest Season 2024\/25 - UEFA Club Competitions Soccer - Hobby Box en ligne maintenant \u00e0 petit prix! Ton #1 shop pour cartes TCG &amp; Pok\u00e9mon en Suisse \u2713 Livraison gratuite d\u00e8s CHF 29\" \/>\n<meta property=\"og:url\" content=\"https:\/\/theuncommonshop.ch\/fr\/product\/topps-finest-season-2024-25-uefa-club-competitions-soccer-hobby-box-2\/\" \/>\n<meta property=\"og:site_name\" content=\"The Uncommon Shop\" \/>\n<meta property=\"article:modified_time\" content=\"2026-03-08T15:47:06+00:00\" \/>\n<meta property=\"og:image\" content=\"https:\/\/theuncommonshop.ch\/wp-content\/uploads\/2026\/01\/FINEST1.webp\" \/>\n\t<meta property=\"og:image:width\" content=\"1400\" \/>\n\t<meta property=\"og:image:height\" content=\"1400\" \/>\n\t<meta property=\"og:image:type\" content=\"image\/webp\" \/>\n<meta name=\"twitter:card\" content=\"summary_large_image\" \/>\n<meta name=\"twitter:label1\" content=\"Prix\" \/>\n\t<meta name=\"twitter:data1\" content=\"&#067;&#072;&#070;&nbsp;259.95\" \/>\n\t<meta name=\"twitter:label2\" content=\"Disponibilit\u00e9\" \/>\n\t<meta name=\"twitter:data2\" content=\"Rupture de stock\" \/>\n<script type=\"application\/ld+json\" class=\"yoast-schema-graph\">{\"@context\":\"https:\\\/\\\/schema.org\",\"@graph\":[{\"@type\":\"WebPage\",\"@id\":\"https:\\\/\\\/theuncommonshop.ch\\\/fr\\\/product\\\/topps-finest-season-2024-25-uefa-club-competitions-soccer-hobby-box-2\\\/\",\"url\":\"https:\\\/\\\/theuncommonshop.ch\\\/fr\\\/product\\\/topps-finest-season-2024-25-uefa-club-competitions-soccer-hobby-box-2\\\/\",\"name\":\"Ach\u00e8te Topps - Finest Season 2024\\\/25 - UEFA Club Competitions Soccer - Hobby Box\",\"isPartOf\":{\"@id\":\"https:\\\/\\\/theuncommonshop.ch\\\/fr\\\/#website\"},\"primaryImageOfPage\":{\"@id\":\"https:\\\/\\\/theuncommonshop.ch\\\/fr\\\/product\\\/topps-finest-season-2024-25-uefa-club-competitions-soccer-hobby-box-2\\\/#primaryimage\"},\"image\":{\"@id\":\"https:\\\/\\\/theuncommonshop.ch\\\/fr\\\/product\\\/topps-finest-season-2024-25-uefa-club-competitions-soccer-hobby-box-2\\\/#primaryimage\"},\"thumbnailUrl\":\"https:\\\/\\\/theuncommonshop.ch\\\/wp-content\\\/uploads\\\/2026\\\/01\\\/FINEST1.webp\",\"datePublished\":\"2026-01-27T18:06:09+00:00\",\"dateModified\":\"2026-03-08T15:47:06+00:00\",\"description\":\"Ach\u00e8te Topps - Finest Season 2024\\\/25 - UEFA Club Competitions Soccer - Hobby Box en ligne maintenant \u00e0 petit prix! Ton #1 shop pour cartes TCG & Pok\u00e9mon en Suisse \u2713 Livraison gratuite d\u00e8s CHF 29\",\"breadcrumb\":{\"@id\":\"https:\\\/\\\/theuncommonshop.ch\\\/fr\\\/product\\\/topps-finest-season-2024-25-uefa-club-competitions-soccer-hobby-box-2\\\/#breadcrumb\"},\"inLanguage\":\"fr-FR\",\"potentialAction\":[{\"@type\":\"ReadAction\",\"target\":[\"https:\\\/\\\/theuncommonshop.ch\\\/fr\\\/product\\\/topps-finest-season-2024-25-uefa-club-competitions-soccer-hobby-box-2\\\/\"]}]},{\"@type\":\"ImageObject\",\"inLanguage\":\"fr-FR\",\"@id\":\"https:\\\/\\\/theuncommonshop.ch\\\/fr\\\/product\\\/topps-finest-season-2024-25-uefa-club-competitions-soccer-hobby-box-2\\\/#primaryimage\",\"url\":\"https:\\\/\\\/theuncommonshop.ch\\\/wp-content\\\/uploads\\\/2026\\\/01\\\/FINEST1.webp\",\"contentUrl\":\"https:\\\/\\\/theuncommonshop.ch\\\/wp-content\\\/uploads\\\/2026\\\/01\\\/FINEST1.webp\",\"width\":1400,\"height\":1400},{\"@type\":\"BreadcrumbList\",\"@id\":\"https:\\\/\\\/theuncommonshop.ch\\\/fr\\\/product\\\/topps-finest-season-2024-25-uefa-club-competitions-soccer-hobby-box-2\\\/#breadcrumb\",\"itemListElement\":[{\"@type\":\"ListItem\",\"position\":1,\"name\":\"Accueil\",\"item\":\"https:\\\/\\\/theuncommonshop.ch\\\/fr\\\/accueil\\\/\"},{\"@type\":\"ListItem\",\"position\":2,\"name\":\"Boutique\",\"item\":\"https:\\\/\\\/theuncommonshop.ch\\\/fr\\\/boutique\\\/\"},{\"@type\":\"ListItem\",\"position\":3,\"name\":\"Autres cartes \u00e0 collectionner\",\"item\":\"https:\\\/\\\/theuncommonshop.ch\\\/fr\\\/categorie-produit\\\/autres-cartes-a-collectionner\\\/\"},{\"@type\":\"ListItem\",\"position\":4,\"name\":\"Cartes Topps\",\"item\":\"https:\\\/\\\/theuncommonshop.ch\\\/fr\\\/categorie-produit\\\/autres-cartes-a-collectionner\\\/cartes-topps\\\/\"},{\"@type\":\"ListItem\",\"position\":5,\"name\":\"Cartes sportives Topps\",\"item\":\"https:\\\/\\\/theuncommonshop.ch\\\/fr\\\/categorie-produit\\\/autres-cartes-a-collectionner\\\/cartes-topps\\\/cartes-sportives-topps\\\/\"},{\"@type\":\"ListItem\",\"position\":6,\"name\":\"Topps Football\",\"item\":\"https:\\\/\\\/theuncommonshop.ch\\\/fr\\\/categorie-produit\\\/autres-cartes-a-collectionner\\\/cartes-topps\\\/cartes-sportives-topps\\\/topps-football\\\/\"},{\"@type\":\"ListItem\",\"position\":7,\"name\":\"Topps &#8211; Finest Season 2024\\\/25 &#8211; UEFA Club Competitions Soccer &#8211; Hobby Box\"}]},{\"@type\":\"WebSite\",\"@id\":\"https:\\\/\\\/theuncommonshop.ch\\\/fr\\\/#website\",\"url\":\"https:\\\/\\\/theuncommonshop.ch\\\/fr\\\/\",\"name\":\"The Uncommon Shop\",\"description\":\"Magic, Pok\u00e9mon and Yu-gi-oh - The Uncommon Shop\",\"potentialAction\":[{\"@type\":\"SearchAction\",\"target\":{\"@type\":\"EntryPoint\",\"urlTemplate\":\"https:\\\/\\\/theuncommonshop.ch\\\/fr\\\/?s={search_term_string}\"},\"query-input\":{\"@type\":\"PropertyValueSpecification\",\"valueRequired\":true,\"valueName\":\"search_term_string\"}}],\"inLanguage\":\"fr-FR\"}]}<\/script>\n<meta property=\"product:price:amount\" content=\"259.95\" \/>\n<meta property=\"product:price:currency\" content=\"CHF\" \/>\n<meta property=\"og:availability\" content=\"out of stock\" \/>\n<meta property=\"product:availability\" content=\"out of stock\" \/>\n<meta property=\"product:retailer_item_id\" content=\"AL.SHOPFin2024\/25HobbBox\" \/>\n<meta property=\"product:condition\" content=\"new\" \/>\n<!-- \/ Yoast SEO plugin. -->","yoast_head_json":{"title":"Ach\u00e8te Topps - Finest Season 2024\/25 - UEFA Club Competitions Soccer - Hobby Box","description":"Ach\u00e8te Topps - Finest Season 2024\/25 - UEFA Club Competitions Soccer - Hobby Box en ligne maintenant \u00e0 petit prix! Ton #1 shop pour cartes TCG & Pok\u00e9mon en Suisse \u2713 Livraison gratuite d\u00e8s CHF 29","robots":{"index":"index","follow":"follow","max-snippet":"max-snippet:-1","max-image-preview":"max-image-preview:large","max-video-preview":"max-video-preview:-1"},"canonical":"https:\/\/theuncommonshop.ch\/fr\/product\/topps-finest-season-2024-25-uefa-club-competitions-soccer-hobby-box-2\/","og_locale":"fr_FR","og_type":"article","og_title":"Ach\u00e8te Topps - Finest Season 2024\/25 - UEFA Club Competitions Soccer - Hobby Box","og_description":"Ach\u00e8te Topps - Finest Season 2024\/25 - UEFA Club Competitions Soccer - Hobby Box en ligne maintenant \u00e0 petit prix! Ton #1 shop pour cartes TCG & Pok\u00e9mon en Suisse \u2713 Livraison gratuite d\u00e8s CHF 29","og_url":"https:\/\/theuncommonshop.ch\/fr\/product\/topps-finest-season-2024-25-uefa-club-competitions-soccer-hobby-box-2\/","og_site_name":"The Uncommon Shop","article_modified_time":"2026-03-08T15:47:06+00:00","og_image":[{"width":1400,"height":1400,"url":"https:\/\/theuncommonshop.ch\/wp-content\/uploads\/2026\/01\/FINEST1.webp","type":"image\/webp"}],"twitter_card":"summary_large_image","twitter_misc":{"Prix":"&#67;&#72;&#70;&nbsp;259.95","Disponibilit\u00e9":"Rupture de stock"},"schema":{"@context":"https:\/\/schema.org","@graph":[{"@type":"WebPage","@id":"https:\/\/theuncommonshop.ch\/fr\/product\/topps-finest-season-2024-25-uefa-club-competitions-soccer-hobby-box-2\/","url":"https:\/\/theuncommonshop.ch\/fr\/product\/topps-finest-season-2024-25-uefa-club-competitions-soccer-hobby-box-2\/","name":"Ach\u00e8te Topps - Finest Season 2024\/25 - UEFA Club Competitions Soccer - Hobby Box","isPartOf":{"@id":"https:\/\/theuncommonshop.ch\/fr\/#website"},"primaryImageOfPage":{"@id":"https:\/\/theuncommonshop.ch\/fr\/product\/topps-finest-season-2024-25-uefa-club-competitions-soccer-hobby-box-2\/#primaryimage"},"image":{"@id":"https:\/\/theuncommonshop.ch\/fr\/product\/topps-finest-season-2024-25-uefa-club-competitions-soccer-hobby-box-2\/#primaryimage"},"thumbnailUrl":"https:\/\/theuncommonshop.ch\/wp-content\/uploads\/2026\/01\/FINEST1.webp","datePublished":"2026-01-27T18:06:09+00:00","dateModified":"2026-03-08T15:47:06+00:00","description":"Ach\u00e8te Topps - Finest Season 2024\/25 - UEFA Club Competitions Soccer - Hobby Box en ligne maintenant \u00e0 petit prix! Ton #1 shop pour cartes TCG & Pok\u00e9mon en Suisse \u2713 Livraison gratuite d\u00e8s CHF 29","breadcrumb":{"@id":"https:\/\/theuncommonshop.ch\/fr\/product\/topps-finest-season-2024-25-uefa-club-competitions-soccer-hobby-box-2\/#breadcrumb"},"inLanguage":"fr-FR","potentialAction":[{"@type":"ReadAction","target":["https:\/\/theuncommonshop.ch\/fr\/product\/topps-finest-season-2024-25-uefa-club-competitions-soccer-hobby-box-2\/"]}]},{"@type":"ImageObject","inLanguage":"fr-FR","@id":"https:\/\/theuncommonshop.ch\/fr\/product\/topps-finest-season-2024-25-uefa-club-competitions-soccer-hobby-box-2\/#primaryimage","url":"https:\/\/theuncommonshop.ch\/wp-content\/uploads\/2026\/01\/FINEST1.webp","contentUrl":"https:\/\/theuncommonshop.ch\/wp-content\/uploads\/2026\/01\/FINEST1.webp","width":1400,"height":1400},{"@type":"BreadcrumbList","@id":"https:\/\/theuncommonshop.ch\/fr\/product\/topps-finest-season-2024-25-uefa-club-competitions-soccer-hobby-box-2\/#breadcrumb","itemListElement":[{"@type":"ListItem","position":1,"name":"Accueil","item":"https:\/\/theuncommonshop.ch\/fr\/accueil\/"},{"@type":"ListItem","position":2,"name":"Boutique","item":"https:\/\/theuncommonshop.ch\/fr\/boutique\/"},{"@type":"ListItem","position":3,"name":"Autres cartes \u00e0 collectionner","item":"https:\/\/theuncommonshop.ch\/fr\/categorie-produit\/autres-cartes-a-collectionner\/"},{"@type":"ListItem","position":4,"name":"Cartes Topps","item":"https:\/\/theuncommonshop.ch\/fr\/categorie-produit\/autres-cartes-a-collectionner\/cartes-topps\/"},{"@type":"ListItem","position":5,"name":"Cartes sportives Topps","item":"https:\/\/theuncommonshop.ch\/fr\/categorie-produit\/autres-cartes-a-collectionner\/cartes-topps\/cartes-sportives-topps\/"},{"@type":"ListItem","position":6,"name":"Topps Football","item":"https:\/\/theuncommonshop.ch\/fr\/categorie-produit\/autres-cartes-a-collectionner\/cartes-topps\/cartes-sportives-topps\/topps-football\/"},{"@type":"ListItem","position":7,"name":"Topps &#8211; Finest Season 2024\/25 &#8211; UEFA Club Competitions Soccer &#8211; Hobby Box"}]},{"@type":"WebSite","@id":"https:\/\/theuncommonshop.ch\/fr\/#website","url":"https:\/\/theuncommonshop.ch\/fr\/","name":"The Uncommon Shop","description":"Magic, Pok\u00e9mon and Yu-gi-oh - The Uncommon Shop","potentialAction":[{"@type":"SearchAction","target":{"@type":"EntryPoint","urlTemplate":"https:\/\/theuncommonshop.ch\/fr\/?s={search_term_string}"},"query-input":{"@type":"PropertyValueSpecification","valueRequired":true,"valueName":"search_term_string"}}],"inLanguage":"fr-FR"}]},"product_price_amount":"259.95","product_price_currency":"CHF","og_availability":"out of stock","product_availability":"out of stock","product_retailer_item_id":"AL.SHOPFin2024\/25HobbBox","product_condition":"new"},"_links":{"self":[{"href":"https:\/\/theuncommonshop.ch\/fr\/wp-json\/wp\/v2\/product\/307981","targetHints":{"allow":["GET"]}}],"collection":[{"href":"https:\/\/theuncommonshop.ch\/fr\/wp-json\/wp\/v2\/product"}],"about":[{"href":"https:\/\/theuncommonshop.ch\/fr\/wp-json\/wp\/v2\/types\/product"}],"replies":[{"embeddable":true,"href":"https:\/\/theuncommonshop.ch\/fr\/wp-json\/wp\/v2\/comments?post=307981"}],"version-history":[{"count":0,"href":"https:\/\/theuncommonshop.ch\/fr\/wp-json\/wp\/v2\/product\/307981\/revisions"}],"wp:featuredmedia":[{"embeddable":true,"href":"https:\/\/theuncommonshop.ch\/fr\/wp-json\/wp\/v2\/media\/297064"}],"wp:attachment":[{"href":"https:\/\/theuncommonshop.ch\/fr\/wp-json\/wp\/v2\/media?parent=307981"}],"wp:term":[{"taxonomy":"product_brand","embeddable":true,"href":"https:\/\/theuncommonshop.ch\/fr\/wp-json\/wp\/v2\/product_brand?post=307981"},{"taxonomy":"product_cat","embeddable":true,"href":"https:\/\/theuncommonshop.ch\/fr\/wp-json\/wp\/v2\/product_cat?post=307981"},{"taxonomy":"product_tag","embeddable":true,"href":"https:\/\/theuncommonshop.ch\/fr\/wp-json\/wp\/v2\/product_tag?post=307981"}],"curies":[{"name":"wp","href":"https:\/\/api.w.org\/{rel}","templated":true}]}}