{"id":307973,"date":"2026-01-27T19:29:49","date_gmt":"2026-01-27T18:29:49","guid":{"rendered":"http:\/\/theuncommonshop.ch\/produkt\/307973\/"},"modified":"2026-03-31T18:24:33","modified_gmt":"2026-03-31T16:24:33","slug":"topps-fc-barcelona-fan-set-2024-25-2","status":"publish","type":"product","link":"https:\/\/theuncommonshop.ch\/fr\/product\/topps-fc-barcelona-fan-set-2024-25-2\/","title":{"rendered":"Topps &#8211; FC Barcelona &#8211; Fan Set 2024\/25"},"content":{"rendered":"<p>Nous vous pr\u00e9sentons le Fan Set FC Barcelona 2024\/25 de Topps &#8211; une collection indispensable pour tout vrai fan des Blaugranas ! Ce Fan Set passionnant comprend 28 cartes repr\u00e9sentant les stars du FC Barcelona, des h\u00e9ros actuels sur le terrain aux figures l\u00e9gendaires adul\u00e9es par les fans. <\/p>\n<p>L&#8217;ensemble contient<\/p>\n<p>Cartes de base : rassemblez tous les joueurs de la premi\u00e8re \u00e9quipe.<\/p>\n<p>Cartes Chase : Partez \u00e0 la chasse aux \u00e9blouissantes cartes Golden Future et au rare 1\/1 Golden Treasure.<\/p>\n<p>Suppl\u00e9ment Monolith : C\u00e9l\u00e9brez les ic\u00f4nes l\u00e9gendaires de l&#8217;association.<\/p>\n<p>Supporters fanatiques : ressentez la passion du Camp Nou.<\/p>\n<p>Chaque bo\u00eete garantit deux parall\u00e8les magnifiquement con\u00e7us &#8211; un num\u00e9rot\u00e9 en continu et un parall\u00e8le \u00e9lectro. Vous pourrez \u00e9galement collectionner les ultra-rares cartes d&#8217;autographes de joueurs l\u00e9gendaires du FC Barcelona, pass\u00e9s et pr\u00e9sents. <\/p>\n<p>D\u00e9tails du produit<\/p>\n<p>28 cartes par bo\u00eete<\/p>\n<p>Vivez la magie du FC Barcelona avec cet incroyable Fan Set &#8211; un compl\u00e9ment parfait pour toute collection !<\/p>\n","protected":false},"excerpt":{"rendered":"<p>Nous vous pr\u00e9sentons le Fan Set FC Barcelona 2024\/25 de Topps &#8211; une collection indispensable pour tout vrai fan des<\/p>\n","protected":false},"featured_media":297071,"comment_status":"open","ping_status":"closed","template":"","meta":{"_acf_changed":false},"product_brand":[5130],"product_cat":[9785,10323,9797,10327],"product_tag":[],"class_list":{"0":"post-307973","1":"product","2":"type-product","3":"status-publish","4":"has-post-thumbnail","6":"product_brand-topps","7":"product_cat-autres-cartes-a-collectionner","8":"product_cat-cartes-sportives-topps","9":"product_cat-cartes-topps","10":"product_cat-topps-football","12":"first","13":"outofstock","14":"taxable","15":"shipping-taxable","16":"purchasable","17":"product-type-simple"},"acf":[],"yoast_head":"<!-- This site is optimized with the Yoast SEO plugin v27.4 - https:\/\/yoast.com\/product\/yoast-seo-wordpress\/ -->\n<title>Ach\u00e8te Topps - FC Barcelona - Fan Set 2024\/25<\/title>\n<meta name=\"description\" content=\"Ach\u00e8te Topps - FC Barcelona - Fan Set 2024\/25 en ligne maintenant \u00e0 petit prix! Ton #1 shop pour cartes TCG &amp; Pok\u00e9mon en Suisse \u2713 Livraison gratuite d\u00e8s CHF 29\" \/>\n<meta name=\"robots\" content=\"index, follow, max-snippet:-1, max-image-preview:large, max-video-preview:-1\" \/>\n<link rel=\"canonical\" href=\"https:\/\/theuncommonshop.ch\/fr\/product\/topps-fc-barcelona-fan-set-2024-25-2\/\" \/>\n<meta property=\"og:locale\" content=\"fr_FR\" \/>\n<meta property=\"og:type\" content=\"article\" \/>\n<meta property=\"og:title\" content=\"Ach\u00e8te Topps - FC Barcelona - Fan Set 2024\/25\" \/>\n<meta property=\"og:description\" content=\"Ach\u00e8te Topps - FC Barcelona - Fan Set 2024\/25 en ligne maintenant \u00e0 petit prix! Ton #1 shop pour cartes TCG &amp; Pok\u00e9mon en Suisse \u2713 Livraison gratuite d\u00e8s CHF 29\" \/>\n<meta property=\"og:url\" content=\"https:\/\/theuncommonshop.ch\/fr\/product\/topps-fc-barcelona-fan-set-2024-25-2\/\" \/>\n<meta property=\"og:site_name\" content=\"Largest trading card shop in Switzerland\" \/>\n<meta property=\"article:modified_time\" content=\"2026-03-31T16:24:33+00:00\" \/>\n<meta property=\"og:image\" content=\"https:\/\/theuncommonshop.ch\/wp-content\/uploads\/2026\/01\/BARCA1.webp\" \/>\n\t<meta property=\"og:image:width\" content=\"1147\" \/>\n\t<meta property=\"og:image:height\" content=\"1500\" \/>\n\t<meta property=\"og:image:type\" content=\"image\/webp\" \/>\n<meta name=\"twitter:card\" content=\"summary_large_image\" \/>\n<meta name=\"twitter:label1\" content=\"Prix\" \/>\n\t<meta name=\"twitter:data1\" content=\"&#067;&#072;&#070;&nbsp;27.95\" \/>\n\t<meta name=\"twitter:label2\" content=\"Disponibilit\u00e9\" \/>\n\t<meta name=\"twitter:data2\" content=\"Rupture de stock\" \/>\n<script type=\"application\/ld+json\" class=\"yoast-schema-graph\">{\"@context\":\"https:\\\/\\\/schema.org\",\"@graph\":[{\"@type\":\"WebPage\",\"@id\":\"https:\\\/\\\/theuncommonshop.ch\\\/fr\\\/product\\\/topps-fc-barcelona-fan-set-2024-25-2\\\/\",\"url\":\"https:\\\/\\\/theuncommonshop.ch\\\/fr\\\/product\\\/topps-fc-barcelona-fan-set-2024-25-2\\\/\",\"name\":\"Ach\u00e8te Topps - FC Barcelona - Fan Set 2024\\\/25\",\"isPartOf\":{\"@id\":\"https:\\\/\\\/theuncommonshop.ch\\\/#website\"},\"primaryImageOfPage\":{\"@id\":\"https:\\\/\\\/theuncommonshop.ch\\\/fr\\\/product\\\/topps-fc-barcelona-fan-set-2024-25-2\\\/#primaryimage\"},\"image\":{\"@id\":\"https:\\\/\\\/theuncommonshop.ch\\\/fr\\\/product\\\/topps-fc-barcelona-fan-set-2024-25-2\\\/#primaryimage\"},\"thumbnailUrl\":\"https:\\\/\\\/theuncommonshop.ch\\\/wp-content\\\/uploads\\\/2026\\\/01\\\/BARCA1.webp\",\"datePublished\":\"2026-01-27T18:29:49+00:00\",\"dateModified\":\"2026-03-31T16:24:33+00:00\",\"description\":\"Ach\u00e8te Topps - FC Barcelona - Fan Set 2024\\\/25 en ligne maintenant \u00e0 petit prix! Ton #1 shop pour cartes TCG & Pok\u00e9mon en Suisse \u2713 Livraison gratuite d\u00e8s CHF 29\",\"breadcrumb\":{\"@id\":\"https:\\\/\\\/theuncommonshop.ch\\\/fr\\\/product\\\/topps-fc-barcelona-fan-set-2024-25-2\\\/#breadcrumb\"},\"inLanguage\":\"fr-FR\",\"potentialAction\":[{\"@type\":\"ReadAction\",\"target\":[\"https:\\\/\\\/theuncommonshop.ch\\\/fr\\\/product\\\/topps-fc-barcelona-fan-set-2024-25-2\\\/\"]}]},{\"@type\":\"ImageObject\",\"inLanguage\":\"fr-FR\",\"@id\":\"https:\\\/\\\/theuncommonshop.ch\\\/fr\\\/product\\\/topps-fc-barcelona-fan-set-2024-25-2\\\/#primaryimage\",\"url\":\"https:\\\/\\\/theuncommonshop.ch\\\/wp-content\\\/uploads\\\/2026\\\/01\\\/BARCA1.webp\",\"contentUrl\":\"https:\\\/\\\/theuncommonshop.ch\\\/wp-content\\\/uploads\\\/2026\\\/01\\\/BARCA1.webp\",\"width\":1147,\"height\":1500},{\"@type\":\"BreadcrumbList\",\"@id\":\"https:\\\/\\\/theuncommonshop.ch\\\/fr\\\/product\\\/topps-fc-barcelona-fan-set-2024-25-2\\\/#breadcrumb\",\"itemListElement\":[{\"@type\":\"ListItem\",\"position\":1,\"name\":\"Accueil\",\"item\":\"https:\\\/\\\/theuncommonshop.ch\\\/fr\\\/accueil\\\/\"},{\"@type\":\"ListItem\",\"position\":2,\"name\":\"Boutique\",\"item\":\"https:\\\/\\\/theuncommonshop.ch\\\/fr\\\/boutique\\\/\"},{\"@type\":\"ListItem\",\"position\":3,\"name\":\"Weitere Sammelkarten\",\"item\":\"https:\\\/\\\/theuncommonshop.ch\\\/produktkategorie\\\/weitere-sammelkarten\\\/\"},{\"@type\":\"ListItem\",\"position\":4,\"name\":\"Topps Karten\",\"item\":\"https:\\\/\\\/theuncommonshop.ch\\\/produktkategorie\\\/weitere-sammelkarten\\\/topps-karten\\\/\"},{\"@type\":\"ListItem\",\"position\":5,\"name\":\"Topps Sportkarten\",\"item\":\"https:\\\/\\\/theuncommonshop.ch\\\/produktkategorie\\\/weitere-sammelkarten\\\/topps-karten\\\/topps-sportkarten\\\/\"},{\"@type\":\"ListItem\",\"position\":6,\"name\":\"Topps Fussball\",\"item\":\"https:\\\/\\\/theuncommonshop.ch\\\/produktkategorie\\\/weitere-sammelkarten\\\/topps-karten\\\/topps-sportkarten\\\/topps-fussball\\\/\"},{\"@type\":\"ListItem\",\"position\":7,\"name\":\"Topps &#8211; FC Barcelona &#8211; Fan Set 2024\\\/25\"}]},{\"@type\":\"WebSite\",\"@id\":\"https:\\\/\\\/theuncommonshop.ch\\\/#website\",\"url\":\"https:\\\/\\\/theuncommonshop.ch\\\/\",\"name\":\"Largest trading card shop in Switzerland\",\"description\":\"Magic, Pok\u00e9mon and Yu-gi-oh - The Uncommon Shop\",\"potentialAction\":[{\"@type\":\"SearchAction\",\"target\":{\"@type\":\"EntryPoint\",\"urlTemplate\":\"https:\\\/\\\/theuncommonshop.ch\\\/?s={search_term_string}\"},\"query-input\":{\"@type\":\"PropertyValueSpecification\",\"valueRequired\":true,\"valueName\":\"search_term_string\"}}],\"inLanguage\":\"fr-FR\"}]}<\/script>\n<meta property=\"product:price:amount\" content=\"27.95\" \/>\n<meta property=\"product:price:currency\" content=\"CHF\" \/>\n<meta property=\"og:availability\" content=\"out of stock\" \/>\n<meta property=\"product:availability\" content=\"out of stock\" \/>\n<meta property=\"product:retailer_item_id\" content=\"AL.SHOPFCBarca\" \/>\n<meta property=\"product:condition\" content=\"new\" \/>\n<!-- \/ Yoast SEO plugin. -->","yoast_head_json":{"title":"Ach\u00e8te Topps - FC Barcelona - Fan Set 2024\/25","description":"Ach\u00e8te Topps - FC Barcelona - Fan Set 2024\/25 en ligne maintenant \u00e0 petit prix! Ton #1 shop pour cartes TCG & Pok\u00e9mon en Suisse \u2713 Livraison gratuite d\u00e8s CHF 29","robots":{"index":"index","follow":"follow","max-snippet":"max-snippet:-1","max-image-preview":"max-image-preview:large","max-video-preview":"max-video-preview:-1"},"canonical":"https:\/\/theuncommonshop.ch\/fr\/product\/topps-fc-barcelona-fan-set-2024-25-2\/","og_locale":"fr_FR","og_type":"article","og_title":"Ach\u00e8te Topps - FC Barcelona - Fan Set 2024\/25","og_description":"Ach\u00e8te Topps - FC Barcelona - Fan Set 2024\/25 en ligne maintenant \u00e0 petit prix! Ton #1 shop pour cartes TCG & Pok\u00e9mon en Suisse \u2713 Livraison gratuite d\u00e8s CHF 29","og_url":"https:\/\/theuncommonshop.ch\/fr\/product\/topps-fc-barcelona-fan-set-2024-25-2\/","og_site_name":"Largest trading card shop in Switzerland","article_modified_time":"2026-03-31T16:24:33+00:00","og_image":[{"width":1147,"height":1500,"url":"https:\/\/theuncommonshop.ch\/wp-content\/uploads\/2026\/01\/BARCA1.webp","type":"image\/webp"}],"twitter_card":"summary_large_image","twitter_misc":{"Prix":"&#67;&#72;&#70;&nbsp;27.95","Disponibilit\u00e9":"Rupture de stock"},"schema":{"@context":"https:\/\/schema.org","@graph":[{"@type":"WebPage","@id":"https:\/\/theuncommonshop.ch\/fr\/product\/topps-fc-barcelona-fan-set-2024-25-2\/","url":"https:\/\/theuncommonshop.ch\/fr\/product\/topps-fc-barcelona-fan-set-2024-25-2\/","name":"Ach\u00e8te Topps - FC Barcelona - Fan Set 2024\/25","isPartOf":{"@id":"https:\/\/theuncommonshop.ch\/#website"},"primaryImageOfPage":{"@id":"https:\/\/theuncommonshop.ch\/fr\/product\/topps-fc-barcelona-fan-set-2024-25-2\/#primaryimage"},"image":{"@id":"https:\/\/theuncommonshop.ch\/fr\/product\/topps-fc-barcelona-fan-set-2024-25-2\/#primaryimage"},"thumbnailUrl":"https:\/\/theuncommonshop.ch\/wp-content\/uploads\/2026\/01\/BARCA1.webp","datePublished":"2026-01-27T18:29:49+00:00","dateModified":"2026-03-31T16:24:33+00:00","description":"Ach\u00e8te Topps - FC Barcelona - Fan Set 2024\/25 en ligne maintenant \u00e0 petit prix! Ton #1 shop pour cartes TCG & Pok\u00e9mon en Suisse \u2713 Livraison gratuite d\u00e8s CHF 29","breadcrumb":{"@id":"https:\/\/theuncommonshop.ch\/fr\/product\/topps-fc-barcelona-fan-set-2024-25-2\/#breadcrumb"},"inLanguage":"fr-FR","potentialAction":[{"@type":"ReadAction","target":["https:\/\/theuncommonshop.ch\/fr\/product\/topps-fc-barcelona-fan-set-2024-25-2\/"]}]},{"@type":"ImageObject","inLanguage":"fr-FR","@id":"https:\/\/theuncommonshop.ch\/fr\/product\/topps-fc-barcelona-fan-set-2024-25-2\/#primaryimage","url":"https:\/\/theuncommonshop.ch\/wp-content\/uploads\/2026\/01\/BARCA1.webp","contentUrl":"https:\/\/theuncommonshop.ch\/wp-content\/uploads\/2026\/01\/BARCA1.webp","width":1147,"height":1500},{"@type":"BreadcrumbList","@id":"https:\/\/theuncommonshop.ch\/fr\/product\/topps-fc-barcelona-fan-set-2024-25-2\/#breadcrumb","itemListElement":[{"@type":"ListItem","position":1,"name":"Accueil","item":"https:\/\/theuncommonshop.ch\/fr\/accueil\/"},{"@type":"ListItem","position":2,"name":"Boutique","item":"https:\/\/theuncommonshop.ch\/fr\/boutique\/"},{"@type":"ListItem","position":3,"name":"Weitere Sammelkarten","item":"https:\/\/theuncommonshop.ch\/produktkategorie\/weitere-sammelkarten\/"},{"@type":"ListItem","position":4,"name":"Topps Karten","item":"https:\/\/theuncommonshop.ch\/produktkategorie\/weitere-sammelkarten\/topps-karten\/"},{"@type":"ListItem","position":5,"name":"Topps Sportkarten","item":"https:\/\/theuncommonshop.ch\/produktkategorie\/weitere-sammelkarten\/topps-karten\/topps-sportkarten\/"},{"@type":"ListItem","position":6,"name":"Topps Fussball","item":"https:\/\/theuncommonshop.ch\/produktkategorie\/weitere-sammelkarten\/topps-karten\/topps-sportkarten\/topps-fussball\/"},{"@type":"ListItem","position":7,"name":"Topps &#8211; FC Barcelona &#8211; Fan Set 2024\/25"}]},{"@type":"WebSite","@id":"https:\/\/theuncommonshop.ch\/#website","url":"https:\/\/theuncommonshop.ch\/","name":"Largest trading card shop in Switzerland","description":"Magic, Pok\u00e9mon and Yu-gi-oh - The Uncommon Shop","potentialAction":[{"@type":"SearchAction","target":{"@type":"EntryPoint","urlTemplate":"https:\/\/theuncommonshop.ch\/?s={search_term_string}"},"query-input":{"@type":"PropertyValueSpecification","valueRequired":true,"valueName":"search_term_string"}}],"inLanguage":"fr-FR"}]},"product_price_amount":"27.95","product_price_currency":"CHF","og_availability":"out of stock","product_availability":"out of stock","product_retailer_item_id":"AL.SHOPFCBarca","product_condition":"new"},"_links":{"self":[{"href":"https:\/\/theuncommonshop.ch\/fr\/wp-json\/wp\/v2\/product\/307973","targetHints":{"allow":["GET"]}}],"collection":[{"href":"https:\/\/theuncommonshop.ch\/fr\/wp-json\/wp\/v2\/product"}],"about":[{"href":"https:\/\/theuncommonshop.ch\/fr\/wp-json\/wp\/v2\/types\/product"}],"replies":[{"embeddable":true,"href":"https:\/\/theuncommonshop.ch\/fr\/wp-json\/wp\/v2\/comments?post=307973"}],"version-history":[{"count":1,"href":"https:\/\/theuncommonshop.ch\/fr\/wp-json\/wp\/v2\/product\/307973\/revisions"}],"predecessor-version":[{"id":307978,"href":"https:\/\/theuncommonshop.ch\/fr\/wp-json\/wp\/v2\/product\/307973\/revisions\/307978"}],"wp:featuredmedia":[{"embeddable":true,"href":"https:\/\/theuncommonshop.ch\/fr\/wp-json\/wp\/v2\/media\/297071"}],"wp:attachment":[{"href":"https:\/\/theuncommonshop.ch\/fr\/wp-json\/wp\/v2\/media?parent=307973"}],"wp:term":[{"taxonomy":"product_brand","embeddable":true,"href":"https:\/\/theuncommonshop.ch\/fr\/wp-json\/wp\/v2\/product_brand?post=307973"},{"taxonomy":"product_cat","embeddable":true,"href":"https:\/\/theuncommonshop.ch\/fr\/wp-json\/wp\/v2\/product_cat?post=307973"},{"taxonomy":"product_tag","embeddable":true,"href":"https:\/\/theuncommonshop.ch\/fr\/wp-json\/wp\/v2\/product_tag?post=307973"}],"curies":[{"name":"wp","href":"https:\/\/api.w.org\/{rel}","templated":true}]}}