{"id":307925,"date":"2026-01-27T18:49:39","date_gmt":"2026-01-27T17:49:39","guid":{"rendered":"http:\/\/theuncommonshop.ch\/produkt\/307925\/"},"modified":"2026-03-26T13:10:41","modified_gmt":"2026-03-26T12:10:41","slug":"topps-juventus-turin-team-set-2024-2025-2","status":"publish","type":"product","link":"https:\/\/theuncommonshop.ch\/fr\/product\/topps-juventus-turin-team-set-2024-2025-2\/","title":{"rendered":"Topps &#8211; Juventus Turin Team Set 2024\/2025"},"content":{"rendered":"<p><strong data-redactor-tag=\"strong\">Topps\u00ae Juventus Team Set 2024\/25<\/strong><\/p>\n<p>Le Team Set de la Juventus revient en 2024\/25 avec un nouveau look et une liste de contr\u00f4le passionnante.<\/p>\n<p>Le Team Set comprend plusieurs nouveaux sous-ensembles incroyables et des cartes artistiquement con\u00e7ues dans la Collection 2024\/25. Les fans d\u00e9couvrent les h\u00e9ros de la Juventus, pass\u00e9s et pr\u00e9sents, sous un jour totalement nouveau. <\/p>\n<p>Commencez par les First Team Cards, qui pr\u00e9sentent les stars actuelles de la Juventus sur un design de carte \u00e9pur\u00e9 et \u00e9l\u00e9gant, et remontez le temps avec le tout nouveau Vintage Lady Subset, qui reprend le c\u00e9l\u00e8bre surnom de &#8220;Vieille Dame&#8221;. Procurez-vous le sous-jeu Bookends rempli de l\u00e9gendes et rendez hommage \u00e0 une liste soigneusement s\u00e9lectionn\u00e9e des plus grandes ic\u00f4nes de la Juventus. Retrouvez la classe des meilleures stars bianconeri dans les cartes Bona Fide Baller.  <\/p>\n<p>Voyagez dans le temps avec les Pathway Inserts ; une liste de contr\u00f4le remplie de l\u00e9gendes durables qui ont non seulement lanc\u00e9 leur propre carri\u00e8re, mais aussi men\u00e9 la Juventus au sommet.<\/p>\n<p>L&#8217;un des plus grands coups de cette saison est le sous-ensemble Le Zebre &#8211; un design l\u00e9gendaire imprim\u00e9 en z\u00e8bre qui fera battre le c\u0153ur des fans de la Juventus du monde entier. Enfin, les inserts pour 2024\/25 se terminent par le Rainbow Flick Case Hit, qui ajoute de la vivacit\u00e9 et une touche de couleur \u00e0 l&#8217;ensemble noir et blanc, repr\u00e9sentant \u00e0 la fois les joueurs actuels et les l\u00e9gendes du club. <\/p>\n<p>R\u00e9jouissez-vous d&#8217;une s\u00e9lection impressionnante de cartes d&#8217;autographes dans ce set, des favoris des fans aux h\u00e9ros actuels de la Juventus. En s&#8217;appuyant sur les designs de base, les Base Card Autographs, les Vintage Lady Autographs et les Bona Fide Baller Autographs viendront compl\u00e9ter le set de cette ann\u00e9e. D\u00e9couvrez les authentiques maillots Match-Worn et Player-Worn des stars de la Juventus avec les Vintage Lady Relics et rapprochez-vous de vos idoles qui ont port\u00e9 le c\u00e9l\u00e8bre maillot Le Zebre.  <\/p>\n<p>Aurez-vous la chance de tirer au sort un autographe et une relique sur la m\u00eame carte ? Les spectaculaires Reliques autographes One-of-One My Club \u00e0 bordure dor\u00e9e rendent ce r\u00eave de collectionneur possible. <\/p>\n<p><strong data-redactor-tag=\"strong\">Contenu :<\/strong><\/p>\n<ul>\n<li>6 Boosters par Booster Box<\/li>\n<li>5 cartes par Booster<\/li>\n<\/ul>\n","protected":false},"excerpt":{"rendered":"<p>Topps\u00ae Juventus Team Set 2024\/25 Le Team Set de la Juventus revient en 2024\/25 avec un nouveau look et une<\/p>\n","protected":false},"featured_media":297055,"comment_status":"open","ping_status":"closed","template":"","meta":{"_acf_changed":false},"product_brand":[5130],"product_cat":[9785,10323,9797,10327],"product_tag":[],"class_list":{"0":"post-307925","1":"product","2":"type-product","3":"status-publish","4":"has-post-thumbnail","6":"product_brand-topps","7":"product_cat-autres-cartes-a-collectionner","8":"product_cat-cartes-sportives-topps","9":"product_cat-cartes-topps","10":"product_cat-topps-football","12":"first","13":"outofstock","14":"taxable","15":"shipping-taxable","16":"purchasable","17":"product-type-simple"},"acf":[],"yoast_head":"<!-- This site is optimized with the Yoast SEO plugin v27.4 - https:\/\/yoast.com\/product\/yoast-seo-wordpress\/ -->\n<title>Ach\u00e8te Topps - Juventus Turin Team Set 2024\/2025<\/title>\n<meta name=\"description\" content=\"Ach\u00e8te Topps - Juventus Turin Team Set 2024\/2025 en ligne maintenant \u00e0 petit prix! Ton #1 shop pour cartes TCG &amp; Pok\u00e9mon en Suisse \u2713 Livraison gratuite d\u00e8s CHF 29\" \/>\n<meta name=\"robots\" content=\"index, follow, max-snippet:-1, max-image-preview:large, max-video-preview:-1\" \/>\n<link rel=\"canonical\" href=\"https:\/\/theuncommonshop.ch\/fr\/product\/topps-juventus-turin-team-set-2024-2025-2\/\" \/>\n<meta property=\"og:locale\" content=\"fr_FR\" \/>\n<meta property=\"og:type\" content=\"article\" \/>\n<meta property=\"og:title\" content=\"Ach\u00e8te Topps - Juventus Turin Team Set 2024\/2025\" \/>\n<meta property=\"og:description\" content=\"Ach\u00e8te Topps - Juventus Turin Team Set 2024\/2025 en ligne maintenant \u00e0 petit prix! Ton #1 shop pour cartes TCG &amp; Pok\u00e9mon en Suisse \u2713 Livraison gratuite d\u00e8s CHF 29\" \/>\n<meta property=\"og:url\" content=\"https:\/\/theuncommonshop.ch\/fr\/product\/topps-juventus-turin-team-set-2024-2025-2\/\" \/>\n<meta property=\"og:site_name\" content=\"Largest trading card shop in Switzerland\" \/>\n<meta property=\"article:modified_time\" content=\"2026-03-26T12:10:41+00:00\" \/>\n<meta property=\"og:image\" content=\"https:\/\/theuncommonshop.ch\/wp-content\/uploads\/2026\/01\/JUVE1.jpg\" \/>\n\t<meta property=\"og:image:width\" content=\"634\" \/>\n\t<meta property=\"og:image:height\" content=\"577\" \/>\n\t<meta property=\"og:image:type\" content=\"image\/jpeg\" \/>\n<meta name=\"twitter:card\" content=\"summary_large_image\" \/>\n<meta name=\"twitter:label1\" content=\"Prix\" \/>\n\t<meta name=\"twitter:data1\" content=\"&#067;&#072;&#070;&nbsp;109.95\" \/>\n\t<meta name=\"twitter:label2\" content=\"Disponibilit\u00e9\" \/>\n\t<meta name=\"twitter:data2\" content=\"Rupture de stock\" \/>\n<script type=\"application\/ld+json\" class=\"yoast-schema-graph\">{\"@context\":\"https:\\\/\\\/schema.org\",\"@graph\":[{\"@type\":\"WebPage\",\"@id\":\"https:\\\/\\\/theuncommonshop.ch\\\/fr\\\/product\\\/topps-juventus-turin-team-set-2024-2025-2\\\/\",\"url\":\"https:\\\/\\\/theuncommonshop.ch\\\/fr\\\/product\\\/topps-juventus-turin-team-set-2024-2025-2\\\/\",\"name\":\"Ach\u00e8te Topps - Juventus Turin Team Set 2024\\\/2025\",\"isPartOf\":{\"@id\":\"https:\\\/\\\/theuncommonshop.ch\\\/#website\"},\"primaryImageOfPage\":{\"@id\":\"https:\\\/\\\/theuncommonshop.ch\\\/fr\\\/product\\\/topps-juventus-turin-team-set-2024-2025-2\\\/#primaryimage\"},\"image\":{\"@id\":\"https:\\\/\\\/theuncommonshop.ch\\\/fr\\\/product\\\/topps-juventus-turin-team-set-2024-2025-2\\\/#primaryimage\"},\"thumbnailUrl\":\"https:\\\/\\\/theuncommonshop.ch\\\/wp-content\\\/uploads\\\/2026\\\/01\\\/JUVE1.jpg\",\"datePublished\":\"2026-01-27T17:49:39+00:00\",\"dateModified\":\"2026-03-26T12:10:41+00:00\",\"description\":\"Ach\u00e8te Topps - Juventus Turin Team Set 2024\\\/2025 en ligne maintenant \u00e0 petit prix! Ton #1 shop pour cartes TCG & Pok\u00e9mon en Suisse \u2713 Livraison gratuite d\u00e8s CHF 29\",\"breadcrumb\":{\"@id\":\"https:\\\/\\\/theuncommonshop.ch\\\/fr\\\/product\\\/topps-juventus-turin-team-set-2024-2025-2\\\/#breadcrumb\"},\"inLanguage\":\"fr-FR\",\"potentialAction\":[{\"@type\":\"ReadAction\",\"target\":[\"https:\\\/\\\/theuncommonshop.ch\\\/fr\\\/product\\\/topps-juventus-turin-team-set-2024-2025-2\\\/\"]}]},{\"@type\":\"ImageObject\",\"inLanguage\":\"fr-FR\",\"@id\":\"https:\\\/\\\/theuncommonshop.ch\\\/fr\\\/product\\\/topps-juventus-turin-team-set-2024-2025-2\\\/#primaryimage\",\"url\":\"https:\\\/\\\/theuncommonshop.ch\\\/wp-content\\\/uploads\\\/2026\\\/01\\\/JUVE1.jpg\",\"contentUrl\":\"https:\\\/\\\/theuncommonshop.ch\\\/wp-content\\\/uploads\\\/2026\\\/01\\\/JUVE1.jpg\",\"width\":634,\"height\":577},{\"@type\":\"BreadcrumbList\",\"@id\":\"https:\\\/\\\/theuncommonshop.ch\\\/fr\\\/product\\\/topps-juventus-turin-team-set-2024-2025-2\\\/#breadcrumb\",\"itemListElement\":[{\"@type\":\"ListItem\",\"position\":1,\"name\":\"Accueil\",\"item\":\"https:\\\/\\\/theuncommonshop.ch\\\/fr\\\/accueil\\\/\"},{\"@type\":\"ListItem\",\"position\":2,\"name\":\"Boutique\",\"item\":\"https:\\\/\\\/theuncommonshop.ch\\\/fr\\\/boutique\\\/\"},{\"@type\":\"ListItem\",\"position\":3,\"name\":\"Autres cartes \u00e0 collectionner\",\"item\":\"https:\\\/\\\/theuncommonshop.ch\\\/fr\\\/categorie-produit\\\/autres-cartes-a-collectionner\\\/\"},{\"@type\":\"ListItem\",\"position\":4,\"name\":\"Cartes Topps\",\"item\":\"https:\\\/\\\/theuncommonshop.ch\\\/fr\\\/categorie-produit\\\/autres-cartes-a-collectionner\\\/cartes-topps\\\/\"},{\"@type\":\"ListItem\",\"position\":5,\"name\":\"Cartes sportives Topps\",\"item\":\"https:\\\/\\\/theuncommonshop.ch\\\/fr\\\/categorie-produit\\\/autres-cartes-a-collectionner\\\/cartes-topps\\\/cartes-sportives-topps\\\/\"},{\"@type\":\"ListItem\",\"position\":6,\"name\":\"Topps Football\",\"item\":\"https:\\\/\\\/theuncommonshop.ch\\\/fr\\\/categorie-produit\\\/autres-cartes-a-collectionner\\\/cartes-topps\\\/cartes-sportives-topps\\\/topps-football\\\/\"},{\"@type\":\"ListItem\",\"position\":7,\"name\":\"Topps &#8211; Juventus Turin Team Set 2024\\\/2025\"}]},{\"@type\":\"WebSite\",\"@id\":\"https:\\\/\\\/theuncommonshop.ch\\\/#website\",\"url\":\"https:\\\/\\\/theuncommonshop.ch\\\/\",\"name\":\"Largest trading card shop in Switzerland\",\"description\":\"Magic, Pok\u00e9mon and Yu-gi-oh - The Uncommon Shop\",\"potentialAction\":[{\"@type\":\"SearchAction\",\"target\":{\"@type\":\"EntryPoint\",\"urlTemplate\":\"https:\\\/\\\/theuncommonshop.ch\\\/?s={search_term_string}\"},\"query-input\":{\"@type\":\"PropertyValueSpecification\",\"valueRequired\":true,\"valueName\":\"search_term_string\"}}],\"inLanguage\":\"fr-FR\"}]}<\/script>\n<meta property=\"product:price:amount\" content=\"109.95\" \/>\n<meta property=\"product:price:currency\" content=\"CHF\" \/>\n<meta property=\"og:availability\" content=\"out of stock\" \/>\n<meta property=\"product:availability\" content=\"out of stock\" \/>\n<meta property=\"product:retailer_item_id\" content=\"AL.SHOPJuveTurin\" \/>\n<meta property=\"product:condition\" content=\"new\" \/>\n<!-- \/ Yoast SEO plugin. -->","yoast_head_json":{"title":"Ach\u00e8te Topps - Juventus Turin Team Set 2024\/2025","description":"Ach\u00e8te Topps - Juventus Turin Team Set 2024\/2025 en ligne maintenant \u00e0 petit prix! Ton #1 shop pour cartes TCG & Pok\u00e9mon en Suisse \u2713 Livraison gratuite d\u00e8s CHF 29","robots":{"index":"index","follow":"follow","max-snippet":"max-snippet:-1","max-image-preview":"max-image-preview:large","max-video-preview":"max-video-preview:-1"},"canonical":"https:\/\/theuncommonshop.ch\/fr\/product\/topps-juventus-turin-team-set-2024-2025-2\/","og_locale":"fr_FR","og_type":"article","og_title":"Ach\u00e8te Topps - Juventus Turin Team Set 2024\/2025","og_description":"Ach\u00e8te Topps - Juventus Turin Team Set 2024\/2025 en ligne maintenant \u00e0 petit prix! Ton #1 shop pour cartes TCG & Pok\u00e9mon en Suisse \u2713 Livraison gratuite d\u00e8s CHF 29","og_url":"https:\/\/theuncommonshop.ch\/fr\/product\/topps-juventus-turin-team-set-2024-2025-2\/","og_site_name":"Largest trading card shop in Switzerland","article_modified_time":"2026-03-26T12:10:41+00:00","og_image":[{"width":634,"height":577,"url":"https:\/\/theuncommonshop.ch\/wp-content\/uploads\/2026\/01\/JUVE1.jpg","type":"image\/jpeg"}],"twitter_card":"summary_large_image","twitter_misc":{"Prix":"&#67;&#72;&#70;&nbsp;109.95","Disponibilit\u00e9":"Rupture de stock"},"schema":{"@context":"https:\/\/schema.org","@graph":[{"@type":"WebPage","@id":"https:\/\/theuncommonshop.ch\/fr\/product\/topps-juventus-turin-team-set-2024-2025-2\/","url":"https:\/\/theuncommonshop.ch\/fr\/product\/topps-juventus-turin-team-set-2024-2025-2\/","name":"Ach\u00e8te Topps - Juventus Turin Team Set 2024\/2025","isPartOf":{"@id":"https:\/\/theuncommonshop.ch\/#website"},"primaryImageOfPage":{"@id":"https:\/\/theuncommonshop.ch\/fr\/product\/topps-juventus-turin-team-set-2024-2025-2\/#primaryimage"},"image":{"@id":"https:\/\/theuncommonshop.ch\/fr\/product\/topps-juventus-turin-team-set-2024-2025-2\/#primaryimage"},"thumbnailUrl":"https:\/\/theuncommonshop.ch\/wp-content\/uploads\/2026\/01\/JUVE1.jpg","datePublished":"2026-01-27T17:49:39+00:00","dateModified":"2026-03-26T12:10:41+00:00","description":"Ach\u00e8te Topps - Juventus Turin Team Set 2024\/2025 en ligne maintenant \u00e0 petit prix! Ton #1 shop pour cartes TCG & Pok\u00e9mon en Suisse \u2713 Livraison gratuite d\u00e8s CHF 29","breadcrumb":{"@id":"https:\/\/theuncommonshop.ch\/fr\/product\/topps-juventus-turin-team-set-2024-2025-2\/#breadcrumb"},"inLanguage":"fr-FR","potentialAction":[{"@type":"ReadAction","target":["https:\/\/theuncommonshop.ch\/fr\/product\/topps-juventus-turin-team-set-2024-2025-2\/"]}]},{"@type":"ImageObject","inLanguage":"fr-FR","@id":"https:\/\/theuncommonshop.ch\/fr\/product\/topps-juventus-turin-team-set-2024-2025-2\/#primaryimage","url":"https:\/\/theuncommonshop.ch\/wp-content\/uploads\/2026\/01\/JUVE1.jpg","contentUrl":"https:\/\/theuncommonshop.ch\/wp-content\/uploads\/2026\/01\/JUVE1.jpg","width":634,"height":577},{"@type":"BreadcrumbList","@id":"https:\/\/theuncommonshop.ch\/fr\/product\/topps-juventus-turin-team-set-2024-2025-2\/#breadcrumb","itemListElement":[{"@type":"ListItem","position":1,"name":"Accueil","item":"https:\/\/theuncommonshop.ch\/fr\/accueil\/"},{"@type":"ListItem","position":2,"name":"Boutique","item":"https:\/\/theuncommonshop.ch\/fr\/boutique\/"},{"@type":"ListItem","position":3,"name":"Autres cartes \u00e0 collectionner","item":"https:\/\/theuncommonshop.ch\/fr\/categorie-produit\/autres-cartes-a-collectionner\/"},{"@type":"ListItem","position":4,"name":"Cartes Topps","item":"https:\/\/theuncommonshop.ch\/fr\/categorie-produit\/autres-cartes-a-collectionner\/cartes-topps\/"},{"@type":"ListItem","position":5,"name":"Cartes sportives Topps","item":"https:\/\/theuncommonshop.ch\/fr\/categorie-produit\/autres-cartes-a-collectionner\/cartes-topps\/cartes-sportives-topps\/"},{"@type":"ListItem","position":6,"name":"Topps Football","item":"https:\/\/theuncommonshop.ch\/fr\/categorie-produit\/autres-cartes-a-collectionner\/cartes-topps\/cartes-sportives-topps\/topps-football\/"},{"@type":"ListItem","position":7,"name":"Topps &#8211; Juventus Turin Team Set 2024\/2025"}]},{"@type":"WebSite","@id":"https:\/\/theuncommonshop.ch\/#website","url":"https:\/\/theuncommonshop.ch\/","name":"Largest trading card shop in Switzerland","description":"Magic, Pok\u00e9mon and Yu-gi-oh - The Uncommon Shop","potentialAction":[{"@type":"SearchAction","target":{"@type":"EntryPoint","urlTemplate":"https:\/\/theuncommonshop.ch\/?s={search_term_string}"},"query-input":{"@type":"PropertyValueSpecification","valueRequired":true,"valueName":"search_term_string"}}],"inLanguage":"fr-FR"}]},"product_price_amount":"109.95","product_price_currency":"CHF","og_availability":"out of stock","product_availability":"out of stock","product_retailer_item_id":"AL.SHOPJuveTurin","product_condition":"new"},"_links":{"self":[{"href":"https:\/\/theuncommonshop.ch\/fr\/wp-json\/wp\/v2\/product\/307925","targetHints":{"allow":["GET"]}}],"collection":[{"href":"https:\/\/theuncommonshop.ch\/fr\/wp-json\/wp\/v2\/product"}],"about":[{"href":"https:\/\/theuncommonshop.ch\/fr\/wp-json\/wp\/v2\/types\/product"}],"replies":[{"embeddable":true,"href":"https:\/\/theuncommonshop.ch\/fr\/wp-json\/wp\/v2\/comments?post=307925"}],"version-history":[{"count":1,"href":"https:\/\/theuncommonshop.ch\/fr\/wp-json\/wp\/v2\/product\/307925\/revisions"}],"predecessor-version":[{"id":307934,"href":"https:\/\/theuncommonshop.ch\/fr\/wp-json\/wp\/v2\/product\/307925\/revisions\/307934"}],"wp:featuredmedia":[{"embeddable":true,"href":"https:\/\/theuncommonshop.ch\/fr\/wp-json\/wp\/v2\/media\/297055"}],"wp:attachment":[{"href":"https:\/\/theuncommonshop.ch\/fr\/wp-json\/wp\/v2\/media?parent=307925"}],"wp:term":[{"taxonomy":"product_brand","embeddable":true,"href":"https:\/\/theuncommonshop.ch\/fr\/wp-json\/wp\/v2\/product_brand?post=307925"},{"taxonomy":"product_cat","embeddable":true,"href":"https:\/\/theuncommonshop.ch\/fr\/wp-json\/wp\/v2\/product_cat?post=307925"},{"taxonomy":"product_tag","embeddable":true,"href":"https:\/\/theuncommonshop.ch\/fr\/wp-json\/wp\/v2\/product_tag?post=307925"}],"curies":[{"name":"wp","href":"https:\/\/api.w.org\/{rel}","templated":true}]}}