{"id":307905,"date":"2026-01-27T16:52:46","date_gmt":"2026-01-27T15:52:46","guid":{"rendered":"http:\/\/theuncommonshop.ch\/produkt\/307905\/"},"modified":"2026-03-26T13:10:29","modified_gmt":"2026-03-26T12:10:29","slug":"topps-manchester-united-team-set-2024-2025-2","status":"publish","type":"product","link":"https:\/\/theuncommonshop.ch\/fr\/product\/topps-manchester-united-team-set-2024-2025-2\/","title":{"rendered":"Topps &#8211; Manchester United Team Set 2024\/2025"},"content":{"rendered":"<p><strong data-redactor-tag=\"strong\">Topps\u00ae Manchester United Team Set 2024\/25<\/strong><\/p>\n<p>Topps a le plaisir d&#8217;annoncer le premier Team Set de Manchester United pour la saison 2024\/25.<\/p>\n<p>Pr\u00e9parez-vous \u00e0 d\u00e9couvrir de tout nouveaux sous-ensembles et des designs de cartes passionnants dans la Collection 2024\/25 &#8211; un ensemble incroyable pour les h\u00e9ros de Manchester United, hommes et femmes, du pass\u00e9 et du pr\u00e9sent. Commencez par le set de base en d\u00e9chirant les First Team Cards, qui repr\u00e9sentent les stars des Red Devils, puis plongez dans les Consequential Cards pour revivre certains des buts de victoire les plus m\u00e9morables ou des buts les plus spectaculaires sous le maillot de United. <\/p>\n<p>R\u00eavez grand avec les cartes Theatre of Dreams, qui mettent en lumi\u00e8re certaines des plus grandes l\u00e9gendes de United, et rencontrez de v\u00e9ritables talents exceptionnels du club avec les cartes Bona Fide Baller. Les rares inserts Pathway, pr\u00e9sents dans une bo\u00eete sur deux, rendent hommage aux l\u00e9gendes de longue date de Manchester United. Les cartes Born &amp; Bred, v\u00e9ritables pi\u00e8ces uniques, mettent en avant les joueurs issus de l&#8217;acad\u00e9mie de United ou qui sont rest\u00e9s fid\u00e8les au club pendant des ann\u00e9es. Elles sont pr\u00e9sentes une fois par bo\u00eete et rendent la chasse dans le premier Box Set de Manchester United particuli\u00e8rement passionnante.   <\/p>\n<p>La carte Rainbow Flick-Box, un hit \u00e9ternel, met en sc\u00e8ne les joueurs de l&#8217;\u00e9quipe premi\u00e8re actuelle et de nombreuses l\u00e9gendes du club. Suivez les nouvelles cartes d&#8217;autographes de cette saison dans le Team Set de Manchester United. Les designs Consequential et Bona Fide Baller sont mis en valeur par les signatures de joueurs populaires &#8211; en tant que Consequential Autographs et Bona Fide Baller Autographs.  <\/p>\n<p>En plus des Consequential Autographs, le Team Set 2024\/25 contient \u00e9galement des Consequential Relics &#8211; et vous rapproche plus que jamais des stars de United, pass\u00e9es et pr\u00e9sentes. Dans des bo\u00eetes porte-bonheur, vous trouverez les spectaculaires Devils in Glory Autograph Relics encadr\u00e9es d&#8217;or &#8211; des pi\u00e8ces uniques qui combinent les autographes et les reliques des h\u00e9ros d&#8217;aujourd&#8217;hui et des l\u00e9gendes du club. <\/p>\n<p><strong data-redactor-tag=\"strong\">Contenu :<\/strong><\/p>\n<ul>\n<li>6 Boosters par Booster Box<\/li>\n<li>5 cartes par Booster<\/li>\n<\/ul>\n","protected":false},"excerpt":{"rendered":"<p>Topps\u00ae Manchester United Team Set 2024\/25 Topps a le plaisir d&#8217;annoncer le premier Team Set de Manchester United pour la<\/p>\n","protected":false},"featured_media":297044,"comment_status":"open","ping_status":"closed","template":"","meta":{"_acf_changed":false},"product_brand":[5130],"product_cat":[9785,10323,9797,10327],"product_tag":[],"class_list":{"0":"post-307905","1":"product","2":"type-product","3":"status-publish","4":"has-post-thumbnail","6":"product_brand-topps","7":"product_cat-autres-cartes-a-collectionner","8":"product_cat-cartes-sportives-topps","9":"product_cat-cartes-topps","10":"product_cat-topps-football","12":"first","13":"outofstock","14":"taxable","15":"shipping-taxable","16":"purchasable","17":"product-type-variable"},"acf":[],"yoast_head":"<!-- This site is optimized with the Yoast SEO plugin v27.4 - https:\/\/yoast.com\/product\/yoast-seo-wordpress\/ -->\n<title>Ach\u00e8te Topps - Manchester United Team Set 2024\/2025<\/title>\n<meta name=\"description\" content=\"Ach\u00e8te Topps - Manchester United Team Set 2024\/2025 en ligne maintenant \u00e0 petit prix! Ton #1 shop pour cartes TCG &amp; Pok\u00e9mon en Suisse \u2713 Livraison gratuite d\u00e8s CHF 29\" \/>\n<meta name=\"robots\" content=\"index, follow, max-snippet:-1, max-image-preview:large, max-video-preview:-1\" \/>\n<link rel=\"canonical\" href=\"https:\/\/theuncommonshop.ch\/fr\/product\/topps-manchester-united-team-set-2024-2025-2\/\" \/>\n<meta property=\"og:locale\" content=\"fr_FR\" \/>\n<meta property=\"og:type\" content=\"article\" \/>\n<meta property=\"og:title\" content=\"Ach\u00e8te Topps - Manchester United Team Set 2024\/2025\" \/>\n<meta property=\"og:description\" content=\"Ach\u00e8te Topps - Manchester United Team Set 2024\/2025 en ligne maintenant \u00e0 petit prix! Ton #1 shop pour cartes TCG &amp; Pok\u00e9mon en Suisse \u2713 Livraison gratuite d\u00e8s CHF 29\" \/>\n<meta property=\"og:url\" content=\"https:\/\/theuncommonshop.ch\/fr\/product\/topps-manchester-united-team-set-2024-2025-2\/\" \/>\n<meta property=\"og:site_name\" content=\"Largest trading card shop in Switzerland\" \/>\n<meta property=\"article:modified_time\" content=\"2026-03-26T12:10:29+00:00\" \/>\n<meta property=\"og:image\" content=\"https:\/\/theuncommonshop.ch\/wp-content\/uploads\/2026\/01\/MANU1.jpg\" \/>\n\t<meta property=\"og:image:width\" content=\"795\" \/>\n\t<meta property=\"og:image:height\" content=\"781\" \/>\n\t<meta property=\"og:image:type\" content=\"image\/jpeg\" \/>\n<meta name=\"twitter:card\" content=\"summary_large_image\" \/>\n<meta name=\"twitter:label1\" content=\"Disponibilit\u00e9\" \/>\n\t<meta name=\"twitter:data1\" content=\"Rupture de stock\" \/>\n<script type=\"application\/ld+json\" class=\"yoast-schema-graph\">{\"@context\":\"https:\\\/\\\/schema.org\",\"@graph\":[{\"@type\":\"WebPage\",\"@id\":\"https:\\\/\\\/theuncommonshop.ch\\\/fr\\\/product\\\/topps-manchester-united-team-set-2024-2025-2\\\/\",\"url\":\"https:\\\/\\\/theuncommonshop.ch\\\/fr\\\/product\\\/topps-manchester-united-team-set-2024-2025-2\\\/\",\"name\":\"Ach\u00e8te Topps - Manchester United Team Set 2024\\\/2025\",\"isPartOf\":{\"@id\":\"https:\\\/\\\/theuncommonshop.ch\\\/#website\"},\"primaryImageOfPage\":{\"@id\":\"https:\\\/\\\/theuncommonshop.ch\\\/fr\\\/product\\\/topps-manchester-united-team-set-2024-2025-2\\\/#primaryimage\"},\"image\":{\"@id\":\"https:\\\/\\\/theuncommonshop.ch\\\/fr\\\/product\\\/topps-manchester-united-team-set-2024-2025-2\\\/#primaryimage\"},\"thumbnailUrl\":\"https:\\\/\\\/theuncommonshop.ch\\\/wp-content\\\/uploads\\\/2026\\\/01\\\/MANU1.jpg\",\"datePublished\":\"2026-01-27T15:52:46+00:00\",\"dateModified\":\"2026-03-26T12:10:29+00:00\",\"description\":\"Ach\u00e8te Topps - Manchester United Team Set 2024\\\/2025 en ligne maintenant \u00e0 petit prix! Ton #1 shop pour cartes TCG & Pok\u00e9mon en Suisse \u2713 Livraison gratuite d\u00e8s CHF 29\",\"breadcrumb\":{\"@id\":\"https:\\\/\\\/theuncommonshop.ch\\\/fr\\\/product\\\/topps-manchester-united-team-set-2024-2025-2\\\/#breadcrumb\"},\"inLanguage\":\"fr-FR\",\"potentialAction\":[{\"@type\":\"ReadAction\",\"target\":[\"https:\\\/\\\/theuncommonshop.ch\\\/fr\\\/product\\\/topps-manchester-united-team-set-2024-2025-2\\\/\"]}]},{\"@type\":\"ImageObject\",\"inLanguage\":\"fr-FR\",\"@id\":\"https:\\\/\\\/theuncommonshop.ch\\\/fr\\\/product\\\/topps-manchester-united-team-set-2024-2025-2\\\/#primaryimage\",\"url\":\"https:\\\/\\\/theuncommonshop.ch\\\/wp-content\\\/uploads\\\/2026\\\/01\\\/MANU1.jpg\",\"contentUrl\":\"https:\\\/\\\/theuncommonshop.ch\\\/wp-content\\\/uploads\\\/2026\\\/01\\\/MANU1.jpg\",\"width\":795,\"height\":781},{\"@type\":\"BreadcrumbList\",\"@id\":\"https:\\\/\\\/theuncommonshop.ch\\\/fr\\\/product\\\/topps-manchester-united-team-set-2024-2025-2\\\/#breadcrumb\",\"itemListElement\":[{\"@type\":\"ListItem\",\"position\":1,\"name\":\"Accueil\",\"item\":\"https:\\\/\\\/theuncommonshop.ch\\\/fr\\\/accueil\\\/\"},{\"@type\":\"ListItem\",\"position\":2,\"name\":\"Boutique\",\"item\":\"https:\\\/\\\/theuncommonshop.ch\\\/fr\\\/boutique\\\/\"},{\"@type\":\"ListItem\",\"position\":3,\"name\":\"Autres cartes \u00e0 collectionner\",\"item\":\"https:\\\/\\\/theuncommonshop.ch\\\/fr\\\/categorie-produit\\\/autres-cartes-a-collectionner\\\/\"},{\"@type\":\"ListItem\",\"position\":4,\"name\":\"Cartes Topps\",\"item\":\"https:\\\/\\\/theuncommonshop.ch\\\/fr\\\/categorie-produit\\\/autres-cartes-a-collectionner\\\/cartes-topps\\\/\"},{\"@type\":\"ListItem\",\"position\":5,\"name\":\"Cartes sportives Topps\",\"item\":\"https:\\\/\\\/theuncommonshop.ch\\\/fr\\\/categorie-produit\\\/autres-cartes-a-collectionner\\\/cartes-topps\\\/cartes-sportives-topps\\\/\"},{\"@type\":\"ListItem\",\"position\":6,\"name\":\"Topps Football\",\"item\":\"https:\\\/\\\/theuncommonshop.ch\\\/fr\\\/categorie-produit\\\/autres-cartes-a-collectionner\\\/cartes-topps\\\/cartes-sportives-topps\\\/topps-football\\\/\"},{\"@type\":\"ListItem\",\"position\":7,\"name\":\"Topps &#8211; Manchester United Team Set 2024\\\/2025\"}]},{\"@type\":\"WebSite\",\"@id\":\"https:\\\/\\\/theuncommonshop.ch\\\/#website\",\"url\":\"https:\\\/\\\/theuncommonshop.ch\\\/\",\"name\":\"Largest trading card shop in Switzerland\",\"description\":\"Magic, Pok\u00e9mon and Yu-gi-oh - The Uncommon Shop\",\"potentialAction\":[{\"@type\":\"SearchAction\",\"target\":{\"@type\":\"EntryPoint\",\"urlTemplate\":\"https:\\\/\\\/theuncommonshop.ch\\\/?s={search_term_string}\"},\"query-input\":{\"@type\":\"PropertyValueSpecification\",\"valueRequired\":true,\"valueName\":\"search_term_string\"}}],\"inLanguage\":\"fr-FR\"}]}<\/script>\n<meta property=\"og:availability\" content=\"out of stock\" \/>\n<meta property=\"product:availability\" content=\"out of stock\" \/>\n<meta property=\"product:retailer_item_id\" content=\"AL.SHOPManchesterUnite\" \/>\n<meta property=\"product:condition\" content=\"new\" \/>\n<!-- \/ Yoast SEO plugin. -->","yoast_head_json":{"title":"Ach\u00e8te Topps - Manchester United Team Set 2024\/2025","description":"Ach\u00e8te Topps - Manchester United Team Set 2024\/2025 en ligne maintenant \u00e0 petit prix! Ton #1 shop pour cartes TCG & Pok\u00e9mon en Suisse \u2713 Livraison gratuite d\u00e8s CHF 29","robots":{"index":"index","follow":"follow","max-snippet":"max-snippet:-1","max-image-preview":"max-image-preview:large","max-video-preview":"max-video-preview:-1"},"canonical":"https:\/\/theuncommonshop.ch\/fr\/product\/topps-manchester-united-team-set-2024-2025-2\/","og_locale":"fr_FR","og_type":"article","og_title":"Ach\u00e8te Topps - Manchester United Team Set 2024\/2025","og_description":"Ach\u00e8te Topps - Manchester United Team Set 2024\/2025 en ligne maintenant \u00e0 petit prix! Ton #1 shop pour cartes TCG & Pok\u00e9mon en Suisse \u2713 Livraison gratuite d\u00e8s CHF 29","og_url":"https:\/\/theuncommonshop.ch\/fr\/product\/topps-manchester-united-team-set-2024-2025-2\/","og_site_name":"Largest trading card shop in Switzerland","article_modified_time":"2026-03-26T12:10:29+00:00","og_image":[{"width":795,"height":781,"url":"https:\/\/theuncommonshop.ch\/wp-content\/uploads\/2026\/01\/MANU1.jpg","type":"image\/jpeg"}],"twitter_card":"summary_large_image","twitter_misc":{"Disponibilit\u00e9":"Rupture de stock"},"schema":{"@context":"https:\/\/schema.org","@graph":[{"@type":"WebPage","@id":"https:\/\/theuncommonshop.ch\/fr\/product\/topps-manchester-united-team-set-2024-2025-2\/","url":"https:\/\/theuncommonshop.ch\/fr\/product\/topps-manchester-united-team-set-2024-2025-2\/","name":"Ach\u00e8te Topps - Manchester United Team Set 2024\/2025","isPartOf":{"@id":"https:\/\/theuncommonshop.ch\/#website"},"primaryImageOfPage":{"@id":"https:\/\/theuncommonshop.ch\/fr\/product\/topps-manchester-united-team-set-2024-2025-2\/#primaryimage"},"image":{"@id":"https:\/\/theuncommonshop.ch\/fr\/product\/topps-manchester-united-team-set-2024-2025-2\/#primaryimage"},"thumbnailUrl":"https:\/\/theuncommonshop.ch\/wp-content\/uploads\/2026\/01\/MANU1.jpg","datePublished":"2026-01-27T15:52:46+00:00","dateModified":"2026-03-26T12:10:29+00:00","description":"Ach\u00e8te Topps - Manchester United Team Set 2024\/2025 en ligne maintenant \u00e0 petit prix! Ton #1 shop pour cartes TCG & Pok\u00e9mon en Suisse \u2713 Livraison gratuite d\u00e8s CHF 29","breadcrumb":{"@id":"https:\/\/theuncommonshop.ch\/fr\/product\/topps-manchester-united-team-set-2024-2025-2\/#breadcrumb"},"inLanguage":"fr-FR","potentialAction":[{"@type":"ReadAction","target":["https:\/\/theuncommonshop.ch\/fr\/product\/topps-manchester-united-team-set-2024-2025-2\/"]}]},{"@type":"ImageObject","inLanguage":"fr-FR","@id":"https:\/\/theuncommonshop.ch\/fr\/product\/topps-manchester-united-team-set-2024-2025-2\/#primaryimage","url":"https:\/\/theuncommonshop.ch\/wp-content\/uploads\/2026\/01\/MANU1.jpg","contentUrl":"https:\/\/theuncommonshop.ch\/wp-content\/uploads\/2026\/01\/MANU1.jpg","width":795,"height":781},{"@type":"BreadcrumbList","@id":"https:\/\/theuncommonshop.ch\/fr\/product\/topps-manchester-united-team-set-2024-2025-2\/#breadcrumb","itemListElement":[{"@type":"ListItem","position":1,"name":"Accueil","item":"https:\/\/theuncommonshop.ch\/fr\/accueil\/"},{"@type":"ListItem","position":2,"name":"Boutique","item":"https:\/\/theuncommonshop.ch\/fr\/boutique\/"},{"@type":"ListItem","position":3,"name":"Autres cartes \u00e0 collectionner","item":"https:\/\/theuncommonshop.ch\/fr\/categorie-produit\/autres-cartes-a-collectionner\/"},{"@type":"ListItem","position":4,"name":"Cartes Topps","item":"https:\/\/theuncommonshop.ch\/fr\/categorie-produit\/autres-cartes-a-collectionner\/cartes-topps\/"},{"@type":"ListItem","position":5,"name":"Cartes sportives Topps","item":"https:\/\/theuncommonshop.ch\/fr\/categorie-produit\/autres-cartes-a-collectionner\/cartes-topps\/cartes-sportives-topps\/"},{"@type":"ListItem","position":6,"name":"Topps Football","item":"https:\/\/theuncommonshop.ch\/fr\/categorie-produit\/autres-cartes-a-collectionner\/cartes-topps\/cartes-sportives-topps\/topps-football\/"},{"@type":"ListItem","position":7,"name":"Topps &#8211; Manchester United Team Set 2024\/2025"}]},{"@type":"WebSite","@id":"https:\/\/theuncommonshop.ch\/#website","url":"https:\/\/theuncommonshop.ch\/","name":"Largest trading card shop in Switzerland","description":"Magic, Pok\u00e9mon and Yu-gi-oh - The Uncommon Shop","potentialAction":[{"@type":"SearchAction","target":{"@type":"EntryPoint","urlTemplate":"https:\/\/theuncommonshop.ch\/?s={search_term_string}"},"query-input":{"@type":"PropertyValueSpecification","valueRequired":true,"valueName":"search_term_string"}}],"inLanguage":"fr-FR"}]},"og_availability":"out of stock","product_availability":"out of stock","product_retailer_item_id":"AL.SHOPManchesterUnite","product_condition":"new"},"_links":{"self":[{"href":"https:\/\/theuncommonshop.ch\/fr\/wp-json\/wp\/v2\/product\/307905","targetHints":{"allow":["GET"]}}],"collection":[{"href":"https:\/\/theuncommonshop.ch\/fr\/wp-json\/wp\/v2\/product"}],"about":[{"href":"https:\/\/theuncommonshop.ch\/fr\/wp-json\/wp\/v2\/types\/product"}],"replies":[{"embeddable":true,"href":"https:\/\/theuncommonshop.ch\/fr\/wp-json\/wp\/v2\/comments?post=307905"}],"version-history":[{"count":1,"href":"https:\/\/theuncommonshop.ch\/fr\/wp-json\/wp\/v2\/product\/307905\/revisions"}],"predecessor-version":[{"id":307912,"href":"https:\/\/theuncommonshop.ch\/fr\/wp-json\/wp\/v2\/product\/307905\/revisions\/307912"}],"wp:featuredmedia":[{"embeddable":true,"href":"https:\/\/theuncommonshop.ch\/fr\/wp-json\/wp\/v2\/media\/297044"}],"wp:attachment":[{"href":"https:\/\/theuncommonshop.ch\/fr\/wp-json\/wp\/v2\/media?parent=307905"}],"wp:term":[{"taxonomy":"product_brand","embeddable":true,"href":"https:\/\/theuncommonshop.ch\/fr\/wp-json\/wp\/v2\/product_brand?post=307905"},{"taxonomy":"product_cat","embeddable":true,"href":"https:\/\/theuncommonshop.ch\/fr\/wp-json\/wp\/v2\/product_cat?post=307905"},{"taxonomy":"product_tag","embeddable":true,"href":"https:\/\/theuncommonshop.ch\/fr\/wp-json\/wp\/v2\/product_tag?post=307905"}],"curies":[{"name":"wp","href":"https:\/\/api.w.org\/{rel}","templated":true}]}}