{"id":307532,"date":"2026-01-28T18:36:39","date_gmt":"2026-01-28T17:36:39","guid":{"rendered":"http:\/\/theuncommonshop.ch\/produkt\/307532\/"},"modified":"2026-03-08T16:45:26","modified_gmt":"2026-03-08T15:45:26","slug":"warhammer-age-of-sigmar-spearhead-nighthaunt-cursed-shacklehorde-2","status":"publish","type":"product","link":"https:\/\/theuncommonshop.ch\/fr\/product\/warhammer-age-of-sigmar-spearhead-nighthaunt-cursed-shacklehorde-2\/","title":{"rendered":"Warhammer Age of Sigmar &#8211; Spearhead: Nighthaunt \u2013 Cursed Shacklehorde"},"content":{"rendered":"<p>Lorsque les Nighthaunt se rassemblent pour la guerre, ils se regroupent dans des lieux de mort. D\u00e8s qu&#8217;ils per\u00e7oivent des \u00eatres vivants, ils se pr\u00e9cipitent sur eux en une horde qui avance rapidement. Les Shacklehordes sont invoqu\u00e9s autour d&#8217;un Spirit Torment et sont pouss\u00e9s \u00e0 capturer des Seels pour les tra\u00eener dans les royaumes sans lumi\u00e8re des Enfers.  <\/p>\n<p>Si votre objectif est d&#8217;augmenter les rangs des serviteurs de Nagash en r\u00e9coltant des \u00e2mes, cette bo\u00eete est le point de d\u00e9part id\u00e9al pour une nouvelle collection de Nighthaunt &#8211; ou l&#8217;extension d&#8217;une arm\u00e9e existante &#8211; et vous permet d&#8217;\u00e9conomiser de l&#8217;argent par rapport \u00e0 l&#8217;achat des kits individuels. La force est rassembl\u00e9e autour d&#8217;un Spirit Torment prot\u00e9g\u00e9 par deux Chainghasts. Les Bladegheist Revenants et les Dreadscythe Harridans se r\u00e9pandent en masse sur l&#8217;ennemi et s&#8217;emparent d&#8217;objectifs importants. Deux Dreadblade Harrows rapides sur des montures \u00e9liminent les unit\u00e9s affaiblies, capturent les cibles non prot\u00e9g\u00e9es et fournissent un soutien l\u00e0 o\u00f9 il est n\u00e9cessaire. Ces miniatures forment une arm\u00e9e Spearhead compl\u00e8te, ce qui vous permet de vous lancer imm\u00e9diatement dans des parties tactiques passionnantes et de prendre votre revanche sur les vivants.    <\/p>\n<p>Ce Box Set contient 25 miniatures de Nighthaunt en plastique en plusieurs parties :<\/p>\n<p>&#8211; 1x tourment d&#8217;esprit<\/p>\n<p>&#8211; 2x Chainghasts<\/p>\n<p>&#8211; 2x Dreadblade Harrows<\/p>\n<p>&#8211; 10x haridelles Dreadscythe<\/p>\n<p>&#8211; 10x Bladegheist Revenants<\/p>\n<p>Les miniatures de cette bo\u00eete sont facilement personnalisables. Le Spirit Torment a trois t\u00eates au choix, et les Chainghasts ont quatre masques diff\u00e9rents au choix. Il y a \u00e9galement des d\u00e9tails cosm\u00e9tiques optionnels pour leurs socles, y compris des cha\u00eenes, des grilles et plus encore.  <\/p>\n<p>Les Harridans Dreadscythe contiennent des pi\u00e8ces pour construire un champion d&#8217;unit\u00e9 optionnel, et certaines miniatures ont diff\u00e9rentes options de bras pour varier les plaisirs.<\/p>\n<p>Les Revenants Bladegheist ont 10 visages interchangeables, ce qui vous permet de personnaliser encore plus vos horreurs fantomatiques.<\/p>\n<p>Le kit comprend 127 pi\u00e8ces en plastique, dont 2x bases ovales de 60 mm, 22x bases rondes de 32 mm et 1x base ronde de 40 mm.<\/p>\n<p>Ces miniatures doivent \u00eatre assembl\u00e9es et sont livr\u00e9es non peintes &#8211; nous vous recommandons d&#8217;utiliser de la colle \u00e0 plastique Citadel et de la peinture Citadel.<\/p>\n","protected":false},"excerpt":{"rendered":"<p>Lorsque les Nighthaunt se rassemblent pour la guerre, ils se regroupent dans des lieux de mort. D\u00e8s qu&#8217;ils per\u00e7oivent des<\/p>\n","protected":false},"featured_media":297391,"comment_status":"open","ping_status":"closed","template":"","meta":{"_acf_changed":false},"product_brand":[5078,5154],"product_cat":[9925,9929],"product_tag":[],"class_list":{"0":"post-307532","1":"product","2":"type-product","3":"status-publish","4":"has-post-thumbnail","6":"product_brand-games-workshop","7":"product_brand-warhammer","8":"product_cat-tabletop-fr","9":"product_cat-warhammer-age-of-sigmar-fr","11":"first","12":"instock","13":"sale","14":"taxable","15":"shipping-taxable","16":"purchasable","17":"product-type-simple"},"acf":[],"yoast_head":"<!-- This site is optimized with the Yoast SEO plugin v27.4 - https:\/\/yoast.com\/product\/yoast-seo-wordpress\/ -->\n<title>Ach\u00e8te Warhammer Age of Sigmar - Spearhead: Nighthaunt \u2013 Cursed Shacklehorde<\/title>\n<meta name=\"description\" content=\"Ach\u00e8te Warhammer Age of Sigmar - Spearhead: Nighthaunt \u2013 Cursed Shacklehorde en ligne maintenant \u00e0 petit prix! Ton #1 shop pour cartes TCG &amp; Pok\u00e9mon en Suisse \u2713 Livraison gratuite d\u00e8s CHF 29\" \/>\n<meta name=\"robots\" content=\"index, follow, max-snippet:-1, max-image-preview:large, max-video-preview:-1\" \/>\n<link rel=\"canonical\" href=\"https:\/\/theuncommonshop.ch\/fr\/product\/warhammer-age-of-sigmar-spearhead-nighthaunt-cursed-shacklehorde-2\/\" \/>\n<meta property=\"og:locale\" content=\"fr_FR\" \/>\n<meta property=\"og:type\" content=\"article\" \/>\n<meta property=\"og:title\" content=\"Ach\u00e8te Warhammer Age of Sigmar - Spearhead: Nighthaunt \u2013 Cursed Shacklehorde\" \/>\n<meta property=\"og:description\" content=\"Ach\u00e8te Warhammer Age of Sigmar - Spearhead: Nighthaunt \u2013 Cursed Shacklehorde en ligne maintenant \u00e0 petit prix! Ton #1 shop pour cartes TCG &amp; Pok\u00e9mon en Suisse \u2713 Livraison gratuite d\u00e8s CHF 29\" \/>\n<meta property=\"og:url\" content=\"https:\/\/theuncommonshop.ch\/fr\/product\/warhammer-age-of-sigmar-spearhead-nighthaunt-cursed-shacklehorde-2\/\" \/>\n<meta property=\"og:site_name\" content=\"The Uncommon Shop\" \/>\n<meta property=\"article:modified_time\" content=\"2026-03-08T15:45:26+00:00\" \/>\n<meta property=\"og:image\" content=\"https:\/\/theuncommonshop.ch\/wp-content\/uploads\/2026\/01\/SP1.jpg\" \/>\n\t<meta property=\"og:image:width\" content=\"918\" \/>\n\t<meta property=\"og:image:height\" content=\"948\" \/>\n\t<meta property=\"og:image:type\" content=\"image\/jpeg\" \/>\n<meta name=\"twitter:card\" content=\"summary_large_image\" \/>\n<meta name=\"twitter:label1\" content=\"Prix\" \/>\n\t<meta name=\"twitter:data1\" content=\"&#067;&#072;&#070;&nbsp;99.95\" \/>\n\t<meta name=\"twitter:label2\" content=\"Disponibilit\u00e9\" \/>\n\t<meta name=\"twitter:data2\" content=\"En stock\" \/>\n<script type=\"application\/ld+json\" class=\"yoast-schema-graph\">{\"@context\":\"https:\\\/\\\/schema.org\",\"@graph\":[{\"@type\":\"WebPage\",\"@id\":\"https:\\\/\\\/theuncommonshop.ch\\\/fr\\\/product\\\/warhammer-age-of-sigmar-spearhead-nighthaunt-cursed-shacklehorde-2\\\/\",\"url\":\"https:\\\/\\\/theuncommonshop.ch\\\/fr\\\/product\\\/warhammer-age-of-sigmar-spearhead-nighthaunt-cursed-shacklehorde-2\\\/\",\"name\":\"Ach\u00e8te Warhammer Age of Sigmar - Spearhead: Nighthaunt \u2013 Cursed Shacklehorde\",\"isPartOf\":{\"@id\":\"https:\\\/\\\/theuncommonshop.ch\\\/fr\\\/#website\"},\"primaryImageOfPage\":{\"@id\":\"https:\\\/\\\/theuncommonshop.ch\\\/fr\\\/product\\\/warhammer-age-of-sigmar-spearhead-nighthaunt-cursed-shacklehorde-2\\\/#primaryimage\"},\"image\":{\"@id\":\"https:\\\/\\\/theuncommonshop.ch\\\/fr\\\/product\\\/warhammer-age-of-sigmar-spearhead-nighthaunt-cursed-shacklehorde-2\\\/#primaryimage\"},\"thumbnailUrl\":\"https:\\\/\\\/theuncommonshop.ch\\\/wp-content\\\/uploads\\\/2026\\\/01\\\/SP1.jpg\",\"datePublished\":\"2026-01-28T17:36:39+00:00\",\"dateModified\":\"2026-03-08T15:45:26+00:00\",\"description\":\"Ach\u00e8te Warhammer Age of Sigmar - Spearhead: Nighthaunt \u2013 Cursed Shacklehorde en ligne maintenant \u00e0 petit prix! Ton #1 shop pour cartes TCG & Pok\u00e9mon en Suisse \u2713 Livraison gratuite d\u00e8s CHF 29\",\"breadcrumb\":{\"@id\":\"https:\\\/\\\/theuncommonshop.ch\\\/fr\\\/product\\\/warhammer-age-of-sigmar-spearhead-nighthaunt-cursed-shacklehorde-2\\\/#breadcrumb\"},\"inLanguage\":\"fr-FR\",\"potentialAction\":[{\"@type\":\"ReadAction\",\"target\":[\"https:\\\/\\\/theuncommonshop.ch\\\/fr\\\/product\\\/warhammer-age-of-sigmar-spearhead-nighthaunt-cursed-shacklehorde-2\\\/\"]}]},{\"@type\":\"ImageObject\",\"inLanguage\":\"fr-FR\",\"@id\":\"https:\\\/\\\/theuncommonshop.ch\\\/fr\\\/product\\\/warhammer-age-of-sigmar-spearhead-nighthaunt-cursed-shacklehorde-2\\\/#primaryimage\",\"url\":\"https:\\\/\\\/theuncommonshop.ch\\\/wp-content\\\/uploads\\\/2026\\\/01\\\/SP1.jpg\",\"contentUrl\":\"https:\\\/\\\/theuncommonshop.ch\\\/wp-content\\\/uploads\\\/2026\\\/01\\\/SP1.jpg\",\"width\":918,\"height\":948},{\"@type\":\"BreadcrumbList\",\"@id\":\"https:\\\/\\\/theuncommonshop.ch\\\/fr\\\/product\\\/warhammer-age-of-sigmar-spearhead-nighthaunt-cursed-shacklehorde-2\\\/#breadcrumb\",\"itemListElement\":[{\"@type\":\"ListItem\",\"position\":1,\"name\":\"Accueil\",\"item\":\"https:\\\/\\\/theuncommonshop.ch\\\/fr\\\/accueil\\\/\"},{\"@type\":\"ListItem\",\"position\":2,\"name\":\"Boutique\",\"item\":\"https:\\\/\\\/theuncommonshop.ch\\\/fr\\\/boutique\\\/\"},{\"@type\":\"ListItem\",\"position\":3,\"name\":\"Tabletop\",\"item\":\"https:\\\/\\\/theuncommonshop.ch\\\/fr\\\/categorie-produit\\\/tabletop-fr\\\/\"},{\"@type\":\"ListItem\",\"position\":4,\"name\":\"Warhammer Age of Sigmar\",\"item\":\"https:\\\/\\\/theuncommonshop.ch\\\/fr\\\/categorie-produit\\\/tabletop-fr\\\/warhammer-age-of-sigmar-fr\\\/\"},{\"@type\":\"ListItem\",\"position\":5,\"name\":\"Warhammer Age of Sigmar &#8211; Spearhead: Nighthaunt \u2013 Cursed Shacklehorde\"}]},{\"@type\":\"WebSite\",\"@id\":\"https:\\\/\\\/theuncommonshop.ch\\\/fr\\\/#website\",\"url\":\"https:\\\/\\\/theuncommonshop.ch\\\/fr\\\/\",\"name\":\"The Uncommon Shop\",\"description\":\"Magic, Pok\u00e9mon and Yu-gi-oh - The Uncommon Shop\",\"potentialAction\":[{\"@type\":\"SearchAction\",\"target\":{\"@type\":\"EntryPoint\",\"urlTemplate\":\"https:\\\/\\\/theuncommonshop.ch\\\/fr\\\/?s={search_term_string}\"},\"query-input\":{\"@type\":\"PropertyValueSpecification\",\"valueRequired\":true,\"valueName\":\"search_term_string\"}}],\"inLanguage\":\"fr-FR\"}]}<\/script>\n<meta property=\"product:price:amount\" content=\"99.95\" \/>\n<meta property=\"product:price:currency\" content=\"CHF\" \/>\n<meta property=\"og:availability\" content=\"instock\" \/>\n<meta property=\"product:availability\" content=\"instock\" \/>\n<meta property=\"product:retailer_item_id\" content=\"WH.AgeOfSigSpearNightauntCursedShak\" \/>\n<meta property=\"product:condition\" content=\"new\" \/>\n<!-- \/ Yoast SEO plugin. -->","yoast_head_json":{"title":"Ach\u00e8te Warhammer Age of Sigmar - Spearhead: Nighthaunt \u2013 Cursed Shacklehorde","description":"Ach\u00e8te Warhammer Age of Sigmar - Spearhead: Nighthaunt \u2013 Cursed Shacklehorde en ligne maintenant \u00e0 petit prix! Ton #1 shop pour cartes TCG & Pok\u00e9mon en Suisse \u2713 Livraison gratuite d\u00e8s CHF 29","robots":{"index":"index","follow":"follow","max-snippet":"max-snippet:-1","max-image-preview":"max-image-preview:large","max-video-preview":"max-video-preview:-1"},"canonical":"https:\/\/theuncommonshop.ch\/fr\/product\/warhammer-age-of-sigmar-spearhead-nighthaunt-cursed-shacklehorde-2\/","og_locale":"fr_FR","og_type":"article","og_title":"Ach\u00e8te Warhammer Age of Sigmar - Spearhead: Nighthaunt \u2013 Cursed Shacklehorde","og_description":"Ach\u00e8te Warhammer Age of Sigmar - Spearhead: Nighthaunt \u2013 Cursed Shacklehorde en ligne maintenant \u00e0 petit prix! Ton #1 shop pour cartes TCG & Pok\u00e9mon en Suisse \u2713 Livraison gratuite d\u00e8s CHF 29","og_url":"https:\/\/theuncommonshop.ch\/fr\/product\/warhammer-age-of-sigmar-spearhead-nighthaunt-cursed-shacklehorde-2\/","og_site_name":"The Uncommon Shop","article_modified_time":"2026-03-08T15:45:26+00:00","og_image":[{"width":918,"height":948,"url":"https:\/\/theuncommonshop.ch\/wp-content\/uploads\/2026\/01\/SP1.jpg","type":"image\/jpeg"}],"twitter_card":"summary_large_image","twitter_misc":{"Prix":"&#67;&#72;&#70;&nbsp;99.95","Disponibilit\u00e9":"En stock"},"schema":{"@context":"https:\/\/schema.org","@graph":[{"@type":"WebPage","@id":"https:\/\/theuncommonshop.ch\/fr\/product\/warhammer-age-of-sigmar-spearhead-nighthaunt-cursed-shacklehorde-2\/","url":"https:\/\/theuncommonshop.ch\/fr\/product\/warhammer-age-of-sigmar-spearhead-nighthaunt-cursed-shacklehorde-2\/","name":"Ach\u00e8te Warhammer Age of Sigmar - Spearhead: Nighthaunt \u2013 Cursed Shacklehorde","isPartOf":{"@id":"https:\/\/theuncommonshop.ch\/fr\/#website"},"primaryImageOfPage":{"@id":"https:\/\/theuncommonshop.ch\/fr\/product\/warhammer-age-of-sigmar-spearhead-nighthaunt-cursed-shacklehorde-2\/#primaryimage"},"image":{"@id":"https:\/\/theuncommonshop.ch\/fr\/product\/warhammer-age-of-sigmar-spearhead-nighthaunt-cursed-shacklehorde-2\/#primaryimage"},"thumbnailUrl":"https:\/\/theuncommonshop.ch\/wp-content\/uploads\/2026\/01\/SP1.jpg","datePublished":"2026-01-28T17:36:39+00:00","dateModified":"2026-03-08T15:45:26+00:00","description":"Ach\u00e8te Warhammer Age of Sigmar - Spearhead: Nighthaunt \u2013 Cursed Shacklehorde en ligne maintenant \u00e0 petit prix! Ton #1 shop pour cartes TCG & Pok\u00e9mon en Suisse \u2713 Livraison gratuite d\u00e8s CHF 29","breadcrumb":{"@id":"https:\/\/theuncommonshop.ch\/fr\/product\/warhammer-age-of-sigmar-spearhead-nighthaunt-cursed-shacklehorde-2\/#breadcrumb"},"inLanguage":"fr-FR","potentialAction":[{"@type":"ReadAction","target":["https:\/\/theuncommonshop.ch\/fr\/product\/warhammer-age-of-sigmar-spearhead-nighthaunt-cursed-shacklehorde-2\/"]}]},{"@type":"ImageObject","inLanguage":"fr-FR","@id":"https:\/\/theuncommonshop.ch\/fr\/product\/warhammer-age-of-sigmar-spearhead-nighthaunt-cursed-shacklehorde-2\/#primaryimage","url":"https:\/\/theuncommonshop.ch\/wp-content\/uploads\/2026\/01\/SP1.jpg","contentUrl":"https:\/\/theuncommonshop.ch\/wp-content\/uploads\/2026\/01\/SP1.jpg","width":918,"height":948},{"@type":"BreadcrumbList","@id":"https:\/\/theuncommonshop.ch\/fr\/product\/warhammer-age-of-sigmar-spearhead-nighthaunt-cursed-shacklehorde-2\/#breadcrumb","itemListElement":[{"@type":"ListItem","position":1,"name":"Accueil","item":"https:\/\/theuncommonshop.ch\/fr\/accueil\/"},{"@type":"ListItem","position":2,"name":"Boutique","item":"https:\/\/theuncommonshop.ch\/fr\/boutique\/"},{"@type":"ListItem","position":3,"name":"Tabletop","item":"https:\/\/theuncommonshop.ch\/fr\/categorie-produit\/tabletop-fr\/"},{"@type":"ListItem","position":4,"name":"Warhammer Age of Sigmar","item":"https:\/\/theuncommonshop.ch\/fr\/categorie-produit\/tabletop-fr\/warhammer-age-of-sigmar-fr\/"},{"@type":"ListItem","position":5,"name":"Warhammer Age of Sigmar &#8211; Spearhead: Nighthaunt \u2013 Cursed Shacklehorde"}]},{"@type":"WebSite","@id":"https:\/\/theuncommonshop.ch\/fr\/#website","url":"https:\/\/theuncommonshop.ch\/fr\/","name":"The Uncommon Shop","description":"Magic, Pok\u00e9mon and Yu-gi-oh - The Uncommon Shop","potentialAction":[{"@type":"SearchAction","target":{"@type":"EntryPoint","urlTemplate":"https:\/\/theuncommonshop.ch\/fr\/?s={search_term_string}"},"query-input":{"@type":"PropertyValueSpecification","valueRequired":true,"valueName":"search_term_string"}}],"inLanguage":"fr-FR"}]},"product_price_amount":"99.95","product_price_currency":"CHF","og_availability":"instock","product_availability":"instock","product_retailer_item_id":"WH.AgeOfSigSpearNightauntCursedShak","product_condition":"new"},"_links":{"self":[{"href":"https:\/\/theuncommonshop.ch\/fr\/wp-json\/wp\/v2\/product\/307532","targetHints":{"allow":["GET"]}}],"collection":[{"href":"https:\/\/theuncommonshop.ch\/fr\/wp-json\/wp\/v2\/product"}],"about":[{"href":"https:\/\/theuncommonshop.ch\/fr\/wp-json\/wp\/v2\/types\/product"}],"replies":[{"embeddable":true,"href":"https:\/\/theuncommonshop.ch\/fr\/wp-json\/wp\/v2\/comments?post=307532"}],"version-history":[{"count":0,"href":"https:\/\/theuncommonshop.ch\/fr\/wp-json\/wp\/v2\/product\/307532\/revisions"}],"wp:featuredmedia":[{"embeddable":true,"href":"https:\/\/theuncommonshop.ch\/fr\/wp-json\/wp\/v2\/media\/297391"}],"wp:attachment":[{"href":"https:\/\/theuncommonshop.ch\/fr\/wp-json\/wp\/v2\/media?parent=307532"}],"wp:term":[{"taxonomy":"product_brand","embeddable":true,"href":"https:\/\/theuncommonshop.ch\/fr\/wp-json\/wp\/v2\/product_brand?post=307532"},{"taxonomy":"product_cat","embeddable":true,"href":"https:\/\/theuncommonshop.ch\/fr\/wp-json\/wp\/v2\/product_cat?post=307532"},{"taxonomy":"product_tag","embeddable":true,"href":"https:\/\/theuncommonshop.ch\/fr\/wp-json\/wp\/v2\/product_tag?post=307532"}],"curies":[{"name":"wp","href":"https:\/\/api.w.org\/{rel}","templated":true}]}}