{"id":307516,"date":"2026-01-28T18:12:57","date_gmt":"2026-01-28T17:12:57","guid":{"rendered":"http:\/\/theuncommonshop.ch\/produkt\/307516\/"},"modified":"2026-03-08T16:45:24","modified_gmt":"2026-03-08T15:45:24","slug":"warhammer-age-of-sigmar-soulblight-gravelords-deadwalker-zombies","status":"publish","type":"product","link":"https:\/\/theuncommonshop.ch\/fr\/product\/warhammer-age-of-sigmar-soulblight-gravelords-deadwalker-zombies\/","title":{"rendered":"Warhammer Age of Sigmar &#8211; Soulblight Gravelords: Deadwalker Zombies"},"content":{"rendered":"<p>Les Deadwalkers Zombies sont cr\u00e9\u00e9s \u00e0 partir des cadavres de personnes r\u00e9cemment d\u00e9c\u00e9d\u00e9es. Ils sont dot\u00e9s d&#8217;une force consid\u00e9rable gr\u00e2ce au pouvoir de la n\u00e9cromancie obscure et sont envoy\u00e9s sur le champ de bataille en hordes d\u00e9ambulantes. Compl\u00e8tement d\u00e9nu\u00e9s d&#8217;esprit et mus par le seul instinct collectif, les migrations de zombies sont devenues un fl\u00e9au omnipr\u00e9sent depuis le s\u00e9isme n\u00e9crologique, et de nombreuses villes ont mis en place des &#8220;bandes de b\u00fbchers&#8221; itin\u00e9rantes pour \u00e9radiquer un fl\u00e9au avant qu&#8217;il ne devienne trop important. <\/p>\n<p>Bien qu&#8217;ils soient lents, maladroits et fragiles en eux-m\u00eames, une horde suffisamment nombreuse de Deadwalker Zombies peut menacer m\u00eame les soldats ennemis les plus exp\u00e9riment\u00e9s par sa seule sup\u00e9riorit\u00e9 num\u00e9rique. Leur faim d\u00e9termin\u00e9e leur conf\u00e8re m\u00eame une rapidit\u00e9 surprenante lorsque leur proie s&#8217;approche trop pr\u00e8s d&#8217;eux, et quiconque a le malheur d&#8217;\u00eatre abattu par l&#8217;un d&#8217;eux pourrait se retrouver dans les rangs de Soulblight avant la fin de la bataille. <\/p>\n<p>Le kit se compose de 94 pi\u00e8ces en plastique qui vous permettent d&#8217;assembler 20 Deadwalker Zombies. Ces mod\u00e8les sont livr\u00e9s avec 20 bases rondes Citadel (25 mm). <\/p>\n","protected":false},"excerpt":{"rendered":"<p>Les Deadwalkers Zombies sont cr\u00e9\u00e9s \u00e0 partir des cadavres de personnes r\u00e9cemment d\u00e9c\u00e9d\u00e9es. Ils sont dot\u00e9s d&#8217;une force consid\u00e9rable gr\u00e2ce<\/p>\n","protected":false},"featured_media":297379,"comment_status":"open","ping_status":"closed","template":"","meta":{"_acf_changed":false},"product_brand":[5078,5154],"product_cat":[9925,9929],"product_tag":[],"class_list":{"0":"post-307516","1":"product","2":"type-product","3":"status-publish","4":"has-post-thumbnail","6":"product_brand-games-workshop","7":"product_brand-warhammer","8":"product_cat-tabletop-fr","9":"product_cat-warhammer-age-of-sigmar-fr","11":"first","12":"instock","13":"sale","14":"taxable","15":"shipping-taxable","16":"purchasable","17":"product-type-simple"},"acf":[],"yoast_head":"<!-- This site is optimized with the Yoast SEO plugin v27.4 - https:\/\/yoast.com\/product\/yoast-seo-wordpress\/ -->\n<title>Ach\u00e8te Warhammer Age of Sigmar - Soulblight Gravelords: Deadwalker Zombies<\/title>\n<meta name=\"description\" content=\"Ach\u00e8te Warhammer Age of Sigmar - Soulblight Gravelords: Deadwalker Zombies en ligne maintenant \u00e0 petit prix! Ton #1 shop pour cartes TCG &amp; Pok\u00e9mon en Suisse \u2713 Livraison gratuite d\u00e8s CHF 29\" \/>\n<meta name=\"robots\" content=\"index, follow, max-snippet:-1, max-image-preview:large, max-video-preview:-1\" \/>\n<link rel=\"canonical\" href=\"https:\/\/theuncommonshop.ch\/fr\/product\/warhammer-age-of-sigmar-soulblight-gravelords-deadwalker-zombies\/\" \/>\n<meta property=\"og:locale\" content=\"fr_FR\" \/>\n<meta property=\"og:type\" content=\"article\" \/>\n<meta property=\"og:title\" content=\"Ach\u00e8te Warhammer Age of Sigmar - Soulblight Gravelords: Deadwalker Zombies\" \/>\n<meta property=\"og:description\" content=\"Ach\u00e8te Warhammer Age of Sigmar - Soulblight Gravelords: Deadwalker Zombies en ligne maintenant \u00e0 petit prix! Ton #1 shop pour cartes TCG &amp; Pok\u00e9mon en Suisse \u2713 Livraison gratuite d\u00e8s CHF 29\" \/>\n<meta property=\"og:url\" content=\"https:\/\/theuncommonshop.ch\/fr\/product\/warhammer-age-of-sigmar-soulblight-gravelords-deadwalker-zombies\/\" \/>\n<meta property=\"og:site_name\" content=\"The Uncommon Shop\" \/>\n<meta property=\"article:modified_time\" content=\"2026-03-08T15:45:24+00:00\" \/>\n<meta property=\"og:image\" content=\"https:\/\/theuncommonshop.ch\/wp-content\/uploads\/2026\/01\/W1.webp\" \/>\n\t<meta property=\"og:image:width\" content=\"1400\" \/>\n\t<meta property=\"og:image:height\" content=\"1000\" \/>\n\t<meta property=\"og:image:type\" content=\"image\/webp\" \/>\n<meta name=\"twitter:card\" content=\"summary_large_image\" \/>\n<meta name=\"twitter:label1\" content=\"Prix\" \/>\n\t<meta name=\"twitter:data1\" content=\"&#067;&#072;&#070;&nbsp;39.95\" \/>\n\t<meta name=\"twitter:label2\" content=\"Disponibilit\u00e9\" \/>\n\t<meta name=\"twitter:data2\" content=\"En stock\" \/>\n<script type=\"application\/ld+json\" class=\"yoast-schema-graph\">{\"@context\":\"https:\\\/\\\/schema.org\",\"@graph\":[{\"@type\":\"WebPage\",\"@id\":\"https:\\\/\\\/theuncommonshop.ch\\\/fr\\\/product\\\/warhammer-age-of-sigmar-soulblight-gravelords-deadwalker-zombies\\\/\",\"url\":\"https:\\\/\\\/theuncommonshop.ch\\\/fr\\\/product\\\/warhammer-age-of-sigmar-soulblight-gravelords-deadwalker-zombies\\\/\",\"name\":\"Ach\u00e8te Warhammer Age of Sigmar - Soulblight Gravelords: Deadwalker Zombies\",\"isPartOf\":{\"@id\":\"https:\\\/\\\/theuncommonshop.ch\\\/fr\\\/#website\"},\"primaryImageOfPage\":{\"@id\":\"https:\\\/\\\/theuncommonshop.ch\\\/fr\\\/product\\\/warhammer-age-of-sigmar-soulblight-gravelords-deadwalker-zombies\\\/#primaryimage\"},\"image\":{\"@id\":\"https:\\\/\\\/theuncommonshop.ch\\\/fr\\\/product\\\/warhammer-age-of-sigmar-soulblight-gravelords-deadwalker-zombies\\\/#primaryimage\"},\"thumbnailUrl\":\"https:\\\/\\\/theuncommonshop.ch\\\/wp-content\\\/uploads\\\/2026\\\/01\\\/W1.webp\",\"datePublished\":\"2026-01-28T17:12:57+00:00\",\"dateModified\":\"2026-03-08T15:45:24+00:00\",\"description\":\"Ach\u00e8te Warhammer Age of Sigmar - Soulblight Gravelords: Deadwalker Zombies en ligne maintenant \u00e0 petit prix! Ton #1 shop pour cartes TCG & Pok\u00e9mon en Suisse \u2713 Livraison gratuite d\u00e8s CHF 29\",\"breadcrumb\":{\"@id\":\"https:\\\/\\\/theuncommonshop.ch\\\/fr\\\/product\\\/warhammer-age-of-sigmar-soulblight-gravelords-deadwalker-zombies\\\/#breadcrumb\"},\"inLanguage\":\"fr-FR\",\"potentialAction\":[{\"@type\":\"ReadAction\",\"target\":[\"https:\\\/\\\/theuncommonshop.ch\\\/fr\\\/product\\\/warhammer-age-of-sigmar-soulblight-gravelords-deadwalker-zombies\\\/\"]}]},{\"@type\":\"ImageObject\",\"inLanguage\":\"fr-FR\",\"@id\":\"https:\\\/\\\/theuncommonshop.ch\\\/fr\\\/product\\\/warhammer-age-of-sigmar-soulblight-gravelords-deadwalker-zombies\\\/#primaryimage\",\"url\":\"https:\\\/\\\/theuncommonshop.ch\\\/wp-content\\\/uploads\\\/2026\\\/01\\\/W1.webp\",\"contentUrl\":\"https:\\\/\\\/theuncommonshop.ch\\\/wp-content\\\/uploads\\\/2026\\\/01\\\/W1.webp\",\"width\":1400,\"height\":1000},{\"@type\":\"BreadcrumbList\",\"@id\":\"https:\\\/\\\/theuncommonshop.ch\\\/fr\\\/product\\\/warhammer-age-of-sigmar-soulblight-gravelords-deadwalker-zombies\\\/#breadcrumb\",\"itemListElement\":[{\"@type\":\"ListItem\",\"position\":1,\"name\":\"Accueil\",\"item\":\"https:\\\/\\\/theuncommonshop.ch\\\/fr\\\/accueil\\\/\"},{\"@type\":\"ListItem\",\"position\":2,\"name\":\"Boutique\",\"item\":\"https:\\\/\\\/theuncommonshop.ch\\\/fr\\\/boutique\\\/\"},{\"@type\":\"ListItem\",\"position\":3,\"name\":\"Tabletop\",\"item\":\"https:\\\/\\\/theuncommonshop.ch\\\/fr\\\/categorie-produit\\\/tabletop-fr\\\/\"},{\"@type\":\"ListItem\",\"position\":4,\"name\":\"Warhammer Age of Sigmar\",\"item\":\"https:\\\/\\\/theuncommonshop.ch\\\/fr\\\/categorie-produit\\\/tabletop-fr\\\/warhammer-age-of-sigmar-fr\\\/\"},{\"@type\":\"ListItem\",\"position\":5,\"name\":\"Warhammer Age of Sigmar &#8211; Soulblight Gravelords: Deadwalker Zombies\"}]},{\"@type\":\"WebSite\",\"@id\":\"https:\\\/\\\/theuncommonshop.ch\\\/fr\\\/#website\",\"url\":\"https:\\\/\\\/theuncommonshop.ch\\\/fr\\\/\",\"name\":\"The Uncommon Shop\",\"description\":\"Magic, Pok\u00e9mon and Yu-gi-oh - The Uncommon Shop\",\"potentialAction\":[{\"@type\":\"SearchAction\",\"target\":{\"@type\":\"EntryPoint\",\"urlTemplate\":\"https:\\\/\\\/theuncommonshop.ch\\\/fr\\\/?s={search_term_string}\"},\"query-input\":{\"@type\":\"PropertyValueSpecification\",\"valueRequired\":true,\"valueName\":\"search_term_string\"}}],\"inLanguage\":\"fr-FR\"}]}<\/script>\n<meta property=\"product:price:amount\" content=\"39.95\" \/>\n<meta property=\"product:price:currency\" content=\"CHF\" \/>\n<meta property=\"og:availability\" content=\"instock\" \/>\n<meta property=\"product:availability\" content=\"instock\" \/>\n<meta property=\"product:retailer_item_id\" content=\"WH.WarHamAgeOfSigSoulGraveDeadZomb\" \/>\n<meta property=\"product:condition\" content=\"new\" \/>\n<!-- \/ Yoast SEO plugin. -->","yoast_head_json":{"title":"Ach\u00e8te Warhammer Age of Sigmar - Soulblight Gravelords: Deadwalker Zombies","description":"Ach\u00e8te Warhammer Age of Sigmar - Soulblight Gravelords: Deadwalker Zombies en ligne maintenant \u00e0 petit prix! Ton #1 shop pour cartes TCG & Pok\u00e9mon en Suisse \u2713 Livraison gratuite d\u00e8s CHF 29","robots":{"index":"index","follow":"follow","max-snippet":"max-snippet:-1","max-image-preview":"max-image-preview:large","max-video-preview":"max-video-preview:-1"},"canonical":"https:\/\/theuncommonshop.ch\/fr\/product\/warhammer-age-of-sigmar-soulblight-gravelords-deadwalker-zombies\/","og_locale":"fr_FR","og_type":"article","og_title":"Ach\u00e8te Warhammer Age of Sigmar - Soulblight Gravelords: Deadwalker Zombies","og_description":"Ach\u00e8te Warhammer Age of Sigmar - Soulblight Gravelords: Deadwalker Zombies en ligne maintenant \u00e0 petit prix! Ton #1 shop pour cartes TCG & Pok\u00e9mon en Suisse \u2713 Livraison gratuite d\u00e8s CHF 29","og_url":"https:\/\/theuncommonshop.ch\/fr\/product\/warhammer-age-of-sigmar-soulblight-gravelords-deadwalker-zombies\/","og_site_name":"The Uncommon Shop","article_modified_time":"2026-03-08T15:45:24+00:00","og_image":[{"width":1400,"height":1000,"url":"https:\/\/theuncommonshop.ch\/wp-content\/uploads\/2026\/01\/W1.webp","type":"image\/webp"}],"twitter_card":"summary_large_image","twitter_misc":{"Prix":"&#67;&#72;&#70;&nbsp;39.95","Disponibilit\u00e9":"En stock"},"schema":{"@context":"https:\/\/schema.org","@graph":[{"@type":"WebPage","@id":"https:\/\/theuncommonshop.ch\/fr\/product\/warhammer-age-of-sigmar-soulblight-gravelords-deadwalker-zombies\/","url":"https:\/\/theuncommonshop.ch\/fr\/product\/warhammer-age-of-sigmar-soulblight-gravelords-deadwalker-zombies\/","name":"Ach\u00e8te Warhammer Age of Sigmar - Soulblight Gravelords: Deadwalker Zombies","isPartOf":{"@id":"https:\/\/theuncommonshop.ch\/fr\/#website"},"primaryImageOfPage":{"@id":"https:\/\/theuncommonshop.ch\/fr\/product\/warhammer-age-of-sigmar-soulblight-gravelords-deadwalker-zombies\/#primaryimage"},"image":{"@id":"https:\/\/theuncommonshop.ch\/fr\/product\/warhammer-age-of-sigmar-soulblight-gravelords-deadwalker-zombies\/#primaryimage"},"thumbnailUrl":"https:\/\/theuncommonshop.ch\/wp-content\/uploads\/2026\/01\/W1.webp","datePublished":"2026-01-28T17:12:57+00:00","dateModified":"2026-03-08T15:45:24+00:00","description":"Ach\u00e8te Warhammer Age of Sigmar - Soulblight Gravelords: Deadwalker Zombies en ligne maintenant \u00e0 petit prix! Ton #1 shop pour cartes TCG & Pok\u00e9mon en Suisse \u2713 Livraison gratuite d\u00e8s CHF 29","breadcrumb":{"@id":"https:\/\/theuncommonshop.ch\/fr\/product\/warhammer-age-of-sigmar-soulblight-gravelords-deadwalker-zombies\/#breadcrumb"},"inLanguage":"fr-FR","potentialAction":[{"@type":"ReadAction","target":["https:\/\/theuncommonshop.ch\/fr\/product\/warhammer-age-of-sigmar-soulblight-gravelords-deadwalker-zombies\/"]}]},{"@type":"ImageObject","inLanguage":"fr-FR","@id":"https:\/\/theuncommonshop.ch\/fr\/product\/warhammer-age-of-sigmar-soulblight-gravelords-deadwalker-zombies\/#primaryimage","url":"https:\/\/theuncommonshop.ch\/wp-content\/uploads\/2026\/01\/W1.webp","contentUrl":"https:\/\/theuncommonshop.ch\/wp-content\/uploads\/2026\/01\/W1.webp","width":1400,"height":1000},{"@type":"BreadcrumbList","@id":"https:\/\/theuncommonshop.ch\/fr\/product\/warhammer-age-of-sigmar-soulblight-gravelords-deadwalker-zombies\/#breadcrumb","itemListElement":[{"@type":"ListItem","position":1,"name":"Accueil","item":"https:\/\/theuncommonshop.ch\/fr\/accueil\/"},{"@type":"ListItem","position":2,"name":"Boutique","item":"https:\/\/theuncommonshop.ch\/fr\/boutique\/"},{"@type":"ListItem","position":3,"name":"Tabletop","item":"https:\/\/theuncommonshop.ch\/fr\/categorie-produit\/tabletop-fr\/"},{"@type":"ListItem","position":4,"name":"Warhammer Age of Sigmar","item":"https:\/\/theuncommonshop.ch\/fr\/categorie-produit\/tabletop-fr\/warhammer-age-of-sigmar-fr\/"},{"@type":"ListItem","position":5,"name":"Warhammer Age of Sigmar &#8211; Soulblight Gravelords: Deadwalker Zombies"}]},{"@type":"WebSite","@id":"https:\/\/theuncommonshop.ch\/fr\/#website","url":"https:\/\/theuncommonshop.ch\/fr\/","name":"The Uncommon Shop","description":"Magic, Pok\u00e9mon and Yu-gi-oh - The Uncommon Shop","potentialAction":[{"@type":"SearchAction","target":{"@type":"EntryPoint","urlTemplate":"https:\/\/theuncommonshop.ch\/fr\/?s={search_term_string}"},"query-input":{"@type":"PropertyValueSpecification","valueRequired":true,"valueName":"search_term_string"}}],"inLanguage":"fr-FR"}]},"product_price_amount":"39.95","product_price_currency":"CHF","og_availability":"instock","product_availability":"instock","product_retailer_item_id":"WH.WarHamAgeOfSigSoulGraveDeadZomb","product_condition":"new"},"_links":{"self":[{"href":"https:\/\/theuncommonshop.ch\/fr\/wp-json\/wp\/v2\/product\/307516","targetHints":{"allow":["GET"]}}],"collection":[{"href":"https:\/\/theuncommonshop.ch\/fr\/wp-json\/wp\/v2\/product"}],"about":[{"href":"https:\/\/theuncommonshop.ch\/fr\/wp-json\/wp\/v2\/types\/product"}],"replies":[{"embeddable":true,"href":"https:\/\/theuncommonshop.ch\/fr\/wp-json\/wp\/v2\/comments?post=307516"}],"version-history":[{"count":0,"href":"https:\/\/theuncommonshop.ch\/fr\/wp-json\/wp\/v2\/product\/307516\/revisions"}],"wp:featuredmedia":[{"embeddable":true,"href":"https:\/\/theuncommonshop.ch\/fr\/wp-json\/wp\/v2\/media\/297379"}],"wp:attachment":[{"href":"https:\/\/theuncommonshop.ch\/fr\/wp-json\/wp\/v2\/media?parent=307516"}],"wp:term":[{"taxonomy":"product_brand","embeddable":true,"href":"https:\/\/theuncommonshop.ch\/fr\/wp-json\/wp\/v2\/product_brand?post=307516"},{"taxonomy":"product_cat","embeddable":true,"href":"https:\/\/theuncommonshop.ch\/fr\/wp-json\/wp\/v2\/product_cat?post=307516"},{"taxonomy":"product_tag","embeddable":true,"href":"https:\/\/theuncommonshop.ch\/fr\/wp-json\/wp\/v2\/product_tag?post=307516"}],"curies":[{"name":"wp","href":"https:\/\/api.w.org\/{rel}","templated":true}]}}