{"id":307401,"date":"2026-03-01T20:51:50","date_gmt":"2026-03-01T19:51:50","guid":{"rendered":"http:\/\/theuncommonshop.ch\/produkt\/307401\/"},"modified":"2026-03-31T19:15:52","modified_gmt":"2026-03-31T17:15:52","slug":"mcfarlane-sports-picks-ufc-alex-pereira-gold-label-posed-figure-2","status":"publish","type":"product","link":"https:\/\/theuncommonshop.ch\/fr\/product\/mcfarlane-sports-picks-ufc-alex-pereira-gold-label-posed-figure-2\/","title":{"rendered":"McFarlane &#8211; Sports Picks &#8211; UFC &#8211; Alex Pereira Gold Label Posed Figure"},"content":{"rendered":"<p>Alex Pereira est un combattant d&#8217;arts martiaux mixtes br\u00e9silien et un ancien champion de kickboxing qui a commenc\u00e9 sa carri\u00e8re professionnelle en MMA en 2015. Connu pour sa force de frappe d\u00e9vastatrice, Pereira a remport\u00e9 10 de ses victoires par KO, dont quatre au premier tour. Apr\u00e8s sa d\u00e9faite lors de ses d\u00e9buts professionnels, il a depuis gagn\u00e9 12-2 et remport\u00e9 12 de ses 14 derniers combats. En plus de ses succ\u00e8s en MMA, Pereira a un impressionnant bilan de 33\/7 en kickboxing avec 21 KO, dont des victoires remarquables sur Israel Adesanya (deux fois) et Dustin Jacoby. Son surnom a des racines indig\u00e8nes et refl\u00e8te son h\u00e9ritage et son esprit combatif.    <\/p>\n<p>McFarlane&#8217;s SportsPicks UFC Series Figurine n\u00b0 8<\/p>\n<p>Licence officielle de l&#8217;UFC<\/p>\n<p>Figure de 7 pouces incroyablement d\u00e9taill\u00e9e en pose<\/p>\n<p>Inclut une carte de points UFC REWARDS et une carte d&#8217;\u00e9change GRATUITE UFC Digital Collectibles.<\/p>\n<p>Emballage en forme de cl\u00f4ture octogonale avec le logo UFC<\/p>\n","protected":false},"excerpt":{"rendered":"<p>Alex Pereira est un combattant d&#8217;arts martiaux mixtes br\u00e9silien et un ancien champion de kickboxing qui a commenc\u00e9 sa carri\u00e8re<\/p>\n","protected":false},"featured_media":301979,"comment_status":"open","ping_status":"closed","template":"","meta":{"_acf_changed":false},"product_brand":[5224],"product_cat":[9911],"product_tag":[],"class_list":{"0":"post-307401","1":"product","2":"type-product","3":"status-publish","4":"has-post-thumbnail","6":"product_brand-mcfarlane","7":"product_cat-collectibles-fr","9":"first","10":"outofstock","11":"taxable","12":"shipping-taxable","13":"purchasable","14":"product-type-simple"},"acf":[],"yoast_head":"<!-- This site is optimized with the Yoast SEO plugin v27.4 - https:\/\/yoast.com\/product\/yoast-seo-wordpress\/ -->\n<title>Ach\u00e8te McFarlane - Sports Picks - UFC - Alex Pereira Gold Label Posed Figure<\/title>\n<meta name=\"description\" content=\"Ach\u00e8te McFarlane - Sports Picks - UFC - Alex Pereira Gold Label Posed Figure en ligne maintenant \u00e0 petit prix! Ton #1 shop pour cartes TCG &amp; Pok\u00e9mon en Suisse \u2713 Livraison gratuite d\u00e8s CHF 29\" \/>\n<meta name=\"robots\" content=\"index, follow, max-snippet:-1, max-image-preview:large, max-video-preview:-1\" \/>\n<link rel=\"canonical\" href=\"https:\/\/theuncommonshop.ch\/fr\/product\/mcfarlane-sports-picks-ufc-alex-pereira-gold-label-posed-figure-2\/\" \/>\n<meta property=\"og:locale\" content=\"fr_FR\" \/>\n<meta property=\"og:type\" content=\"article\" \/>\n<meta property=\"og:title\" content=\"Ach\u00e8te McFarlane - Sports Picks - UFC - Alex Pereira Gold Label Posed Figure\" \/>\n<meta property=\"og:description\" content=\"Ach\u00e8te McFarlane - Sports Picks - UFC - Alex Pereira Gold Label Posed Figure en ligne maintenant \u00e0 petit prix! Ton #1 shop pour cartes TCG &amp; Pok\u00e9mon en Suisse \u2713 Livraison gratuite d\u00e8s CHF 29\" \/>\n<meta property=\"og:url\" content=\"https:\/\/theuncommonshop.ch\/fr\/product\/mcfarlane-sports-picks-ufc-alex-pereira-gold-label-posed-figure-2\/\" \/>\n<meta property=\"og:site_name\" content=\"The Uncommon Shop\" \/>\n<meta property=\"article:modified_time\" content=\"2026-03-31T17:15:52+00:00\" \/>\n<meta property=\"og:image\" content=\"https:\/\/theuncommonshop.ch\/wp-content\/uploads\/2026\/03\/G1-1.jpg\" \/>\n\t<meta property=\"og:image:width\" content=\"1000\" \/>\n\t<meta property=\"og:image:height\" content=\"1000\" \/>\n\t<meta property=\"og:image:type\" content=\"image\/jpeg\" \/>\n<meta name=\"twitter:card\" content=\"summary_large_image\" \/>\n<meta name=\"twitter:label1\" content=\"Prix\" \/>\n\t<meta name=\"twitter:data1\" content=\"&#067;&#072;&#070;&nbsp;34.95\" \/>\n\t<meta name=\"twitter:label2\" content=\"Disponibilit\u00e9\" \/>\n\t<meta name=\"twitter:data2\" content=\"Rupture de stock\" \/>\n<script type=\"application\/ld+json\" class=\"yoast-schema-graph\">{\"@context\":\"https:\\\/\\\/schema.org\",\"@graph\":[{\"@type\":\"WebPage\",\"@id\":\"https:\\\/\\\/theuncommonshop.ch\\\/fr\\\/product\\\/mcfarlane-sports-picks-ufc-alex-pereira-gold-label-posed-figure-2\\\/\",\"url\":\"https:\\\/\\\/theuncommonshop.ch\\\/fr\\\/product\\\/mcfarlane-sports-picks-ufc-alex-pereira-gold-label-posed-figure-2\\\/\",\"name\":\"Ach\u00e8te McFarlane - Sports Picks - UFC - Alex Pereira Gold Label Posed Figure\",\"isPartOf\":{\"@id\":\"https:\\\/\\\/theuncommonshop.ch\\\/fr\\\/#website\"},\"primaryImageOfPage\":{\"@id\":\"https:\\\/\\\/theuncommonshop.ch\\\/fr\\\/product\\\/mcfarlane-sports-picks-ufc-alex-pereira-gold-label-posed-figure-2\\\/#primaryimage\"},\"image\":{\"@id\":\"https:\\\/\\\/theuncommonshop.ch\\\/fr\\\/product\\\/mcfarlane-sports-picks-ufc-alex-pereira-gold-label-posed-figure-2\\\/#primaryimage\"},\"thumbnailUrl\":\"https:\\\/\\\/theuncommonshop.ch\\\/wp-content\\\/uploads\\\/2026\\\/03\\\/G1-1.jpg\",\"datePublished\":\"2026-03-01T19:51:50+00:00\",\"dateModified\":\"2026-03-31T17:15:52+00:00\",\"description\":\"Ach\u00e8te McFarlane - Sports Picks - UFC - Alex Pereira Gold Label Posed Figure en ligne maintenant \u00e0 petit prix! Ton #1 shop pour cartes TCG & Pok\u00e9mon en Suisse \u2713 Livraison gratuite d\u00e8s CHF 29\",\"breadcrumb\":{\"@id\":\"https:\\\/\\\/theuncommonshop.ch\\\/fr\\\/product\\\/mcfarlane-sports-picks-ufc-alex-pereira-gold-label-posed-figure-2\\\/#breadcrumb\"},\"inLanguage\":\"fr-FR\",\"potentialAction\":[{\"@type\":\"ReadAction\",\"target\":[\"https:\\\/\\\/theuncommonshop.ch\\\/fr\\\/product\\\/mcfarlane-sports-picks-ufc-alex-pereira-gold-label-posed-figure-2\\\/\"]}]},{\"@type\":\"ImageObject\",\"inLanguage\":\"fr-FR\",\"@id\":\"https:\\\/\\\/theuncommonshop.ch\\\/fr\\\/product\\\/mcfarlane-sports-picks-ufc-alex-pereira-gold-label-posed-figure-2\\\/#primaryimage\",\"url\":\"https:\\\/\\\/theuncommonshop.ch\\\/wp-content\\\/uploads\\\/2026\\\/03\\\/G1-1.jpg\",\"contentUrl\":\"https:\\\/\\\/theuncommonshop.ch\\\/wp-content\\\/uploads\\\/2026\\\/03\\\/G1-1.jpg\",\"width\":1000,\"height\":1000},{\"@type\":\"BreadcrumbList\",\"@id\":\"https:\\\/\\\/theuncommonshop.ch\\\/fr\\\/product\\\/mcfarlane-sports-picks-ufc-alex-pereira-gold-label-posed-figure-2\\\/#breadcrumb\",\"itemListElement\":[{\"@type\":\"ListItem\",\"position\":1,\"name\":\"Accueil\",\"item\":\"https:\\\/\\\/theuncommonshop.ch\\\/fr\\\/accueil\\\/\"},{\"@type\":\"ListItem\",\"position\":2,\"name\":\"Boutique\",\"item\":\"https:\\\/\\\/theuncommonshop.ch\\\/fr\\\/boutique\\\/\"},{\"@type\":\"ListItem\",\"position\":3,\"name\":\"Collectibles\",\"item\":\"https:\\\/\\\/theuncommonshop.ch\\\/fr\\\/categorie-produit\\\/collectibles-fr\\\/\"},{\"@type\":\"ListItem\",\"position\":4,\"name\":\"McFarlane &#8211; Sports Picks &#8211; UFC &#8211; Alex Pereira Gold Label Posed Figure\"}]},{\"@type\":\"WebSite\",\"@id\":\"https:\\\/\\\/theuncommonshop.ch\\\/fr\\\/#website\",\"url\":\"https:\\\/\\\/theuncommonshop.ch\\\/fr\\\/\",\"name\":\"The Uncommon Shop\",\"description\":\"Magic, Pok\u00e9mon and Yu-gi-oh - The Uncommon Shop\",\"potentialAction\":[{\"@type\":\"SearchAction\",\"target\":{\"@type\":\"EntryPoint\",\"urlTemplate\":\"https:\\\/\\\/theuncommonshop.ch\\\/fr\\\/?s={search_term_string}\"},\"query-input\":{\"@type\":\"PropertyValueSpecification\",\"valueRequired\":true,\"valueName\":\"search_term_string\"}}],\"inLanguage\":\"fr-FR\"}]}<\/script>\n<meta property=\"product:price:amount\" content=\"34.95\" \/>\n<meta property=\"product:price:currency\" content=\"CHF\" \/>\n<meta property=\"og:availability\" content=\"out of stock\" \/>\n<meta property=\"product:availability\" content=\"out of stock\" \/>\n<meta property=\"product:retailer_item_id\" content=\"66754\" \/>\n<meta property=\"product:condition\" content=\"new\" \/>\n<!-- \/ Yoast SEO plugin. -->","yoast_head_json":{"title":"Ach\u00e8te McFarlane - Sports Picks - UFC - Alex Pereira Gold Label Posed Figure","description":"Ach\u00e8te McFarlane - Sports Picks - UFC - Alex Pereira Gold Label Posed Figure en ligne maintenant \u00e0 petit prix! Ton #1 shop pour cartes TCG & Pok\u00e9mon en Suisse \u2713 Livraison gratuite d\u00e8s CHF 29","robots":{"index":"index","follow":"follow","max-snippet":"max-snippet:-1","max-image-preview":"max-image-preview:large","max-video-preview":"max-video-preview:-1"},"canonical":"https:\/\/theuncommonshop.ch\/fr\/product\/mcfarlane-sports-picks-ufc-alex-pereira-gold-label-posed-figure-2\/","og_locale":"fr_FR","og_type":"article","og_title":"Ach\u00e8te McFarlane - Sports Picks - UFC - Alex Pereira Gold Label Posed Figure","og_description":"Ach\u00e8te McFarlane - Sports Picks - UFC - Alex Pereira Gold Label Posed Figure en ligne maintenant \u00e0 petit prix! Ton #1 shop pour cartes TCG & Pok\u00e9mon en Suisse \u2713 Livraison gratuite d\u00e8s CHF 29","og_url":"https:\/\/theuncommonshop.ch\/fr\/product\/mcfarlane-sports-picks-ufc-alex-pereira-gold-label-posed-figure-2\/","og_site_name":"The Uncommon Shop","article_modified_time":"2026-03-31T17:15:52+00:00","og_image":[{"width":1000,"height":1000,"url":"https:\/\/theuncommonshop.ch\/wp-content\/uploads\/2026\/03\/G1-1.jpg","type":"image\/jpeg"}],"twitter_card":"summary_large_image","twitter_misc":{"Prix":"&#67;&#72;&#70;&nbsp;34.95","Disponibilit\u00e9":"Rupture de stock"},"schema":{"@context":"https:\/\/schema.org","@graph":[{"@type":"WebPage","@id":"https:\/\/theuncommonshop.ch\/fr\/product\/mcfarlane-sports-picks-ufc-alex-pereira-gold-label-posed-figure-2\/","url":"https:\/\/theuncommonshop.ch\/fr\/product\/mcfarlane-sports-picks-ufc-alex-pereira-gold-label-posed-figure-2\/","name":"Ach\u00e8te McFarlane - Sports Picks - UFC - Alex Pereira Gold Label Posed Figure","isPartOf":{"@id":"https:\/\/theuncommonshop.ch\/fr\/#website"},"primaryImageOfPage":{"@id":"https:\/\/theuncommonshop.ch\/fr\/product\/mcfarlane-sports-picks-ufc-alex-pereira-gold-label-posed-figure-2\/#primaryimage"},"image":{"@id":"https:\/\/theuncommonshop.ch\/fr\/product\/mcfarlane-sports-picks-ufc-alex-pereira-gold-label-posed-figure-2\/#primaryimage"},"thumbnailUrl":"https:\/\/theuncommonshop.ch\/wp-content\/uploads\/2026\/03\/G1-1.jpg","datePublished":"2026-03-01T19:51:50+00:00","dateModified":"2026-03-31T17:15:52+00:00","description":"Ach\u00e8te McFarlane - Sports Picks - UFC - Alex Pereira Gold Label Posed Figure en ligne maintenant \u00e0 petit prix! Ton #1 shop pour cartes TCG & Pok\u00e9mon en Suisse \u2713 Livraison gratuite d\u00e8s CHF 29","breadcrumb":{"@id":"https:\/\/theuncommonshop.ch\/fr\/product\/mcfarlane-sports-picks-ufc-alex-pereira-gold-label-posed-figure-2\/#breadcrumb"},"inLanguage":"fr-FR","potentialAction":[{"@type":"ReadAction","target":["https:\/\/theuncommonshop.ch\/fr\/product\/mcfarlane-sports-picks-ufc-alex-pereira-gold-label-posed-figure-2\/"]}]},{"@type":"ImageObject","inLanguage":"fr-FR","@id":"https:\/\/theuncommonshop.ch\/fr\/product\/mcfarlane-sports-picks-ufc-alex-pereira-gold-label-posed-figure-2\/#primaryimage","url":"https:\/\/theuncommonshop.ch\/wp-content\/uploads\/2026\/03\/G1-1.jpg","contentUrl":"https:\/\/theuncommonshop.ch\/wp-content\/uploads\/2026\/03\/G1-1.jpg","width":1000,"height":1000},{"@type":"BreadcrumbList","@id":"https:\/\/theuncommonshop.ch\/fr\/product\/mcfarlane-sports-picks-ufc-alex-pereira-gold-label-posed-figure-2\/#breadcrumb","itemListElement":[{"@type":"ListItem","position":1,"name":"Accueil","item":"https:\/\/theuncommonshop.ch\/fr\/accueil\/"},{"@type":"ListItem","position":2,"name":"Boutique","item":"https:\/\/theuncommonshop.ch\/fr\/boutique\/"},{"@type":"ListItem","position":3,"name":"Collectibles","item":"https:\/\/theuncommonshop.ch\/fr\/categorie-produit\/collectibles-fr\/"},{"@type":"ListItem","position":4,"name":"McFarlane &#8211; Sports Picks &#8211; UFC &#8211; Alex Pereira Gold Label Posed Figure"}]},{"@type":"WebSite","@id":"https:\/\/theuncommonshop.ch\/fr\/#website","url":"https:\/\/theuncommonshop.ch\/fr\/","name":"The Uncommon Shop","description":"Magic, Pok\u00e9mon and Yu-gi-oh - The Uncommon Shop","potentialAction":[{"@type":"SearchAction","target":{"@type":"EntryPoint","urlTemplate":"https:\/\/theuncommonshop.ch\/fr\/?s={search_term_string}"},"query-input":{"@type":"PropertyValueSpecification","valueRequired":true,"valueName":"search_term_string"}}],"inLanguage":"fr-FR"}]},"product_price_amount":"34.95","product_price_currency":"CHF","og_availability":"out of stock","product_availability":"out of stock","product_retailer_item_id":"66754","product_condition":"new"},"_links":{"self":[{"href":"https:\/\/theuncommonshop.ch\/fr\/wp-json\/wp\/v2\/product\/307401","targetHints":{"allow":["GET"]}}],"collection":[{"href":"https:\/\/theuncommonshop.ch\/fr\/wp-json\/wp\/v2\/product"}],"about":[{"href":"https:\/\/theuncommonshop.ch\/fr\/wp-json\/wp\/v2\/types\/product"}],"replies":[{"embeddable":true,"href":"https:\/\/theuncommonshop.ch\/fr\/wp-json\/wp\/v2\/comments?post=307401"}],"version-history":[{"count":0,"href":"https:\/\/theuncommonshop.ch\/fr\/wp-json\/wp\/v2\/product\/307401\/revisions"}],"wp:featuredmedia":[{"embeddable":true,"href":"https:\/\/theuncommonshop.ch\/fr\/wp-json\/wp\/v2\/media\/301979"}],"wp:attachment":[{"href":"https:\/\/theuncommonshop.ch\/fr\/wp-json\/wp\/v2\/media?parent=307401"}],"wp:term":[{"taxonomy":"product_brand","embeddable":true,"href":"https:\/\/theuncommonshop.ch\/fr\/wp-json\/wp\/v2\/product_brand?post=307401"},{"taxonomy":"product_cat","embeddable":true,"href":"https:\/\/theuncommonshop.ch\/fr\/wp-json\/wp\/v2\/product_cat?post=307401"},{"taxonomy":"product_tag","embeddable":true,"href":"https:\/\/theuncommonshop.ch\/fr\/wp-json\/wp\/v2\/product_tag?post=307401"}],"curies":[{"name":"wp","href":"https:\/\/api.w.org\/{rel}","templated":true}]}}