{"id":307328,"date":"2026-03-01T20:24:07","date_gmt":"2026-03-01T19:24:07","guid":{"rendered":"http:\/\/theuncommonshop.ch\/produkt\/307328\/"},"modified":"2026-03-08T16:44:56","modified_gmt":"2026-03-08T15:44:56","slug":"bandai-banpresto-dragon-ball-dokkan-battle-10th-anniversary-super-gogeta-2","status":"publish","type":"product","link":"https:\/\/theuncommonshop.ch\/fr\/product\/bandai-banpresto-dragon-ball-dokkan-battle-10th-anniversary-super-gogeta-2\/","title":{"rendered":"Bandai &#8211; Banpresto &#8211; Dragon Ball &#8211; Dokkan Battle &#8211; 10th Anniversary &#8211; Super Gogeta"},"content":{"rendered":"<p>C\u00e9l\u00e9brez le 10e anniversaire du c\u00e9l\u00e8bre jeu mobile Dragon Ball Z &#8211; Dokkan Battle avec cette superbe figurine de Super Gogeta de Bandai ! D&#8217;une hauteur de 15 cm, cette figurine richement d\u00e9taill\u00e9e donne vie au puissant guerrier de la fusion dans sa forme de Super Saiyan. Avec ses couleurs vives et sa mod\u00e9lisation \u00e9labor\u00e9e, cette figurine capture parfaitement l&#8217;essence de la force et de la d\u00e9termination de Gogeta. De son gi fluide orange et bleu \u00e0 l&#8217;expression intense de son visage, chaque d\u00e9tail a \u00e9t\u00e9 fid\u00e8lement reproduit pour garantir un niveau de pr\u00e9cision maximal. Fabriqu\u00e9e \u00e0 partir de mat\u00e9riaux de haute qualit\u00e9, cette figurine est r\u00e9sistante et durable. Que ce soit \u00e0 la maison, au bureau ou dans votre espace de jeu, cette figurine de Dragon Ball Super attirera l&#8217;attention et impressionnera tous les fans de Dragon Ball Z. Ne manquez pas votre chance d&#8217;ajouter cette figurine en \u00e9dition limit\u00e9e \u00e0 votre collection \u00e0 l&#8217;occasion de son 10e anniversaire. Apportez l&#8217;excitation et l&#8217;\u00e9nergie de Dragon Ball Z &#8211; Dokkan Battle dans votre monde avec la figurine Bandai Dragon Ball Z &#8211; Dokkan Battle 10th Anniversary Super Gogeta !       <\/p>\n","protected":false},"excerpt":{"rendered":"<p>C\u00e9l\u00e9brez le 10e anniversaire du c\u00e9l\u00e8bre jeu mobile Dragon Ball Z &#8211; Dokkan Battle avec cette superbe figurine de Super<\/p>\n","protected":false},"featured_media":301920,"comment_status":"open","ping_status":"closed","template":"","meta":{"_acf_changed":false},"product_brand":[5144],"product_cat":[9911,9913,9923],"product_tag":[],"class_list":{"0":"post-307328","1":"product","2":"type-product","3":"status-publish","4":"has-post-thumbnail","6":"product_brand-bandai","7":"product_cat-collectibles-fr","8":"product_cat-figurines-danime","9":"product_cat-figurines-dragon-ball","11":"first","12":"instock","13":"taxable","14":"shipping-taxable","15":"purchasable","16":"product-type-simple"},"acf":[],"yoast_head":"<!-- This site is optimized with the Yoast SEO plugin v27.4 - https:\/\/yoast.com\/product\/yoast-seo-wordpress\/ -->\n<title>Ach\u00e8te Bandai - Banpresto - Dragon Ball - Dokkan Battle - 10th Anniversary - Super Gogeta<\/title>\n<meta name=\"description\" content=\"Ach\u00e8te Bandai - Banpresto - Dragon Ball - Dokkan Battle - 10th Anniversary - Super Gogeta en ligne maintenant \u00e0 petit prix! Ton #1 shop pour cartes TCG &amp; Pok\u00e9mon en Suisse \u2713 Livraison gratuite d\u00e8s CHF 29\" \/>\n<meta name=\"robots\" content=\"index, follow, max-snippet:-1, max-image-preview:large, max-video-preview:-1\" \/>\n<link rel=\"canonical\" href=\"https:\/\/theuncommonshop.ch\/fr\/product\/bandai-banpresto-dragon-ball-dokkan-battle-10th-anniversary-super-gogeta-2\/\" \/>\n<meta property=\"og:locale\" content=\"fr_FR\" \/>\n<meta property=\"og:type\" content=\"article\" \/>\n<meta property=\"og:title\" content=\"Ach\u00e8te Bandai - Banpresto - Dragon Ball - Dokkan Battle - 10th Anniversary - Super Gogeta\" \/>\n<meta property=\"og:description\" content=\"Ach\u00e8te Bandai - Banpresto - Dragon Ball - Dokkan Battle - 10th Anniversary - Super Gogeta en ligne maintenant \u00e0 petit prix! Ton #1 shop pour cartes TCG &amp; Pok\u00e9mon en Suisse \u2713 Livraison gratuite d\u00e8s CHF 29\" \/>\n<meta property=\"og:url\" content=\"https:\/\/theuncommonshop.ch\/fr\/product\/bandai-banpresto-dragon-ball-dokkan-battle-10th-anniversary-super-gogeta-2\/\" \/>\n<meta property=\"og:site_name\" content=\"The Uncommon Shop\" \/>\n<meta property=\"article:modified_time\" content=\"2026-03-08T15:44:56+00:00\" \/>\n<meta property=\"og:image\" content=\"https:\/\/theuncommonshop.ch\/wp-content\/uploads\/2026\/03\/X1.jpg\" \/>\n\t<meta property=\"og:image:width\" content=\"1000\" \/>\n\t<meta property=\"og:image:height\" content=\"1000\" \/>\n\t<meta property=\"og:image:type\" content=\"image\/jpeg\" \/>\n<meta name=\"twitter:card\" content=\"summary_large_image\" \/>\n<meta name=\"twitter:label1\" content=\"Prix\" \/>\n\t<meta name=\"twitter:data1\" content=\"&#067;&#072;&#070;&nbsp;34.95\" \/>\n\t<meta name=\"twitter:label2\" content=\"Disponibilit\u00e9\" \/>\n\t<meta name=\"twitter:data2\" content=\"En stock\" \/>\n<script type=\"application\/ld+json\" class=\"yoast-schema-graph\">{\"@context\":\"https:\\\/\\\/schema.org\",\"@graph\":[{\"@type\":\"WebPage\",\"@id\":\"https:\\\/\\\/theuncommonshop.ch\\\/fr\\\/product\\\/bandai-banpresto-dragon-ball-dokkan-battle-10th-anniversary-super-gogeta-2\\\/\",\"url\":\"https:\\\/\\\/theuncommonshop.ch\\\/fr\\\/product\\\/bandai-banpresto-dragon-ball-dokkan-battle-10th-anniversary-super-gogeta-2\\\/\",\"name\":\"Ach\u00e8te Bandai - Banpresto - Dragon Ball - Dokkan Battle - 10th Anniversary - Super Gogeta\",\"isPartOf\":{\"@id\":\"https:\\\/\\\/theuncommonshop.ch\\\/fr\\\/#website\"},\"primaryImageOfPage\":{\"@id\":\"https:\\\/\\\/theuncommonshop.ch\\\/fr\\\/product\\\/bandai-banpresto-dragon-ball-dokkan-battle-10th-anniversary-super-gogeta-2\\\/#primaryimage\"},\"image\":{\"@id\":\"https:\\\/\\\/theuncommonshop.ch\\\/fr\\\/product\\\/bandai-banpresto-dragon-ball-dokkan-battle-10th-anniversary-super-gogeta-2\\\/#primaryimage\"},\"thumbnailUrl\":\"https:\\\/\\\/theuncommonshop.ch\\\/wp-content\\\/uploads\\\/2026\\\/03\\\/X1.jpg\",\"datePublished\":\"2026-03-01T19:24:07+00:00\",\"dateModified\":\"2026-03-08T15:44:56+00:00\",\"description\":\"Ach\u00e8te Bandai - Banpresto - Dragon Ball - Dokkan Battle - 10th Anniversary - Super Gogeta en ligne maintenant \u00e0 petit prix! Ton #1 shop pour cartes TCG & Pok\u00e9mon en Suisse \u2713 Livraison gratuite d\u00e8s CHF 29\",\"breadcrumb\":{\"@id\":\"https:\\\/\\\/theuncommonshop.ch\\\/fr\\\/product\\\/bandai-banpresto-dragon-ball-dokkan-battle-10th-anniversary-super-gogeta-2\\\/#breadcrumb\"},\"inLanguage\":\"fr-FR\",\"potentialAction\":[{\"@type\":\"ReadAction\",\"target\":[\"https:\\\/\\\/theuncommonshop.ch\\\/fr\\\/product\\\/bandai-banpresto-dragon-ball-dokkan-battle-10th-anniversary-super-gogeta-2\\\/\"]}]},{\"@type\":\"ImageObject\",\"inLanguage\":\"fr-FR\",\"@id\":\"https:\\\/\\\/theuncommonshop.ch\\\/fr\\\/product\\\/bandai-banpresto-dragon-ball-dokkan-battle-10th-anniversary-super-gogeta-2\\\/#primaryimage\",\"url\":\"https:\\\/\\\/theuncommonshop.ch\\\/wp-content\\\/uploads\\\/2026\\\/03\\\/X1.jpg\",\"contentUrl\":\"https:\\\/\\\/theuncommonshop.ch\\\/wp-content\\\/uploads\\\/2026\\\/03\\\/X1.jpg\",\"width\":1000,\"height\":1000},{\"@type\":\"BreadcrumbList\",\"@id\":\"https:\\\/\\\/theuncommonshop.ch\\\/fr\\\/product\\\/bandai-banpresto-dragon-ball-dokkan-battle-10th-anniversary-super-gogeta-2\\\/#breadcrumb\",\"itemListElement\":[{\"@type\":\"ListItem\",\"position\":1,\"name\":\"Accueil\",\"item\":\"https:\\\/\\\/theuncommonshop.ch\\\/fr\\\/accueil\\\/\"},{\"@type\":\"ListItem\",\"position\":2,\"name\":\"Boutique\",\"item\":\"https:\\\/\\\/theuncommonshop.ch\\\/fr\\\/boutique\\\/\"},{\"@type\":\"ListItem\",\"position\":3,\"name\":\"Collectibles\",\"item\":\"https:\\\/\\\/theuncommonshop.ch\\\/fr\\\/categorie-produit\\\/collectibles-fr\\\/\"},{\"@type\":\"ListItem\",\"position\":4,\"name\":\"Figurines d'anime\",\"item\":\"https:\\\/\\\/theuncommonshop.ch\\\/fr\\\/categorie-produit\\\/collectibles-fr\\\/figurines-danime\\\/\"},{\"@type\":\"ListItem\",\"position\":5,\"name\":\"Figurines Dragon Ball\",\"item\":\"https:\\\/\\\/theuncommonshop.ch\\\/fr\\\/categorie-produit\\\/collectibles-fr\\\/figurines-danime\\\/figurines-dragon-ball\\\/\"},{\"@type\":\"ListItem\",\"position\":6,\"name\":\"Bandai &#8211; Banpresto &#8211; Dragon Ball &#8211; Dokkan Battle &#8211; 10th Anniversary &#8211; Super Gogeta\"}]},{\"@type\":\"WebSite\",\"@id\":\"https:\\\/\\\/theuncommonshop.ch\\\/fr\\\/#website\",\"url\":\"https:\\\/\\\/theuncommonshop.ch\\\/fr\\\/\",\"name\":\"The Uncommon Shop\",\"description\":\"Magic, Pok\u00e9mon and Yu-gi-oh - The Uncommon Shop\",\"potentialAction\":[{\"@type\":\"SearchAction\",\"target\":{\"@type\":\"EntryPoint\",\"urlTemplate\":\"https:\\\/\\\/theuncommonshop.ch\\\/fr\\\/?s={search_term_string}\"},\"query-input\":{\"@type\":\"PropertyValueSpecification\",\"valueRequired\":true,\"valueName\":\"search_term_string\"}}],\"inLanguage\":\"fr-FR\"}]}<\/script>\n<meta property=\"product:price:amount\" content=\"34.95\" \/>\n<meta property=\"product:price:currency\" content=\"CHF\" \/>\n<meta property=\"og:availability\" content=\"instock\" \/>\n<meta property=\"product:availability\" content=\"instock\" \/>\n<meta property=\"product:retailer_item_id\" content=\"66745\" \/>\n<meta property=\"product:condition\" content=\"new\" \/>\n<!-- \/ Yoast SEO plugin. -->","yoast_head_json":{"title":"Ach\u00e8te Bandai - Banpresto - Dragon Ball - Dokkan Battle - 10th Anniversary - Super Gogeta","description":"Ach\u00e8te Bandai - Banpresto - Dragon Ball - Dokkan Battle - 10th Anniversary - Super Gogeta en ligne maintenant \u00e0 petit prix! Ton #1 shop pour cartes TCG & Pok\u00e9mon en Suisse \u2713 Livraison gratuite d\u00e8s CHF 29","robots":{"index":"index","follow":"follow","max-snippet":"max-snippet:-1","max-image-preview":"max-image-preview:large","max-video-preview":"max-video-preview:-1"},"canonical":"https:\/\/theuncommonshop.ch\/fr\/product\/bandai-banpresto-dragon-ball-dokkan-battle-10th-anniversary-super-gogeta-2\/","og_locale":"fr_FR","og_type":"article","og_title":"Ach\u00e8te Bandai - Banpresto - Dragon Ball - Dokkan Battle - 10th Anniversary - Super Gogeta","og_description":"Ach\u00e8te Bandai - Banpresto - Dragon Ball - Dokkan Battle - 10th Anniversary - Super Gogeta en ligne maintenant \u00e0 petit prix! Ton #1 shop pour cartes TCG & Pok\u00e9mon en Suisse \u2713 Livraison gratuite d\u00e8s CHF 29","og_url":"https:\/\/theuncommonshop.ch\/fr\/product\/bandai-banpresto-dragon-ball-dokkan-battle-10th-anniversary-super-gogeta-2\/","og_site_name":"The Uncommon Shop","article_modified_time":"2026-03-08T15:44:56+00:00","og_image":[{"width":1000,"height":1000,"url":"https:\/\/theuncommonshop.ch\/wp-content\/uploads\/2026\/03\/X1.jpg","type":"image\/jpeg"}],"twitter_card":"summary_large_image","twitter_misc":{"Prix":"&#67;&#72;&#70;&nbsp;34.95","Disponibilit\u00e9":"En stock"},"schema":{"@context":"https:\/\/schema.org","@graph":[{"@type":"WebPage","@id":"https:\/\/theuncommonshop.ch\/fr\/product\/bandai-banpresto-dragon-ball-dokkan-battle-10th-anniversary-super-gogeta-2\/","url":"https:\/\/theuncommonshop.ch\/fr\/product\/bandai-banpresto-dragon-ball-dokkan-battle-10th-anniversary-super-gogeta-2\/","name":"Ach\u00e8te Bandai - Banpresto - Dragon Ball - Dokkan Battle - 10th Anniversary - Super Gogeta","isPartOf":{"@id":"https:\/\/theuncommonshop.ch\/fr\/#website"},"primaryImageOfPage":{"@id":"https:\/\/theuncommonshop.ch\/fr\/product\/bandai-banpresto-dragon-ball-dokkan-battle-10th-anniversary-super-gogeta-2\/#primaryimage"},"image":{"@id":"https:\/\/theuncommonshop.ch\/fr\/product\/bandai-banpresto-dragon-ball-dokkan-battle-10th-anniversary-super-gogeta-2\/#primaryimage"},"thumbnailUrl":"https:\/\/theuncommonshop.ch\/wp-content\/uploads\/2026\/03\/X1.jpg","datePublished":"2026-03-01T19:24:07+00:00","dateModified":"2026-03-08T15:44:56+00:00","description":"Ach\u00e8te Bandai - Banpresto - Dragon Ball - Dokkan Battle - 10th Anniversary - Super Gogeta en ligne maintenant \u00e0 petit prix! Ton #1 shop pour cartes TCG & Pok\u00e9mon en Suisse \u2713 Livraison gratuite d\u00e8s CHF 29","breadcrumb":{"@id":"https:\/\/theuncommonshop.ch\/fr\/product\/bandai-banpresto-dragon-ball-dokkan-battle-10th-anniversary-super-gogeta-2\/#breadcrumb"},"inLanguage":"fr-FR","potentialAction":[{"@type":"ReadAction","target":["https:\/\/theuncommonshop.ch\/fr\/product\/bandai-banpresto-dragon-ball-dokkan-battle-10th-anniversary-super-gogeta-2\/"]}]},{"@type":"ImageObject","inLanguage":"fr-FR","@id":"https:\/\/theuncommonshop.ch\/fr\/product\/bandai-banpresto-dragon-ball-dokkan-battle-10th-anniversary-super-gogeta-2\/#primaryimage","url":"https:\/\/theuncommonshop.ch\/wp-content\/uploads\/2026\/03\/X1.jpg","contentUrl":"https:\/\/theuncommonshop.ch\/wp-content\/uploads\/2026\/03\/X1.jpg","width":1000,"height":1000},{"@type":"BreadcrumbList","@id":"https:\/\/theuncommonshop.ch\/fr\/product\/bandai-banpresto-dragon-ball-dokkan-battle-10th-anniversary-super-gogeta-2\/#breadcrumb","itemListElement":[{"@type":"ListItem","position":1,"name":"Accueil","item":"https:\/\/theuncommonshop.ch\/fr\/accueil\/"},{"@type":"ListItem","position":2,"name":"Boutique","item":"https:\/\/theuncommonshop.ch\/fr\/boutique\/"},{"@type":"ListItem","position":3,"name":"Collectibles","item":"https:\/\/theuncommonshop.ch\/fr\/categorie-produit\/collectibles-fr\/"},{"@type":"ListItem","position":4,"name":"Figurines d'anime","item":"https:\/\/theuncommonshop.ch\/fr\/categorie-produit\/collectibles-fr\/figurines-danime\/"},{"@type":"ListItem","position":5,"name":"Figurines Dragon Ball","item":"https:\/\/theuncommonshop.ch\/fr\/categorie-produit\/collectibles-fr\/figurines-danime\/figurines-dragon-ball\/"},{"@type":"ListItem","position":6,"name":"Bandai &#8211; Banpresto &#8211; Dragon Ball &#8211; Dokkan Battle &#8211; 10th Anniversary &#8211; Super Gogeta"}]},{"@type":"WebSite","@id":"https:\/\/theuncommonshop.ch\/fr\/#website","url":"https:\/\/theuncommonshop.ch\/fr\/","name":"The Uncommon Shop","description":"Magic, Pok\u00e9mon and Yu-gi-oh - The Uncommon Shop","potentialAction":[{"@type":"SearchAction","target":{"@type":"EntryPoint","urlTemplate":"https:\/\/theuncommonshop.ch\/fr\/?s={search_term_string}"},"query-input":{"@type":"PropertyValueSpecification","valueRequired":true,"valueName":"search_term_string"}}],"inLanguage":"fr-FR"}]},"product_price_amount":"34.95","product_price_currency":"CHF","og_availability":"instock","product_availability":"instock","product_retailer_item_id":"66745","product_condition":"new"},"_links":{"self":[{"href":"https:\/\/theuncommonshop.ch\/fr\/wp-json\/wp\/v2\/product\/307328","targetHints":{"allow":["GET"]}}],"collection":[{"href":"https:\/\/theuncommonshop.ch\/fr\/wp-json\/wp\/v2\/product"}],"about":[{"href":"https:\/\/theuncommonshop.ch\/fr\/wp-json\/wp\/v2\/types\/product"}],"replies":[{"embeddable":true,"href":"https:\/\/theuncommonshop.ch\/fr\/wp-json\/wp\/v2\/comments?post=307328"}],"version-history":[{"count":0,"href":"https:\/\/theuncommonshop.ch\/fr\/wp-json\/wp\/v2\/product\/307328\/revisions"}],"wp:featuredmedia":[{"embeddable":true,"href":"https:\/\/theuncommonshop.ch\/fr\/wp-json\/wp\/v2\/media\/301920"}],"wp:attachment":[{"href":"https:\/\/theuncommonshop.ch\/fr\/wp-json\/wp\/v2\/media?parent=307328"}],"wp:term":[{"taxonomy":"product_brand","embeddable":true,"href":"https:\/\/theuncommonshop.ch\/fr\/wp-json\/wp\/v2\/product_brand?post=307328"},{"taxonomy":"product_cat","embeddable":true,"href":"https:\/\/theuncommonshop.ch\/fr\/wp-json\/wp\/v2\/product_cat?post=307328"},{"taxonomy":"product_tag","embeddable":true,"href":"https:\/\/theuncommonshop.ch\/fr\/wp-json\/wp\/v2\/product_tag?post=307328"}],"curies":[{"name":"wp","href":"https:\/\/api.w.org\/{rel}","templated":true}]}}