{"id":307146,"date":"2026-03-01T18:37:45","date_gmt":"2026-03-01T17:37:45","guid":{"rendered":"http:\/\/theuncommonshop.ch\/produkt\/307146\/"},"modified":"2026-03-31T18:15:32","modified_gmt":"2026-03-31T16:15:32","slug":"topps-chrome-premier-league-2026-hobby-box-2","status":"publish","type":"product","link":"https:\/\/theuncommonshop.ch\/fr\/product\/topps-chrome-premier-league-2026-hobby-box-2\/","title":{"rendered":"Topps Chrome &#8211; Premier League 2026 &#8211; Hobby Box"},"content":{"rendered":"<p>L&#8217;attente est enfin termin\u00e9e&#8230; La Premier League et Topps Chrome sont enfin r\u00e9unis. <\/p>\n<p>Topps est fier de pr\u00e9senter Topps Chrome Premier League 2026 avec les meilleurs rookies, v\u00e9t\u00e9rans et l\u00e9gendes de ce championnat l\u00e9gendaire. Profitez de 200 cartes de base repr\u00e9sentant les 20 clubs ainsi que d&#8217;une s\u00e9rie de parall\u00e8les exquis sur une technologie Chrome \u00e9poustouflante, dont un RetroFractor exclusif pour les collectionneurs, num\u00e9rot\u00e9 en continu jusqu&#8217;\u00e0 92 &#8211; la premi\u00e8re ann\u00e9e de la Premier League. <\/p>\n<p>Chaque Hobby Box contient 10 encarts courants, dont The Streets Won&#8217;t Forget et That&#8217;s His Job, et chaque bo\u00eete contient un encart sp\u00e9cial Locked In. Profitez des impressions courtes sp\u00e9ciales, notamment Helix, Triple Platinum, A Cold And Rainy Night In Chrome et bien d&#8217;autres, dont des encarts Chrome Anime \u00e0 couper le souffle. En outre, les cartes classiques de l&#8217;\u00e9cusson du club sont de retour &#8230; mais seulement sous la forme d&#8217;ultra-rare 1\/1 Superfractors !  <\/p>\n<p>Chaque Hobby Box est garantie de contenir une carte d&#8217;autographes avec une liste de contr\u00f4le comprenant certains des plus grands joueurs de la Premier League d&#8217;hier, d&#8217;aujourd&#8217;hui et de demain. Soyez \u00e0 l&#8217;aff\u00fbt des autographes sur carte en \u00e9dition limit\u00e9e de joueurs s\u00e9lectionn\u00e9s, des doubles autographes, des triples autographes, des quadruples autographes, des autographes sur carte sp\u00e9ciaux Zero Hours, des incroyables autographes sur carte Cold Battle et bien plus encore. <\/p>\n<p>Que vous suiviez la Premier League depuis le premier coup d&#8217;envoi en ao\u00fbt 1992 et que vous soyez passionn\u00e9 par ce spectacle depuis des ann\u00e9es ou que vous soyez tout nouveau dans ce beau jeu, Topps Chrome Premier League 2026 est la s\u00e9rie de cartes \u00e0 collectionner ultime pour les fans de partout.<\/p>\n<ul>\n<li>4 cartes par paquet, 20 paquets par bo\u00eete<\/li>\n<li>1 carte d&#8217;autographe par bo\u00eete<\/li>\n<li>4 parall\u00e8les Prism exclusifs par bo\u00eete<\/li>\n<\/ul>\n","protected":false},"excerpt":{"rendered":"<p>L&#8217;attente est enfin termin\u00e9e&#8230; La Premier League et Topps Chrome sont enfin r\u00e9unis. Topps est fier de pr\u00e9senter Topps Chrome<\/p>\n","protected":false},"featured_media":301740,"comment_status":"open","ping_status":"closed","template":"","meta":{"_acf_changed":false},"product_brand":[5130,5178],"product_cat":[9785,10323,9797,10327],"product_tag":[],"class_list":{"0":"post-307146","1":"product","2":"type-product","3":"status-publish","4":"has-post-thumbnail","6":"product_brand-topps","7":"product_brand-topps-chrome","8":"product_cat-autres-cartes-a-collectionner","9":"product_cat-cartes-sportives-topps","10":"product_cat-cartes-topps","11":"product_cat-topps-football","13":"first","14":"outofstock","15":"taxable","16":"shipping-taxable","17":"purchasable","18":"product-type-simple"},"acf":[],"yoast_head":"<!-- This site is optimized with the Yoast SEO plugin v27.4 - https:\/\/yoast.com\/product\/yoast-seo-wordpress\/ -->\n<title>Ach\u00e8te Topps Chrome - Premier League 2026 - Hobby Box<\/title>\n<meta name=\"description\" content=\"Ach\u00e8te Topps Chrome - Premier League 2026 - Hobby Box en ligne maintenant \u00e0 petit prix! Ton #1 shop pour cartes TCG &amp; Pok\u00e9mon en Suisse \u2713 Livraison gratuite d\u00e8s CHF 29\" \/>\n<meta name=\"robots\" content=\"index, follow, max-snippet:-1, max-image-preview:large, max-video-preview:-1\" \/>\n<link rel=\"canonical\" href=\"https:\/\/theuncommonshop.ch\/fr\/product\/topps-chrome-premier-league-2026-hobby-box-2\/\" \/>\n<meta property=\"og:locale\" content=\"fr_FR\" \/>\n<meta property=\"og:type\" content=\"article\" \/>\n<meta property=\"og:title\" content=\"Ach\u00e8te Topps Chrome - Premier League 2026 - Hobby Box\" \/>\n<meta property=\"og:description\" content=\"Ach\u00e8te Topps Chrome - Premier League 2026 - Hobby Box en ligne maintenant \u00e0 petit prix! Ton #1 shop pour cartes TCG &amp; Pok\u00e9mon en Suisse \u2713 Livraison gratuite d\u00e8s CHF 29\" \/>\n<meta property=\"og:url\" content=\"https:\/\/theuncommonshop.ch\/fr\/product\/topps-chrome-premier-league-2026-hobby-box-2\/\" \/>\n<meta property=\"og:site_name\" content=\"Largest trading card shop in Switzerland\" \/>\n<meta property=\"article:modified_time\" content=\"2026-03-31T16:15:32+00:00\" \/>\n<meta property=\"og:image\" content=\"https:\/\/theuncommonshop.ch\/wp-content\/uploads\/2026\/03\/B1.webp\" \/>\n\t<meta property=\"og:image:width\" content=\"1125\" \/>\n\t<meta property=\"og:image:height\" content=\"1500\" \/>\n\t<meta property=\"og:image:type\" content=\"image\/webp\" \/>\n<meta name=\"twitter:card\" content=\"summary_large_image\" \/>\n<meta name=\"twitter:label1\" content=\"Prix\" \/>\n\t<meta name=\"twitter:data1\" content=\"&#067;&#072;&#070;&nbsp;279.95\" \/>\n\t<meta name=\"twitter:label2\" content=\"Disponibilit\u00e9\" \/>\n\t<meta name=\"twitter:data2\" content=\"Rupture de stock\" \/>\n<script type=\"application\/ld+json\" class=\"yoast-schema-graph\">{\"@context\":\"https:\\\/\\\/schema.org\",\"@graph\":[{\"@type\":\"WebPage\",\"@id\":\"https:\\\/\\\/theuncommonshop.ch\\\/fr\\\/product\\\/topps-chrome-premier-league-2026-hobby-box-2\\\/\",\"url\":\"https:\\\/\\\/theuncommonshop.ch\\\/fr\\\/product\\\/topps-chrome-premier-league-2026-hobby-box-2\\\/\",\"name\":\"Ach\u00e8te Topps Chrome - Premier League 2026 - Hobby Box\",\"isPartOf\":{\"@id\":\"https:\\\/\\\/theuncommonshop.ch\\\/#website\"},\"primaryImageOfPage\":{\"@id\":\"https:\\\/\\\/theuncommonshop.ch\\\/fr\\\/product\\\/topps-chrome-premier-league-2026-hobby-box-2\\\/#primaryimage\"},\"image\":{\"@id\":\"https:\\\/\\\/theuncommonshop.ch\\\/fr\\\/product\\\/topps-chrome-premier-league-2026-hobby-box-2\\\/#primaryimage\"},\"thumbnailUrl\":\"https:\\\/\\\/theuncommonshop.ch\\\/wp-content\\\/uploads\\\/2026\\\/03\\\/B1.webp\",\"datePublished\":\"2026-03-01T17:37:45+00:00\",\"dateModified\":\"2026-03-31T16:15:32+00:00\",\"description\":\"Ach\u00e8te Topps Chrome - Premier League 2026 - Hobby Box en ligne maintenant \u00e0 petit prix! Ton #1 shop pour cartes TCG & Pok\u00e9mon en Suisse \u2713 Livraison gratuite d\u00e8s CHF 29\",\"breadcrumb\":{\"@id\":\"https:\\\/\\\/theuncommonshop.ch\\\/fr\\\/product\\\/topps-chrome-premier-league-2026-hobby-box-2\\\/#breadcrumb\"},\"inLanguage\":\"fr-FR\",\"potentialAction\":[{\"@type\":\"ReadAction\",\"target\":[\"https:\\\/\\\/theuncommonshop.ch\\\/fr\\\/product\\\/topps-chrome-premier-league-2026-hobby-box-2\\\/\"]}]},{\"@type\":\"ImageObject\",\"inLanguage\":\"fr-FR\",\"@id\":\"https:\\\/\\\/theuncommonshop.ch\\\/fr\\\/product\\\/topps-chrome-premier-league-2026-hobby-box-2\\\/#primaryimage\",\"url\":\"https:\\\/\\\/theuncommonshop.ch\\\/wp-content\\\/uploads\\\/2026\\\/03\\\/B1.webp\",\"contentUrl\":\"https:\\\/\\\/theuncommonshop.ch\\\/wp-content\\\/uploads\\\/2026\\\/03\\\/B1.webp\",\"width\":1125,\"height\":1500},{\"@type\":\"BreadcrumbList\",\"@id\":\"https:\\\/\\\/theuncommonshop.ch\\\/fr\\\/product\\\/topps-chrome-premier-league-2026-hobby-box-2\\\/#breadcrumb\",\"itemListElement\":[{\"@type\":\"ListItem\",\"position\":1,\"name\":\"Accueil\",\"item\":\"https:\\\/\\\/theuncommonshop.ch\\\/fr\\\/accueil\\\/\"},{\"@type\":\"ListItem\",\"position\":2,\"name\":\"Boutique\",\"item\":\"https:\\\/\\\/theuncommonshop.ch\\\/fr\\\/boutique\\\/\"},{\"@type\":\"ListItem\",\"position\":3,\"name\":\"Weitere Sammelkarten\",\"item\":\"https:\\\/\\\/theuncommonshop.ch\\\/produktkategorie\\\/weitere-sammelkarten\\\/\"},{\"@type\":\"ListItem\",\"position\":4,\"name\":\"Topps Karten\",\"item\":\"https:\\\/\\\/theuncommonshop.ch\\\/produktkategorie\\\/weitere-sammelkarten\\\/topps-karten\\\/\"},{\"@type\":\"ListItem\",\"position\":5,\"name\":\"Topps Sportkarten\",\"item\":\"https:\\\/\\\/theuncommonshop.ch\\\/produktkategorie\\\/weitere-sammelkarten\\\/topps-karten\\\/topps-sportkarten\\\/\"},{\"@type\":\"ListItem\",\"position\":6,\"name\":\"Topps Fussball\",\"item\":\"https:\\\/\\\/theuncommonshop.ch\\\/produktkategorie\\\/weitere-sammelkarten\\\/topps-karten\\\/topps-sportkarten\\\/topps-fussball\\\/\"},{\"@type\":\"ListItem\",\"position\":7,\"name\":\"Topps Chrome &#8211; Premier League 2026 &#8211; Hobby Box\"}]},{\"@type\":\"WebSite\",\"@id\":\"https:\\\/\\\/theuncommonshop.ch\\\/#website\",\"url\":\"https:\\\/\\\/theuncommonshop.ch\\\/\",\"name\":\"Largest trading card shop in Switzerland\",\"description\":\"Magic, Pok\u00e9mon and Yu-gi-oh - The Uncommon Shop\",\"potentialAction\":[{\"@type\":\"SearchAction\",\"target\":{\"@type\":\"EntryPoint\",\"urlTemplate\":\"https:\\\/\\\/theuncommonshop.ch\\\/?s={search_term_string}\"},\"query-input\":{\"@type\":\"PropertyValueSpecification\",\"valueRequired\":true,\"valueName\":\"search_term_string\"}}],\"inLanguage\":\"fr-FR\"}]}<\/script>\n<meta property=\"product:price:amount\" content=\"279.95\" \/>\n<meta property=\"product:price:currency\" content=\"CHF\" \/>\n<meta property=\"og:availability\" content=\"out of stock\" \/>\n<meta property=\"product:availability\" content=\"out of stock\" \/>\n<meta property=\"product:retailer_item_id\" content=\"66719\" \/>\n<meta property=\"product:condition\" content=\"new\" \/>\n<!-- \/ Yoast SEO plugin. -->","yoast_head_json":{"title":"Ach\u00e8te Topps Chrome - Premier League 2026 - Hobby Box","description":"Ach\u00e8te Topps Chrome - Premier League 2026 - Hobby Box en ligne maintenant \u00e0 petit prix! Ton #1 shop pour cartes TCG & Pok\u00e9mon en Suisse \u2713 Livraison gratuite d\u00e8s CHF 29","robots":{"index":"index","follow":"follow","max-snippet":"max-snippet:-1","max-image-preview":"max-image-preview:large","max-video-preview":"max-video-preview:-1"},"canonical":"https:\/\/theuncommonshop.ch\/fr\/product\/topps-chrome-premier-league-2026-hobby-box-2\/","og_locale":"fr_FR","og_type":"article","og_title":"Ach\u00e8te Topps Chrome - Premier League 2026 - Hobby Box","og_description":"Ach\u00e8te Topps Chrome - Premier League 2026 - Hobby Box en ligne maintenant \u00e0 petit prix! Ton #1 shop pour cartes TCG & Pok\u00e9mon en Suisse \u2713 Livraison gratuite d\u00e8s CHF 29","og_url":"https:\/\/theuncommonshop.ch\/fr\/product\/topps-chrome-premier-league-2026-hobby-box-2\/","og_site_name":"Largest trading card shop in Switzerland","article_modified_time":"2026-03-31T16:15:32+00:00","og_image":[{"width":1125,"height":1500,"url":"https:\/\/theuncommonshop.ch\/wp-content\/uploads\/2026\/03\/B1.webp","type":"image\/webp"}],"twitter_card":"summary_large_image","twitter_misc":{"Prix":"&#67;&#72;&#70;&nbsp;279.95","Disponibilit\u00e9":"Rupture de stock"},"schema":{"@context":"https:\/\/schema.org","@graph":[{"@type":"WebPage","@id":"https:\/\/theuncommonshop.ch\/fr\/product\/topps-chrome-premier-league-2026-hobby-box-2\/","url":"https:\/\/theuncommonshop.ch\/fr\/product\/topps-chrome-premier-league-2026-hobby-box-2\/","name":"Ach\u00e8te Topps Chrome - Premier League 2026 - Hobby Box","isPartOf":{"@id":"https:\/\/theuncommonshop.ch\/#website"},"primaryImageOfPage":{"@id":"https:\/\/theuncommonshop.ch\/fr\/product\/topps-chrome-premier-league-2026-hobby-box-2\/#primaryimage"},"image":{"@id":"https:\/\/theuncommonshop.ch\/fr\/product\/topps-chrome-premier-league-2026-hobby-box-2\/#primaryimage"},"thumbnailUrl":"https:\/\/theuncommonshop.ch\/wp-content\/uploads\/2026\/03\/B1.webp","datePublished":"2026-03-01T17:37:45+00:00","dateModified":"2026-03-31T16:15:32+00:00","description":"Ach\u00e8te Topps Chrome - Premier League 2026 - Hobby Box en ligne maintenant \u00e0 petit prix! Ton #1 shop pour cartes TCG & Pok\u00e9mon en Suisse \u2713 Livraison gratuite d\u00e8s CHF 29","breadcrumb":{"@id":"https:\/\/theuncommonshop.ch\/fr\/product\/topps-chrome-premier-league-2026-hobby-box-2\/#breadcrumb"},"inLanguage":"fr-FR","potentialAction":[{"@type":"ReadAction","target":["https:\/\/theuncommonshop.ch\/fr\/product\/topps-chrome-premier-league-2026-hobby-box-2\/"]}]},{"@type":"ImageObject","inLanguage":"fr-FR","@id":"https:\/\/theuncommonshop.ch\/fr\/product\/topps-chrome-premier-league-2026-hobby-box-2\/#primaryimage","url":"https:\/\/theuncommonshop.ch\/wp-content\/uploads\/2026\/03\/B1.webp","contentUrl":"https:\/\/theuncommonshop.ch\/wp-content\/uploads\/2026\/03\/B1.webp","width":1125,"height":1500},{"@type":"BreadcrumbList","@id":"https:\/\/theuncommonshop.ch\/fr\/product\/topps-chrome-premier-league-2026-hobby-box-2\/#breadcrumb","itemListElement":[{"@type":"ListItem","position":1,"name":"Accueil","item":"https:\/\/theuncommonshop.ch\/fr\/accueil\/"},{"@type":"ListItem","position":2,"name":"Boutique","item":"https:\/\/theuncommonshop.ch\/fr\/boutique\/"},{"@type":"ListItem","position":3,"name":"Weitere Sammelkarten","item":"https:\/\/theuncommonshop.ch\/produktkategorie\/weitere-sammelkarten\/"},{"@type":"ListItem","position":4,"name":"Topps Karten","item":"https:\/\/theuncommonshop.ch\/produktkategorie\/weitere-sammelkarten\/topps-karten\/"},{"@type":"ListItem","position":5,"name":"Topps Sportkarten","item":"https:\/\/theuncommonshop.ch\/produktkategorie\/weitere-sammelkarten\/topps-karten\/topps-sportkarten\/"},{"@type":"ListItem","position":6,"name":"Topps Fussball","item":"https:\/\/theuncommonshop.ch\/produktkategorie\/weitere-sammelkarten\/topps-karten\/topps-sportkarten\/topps-fussball\/"},{"@type":"ListItem","position":7,"name":"Topps Chrome &#8211; Premier League 2026 &#8211; Hobby Box"}]},{"@type":"WebSite","@id":"https:\/\/theuncommonshop.ch\/#website","url":"https:\/\/theuncommonshop.ch\/","name":"Largest trading card shop in Switzerland","description":"Magic, Pok\u00e9mon and Yu-gi-oh - The Uncommon Shop","potentialAction":[{"@type":"SearchAction","target":{"@type":"EntryPoint","urlTemplate":"https:\/\/theuncommonshop.ch\/?s={search_term_string}"},"query-input":{"@type":"PropertyValueSpecification","valueRequired":true,"valueName":"search_term_string"}}],"inLanguage":"fr-FR"}]},"product_price_amount":"279.95","product_price_currency":"CHF","og_availability":"out of stock","product_availability":"out of stock","product_retailer_item_id":"66719","product_condition":"new"},"_links":{"self":[{"href":"https:\/\/theuncommonshop.ch\/fr\/wp-json\/wp\/v2\/product\/307146","targetHints":{"allow":["GET"]}}],"collection":[{"href":"https:\/\/theuncommonshop.ch\/fr\/wp-json\/wp\/v2\/product"}],"about":[{"href":"https:\/\/theuncommonshop.ch\/fr\/wp-json\/wp\/v2\/types\/product"}],"replies":[{"embeddable":true,"href":"https:\/\/theuncommonshop.ch\/fr\/wp-json\/wp\/v2\/comments?post=307146"}],"version-history":[{"count":1,"href":"https:\/\/theuncommonshop.ch\/fr\/wp-json\/wp\/v2\/product\/307146\/revisions"}],"predecessor-version":[{"id":307157,"href":"https:\/\/theuncommonshop.ch\/fr\/wp-json\/wp\/v2\/product\/307146\/revisions\/307157"}],"wp:featuredmedia":[{"embeddable":true,"href":"https:\/\/theuncommonshop.ch\/fr\/wp-json\/wp\/v2\/media\/301740"}],"wp:attachment":[{"href":"https:\/\/theuncommonshop.ch\/fr\/wp-json\/wp\/v2\/media?parent=307146"}],"wp:term":[{"taxonomy":"product_brand","embeddable":true,"href":"https:\/\/theuncommonshop.ch\/fr\/wp-json\/wp\/v2\/product_brand?post=307146"},{"taxonomy":"product_cat","embeddable":true,"href":"https:\/\/theuncommonshop.ch\/fr\/wp-json\/wp\/v2\/product_cat?post=307146"},{"taxonomy":"product_tag","embeddable":true,"href":"https:\/\/theuncommonshop.ch\/fr\/wp-json\/wp\/v2\/product_tag?post=307146"}],"curies":[{"name":"wp","href":"https:\/\/api.w.org\/{rel}","templated":true}]}}