{"id":307042,"date":"2026-02-09T17:46:33","date_gmt":"2026-02-09T16:46:33","guid":{"rendered":"http:\/\/theuncommonshop.ch\/produkt\/307042\/"},"modified":"2026-03-08T16:44:25","modified_gmt":"2026-03-08T15:44:25","slug":"ultra-pro-pokemon-neon-kanto-one-touch-edge-3-card-2","status":"publish","type":"product","link":"https:\/\/theuncommonshop.ch\/fr\/product\/ultra-pro-pokemon-neon-kanto-one-touch-edge-3-card-2\/","title":{"rendered":"Ultra Pro &#8211; Pok\u00e9mon Neon Kanto &#8211; One Touch Edge 3-Card"},"content":{"rendered":"<p>Le porte-cartes One Touch Edge pour trois cartes Pok\u00e9mon allie protection premium et style dans un design n\u00e9on lumineux. Il est con\u00e7u avec des charni\u00e8res r\u00e9tractables et des fermetures magn\u00e9tiques pour que vous n&#8217;ayez pas \u00e0 utiliser de tournevis. <\/p>\n<p>Le verso pr\u00e9sente un dessin d&#8217;inspiration n\u00e9on de Glurak, Turtok et Bisaflor sur un fond noir. Parfait pour la pr\u00e9sentation de vos derni\u00e8res et meilleures cartes ! <\/p>\n<p>Le support prot\u00e8ge vos cartes des rayons UV nocifs et est fabriqu\u00e9 dans des mat\u00e9riaux sans acide et sans PVC.<\/p>\n<p>Le porte-cartes peut contenir trois cartes Pok\u00e9mon de taille standard.<\/p>\n","protected":false},"excerpt":{"rendered":"<p>Le porte-cartes One Touch Edge pour trois cartes Pok\u00e9mon allie protection premium et style dans un design n\u00e9on lumineux. Il<\/p>\n","protected":false},"featured_media":299635,"comment_status":"open","ping_status":"closed","template":"","meta":{"_acf_changed":false},"product_brand":[5098],"product_cat":[9859,10267,9867,10259,10029],"product_tag":[],"class_list":{"0":"post-307042","1":"product","2":"type-product","3":"status-publish","4":"has-post-thumbnail","6":"product_brand-ultra-pro","7":"product_cat-accessoires-tcg","8":"product_cat-protection-des-cartes","9":"product_cat-rangement","10":"product_cat-tout","11":"product_cat-ultra-pro","13":"first","14":"instock","15":"sale","16":"taxable","17":"shipping-taxable","18":"purchasable","19":"product-type-simple"},"acf":[],"yoast_head":"<!-- This site is optimized with the Yoast SEO plugin v27.4 - https:\/\/yoast.com\/product\/yoast-seo-wordpress\/ -->\n<title>Ach\u00e8te Ultra Pro - Pok\u00e9mon Neon Kanto - One Touch Edge 3-Card<\/title>\n<meta name=\"description\" content=\"Ach\u00e8te Ultra Pro - Pok\u00e9mon Neon Kanto - One Touch Edge 3-Card en ligne maintenant \u00e0 petit prix! Ton #1 shop pour cartes TCG &amp; Pok\u00e9mon en Suisse \u2713 Livraison gratuite d\u00e8s CHF 29\" \/>\n<meta name=\"robots\" content=\"index, follow, max-snippet:-1, max-image-preview:large, max-video-preview:-1\" \/>\n<link rel=\"canonical\" href=\"https:\/\/theuncommonshop.ch\/fr\/product\/ultra-pro-pokemon-neon-kanto-one-touch-edge-3-card-2\/\" \/>\n<meta property=\"og:locale\" content=\"fr_FR\" \/>\n<meta property=\"og:type\" content=\"article\" \/>\n<meta property=\"og:title\" content=\"Ach\u00e8te Ultra Pro - Pok\u00e9mon Neon Kanto - One Touch Edge 3-Card\" \/>\n<meta property=\"og:description\" content=\"Ach\u00e8te Ultra Pro - Pok\u00e9mon Neon Kanto - One Touch Edge 3-Card en ligne maintenant \u00e0 petit prix! Ton #1 shop pour cartes TCG &amp; Pok\u00e9mon en Suisse \u2713 Livraison gratuite d\u00e8s CHF 29\" \/>\n<meta property=\"og:url\" content=\"https:\/\/theuncommonshop.ch\/fr\/product\/ultra-pro-pokemon-neon-kanto-one-touch-edge-3-card-2\/\" \/>\n<meta property=\"og:site_name\" content=\"The Uncommon Shop\" \/>\n<meta property=\"article:modified_time\" content=\"2026-03-08T15:44:25+00:00\" \/>\n<meta property=\"og:image\" content=\"https:\/\/theuncommonshop.ch\/wp-content\/uploads\/2026\/02\/NEO.jpg\" \/>\n\t<meta property=\"og:image:width\" content=\"836\" \/>\n\t<meta property=\"og:image:height\" content=\"677\" \/>\n\t<meta property=\"og:image:type\" content=\"image\/jpeg\" \/>\n<meta name=\"twitter:card\" content=\"summary_large_image\" \/>\n<meta name=\"twitter:label1\" content=\"Prix\" \/>\n\t<meta name=\"twitter:data1\" content=\"&#067;&#072;&#070;&nbsp;9.95\" \/>\n\t<meta name=\"twitter:label2\" content=\"Disponibilit\u00e9\" \/>\n\t<meta name=\"twitter:data2\" content=\"En stock\" \/>\n<script type=\"application\/ld+json\" class=\"yoast-schema-graph\">{\"@context\":\"https:\\\/\\\/schema.org\",\"@graph\":[{\"@type\":\"WebPage\",\"@id\":\"https:\\\/\\\/theuncommonshop.ch\\\/fr\\\/product\\\/ultra-pro-pokemon-neon-kanto-one-touch-edge-3-card-2\\\/\",\"url\":\"https:\\\/\\\/theuncommonshop.ch\\\/fr\\\/product\\\/ultra-pro-pokemon-neon-kanto-one-touch-edge-3-card-2\\\/\",\"name\":\"Ach\u00e8te Ultra Pro - Pok\u00e9mon Neon Kanto - One Touch Edge 3-Card\",\"isPartOf\":{\"@id\":\"https:\\\/\\\/theuncommonshop.ch\\\/fr\\\/#website\"},\"primaryImageOfPage\":{\"@id\":\"https:\\\/\\\/theuncommonshop.ch\\\/fr\\\/product\\\/ultra-pro-pokemon-neon-kanto-one-touch-edge-3-card-2\\\/#primaryimage\"},\"image\":{\"@id\":\"https:\\\/\\\/theuncommonshop.ch\\\/fr\\\/product\\\/ultra-pro-pokemon-neon-kanto-one-touch-edge-3-card-2\\\/#primaryimage\"},\"thumbnailUrl\":\"https:\\\/\\\/theuncommonshop.ch\\\/wp-content\\\/uploads\\\/2026\\\/02\\\/NEO.jpg\",\"datePublished\":\"2026-02-09T16:46:33+00:00\",\"dateModified\":\"2026-03-08T15:44:25+00:00\",\"description\":\"Ach\u00e8te Ultra Pro - Pok\u00e9mon Neon Kanto - One Touch Edge 3-Card en ligne maintenant \u00e0 petit prix! Ton #1 shop pour cartes TCG & Pok\u00e9mon en Suisse \u2713 Livraison gratuite d\u00e8s CHF 29\",\"breadcrumb\":{\"@id\":\"https:\\\/\\\/theuncommonshop.ch\\\/fr\\\/product\\\/ultra-pro-pokemon-neon-kanto-one-touch-edge-3-card-2\\\/#breadcrumb\"},\"inLanguage\":\"fr-FR\",\"potentialAction\":[{\"@type\":\"ReadAction\",\"target\":[\"https:\\\/\\\/theuncommonshop.ch\\\/fr\\\/product\\\/ultra-pro-pokemon-neon-kanto-one-touch-edge-3-card-2\\\/\"]}]},{\"@type\":\"ImageObject\",\"inLanguage\":\"fr-FR\",\"@id\":\"https:\\\/\\\/theuncommonshop.ch\\\/fr\\\/product\\\/ultra-pro-pokemon-neon-kanto-one-touch-edge-3-card-2\\\/#primaryimage\",\"url\":\"https:\\\/\\\/theuncommonshop.ch\\\/wp-content\\\/uploads\\\/2026\\\/02\\\/NEO.jpg\",\"contentUrl\":\"https:\\\/\\\/theuncommonshop.ch\\\/wp-content\\\/uploads\\\/2026\\\/02\\\/NEO.jpg\",\"width\":836,\"height\":677},{\"@type\":\"BreadcrumbList\",\"@id\":\"https:\\\/\\\/theuncommonshop.ch\\\/fr\\\/product\\\/ultra-pro-pokemon-neon-kanto-one-touch-edge-3-card-2\\\/#breadcrumb\",\"itemListElement\":[{\"@type\":\"ListItem\",\"position\":1,\"name\":\"Accueil\",\"item\":\"https:\\\/\\\/theuncommonshop.ch\\\/fr\\\/accueil\\\/\"},{\"@type\":\"ListItem\",\"position\":2,\"name\":\"Boutique\",\"item\":\"https:\\\/\\\/theuncommonshop.ch\\\/fr\\\/boutique\\\/\"},{\"@type\":\"ListItem\",\"position\":3,\"name\":\"Accessoires TCG\",\"item\":\"https:\\\/\\\/theuncommonshop.ch\\\/fr\\\/categorie-produit\\\/accessoires-tcg\\\/\"},{\"@type\":\"ListItem\",\"position\":4,\"name\":\"Rangement\",\"item\":\"https:\\\/\\\/theuncommonshop.ch\\\/fr\\\/categorie-produit\\\/accessoires-tcg\\\/rangement\\\/\"},{\"@type\":\"ListItem\",\"position\":5,\"name\":\"Tout\",\"item\":\"https:\\\/\\\/theuncommonshop.ch\\\/fr\\\/categorie-produit\\\/accessoires-tcg\\\/rangement\\\/tout\\\/\"},{\"@type\":\"ListItem\",\"position\":6,\"name\":\"Ultra Pro &#8211; Pok\u00e9mon Neon Kanto &#8211; One Touch Edge 3-Card\"}]},{\"@type\":\"WebSite\",\"@id\":\"https:\\\/\\\/theuncommonshop.ch\\\/fr\\\/#website\",\"url\":\"https:\\\/\\\/theuncommonshop.ch\\\/fr\\\/\",\"name\":\"The Uncommon Shop\",\"description\":\"Magic, Pok\u00e9mon and Yu-gi-oh - The Uncommon Shop\",\"potentialAction\":[{\"@type\":\"SearchAction\",\"target\":{\"@type\":\"EntryPoint\",\"urlTemplate\":\"https:\\\/\\\/theuncommonshop.ch\\\/fr\\\/?s={search_term_string}\"},\"query-input\":{\"@type\":\"PropertyValueSpecification\",\"valueRequired\":true,\"valueName\":\"search_term_string\"}}],\"inLanguage\":\"fr-FR\"}]}<\/script>\n<meta property=\"product:price:amount\" content=\"9.95\" \/>\n<meta property=\"product:price:currency\" content=\"CHF\" \/>\n<meta property=\"og:availability\" content=\"instock\" \/>\n<meta property=\"product:availability\" content=\"instock\" \/>\n<meta property=\"product:retailer_item_id\" content=\"66711\" \/>\n<meta property=\"product:condition\" content=\"new\" \/>\n<!-- \/ Yoast SEO plugin. -->","yoast_head_json":{"title":"Ach\u00e8te Ultra Pro - Pok\u00e9mon Neon Kanto - One Touch Edge 3-Card","description":"Ach\u00e8te Ultra Pro - Pok\u00e9mon Neon Kanto - One Touch Edge 3-Card en ligne maintenant \u00e0 petit prix! Ton #1 shop pour cartes TCG & Pok\u00e9mon en Suisse \u2713 Livraison gratuite d\u00e8s CHF 29","robots":{"index":"index","follow":"follow","max-snippet":"max-snippet:-1","max-image-preview":"max-image-preview:large","max-video-preview":"max-video-preview:-1"},"canonical":"https:\/\/theuncommonshop.ch\/fr\/product\/ultra-pro-pokemon-neon-kanto-one-touch-edge-3-card-2\/","og_locale":"fr_FR","og_type":"article","og_title":"Ach\u00e8te Ultra Pro - Pok\u00e9mon Neon Kanto - One Touch Edge 3-Card","og_description":"Ach\u00e8te Ultra Pro - Pok\u00e9mon Neon Kanto - One Touch Edge 3-Card en ligne maintenant \u00e0 petit prix! Ton #1 shop pour cartes TCG & Pok\u00e9mon en Suisse \u2713 Livraison gratuite d\u00e8s CHF 29","og_url":"https:\/\/theuncommonshop.ch\/fr\/product\/ultra-pro-pokemon-neon-kanto-one-touch-edge-3-card-2\/","og_site_name":"The Uncommon Shop","article_modified_time":"2026-03-08T15:44:25+00:00","og_image":[{"width":836,"height":677,"url":"https:\/\/theuncommonshop.ch\/wp-content\/uploads\/2026\/02\/NEO.jpg","type":"image\/jpeg"}],"twitter_card":"summary_large_image","twitter_misc":{"Prix":"&#67;&#72;&#70;&nbsp;9.95","Disponibilit\u00e9":"En stock"},"schema":{"@context":"https:\/\/schema.org","@graph":[{"@type":"WebPage","@id":"https:\/\/theuncommonshop.ch\/fr\/product\/ultra-pro-pokemon-neon-kanto-one-touch-edge-3-card-2\/","url":"https:\/\/theuncommonshop.ch\/fr\/product\/ultra-pro-pokemon-neon-kanto-one-touch-edge-3-card-2\/","name":"Ach\u00e8te Ultra Pro - Pok\u00e9mon Neon Kanto - One Touch Edge 3-Card","isPartOf":{"@id":"https:\/\/theuncommonshop.ch\/fr\/#website"},"primaryImageOfPage":{"@id":"https:\/\/theuncommonshop.ch\/fr\/product\/ultra-pro-pokemon-neon-kanto-one-touch-edge-3-card-2\/#primaryimage"},"image":{"@id":"https:\/\/theuncommonshop.ch\/fr\/product\/ultra-pro-pokemon-neon-kanto-one-touch-edge-3-card-2\/#primaryimage"},"thumbnailUrl":"https:\/\/theuncommonshop.ch\/wp-content\/uploads\/2026\/02\/NEO.jpg","datePublished":"2026-02-09T16:46:33+00:00","dateModified":"2026-03-08T15:44:25+00:00","description":"Ach\u00e8te Ultra Pro - Pok\u00e9mon Neon Kanto - One Touch Edge 3-Card en ligne maintenant \u00e0 petit prix! Ton #1 shop pour cartes TCG & Pok\u00e9mon en Suisse \u2713 Livraison gratuite d\u00e8s CHF 29","breadcrumb":{"@id":"https:\/\/theuncommonshop.ch\/fr\/product\/ultra-pro-pokemon-neon-kanto-one-touch-edge-3-card-2\/#breadcrumb"},"inLanguage":"fr-FR","potentialAction":[{"@type":"ReadAction","target":["https:\/\/theuncommonshop.ch\/fr\/product\/ultra-pro-pokemon-neon-kanto-one-touch-edge-3-card-2\/"]}]},{"@type":"ImageObject","inLanguage":"fr-FR","@id":"https:\/\/theuncommonshop.ch\/fr\/product\/ultra-pro-pokemon-neon-kanto-one-touch-edge-3-card-2\/#primaryimage","url":"https:\/\/theuncommonshop.ch\/wp-content\/uploads\/2026\/02\/NEO.jpg","contentUrl":"https:\/\/theuncommonshop.ch\/wp-content\/uploads\/2026\/02\/NEO.jpg","width":836,"height":677},{"@type":"BreadcrumbList","@id":"https:\/\/theuncommonshop.ch\/fr\/product\/ultra-pro-pokemon-neon-kanto-one-touch-edge-3-card-2\/#breadcrumb","itemListElement":[{"@type":"ListItem","position":1,"name":"Accueil","item":"https:\/\/theuncommonshop.ch\/fr\/accueil\/"},{"@type":"ListItem","position":2,"name":"Boutique","item":"https:\/\/theuncommonshop.ch\/fr\/boutique\/"},{"@type":"ListItem","position":3,"name":"Accessoires TCG","item":"https:\/\/theuncommonshop.ch\/fr\/categorie-produit\/accessoires-tcg\/"},{"@type":"ListItem","position":4,"name":"Rangement","item":"https:\/\/theuncommonshop.ch\/fr\/categorie-produit\/accessoires-tcg\/rangement\/"},{"@type":"ListItem","position":5,"name":"Tout","item":"https:\/\/theuncommonshop.ch\/fr\/categorie-produit\/accessoires-tcg\/rangement\/tout\/"},{"@type":"ListItem","position":6,"name":"Ultra Pro &#8211; Pok\u00e9mon Neon Kanto &#8211; One Touch Edge 3-Card"}]},{"@type":"WebSite","@id":"https:\/\/theuncommonshop.ch\/fr\/#website","url":"https:\/\/theuncommonshop.ch\/fr\/","name":"The Uncommon Shop","description":"Magic, Pok\u00e9mon and Yu-gi-oh - The Uncommon Shop","potentialAction":[{"@type":"SearchAction","target":{"@type":"EntryPoint","urlTemplate":"https:\/\/theuncommonshop.ch\/fr\/?s={search_term_string}"},"query-input":{"@type":"PropertyValueSpecification","valueRequired":true,"valueName":"search_term_string"}}],"inLanguage":"fr-FR"}]},"product_price_amount":"9.95","product_price_currency":"CHF","og_availability":"instock","product_availability":"instock","product_retailer_item_id":"66711","product_condition":"new"},"_links":{"self":[{"href":"https:\/\/theuncommonshop.ch\/fr\/wp-json\/wp\/v2\/product\/307042","targetHints":{"allow":["GET"]}}],"collection":[{"href":"https:\/\/theuncommonshop.ch\/fr\/wp-json\/wp\/v2\/product"}],"about":[{"href":"https:\/\/theuncommonshop.ch\/fr\/wp-json\/wp\/v2\/types\/product"}],"replies":[{"embeddable":true,"href":"https:\/\/theuncommonshop.ch\/fr\/wp-json\/wp\/v2\/comments?post=307042"}],"version-history":[{"count":0,"href":"https:\/\/theuncommonshop.ch\/fr\/wp-json\/wp\/v2\/product\/307042\/revisions"}],"wp:featuredmedia":[{"embeddable":true,"href":"https:\/\/theuncommonshop.ch\/fr\/wp-json\/wp\/v2\/media\/299635"}],"wp:attachment":[{"href":"https:\/\/theuncommonshop.ch\/fr\/wp-json\/wp\/v2\/media?parent=307042"}],"wp:term":[{"taxonomy":"product_brand","embeddable":true,"href":"https:\/\/theuncommonshop.ch\/fr\/wp-json\/wp\/v2\/product_brand?post=307042"},{"taxonomy":"product_cat","embeddable":true,"href":"https:\/\/theuncommonshop.ch\/fr\/wp-json\/wp\/v2\/product_cat?post=307042"},{"taxonomy":"product_tag","embeddable":true,"href":"https:\/\/theuncommonshop.ch\/fr\/wp-json\/wp\/v2\/product_tag?post=307042"}],"curies":[{"name":"wp","href":"https:\/\/api.w.org\/{rel}","templated":true}]}}