{"id":306698,"date":"2026-02-07T20:00:08","date_gmt":"2026-02-07T19:00:08","guid":{"rendered":"http:\/\/theuncommonshop.ch\/produkt\/306698\/"},"modified":"2026-04-10T12:10:12","modified_gmt":"2026-04-10T10:10:12","slug":"magic-secrets-of-strixhaven-sos-collector-booster-display-2","status":"publish","type":"product","link":"https:\/\/theuncommonshop.ch\/fr\/product\/magic-secrets-of-strixhaven-sos-collector-booster-display-2\/","title":{"rendered":"Magic &#8211; Secrets of Strixhaven (SOS) &#8211; Collector Booster Display"},"content":{"rendered":"<p>Les Boosters Collector de Secrets of Strixhaven sont le moyen ultime d&#8217;ajouter des styles de cartes uniques \u00e0 votre livre de sorts. Chaque Booster contient plusieurs cartes rares et\/ou mythiques rares, de nombreuses cartes Foil, une carte Basic Land avec une illustration plein \u00e9cran et des cartes Mystical Archive avec de nouvelles illustrations et de nouveaux cadres accrocheurs. Il se peut m\u00eame que vous d\u00e9couvriez quelques surprises tout au fond du paquet, comme des styles de cartes exclusifs pour les Collector Booster, des finitions Foil sp\u00e9ciales ou la trouvaille ultime : une carte Headliner s\u00e9rialis\u00e9e.  <\/p>\n<p><strong data-redactor-tag=\"strong\">En savoir plus sur Secrets of Strixhaven<\/strong><\/p>\n<p>Retournez \u00e0 Strixhaven, la c\u00e9l\u00e8bre acad\u00e9mie de magie de Magic, et d\u00e9couvrez des ann\u00e9es de secrets en explorant ses couloirs sacr\u00e9s et au-del\u00e0. Les cinq coll\u00e8ges sont de retour, chacun avec sa propre apparence unique, son flair et sa concentration magique. Am\u00e9liorez vos comp\u00e9tences, faites des d\u00e9couvertes acad\u00e9miques et prouvez que votre facult\u00e9 est la meilleure, mais attention &#8211; les connaissances de deuxi\u00e8me ann\u00e9e impliquent \u00e9galement des dangers accrus.  <\/p>\n<p><strong data-redactor-tag=\"strong\">Contenu :<\/strong><\/p>\n<ul>\n<li>12 Collector Booster &#8220;Les secrets de Strixhaven<\/li>\n<li>Chaque Collector Booster contient 15 cartes Magic : The Gathering. Peut contenir les cartes suivantes : SOS 1-271, 282-362 ; SOC 1-10, 61-108 ; SOA 1-195 ; SPG 149-158 <\/li>\n<li>Contient 5 cartes de raret\u00e9 &#8220;Rare&#8221; ou sup\u00e9rieure<\/li>\n<li>5 cartes inhabituelles<\/li>\n<li>4 cartes ordinaires<\/li>\n<li>1 Pays<\/li>\n<li>Headliner Mythic dans &lt;1 % des Boosters<\/li>\n<\/ul>\n","protected":false},"excerpt":{"rendered":"<p>Les Boosters Collector de Secrets of Strixhaven sont le moyen ultime d&#8217;ajouter des styles de cartes uniques \u00e0 votre livre<\/p>\n","protected":false},"featured_media":299143,"comment_status":"open","ping_status":"closed","template":"","meta":{"_acf_changed":false},"product_brand":[5158,5070],"product_cat":[9969,10313,9967,9991],"product_tag":[],"class_list":{"0":"post-306698","1":"product","2":"type-product","3":"status-publish","4":"has-post-thumbnail","6":"product_brand-magic-the-gathering","7":"product_brand-wizards-of-the-coast","8":"product_cat-booster-displays-fr","9":"product_cat-les-secrets-de-strixhaven","10":"product_cat-magic-the-gathering-fr","11":"product_cat-produits-par-lots-mtg","13":"first","14":"instock","15":"taxable","16":"shipping-taxable","17":"purchasable","18":"product-type-variable"},"acf":[],"yoast_head":"<!-- This site is optimized with the Yoast SEO plugin v27.5 - https:\/\/yoast.com\/product\/yoast-seo-wordpress\/ -->\n<title>Ach\u00e8te Magic - Secrets of Strixhaven (SOS) - Collector Booster Display<\/title>\n<meta name=\"description\" content=\"Ach\u00e8te Magic - Secrets of Strixhaven (SOS) - Collector Booster Display en ligne maintenant \u00e0 petit prix! Ton #1 shop pour cartes TCG &amp; Pok\u00e9mon en Suisse \u2713 Livraison gratuite d\u00e8s CHF 29\" \/>\n<meta name=\"robots\" content=\"index, follow, max-snippet:-1, max-image-preview:large, max-video-preview:-1\" \/>\n<link rel=\"canonical\" href=\"https:\/\/theuncommonshop.ch\/fr\/product\/magic-secrets-of-strixhaven-sos-collector-booster-display-2\/\" \/>\n<meta property=\"og:locale\" content=\"fr_FR\" \/>\n<meta property=\"og:type\" content=\"article\" \/>\n<meta property=\"og:title\" content=\"Ach\u00e8te Magic - Secrets of Strixhaven (SOS) - Collector Booster Display\" \/>\n<meta property=\"og:description\" content=\"Ach\u00e8te Magic - Secrets of Strixhaven (SOS) - Collector Booster Display en ligne maintenant \u00e0 petit prix! Ton #1 shop pour cartes TCG &amp; Pok\u00e9mon en Suisse \u2713 Livraison gratuite d\u00e8s CHF 29\" \/>\n<meta property=\"og:url\" content=\"https:\/\/theuncommonshop.ch\/fr\/product\/magic-secrets-of-strixhaven-sos-collector-booster-display-2\/\" \/>\n<meta property=\"og:site_name\" content=\"The Uncommon Shop\" \/>\n<meta property=\"article:modified_time\" content=\"2026-04-10T10:10:12+00:00\" \/>\n<meta property=\"og:image\" content=\"https:\/\/theuncommonshop.ch\/wp-content\/uploads\/2026\/02\/SecOfStrixhavenCollectorDisplay.png\" \/>\n\t<meta property=\"og:image:width\" content=\"900\" \/>\n\t<meta property=\"og:image:height\" content=\"987\" \/>\n\t<meta property=\"og:image:type\" content=\"image\/png\" \/>\n<meta name=\"twitter:card\" content=\"summary_large_image\" \/>\n<meta name=\"twitter:label1\" content=\"Disponibilit\u00e9\" \/>\n\t<meta name=\"twitter:data1\" content=\"En stock\" \/>\n<script type=\"application\/ld+json\" class=\"yoast-schema-graph\">{\"@context\":\"https:\\\/\\\/schema.org\",\"@graph\":[{\"@type\":\"WebPage\",\"@id\":\"https:\\\/\\\/theuncommonshop.ch\\\/fr\\\/product\\\/magic-secrets-of-strixhaven-sos-collector-booster-display-2\\\/\",\"url\":\"https:\\\/\\\/theuncommonshop.ch\\\/fr\\\/product\\\/magic-secrets-of-strixhaven-sos-collector-booster-display-2\\\/\",\"name\":\"Ach\u00e8te Magic - Secrets of Strixhaven (SOS) - Collector Booster Display\",\"isPartOf\":{\"@id\":\"https:\\\/\\\/theuncommonshop.ch\\\/fr\\\/#website\"},\"primaryImageOfPage\":{\"@id\":\"https:\\\/\\\/theuncommonshop.ch\\\/fr\\\/product\\\/magic-secrets-of-strixhaven-sos-collector-booster-display-2\\\/#primaryimage\"},\"image\":{\"@id\":\"https:\\\/\\\/theuncommonshop.ch\\\/fr\\\/product\\\/magic-secrets-of-strixhaven-sos-collector-booster-display-2\\\/#primaryimage\"},\"thumbnailUrl\":\"https:\\\/\\\/theuncommonshop.ch\\\/wp-content\\\/uploads\\\/2026\\\/02\\\/SecOfStrixhavenCollectorDisplay.png\",\"datePublished\":\"2026-02-07T19:00:08+00:00\",\"dateModified\":\"2026-04-10T10:10:12+00:00\",\"description\":\"Ach\u00e8te Magic - Secrets of Strixhaven (SOS) - Collector Booster Display en ligne maintenant \u00e0 petit prix! Ton #1 shop pour cartes TCG & Pok\u00e9mon en Suisse \u2713 Livraison gratuite d\u00e8s CHF 29\",\"breadcrumb\":{\"@id\":\"https:\\\/\\\/theuncommonshop.ch\\\/fr\\\/product\\\/magic-secrets-of-strixhaven-sos-collector-booster-display-2\\\/#breadcrumb\"},\"inLanguage\":\"fr-FR\",\"potentialAction\":[{\"@type\":\"ReadAction\",\"target\":[\"https:\\\/\\\/theuncommonshop.ch\\\/fr\\\/product\\\/magic-secrets-of-strixhaven-sos-collector-booster-display-2\\\/\"]}]},{\"@type\":\"ImageObject\",\"inLanguage\":\"fr-FR\",\"@id\":\"https:\\\/\\\/theuncommonshop.ch\\\/fr\\\/product\\\/magic-secrets-of-strixhaven-sos-collector-booster-display-2\\\/#primaryimage\",\"url\":\"https:\\\/\\\/theuncommonshop.ch\\\/wp-content\\\/uploads\\\/2026\\\/02\\\/SecOfStrixhavenCollectorDisplay.png\",\"contentUrl\":\"https:\\\/\\\/theuncommonshop.ch\\\/wp-content\\\/uploads\\\/2026\\\/02\\\/SecOfStrixhavenCollectorDisplay.png\",\"width\":900,\"height\":987},{\"@type\":\"BreadcrumbList\",\"@id\":\"https:\\\/\\\/theuncommonshop.ch\\\/fr\\\/product\\\/magic-secrets-of-strixhaven-sos-collector-booster-display-2\\\/#breadcrumb\",\"itemListElement\":[{\"@type\":\"ListItem\",\"position\":1,\"name\":\"Accueil\",\"item\":\"https:\\\/\\\/theuncommonshop.ch\\\/fr\\\/accueil\\\/\"},{\"@type\":\"ListItem\",\"position\":2,\"name\":\"Boutique\",\"item\":\"https:\\\/\\\/theuncommonshop.ch\\\/fr\\\/boutique\\\/\"},{\"@type\":\"ListItem\",\"position\":3,\"name\":\"Magic the Gathering\",\"item\":\"https:\\\/\\\/theuncommonshop.ch\\\/fr\\\/categorie-produit\\\/magic-the-gathering-fr\\\/\"},{\"@type\":\"ListItem\",\"position\":4,\"name\":\"Produits par lots\",\"item\":\"https:\\\/\\\/theuncommonshop.ch\\\/fr\\\/categorie-produit\\\/magic-the-gathering-fr\\\/produits-par-lots-mtg\\\/\"},{\"@type\":\"ListItem\",\"position\":5,\"name\":\"Les secrets de Strixhaven\",\"item\":\"https:\\\/\\\/theuncommonshop.ch\\\/fr\\\/categorie-produit\\\/magic-the-gathering-fr\\\/produits-par-lots-mtg\\\/les-secrets-de-strixhaven\\\/\"},{\"@type\":\"ListItem\",\"position\":6,\"name\":\"Magic &#8211; Secrets of Strixhaven (SOS) &#8211; Collector Booster Display\"}]},{\"@type\":\"WebSite\",\"@id\":\"https:\\\/\\\/theuncommonshop.ch\\\/fr\\\/#website\",\"url\":\"https:\\\/\\\/theuncommonshop.ch\\\/fr\\\/\",\"name\":\"The Uncommon Shop\",\"description\":\"Magic, Pok\u00e9mon and Yu-gi-oh - The Uncommon Shop\",\"potentialAction\":[{\"@type\":\"SearchAction\",\"target\":{\"@type\":\"EntryPoint\",\"urlTemplate\":\"https:\\\/\\\/theuncommonshop.ch\\\/fr\\\/?s={search_term_string}\"},\"query-input\":{\"@type\":\"PropertyValueSpecification\",\"valueRequired\":true,\"valueName\":\"search_term_string\"}}],\"inLanguage\":\"fr-FR\"}]}<\/script>\n<meta property=\"og:availability\" content=\"instock\" \/>\n<meta property=\"product:availability\" content=\"instock\" \/>\n<meta property=\"product:condition\" content=\"new\" \/>\n<!-- \/ Yoast SEO plugin. -->","yoast_head_json":{"title":"Ach\u00e8te Magic - Secrets of Strixhaven (SOS) - Collector Booster Display","description":"Ach\u00e8te Magic - Secrets of Strixhaven (SOS) - Collector Booster Display en ligne maintenant \u00e0 petit prix! Ton #1 shop pour cartes TCG & Pok\u00e9mon en Suisse \u2713 Livraison gratuite d\u00e8s CHF 29","robots":{"index":"index","follow":"follow","max-snippet":"max-snippet:-1","max-image-preview":"max-image-preview:large","max-video-preview":"max-video-preview:-1"},"canonical":"https:\/\/theuncommonshop.ch\/fr\/product\/magic-secrets-of-strixhaven-sos-collector-booster-display-2\/","og_locale":"fr_FR","og_type":"article","og_title":"Ach\u00e8te Magic - Secrets of Strixhaven (SOS) - Collector Booster Display","og_description":"Ach\u00e8te Magic - Secrets of Strixhaven (SOS) - Collector Booster Display en ligne maintenant \u00e0 petit prix! Ton #1 shop pour cartes TCG & Pok\u00e9mon en Suisse \u2713 Livraison gratuite d\u00e8s CHF 29","og_url":"https:\/\/theuncommonshop.ch\/fr\/product\/magic-secrets-of-strixhaven-sos-collector-booster-display-2\/","og_site_name":"The Uncommon Shop","article_modified_time":"2026-04-10T10:10:12+00:00","og_image":[{"width":900,"height":987,"url":"https:\/\/theuncommonshop.ch\/wp-content\/uploads\/2026\/02\/SecOfStrixhavenCollectorDisplay.png","type":"image\/png"}],"twitter_card":"summary_large_image","twitter_misc":{"Disponibilit\u00e9":"En stock"},"schema":{"@context":"https:\/\/schema.org","@graph":[{"@type":"WebPage","@id":"https:\/\/theuncommonshop.ch\/fr\/product\/magic-secrets-of-strixhaven-sos-collector-booster-display-2\/","url":"https:\/\/theuncommonshop.ch\/fr\/product\/magic-secrets-of-strixhaven-sos-collector-booster-display-2\/","name":"Ach\u00e8te Magic - Secrets of Strixhaven (SOS) - Collector Booster Display","isPartOf":{"@id":"https:\/\/theuncommonshop.ch\/fr\/#website"},"primaryImageOfPage":{"@id":"https:\/\/theuncommonshop.ch\/fr\/product\/magic-secrets-of-strixhaven-sos-collector-booster-display-2\/#primaryimage"},"image":{"@id":"https:\/\/theuncommonshop.ch\/fr\/product\/magic-secrets-of-strixhaven-sos-collector-booster-display-2\/#primaryimage"},"thumbnailUrl":"https:\/\/theuncommonshop.ch\/wp-content\/uploads\/2026\/02\/SecOfStrixhavenCollectorDisplay.png","datePublished":"2026-02-07T19:00:08+00:00","dateModified":"2026-04-10T10:10:12+00:00","description":"Ach\u00e8te Magic - Secrets of Strixhaven (SOS) - Collector Booster Display en ligne maintenant \u00e0 petit prix! Ton #1 shop pour cartes TCG & Pok\u00e9mon en Suisse \u2713 Livraison gratuite d\u00e8s CHF 29","breadcrumb":{"@id":"https:\/\/theuncommonshop.ch\/fr\/product\/magic-secrets-of-strixhaven-sos-collector-booster-display-2\/#breadcrumb"},"inLanguage":"fr-FR","potentialAction":[{"@type":"ReadAction","target":["https:\/\/theuncommonshop.ch\/fr\/product\/magic-secrets-of-strixhaven-sos-collector-booster-display-2\/"]}]},{"@type":"ImageObject","inLanguage":"fr-FR","@id":"https:\/\/theuncommonshop.ch\/fr\/product\/magic-secrets-of-strixhaven-sos-collector-booster-display-2\/#primaryimage","url":"https:\/\/theuncommonshop.ch\/wp-content\/uploads\/2026\/02\/SecOfStrixhavenCollectorDisplay.png","contentUrl":"https:\/\/theuncommonshop.ch\/wp-content\/uploads\/2026\/02\/SecOfStrixhavenCollectorDisplay.png","width":900,"height":987},{"@type":"BreadcrumbList","@id":"https:\/\/theuncommonshop.ch\/fr\/product\/magic-secrets-of-strixhaven-sos-collector-booster-display-2\/#breadcrumb","itemListElement":[{"@type":"ListItem","position":1,"name":"Accueil","item":"https:\/\/theuncommonshop.ch\/fr\/accueil\/"},{"@type":"ListItem","position":2,"name":"Boutique","item":"https:\/\/theuncommonshop.ch\/fr\/boutique\/"},{"@type":"ListItem","position":3,"name":"Magic the Gathering","item":"https:\/\/theuncommonshop.ch\/fr\/categorie-produit\/magic-the-gathering-fr\/"},{"@type":"ListItem","position":4,"name":"Produits par lots","item":"https:\/\/theuncommonshop.ch\/fr\/categorie-produit\/magic-the-gathering-fr\/produits-par-lots-mtg\/"},{"@type":"ListItem","position":5,"name":"Les secrets de Strixhaven","item":"https:\/\/theuncommonshop.ch\/fr\/categorie-produit\/magic-the-gathering-fr\/produits-par-lots-mtg\/les-secrets-de-strixhaven\/"},{"@type":"ListItem","position":6,"name":"Magic &#8211; Secrets of Strixhaven (SOS) &#8211; Collector Booster Display"}]},{"@type":"WebSite","@id":"https:\/\/theuncommonshop.ch\/fr\/#website","url":"https:\/\/theuncommonshop.ch\/fr\/","name":"The Uncommon Shop","description":"Magic, Pok\u00e9mon and Yu-gi-oh - The Uncommon Shop","potentialAction":[{"@type":"SearchAction","target":{"@type":"EntryPoint","urlTemplate":"https:\/\/theuncommonshop.ch\/fr\/?s={search_term_string}"},"query-input":{"@type":"PropertyValueSpecification","valueRequired":true,"valueName":"search_term_string"}}],"inLanguage":"fr-FR"}]},"og_availability":"instock","product_availability":"instock","product_condition":"new"},"_links":{"self":[{"href":"https:\/\/theuncommonshop.ch\/fr\/wp-json\/wp\/v2\/product\/306698","targetHints":{"allow":["GET"]}}],"collection":[{"href":"https:\/\/theuncommonshop.ch\/fr\/wp-json\/wp\/v2\/product"}],"about":[{"href":"https:\/\/theuncommonshop.ch\/fr\/wp-json\/wp\/v2\/types\/product"}],"replies":[{"embeddable":true,"href":"https:\/\/theuncommonshop.ch\/fr\/wp-json\/wp\/v2\/comments?post=306698"}],"version-history":[{"count":0,"href":"https:\/\/theuncommonshop.ch\/fr\/wp-json\/wp\/v2\/product\/306698\/revisions"}],"wp:featuredmedia":[{"embeddable":true,"href":"https:\/\/theuncommonshop.ch\/fr\/wp-json\/wp\/v2\/media\/299143"}],"wp:attachment":[{"href":"https:\/\/theuncommonshop.ch\/fr\/wp-json\/wp\/v2\/media?parent=306698"}],"wp:term":[{"taxonomy":"product_brand","embeddable":true,"href":"https:\/\/theuncommonshop.ch\/fr\/wp-json\/wp\/v2\/product_brand?post=306698"},{"taxonomy":"product_cat","embeddable":true,"href":"https:\/\/theuncommonshop.ch\/fr\/wp-json\/wp\/v2\/product_cat?post=306698"},{"taxonomy":"product_tag","embeddable":true,"href":"https:\/\/theuncommonshop.ch\/fr\/wp-json\/wp\/v2\/product_tag?post=306698"}],"curies":[{"name":"wp","href":"https:\/\/api.w.org\/{rel}","templated":true}]}}