{"id":306682,"date":"2026-02-08T19:12:41","date_gmt":"2026-02-08T18:12:41","guid":{"rendered":"http:\/\/theuncommonshop.ch\/produkt\/306682\/"},"modified":"2026-03-29T20:31:18","modified_gmt":"2026-03-29T18:31:18","slug":"magic-marvel-super-heroes-scene-box-2","status":"publish","type":"product","link":"https:\/\/theuncommonshop.ch\/fr\/product\/magic-marvel-super-heroes-scene-box-2\/","title":{"rendered":"Magic &#8211; Marvel Super Heroes &#8211; Scene Box"},"content":{"rendered":"<p>Immortalisez les conflits \u00e9piques avec une Scene Box Magic : The Gathering | Marvel Super Heroes. Renforcez votre deck ou votre collection avec six cartes de sc\u00e8ne traditionnelles sans bord, avec une bordure en film plastique. Chaque carte Sc\u00e8ne est une carte Magic jouable (texte de jeu inclus), mais cette bo\u00eete contient \u00e9galement six cartes uniquement illustr\u00e9es qui vous permettent d&#8217;admirer la sc\u00e8ne dans toute sa splendeur et de l&#8217;exposer sur le chevalet fourni ! Chaque Scene Box contient trois Boosters de jeu. Ceux-ci sont le meilleur moyen de d\u00e9couvrir ce que Magic a \u00e0 offrir. Ils sont parfaits pour composer des decks, jouer avec des amis et s&#8217;amuser \u00e0 les ouvrir.     <\/p>\n<p>Captain America m\u00e8ne son \u00e9quipe dans la bataille contre une menace \u00e9crasante. Aucune force dans l&#8217;univers ne peut rivaliser avec la puissance des h\u00e9ros unis ! <\/p>\n<p>Villains Unleashed<\/p>\n<p>Les ennemis les plus dangereux et les plus mortels de la justice sont pr\u00eats \u00e0 se d\u00e9cha\u00eener. Quels d\u00e9g\u00e2ts le Docteur Fatalis et son groupe de conspirateurs corrompus vont-ils causer ? <\/p>\n<p><strong>En savoir plus sur Magic : The Gathering | Marvel Super Heroes<\/strong><\/p>\n<p>L&#8217;univers Marvel est arriv\u00e9 en force ! Un casting all-star de poids lourds sort des bandes dessin\u00e9es pour se retrouver sur le champ de bataille, et le destin du monde est en jeu. Cr\u00e9ez l&#8217;\u00e9quipe de vos r\u00eaves, compos\u00e9e de h\u00e9ros et de m\u00e9chants, \u00e9quipez-les d&#8217;un mat\u00e9riel l\u00e9gendaire et lib\u00e9rez leurs capacit\u00e9s qui changeront le monde.   Volez, frappez et battez-vous pour gagner dans Magic : The Gathering | Marvel Super Heroes !<\/p>\n<p>2026 MARVEL | TM &amp; \u00a9 2026 Wizards of the Coast LLC<\/p>\n<p><strong>Contenu :<\/strong><\/p>\n<ul>\n<li>Inclut 3 Boosters de jeu Magic : The Gathering\u00ae | Marvel Super Heroes<\/li>\n<li>Chaque Booster de jeu contient 14 cartes Magic : The Gathering :<\/li>\n<li>Peut contenir les cartes suivantes : MSH 1-384 ; MAR 41-100<\/li>\n<li>1-4 cartes de raret\u00e9 &#8220;rare&#8221; ou sup\u00e9rieure (2 : 27 % ; 3 : 2 % ; 4 : &lt;1 %)<\/li>\n<li>3-5 cartes inhabituelles<\/li>\n<li>6-9 cartes ordinaires<\/li>\n<li>1 Pays<\/li>\n<li>1 carte de n&#8217;importe quelle raret\u00e9 est une carte folio traditionnelle<\/li>\n<li>Foil-borderless mythic rare in &lt;1 % des Boosters<\/li>\n<li>La carte \u00e0 diapositives traditionnelle remplace une carte g\u00e9ographique dans 20 % des Boosters<\/li>\n<li>6 cartes de sc\u00e8ne traditionnelles \u00e0 transparents<\/li>\n<li>6 cartes de sc\u00e8ne avec des \u0153uvres d&#8217;art uniquement<\/li>\n<li>Chevalet de pr\u00e9sentation en papier23<\/li>\n<\/ul>\n","protected":false},"excerpt":{"rendered":"<p>Immortalisez les conflits \u00e9piques avec une Scene Box Magic : The Gathering | Marvel Super Heroes. Renforcez votre deck ou<\/p>\n","protected":false},"featured_media":299296,"comment_status":"open","ping_status":"closed","template":"","meta":{"_acf_changed":false},"product_brand":[5158,5070],"product_cat":[9973,10163,9967,10315,9993,9991],"product_tag":[],"class_list":{"0":"post-306682","1":"product","2":"type-product","3":"status-publish","4":"has-post-thumbnail","6":"product_brand-magic-the-gathering","7":"product_brand-wizards-of-the-coast","8":"product_cat-autres","9":"product_cat-divers-mtg","10":"product_cat-magic-the-gathering-fr","11":"product_cat-marvel-super-heroes-fr","12":"product_cat-precommande-mtg","13":"product_cat-produits-par-lots-mtg","15":"first","16":"instock","17":"taxable","18":"shipping-taxable","19":"purchasable","20":"product-type-variable"},"acf":[],"yoast_head":"<!-- This site is optimized with the Yoast SEO plugin v27.5 - https:\/\/yoast.com\/product\/yoast-seo-wordpress\/ -->\n<title>Ach\u00e8te Magic - Marvel Super Heroes - Scene Box<\/title>\n<meta name=\"description\" content=\"Ach\u00e8te Magic - Marvel Super Heroes - Scene Box en ligne maintenant \u00e0 petit prix! Ton #1 shop pour cartes TCG &amp; Pok\u00e9mon en Suisse \u2713 Livraison gratuite d\u00e8s CHF 29\" \/>\n<meta name=\"robots\" content=\"index, follow, max-snippet:-1, max-image-preview:large, max-video-preview:-1\" \/>\n<link rel=\"canonical\" href=\"https:\/\/theuncommonshop.ch\/fr\/product\/magic-marvel-super-heroes-scene-box-2\/\" \/>\n<meta property=\"og:locale\" content=\"fr_FR\" \/>\n<meta property=\"og:type\" content=\"article\" \/>\n<meta property=\"og:title\" content=\"Ach\u00e8te Magic - Marvel Super Heroes - Scene Box\" \/>\n<meta property=\"og:description\" content=\"Ach\u00e8te Magic - Marvel Super Heroes - Scene Box en ligne maintenant \u00e0 petit prix! Ton #1 shop pour cartes TCG &amp; Pok\u00e9mon en Suisse \u2713 Livraison gratuite d\u00e8s CHF 29\" \/>\n<meta property=\"og:url\" content=\"https:\/\/theuncommonshop.ch\/fr\/product\/magic-marvel-super-heroes-scene-box-2\/\" \/>\n<meta property=\"og:site_name\" content=\"The Uncommon Shop\" \/>\n<meta property=\"article:modified_time\" content=\"2026-03-29T18:31:18+00:00\" \/>\n<meta property=\"og:image\" content=\"https:\/\/theuncommonshop.ch\/wp-content\/uploads\/2026\/02\/HERo3.webp\" \/>\n\t<meta property=\"og:image:width\" content=\"700\" \/>\n\t<meta property=\"og:image:height\" content=\"700\" \/>\n\t<meta property=\"og:image:type\" content=\"image\/webp\" \/>\n<meta name=\"twitter:card\" content=\"summary_large_image\" \/>\n<meta name=\"twitter:label1\" content=\"Disponibilit\u00e9\" \/>\n\t<meta name=\"twitter:data1\" content=\"En stock\" \/>\n<script type=\"application\/ld+json\" class=\"yoast-schema-graph\">{\"@context\":\"https:\\\/\\\/schema.org\",\"@graph\":[{\"@type\":\"WebPage\",\"@id\":\"https:\\\/\\\/theuncommonshop.ch\\\/fr\\\/product\\\/magic-marvel-super-heroes-scene-box-2\\\/\",\"url\":\"https:\\\/\\\/theuncommonshop.ch\\\/fr\\\/product\\\/magic-marvel-super-heroes-scene-box-2\\\/\",\"name\":\"Ach\u00e8te Magic - Marvel Super Heroes - Scene Box\",\"isPartOf\":{\"@id\":\"https:\\\/\\\/theuncommonshop.ch\\\/fr\\\/#website\"},\"primaryImageOfPage\":{\"@id\":\"https:\\\/\\\/theuncommonshop.ch\\\/fr\\\/product\\\/magic-marvel-super-heroes-scene-box-2\\\/#primaryimage\"},\"image\":{\"@id\":\"https:\\\/\\\/theuncommonshop.ch\\\/fr\\\/product\\\/magic-marvel-super-heroes-scene-box-2\\\/#primaryimage\"},\"thumbnailUrl\":\"https:\\\/\\\/theuncommonshop.ch\\\/wp-content\\\/uploads\\\/2026\\\/02\\\/HERo3.webp\",\"datePublished\":\"2026-02-08T18:12:41+00:00\",\"dateModified\":\"2026-03-29T18:31:18+00:00\",\"description\":\"Ach\u00e8te Magic - Marvel Super Heroes - Scene Box en ligne maintenant \u00e0 petit prix! Ton #1 shop pour cartes TCG & Pok\u00e9mon en Suisse \u2713 Livraison gratuite d\u00e8s CHF 29\",\"breadcrumb\":{\"@id\":\"https:\\\/\\\/theuncommonshop.ch\\\/fr\\\/product\\\/magic-marvel-super-heroes-scene-box-2\\\/#breadcrumb\"},\"inLanguage\":\"fr-FR\",\"potentialAction\":[{\"@type\":\"ReadAction\",\"target\":[\"https:\\\/\\\/theuncommonshop.ch\\\/fr\\\/product\\\/magic-marvel-super-heroes-scene-box-2\\\/\"]}]},{\"@type\":\"ImageObject\",\"inLanguage\":\"fr-FR\",\"@id\":\"https:\\\/\\\/theuncommonshop.ch\\\/fr\\\/product\\\/magic-marvel-super-heroes-scene-box-2\\\/#primaryimage\",\"url\":\"https:\\\/\\\/theuncommonshop.ch\\\/wp-content\\\/uploads\\\/2026\\\/02\\\/HERo3.webp\",\"contentUrl\":\"https:\\\/\\\/theuncommonshop.ch\\\/wp-content\\\/uploads\\\/2026\\\/02\\\/HERo3.webp\",\"width\":700,\"height\":700},{\"@type\":\"BreadcrumbList\",\"@id\":\"https:\\\/\\\/theuncommonshop.ch\\\/fr\\\/product\\\/magic-marvel-super-heroes-scene-box-2\\\/#breadcrumb\",\"itemListElement\":[{\"@type\":\"ListItem\",\"position\":1,\"name\":\"Accueil\",\"item\":\"https:\\\/\\\/theuncommonshop.ch\\\/fr\\\/accueil\\\/\"},{\"@type\":\"ListItem\",\"position\":2,\"name\":\"Boutique\",\"item\":\"https:\\\/\\\/theuncommonshop.ch\\\/fr\\\/boutique\\\/\"},{\"@type\":\"ListItem\",\"position\":3,\"name\":\"Magic the Gathering\",\"item\":\"https:\\\/\\\/theuncommonshop.ch\\\/fr\\\/categorie-produit\\\/magic-the-gathering-fr\\\/\"},{\"@type\":\"ListItem\",\"position\":4,\"name\":\"Autres\",\"item\":\"https:\\\/\\\/theuncommonshop.ch\\\/fr\\\/categorie-produit\\\/magic-the-gathering-fr\\\/autres\\\/\"},{\"@type\":\"ListItem\",\"position\":5,\"name\":\"Divers\",\"item\":\"https:\\\/\\\/theuncommonshop.ch\\\/fr\\\/categorie-produit\\\/magic-the-gathering-fr\\\/autres\\\/divers-mtg\\\/\"},{\"@type\":\"ListItem\",\"position\":6,\"name\":\"Magic &#8211; Marvel Super Heroes &#8211; Scene Box\"}]},{\"@type\":\"WebSite\",\"@id\":\"https:\\\/\\\/theuncommonshop.ch\\\/fr\\\/#website\",\"url\":\"https:\\\/\\\/theuncommonshop.ch\\\/fr\\\/\",\"name\":\"The Uncommon Shop\",\"description\":\"Magic, Pok\u00e9mon and Yu-gi-oh - The Uncommon Shop\",\"potentialAction\":[{\"@type\":\"SearchAction\",\"target\":{\"@type\":\"EntryPoint\",\"urlTemplate\":\"https:\\\/\\\/theuncommonshop.ch\\\/fr\\\/?s={search_term_string}\"},\"query-input\":{\"@type\":\"PropertyValueSpecification\",\"valueRequired\":true,\"valueName\":\"search_term_string\"}}],\"inLanguage\":\"fr-FR\"}]}<\/script>\n<meta property=\"og:availability\" content=\"instock\" \/>\n<meta property=\"product:availability\" content=\"instock\" \/>\n<meta property=\"product:condition\" content=\"new\" \/>\n<!-- \/ Yoast SEO plugin. -->","yoast_head_json":{"title":"Ach\u00e8te Magic - Marvel Super Heroes - Scene Box","description":"Ach\u00e8te Magic - Marvel Super Heroes - Scene Box en ligne maintenant \u00e0 petit prix! Ton #1 shop pour cartes TCG & Pok\u00e9mon en Suisse \u2713 Livraison gratuite d\u00e8s CHF 29","robots":{"index":"index","follow":"follow","max-snippet":"max-snippet:-1","max-image-preview":"max-image-preview:large","max-video-preview":"max-video-preview:-1"},"canonical":"https:\/\/theuncommonshop.ch\/fr\/product\/magic-marvel-super-heroes-scene-box-2\/","og_locale":"fr_FR","og_type":"article","og_title":"Ach\u00e8te Magic - Marvel Super Heroes - Scene Box","og_description":"Ach\u00e8te Magic - Marvel Super Heroes - Scene Box en ligne maintenant \u00e0 petit prix! Ton #1 shop pour cartes TCG & Pok\u00e9mon en Suisse \u2713 Livraison gratuite d\u00e8s CHF 29","og_url":"https:\/\/theuncommonshop.ch\/fr\/product\/magic-marvel-super-heroes-scene-box-2\/","og_site_name":"The Uncommon Shop","article_modified_time":"2026-03-29T18:31:18+00:00","og_image":[{"width":700,"height":700,"url":"https:\/\/theuncommonshop.ch\/wp-content\/uploads\/2026\/02\/HERo3.webp","type":"image\/webp"}],"twitter_card":"summary_large_image","twitter_misc":{"Disponibilit\u00e9":"En stock"},"schema":{"@context":"https:\/\/schema.org","@graph":[{"@type":"WebPage","@id":"https:\/\/theuncommonshop.ch\/fr\/product\/magic-marvel-super-heroes-scene-box-2\/","url":"https:\/\/theuncommonshop.ch\/fr\/product\/magic-marvel-super-heroes-scene-box-2\/","name":"Ach\u00e8te Magic - Marvel Super Heroes - Scene Box","isPartOf":{"@id":"https:\/\/theuncommonshop.ch\/fr\/#website"},"primaryImageOfPage":{"@id":"https:\/\/theuncommonshop.ch\/fr\/product\/magic-marvel-super-heroes-scene-box-2\/#primaryimage"},"image":{"@id":"https:\/\/theuncommonshop.ch\/fr\/product\/magic-marvel-super-heroes-scene-box-2\/#primaryimage"},"thumbnailUrl":"https:\/\/theuncommonshop.ch\/wp-content\/uploads\/2026\/02\/HERo3.webp","datePublished":"2026-02-08T18:12:41+00:00","dateModified":"2026-03-29T18:31:18+00:00","description":"Ach\u00e8te Magic - Marvel Super Heroes - Scene Box en ligne maintenant \u00e0 petit prix! Ton #1 shop pour cartes TCG & Pok\u00e9mon en Suisse \u2713 Livraison gratuite d\u00e8s CHF 29","breadcrumb":{"@id":"https:\/\/theuncommonshop.ch\/fr\/product\/magic-marvel-super-heroes-scene-box-2\/#breadcrumb"},"inLanguage":"fr-FR","potentialAction":[{"@type":"ReadAction","target":["https:\/\/theuncommonshop.ch\/fr\/product\/magic-marvel-super-heroes-scene-box-2\/"]}]},{"@type":"ImageObject","inLanguage":"fr-FR","@id":"https:\/\/theuncommonshop.ch\/fr\/product\/magic-marvel-super-heroes-scene-box-2\/#primaryimage","url":"https:\/\/theuncommonshop.ch\/wp-content\/uploads\/2026\/02\/HERo3.webp","contentUrl":"https:\/\/theuncommonshop.ch\/wp-content\/uploads\/2026\/02\/HERo3.webp","width":700,"height":700},{"@type":"BreadcrumbList","@id":"https:\/\/theuncommonshop.ch\/fr\/product\/magic-marvel-super-heroes-scene-box-2\/#breadcrumb","itemListElement":[{"@type":"ListItem","position":1,"name":"Accueil","item":"https:\/\/theuncommonshop.ch\/fr\/accueil\/"},{"@type":"ListItem","position":2,"name":"Boutique","item":"https:\/\/theuncommonshop.ch\/fr\/boutique\/"},{"@type":"ListItem","position":3,"name":"Magic the Gathering","item":"https:\/\/theuncommonshop.ch\/fr\/categorie-produit\/magic-the-gathering-fr\/"},{"@type":"ListItem","position":4,"name":"Autres","item":"https:\/\/theuncommonshop.ch\/fr\/categorie-produit\/magic-the-gathering-fr\/autres\/"},{"@type":"ListItem","position":5,"name":"Divers","item":"https:\/\/theuncommonshop.ch\/fr\/categorie-produit\/magic-the-gathering-fr\/autres\/divers-mtg\/"},{"@type":"ListItem","position":6,"name":"Magic &#8211; Marvel Super Heroes &#8211; Scene Box"}]},{"@type":"WebSite","@id":"https:\/\/theuncommonshop.ch\/fr\/#website","url":"https:\/\/theuncommonshop.ch\/fr\/","name":"The Uncommon Shop","description":"Magic, Pok\u00e9mon and Yu-gi-oh - The Uncommon Shop","potentialAction":[{"@type":"SearchAction","target":{"@type":"EntryPoint","urlTemplate":"https:\/\/theuncommonshop.ch\/fr\/?s={search_term_string}"},"query-input":{"@type":"PropertyValueSpecification","valueRequired":true,"valueName":"search_term_string"}}],"inLanguage":"fr-FR"}]},"og_availability":"instock","product_availability":"instock","product_condition":"new"},"_links":{"self":[{"href":"https:\/\/theuncommonshop.ch\/fr\/wp-json\/wp\/v2\/product\/306682","targetHints":{"allow":["GET"]}}],"collection":[{"href":"https:\/\/theuncommonshop.ch\/fr\/wp-json\/wp\/v2\/product"}],"about":[{"href":"https:\/\/theuncommonshop.ch\/fr\/wp-json\/wp\/v2\/types\/product"}],"replies":[{"embeddable":true,"href":"https:\/\/theuncommonshop.ch\/fr\/wp-json\/wp\/v2\/comments?post=306682"}],"version-history":[{"count":0,"href":"https:\/\/theuncommonshop.ch\/fr\/wp-json\/wp\/v2\/product\/306682\/revisions"}],"wp:featuredmedia":[{"embeddable":true,"href":"https:\/\/theuncommonshop.ch\/fr\/wp-json\/wp\/v2\/media\/299296"}],"wp:attachment":[{"href":"https:\/\/theuncommonshop.ch\/fr\/wp-json\/wp\/v2\/media?parent=306682"}],"wp:term":[{"taxonomy":"product_brand","embeddable":true,"href":"https:\/\/theuncommonshop.ch\/fr\/wp-json\/wp\/v2\/product_brand?post=306682"},{"taxonomy":"product_cat","embeddable":true,"href":"https:\/\/theuncommonshop.ch\/fr\/wp-json\/wp\/v2\/product_cat?post=306682"},{"taxonomy":"product_tag","embeddable":true,"href":"https:\/\/theuncommonshop.ch\/fr\/wp-json\/wp\/v2\/product_tag?post=306682"}],"curies":[{"name":"wp","href":"https:\/\/api.w.org\/{rel}","templated":true}]}}