{"id":306667,"date":"2026-02-07T19:45:19","date_gmt":"2026-02-07T18:45:19","guid":{"rendered":"http:\/\/theuncommonshop.ch\/produkt\/306667\/"},"modified":"2026-05-10T20:03:36","modified_gmt":"2026-05-10T18:03:36","slug":"magic-secrets-of-strixhaven-sos-play-booster-display-2","status":"publish","type":"product","link":"https:\/\/theuncommonshop.ch\/fr\/product\/magic-secrets-of-strixhaven-sos-play-booster-display-2\/","title":{"rendered":"Magic &#8211; Secrets of Strixhaven (SOS) &#8211; Play Booster Display"},"content":{"rendered":"<p>Les Boosters de jeu sont le meilleur moyen de d\u00e9couvrir ce que Magic : The Gathering a \u00e0 offrir. Ils sont parfaits pour construire des decks, jouer des parties limit\u00e9es avec des amis et s&#8217;amuser \u00e0 les ouvrir. Que les joueurs drafteront avec leurs amis, qu&#8217;ils chercheront \u00e0 s&#8217;amuser avec des Boosters ou qu&#8217;ils voudront simplement agrandir leur collection, les Boosters de jeu ont quelque chose \u00e0 offrir \u00e0 chacun.  <\/p>\n<p><strong data-redactor-tag=\"strong\">En savoir plus sur Secrets of Strixhaven<\/strong><\/p>\n<p>Retournez \u00e0 Strixhaven, la c\u00e9l\u00e8bre \u00e9cole de magie de Magic, et d\u00e9couvrez des ann\u00e9es de secrets en explorant ses couloirs sacr\u00e9s et au-del\u00e0. Les cinq coll\u00e8ges sont de retour, chacun avec son apparence, son ambiance et sa sp\u00e9cialit\u00e9 magique uniques.  Am\u00e9liorez vos comp\u00e9tences, faites des d\u00e9couvertes acad\u00e9miques et prouvez que votre universit\u00e9 est la meilleure, mais attention &#8211; les connaissances de deuxi\u00e8me ann\u00e9e impliquent \u00e9galement des risques accrus.<\/p>\n<p><strong data-redactor-tag=\"strong\">Contenu :<\/strong><\/p>\n<ul>\n<li>30 Secrets of Strixhaven Booster de jeu<\/li>\n<li>14 cartes Magic : The Gathering<\/li>\n<li>Peut contenir les cartes suivantes : SOS 1-305 ; SOA 1-65 ; SPG 149-158<\/li>\n<li>1-5 cartes de raret\u00e9 &#8220;Rare&#8221; ou plus (2 : 33 % ; 3 : 6 % ; 4-5 : &lt;1 %)<\/li>\n<li>3-6 cartes inhabituelles<\/li>\n<li>5-8 cartes ordinaires<\/li>\n<li>1 carte g\u00e9ographique<\/li>\n<li>1 carte de n&#8217;importe quelle raret\u00e9 est une carte folio traditionnelle<\/li>\n<li>Carte transparente sans marge &#8220;Mythique&#8221; dans &lt;1 % des Boosters<\/li>\n<li>La carte \u00e0 diapositives traditionnelle &#8220;Pays&#8221; remplace une carte g\u00e9ographique dans 20 % des Boosters<\/li>\n<\/ul>\n","protected":false},"excerpt":{"rendered":"<p>Les Boosters de jeu sont le meilleur moyen de d\u00e9couvrir ce que Magic : The Gathering a \u00e0 offrir. Ils<\/p>\n","protected":false},"featured_media":299129,"comment_status":"open","ping_status":"closed","template":"","meta":{"_acf_changed":false},"product_brand":[5158,5070],"product_cat":[9969,10313,9967,9991],"product_tag":[],"class_list":{"0":"post-306667","1":"product","2":"type-product","3":"status-publish","4":"has-post-thumbnail","6":"product_brand-magic-the-gathering","7":"product_brand-wizards-of-the-coast","8":"product_cat-booster-displays-fr","9":"product_cat-les-secrets-de-strixhaven","10":"product_cat-magic-the-gathering-fr","11":"product_cat-produits-par-lots-mtg","13":"first","14":"instock","15":"sale","16":"taxable","17":"shipping-taxable","18":"purchasable","19":"product-type-variable"},"acf":[],"yoast_head":"<!-- This site is optimized with the Yoast SEO plugin v27.5 - https:\/\/yoast.com\/product\/yoast-seo-wordpress\/ -->\n<title>Ach\u00e8te Magic - Secrets of Strixhaven (SOS) - Play Booster Display<\/title>\n<meta name=\"description\" content=\"Ach\u00e8te Magic - Secrets of Strixhaven (SOS) - Play Booster Display en ligne maintenant \u00e0 petit prix! Ton #1 shop pour cartes TCG &amp; Pok\u00e9mon en Suisse \u2713 Livraison gratuite d\u00e8s CHF 29\" \/>\n<meta name=\"robots\" content=\"index, follow, max-snippet:-1, max-image-preview:large, max-video-preview:-1\" \/>\n<link rel=\"canonical\" href=\"https:\/\/theuncommonshop.ch\/fr\/product\/magic-secrets-of-strixhaven-sos-play-booster-display-2\/\" \/>\n<meta property=\"og:locale\" content=\"fr_FR\" \/>\n<meta property=\"og:type\" content=\"article\" \/>\n<meta property=\"og:title\" content=\"Ach\u00e8te Magic - Secrets of Strixhaven (SOS) - Play Booster Display\" \/>\n<meta property=\"og:description\" content=\"Ach\u00e8te Magic - Secrets of Strixhaven (SOS) - Play Booster Display en ligne maintenant \u00e0 petit prix! Ton #1 shop pour cartes TCG &amp; Pok\u00e9mon en Suisse \u2713 Livraison gratuite d\u00e8s CHF 29\" \/>\n<meta property=\"og:url\" content=\"https:\/\/theuncommonshop.ch\/fr\/product\/magic-secrets-of-strixhaven-sos-play-booster-display-2\/\" \/>\n<meta property=\"og:site_name\" content=\"The Uncommon Shop\" \/>\n<meta property=\"article:modified_time\" content=\"2026-05-10T18:03:36+00:00\" \/>\n<meta property=\"og:image\" content=\"https:\/\/theuncommonshop.ch\/wp-content\/uploads\/2026\/02\/StrixPlayDisplay.png\" \/>\n\t<meta property=\"og:image:width\" content=\"900\" \/>\n\t<meta property=\"og:image:height\" content=\"743\" \/>\n\t<meta property=\"og:image:type\" content=\"image\/png\" \/>\n<meta name=\"twitter:card\" content=\"summary_large_image\" \/>\n<meta name=\"twitter:label1\" content=\"Disponibilit\u00e9\" \/>\n\t<meta name=\"twitter:data1\" content=\"En stock\" \/>\n<script type=\"application\/ld+json\" class=\"yoast-schema-graph\">{\"@context\":\"https:\\\/\\\/schema.org\",\"@graph\":[{\"@type\":\"WebPage\",\"@id\":\"https:\\\/\\\/theuncommonshop.ch\\\/fr\\\/product\\\/magic-secrets-of-strixhaven-sos-play-booster-display-2\\\/\",\"url\":\"https:\\\/\\\/theuncommonshop.ch\\\/fr\\\/product\\\/magic-secrets-of-strixhaven-sos-play-booster-display-2\\\/\",\"name\":\"Ach\u00e8te Magic - Secrets of Strixhaven (SOS) - Play Booster Display\",\"isPartOf\":{\"@id\":\"https:\\\/\\\/theuncommonshop.ch\\\/fr\\\/#website\"},\"primaryImageOfPage\":{\"@id\":\"https:\\\/\\\/theuncommonshop.ch\\\/fr\\\/product\\\/magic-secrets-of-strixhaven-sos-play-booster-display-2\\\/#primaryimage\"},\"image\":{\"@id\":\"https:\\\/\\\/theuncommonshop.ch\\\/fr\\\/product\\\/magic-secrets-of-strixhaven-sos-play-booster-display-2\\\/#primaryimage\"},\"thumbnailUrl\":\"https:\\\/\\\/theuncommonshop.ch\\\/wp-content\\\/uploads\\\/2026\\\/02\\\/StrixPlayDisplay.png\",\"datePublished\":\"2026-02-07T18:45:19+00:00\",\"dateModified\":\"2026-05-10T18:03:36+00:00\",\"description\":\"Ach\u00e8te Magic - Secrets of Strixhaven (SOS) - Play Booster Display en ligne maintenant \u00e0 petit prix! Ton #1 shop pour cartes TCG & Pok\u00e9mon en Suisse \u2713 Livraison gratuite d\u00e8s CHF 29\",\"breadcrumb\":{\"@id\":\"https:\\\/\\\/theuncommonshop.ch\\\/fr\\\/product\\\/magic-secrets-of-strixhaven-sos-play-booster-display-2\\\/#breadcrumb\"},\"inLanguage\":\"fr-FR\",\"potentialAction\":[{\"@type\":\"ReadAction\",\"target\":[\"https:\\\/\\\/theuncommonshop.ch\\\/fr\\\/product\\\/magic-secrets-of-strixhaven-sos-play-booster-display-2\\\/\"]}]},{\"@type\":\"ImageObject\",\"inLanguage\":\"fr-FR\",\"@id\":\"https:\\\/\\\/theuncommonshop.ch\\\/fr\\\/product\\\/magic-secrets-of-strixhaven-sos-play-booster-display-2\\\/#primaryimage\",\"url\":\"https:\\\/\\\/theuncommonshop.ch\\\/wp-content\\\/uploads\\\/2026\\\/02\\\/StrixPlayDisplay.png\",\"contentUrl\":\"https:\\\/\\\/theuncommonshop.ch\\\/wp-content\\\/uploads\\\/2026\\\/02\\\/StrixPlayDisplay.png\",\"width\":900,\"height\":743},{\"@type\":\"BreadcrumbList\",\"@id\":\"https:\\\/\\\/theuncommonshop.ch\\\/fr\\\/product\\\/magic-secrets-of-strixhaven-sos-play-booster-display-2\\\/#breadcrumb\",\"itemListElement\":[{\"@type\":\"ListItem\",\"position\":1,\"name\":\"Accueil\",\"item\":\"https:\\\/\\\/theuncommonshop.ch\\\/fr\\\/accueil\\\/\"},{\"@type\":\"ListItem\",\"position\":2,\"name\":\"Boutique\",\"item\":\"https:\\\/\\\/theuncommonshop.ch\\\/fr\\\/boutique\\\/\"},{\"@type\":\"ListItem\",\"position\":3,\"name\":\"Magic the Gathering\",\"item\":\"https:\\\/\\\/theuncommonshop.ch\\\/fr\\\/categorie-produit\\\/magic-the-gathering-fr\\\/\"},{\"@type\":\"ListItem\",\"position\":4,\"name\":\"Produits par lots\",\"item\":\"https:\\\/\\\/theuncommonshop.ch\\\/fr\\\/categorie-produit\\\/magic-the-gathering-fr\\\/produits-par-lots-mtg\\\/\"},{\"@type\":\"ListItem\",\"position\":5,\"name\":\"Les secrets de Strixhaven\",\"item\":\"https:\\\/\\\/theuncommonshop.ch\\\/fr\\\/categorie-produit\\\/magic-the-gathering-fr\\\/produits-par-lots-mtg\\\/les-secrets-de-strixhaven\\\/\"},{\"@type\":\"ListItem\",\"position\":6,\"name\":\"Magic &#8211; Secrets of Strixhaven (SOS) &#8211; Play Booster Display\"}]},{\"@type\":\"WebSite\",\"@id\":\"https:\\\/\\\/theuncommonshop.ch\\\/fr\\\/#website\",\"url\":\"https:\\\/\\\/theuncommonshop.ch\\\/fr\\\/\",\"name\":\"The Uncommon Shop\",\"description\":\"Magic, Pok\u00e9mon and Yu-gi-oh - The Uncommon Shop\",\"potentialAction\":[{\"@type\":\"SearchAction\",\"target\":{\"@type\":\"EntryPoint\",\"urlTemplate\":\"https:\\\/\\\/theuncommonshop.ch\\\/fr\\\/?s={search_term_string}\"},\"query-input\":{\"@type\":\"PropertyValueSpecification\",\"valueRequired\":true,\"valueName\":\"search_term_string\"}}],\"inLanguage\":\"fr-FR\"}]}<\/script>\n<meta property=\"og:availability\" content=\"instock\" \/>\n<meta property=\"product:availability\" content=\"instock\" \/>\n<meta property=\"product:condition\" content=\"new\" \/>\n<!-- \/ Yoast SEO plugin. -->","yoast_head_json":{"title":"Ach\u00e8te Magic - Secrets of Strixhaven (SOS) - Play Booster Display","description":"Ach\u00e8te Magic - Secrets of Strixhaven (SOS) - Play Booster Display en ligne maintenant \u00e0 petit prix! Ton #1 shop pour cartes TCG & Pok\u00e9mon en Suisse \u2713 Livraison gratuite d\u00e8s CHF 29","robots":{"index":"index","follow":"follow","max-snippet":"max-snippet:-1","max-image-preview":"max-image-preview:large","max-video-preview":"max-video-preview:-1"},"canonical":"https:\/\/theuncommonshop.ch\/fr\/product\/magic-secrets-of-strixhaven-sos-play-booster-display-2\/","og_locale":"fr_FR","og_type":"article","og_title":"Ach\u00e8te Magic - Secrets of Strixhaven (SOS) - Play Booster Display","og_description":"Ach\u00e8te Magic - Secrets of Strixhaven (SOS) - Play Booster Display en ligne maintenant \u00e0 petit prix! Ton #1 shop pour cartes TCG & Pok\u00e9mon en Suisse \u2713 Livraison gratuite d\u00e8s CHF 29","og_url":"https:\/\/theuncommonshop.ch\/fr\/product\/magic-secrets-of-strixhaven-sos-play-booster-display-2\/","og_site_name":"The Uncommon Shop","article_modified_time":"2026-05-10T18:03:36+00:00","og_image":[{"width":900,"height":743,"url":"https:\/\/theuncommonshop.ch\/wp-content\/uploads\/2026\/02\/StrixPlayDisplay.png","type":"image\/png"}],"twitter_card":"summary_large_image","twitter_misc":{"Disponibilit\u00e9":"En stock"},"schema":{"@context":"https:\/\/schema.org","@graph":[{"@type":"WebPage","@id":"https:\/\/theuncommonshop.ch\/fr\/product\/magic-secrets-of-strixhaven-sos-play-booster-display-2\/","url":"https:\/\/theuncommonshop.ch\/fr\/product\/magic-secrets-of-strixhaven-sos-play-booster-display-2\/","name":"Ach\u00e8te Magic - Secrets of Strixhaven (SOS) - Play Booster Display","isPartOf":{"@id":"https:\/\/theuncommonshop.ch\/fr\/#website"},"primaryImageOfPage":{"@id":"https:\/\/theuncommonshop.ch\/fr\/product\/magic-secrets-of-strixhaven-sos-play-booster-display-2\/#primaryimage"},"image":{"@id":"https:\/\/theuncommonshop.ch\/fr\/product\/magic-secrets-of-strixhaven-sos-play-booster-display-2\/#primaryimage"},"thumbnailUrl":"https:\/\/theuncommonshop.ch\/wp-content\/uploads\/2026\/02\/StrixPlayDisplay.png","datePublished":"2026-02-07T18:45:19+00:00","dateModified":"2026-05-10T18:03:36+00:00","description":"Ach\u00e8te Magic - Secrets of Strixhaven (SOS) - Play Booster Display en ligne maintenant \u00e0 petit prix! Ton #1 shop pour cartes TCG & Pok\u00e9mon en Suisse \u2713 Livraison gratuite d\u00e8s CHF 29","breadcrumb":{"@id":"https:\/\/theuncommonshop.ch\/fr\/product\/magic-secrets-of-strixhaven-sos-play-booster-display-2\/#breadcrumb"},"inLanguage":"fr-FR","potentialAction":[{"@type":"ReadAction","target":["https:\/\/theuncommonshop.ch\/fr\/product\/magic-secrets-of-strixhaven-sos-play-booster-display-2\/"]}]},{"@type":"ImageObject","inLanguage":"fr-FR","@id":"https:\/\/theuncommonshop.ch\/fr\/product\/magic-secrets-of-strixhaven-sos-play-booster-display-2\/#primaryimage","url":"https:\/\/theuncommonshop.ch\/wp-content\/uploads\/2026\/02\/StrixPlayDisplay.png","contentUrl":"https:\/\/theuncommonshop.ch\/wp-content\/uploads\/2026\/02\/StrixPlayDisplay.png","width":900,"height":743},{"@type":"BreadcrumbList","@id":"https:\/\/theuncommonshop.ch\/fr\/product\/magic-secrets-of-strixhaven-sos-play-booster-display-2\/#breadcrumb","itemListElement":[{"@type":"ListItem","position":1,"name":"Accueil","item":"https:\/\/theuncommonshop.ch\/fr\/accueil\/"},{"@type":"ListItem","position":2,"name":"Boutique","item":"https:\/\/theuncommonshop.ch\/fr\/boutique\/"},{"@type":"ListItem","position":3,"name":"Magic the Gathering","item":"https:\/\/theuncommonshop.ch\/fr\/categorie-produit\/magic-the-gathering-fr\/"},{"@type":"ListItem","position":4,"name":"Produits par lots","item":"https:\/\/theuncommonshop.ch\/fr\/categorie-produit\/magic-the-gathering-fr\/produits-par-lots-mtg\/"},{"@type":"ListItem","position":5,"name":"Les secrets de Strixhaven","item":"https:\/\/theuncommonshop.ch\/fr\/categorie-produit\/magic-the-gathering-fr\/produits-par-lots-mtg\/les-secrets-de-strixhaven\/"},{"@type":"ListItem","position":6,"name":"Magic &#8211; Secrets of Strixhaven (SOS) &#8211; Play Booster Display"}]},{"@type":"WebSite","@id":"https:\/\/theuncommonshop.ch\/fr\/#website","url":"https:\/\/theuncommonshop.ch\/fr\/","name":"The Uncommon Shop","description":"Magic, Pok\u00e9mon and Yu-gi-oh - The Uncommon Shop","potentialAction":[{"@type":"SearchAction","target":{"@type":"EntryPoint","urlTemplate":"https:\/\/theuncommonshop.ch\/fr\/?s={search_term_string}"},"query-input":{"@type":"PropertyValueSpecification","valueRequired":true,"valueName":"search_term_string"}}],"inLanguage":"fr-FR"}]},"og_availability":"instock","product_availability":"instock","product_condition":"new"},"_links":{"self":[{"href":"https:\/\/theuncommonshop.ch\/fr\/wp-json\/wp\/v2\/product\/306667","targetHints":{"allow":["GET"]}}],"collection":[{"href":"https:\/\/theuncommonshop.ch\/fr\/wp-json\/wp\/v2\/product"}],"about":[{"href":"https:\/\/theuncommonshop.ch\/fr\/wp-json\/wp\/v2\/types\/product"}],"replies":[{"embeddable":true,"href":"https:\/\/theuncommonshop.ch\/fr\/wp-json\/wp\/v2\/comments?post=306667"}],"version-history":[{"count":0,"href":"https:\/\/theuncommonshop.ch\/fr\/wp-json\/wp\/v2\/product\/306667\/revisions"}],"wp:featuredmedia":[{"embeddable":true,"href":"https:\/\/theuncommonshop.ch\/fr\/wp-json\/wp\/v2\/media\/299129"}],"wp:attachment":[{"href":"https:\/\/theuncommonshop.ch\/fr\/wp-json\/wp\/v2\/media?parent=306667"}],"wp:term":[{"taxonomy":"product_brand","embeddable":true,"href":"https:\/\/theuncommonshop.ch\/fr\/wp-json\/wp\/v2\/product_brand?post=306667"},{"taxonomy":"product_cat","embeddable":true,"href":"https:\/\/theuncommonshop.ch\/fr\/wp-json\/wp\/v2\/product_cat?post=306667"},{"taxonomy":"product_tag","embeddable":true,"href":"https:\/\/theuncommonshop.ch\/fr\/wp-json\/wp\/v2\/product_tag?post=306667"}],"curies":[{"name":"wp","href":"https:\/\/api.w.org\/{rel}","templated":true}]}}