{"id":306574,"date":"2026-01-31T22:00:52","date_gmt":"2026-01-31T21:00:52","guid":{"rendered":"http:\/\/theuncommonshop.ch\/produkt\/306574\/"},"modified":"2026-03-08T16:43:08","modified_gmt":"2026-03-08T15:43:08","slug":"tgl-classic-roller-300-2","status":"publish","type":"product","link":"https:\/\/theuncommonshop.ch\/fr\/product\/tgl-classic-roller-300-2\/","title":{"rendered":"TGL &#8211; Classic Roller 300"},"content":{"rendered":"<p>Beau scooter classique en mod\u00e8le Technic. Inspir\u00e9 de l&#8217;apparence d&#8217;un GTS 300 du fabricant de scooters culte Vespa. <\/p>\n<p>Le scooter s&#8217;assemble avec plus de 1800 pi\u00e8ces et, avec une longueur de 50,1 cm et une hauteur de 34,6 cm, il attire l&#8217;attention sur n&#8217;importe quelle \u00e9tag\u00e8re. Il est \u00e9galement stable gr\u00e2ce au support d&#8217;affichage fourni. Les essieux avant et arri\u00e8re du scooter sont suspendus. Le moteur monocylindre est entra\u00een\u00e9 par une cha\u00eene sur le bras oscillant de la roue arri\u00e8re. La selle du scooter est rabattable.    <\/p>\n<p>Le kit est un peu plus difficile \u00e0 construire avec sa combinaison de briques Technic et de briques de serrage et n\u00e9cessite donc quelques connaissances pr\u00e9alables, mais il est tout \u00e0 fait r\u00e9alisable par des d\u00e9butants pers\u00e9v\u00e9rants.<\/p>\n<ul>\n<li><span class=\"price-unit-label\">contenu : <\/span><span class=\"price-unit-content\">1828 pi\u00e8ces<\/span><\/li>\n<li class=\"twt-product-detail-labelling-section twt-product-specifications-section labelling\">\n<div class=\"twt-product-detail-ean-container twt-product-specifications-container\"><span class=\"twt-product-detail-ean-label twt-product-specifications-label\">EAN : <\/span><span class=\"twt-product-detail-ean\">6974073091750<\/span><\/div>\n<\/li>\n<li class=\"twt-product-detail-measures-section twt-product-specifications-section measures\">\n<div class=\"twt-product-detail-length-container twt-product-specifications-container\"><span class=\"twt-product-detail-length-label twt-product-specifications-label\">Longueur : <\/span><span class=\"twt-product-detail-length\">501 mm<\/span><\/div>\n<\/li>\n<li class=\"twt-product-detail-measures-section twt-product-specifications-section measures\">\n<div class=\"twt-product-detail-length-container twt-product-specifications-container\"><\/div>\n<div class=\"twt-product-detail-width-container twt-product-specifications-container\"><span class=\"twt-product-detail-width-label twt-product-specifications-label\">largeur : <\/span><span class=\"twt-product-detail-width\">224 mm<\/span><\/div>\n<\/li>\n<li class=\"twt-product-detail-measures-section twt-product-specifications-section measures\">\n<div class=\"twt-product-detail-width-container twt-product-specifications-container\"><\/div>\n<div class=\"twt-product-detail-height-container twt-product-specifications-container\"><span class=\"twt-product-detail-height-label twt-product-specifications-label\">hauteur : <\/span><span class=\"twt-product-detail-height\">346 mm<\/span><\/div>\n<\/li>\n<li class=\"twt-product-detail-measures-section twt-product-specifications-section measures\">\n<div class=\"twt-product-detail-height-container twt-product-specifications-container\"><\/div>\n<div class=\"twt-product-detail-weight-container twt-product-specifications-container\"><span class=\"twt-product-detail-weight-label twt-product-specifications-label\">Poids de l&#8217;appareil : <\/span><span class=\"twt-product-detail-weight\">2 kg<\/span><\/div>\n<\/li>\n<\/ul>\n<table class=\"table table-striped product-detail-properties-table\">\n<tbody>\n<tr class=\"properties-row\">\n<th class=\"properties-label\">Attention :<\/th>\n<td class=\"properties-value\">Ne convient pas aux enfants de moins de 3 ans, car de petites pi\u00e8ces peuvent \u00eatre aval\u00e9es. Risque d&#8217;\u00e9touffement ! <\/td>\n<\/tr>\n<tr class=\"properties-row\">\n<th class=\"properties-label\">\u00c2ge recommand\u00e9 :<\/th>\n<td class=\"properties-value\">12+<\/td>\n<\/tr>\n<tr class=\"properties-row\">\n<th class=\"properties-label\">Instructions de montage :<\/th>\n<td class=\"properties-value\">Instructions de construction bien compr\u00e9hensibles incluses.<\/td>\n<\/tr>\n<tr class=\"properties-row\">\n<th class=\"properties-label\">Compatible :<\/th>\n<td class=\"properties-value\">Standard &#8211; 100% compatible avec les briques de serrage d&#8217;autres grands fabricants.<\/td>\n<\/tr>\n<tr class=\"properties-row\">\n<th class=\"properties-label\">Groupe de mat\u00e9riaux :<\/th>\n<td class=\"properties-value\">Plastique : ABS<\/td>\n<\/tr>\n<tr class=\"properties-row\">\n<th class=\"properties-label\">\u00c9chelle :<\/th>\n<td class=\"properties-value\">1:5<\/td>\n<\/tr>\n<tr class=\"properties-row\">\n<th class=\"properties-label\">motorisation :<\/th>\n<td class=\"properties-value\">non<\/td>\n<\/tr>\n<tr class=\"properties-row\">\n<th class=\"properties-label\">Qualit\u00e9 :<\/th>\n<td class=\"properties-value\">Tr\u00e8s bonne qualit\u00e9 et force de serrage des briques.<\/td>\n<\/tr>\n<tr class=\"properties-row\">\n<th class=\"properties-label\">Emballage :<\/th>\n<td class=\"properties-value\">Original<\/td>\n<\/tr>\n<\/tbody>\n<\/table>\n","protected":false},"excerpt":{"rendered":"<p>Beau scooter classique en mod\u00e8le Technic. Inspir\u00e9 de l&#8217;apparence d&#8217;un GTS 300 du fabricant de scooters culte Vespa. Le scooter<\/p>\n","protected":false},"featured_media":306588,"comment_status":"open","ping_status":"closed","template":"","meta":{"_acf_changed":false},"product_brand":[5212],"product_cat":[9905,10309,9901],"product_tag":[],"class_list":{"0":"post-306574","1":"product","2":"type-product","3":"status-publish","4":"has-post-thumbnail","6":"product_brand-tgl","7":"product_cat-briques-de-construction","8":"product_cat-divers-fabricants","9":"product_cat-jouets","11":"first","12":"outofstock","13":"taxable","14":"shipping-taxable","15":"purchasable","16":"product-type-simple"},"acf":[],"yoast_head":"<!-- This site is optimized with the Yoast SEO plugin v27.4 - https:\/\/yoast.com\/product\/yoast-seo-wordpress\/ -->\n<title>Ach\u00e8te TGL - Classic Roller 300<\/title>\n<meta name=\"description\" content=\"Ach\u00e8te TGL - Classic Roller 300 en ligne maintenant \u00e0 petit prix! Ton #1 shop pour cartes TCG &amp; Pok\u00e9mon en Suisse \u2713 Livraison gratuite d\u00e8s CHF 29\" \/>\n<meta name=\"robots\" content=\"index, follow, max-snippet:-1, max-image-preview:large, max-video-preview:-1\" \/>\n<link rel=\"canonical\" href=\"https:\/\/theuncommonshop.ch\/fr\/product\/tgl-classic-roller-300-2\/\" \/>\n<meta property=\"og:locale\" content=\"fr_FR\" \/>\n<meta property=\"og:type\" content=\"article\" \/>\n<meta property=\"og:title\" content=\"Ach\u00e8te TGL - Classic Roller 300\" \/>\n<meta property=\"og:description\" content=\"Ach\u00e8te TGL - Classic Roller 300 en ligne maintenant \u00e0 petit prix! Ton #1 shop pour cartes TCG &amp; Pok\u00e9mon en Suisse \u2713 Livraison gratuite d\u00e8s CHF 29\" \/>\n<meta property=\"og:url\" content=\"https:\/\/theuncommonshop.ch\/fr\/product\/tgl-classic-roller-300-2\/\" \/>\n<meta property=\"og:site_name\" content=\"The Uncommon Shop\" \/>\n<meta property=\"article:modified_time\" content=\"2026-03-08T15:43:08+00:00\" \/>\n<meta property=\"og:image\" content=\"https:\/\/theuncommonshop.ch\/wp-content\/uploads\/2026\/01\/TU1.jpg\" \/>\n\t<meta property=\"og:image:width\" content=\"791\" \/>\n\t<meta property=\"og:image:height\" content=\"772\" \/>\n\t<meta property=\"og:image:type\" content=\"image\/jpeg\" \/>\n<meta name=\"twitter:card\" content=\"summary_large_image\" \/>\n<meta name=\"twitter:label1\" content=\"Prix\" \/>\n\t<meta name=\"twitter:data1\" content=\"&#067;&#072;&#070;&nbsp;74.95\" \/>\n\t<meta name=\"twitter:label2\" content=\"Disponibilit\u00e9\" \/>\n\t<meta name=\"twitter:data2\" content=\"Rupture de stock\" \/>\n<script type=\"application\/ld+json\" class=\"yoast-schema-graph\">{\"@context\":\"https:\\\/\\\/schema.org\",\"@graph\":[{\"@type\":\"WebPage\",\"@id\":\"https:\\\/\\\/theuncommonshop.ch\\\/fr\\\/product\\\/tgl-classic-roller-300-2\\\/\",\"url\":\"https:\\\/\\\/theuncommonshop.ch\\\/fr\\\/product\\\/tgl-classic-roller-300-2\\\/\",\"name\":\"Ach\u00e8te TGL - Classic Roller 300\",\"isPartOf\":{\"@id\":\"https:\\\/\\\/theuncommonshop.ch\\\/fr\\\/#website\"},\"primaryImageOfPage\":{\"@id\":\"https:\\\/\\\/theuncommonshop.ch\\\/fr\\\/product\\\/tgl-classic-roller-300-2\\\/#primaryimage\"},\"image\":{\"@id\":\"https:\\\/\\\/theuncommonshop.ch\\\/fr\\\/product\\\/tgl-classic-roller-300-2\\\/#primaryimage\"},\"thumbnailUrl\":\"https:\\\/\\\/theuncommonshop.ch\\\/wp-content\\\/uploads\\\/2026\\\/01\\\/TU1.jpg\",\"datePublished\":\"2026-01-31T21:00:52+00:00\",\"dateModified\":\"2026-03-08T15:43:08+00:00\",\"description\":\"Ach\u00e8te TGL - Classic Roller 300 en ligne maintenant \u00e0 petit prix! Ton #1 shop pour cartes TCG & Pok\u00e9mon en Suisse \u2713 Livraison gratuite d\u00e8s CHF 29\",\"breadcrumb\":{\"@id\":\"https:\\\/\\\/theuncommonshop.ch\\\/fr\\\/product\\\/tgl-classic-roller-300-2\\\/#breadcrumb\"},\"inLanguage\":\"fr-FR\",\"potentialAction\":[{\"@type\":\"ReadAction\",\"target\":[\"https:\\\/\\\/theuncommonshop.ch\\\/fr\\\/product\\\/tgl-classic-roller-300-2\\\/\"]}]},{\"@type\":\"ImageObject\",\"inLanguage\":\"fr-FR\",\"@id\":\"https:\\\/\\\/theuncommonshop.ch\\\/fr\\\/product\\\/tgl-classic-roller-300-2\\\/#primaryimage\",\"url\":\"https:\\\/\\\/theuncommonshop.ch\\\/wp-content\\\/uploads\\\/2026\\\/01\\\/TU1.jpg\",\"contentUrl\":\"https:\\\/\\\/theuncommonshop.ch\\\/wp-content\\\/uploads\\\/2026\\\/01\\\/TU1.jpg\",\"width\":791,\"height\":772},{\"@type\":\"BreadcrumbList\",\"@id\":\"https:\\\/\\\/theuncommonshop.ch\\\/fr\\\/product\\\/tgl-classic-roller-300-2\\\/#breadcrumb\",\"itemListElement\":[{\"@type\":\"ListItem\",\"position\":1,\"name\":\"Accueil\",\"item\":\"https:\\\/\\\/theuncommonshop.ch\\\/fr\\\/accueil\\\/\"},{\"@type\":\"ListItem\",\"position\":2,\"name\":\"Boutique\",\"item\":\"https:\\\/\\\/theuncommonshop.ch\\\/fr\\\/boutique\\\/\"},{\"@type\":\"ListItem\",\"position\":3,\"name\":\"Jouets\",\"item\":\"https:\\\/\\\/theuncommonshop.ch\\\/fr\\\/categorie-produit\\\/jouets\\\/\"},{\"@type\":\"ListItem\",\"position\":4,\"name\":\"Briques de construction\",\"item\":\"https:\\\/\\\/theuncommonshop.ch\\\/fr\\\/categorie-produit\\\/jouets\\\/briques-de-construction\\\/\"},{\"@type\":\"ListItem\",\"position\":5,\"name\":\"Divers fabricants\",\"item\":\"https:\\\/\\\/theuncommonshop.ch\\\/fr\\\/categorie-produit\\\/jouets\\\/briques-de-construction\\\/divers-fabricants\\\/\"},{\"@type\":\"ListItem\",\"position\":6,\"name\":\"TGL &#8211; Classic Roller 300\"}]},{\"@type\":\"WebSite\",\"@id\":\"https:\\\/\\\/theuncommonshop.ch\\\/fr\\\/#website\",\"url\":\"https:\\\/\\\/theuncommonshop.ch\\\/fr\\\/\",\"name\":\"The Uncommon Shop\",\"description\":\"Magic, Pok\u00e9mon and Yu-gi-oh - The Uncommon Shop\",\"potentialAction\":[{\"@type\":\"SearchAction\",\"target\":{\"@type\":\"EntryPoint\",\"urlTemplate\":\"https:\\\/\\\/theuncommonshop.ch\\\/fr\\\/?s={search_term_string}\"},\"query-input\":{\"@type\":\"PropertyValueSpecification\",\"valueRequired\":true,\"valueName\":\"search_term_string\"}}],\"inLanguage\":\"fr-FR\"}]}<\/script>\n<meta property=\"product:price:amount\" content=\"74.95\" \/>\n<meta property=\"product:price:currency\" content=\"CHF\" \/>\n<meta property=\"og:availability\" content=\"out of stock\" \/>\n<meta property=\"product:availability\" content=\"out of stock\" \/>\n<meta property=\"product:retailer_item_id\" content=\"SHOP.ClassicRollerT\u00fcrkis\" \/>\n<meta property=\"product:condition\" content=\"new\" \/>\n<!-- \/ Yoast SEO plugin. -->","yoast_head_json":{"title":"Ach\u00e8te TGL - Classic Roller 300","description":"Ach\u00e8te TGL - Classic Roller 300 en ligne maintenant \u00e0 petit prix! Ton #1 shop pour cartes TCG & Pok\u00e9mon en Suisse \u2713 Livraison gratuite d\u00e8s CHF 29","robots":{"index":"index","follow":"follow","max-snippet":"max-snippet:-1","max-image-preview":"max-image-preview:large","max-video-preview":"max-video-preview:-1"},"canonical":"https:\/\/theuncommonshop.ch\/fr\/product\/tgl-classic-roller-300-2\/","og_locale":"fr_FR","og_type":"article","og_title":"Ach\u00e8te TGL - Classic Roller 300","og_description":"Ach\u00e8te TGL - Classic Roller 300 en ligne maintenant \u00e0 petit prix! Ton #1 shop pour cartes TCG & Pok\u00e9mon en Suisse \u2713 Livraison gratuite d\u00e8s CHF 29","og_url":"https:\/\/theuncommonshop.ch\/fr\/product\/tgl-classic-roller-300-2\/","og_site_name":"The Uncommon Shop","article_modified_time":"2026-03-08T15:43:08+00:00","og_image":[{"width":791,"height":772,"url":"https:\/\/theuncommonshop.ch\/wp-content\/uploads\/2026\/01\/TU1.jpg","type":"image\/jpeg"}],"twitter_card":"summary_large_image","twitter_misc":{"Prix":"&#67;&#72;&#70;&nbsp;74.95","Disponibilit\u00e9":"Rupture de stock"},"schema":{"@context":"https:\/\/schema.org","@graph":[{"@type":"WebPage","@id":"https:\/\/theuncommonshop.ch\/fr\/product\/tgl-classic-roller-300-2\/","url":"https:\/\/theuncommonshop.ch\/fr\/product\/tgl-classic-roller-300-2\/","name":"Ach\u00e8te TGL - Classic Roller 300","isPartOf":{"@id":"https:\/\/theuncommonshop.ch\/fr\/#website"},"primaryImageOfPage":{"@id":"https:\/\/theuncommonshop.ch\/fr\/product\/tgl-classic-roller-300-2\/#primaryimage"},"image":{"@id":"https:\/\/theuncommonshop.ch\/fr\/product\/tgl-classic-roller-300-2\/#primaryimage"},"thumbnailUrl":"https:\/\/theuncommonshop.ch\/wp-content\/uploads\/2026\/01\/TU1.jpg","datePublished":"2026-01-31T21:00:52+00:00","dateModified":"2026-03-08T15:43:08+00:00","description":"Ach\u00e8te TGL - Classic Roller 300 en ligne maintenant \u00e0 petit prix! Ton #1 shop pour cartes TCG & Pok\u00e9mon en Suisse \u2713 Livraison gratuite d\u00e8s CHF 29","breadcrumb":{"@id":"https:\/\/theuncommonshop.ch\/fr\/product\/tgl-classic-roller-300-2\/#breadcrumb"},"inLanguage":"fr-FR","potentialAction":[{"@type":"ReadAction","target":["https:\/\/theuncommonshop.ch\/fr\/product\/tgl-classic-roller-300-2\/"]}]},{"@type":"ImageObject","inLanguage":"fr-FR","@id":"https:\/\/theuncommonshop.ch\/fr\/product\/tgl-classic-roller-300-2\/#primaryimage","url":"https:\/\/theuncommonshop.ch\/wp-content\/uploads\/2026\/01\/TU1.jpg","contentUrl":"https:\/\/theuncommonshop.ch\/wp-content\/uploads\/2026\/01\/TU1.jpg","width":791,"height":772},{"@type":"BreadcrumbList","@id":"https:\/\/theuncommonshop.ch\/fr\/product\/tgl-classic-roller-300-2\/#breadcrumb","itemListElement":[{"@type":"ListItem","position":1,"name":"Accueil","item":"https:\/\/theuncommonshop.ch\/fr\/accueil\/"},{"@type":"ListItem","position":2,"name":"Boutique","item":"https:\/\/theuncommonshop.ch\/fr\/boutique\/"},{"@type":"ListItem","position":3,"name":"Jouets","item":"https:\/\/theuncommonshop.ch\/fr\/categorie-produit\/jouets\/"},{"@type":"ListItem","position":4,"name":"Briques de construction","item":"https:\/\/theuncommonshop.ch\/fr\/categorie-produit\/jouets\/briques-de-construction\/"},{"@type":"ListItem","position":5,"name":"Divers fabricants","item":"https:\/\/theuncommonshop.ch\/fr\/categorie-produit\/jouets\/briques-de-construction\/divers-fabricants\/"},{"@type":"ListItem","position":6,"name":"TGL &#8211; Classic Roller 300"}]},{"@type":"WebSite","@id":"https:\/\/theuncommonshop.ch\/fr\/#website","url":"https:\/\/theuncommonshop.ch\/fr\/","name":"The Uncommon Shop","description":"Magic, Pok\u00e9mon and Yu-gi-oh - The Uncommon Shop","potentialAction":[{"@type":"SearchAction","target":{"@type":"EntryPoint","urlTemplate":"https:\/\/theuncommonshop.ch\/fr\/?s={search_term_string}"},"query-input":{"@type":"PropertyValueSpecification","valueRequired":true,"valueName":"search_term_string"}}],"inLanguage":"fr-FR"}]},"product_price_amount":"74.95","product_price_currency":"CHF","og_availability":"out of stock","product_availability":"out of stock","product_retailer_item_id":"SHOP.ClassicRollerT\u00fcrkis","product_condition":"new"},"_links":{"self":[{"href":"https:\/\/theuncommonshop.ch\/fr\/wp-json\/wp\/v2\/product\/306574","targetHints":{"allow":["GET"]}}],"collection":[{"href":"https:\/\/theuncommonshop.ch\/fr\/wp-json\/wp\/v2\/product"}],"about":[{"href":"https:\/\/theuncommonshop.ch\/fr\/wp-json\/wp\/v2\/types\/product"}],"replies":[{"embeddable":true,"href":"https:\/\/theuncommonshop.ch\/fr\/wp-json\/wp\/v2\/comments?post=306574"}],"version-history":[{"count":0,"href":"https:\/\/theuncommonshop.ch\/fr\/wp-json\/wp\/v2\/product\/306574\/revisions"}],"wp:featuredmedia":[{"embeddable":true,"href":"https:\/\/theuncommonshop.ch\/fr\/wp-json\/wp\/v2\/media\/306588"}],"wp:attachment":[{"href":"https:\/\/theuncommonshop.ch\/fr\/wp-json\/wp\/v2\/media?parent=306574"}],"wp:term":[{"taxonomy":"product_brand","embeddable":true,"href":"https:\/\/theuncommonshop.ch\/fr\/wp-json\/wp\/v2\/product_brand?post=306574"},{"taxonomy":"product_cat","embeddable":true,"href":"https:\/\/theuncommonshop.ch\/fr\/wp-json\/wp\/v2\/product_cat?post=306574"},{"taxonomy":"product_tag","embeddable":true,"href":"https:\/\/theuncommonshop.ch\/fr\/wp-json\/wp\/v2\/product_tag?post=306574"}],"curies":[{"name":"wp","href":"https:\/\/api.w.org\/{rel}","templated":true}]}}