{"id":306285,"date":"2026-01-29T16:58:25","date_gmt":"2026-01-29T15:58:25","guid":{"rendered":"http:\/\/theuncommonshop.ch\/produkt\/306285\/"},"modified":"2026-03-08T16:42:35","modified_gmt":"2026-03-08T15:42:35","slug":"qman-keeppley-pikachu-team-flare-kuppy-2","status":"publish","type":"product","link":"https:\/\/theuncommonshop.ch\/fr\/product\/qman-keeppley-pikachu-team-flare-kuppy-2\/","title":{"rendered":"QMAN &#8211; Keeppley &#8211; Pikachu Team Flare KUPPY"},"content":{"rendered":"<p>Le c\u00e9l\u00e8bre personnage principal a une hauteur de 11 cm.<\/p>\n<p>Kuppy est le nom keeppley pour les figurines de style Brickheadz<\/p>\n<p>116 pi\u00e8ces<\/p>\n<p><strong data-redactor-tag=\"strong\">Toutes les pi\u00e8ces sont imprim\u00e9es, pas d&#8217;autocollants !<\/strong><\/p>\n<table class=\"table table-striped product-detail-properties-table ecwid-description-table\">\n<tbody>\n<tr>\n<th>Attention :<\/th>\n<td>Ne convient pas aux enfants de moins de 3 ans, car de petites pi\u00e8ces peuvent \u00eatre aval\u00e9es. Risque d&#8217;\u00e9touffement ! <\/td>\n<\/tr>\n<tr>\n<th>\u00c2ge recommand\u00e9 :<\/th>\n<td>8+<\/td>\n<\/tr>\n<tr>\n<th>Instructions de montage :<\/th>\n<td>Instructions de construction bien compr\u00e9hensibles incluses.<\/td>\n<\/tr>\n<tr>\n<th>Compatible :<\/th>\n<td>Standard &#8211; 100% compatible avec les briques de serrage d&#8217;autres grands fabricants.<\/td>\n<\/tr>\n<tr>\n<th>Groupe de mat\u00e9riaux :<\/th>\n<td>Plastique : ABS<\/td>\n<\/tr>\n<tr>\n<th>Qualit\u00e9 :<\/th>\n<td>Tr\u00e8s bonne qualit\u00e9 et force de serrage des briques.<\/td>\n<\/tr>\n<tr>\n<th>Emballage :<\/th>\n<td>Original<\/td>\n<\/tr>\n<\/tbody>\n<\/table>\n","protected":false},"excerpt":{"rendered":"<p>Le c\u00e9l\u00e8bre personnage principal a une hauteur de 11 cm. Kuppy est le nom keeppley pour les figurines de style<\/p>\n","protected":false},"featured_media":306290,"comment_status":"open","ping_status":"closed","template":"","meta":{"_acf_changed":false},"product_brand":[5114,5206,5072],"product_cat":[9905,9901,10305],"product_tag":[],"class_list":{"0":"post-306285","1":"product","2":"type-product","3":"status-publish","4":"has-post-thumbnail","6":"product_brand-pokemon","7":"product_brand-qman-keeppley","8":"product_brand-the-pokemon-company","9":"product_cat-briques-de-construction","10":"product_cat-jouets","11":"product_cat-qman-fr","13":"first","14":"outofstock","15":"taxable","16":"shipping-taxable","17":"purchasable","18":"product-type-simple"},"acf":[],"yoast_head":"<!-- This site is optimized with the Yoast SEO plugin v27.4 - https:\/\/yoast.com\/product\/yoast-seo-wordpress\/ -->\n<title>Ach\u00e8te QMAN - Keeppley - Pikachu Team Flare KUPPY<\/title>\n<meta name=\"description\" content=\"Ach\u00e8te QMAN - Keeppley - Pikachu Team Flare KUPPY en ligne maintenant \u00e0 petit prix! Ton #1 shop pour cartes TCG &amp; Pok\u00e9mon en Suisse \u2713 Livraison gratuite d\u00e8s CHF 29\" \/>\n<meta name=\"robots\" content=\"index, follow, max-snippet:-1, max-image-preview:large, max-video-preview:-1\" \/>\n<link rel=\"canonical\" href=\"https:\/\/theuncommonshop.ch\/fr\/product\/qman-keeppley-pikachu-team-flare-kuppy-2\/\" \/>\n<meta property=\"og:locale\" content=\"fr_FR\" \/>\n<meta property=\"og:type\" content=\"article\" \/>\n<meta property=\"og:title\" content=\"Ach\u00e8te QMAN - Keeppley - Pikachu Team Flare KUPPY\" \/>\n<meta property=\"og:description\" content=\"Ach\u00e8te QMAN - Keeppley - Pikachu Team Flare KUPPY en ligne maintenant \u00e0 petit prix! Ton #1 shop pour cartes TCG &amp; Pok\u00e9mon en Suisse \u2713 Livraison gratuite d\u00e8s CHF 29\" \/>\n<meta property=\"og:url\" content=\"https:\/\/theuncommonshop.ch\/fr\/product\/qman-keeppley-pikachu-team-flare-kuppy-2\/\" \/>\n<meta property=\"og:site_name\" content=\"Largest trading card shop in Switzerland\" \/>\n<meta property=\"article:modified_time\" content=\"2026-03-08T15:42:35+00:00\" \/>\n<meta property=\"og:image\" content=\"https:\/\/theuncommonshop.ch\/wp-content\/uploads\/2026\/01\/FL1.jpg\" \/>\n\t<meta property=\"og:image:width\" content=\"487\" \/>\n\t<meta property=\"og:image:height\" content=\"720\" \/>\n\t<meta property=\"og:image:type\" content=\"image\/jpeg\" \/>\n<meta name=\"twitter:card\" content=\"summary_large_image\" \/>\n<meta name=\"twitter:label1\" content=\"Prix\" \/>\n\t<meta name=\"twitter:data1\" content=\"&#067;&#072;&#070;&nbsp;12.95\" \/>\n\t<meta name=\"twitter:label2\" content=\"Disponibilit\u00e9\" \/>\n\t<meta name=\"twitter:data2\" content=\"Rupture de stock\" \/>\n<script type=\"application\/ld+json\" class=\"yoast-schema-graph\">{\"@context\":\"https:\\\/\\\/schema.org\",\"@graph\":[{\"@type\":\"WebPage\",\"@id\":\"https:\\\/\\\/theuncommonshop.ch\\\/fr\\\/product\\\/qman-keeppley-pikachu-team-flare-kuppy-2\\\/\",\"url\":\"https:\\\/\\\/theuncommonshop.ch\\\/fr\\\/product\\\/qman-keeppley-pikachu-team-flare-kuppy-2\\\/\",\"name\":\"Ach\u00e8te QMAN - Keeppley - Pikachu Team Flare KUPPY\",\"isPartOf\":{\"@id\":\"https:\\\/\\\/theuncommonshop.ch\\\/#website\"},\"primaryImageOfPage\":{\"@id\":\"https:\\\/\\\/theuncommonshop.ch\\\/fr\\\/product\\\/qman-keeppley-pikachu-team-flare-kuppy-2\\\/#primaryimage\"},\"image\":{\"@id\":\"https:\\\/\\\/theuncommonshop.ch\\\/fr\\\/product\\\/qman-keeppley-pikachu-team-flare-kuppy-2\\\/#primaryimage\"},\"thumbnailUrl\":\"https:\\\/\\\/theuncommonshop.ch\\\/wp-content\\\/uploads\\\/2026\\\/01\\\/FL1.jpg\",\"datePublished\":\"2026-01-29T15:58:25+00:00\",\"dateModified\":\"2026-03-08T15:42:35+00:00\",\"description\":\"Ach\u00e8te QMAN - Keeppley - Pikachu Team Flare KUPPY en ligne maintenant \u00e0 petit prix! Ton #1 shop pour cartes TCG & Pok\u00e9mon en Suisse \u2713 Livraison gratuite d\u00e8s CHF 29\",\"breadcrumb\":{\"@id\":\"https:\\\/\\\/theuncommonshop.ch\\\/fr\\\/product\\\/qman-keeppley-pikachu-team-flare-kuppy-2\\\/#breadcrumb\"},\"inLanguage\":\"fr-FR\",\"potentialAction\":[{\"@type\":\"ReadAction\",\"target\":[\"https:\\\/\\\/theuncommonshop.ch\\\/fr\\\/product\\\/qman-keeppley-pikachu-team-flare-kuppy-2\\\/\"]}]},{\"@type\":\"ImageObject\",\"inLanguage\":\"fr-FR\",\"@id\":\"https:\\\/\\\/theuncommonshop.ch\\\/fr\\\/product\\\/qman-keeppley-pikachu-team-flare-kuppy-2\\\/#primaryimage\",\"url\":\"https:\\\/\\\/theuncommonshop.ch\\\/wp-content\\\/uploads\\\/2026\\\/01\\\/FL1.jpg\",\"contentUrl\":\"https:\\\/\\\/theuncommonshop.ch\\\/wp-content\\\/uploads\\\/2026\\\/01\\\/FL1.jpg\",\"width\":487,\"height\":720},{\"@type\":\"BreadcrumbList\",\"@id\":\"https:\\\/\\\/theuncommonshop.ch\\\/fr\\\/product\\\/qman-keeppley-pikachu-team-flare-kuppy-2\\\/#breadcrumb\",\"itemListElement\":[{\"@type\":\"ListItem\",\"position\":1,\"name\":\"Accueil\",\"item\":\"https:\\\/\\\/theuncommonshop.ch\\\/fr\\\/accueil\\\/\"},{\"@type\":\"ListItem\",\"position\":2,\"name\":\"Boutique\",\"item\":\"https:\\\/\\\/theuncommonshop.ch\\\/fr\\\/boutique\\\/\"},{\"@type\":\"ListItem\",\"position\":3,\"name\":\"Spielzeug\",\"item\":\"https:\\\/\\\/theuncommonshop.ch\\\/produktkategorie\\\/spielzeug\\\/\"},{\"@type\":\"ListItem\",\"position\":4,\"name\":\"Klemmbausteine\",\"item\":\"https:\\\/\\\/theuncommonshop.ch\\\/produktkategorie\\\/spielzeug\\\/klemmbausteine\\\/\"},{\"@type\":\"ListItem\",\"position\":5,\"name\":\"QMAN\",\"item\":\"https:\\\/\\\/theuncommonshop.ch\\\/produktkategorie\\\/spielzeug\\\/klemmbausteine\\\/qman\\\/\"},{\"@type\":\"ListItem\",\"position\":6,\"name\":\"QMAN &#8211; Keeppley &#8211; Pikachu Team Flare KUPPY\"}]},{\"@type\":\"WebSite\",\"@id\":\"https:\\\/\\\/theuncommonshop.ch\\\/#website\",\"url\":\"https:\\\/\\\/theuncommonshop.ch\\\/\",\"name\":\"Largest trading card shop in Switzerland\",\"description\":\"Magic, Pok\u00e9mon and Yu-gi-oh - The Uncommon Shop\",\"potentialAction\":[{\"@type\":\"SearchAction\",\"target\":{\"@type\":\"EntryPoint\",\"urlTemplate\":\"https:\\\/\\\/theuncommonshop.ch\\\/?s={search_term_string}\"},\"query-input\":{\"@type\":\"PropertyValueSpecification\",\"valueRequired\":true,\"valueName\":\"search_term_string\"}}],\"inLanguage\":\"fr-FR\"}]}<\/script>\n<meta property=\"product:price:amount\" content=\"12.95\" \/>\n<meta property=\"product:price:currency\" content=\"CHF\" \/>\n<meta property=\"og:availability\" content=\"out of stock\" \/>\n<meta property=\"product:availability\" content=\"out of stock\" \/>\n<meta property=\"product:retailer_item_id\" content=\"SHOP.KeeppleyPikachuTeamFlareKuppy\" \/>\n<meta property=\"product:condition\" content=\"new\" \/>\n<!-- \/ Yoast SEO plugin. -->","yoast_head_json":{"title":"Ach\u00e8te QMAN - Keeppley - Pikachu Team Flare KUPPY","description":"Ach\u00e8te QMAN - Keeppley - Pikachu Team Flare KUPPY en ligne maintenant \u00e0 petit prix! Ton #1 shop pour cartes TCG & Pok\u00e9mon en Suisse \u2713 Livraison gratuite d\u00e8s CHF 29","robots":{"index":"index","follow":"follow","max-snippet":"max-snippet:-1","max-image-preview":"max-image-preview:large","max-video-preview":"max-video-preview:-1"},"canonical":"https:\/\/theuncommonshop.ch\/fr\/product\/qman-keeppley-pikachu-team-flare-kuppy-2\/","og_locale":"fr_FR","og_type":"article","og_title":"Ach\u00e8te QMAN - Keeppley - Pikachu Team Flare KUPPY","og_description":"Ach\u00e8te QMAN - Keeppley - Pikachu Team Flare KUPPY en ligne maintenant \u00e0 petit prix! Ton #1 shop pour cartes TCG & Pok\u00e9mon en Suisse \u2713 Livraison gratuite d\u00e8s CHF 29","og_url":"https:\/\/theuncommonshop.ch\/fr\/product\/qman-keeppley-pikachu-team-flare-kuppy-2\/","og_site_name":"Largest trading card shop in Switzerland","article_modified_time":"2026-03-08T15:42:35+00:00","og_image":[{"width":487,"height":720,"url":"https:\/\/theuncommonshop.ch\/wp-content\/uploads\/2026\/01\/FL1.jpg","type":"image\/jpeg"}],"twitter_card":"summary_large_image","twitter_misc":{"Prix":"&#67;&#72;&#70;&nbsp;12.95","Disponibilit\u00e9":"Rupture de stock"},"schema":{"@context":"https:\/\/schema.org","@graph":[{"@type":"WebPage","@id":"https:\/\/theuncommonshop.ch\/fr\/product\/qman-keeppley-pikachu-team-flare-kuppy-2\/","url":"https:\/\/theuncommonshop.ch\/fr\/product\/qman-keeppley-pikachu-team-flare-kuppy-2\/","name":"Ach\u00e8te QMAN - Keeppley - Pikachu Team Flare KUPPY","isPartOf":{"@id":"https:\/\/theuncommonshop.ch\/#website"},"primaryImageOfPage":{"@id":"https:\/\/theuncommonshop.ch\/fr\/product\/qman-keeppley-pikachu-team-flare-kuppy-2\/#primaryimage"},"image":{"@id":"https:\/\/theuncommonshop.ch\/fr\/product\/qman-keeppley-pikachu-team-flare-kuppy-2\/#primaryimage"},"thumbnailUrl":"https:\/\/theuncommonshop.ch\/wp-content\/uploads\/2026\/01\/FL1.jpg","datePublished":"2026-01-29T15:58:25+00:00","dateModified":"2026-03-08T15:42:35+00:00","description":"Ach\u00e8te QMAN - Keeppley - Pikachu Team Flare KUPPY en ligne maintenant \u00e0 petit prix! Ton #1 shop pour cartes TCG & Pok\u00e9mon en Suisse \u2713 Livraison gratuite d\u00e8s CHF 29","breadcrumb":{"@id":"https:\/\/theuncommonshop.ch\/fr\/product\/qman-keeppley-pikachu-team-flare-kuppy-2\/#breadcrumb"},"inLanguage":"fr-FR","potentialAction":[{"@type":"ReadAction","target":["https:\/\/theuncommonshop.ch\/fr\/product\/qman-keeppley-pikachu-team-flare-kuppy-2\/"]}]},{"@type":"ImageObject","inLanguage":"fr-FR","@id":"https:\/\/theuncommonshop.ch\/fr\/product\/qman-keeppley-pikachu-team-flare-kuppy-2\/#primaryimage","url":"https:\/\/theuncommonshop.ch\/wp-content\/uploads\/2026\/01\/FL1.jpg","contentUrl":"https:\/\/theuncommonshop.ch\/wp-content\/uploads\/2026\/01\/FL1.jpg","width":487,"height":720},{"@type":"BreadcrumbList","@id":"https:\/\/theuncommonshop.ch\/fr\/product\/qman-keeppley-pikachu-team-flare-kuppy-2\/#breadcrumb","itemListElement":[{"@type":"ListItem","position":1,"name":"Accueil","item":"https:\/\/theuncommonshop.ch\/fr\/accueil\/"},{"@type":"ListItem","position":2,"name":"Boutique","item":"https:\/\/theuncommonshop.ch\/fr\/boutique\/"},{"@type":"ListItem","position":3,"name":"Spielzeug","item":"https:\/\/theuncommonshop.ch\/produktkategorie\/spielzeug\/"},{"@type":"ListItem","position":4,"name":"Klemmbausteine","item":"https:\/\/theuncommonshop.ch\/produktkategorie\/spielzeug\/klemmbausteine\/"},{"@type":"ListItem","position":5,"name":"QMAN","item":"https:\/\/theuncommonshop.ch\/produktkategorie\/spielzeug\/klemmbausteine\/qman\/"},{"@type":"ListItem","position":6,"name":"QMAN &#8211; Keeppley &#8211; Pikachu Team Flare KUPPY"}]},{"@type":"WebSite","@id":"https:\/\/theuncommonshop.ch\/#website","url":"https:\/\/theuncommonshop.ch\/","name":"Largest trading card shop in Switzerland","description":"Magic, Pok\u00e9mon and Yu-gi-oh - The Uncommon Shop","potentialAction":[{"@type":"SearchAction","target":{"@type":"EntryPoint","urlTemplate":"https:\/\/theuncommonshop.ch\/?s={search_term_string}"},"query-input":{"@type":"PropertyValueSpecification","valueRequired":true,"valueName":"search_term_string"}}],"inLanguage":"fr-FR"}]},"product_price_amount":"12.95","product_price_currency":"CHF","og_availability":"out of stock","product_availability":"out of stock","product_retailer_item_id":"SHOP.KeeppleyPikachuTeamFlareKuppy","product_condition":"new"},"_links":{"self":[{"href":"https:\/\/theuncommonshop.ch\/fr\/wp-json\/wp\/v2\/product\/306285","targetHints":{"allow":["GET"]}}],"collection":[{"href":"https:\/\/theuncommonshop.ch\/fr\/wp-json\/wp\/v2\/product"}],"about":[{"href":"https:\/\/theuncommonshop.ch\/fr\/wp-json\/wp\/v2\/types\/product"}],"replies":[{"embeddable":true,"href":"https:\/\/theuncommonshop.ch\/fr\/wp-json\/wp\/v2\/comments?post=306285"}],"version-history":[{"count":1,"href":"https:\/\/theuncommonshop.ch\/fr\/wp-json\/wp\/v2\/product\/306285\/revisions"}],"predecessor-version":[{"id":306292,"href":"https:\/\/theuncommonshop.ch\/fr\/wp-json\/wp\/v2\/product\/306285\/revisions\/306292"}],"wp:featuredmedia":[{"embeddable":true,"href":"https:\/\/theuncommonshop.ch\/fr\/wp-json\/wp\/v2\/media\/306290"}],"wp:attachment":[{"href":"https:\/\/theuncommonshop.ch\/fr\/wp-json\/wp\/v2\/media?parent=306285"}],"wp:term":[{"taxonomy":"product_brand","embeddable":true,"href":"https:\/\/theuncommonshop.ch\/fr\/wp-json\/wp\/v2\/product_brand?post=306285"},{"taxonomy":"product_cat","embeddable":true,"href":"https:\/\/theuncommonshop.ch\/fr\/wp-json\/wp\/v2\/product_cat?post=306285"},{"taxonomy":"product_tag","embeddable":true,"href":"https:\/\/theuncommonshop.ch\/fr\/wp-json\/wp\/v2\/product_tag?post=306285"}],"curies":[{"name":"wp","href":"https:\/\/api.w.org\/{rel}","templated":true}]}}