{"id":305953,"date":"2026-03-01T19:22:29","date_gmt":"2026-03-01T18:22:29","guid":{"rendered":"http:\/\/theuncommonshop.ch\/produkt\/305953\/"},"modified":"2026-03-08T14:23:01","modified_gmt":"2026-03-08T13:23:01","slug":"bandai-banpresto-one-piece-world-collectable-figure-kamabakka-kingdom-blind-box-2","status":"publish","type":"product","link":"https:\/\/theuncommonshop.ch\/fr\/product\/bandai-banpresto-one-piece-world-collectable-figure-kamabakka-kingdom-blind-box-2\/","title":{"rendered":"Bandai &#8211; Banpresto &#8211; One Piece &#8211; World Collectable Figure  &#8211; Kamabakka Kingdom &#8211; Blind Box"},"content":{"rendered":"<p>Bandai Spirits Banpresto est fier d&#8217;annoncer sa derni\u00e8re sortie One Piece -Kamabakka Kingdom- ! D&#8217;une hauteur d&#8217;environ 7 cm, vous pouvez voir Sabo, Dragon, Ivankov et d&#8217;autres figurines dans leurs poses populaires. Collectionnez ces figurines et compl\u00e9tez votre collection avec d&#8217;autres incroyables figurines de la WCF !  <\/p>\n<p>World Collectable Figure est un tr\u00e9sor de la taille de la paume de la main que vous pouvez tenir dans votre main et exposer sur toutes sortes de petites surfaces.<\/p>\n<p>Caract\u00e9ristiques du produit<\/p>\n<p>Environ 7 cm de diam\u00e8tre<\/p>\n<p>En plastique<\/p>\n<p>Bas\u00e9 sur l&#8217;Anime One Piece<\/p>\n<p>Partie de la s\u00e9rie World Collectable Figure<\/p>\n<p><strong data-redactor-tag=\"strong\">Figure al\u00e9atoire<\/strong><\/p>\n<p>Les personnages possibles sont : Sabo, Dragon, Ivankov et Koala<\/p>\n","protected":false},"excerpt":{"rendered":"<p>Bandai Spirits Banpresto est fier d&#8217;annoncer sa derni\u00e8re sortie One Piece -Kamabakka Kingdom- ! D&#8217;une hauteur d&#8217;environ 7 cm, vous<\/p>\n","protected":false},"featured_media":301822,"comment_status":"open","ping_status":"closed","template":"","meta":{"_acf_changed":false},"product_brand":[5144],"product_cat":[9911,9913,9921],"product_tag":[],"class_list":{"0":"post-305953","1":"product","2":"type-product","3":"status-publish","4":"has-post-thumbnail","6":"product_brand-bandai","7":"product_cat-collectibles-fr","8":"product_cat-figurines-danime","9":"product_cat-figurines-one-piece","11":"first","12":"instock","13":"taxable","14":"shipping-taxable","15":"purchasable","16":"product-type-simple"},"acf":[],"yoast_head":"<!-- This site is optimized with the Yoast SEO plugin v27.4 - https:\/\/yoast.com\/product\/yoast-seo-wordpress\/ -->\n<title>Ach\u00e8te Bandai - Banpresto - One Piece - World Collectable Figure - Kamabakka Kingdom - Blind Box<\/title>\n<meta name=\"description\" content=\"Ach\u00e8te Bandai - Banpresto - One Piece - World Collectable Figure - Kamabakka Kingdom - Blind Box en ligne maintenant \u00e0 petit prix! Ton #1 shop pour cartes TCG &amp; Pok\u00e9mon en Suisse \u2713 Livraison gratuite d\u00e8s CHF 29\" \/>\n<meta name=\"robots\" content=\"index, follow, max-snippet:-1, max-image-preview:large, max-video-preview:-1\" \/>\n<link rel=\"canonical\" href=\"https:\/\/theuncommonshop.ch\/fr\/product\/bandai-banpresto-one-piece-world-collectable-figure-kamabakka-kingdom-blind-box-2\/\" \/>\n<meta property=\"og:locale\" content=\"fr_FR\" \/>\n<meta property=\"og:type\" content=\"article\" \/>\n<meta property=\"og:title\" content=\"Ach\u00e8te Bandai - Banpresto - One Piece - World Collectable Figure - Kamabakka Kingdom - Blind Box\" \/>\n<meta property=\"og:description\" content=\"Ach\u00e8te Bandai - Banpresto - One Piece - World Collectable Figure - Kamabakka Kingdom - Blind Box en ligne maintenant \u00e0 petit prix! Ton #1 shop pour cartes TCG &amp; Pok\u00e9mon en Suisse \u2713 Livraison gratuite d\u00e8s CHF 29\" \/>\n<meta property=\"og:url\" content=\"https:\/\/theuncommonshop.ch\/fr\/product\/bandai-banpresto-one-piece-world-collectable-figure-kamabakka-kingdom-blind-box-2\/\" \/>\n<meta property=\"og:site_name\" content=\"The Uncommon Shop\" \/>\n<meta property=\"article:modified_time\" content=\"2026-03-08T13:23:01+00:00\" \/>\n<meta property=\"og:image\" content=\"https:\/\/theuncommonshop.ch\/wp-content\/uploads\/2026\/03\/I1.jpg\" \/>\n\t<meta property=\"og:image:width\" content=\"1000\" \/>\n\t<meta property=\"og:image:height\" content=\"1000\" \/>\n\t<meta property=\"og:image:type\" content=\"image\/jpeg\" \/>\n<meta name=\"twitter:card\" content=\"summary_large_image\" \/>\n<meta name=\"twitter:label1\" content=\"Prix\" \/>\n\t<meta name=\"twitter:data1\" content=\"&#067;&#072;&#070;&nbsp;18.95\" \/>\n\t<meta name=\"twitter:label2\" content=\"Disponibilit\u00e9\" \/>\n\t<meta name=\"twitter:data2\" content=\"En stock\" \/>\n<script type=\"application\/ld+json\" class=\"yoast-schema-graph\">{\"@context\":\"https:\\\/\\\/schema.org\",\"@graph\":[{\"@type\":\"WebPage\",\"@id\":\"https:\\\/\\\/theuncommonshop.ch\\\/fr\\\/product\\\/bandai-banpresto-one-piece-world-collectable-figure-kamabakka-kingdom-blind-box-2\\\/\",\"url\":\"https:\\\/\\\/theuncommonshop.ch\\\/fr\\\/product\\\/bandai-banpresto-one-piece-world-collectable-figure-kamabakka-kingdom-blind-box-2\\\/\",\"name\":\"Ach\u00e8te Bandai - Banpresto - One Piece - World Collectable Figure - Kamabakka Kingdom - Blind Box\",\"isPartOf\":{\"@id\":\"https:\\\/\\\/theuncommonshop.ch\\\/fr\\\/#website\"},\"primaryImageOfPage\":{\"@id\":\"https:\\\/\\\/theuncommonshop.ch\\\/fr\\\/product\\\/bandai-banpresto-one-piece-world-collectable-figure-kamabakka-kingdom-blind-box-2\\\/#primaryimage\"},\"image\":{\"@id\":\"https:\\\/\\\/theuncommonshop.ch\\\/fr\\\/product\\\/bandai-banpresto-one-piece-world-collectable-figure-kamabakka-kingdom-blind-box-2\\\/#primaryimage\"},\"thumbnailUrl\":\"https:\\\/\\\/theuncommonshop.ch\\\/wp-content\\\/uploads\\\/2026\\\/03\\\/I1.jpg\",\"datePublished\":\"2026-03-01T18:22:29+00:00\",\"dateModified\":\"2026-03-08T13:23:01+00:00\",\"description\":\"Ach\u00e8te Bandai - Banpresto - One Piece - World Collectable Figure - Kamabakka Kingdom - Blind Box en ligne maintenant \u00e0 petit prix! Ton #1 shop pour cartes TCG & Pok\u00e9mon en Suisse \u2713 Livraison gratuite d\u00e8s CHF 29\",\"breadcrumb\":{\"@id\":\"https:\\\/\\\/theuncommonshop.ch\\\/fr\\\/product\\\/bandai-banpresto-one-piece-world-collectable-figure-kamabakka-kingdom-blind-box-2\\\/#breadcrumb\"},\"inLanguage\":\"fr-FR\",\"potentialAction\":[{\"@type\":\"ReadAction\",\"target\":[\"https:\\\/\\\/theuncommonshop.ch\\\/fr\\\/product\\\/bandai-banpresto-one-piece-world-collectable-figure-kamabakka-kingdom-blind-box-2\\\/\"]}]},{\"@type\":\"ImageObject\",\"inLanguage\":\"fr-FR\",\"@id\":\"https:\\\/\\\/theuncommonshop.ch\\\/fr\\\/product\\\/bandai-banpresto-one-piece-world-collectable-figure-kamabakka-kingdom-blind-box-2\\\/#primaryimage\",\"url\":\"https:\\\/\\\/theuncommonshop.ch\\\/wp-content\\\/uploads\\\/2026\\\/03\\\/I1.jpg\",\"contentUrl\":\"https:\\\/\\\/theuncommonshop.ch\\\/wp-content\\\/uploads\\\/2026\\\/03\\\/I1.jpg\",\"width\":1000,\"height\":1000},{\"@type\":\"BreadcrumbList\",\"@id\":\"https:\\\/\\\/theuncommonshop.ch\\\/fr\\\/product\\\/bandai-banpresto-one-piece-world-collectable-figure-kamabakka-kingdom-blind-box-2\\\/#breadcrumb\",\"itemListElement\":[{\"@type\":\"ListItem\",\"position\":1,\"name\":\"Accueil\",\"item\":\"https:\\\/\\\/theuncommonshop.ch\\\/fr\\\/accueil\\\/\"},{\"@type\":\"ListItem\",\"position\":2,\"name\":\"Boutique\",\"item\":\"https:\\\/\\\/theuncommonshop.ch\\\/fr\\\/boutique\\\/\"},{\"@type\":\"ListItem\",\"position\":3,\"name\":\"Collectibles\",\"item\":\"https:\\\/\\\/theuncommonshop.ch\\\/fr\\\/categorie-produit\\\/collectibles-fr\\\/\"},{\"@type\":\"ListItem\",\"position\":4,\"name\":\"Figurines d'anime\",\"item\":\"https:\\\/\\\/theuncommonshop.ch\\\/fr\\\/categorie-produit\\\/collectibles-fr\\\/figurines-danime\\\/\"},{\"@type\":\"ListItem\",\"position\":5,\"name\":\"Figurines One Piece\",\"item\":\"https:\\\/\\\/theuncommonshop.ch\\\/fr\\\/categorie-produit\\\/collectibles-fr\\\/figurines-danime\\\/figurines-one-piece\\\/\"},{\"@type\":\"ListItem\",\"position\":6,\"name\":\"Bandai &#8211; Banpresto &#8211; One Piece &#8211; World Collectable Figure &#8211; Kamabakka Kingdom &#8211; Blind Box\"}]},{\"@type\":\"WebSite\",\"@id\":\"https:\\\/\\\/theuncommonshop.ch\\\/fr\\\/#website\",\"url\":\"https:\\\/\\\/theuncommonshop.ch\\\/fr\\\/\",\"name\":\"The Uncommon Shop\",\"description\":\"Magic, Pok\u00e9mon and Yu-gi-oh - The Uncommon Shop\",\"potentialAction\":[{\"@type\":\"SearchAction\",\"target\":{\"@type\":\"EntryPoint\",\"urlTemplate\":\"https:\\\/\\\/theuncommonshop.ch\\\/fr\\\/?s={search_term_string}\"},\"query-input\":{\"@type\":\"PropertyValueSpecification\",\"valueRequired\":true,\"valueName\":\"search_term_string\"}}],\"inLanguage\":\"fr-FR\"}]}<\/script>\n<meta property=\"product:price:amount\" content=\"18.95\" \/>\n<meta property=\"product:price:currency\" content=\"CHF\" \/>\n<meta property=\"og:availability\" content=\"instock\" \/>\n<meta property=\"product:availability\" content=\"instock\" \/>\n<meta property=\"product:retailer_item_id\" content=\"66730\" \/>\n<meta property=\"product:condition\" content=\"new\" \/>\n<!-- \/ Yoast SEO plugin. -->","yoast_head_json":{"title":"Ach\u00e8te Bandai - Banpresto - One Piece - World Collectable Figure - Kamabakka Kingdom - Blind Box","description":"Ach\u00e8te Bandai - Banpresto - One Piece - World Collectable Figure - Kamabakka Kingdom - Blind Box en ligne maintenant \u00e0 petit prix! Ton #1 shop pour cartes TCG & Pok\u00e9mon en Suisse \u2713 Livraison gratuite d\u00e8s CHF 29","robots":{"index":"index","follow":"follow","max-snippet":"max-snippet:-1","max-image-preview":"max-image-preview:large","max-video-preview":"max-video-preview:-1"},"canonical":"https:\/\/theuncommonshop.ch\/fr\/product\/bandai-banpresto-one-piece-world-collectable-figure-kamabakka-kingdom-blind-box-2\/","og_locale":"fr_FR","og_type":"article","og_title":"Ach\u00e8te Bandai - Banpresto - One Piece - World Collectable Figure - Kamabakka Kingdom - Blind Box","og_description":"Ach\u00e8te Bandai - Banpresto - One Piece - World Collectable Figure - Kamabakka Kingdom - Blind Box en ligne maintenant \u00e0 petit prix! Ton #1 shop pour cartes TCG & Pok\u00e9mon en Suisse \u2713 Livraison gratuite d\u00e8s CHF 29","og_url":"https:\/\/theuncommonshop.ch\/fr\/product\/bandai-banpresto-one-piece-world-collectable-figure-kamabakka-kingdom-blind-box-2\/","og_site_name":"The Uncommon Shop","article_modified_time":"2026-03-08T13:23:01+00:00","og_image":[{"width":1000,"height":1000,"url":"https:\/\/theuncommonshop.ch\/wp-content\/uploads\/2026\/03\/I1.jpg","type":"image\/jpeg"}],"twitter_card":"summary_large_image","twitter_misc":{"Prix":"&#67;&#72;&#70;&nbsp;18.95","Disponibilit\u00e9":"En stock"},"schema":{"@context":"https:\/\/schema.org","@graph":[{"@type":"WebPage","@id":"https:\/\/theuncommonshop.ch\/fr\/product\/bandai-banpresto-one-piece-world-collectable-figure-kamabakka-kingdom-blind-box-2\/","url":"https:\/\/theuncommonshop.ch\/fr\/product\/bandai-banpresto-one-piece-world-collectable-figure-kamabakka-kingdom-blind-box-2\/","name":"Ach\u00e8te Bandai - Banpresto - One Piece - World Collectable Figure - Kamabakka Kingdom - Blind Box","isPartOf":{"@id":"https:\/\/theuncommonshop.ch\/fr\/#website"},"primaryImageOfPage":{"@id":"https:\/\/theuncommonshop.ch\/fr\/product\/bandai-banpresto-one-piece-world-collectable-figure-kamabakka-kingdom-blind-box-2\/#primaryimage"},"image":{"@id":"https:\/\/theuncommonshop.ch\/fr\/product\/bandai-banpresto-one-piece-world-collectable-figure-kamabakka-kingdom-blind-box-2\/#primaryimage"},"thumbnailUrl":"https:\/\/theuncommonshop.ch\/wp-content\/uploads\/2026\/03\/I1.jpg","datePublished":"2026-03-01T18:22:29+00:00","dateModified":"2026-03-08T13:23:01+00:00","description":"Ach\u00e8te Bandai - Banpresto - One Piece - World Collectable Figure - Kamabakka Kingdom - Blind Box en ligne maintenant \u00e0 petit prix! Ton #1 shop pour cartes TCG & Pok\u00e9mon en Suisse \u2713 Livraison gratuite d\u00e8s CHF 29","breadcrumb":{"@id":"https:\/\/theuncommonshop.ch\/fr\/product\/bandai-banpresto-one-piece-world-collectable-figure-kamabakka-kingdom-blind-box-2\/#breadcrumb"},"inLanguage":"fr-FR","potentialAction":[{"@type":"ReadAction","target":["https:\/\/theuncommonshop.ch\/fr\/product\/bandai-banpresto-one-piece-world-collectable-figure-kamabakka-kingdom-blind-box-2\/"]}]},{"@type":"ImageObject","inLanguage":"fr-FR","@id":"https:\/\/theuncommonshop.ch\/fr\/product\/bandai-banpresto-one-piece-world-collectable-figure-kamabakka-kingdom-blind-box-2\/#primaryimage","url":"https:\/\/theuncommonshop.ch\/wp-content\/uploads\/2026\/03\/I1.jpg","contentUrl":"https:\/\/theuncommonshop.ch\/wp-content\/uploads\/2026\/03\/I1.jpg","width":1000,"height":1000},{"@type":"BreadcrumbList","@id":"https:\/\/theuncommonshop.ch\/fr\/product\/bandai-banpresto-one-piece-world-collectable-figure-kamabakka-kingdom-blind-box-2\/#breadcrumb","itemListElement":[{"@type":"ListItem","position":1,"name":"Accueil","item":"https:\/\/theuncommonshop.ch\/fr\/accueil\/"},{"@type":"ListItem","position":2,"name":"Boutique","item":"https:\/\/theuncommonshop.ch\/fr\/boutique\/"},{"@type":"ListItem","position":3,"name":"Collectibles","item":"https:\/\/theuncommonshop.ch\/fr\/categorie-produit\/collectibles-fr\/"},{"@type":"ListItem","position":4,"name":"Figurines d'anime","item":"https:\/\/theuncommonshop.ch\/fr\/categorie-produit\/collectibles-fr\/figurines-danime\/"},{"@type":"ListItem","position":5,"name":"Figurines One Piece","item":"https:\/\/theuncommonshop.ch\/fr\/categorie-produit\/collectibles-fr\/figurines-danime\/figurines-one-piece\/"},{"@type":"ListItem","position":6,"name":"Bandai &#8211; Banpresto &#8211; One Piece &#8211; World Collectable Figure &#8211; Kamabakka Kingdom &#8211; Blind Box"}]},{"@type":"WebSite","@id":"https:\/\/theuncommonshop.ch\/fr\/#website","url":"https:\/\/theuncommonshop.ch\/fr\/","name":"The Uncommon Shop","description":"Magic, Pok\u00e9mon and Yu-gi-oh - The Uncommon Shop","potentialAction":[{"@type":"SearchAction","target":{"@type":"EntryPoint","urlTemplate":"https:\/\/theuncommonshop.ch\/fr\/?s={search_term_string}"},"query-input":{"@type":"PropertyValueSpecification","valueRequired":true,"valueName":"search_term_string"}}],"inLanguage":"fr-FR"}]},"product_price_amount":"18.95","product_price_currency":"CHF","og_availability":"instock","product_availability":"instock","product_retailer_item_id":"66730","product_condition":"new"},"_links":{"self":[{"href":"https:\/\/theuncommonshop.ch\/fr\/wp-json\/wp\/v2\/product\/305953","targetHints":{"allow":["GET"]}}],"collection":[{"href":"https:\/\/theuncommonshop.ch\/fr\/wp-json\/wp\/v2\/product"}],"about":[{"href":"https:\/\/theuncommonshop.ch\/fr\/wp-json\/wp\/v2\/types\/product"}],"replies":[{"embeddable":true,"href":"https:\/\/theuncommonshop.ch\/fr\/wp-json\/wp\/v2\/comments?post=305953"}],"version-history":[{"count":0,"href":"https:\/\/theuncommonshop.ch\/fr\/wp-json\/wp\/v2\/product\/305953\/revisions"}],"wp:featuredmedia":[{"embeddable":true,"href":"https:\/\/theuncommonshop.ch\/fr\/wp-json\/wp\/v2\/media\/301822"}],"wp:attachment":[{"href":"https:\/\/theuncommonshop.ch\/fr\/wp-json\/wp\/v2\/media?parent=305953"}],"wp:term":[{"taxonomy":"product_brand","embeddable":true,"href":"https:\/\/theuncommonshop.ch\/fr\/wp-json\/wp\/v2\/product_brand?post=305953"},{"taxonomy":"product_cat","embeddable":true,"href":"https:\/\/theuncommonshop.ch\/fr\/wp-json\/wp\/v2\/product_cat?post=305953"},{"taxonomy":"product_tag","embeddable":true,"href":"https:\/\/theuncommonshop.ch\/fr\/wp-json\/wp\/v2\/product_tag?post=305953"}],"curies":[{"name":"wp","href":"https:\/\/api.w.org\/{rel}","templated":true}]}}